{"id":3331,"date":"2020-02-16T13:04:47","date_gmt":"2020-02-16T12:04:47","guid":{"rendered":"https:\/\/litteraturbanken.se\/ljudochbild\/?page_id=3331"},"modified":"2024-09-16T15:18:35","modified_gmt":"2024-09-16T13:18:35","slug":"elkans","status":"publish","type":"page","link":"https:\/\/litteraturbanken.se\/ljudochbild\/forfattare\/elkans\/","title":{"rendered":"Sophie Elkan (1853\u20131921)"},"content":{"rendered":"<div class=\"wp-block-image\">\n<figure class=\"alignright size-medium\"><img loading=\"lazy\" decoding=\"async\" width=\"188\" height=\"300\" src=\"https:\/\/litteraturbanken.se\/ljudochbild\/wp-content\/uploads\/2020\/02\/ElkanS_large-188x300.jpeg\" alt=\"\" class=\"wp-image-3332\" srcset=\"https:\/\/litteraturbanken.se\/ljudochbild\/wp-content\/uploads\/2020\/02\/ElkanS_large-188x300.jpeg 188w, https:\/\/litteraturbanken.se\/ljudochbild\/wp-content\/uploads\/2020\/02\/ElkanS_large.jpeg 345w\" sizes=\"auto, (max-width: 188px) 100vw, 188px\" \/><\/figure>\n<\/div>\n\n\n<p>\u201dSOPHIE ELKAN (1853\u20131921) drevs, genom sv\u00e5ra sorger och pr\u00f6vningar, av en stark och orubblig vilja att \u00f6vervinna alla ledsamheter och all sm\u00e4rta. Efter att vid jultiden 1879 ha f\u00f6rlorat sin make och sin dotter skapade hon sig ett nytt liv d\u00e4r litteraturen kom att spela en huvudroll. Hon debuterade med novellsamlingen\u00a0<em>Dur och moll<\/em>\u00a0(1889) som raskt f\u00f6ljdes av ytterligare noveller och ett par romaner; alla under signaturen Rust Roest (ett flaml\u00e4ndskt ordspr\u00e5k med betydelsen \u201dD\u00e5dl\u00f6s vila rostar\u201d). Hennes mest betydande verk \u00e4r de, under eget namn utgivna, historiska romanerna\u00a0<a href=\"\/forfattare\/ElkanS\/titlar\/JohnHall\/info\/etext\"><em>John Hall. En historia fr\u00e5n det gamla G\u00f6theborg<\/em><\/a>\u00a0(1899),\u00a0<em>Konungen. En sannsaga<\/em>\u00a0(2 band, 1904) och\u00a0<a href=\"\/forfattare\/ElkanS\/titlar\/Anckarstrom1\/info\/etext\"><em>Anckarstr\u00f6m. En historia fr\u00e5n idyllens och revolutionernas tidehvarf<\/em><\/a>\u00a0(2 band, 1910).\u201d<\/p>\n\n\n\n<p>Stycket ovanf\u00f6r kommer ur Lotta Lotass introduktion om Sophie Elkan hos Litteraturbanken.<\/p>\n\n\n\n<div class=\"wp-block-buttons is-layout-flex wp-block-buttons-is-layout-flex\">\n<div class=\"wp-block-button has-custom-font-size read-more-button\" style=\"font-size:14px\"><a class=\"wp-block-button__link has-white-color has-text-color has-background wp-element-button\" href=\"https:\/\/litteraturbanken.se\/f%C3%B6rfattare\/ElkanS\" style=\"border-radius:0px;background-color:#cd2400\" target=\"_blank\" rel=\"noopener\"><strong>L\u00c4S MER OM SOPHIE ELKAN <\/strong><\/a><\/div>\n\n\n\n<div class=\"wp-block-button has-custom-font-size read-more-button\" style=\"font-size:14px\"><a class=\"wp-block-button__link has-white-color has-text-color has-background wp-element-button\" href=\"https:\/\/litteraturbanken.se\/f\u00f6rfattare\/ElkanS\/titlar\" style=\"border-radius:0px;background-color:#cd2400\" target=\"_blank\" rel=\"noopener\"><strong>L\u00c4S SOPHIE ELKANS VERK HOS LB.SE<\/strong><\/a><\/div>\n<\/div>\n\n\n\n<div style=\"height:20px\" aria-hidden=\"true\" class=\"wp-block-spacer\"><\/div>\n\n\n\n<div class=\"wp-playlist wp-audio-playlist wp-playlist-light\">\n\t\t\t<div class=\"wp-playlist-current-item\"><\/div>\n\t\t<audio controls=\"controls\" preload=\"none\" width=\"618\"\n\t\t\t><\/audio>\n\t<div class=\"wp-playlist-next\"><\/div>\n\t<div class=\"wp-playlist-prev\"><\/div>\n\t<noscript>\n\t<ol>\n\t\t<li><a href='https:\/\/litteraturbanken.se\/ljudochbild\/wp-content\/uploads\/2020\/02\/elkan_stallutarmeniern_elam.mp3'>St\u00e4ll ut armeniern<\/a><\/li>\t<\/ol>\n\t<\/noscript>\n\t<script type=\"application\/json\" class=\"wp-playlist-script\">{\"type\":\"audio\",\"tracklist\":true,\"tracknumbers\":true,\"images\":true,\"artists\":true,\"tracks\":[{\"src\":\"https:\/\/litteraturbanken.se\/ljudochbild\/wp-content\/uploads\/2020\/02\/elkan_stallutarmeniern_elam.mp3\",\"type\":\"audio\/mpeg\",\"title\":\"St\\u00e4ll ut armeniern\",\"caption\":\"\",\"description\":\"\\\"St\\u00e4ll ut armeniern\\\" fr\\u00e5n Ingrid Elam l\\u00e4ser svenska noveller av Elkan, Sophie. Sl\\u00e4ppt: 2020. Sp\\u00e5r 6.\",\"meta\":{\"artist\":\"Ingrid Elam l\\u00e4ser Sophie Elkan\",\"album\":\"Sophie Elkan\",\"year\":\"2020\",\"length_formatted\":\"34:30\"},\"image\":{\"src\":\"https:\/\/litteraturbanken.se\/ljudochbild\/wp-content\/uploads\/2019\/09\/wide_gub_wide-mp3-image.png\",\"width\":580,\"height\":612},\"thumb\":{\"src\":\"https:\/\/litteraturbanken.se\/ljudochbild\/wp-content\/uploads\/2019\/09\/wide_gub_wide-mp3-image-150x150.png\",\"width\":150,\"height\":150}}]}<\/script>\n<\/div>\n\t\n\n\n<h3 class=\"wp-block-heading author-related-title\">L\u00e4s mer<\/h3>\r\n<div class=\"display-posts-listing grid\"><div class=\"listing-item\"><a class=\"image\" href=\"https:\/\/litteraturbanken.se\/ljudochbild\/2019\/09\/22\/poetiska-konjunkturer\/\"><img loading=\"lazy\" decoding=\"async\" width=\"640\" height=\"960\" src=\"https:\/\/litteraturbanken.se\/ljudochbild\/wp-content\/uploads\/2019\/09\/spel_12.jpg\" class=\"attachment-large size-large wp-post-image\" alt=\"\" srcset=\"https:\/\/litteraturbanken.se\/ljudochbild\/wp-content\/uploads\/2019\/09\/spel_12.jpg 652w, https:\/\/litteraturbanken.se\/ljudochbild\/wp-content\/uploads\/2019\/09\/spel_12-200x300.jpg 200w, https:\/\/litteraturbanken.se\/ljudochbild\/wp-content\/uploads\/2019\/09\/spel_12-480x720.jpg 480w\" sizes=\"auto, (max-width: 640px) 100vw, 640px\" \/><\/a> <a class=\"title\" href=\"https:\/\/litteraturbanken.se\/ljudochbild\/2019\/09\/22\/poetiska-konjunkturer\/\">Poetiska konjunkturer<\/a><\/div><div class=\"listing-item\"><a class=\"image\" href=\"https:\/\/litteraturbanken.se\/ljudochbild\/2023\/11\/14\/fotografen-jonason\/\"><img loading=\"lazy\" decoding=\"async\" width=\"628\" height=\"1024\" src=\"https:\/\/litteraturbanken.se\/ljudochbild\/wp-content\/uploads\/2023\/11\/aron_jonason-628x1024.jpg\" class=\"attachment-large size-large wp-post-image\" alt=\"Aron Jonason\" srcset=\"https:\/\/litteraturbanken.se\/ljudochbild\/wp-content\/uploads\/2023\/11\/aron_jonason-628x1024.jpg 628w, https:\/\/litteraturbanken.se\/ljudochbild\/wp-content\/uploads\/2023\/11\/aron_jonason-184x300.jpg 184w, https:\/\/litteraturbanken.se\/ljudochbild\/wp-content\/uploads\/2023\/11\/aron_jonason-768x1253.jpg 768w, https:\/\/litteraturbanken.se\/ljudochbild\/wp-content\/uploads\/2023\/11\/aron_jonason-941x1536.jpg 941w, https:\/\/litteraturbanken.se\/ljudochbild\/wp-content\/uploads\/2023\/11\/aron_jonason-480x783.jpg 480w, https:\/\/litteraturbanken.se\/ljudochbild\/wp-content\/uploads\/2023\/11\/aron_jonason.jpg 1200w\" sizes=\"auto, (max-width: 628px) 100vw, 628px\" \/><\/a> <a class=\"title\" href=\"https:\/\/litteraturbanken.se\/ljudochbild\/2023\/11\/14\/fotografen-jonason\/\">Fotografen Jonason<\/a><\/div><div class=\"listing-item\"><a class=\"image\" href=\"https:\/\/litteraturbanken.se\/ljudochbild\/2020\/02\/20\/tretton-noveller\/\"><img loading=\"lazy\" decoding=\"async\" width=\"640\" height=\"854\" src=\"https:\/\/litteraturbanken.se\/ljudochbild\/wp-content\/uploads\/2020\/02\/novellantologi-767x1024.jpg\" class=\"attachment-large size-large wp-post-image\" alt=\"\" srcset=\"https:\/\/litteraturbanken.se\/ljudochbild\/wp-content\/uploads\/2020\/02\/novellantologi-767x1024.jpg 767w, https:\/\/litteraturbanken.se\/ljudochbild\/wp-content\/uploads\/2020\/02\/novellantologi-225x300.jpg 225w, https:\/\/litteraturbanken.se\/ljudochbild\/wp-content\/uploads\/2020\/02\/novellantologi-768x1026.jpg 768w, https:\/\/litteraturbanken.se\/ljudochbild\/wp-content\/uploads\/2020\/02\/novellantologi-480x641.jpg 480w, https:\/\/litteraturbanken.se\/ljudochbild\/wp-content\/uploads\/2020\/02\/novellantologi.jpg 900w\" sizes=\"auto, (max-width: 640px) 100vw, 640px\" \/><\/a> <a class=\"title\" href=\"https:\/\/litteraturbanken.se\/ljudochbild\/2020\/02\/20\/tretton-noveller\/\">Tretton noveller<\/a><\/div><\/div>\r\n\r\n\n","protected":false},"excerpt":{"rendered":"<p>\u201dSOPHIE ELKAN (1853\u20131921) drevs, genom sv\u00e5ra sorger och pr\u00f6vningar, av en stark och orubblig vilja att \u00f6vervinna alla ledsamheter och all sm\u00e4rta. Efter att vid jultiden 1879 ha f\u00f6rlorat sin make och sin dotter skapade hon sig ett [&hellip;]<\/p>\n","protected":false},"author":1,"featured_media":3332,"parent":7,"menu_order":0,"comment_status":"closed","ping_status":"closed","template":"","meta":{"footnotes":""},"class_list":["post-3331","page","type-page","status-publish","has-post-thumbnail","hentry"],"yoast_head":"<!-- This site is optimized with the Yoast SEO plugin v27.1.1 - https:\/\/yoast.com\/product\/yoast-seo-wordpress\/ -->\n<title>Sophie Elkan (1853\u20131921) - Ljud &amp; Bild<\/title>\n<meta name=\"robots\" content=\"index, follow, max-snippet:-1, max-image-preview:large, max-video-preview:-1\" \/>\n<link rel=\"canonical\" href=\"https:\/\/litteraturbanken.se\/ljudochbild\/forfattare\/elkans\/\" \/>\n<meta property=\"og:locale\" content=\"sv_SE\" \/>\n<meta property=\"og:type\" content=\"article\" \/>\n<meta property=\"og:title\" content=\"Sophie Elkan (1853\u20131921) - Ljud &amp; Bild\" \/>\n<meta property=\"og:description\" content=\"\u201dSOPHIE ELKAN (1853\u20131921) drevs, genom sv\u00e5ra sorger och pr\u00f6vningar, av en stark och orubblig vilja att \u00f6vervinna alla ledsamheter och all sm\u00e4rta. Efter att vid jultiden 1879 ha f\u00f6rlorat sin make och sin dotter skapade hon sig ett [&hellip;]\" \/>\n<meta property=\"og:url\" content=\"https:\/\/litteraturbanken.se\/ljudochbild\/forfattare\/elkans\/\" \/>\n<meta property=\"og:site_name\" content=\"Ljud &amp; Bild\" \/>\n<meta property=\"article:publisher\" content=\"https:\/\/www.facebook.com\/Litteraturbanken.se\" \/>\n<meta property=\"article:modified_time\" content=\"2024-09-16T13:18:35+00:00\" \/>\n<meta property=\"og:image\" content=\"https:\/\/litteraturbanken.se\/ljudochbild\/wp-content\/uploads\/2020\/02\/ElkanS_large.jpeg\" \/>\n\t<meta property=\"og:image:width\" content=\"345\" \/>\n\t<meta property=\"og:image:height\" content=\"550\" \/>\n\t<meta property=\"og:image:type\" content=\"image\/jpeg\" \/>\n<meta name=\"twitter:card\" content=\"summary_large_image\" \/>\n<meta name=\"twitter:site\" content=\"@litteraturbank\" \/>\n<meta name=\"twitter:label1\" content=\"Ber\u00e4knad l\u00e4stid\" \/>\n\t<meta name=\"twitter:data1\" content=\"2 minuter\" \/>\n<script type=\"application\/ld+json\" class=\"yoast-schema-graph\">{\"@context\":\"https:\/\/schema.org\",\"@graph\":[{\"@type\":\"WebPage\",\"@id\":\"https:\/\/litteraturbanken.se\/ljudochbild\/forfattare\/elkans\/\",\"url\":\"https:\/\/litteraturbanken.se\/ljudochbild\/forfattare\/elkans\/\",\"name\":\"Sophie Elkan (1853\u20131921) - Ljud &amp; Bild\",\"isPartOf\":{\"@id\":\"https:\/\/litteraturbanken.se\/ljudochbild\/#website\"},\"primaryImageOfPage\":{\"@id\":\"https:\/\/litteraturbanken.se\/ljudochbild\/forfattare\/elkans\/#primaryimage\"},\"image\":{\"@id\":\"https:\/\/litteraturbanken.se\/ljudochbild\/forfattare\/elkans\/#primaryimage\"},\"thumbnailUrl\":\"https:\/\/litteraturbanken.se\/ljudochbild\/wp-content\/uploads\/2020\/02\/ElkanS_large.jpeg\",\"datePublished\":\"2020-02-16T12:04:47+00:00\",\"dateModified\":\"2024-09-16T13:18:35+00:00\",\"breadcrumb\":{\"@id\":\"https:\/\/litteraturbanken.se\/ljudochbild\/forfattare\/elkans\/#breadcrumb\"},\"inLanguage\":\"sv-SE\",\"potentialAction\":[{\"@type\":\"ReadAction\",\"target\":[\"https:\/\/litteraturbanken.se\/ljudochbild\/forfattare\/elkans\/\"]}]},{\"@type\":\"ImageObject\",\"inLanguage\":\"sv-SE\",\"@id\":\"https:\/\/litteraturbanken.se\/ljudochbild\/forfattare\/elkans\/#primaryimage\",\"url\":\"https:\/\/litteraturbanken.se\/ljudochbild\/wp-content\/uploads\/2020\/02\/ElkanS_large.jpeg\",\"contentUrl\":\"https:\/\/litteraturbanken.se\/ljudochbild\/wp-content\/uploads\/2020\/02\/ElkanS_large.jpeg\",\"width\":345,\"height\":550,\"caption\":\"Sophie Salomon (Elkan) Portr\u008attet taget av Fotograf Wald. Dahll\u009af Hyllsignum KoB Portr\u008att Fa 4 Salomon, Sophie\"},{\"@type\":\"BreadcrumbList\",\"@id\":\"https:\/\/litteraturbanken.se\/ljudochbild\/forfattare\/elkans\/#breadcrumb\",\"itemListElement\":[{\"@type\":\"ListItem\",\"position\":1,\"name\":\"Hem\",\"item\":\"https:\/\/litteraturbanken.se\/ljudochbild\/\"},{\"@type\":\"ListItem\",\"position\":2,\"name\":\"F\u00f6rfattare\",\"item\":\"https:\/\/litteraturbanken.se\/ljudochbild\/forfattare\/\"},{\"@type\":\"ListItem\",\"position\":3,\"name\":\"Sophie Elkan (1853\u20131921)\"}]},{\"@type\":\"WebSite\",\"@id\":\"https:\/\/litteraturbanken.se\/ljudochbild\/#website\",\"url\":\"https:\/\/litteraturbanken.se\/ljudochbild\/\",\"name\":\"Ljud & Bild\",\"description\":\"Ur Litteraturbankens samlingar\",\"potentialAction\":[{\"@type\":\"SearchAction\",\"target\":{\"@type\":\"EntryPoint\",\"urlTemplate\":\"https:\/\/litteraturbanken.se\/ljudochbild\/?s={search_term_string}\"},\"query-input\":{\"@type\":\"PropertyValueSpecification\",\"valueRequired\":true,\"valueName\":\"search_term_string\"}}],\"inLanguage\":\"sv-SE\"}]}<\/script>\n<!-- \/ Yoast SEO plugin. -->","yoast_head_json":{"title":"Sophie Elkan (1853\u20131921) - Ljud &amp; Bild","robots":{"index":"index","follow":"follow","max-snippet":"max-snippet:-1","max-image-preview":"max-image-preview:large","max-video-preview":"max-video-preview:-1"},"canonical":"https:\/\/litteraturbanken.se\/ljudochbild\/forfattare\/elkans\/","og_locale":"sv_SE","og_type":"article","og_title":"Sophie Elkan (1853\u20131921) - Ljud &amp; Bild","og_description":"\u201dSOPHIE ELKAN (1853\u20131921) drevs, genom sv\u00e5ra sorger och pr\u00f6vningar, av en stark och orubblig vilja att \u00f6vervinna alla ledsamheter och all sm\u00e4rta. Efter att vid jultiden 1879 ha f\u00f6rlorat sin make och sin dotter skapade hon sig ett [&hellip;]","og_url":"https:\/\/litteraturbanken.se\/ljudochbild\/forfattare\/elkans\/","og_site_name":"Ljud &amp; Bild","article_publisher":"https:\/\/www.facebook.com\/Litteraturbanken.se","article_modified_time":"2024-09-16T13:18:35+00:00","og_image":[{"width":345,"height":550,"url":"https:\/\/litteraturbanken.se\/ljudochbild\/wp-content\/uploads\/2020\/02\/ElkanS_large.jpeg","type":"image\/jpeg"}],"twitter_card":"summary_large_image","twitter_site":"@litteraturbank","twitter_misc":{"Ber\u00e4knad l\u00e4stid":"2 minuter"},"schema":{"@context":"https:\/\/schema.org","@graph":[{"@type":"WebPage","@id":"https:\/\/litteraturbanken.se\/ljudochbild\/forfattare\/elkans\/","url":"https:\/\/litteraturbanken.se\/ljudochbild\/forfattare\/elkans\/","name":"Sophie Elkan (1853\u20131921) - Ljud &amp; Bild","isPartOf":{"@id":"https:\/\/litteraturbanken.se\/ljudochbild\/#website"},"primaryImageOfPage":{"@id":"https:\/\/litteraturbanken.se\/ljudochbild\/forfattare\/elkans\/#primaryimage"},"image":{"@id":"https:\/\/litteraturbanken.se\/ljudochbild\/forfattare\/elkans\/#primaryimage"},"thumbnailUrl":"https:\/\/litteraturbanken.se\/ljudochbild\/wp-content\/uploads\/2020\/02\/ElkanS_large.jpeg","datePublished":"2020-02-16T12:04:47+00:00","dateModified":"2024-09-16T13:18:35+00:00","breadcrumb":{"@id":"https:\/\/litteraturbanken.se\/ljudochbild\/forfattare\/elkans\/#breadcrumb"},"inLanguage":"sv-SE","potentialAction":[{"@type":"ReadAction","target":["https:\/\/litteraturbanken.se\/ljudochbild\/forfattare\/elkans\/"]}]},{"@type":"ImageObject","inLanguage":"sv-SE","@id":"https:\/\/litteraturbanken.se\/ljudochbild\/forfattare\/elkans\/#primaryimage","url":"https:\/\/litteraturbanken.se\/ljudochbild\/wp-content\/uploads\/2020\/02\/ElkanS_large.jpeg","contentUrl":"https:\/\/litteraturbanken.se\/ljudochbild\/wp-content\/uploads\/2020\/02\/ElkanS_large.jpeg","width":345,"height":550,"caption":"Sophie Salomon (Elkan) Portr\u008attet taget av Fotograf Wald. Dahll\u009af Hyllsignum KoB Portr\u008att Fa 4 Salomon, Sophie"},{"@type":"BreadcrumbList","@id":"https:\/\/litteraturbanken.se\/ljudochbild\/forfattare\/elkans\/#breadcrumb","itemListElement":[{"@type":"ListItem","position":1,"name":"Hem","item":"https:\/\/litteraturbanken.se\/ljudochbild\/"},{"@type":"ListItem","position":2,"name":"F\u00f6rfattare","item":"https:\/\/litteraturbanken.se\/ljudochbild\/forfattare\/"},{"@type":"ListItem","position":3,"name":"Sophie Elkan (1853\u20131921)"}]},{"@type":"WebSite","@id":"https:\/\/litteraturbanken.se\/ljudochbild\/#website","url":"https:\/\/litteraturbanken.se\/ljudochbild\/","name":"Ljud & Bild","description":"Ur Litteraturbankens samlingar","potentialAction":[{"@type":"SearchAction","target":{"@type":"EntryPoint","urlTemplate":"https:\/\/litteraturbanken.se\/ljudochbild\/?s={search_term_string}"},"query-input":{"@type":"PropertyValueSpecification","valueRequired":true,"valueName":"search_term_string"}}],"inLanguage":"sv-SE"}]}},"_links":{"self":[{"href":"https:\/\/litteraturbanken.se\/ljudochbild\/wp-json\/wp\/v2\/pages\/3331","targetHints":{"allow":["GET"]}}],"collection":[{"href":"https:\/\/litteraturbanken.se\/ljudochbild\/wp-json\/wp\/v2\/pages"}],"about":[{"href":"https:\/\/litteraturbanken.se\/ljudochbild\/wp-json\/wp\/v2\/types\/page"}],"author":[{"embeddable":true,"href":"https:\/\/litteraturbanken.se\/ljudochbild\/wp-json\/wp\/v2\/users\/1"}],"replies":[{"embeddable":true,"href":"https:\/\/litteraturbanken.se\/ljudochbild\/wp-json\/wp\/v2\/comments?post=3331"}],"version-history":[{"count":5,"href":"https:\/\/litteraturbanken.se\/ljudochbild\/wp-json\/wp\/v2\/pages\/3331\/revisions"}],"predecessor-version":[{"id":12081,"href":"https:\/\/litteraturbanken.se\/ljudochbild\/wp-json\/wp\/v2\/pages\/3331\/revisions\/12081"}],"up":[{"embeddable":true,"href":"https:\/\/litteraturbanken.se\/ljudochbild\/wp-json\/wp\/v2\/pages\/7"}],"wp:featuredmedia":[{"embeddable":true,"href":"https:\/\/litteraturbanken.se\/ljudochbild\/wp-json\/wp\/v2\/media\/3332"}],"wp:attachment":[{"href":"https:\/\/litteraturbanken.se\/ljudochbild\/wp-json\/wp\/v2\/media?parent=3331"}],"curies":[{"name":"wp","href":"https:\/\/api.w.org\/{rel}","templated":true}]}}