{"id":3335,"date":"2020-02-16T13:11:02","date_gmt":"2020-02-16T12:11:02","guid":{"rendered":"https:\/\/litteraturbanken.se\/ljudochbild\/?page_id=3335"},"modified":"2024-09-16T14:27:09","modified_gmt":"2024-09-16T12:27:09","slug":"angeredstrandbergh","status":"publish","type":"page","link":"https:\/\/litteraturbanken.se\/ljudochbild\/forfattare\/angeredstrandbergh\/","title":{"rendered":"Hilma Angered-Strandberg (1855\u20131927)"},"content":{"rendered":"<div class=\"wp-block-image\">\n<figure class=\"alignright size-medium\"><img loading=\"lazy\" decoding=\"async\" width=\"201\" height=\"300\" src=\"https:\/\/litteraturbanken.se\/ljudochbild\/wp-content\/uploads\/2020\/02\/angered-201x300.jpg\" alt=\"\" class=\"wp-image-3336\" srcset=\"https:\/\/litteraturbanken.se\/ljudochbild\/wp-content\/uploads\/2020\/02\/angered-201x300.jpg 201w, https:\/\/litteraturbanken.se\/ljudochbild\/wp-content\/uploads\/2020\/02\/angered-687x1024.jpg 687w, https:\/\/litteraturbanken.se\/ljudochbild\/wp-content\/uploads\/2020\/02\/angered-768x1144.jpg 768w, https:\/\/litteraturbanken.se\/ljudochbild\/wp-content\/uploads\/2020\/02\/angered-480x715.jpg 480w, https:\/\/litteraturbanken.se\/ljudochbild\/wp-content\/uploads\/2020\/02\/angered.jpg 968w\" sizes=\"auto, (max-width: 201px) 100vw, 201px\" \/><\/figure>\n<\/div>\n\n\n<p>\u201dHILMA ANGERED-STRANDBERG (1855\u20131927) inledde sin f\u00f6rfattarbana med en rad romantiska ber\u00e4ttelser publicerade i\u00a0<em>G\u00f6teborgs Handels- och Sj\u00f6farts-Tidning<\/em> och av\u00a0<a href=\"\/forfattare\/RydbergV\">Viktor Rydberg<\/a>\u00a0avf\u00e4rdade som \u201dgymnasistpoesi\u201d. Under arbete som telegrafist i Fj\u00e4llbacka kom Angered-Strandberg att samla stoff till sin f\u00f6rsta mer helgjutna, realistiska novell\u00a0<a href=\"\/forfattare\/KerfstedtA\/titlar\/Synd\/sida\/207\/etext\">\u201dNit\u00e4lskan\u201d<\/a>, vars kritiska portr\u00e4tt av en schartauansk pr\u00e4st hade verklighetsbakgrund. Lokalbefolkningen ans\u00e5g sig skandaliserad och f\u00f6rtalad och Angered-Strandberg tvingades l\u00e4mna Fj\u00e4llbacka.\u201d<\/p>\n\n\n\n<p>Stycket ovanf\u00f6r kommer ur Lotta Lotass introduktion om Hilma Angered-Strandberg hos Litteraturbanken.<\/p>\n\n\n\n<div class=\"wp-block-buttons is-layout-flex wp-block-buttons-is-layout-flex\">\n<div class=\"wp-block-button has-custom-font-size read-more-button\" style=\"font-size:14px\"><a class=\"wp-block-button__link has-white-color has-text-color has-background wp-element-button\" href=\"https:\/\/litteraturbanken.se\/f%C3%B6rfattare\/AngeredStrandbergH\" style=\"border-radius:0px;background-color:#cd2400\" target=\"_blank\" rel=\"noopener\"><strong>L\u00c4S MER OM HILMA ANGERED-STRANDBERG<\/strong><\/a><\/div>\n\n\n\n<div class=\"wp-block-button has-custom-font-size read-more-button\" style=\"font-size:14px\"><a class=\"wp-block-button__link has-white-color has-text-color has-background wp-element-button\" href=\"https:\/\/litteraturbanken.se\/f%C3%B6rfattare\/AngeredStrandbergH\/titlar\" style=\"border-radius:0px;background-color:#cd2400\" target=\"_blank\" rel=\"noopener\"><b>L\u00c4S <\/b><strong style=\"font-weight: bold;\">HILMA ANGERED-STRANDBERG<\/strong><strong>S<\/strong><b> VERK HOS LB.SE<\/b><\/a><\/div>\n<\/div>\n\n\n\n<div style=\"height:20px\" aria-hidden=\"true\" class=\"wp-block-spacer\"><\/div>\n\n\n\n<div class=\"wp-playlist wp-audio-playlist wp-playlist-light\">\n\t\t\t<div class=\"wp-playlist-current-item\"><\/div>\n\t\t<audio controls=\"controls\" preload=\"none\" width=\"618\"\n\t\t\t><\/audio>\n\t<div class=\"wp-playlist-next\"><\/div>\n\t<div class=\"wp-playlist-prev\"><\/div>\n\t<noscript>\n\t<ol>\n\t\t<li><a href='https:\/\/litteraturbanken.se\/ljudochbild\/wp-content\/uploads\/2020\/02\/angeredstrandberg_uppat_elam.mp3'>Upp\u00e5t<\/a><\/li>\t<\/ol>\n\t<\/noscript>\n\t<script type=\"application\/json\" class=\"wp-playlist-script\">{\"type\":\"audio\",\"tracklist\":true,\"tracknumbers\":true,\"images\":true,\"artists\":true,\"tracks\":[{\"src\":\"https:\/\/litteraturbanken.se\/ljudochbild\/wp-content\/uploads\/2020\/02\/angeredstrandberg_uppat_elam.mp3\",\"type\":\"audio\/mpeg\",\"title\":\"Upp\\u00e5t\",\"caption\":\"\",\"description\":\"\\\"Upp\\u00e5t\\\" fr\\u00e5n Ingrid Elam l\\u00e4ser svenska noveller av Angered-Strandberg, Hilma. Sl\\u00e4ppt: 2020. Sp\\u00e5r 8.\",\"meta\":{\"artist\":\"Ingrid Elam l\\u00e4ser Hilma Angered-Strandberg\",\"album\":\"Hilma Angered-Strandberg\",\"year\":\"2020\",\"length_formatted\":\"13:12\"},\"image\":{\"src\":\"https:\/\/litteraturbanken.se\/ljudochbild\/wp-content\/uploads\/2019\/09\/wide_gub_wide-mp3-image.png\",\"width\":580,\"height\":612},\"thumb\":{\"src\":\"https:\/\/litteraturbanken.se\/ljudochbild\/wp-content\/uploads\/2019\/09\/wide_gub_wide-mp3-image-150x150.png\",\"width\":150,\"height\":150}}]}<\/script>\n<\/div>\n\t\n\n\n<h3 class=\"wp-block-heading author-related-title\">L\u00e4s mer<\/h3>\r\n<div class=\"display-posts-listing grid\"><div class=\"listing-item\"><a class=\"image\" href=\"https:\/\/litteraturbanken.se\/ljudochbild\/2020\/02\/20\/tretton-noveller\/\"><img loading=\"lazy\" decoding=\"async\" width=\"640\" height=\"854\" src=\"https:\/\/litteraturbanken.se\/ljudochbild\/wp-content\/uploads\/2020\/02\/novellantologi-767x1024.jpg\" class=\"attachment-large size-large wp-post-image\" alt=\"\" srcset=\"https:\/\/litteraturbanken.se\/ljudochbild\/wp-content\/uploads\/2020\/02\/novellantologi-767x1024.jpg 767w, https:\/\/litteraturbanken.se\/ljudochbild\/wp-content\/uploads\/2020\/02\/novellantologi-225x300.jpg 225w, https:\/\/litteraturbanken.se\/ljudochbild\/wp-content\/uploads\/2020\/02\/novellantologi-768x1026.jpg 768w, https:\/\/litteraturbanken.se\/ljudochbild\/wp-content\/uploads\/2020\/02\/novellantologi-480x641.jpg 480w, https:\/\/litteraturbanken.se\/ljudochbild\/wp-content\/uploads\/2020\/02\/novellantologi.jpg 900w\" sizes=\"auto, (max-width: 640px) 100vw, 640px\" \/><\/a> <a class=\"title\" href=\"https:\/\/litteraturbanken.se\/ljudochbild\/2020\/02\/20\/tretton-noveller\/\">Tretton noveller<\/a><\/div><\/div>\r\n\r\n\n","protected":false},"excerpt":{"rendered":"<p>\u201dHILMA ANGERED-STRANDBERG (1855\u20131927) inledde sin f\u00f6rfattarbana med en rad romantiska ber\u00e4ttelser publicerade i\u00a0G\u00f6teborgs Handels- och Sj\u00f6farts-Tidning och av\u00a0Viktor Rydberg\u00a0avf\u00e4rdade som \u201dgymnasistpoesi\u201d. Under arbete som telegrafist i Fj\u00e4llbacka kom Angered-Strandberg att samla stoff till sin f\u00f6rsta mer helgjutna, realistiska [&hellip;]<\/p>\n","protected":false},"author":1,"featured_media":3336,"parent":7,"menu_order":0,"comment_status":"closed","ping_status":"closed","template":"","meta":{"footnotes":""},"class_list":["post-3335","page","type-page","status-publish","has-post-thumbnail","hentry"],"yoast_head":"<!-- This site is optimized with the Yoast SEO plugin v27.1.1 - https:\/\/yoast.com\/product\/yoast-seo-wordpress\/ -->\n<title>Hilma Angered-Strandberg (1855\u20131927) - Ljud &amp; Bild<\/title>\n<meta name=\"robots\" content=\"index, follow, max-snippet:-1, max-image-preview:large, max-video-preview:-1\" \/>\n<link rel=\"canonical\" href=\"https:\/\/litteraturbanken.se\/ljudochbild\/forfattare\/angeredstrandbergh\/\" \/>\n<meta property=\"og:locale\" content=\"sv_SE\" \/>\n<meta property=\"og:type\" content=\"article\" \/>\n<meta property=\"og:title\" content=\"Hilma Angered-Strandberg (1855\u20131927) - Ljud &amp; Bild\" \/>\n<meta property=\"og:description\" content=\"\u201dHILMA ANGERED-STRANDBERG (1855\u20131927) inledde sin f\u00f6rfattarbana med en rad romantiska ber\u00e4ttelser publicerade i\u00a0G\u00f6teborgs Handels- och Sj\u00f6farts-Tidning och av\u00a0Viktor Rydberg\u00a0avf\u00e4rdade som \u201dgymnasistpoesi\u201d. Under arbete som telegrafist i Fj\u00e4llbacka kom Angered-Strandberg att samla stoff till sin f\u00f6rsta mer helgjutna, realistiska [&hellip;]\" \/>\n<meta property=\"og:url\" content=\"https:\/\/litteraturbanken.se\/ljudochbild\/forfattare\/angeredstrandbergh\/\" \/>\n<meta property=\"og:site_name\" content=\"Ljud &amp; Bild\" \/>\n<meta property=\"article:publisher\" content=\"https:\/\/www.facebook.com\/Litteraturbanken.se\" \/>\n<meta property=\"article:modified_time\" content=\"2024-09-16T12:27:09+00:00\" \/>\n<meta property=\"og:image\" content=\"https:\/\/litteraturbanken.se\/ljudochbild\/wp-content\/uploads\/2020\/02\/angered.jpg\" \/>\n\t<meta property=\"og:image:width\" content=\"968\" \/>\n\t<meta property=\"og:image:height\" content=\"1442\" \/>\n\t<meta property=\"og:image:type\" content=\"image\/jpeg\" \/>\n<meta name=\"twitter:card\" content=\"summary_large_image\" \/>\n<meta name=\"twitter:site\" content=\"@litteraturbank\" \/>\n<meta name=\"twitter:label1\" content=\"Ber\u00e4knad l\u00e4stid\" \/>\n\t<meta name=\"twitter:data1\" content=\"1 minut\" \/>\n<script type=\"application\/ld+json\" class=\"yoast-schema-graph\">{\"@context\":\"https:\/\/schema.org\",\"@graph\":[{\"@type\":\"WebPage\",\"@id\":\"https:\/\/litteraturbanken.se\/ljudochbild\/forfattare\/angeredstrandbergh\/\",\"url\":\"https:\/\/litteraturbanken.se\/ljudochbild\/forfattare\/angeredstrandbergh\/\",\"name\":\"Hilma Angered-Strandberg (1855\u20131927) - Ljud &amp; Bild\",\"isPartOf\":{\"@id\":\"https:\/\/litteraturbanken.se\/ljudochbild\/#website\"},\"primaryImageOfPage\":{\"@id\":\"https:\/\/litteraturbanken.se\/ljudochbild\/forfattare\/angeredstrandbergh\/#primaryimage\"},\"image\":{\"@id\":\"https:\/\/litteraturbanken.se\/ljudochbild\/forfattare\/angeredstrandbergh\/#primaryimage\"},\"thumbnailUrl\":\"https:\/\/litteraturbanken.se\/ljudochbild\/wp-content\/uploads\/2020\/02\/angered.jpg\",\"datePublished\":\"2020-02-16T12:11:02+00:00\",\"dateModified\":\"2024-09-16T12:27:09+00:00\",\"breadcrumb\":{\"@id\":\"https:\/\/litteraturbanken.se\/ljudochbild\/forfattare\/angeredstrandbergh\/#breadcrumb\"},\"inLanguage\":\"sv-SE\",\"potentialAction\":[{\"@type\":\"ReadAction\",\"target\":[\"https:\/\/litteraturbanken.se\/ljudochbild\/forfattare\/angeredstrandbergh\/\"]}]},{\"@type\":\"ImageObject\",\"inLanguage\":\"sv-SE\",\"@id\":\"https:\/\/litteraturbanken.se\/ljudochbild\/forfattare\/angeredstrandbergh\/#primaryimage\",\"url\":\"https:\/\/litteraturbanken.se\/ljudochbild\/wp-content\/uploads\/2020\/02\/angered.jpg\",\"contentUrl\":\"https:\/\/litteraturbanken.se\/ljudochbild\/wp-content\/uploads\/2020\/02\/angered.jpg\",\"width\":968,\"height\":1442},{\"@type\":\"BreadcrumbList\",\"@id\":\"https:\/\/litteraturbanken.se\/ljudochbild\/forfattare\/angeredstrandbergh\/#breadcrumb\",\"itemListElement\":[{\"@type\":\"ListItem\",\"position\":1,\"name\":\"Hem\",\"item\":\"https:\/\/litteraturbanken.se\/ljudochbild\/\"},{\"@type\":\"ListItem\",\"position\":2,\"name\":\"F\u00f6rfattare\",\"item\":\"https:\/\/litteraturbanken.se\/ljudochbild\/forfattare\/\"},{\"@type\":\"ListItem\",\"position\":3,\"name\":\"Hilma Angered-Strandberg (1855\u20131927)\"}]},{\"@type\":\"WebSite\",\"@id\":\"https:\/\/litteraturbanken.se\/ljudochbild\/#website\",\"url\":\"https:\/\/litteraturbanken.se\/ljudochbild\/\",\"name\":\"Ljud & Bild\",\"description\":\"Ur Litteraturbankens samlingar\",\"potentialAction\":[{\"@type\":\"SearchAction\",\"target\":{\"@type\":\"EntryPoint\",\"urlTemplate\":\"https:\/\/litteraturbanken.se\/ljudochbild\/?s={search_term_string}\"},\"query-input\":{\"@type\":\"PropertyValueSpecification\",\"valueRequired\":true,\"valueName\":\"search_term_string\"}}],\"inLanguage\":\"sv-SE\"}]}<\/script>\n<!-- \/ Yoast SEO plugin. -->","yoast_head_json":{"title":"Hilma Angered-Strandberg (1855\u20131927) - Ljud &amp; Bild","robots":{"index":"index","follow":"follow","max-snippet":"max-snippet:-1","max-image-preview":"max-image-preview:large","max-video-preview":"max-video-preview:-1"},"canonical":"https:\/\/litteraturbanken.se\/ljudochbild\/forfattare\/angeredstrandbergh\/","og_locale":"sv_SE","og_type":"article","og_title":"Hilma Angered-Strandberg (1855\u20131927) - Ljud &amp; Bild","og_description":"\u201dHILMA ANGERED-STRANDBERG (1855\u20131927) inledde sin f\u00f6rfattarbana med en rad romantiska ber\u00e4ttelser publicerade i\u00a0G\u00f6teborgs Handels- och Sj\u00f6farts-Tidning och av\u00a0Viktor Rydberg\u00a0avf\u00e4rdade som \u201dgymnasistpoesi\u201d. Under arbete som telegrafist i Fj\u00e4llbacka kom Angered-Strandberg att samla stoff till sin f\u00f6rsta mer helgjutna, realistiska [&hellip;]","og_url":"https:\/\/litteraturbanken.se\/ljudochbild\/forfattare\/angeredstrandbergh\/","og_site_name":"Ljud &amp; Bild","article_publisher":"https:\/\/www.facebook.com\/Litteraturbanken.se","article_modified_time":"2024-09-16T12:27:09+00:00","og_image":[{"width":968,"height":1442,"url":"https:\/\/litteraturbanken.se\/ljudochbild\/wp-content\/uploads\/2020\/02\/angered.jpg","type":"image\/jpeg"}],"twitter_card":"summary_large_image","twitter_site":"@litteraturbank","twitter_misc":{"Ber\u00e4knad l\u00e4stid":"1 minut"},"schema":{"@context":"https:\/\/schema.org","@graph":[{"@type":"WebPage","@id":"https:\/\/litteraturbanken.se\/ljudochbild\/forfattare\/angeredstrandbergh\/","url":"https:\/\/litteraturbanken.se\/ljudochbild\/forfattare\/angeredstrandbergh\/","name":"Hilma Angered-Strandberg (1855\u20131927) - Ljud &amp; Bild","isPartOf":{"@id":"https:\/\/litteraturbanken.se\/ljudochbild\/#website"},"primaryImageOfPage":{"@id":"https:\/\/litteraturbanken.se\/ljudochbild\/forfattare\/angeredstrandbergh\/#primaryimage"},"image":{"@id":"https:\/\/litteraturbanken.se\/ljudochbild\/forfattare\/angeredstrandbergh\/#primaryimage"},"thumbnailUrl":"https:\/\/litteraturbanken.se\/ljudochbild\/wp-content\/uploads\/2020\/02\/angered.jpg","datePublished":"2020-02-16T12:11:02+00:00","dateModified":"2024-09-16T12:27:09+00:00","breadcrumb":{"@id":"https:\/\/litteraturbanken.se\/ljudochbild\/forfattare\/angeredstrandbergh\/#breadcrumb"},"inLanguage":"sv-SE","potentialAction":[{"@type":"ReadAction","target":["https:\/\/litteraturbanken.se\/ljudochbild\/forfattare\/angeredstrandbergh\/"]}]},{"@type":"ImageObject","inLanguage":"sv-SE","@id":"https:\/\/litteraturbanken.se\/ljudochbild\/forfattare\/angeredstrandbergh\/#primaryimage","url":"https:\/\/litteraturbanken.se\/ljudochbild\/wp-content\/uploads\/2020\/02\/angered.jpg","contentUrl":"https:\/\/litteraturbanken.se\/ljudochbild\/wp-content\/uploads\/2020\/02\/angered.jpg","width":968,"height":1442},{"@type":"BreadcrumbList","@id":"https:\/\/litteraturbanken.se\/ljudochbild\/forfattare\/angeredstrandbergh\/#breadcrumb","itemListElement":[{"@type":"ListItem","position":1,"name":"Hem","item":"https:\/\/litteraturbanken.se\/ljudochbild\/"},{"@type":"ListItem","position":2,"name":"F\u00f6rfattare","item":"https:\/\/litteraturbanken.se\/ljudochbild\/forfattare\/"},{"@type":"ListItem","position":3,"name":"Hilma Angered-Strandberg (1855\u20131927)"}]},{"@type":"WebSite","@id":"https:\/\/litteraturbanken.se\/ljudochbild\/#website","url":"https:\/\/litteraturbanken.se\/ljudochbild\/","name":"Ljud & Bild","description":"Ur Litteraturbankens samlingar","potentialAction":[{"@type":"SearchAction","target":{"@type":"EntryPoint","urlTemplate":"https:\/\/litteraturbanken.se\/ljudochbild\/?s={search_term_string}"},"query-input":{"@type":"PropertyValueSpecification","valueRequired":true,"valueName":"search_term_string"}}],"inLanguage":"sv-SE"}]}},"_links":{"self":[{"href":"https:\/\/litteraturbanken.se\/ljudochbild\/wp-json\/wp\/v2\/pages\/3335","targetHints":{"allow":["GET"]}}],"collection":[{"href":"https:\/\/litteraturbanken.se\/ljudochbild\/wp-json\/wp\/v2\/pages"}],"about":[{"href":"https:\/\/litteraturbanken.se\/ljudochbild\/wp-json\/wp\/v2\/types\/page"}],"author":[{"embeddable":true,"href":"https:\/\/litteraturbanken.se\/ljudochbild\/wp-json\/wp\/v2\/users\/1"}],"replies":[{"embeddable":true,"href":"https:\/\/litteraturbanken.se\/ljudochbild\/wp-json\/wp\/v2\/comments?post=3335"}],"version-history":[{"count":5,"href":"https:\/\/litteraturbanken.se\/ljudochbild\/wp-json\/wp\/v2\/pages\/3335\/revisions"}],"predecessor-version":[{"id":12029,"href":"https:\/\/litteraturbanken.se\/ljudochbild\/wp-json\/wp\/v2\/pages\/3335\/revisions\/12029"}],"up":[{"embeddable":true,"href":"https:\/\/litteraturbanken.se\/ljudochbild\/wp-json\/wp\/v2\/pages\/7"}],"wp:featuredmedia":[{"embeddable":true,"href":"https:\/\/litteraturbanken.se\/ljudochbild\/wp-json\/wp\/v2\/media\/3336"}],"wp:attachment":[{"href":"https:\/\/litteraturbanken.se\/ljudochbild\/wp-json\/wp\/v2\/media?parent=3335"}],"curies":[{"name":"wp","href":"https:\/\/api.w.org\/{rel}","templated":true}]}}