{"id":3345,"date":"2020-02-16T14:42:24","date_gmt":"2020-02-16T13:42:24","guid":{"rendered":"https:\/\/litteraturbanken.se\/ljudochbild\/?page_id=3345"},"modified":"2024-09-17T15:53:58","modified_gmt":"2024-09-17T13:53:58","slug":"wagnere","status":"publish","type":"page","link":"https:\/\/litteraturbanken.se\/ljudochbild\/forfattare\/wagnere\/","title":{"rendered":"Elin W\u00e4gner (1882\u20131949)"},"content":{"rendered":"<div class=\"wp-block-image\">\n<figure class=\"alignright size-medium\"><img loading=\"lazy\" decoding=\"async\" width=\"204\" height=\"300\" src=\"https:\/\/litteraturbanken.se\/ljudochbild\/wp-content\/uploads\/2020\/02\/wagner-204x300.jpg\" alt=\"Fotografi av Elin W\u00e4gner\" class=\"wp-image-3346\" srcset=\"https:\/\/litteraturbanken.se\/ljudochbild\/wp-content\/uploads\/2020\/02\/wagner-204x300.jpg 204w, https:\/\/litteraturbanken.se\/ljudochbild\/wp-content\/uploads\/2020\/02\/wagner-695x1024.jpg 695w, https:\/\/litteraturbanken.se\/ljudochbild\/wp-content\/uploads\/2020\/02\/wagner-768x1131.jpg 768w, https:\/\/litteraturbanken.se\/ljudochbild\/wp-content\/uploads\/2020\/02\/wagner-1043x1536.jpg 1043w, https:\/\/litteraturbanken.se\/ljudochbild\/wp-content\/uploads\/2020\/02\/wagner-1391x2048.jpg 1391w, https:\/\/litteraturbanken.se\/ljudochbild\/wp-content\/uploads\/2020\/02\/wagner-480x707.jpg 480w, https:\/\/litteraturbanken.se\/ljudochbild\/wp-content\/uploads\/2020\/02\/wagner.jpg 1428w\" sizes=\"auto, (max-width: 204px) 100vw, 204px\" \/><\/figure>\n<\/div>\n\n\n<p>\u201dELIN W\u00c4GNER (1882\u20131949) \u00e4r en av den svenska feminismens klassiska ber\u00e4ttare. Hennes \u00e4mne \u00e4r framf\u00f6r allt kvinnans r\u00e4ttighet till r\u00f6st, frihet och arbete. Genombrottsromanen\u00a0<em><a aria-label=\"Norrtullsligan (\u00f6ppnas i en ny flik)\" href=\"https:\/\/litteraturbanken.se\/f%C3%B6rfattare\/W%C3%A4gnerE\/titlar\/Norrtullsligan\/sida\/III\/etext\" target=\"_blank\" rel=\"noreferrer noopener\">Norrtullsligan<\/a><\/em>\u00a0(1908) skildrar ogifta, kontorsarbetande kvinnor som kollektivt delar bostad, pengar, gl\u00e4dje och sorger. I hennes mest k\u00e4nda roman <em><a aria-label=\"Pennskaftet (\u00f6ppnas i en ny flik)\" href=\"https:\/\/litteraturbanken.se\/f%C3%B6rfattare\/W%C3%A4gnerE\/titlar\/Pennskaftet1910\/sida\/3\/etext\" target=\"_blank\" rel=\"noreferrer noopener\">Pennskaftet<\/a><\/em>\u00a0(1910) \u00e4r det f\u00f6rk\u00e4mparna f\u00f6r kvinnlig r\u00f6str\u00e4tt som st\u00e5r i fokus. W\u00e4gner skrev ocks\u00e5 flera romaner med landsbygdsmotiv d\u00e4r hon k\u00e4nsligt skildrar den nya tidens inbrytande i en gammal v\u00e4rld. Hennes sista roman\u00a0<em>Vinden v\u00e4nde bladen<\/em>\u00a0(1947) f\u00f6ljer tv\u00e5 sm\u00e5l\u00e4ndska bondesl\u00e4kter fr\u00e5n de karolinska krigen fram till nittonhundratalets industrialisering.\u201d<\/p>\n\n\n\n<p>Stycket ovanf\u00f6r kommer ur Lotta Lotass introduktion av Elin W\u00e4gner hos Litteraturbanken.<\/p>\n\n\n\n<div class=\"wp-block-buttons is-layout-flex wp-block-buttons-is-layout-flex\">\n<div class=\"wp-block-button has-custom-font-size read-more-button\" style=\"font-size:14px\"><a class=\"wp-block-button__link has-white-color has-text-color has-background wp-element-button\" href=\"https:\/\/litteraturbanken.se\/f%C3%B6rfattare\/W%C3%A4gnerE\" style=\"border-radius:0px;background-color:#cd2400\" target=\"_blank\" rel=\"noopener\"><strong>L\u00c4S MER OM <strong>ELIN W\u00c4GNER<\/strong><\/strong><\/a><\/div>\n\n\n\n<div class=\"wp-block-button has-custom-font-size read-more-button\" style=\"font-size:14px\"><a class=\"wp-block-button__link has-white-color has-text-color has-background wp-element-button\" href=\"https:\/\/litteraturbanken.se\/f%C3%B6rfattare\/W%C3%A4gnerE\/titlar\" style=\"border-radius:0px;background-color:#cd2400\" target=\"_blank\" rel=\"noopener\"><strong>L\u00c4S ELIN W\u00c4GNERS VERK HOS LB.SE<\/strong><\/a><\/div>\n<\/div>\n\n\n\n<div style=\"height:36px\" aria-hidden=\"true\" class=\"wp-block-spacer\"><\/div>\n\n\n\n<p><em>Den \u00f6vre av de tv\u00e5 spellistorna nedan inneh\u00e5ller Elin W\u00e4gners egna inspelningar. De \u00e5terges med tillst\u00e5nd fr\u00e5n Sveriges Radio. Den nedre spelaren inneh\u00e5ller <a href=\"https:\/\/litteraturbanken.se\/ljudochbild\/upplasare\/elami\/\" target=\"_blank\" rel=\"noreferrer noopener\">Ingrid Elams<\/a> inl\u00e4sning av novellen <a href=\"https:\/\/litteraturbanken.se\/f%C3%B6rfattare\/W%C3%A4gnerE\/titlar\/Gammalr%C3%B6dja\/sida\/32\/faksimil\" target=\"_blank\" rel=\"noreferrer noopener\">\u201dK\u00e4ringam\u00f6tet\u201d<\/a> (1931).<\/em><\/p>\n\n\n\n<div class=\"wp-playlist wp-audio-playlist wp-playlist-light\">\n\t\t\t<div class=\"wp-playlist-current-item\"><\/div>\n\t\t<audio controls=\"controls\" preload=\"none\" width=\"618\"\n\t\t\t><\/audio>\n\t<div class=\"wp-playlist-next\"><\/div>\n\t<div class=\"wp-playlist-prev\"><\/div>\n\t<noscript>\n\t<ol>\n\t\t<li><a href='https:\/\/litteraturbanken.se\/ljudochbild\/wp-content\/uploads\/2022\/01\/wagner_dialogenfortsatter_wagner.mp3'>Ur Dialogen forts\u00e4tter (1935)<\/a><\/li><li><a href='https:\/\/litteraturbanken.se\/ljudochbild\/wp-content\/uploads\/2022\/01\/wagner_narjagblevforfattare_wagner.mp3'>N\u00e4r jag blev f\u00f6rfattare (1938)<\/a><\/li><li><a href='https:\/\/litteraturbanken.se\/ljudochbild\/wp-content\/uploads\/2022\/01\/wagner_omvarenibergssocken_wagner.mp3'>Om v\u00e5ren i Bergs socken (1944)<\/a><\/li><li><a href='https:\/\/litteraturbanken.se\/ljudochbild\/wp-content\/uploads\/2022\/01\/wagner_omfredrikabremer_wagner.mp3'>D\u00e5 hade jag velat vara med! (1948)<\/a><\/li><li><a href='https:\/\/litteraturbanken.se\/ljudochbild\/wp-content\/uploads\/2022\/01\/wagner_detinreljuset_wagner.mp3'>Det inre ljuset. Ett program om kv\u00e4karna (1948)<\/a><\/li>\t<\/ol>\n\t<\/noscript>\n\t<script type=\"application\/json\" class=\"wp-playlist-script\">{\"type\":\"audio\",\"tracklist\":true,\"tracknumbers\":true,\"images\":true,\"artists\":true,\"tracks\":[{\"src\":\"https:\/\/litteraturbanken.se\/ljudochbild\/wp-content\/uploads\/2022\/01\/wagner_dialogenfortsatter_wagner.mp3\",\"type\":\"audio\/mpeg\",\"title\":\"Ur Dialogen forts\\u00e4tter (1935)\",\"caption\":\"\",\"description\":\"\\u201dUr Dialogen forts\\u00e4tter (1935)\\u201d fr\\u00e5n Elin W\\u00e4gner i Sveriges Radio (1935\\u20131948) av W\\u00e4gner, Elin. Sl\\u00e4ppt: 1935. Sp\\u00e5r 1.\",\"meta\":{\"artist\":\"Elin W\\u00e4gner i Sveriges Radio (1935\\u20131948)\",\"album\":\"Elin W\\u00e4gner\",\"year\":\"1935\",\"length_formatted\":\"3:31\"},\"image\":{\"src\":\"https:\/\/litteraturbanken.se\/ljudochbild\/wp-content\/uploads\/2019\/09\/wide_gub_wide-mp3-image.png\",\"width\":580,\"height\":612},\"thumb\":{\"src\":\"https:\/\/litteraturbanken.se\/ljudochbild\/wp-content\/uploads\/2019\/09\/wide_gub_wide-mp3-image-150x150.png\",\"width\":150,\"height\":150}},{\"src\":\"https:\/\/litteraturbanken.se\/ljudochbild\/wp-content\/uploads\/2022\/01\/wagner_narjagblevforfattare_wagner.mp3\",\"type\":\"audio\/mpeg\",\"title\":\"N\\u00e4r jag blev f\\u00f6rfattare (1938)\",\"caption\":\"\",\"description\":\"\\u201dN\\u00e4r jag blev f\\u00f6rfattare (1938)\\u201d fr\\u00e5n Elin W\\u00e4gner i Sveriges Radio (1935\\u20131948) av W\\u00e4gner, Elin. Sl\\u00e4ppt: 1938. Sp\\u00e5r 2.\",\"meta\":{\"artist\":\"Elin W\\u00e4gner i Sveriges Radio (1935\\u20131948)\",\"album\":\"Elin W\\u00e4gner\",\"year\":\"1938\",\"length_formatted\":\"13:40\"},\"image\":{\"src\":\"https:\/\/litteraturbanken.se\/ljudochbild\/wp-content\/uploads\/2019\/09\/wide_gub_wide-mp3-image.png\",\"width\":580,\"height\":612},\"thumb\":{\"src\":\"https:\/\/litteraturbanken.se\/ljudochbild\/wp-content\/uploads\/2019\/09\/wide_gub_wide-mp3-image-150x150.png\",\"width\":150,\"height\":150}},{\"src\":\"https:\/\/litteraturbanken.se\/ljudochbild\/wp-content\/uploads\/2022\/01\/wagner_omvarenibergssocken_wagner.mp3\",\"type\":\"audio\/mpeg\",\"title\":\"Om v\\u00e5ren i Bergs socken (1944)\",\"caption\":\"\",\"description\":\"\\u201dOm v\\u00e5ren i Bergs socken (1944)\\u201d fr\\u00e5n Elin W\\u00e4gner i Sveriges Radio (1935\\u20131948) av W\\u00e4gner, Elin. Sl\\u00e4ppt: 1944. Sp\\u00e5r 3.\",\"meta\":{\"artist\":\"Elin W\\u00e4gner i Sveriges Radio (1935\\u20131948)\",\"album\":\"Elin W\\u00e4gner\",\"year\":\"1944\",\"length_formatted\":\"3:06\"},\"image\":{\"src\":\"https:\/\/litteraturbanken.se\/ljudochbild\/wp-content\/uploads\/2019\/09\/wide_gub_wide-mp3-image.png\",\"width\":580,\"height\":612},\"thumb\":{\"src\":\"https:\/\/litteraturbanken.se\/ljudochbild\/wp-content\/uploads\/2019\/09\/wide_gub_wide-mp3-image-150x150.png\",\"width\":150,\"height\":150}},{\"src\":\"https:\/\/litteraturbanken.se\/ljudochbild\/wp-content\/uploads\/2022\/01\/wagner_omfredrikabremer_wagner.mp3\",\"type\":\"audio\/mpeg\",\"title\":\"D\\u00e5 hade jag velat vara med! (1948)\",\"caption\":\"\",\"description\":\"\\u201dElin W\\u00e4gner om Fredrika Bremer (1948)\\u201d fr\\u00e5n Elin W\\u00e4gner i Sveriges Radio (1935\\u20131948) av W\\u00e4gner, Elin. Sl\\u00e4ppt: 1948. Sp\\u00e5r 5.\",\"meta\":{\"artist\":\"Elin W\\u00e4gner i Sveriges Radio (1935\\u20131948)\",\"album\":\"Elin W\\u00e4gner\",\"year\":\"1948\",\"length_formatted\":\"9:07\"},\"image\":{\"src\":\"https:\/\/litteraturbanken.se\/ljudochbild\/wp-content\/uploads\/2019\/09\/wide_gub_wide-mp3-image.png\",\"width\":580,\"height\":612},\"thumb\":{\"src\":\"https:\/\/litteraturbanken.se\/ljudochbild\/wp-content\/uploads\/2019\/09\/wide_gub_wide-mp3-image-150x150.png\",\"width\":150,\"height\":150}},{\"src\":\"https:\/\/litteraturbanken.se\/ljudochbild\/wp-content\/uploads\/2022\/01\/wagner_detinreljuset_wagner.mp3\",\"type\":\"audio\/mpeg\",\"title\":\"Det inre ljuset. Ett program om kv\\u00e4karna (1948)\",\"caption\":\"\",\"description\":\"\\u201dDet inre ljuset. Ett program om kv\\u00e4karna (1948)\\u201d fr\\u00e5n Elin W\\u00e4gner i Sveriges Radio (1935\\u20131948) av W\\u00e4gner, Elin. Sl\\u00e4ppt: 1948. Sp\\u00e5r 4.\",\"meta\":{\"artist\":\"Elin W\\u00e4gner i Sveriges Radio (1935\\u20131948)\",\"album\":\"Elin W\\u00e4gner\",\"year\":\"1948\",\"length_formatted\":\"5:22\"},\"image\":{\"src\":\"https:\/\/litteraturbanken.se\/ljudochbild\/wp-content\/uploads\/2019\/09\/wide_gub_wide-mp3-image.png\",\"width\":580,\"height\":612},\"thumb\":{\"src\":\"https:\/\/litteraturbanken.se\/ljudochbild\/wp-content\/uploads\/2019\/09\/wide_gub_wide-mp3-image-150x150.png\",\"width\":150,\"height\":150}}]}<\/script>\n<\/div>\n\t\n\n\n\n<div class=\"wp-playlist wp-audio-playlist wp-playlist-light\">\n\t\t\t<div class=\"wp-playlist-current-item\"><\/div>\n\t\t<audio controls=\"controls\" preload=\"none\" width=\"618\"\n\t\t\t><\/audio>\n\t<div class=\"wp-playlist-next\"><\/div>\n\t<div class=\"wp-playlist-prev\"><\/div>\n\t<noscript>\n\t<ol>\n\t\t<li><a href='https:\/\/litteraturbanken.se\/ljudochbild\/wp-content\/uploads\/2020\/02\/wagner_karingamotet_elam.mp3'>K\u00e4ringam\u00f6tet<\/a><\/li>\t<\/ol>\n\t<\/noscript>\n\t<script type=\"application\/json\" class=\"wp-playlist-script\">{\"type\":\"audio\",\"tracklist\":true,\"tracknumbers\":true,\"images\":true,\"artists\":true,\"tracks\":[{\"src\":\"https:\/\/litteraturbanken.se\/ljudochbild\/wp-content\/uploads\/2020\/02\/wagner_karingamotet_elam.mp3\",\"type\":\"audio\/mpeg\",\"title\":\"K\\u00e4ringam\\u00f6tet\",\"caption\":\"\",\"description\":\"\\\"K\\u00e4ringam\\u00f6tet\\\" fr\\u00e5n Ingrid Elam l\\u00e4ser svenska noveller av W\\u00e4gner, Elin. Sl\\u00e4ppt: 2020. Sp\\u00e5r 2.\",\"meta\":{\"artist\":\"Ingrid Elam l\\u00e4ser Elin W\\u00e4gner\",\"album\":\"Elin W\\u00e4gner\",\"year\":\"2020\",\"length_formatted\":\"15:01\"},\"image\":{\"src\":\"https:\/\/litteraturbanken.se\/ljudochbild\/wp-content\/uploads\/2019\/09\/wide_gub_wide-mp3-image.png\",\"width\":580,\"height\":612},\"thumb\":{\"src\":\"https:\/\/litteraturbanken.se\/ljudochbild\/wp-content\/uploads\/2019\/09\/wide_gub_wide-mp3-image-150x150.png\",\"width\":150,\"height\":150}}]}<\/script>\n<\/div>\n\t\n\n\n<h3 class=\"wp-block-heading author-related-title\">L\u00e4s mer<\/h3>\r\n<div class=\"display-posts-listing grid\"><div class=\"listing-item\"><a class=\"image\" href=\"https:\/\/litteraturbanken.se\/ljudochbild\/2022\/02\/27\/boye-saljer-bocker\/\"><img loading=\"lazy\" decoding=\"async\" width=\"600\" height=\"637\" src=\"https:\/\/litteraturbanken.se\/ljudochbild\/wp-content\/uploads\/2022\/02\/boye_narbild_1933.jpg\" class=\"attachment-large size-large wp-post-image\" alt=\"\" srcset=\"https:\/\/litteraturbanken.se\/ljudochbild\/wp-content\/uploads\/2022\/02\/boye_narbild_1933.jpg 600w, https:\/\/litteraturbanken.se\/ljudochbild\/wp-content\/uploads\/2022\/02\/boye_narbild_1933-283x300.jpg 283w, https:\/\/litteraturbanken.se\/ljudochbild\/wp-content\/uploads\/2022\/02\/boye_narbild_1933-480x510.jpg 480w\" sizes=\"auto, (max-width: 600px) 100vw, 600px\" \/><\/a> <a class=\"title\" href=\"https:\/\/litteraturbanken.se\/ljudochbild\/2022\/02\/27\/boye-saljer-bocker\/\">Boye s\u00e4ljer b\u00f6cker<\/a><\/div><div class=\"listing-item\"><a class=\"image\" href=\"https:\/\/litteraturbanken.se\/ljudochbild\/2023\/05\/22\/verket-norrtullsligan\/\"><img loading=\"lazy\" decoding=\"async\" width=\"640\" height=\"640\" src=\"https:\/\/litteraturbanken.se\/ljudochbild\/wp-content\/uploads\/2023\/05\/norrtullsligan_verket-1024x1024.jpg\" class=\"attachment-large size-large wp-post-image\" alt=\"Verket: Norrtullsligan av Elin W\u00e4gner\" srcset=\"https:\/\/litteraturbanken.se\/ljudochbild\/wp-content\/uploads\/2023\/05\/norrtullsligan_verket-1024x1024.jpg 1024w, https:\/\/litteraturbanken.se\/ljudochbild\/wp-content\/uploads\/2023\/05\/norrtullsligan_verket-300x300.jpg 300w, https:\/\/litteraturbanken.se\/ljudochbild\/wp-content\/uploads\/2023\/05\/norrtullsligan_verket-150x150.jpg 150w, https:\/\/litteraturbanken.se\/ljudochbild\/wp-content\/uploads\/2023\/05\/norrtullsligan_verket-768x768.jpg 768w, https:\/\/litteraturbanken.se\/ljudochbild\/wp-content\/uploads\/2023\/05\/norrtullsligan_verket-1536x1536.jpg 1536w, https:\/\/litteraturbanken.se\/ljudochbild\/wp-content\/uploads\/2023\/05\/norrtullsligan_verket-480x480.jpg 480w, https:\/\/litteraturbanken.se\/ljudochbild\/wp-content\/uploads\/2023\/05\/norrtullsligan_verket.jpg 1687w\" sizes=\"auto, (max-width: 640px) 100vw, 640px\" \/><\/a> <a class=\"title\" href=\"https:\/\/litteraturbanken.se\/ljudochbild\/2023\/05\/22\/verket-norrtullsligan\/\">Verket: Norrtullsligan<\/a><\/div><div class=\"listing-item\"><a class=\"image\" href=\"https:\/\/litteraturbanken.se\/ljudochbild\/2022\/04\/13\/fredrika-bremer-och-elin-wagner\/\"><img loading=\"lazy\" decoding=\"async\" width=\"640\" height=\"791\" src=\"https:\/\/litteraturbanken.se\/ljudochbild\/wp-content\/uploads\/2022\/03\/fredrikabremer_portratt-829x1024.jpg\" class=\"attachment-large size-large wp-post-image\" alt=\"Fredrika Bremer\" srcset=\"https:\/\/litteraturbanken.se\/ljudochbild\/wp-content\/uploads\/2022\/03\/fredrikabremer_portratt-829x1024.jpg 829w, https:\/\/litteraturbanken.se\/ljudochbild\/wp-content\/uploads\/2022\/03\/fredrikabremer_portratt-243x300.jpg 243w, https:\/\/litteraturbanken.se\/ljudochbild\/wp-content\/uploads\/2022\/03\/fredrikabremer_portratt-768x949.jpg 768w, https:\/\/litteraturbanken.se\/ljudochbild\/wp-content\/uploads\/2022\/03\/fredrikabremer_portratt-480x593.jpg 480w, https:\/\/litteraturbanken.se\/ljudochbild\/wp-content\/uploads\/2022\/03\/fredrikabremer_portratt.jpg 1200w\" sizes=\"auto, (max-width: 640px) 100vw, 640px\" \/><\/a> <a class=\"title\" href=\"https:\/\/litteraturbanken.se\/ljudochbild\/2022\/04\/13\/fredrika-bremer-och-elin-wagner\/\">Kolera\u00e5ret 1853<\/a><\/div><\/div>\r\n\r\n\n","protected":false},"excerpt":{"rendered":"<p>\u201dELIN W\u00c4GNER (1882\u20131949) \u00e4r en av den svenska feminismens klassiska ber\u00e4ttare. Hennes \u00e4mne \u00e4r framf\u00f6r allt kvinnans r\u00e4ttighet till r\u00f6st, frihet och arbete. Genombrottsromanen\u00a0Norrtullsligan\u00a0(1908) skildrar ogifta, kontorsarbetande kvinnor som kollektivt delar bostad, pengar, gl\u00e4dje och sorger. I hennes [&hellip;]<\/p>\n","protected":false},"author":1,"featured_media":3346,"parent":7,"menu_order":0,"comment_status":"closed","ping_status":"closed","template":"","meta":{"footnotes":""},"class_list":["post-3345","page","type-page","status-publish","has-post-thumbnail","hentry"],"yoast_head":"<!-- This site is optimized with the Yoast SEO plugin v27.1.1 - https:\/\/yoast.com\/product\/yoast-seo-wordpress\/ -->\n<title>Elin W\u00e4gner (1882\u20131949) - Ljud &amp; Bild<\/title>\n<meta name=\"description\" content=\"Elin W\u00e4gner \u00e4r en av den svenska feminismens klassiska ber\u00e4ttare. Hennes \u00e4mne \u00e4r framf\u00f6r allt kvinnans r\u00e4ttighet till r\u00f6st, frihet och ...\" \/>\n<meta name=\"robots\" content=\"index, follow, max-snippet:-1, max-image-preview:large, max-video-preview:-1\" \/>\n<link rel=\"canonical\" href=\"https:\/\/litteraturbanken.se\/ljudochbild\/forfattare\/wagnere\/\" \/>\n<meta property=\"og:locale\" content=\"sv_SE\" \/>\n<meta property=\"og:type\" content=\"article\" \/>\n<meta property=\"og:title\" content=\"Elin W\u00e4gner (1882\u20131949) - Ljud &amp; Bild\" \/>\n<meta property=\"og:description\" content=\"Elin W\u00e4gner \u00e4r en av den svenska feminismens klassiska ber\u00e4ttare. Hennes \u00e4mne \u00e4r framf\u00f6r allt kvinnans r\u00e4ttighet till r\u00f6st, frihet och ...\" \/>\n<meta property=\"og:url\" content=\"https:\/\/litteraturbanken.se\/ljudochbild\/forfattare\/wagnere\/\" \/>\n<meta property=\"og:site_name\" content=\"Ljud &amp; Bild\" \/>\n<meta property=\"article:publisher\" content=\"https:\/\/www.facebook.com\/Litteraturbanken.se\" \/>\n<meta property=\"article:modified_time\" content=\"2024-09-17T13:53:58+00:00\" \/>\n<meta property=\"og:image\" content=\"https:\/\/litteraturbanken.se\/ljudochbild\/wp-content\/uploads\/2020\/02\/wagner.jpg\" \/>\n\t<meta property=\"og:image:width\" content=\"1428\" \/>\n\t<meta property=\"og:image:height\" content=\"2103\" \/>\n\t<meta property=\"og:image:type\" content=\"image\/jpeg\" \/>\n<meta name=\"twitter:card\" content=\"summary_large_image\" \/>\n<meta name=\"twitter:site\" content=\"@litteraturbank\" \/>\n<meta name=\"twitter:label1\" content=\"Ber\u00e4knad l\u00e4stid\" \/>\n\t<meta name=\"twitter:data1\" content=\"2 minuter\" \/>\n<script type=\"application\/ld+json\" class=\"yoast-schema-graph\">{\"@context\":\"https:\/\/schema.org\",\"@graph\":[{\"@type\":\"WebPage\",\"@id\":\"https:\/\/litteraturbanken.se\/ljudochbild\/forfattare\/wagnere\/\",\"url\":\"https:\/\/litteraturbanken.se\/ljudochbild\/forfattare\/wagnere\/\",\"name\":\"Elin W\u00e4gner (1882\u20131949) - Ljud &amp; Bild\",\"isPartOf\":{\"@id\":\"https:\/\/litteraturbanken.se\/ljudochbild\/#website\"},\"primaryImageOfPage\":{\"@id\":\"https:\/\/litteraturbanken.se\/ljudochbild\/forfattare\/wagnere\/#primaryimage\"},\"image\":{\"@id\":\"https:\/\/litteraturbanken.se\/ljudochbild\/forfattare\/wagnere\/#primaryimage\"},\"thumbnailUrl\":\"https:\/\/litteraturbanken.se\/ljudochbild\/wp-content\/uploads\/2020\/02\/wagner.jpg\",\"datePublished\":\"2020-02-16T13:42:24+00:00\",\"dateModified\":\"2024-09-17T13:53:58+00:00\",\"description\":\"Elin W\u00e4gner \u00e4r en av den svenska feminismens klassiska ber\u00e4ttare. Hennes \u00e4mne \u00e4r framf\u00f6r allt kvinnans r\u00e4ttighet till r\u00f6st, frihet och ...\",\"breadcrumb\":{\"@id\":\"https:\/\/litteraturbanken.se\/ljudochbild\/forfattare\/wagnere\/#breadcrumb\"},\"inLanguage\":\"sv-SE\",\"potentialAction\":[{\"@type\":\"ReadAction\",\"target\":[\"https:\/\/litteraturbanken.se\/ljudochbild\/forfattare\/wagnere\/\"]}]},{\"@type\":\"ImageObject\",\"inLanguage\":\"sv-SE\",\"@id\":\"https:\/\/litteraturbanken.se\/ljudochbild\/forfattare\/wagnere\/#primaryimage\",\"url\":\"https:\/\/litteraturbanken.se\/ljudochbild\/wp-content\/uploads\/2020\/02\/wagner.jpg\",\"contentUrl\":\"https:\/\/litteraturbanken.se\/ljudochbild\/wp-content\/uploads\/2020\/02\/wagner.jpg\",\"width\":1428,\"height\":2103},{\"@type\":\"BreadcrumbList\",\"@id\":\"https:\/\/litteraturbanken.se\/ljudochbild\/forfattare\/wagnere\/#breadcrumb\",\"itemListElement\":[{\"@type\":\"ListItem\",\"position\":1,\"name\":\"Hem\",\"item\":\"https:\/\/litteraturbanken.se\/ljudochbild\/\"},{\"@type\":\"ListItem\",\"position\":2,\"name\":\"F\u00f6rfattare\",\"item\":\"https:\/\/litteraturbanken.se\/ljudochbild\/forfattare\/\"},{\"@type\":\"ListItem\",\"position\":3,\"name\":\"Elin W\u00e4gner (1882\u20131949)\"}]},{\"@type\":\"WebSite\",\"@id\":\"https:\/\/litteraturbanken.se\/ljudochbild\/#website\",\"url\":\"https:\/\/litteraturbanken.se\/ljudochbild\/\",\"name\":\"Ljud & Bild\",\"description\":\"Ur Litteraturbankens samlingar\",\"potentialAction\":[{\"@type\":\"SearchAction\",\"target\":{\"@type\":\"EntryPoint\",\"urlTemplate\":\"https:\/\/litteraturbanken.se\/ljudochbild\/?s={search_term_string}\"},\"query-input\":{\"@type\":\"PropertyValueSpecification\",\"valueRequired\":true,\"valueName\":\"search_term_string\"}}],\"inLanguage\":\"sv-SE\"}]}<\/script>\n<!-- \/ Yoast SEO plugin. -->","yoast_head_json":{"title":"Elin W\u00e4gner (1882\u20131949) - Ljud &amp; Bild","description":"Elin W\u00e4gner \u00e4r en av den svenska feminismens klassiska ber\u00e4ttare. Hennes \u00e4mne \u00e4r framf\u00f6r allt kvinnans r\u00e4ttighet till r\u00f6st, frihet och ...","robots":{"index":"index","follow":"follow","max-snippet":"max-snippet:-1","max-image-preview":"max-image-preview:large","max-video-preview":"max-video-preview:-1"},"canonical":"https:\/\/litteraturbanken.se\/ljudochbild\/forfattare\/wagnere\/","og_locale":"sv_SE","og_type":"article","og_title":"Elin W\u00e4gner (1882\u20131949) - Ljud &amp; Bild","og_description":"Elin W\u00e4gner \u00e4r en av den svenska feminismens klassiska ber\u00e4ttare. Hennes \u00e4mne \u00e4r framf\u00f6r allt kvinnans r\u00e4ttighet till r\u00f6st, frihet och ...","og_url":"https:\/\/litteraturbanken.se\/ljudochbild\/forfattare\/wagnere\/","og_site_name":"Ljud &amp; Bild","article_publisher":"https:\/\/www.facebook.com\/Litteraturbanken.se","article_modified_time":"2024-09-17T13:53:58+00:00","og_image":[{"width":1428,"height":2103,"url":"https:\/\/litteraturbanken.se\/ljudochbild\/wp-content\/uploads\/2020\/02\/wagner.jpg","type":"image\/jpeg"}],"twitter_card":"summary_large_image","twitter_site":"@litteraturbank","twitter_misc":{"Ber\u00e4knad l\u00e4stid":"2 minuter"},"schema":{"@context":"https:\/\/schema.org","@graph":[{"@type":"WebPage","@id":"https:\/\/litteraturbanken.se\/ljudochbild\/forfattare\/wagnere\/","url":"https:\/\/litteraturbanken.se\/ljudochbild\/forfattare\/wagnere\/","name":"Elin W\u00e4gner (1882\u20131949) - Ljud &amp; Bild","isPartOf":{"@id":"https:\/\/litteraturbanken.se\/ljudochbild\/#website"},"primaryImageOfPage":{"@id":"https:\/\/litteraturbanken.se\/ljudochbild\/forfattare\/wagnere\/#primaryimage"},"image":{"@id":"https:\/\/litteraturbanken.se\/ljudochbild\/forfattare\/wagnere\/#primaryimage"},"thumbnailUrl":"https:\/\/litteraturbanken.se\/ljudochbild\/wp-content\/uploads\/2020\/02\/wagner.jpg","datePublished":"2020-02-16T13:42:24+00:00","dateModified":"2024-09-17T13:53:58+00:00","description":"Elin W\u00e4gner \u00e4r en av den svenska feminismens klassiska ber\u00e4ttare. Hennes \u00e4mne \u00e4r framf\u00f6r allt kvinnans r\u00e4ttighet till r\u00f6st, frihet och ...","breadcrumb":{"@id":"https:\/\/litteraturbanken.se\/ljudochbild\/forfattare\/wagnere\/#breadcrumb"},"inLanguage":"sv-SE","potentialAction":[{"@type":"ReadAction","target":["https:\/\/litteraturbanken.se\/ljudochbild\/forfattare\/wagnere\/"]}]},{"@type":"ImageObject","inLanguage":"sv-SE","@id":"https:\/\/litteraturbanken.se\/ljudochbild\/forfattare\/wagnere\/#primaryimage","url":"https:\/\/litteraturbanken.se\/ljudochbild\/wp-content\/uploads\/2020\/02\/wagner.jpg","contentUrl":"https:\/\/litteraturbanken.se\/ljudochbild\/wp-content\/uploads\/2020\/02\/wagner.jpg","width":1428,"height":2103},{"@type":"BreadcrumbList","@id":"https:\/\/litteraturbanken.se\/ljudochbild\/forfattare\/wagnere\/#breadcrumb","itemListElement":[{"@type":"ListItem","position":1,"name":"Hem","item":"https:\/\/litteraturbanken.se\/ljudochbild\/"},{"@type":"ListItem","position":2,"name":"F\u00f6rfattare","item":"https:\/\/litteraturbanken.se\/ljudochbild\/forfattare\/"},{"@type":"ListItem","position":3,"name":"Elin W\u00e4gner (1882\u20131949)"}]},{"@type":"WebSite","@id":"https:\/\/litteraturbanken.se\/ljudochbild\/#website","url":"https:\/\/litteraturbanken.se\/ljudochbild\/","name":"Ljud & Bild","description":"Ur Litteraturbankens samlingar","potentialAction":[{"@type":"SearchAction","target":{"@type":"EntryPoint","urlTemplate":"https:\/\/litteraturbanken.se\/ljudochbild\/?s={search_term_string}"},"query-input":{"@type":"PropertyValueSpecification","valueRequired":true,"valueName":"search_term_string"}}],"inLanguage":"sv-SE"}]}},"_links":{"self":[{"href":"https:\/\/litteraturbanken.se\/ljudochbild\/wp-json\/wp\/v2\/pages\/3345","targetHints":{"allow":["GET"]}}],"collection":[{"href":"https:\/\/litteraturbanken.se\/ljudochbild\/wp-json\/wp\/v2\/pages"}],"about":[{"href":"https:\/\/litteraturbanken.se\/ljudochbild\/wp-json\/wp\/v2\/types\/page"}],"author":[{"embeddable":true,"href":"https:\/\/litteraturbanken.se\/ljudochbild\/wp-json\/wp\/v2\/users\/1"}],"replies":[{"embeddable":true,"href":"https:\/\/litteraturbanken.se\/ljudochbild\/wp-json\/wp\/v2\/comments?post=3345"}],"version-history":[{"count":5,"href":"https:\/\/litteraturbanken.se\/ljudochbild\/wp-json\/wp\/v2\/pages\/3345\/revisions"}],"predecessor-version":[{"id":12297,"href":"https:\/\/litteraturbanken.se\/ljudochbild\/wp-json\/wp\/v2\/pages\/3345\/revisions\/12297"}],"up":[{"embeddable":true,"href":"https:\/\/litteraturbanken.se\/ljudochbild\/wp-json\/wp\/v2\/pages\/7"}],"wp:featuredmedia":[{"embeddable":true,"href":"https:\/\/litteraturbanken.se\/ljudochbild\/wp-json\/wp\/v2\/media\/3346"}],"wp:attachment":[{"href":"https:\/\/litteraturbanken.se\/ljudochbild\/wp-json\/wp\/v2\/media?parent=3345"}],"curies":[{"name":"wp","href":"https:\/\/api.w.org\/{rel}","templated":true}]}}