{"id":3349,"date":"2020-02-16T14:51:36","date_gmt":"2020-02-16T13:51:36","guid":{"rendered":"https:\/\/litteraturbanken.se\/ljudochbild\/?page_id=3349"},"modified":"2024-09-16T14:22:22","modified_gmt":"2024-09-16T12:22:22","slug":"anderssonerik","status":"publish","type":"page","link":"https:\/\/litteraturbanken.se\/ljudochbild\/forfattare\/anderssonerik\/","title":{"rendered":"Erik Andersson (f. 1962)"},"content":{"rendered":"<div class=\"wp-block-image\">\n<figure class=\"alignright size-medium\"><img loading=\"lazy\" decoding=\"async\" width=\"300\" height=\"300\" src=\"https:\/\/litteraturbanken.se\/ljudochbild\/wp-content\/uploads\/2020\/02\/anderssonerik-300x300.jpg\" alt=\"\" class=\"wp-image-3350\" srcset=\"https:\/\/litteraturbanken.se\/ljudochbild\/wp-content\/uploads\/2020\/02\/anderssonerik-300x300.jpg 300w, https:\/\/litteraturbanken.se\/ljudochbild\/wp-content\/uploads\/2020\/02\/anderssonerik-1024x1024.jpg 1024w, https:\/\/litteraturbanken.se\/ljudochbild\/wp-content\/uploads\/2020\/02\/anderssonerik-150x150.jpg 150w, https:\/\/litteraturbanken.se\/ljudochbild\/wp-content\/uploads\/2020\/02\/anderssonerik-768x767.jpg 768w, https:\/\/litteraturbanken.se\/ljudochbild\/wp-content\/uploads\/2020\/02\/anderssonerik-480x480.jpg 480w, https:\/\/litteraturbanken.se\/ljudochbild\/wp-content\/uploads\/2020\/02\/anderssonerik.jpg 1109w\" sizes=\"auto, (max-width: 300px) 100vw, 300px\" \/><\/figure>\n<\/div>\n\n\n<p>ERIK ANDERSSON (f. 1962) \u00e4r prosaist, ess\u00e4ist och \u00f6vers\u00e4ttare. Hans sparsmakade prosa h\u00e4mtar n\u00e4ring fr\u00e5n m\u00e5nga orter \u2013 inte minst det v\u00e4stg\u00f6tska landskap ur vilket han h\u00e4rstammar. Som \u00f6vers\u00e4ttare har Andersson n\u00e5tt stora framg\u00e5ngar, och han st\u00e5r bakom m\u00e4rkes\u00f6vers\u00e4ttningar av b\u00e5de James Joyce och J.R.R. Tolkien. F\u00f6r Litteraturbankens r\u00e4kning har han ocks\u00e5 skrivit en <a href=\"https:\/\/litteraturbanken.se\/presentationer\/specialomraden\/VadArEnOversattning.html\">ess\u00e4 om just \u00f6vers\u00e4ttning<\/a>.<\/p>\n\n\n\n<div class=\"wp-block-buttons is-layout-flex wp-block-buttons-is-layout-flex\">\n<div class=\"wp-block-button has-custom-font-size read-more-button\" style=\"font-size:14px\"><a class=\"wp-block-button__link has-white-color has-text-color has-background wp-element-button\" href=\"https:\/\/litteraturbanken.se\/f%C3%B6rfattare\/AnderssonErik\/titlar\" style=\"border-radius:0px;background-color:#cd2400\" target=\"_blank\" rel=\"noopener\"><strong>L\u00c4S <strong>ERIK ANDERSSONS<\/strong> VERK HOS LB.SE<\/strong><\/a><\/div>\n<\/div>\n\n\n\n<div style=\"height:20px\" aria-hidden=\"true\" class=\"wp-block-spacer\"><\/div>\n\n\n\n<div class=\"wp-playlist wp-audio-playlist wp-playlist-light\">\n\t\t\t<div class=\"wp-playlist-current-item\"><\/div>\n\t\t<audio controls=\"controls\" preload=\"none\" width=\"618\"\n\t\t\t><\/audio>\n\t<div class=\"wp-playlist-next\"><\/div>\n\t<div class=\"wp-playlist-prev\"><\/div>\n\t<noscript>\n\t<ol>\n\t\t<li><a href='https:\/\/litteraturbanken.se\/ljudochbild\/wp-content\/uploads\/2020\/02\/andersson_attlingenfranmecklenburg_elam.mp3'>\u00c4ttlingen fr\u00e5n Mecklenburg<\/a><\/li>\t<\/ol>\n\t<\/noscript>\n\t<script type=\"application\/json\" class=\"wp-playlist-script\">{\"type\":\"audio\",\"tracklist\":true,\"tracknumbers\":true,\"images\":true,\"artists\":true,\"tracks\":[{\"src\":\"https:\/\/litteraturbanken.se\/ljudochbild\/wp-content\/uploads\/2020\/02\/andersson_attlingenfranmecklenburg_elam.mp3\",\"type\":\"audio\/mpeg\",\"title\":\"\\u00c4ttlingen fr\\u00e5n Mecklenburg\",\"caption\":\"\",\"description\":\"\\\"\\u00c4ttlingen fr\\u00e5n Mecklenburg\\\" fr\\u00e5n Ingrid Elam l\\u00e4ser svenska noveller av Andersson, Erik. Sl\\u00e4ppt: 2020. Sp\\u00e5r 1.\",\"meta\":{\"artist\":\"Ingrid Elam l\\u00e4ser Erik Andersson\",\"album\":\"Erik Andersson\",\"year\":\"2020\",\"length_formatted\":\"9:56\"},\"image\":{\"src\":\"https:\/\/litteraturbanken.se\/ljudochbild\/wp-content\/uploads\/2019\/09\/wide_gub_wide-mp3-image.png\",\"width\":580,\"height\":612},\"thumb\":{\"src\":\"https:\/\/litteraturbanken.se\/ljudochbild\/wp-content\/uploads\/2019\/09\/wide_gub_wide-mp3-image-150x150.png\",\"width\":150,\"height\":150}}]}<\/script>\n<\/div>\n\t\n\n\n<h3 class=\"wp-block-heading author-related-title\">L\u00e4s mer<\/h3>\r\n<div class=\"display-posts-listing grid\"><div class=\"listing-item\"><a class=\"image\" href=\"https:\/\/litteraturbanken.se\/ljudochbild\/2020\/02\/20\/tretton-noveller\/\"><img loading=\"lazy\" decoding=\"async\" width=\"640\" height=\"854\" src=\"https:\/\/litteraturbanken.se\/ljudochbild\/wp-content\/uploads\/2020\/02\/novellantologi-767x1024.jpg\" class=\"attachment-large size-large wp-post-image\" alt=\"\" srcset=\"https:\/\/litteraturbanken.se\/ljudochbild\/wp-content\/uploads\/2020\/02\/novellantologi-767x1024.jpg 767w, https:\/\/litteraturbanken.se\/ljudochbild\/wp-content\/uploads\/2020\/02\/novellantologi-225x300.jpg 225w, https:\/\/litteraturbanken.se\/ljudochbild\/wp-content\/uploads\/2020\/02\/novellantologi-768x1026.jpg 768w, https:\/\/litteraturbanken.se\/ljudochbild\/wp-content\/uploads\/2020\/02\/novellantologi-480x641.jpg 480w, https:\/\/litteraturbanken.se\/ljudochbild\/wp-content\/uploads\/2020\/02\/novellantologi.jpg 900w\" sizes=\"auto, (max-width: 640px) 100vw, 640px\" \/><\/a> <a class=\"title\" href=\"https:\/\/litteraturbanken.se\/ljudochbild\/2020\/02\/20\/tretton-noveller\/\">Tretton noveller<\/a><\/div><div class=\"listing-item\"><a class=\"image\" href=\"https:\/\/litteraturbanken.se\/ljudochbild\/2019\/10\/08\/aurells-verkstad\/\"><img loading=\"lazy\" decoding=\"async\" width=\"640\" height=\"846\" src=\"https:\/\/litteraturbanken.se\/ljudochbild\/wp-content\/uploads\/2019\/10\/aurell_2-775x1024.jpg\" class=\"attachment-large size-large wp-post-image\" alt=\"\" srcset=\"https:\/\/litteraturbanken.se\/ljudochbild\/wp-content\/uploads\/2019\/10\/aurell_2-775x1024.jpg 775w, https:\/\/litteraturbanken.se\/ljudochbild\/wp-content\/uploads\/2019\/10\/aurell_2-227x300.jpg 227w, https:\/\/litteraturbanken.se\/ljudochbild\/wp-content\/uploads\/2019\/10\/aurell_2-768x1014.jpg 768w, https:\/\/litteraturbanken.se\/ljudochbild\/wp-content\/uploads\/2019\/10\/aurell_2-480x634.jpg 480w, https:\/\/litteraturbanken.se\/ljudochbild\/wp-content\/uploads\/2019\/10\/aurell_2.jpg 1588w\" sizes=\"auto, (max-width: 640px) 100vw, 640px\" \/><\/a> <a class=\"title\" href=\"https:\/\/litteraturbanken.se\/ljudochbild\/2019\/10\/08\/aurells-verkstad\/\">Tage Aurells verkstad<\/a><\/div><div class=\"listing-item\"><a class=\"image\" href=\"https:\/\/litteraturbanken.se\/ljudochbild\/2021\/03\/01\/litteraturkartan-en-nyhet\/\"><img loading=\"lazy\" decoding=\"async\" width=\"640\" height=\"759\" src=\"https:\/\/litteraturbanken.se\/ljudochbild\/wp-content\/uploads\/2021\/03\/litteraturkartan_ljudochbild_bloggbild-864x1024.jpg\" class=\"attachment-large size-large wp-post-image\" alt=\"\" srcset=\"https:\/\/litteraturbanken.se\/ljudochbild\/wp-content\/uploads\/2021\/03\/litteraturkartan_ljudochbild_bloggbild-864x1024.jpg 864w, https:\/\/litteraturbanken.se\/ljudochbild\/wp-content\/uploads\/2021\/03\/litteraturkartan_ljudochbild_bloggbild-253x300.jpg 253w, https:\/\/litteraturbanken.se\/ljudochbild\/wp-content\/uploads\/2021\/03\/litteraturkartan_ljudochbild_bloggbild-768x911.jpg 768w, https:\/\/litteraturbanken.se\/ljudochbild\/wp-content\/uploads\/2021\/03\/litteraturkartan_ljudochbild_bloggbild-480x569.jpg 480w, https:\/\/litteraturbanken.se\/ljudochbild\/wp-content\/uploads\/2021\/03\/litteraturkartan_ljudochbild_bloggbild.jpg 900w\" sizes=\"auto, (max-width: 640px) 100vw, 640px\" \/><\/a> <a class=\"title\" href=\"https:\/\/litteraturbanken.se\/ljudochbild\/2021\/03\/01\/litteraturkartan-en-nyhet\/\">Litteraturkartan: en nyhet<\/a><\/div><\/div>\r\n\r\n\n","protected":false},"excerpt":{"rendered":"<p>ERIK ANDERSSON (f. 1962) \u00e4r prosaist, ess\u00e4ist och \u00f6vers\u00e4ttare. Hans sparsmakade prosa h\u00e4mtar n\u00e4ring fr\u00e5n m\u00e5nga orter \u2013 inte minst det v\u00e4stg\u00f6tska landskap ur vilket han h\u00e4rstammar. Som \u00f6vers\u00e4ttare har Andersson n\u00e5tt stora framg\u00e5ngar, och han st\u00e5r bakom [&hellip;]<\/p>\n","protected":false},"author":1,"featured_media":3350,"parent":7,"menu_order":0,"comment_status":"closed","ping_status":"closed","template":"","meta":{"footnotes":""},"class_list":["post-3349","page","type-page","status-publish","has-post-thumbnail","hentry"],"yoast_head":"<!-- This site is optimized with the Yoast SEO plugin v27.1.1 - https:\/\/yoast.com\/product\/yoast-seo-wordpress\/ -->\n<title>Erik Andersson (f. 1962) - Ljud &amp; Bild<\/title>\n<meta name=\"robots\" content=\"index, follow, max-snippet:-1, max-image-preview:large, max-video-preview:-1\" \/>\n<link rel=\"canonical\" href=\"https:\/\/litteraturbanken.se\/ljudochbild\/forfattare\/anderssonerik\/\" \/>\n<meta property=\"og:locale\" content=\"sv_SE\" \/>\n<meta property=\"og:type\" content=\"article\" \/>\n<meta property=\"og:title\" content=\"Erik Andersson (f. 1962) - Ljud &amp; Bild\" \/>\n<meta property=\"og:description\" content=\"ERIK ANDERSSON (f. 1962) \u00e4r prosaist, ess\u00e4ist och \u00f6vers\u00e4ttare. Hans sparsmakade prosa h\u00e4mtar n\u00e4ring fr\u00e5n m\u00e5nga orter \u2013 inte minst det v\u00e4stg\u00f6tska landskap ur vilket han h\u00e4rstammar. Som \u00f6vers\u00e4ttare har Andersson n\u00e5tt stora framg\u00e5ngar, och han st\u00e5r bakom [&hellip;]\" \/>\n<meta property=\"og:url\" content=\"https:\/\/litteraturbanken.se\/ljudochbild\/forfattare\/anderssonerik\/\" \/>\n<meta property=\"og:site_name\" content=\"Ljud &amp; Bild\" \/>\n<meta property=\"article:publisher\" content=\"https:\/\/www.facebook.com\/Litteraturbanken.se\" \/>\n<meta property=\"article:modified_time\" content=\"2024-09-16T12:22:22+00:00\" \/>\n<meta property=\"og:image\" content=\"https:\/\/litteraturbanken.se\/ljudochbild\/wp-content\/uploads\/2020\/02\/anderssonerik.jpg\" \/>\n\t<meta property=\"og:image:width\" content=\"1109\" \/>\n\t<meta property=\"og:image:height\" content=\"1108\" \/>\n\t<meta property=\"og:image:type\" content=\"image\/jpeg\" \/>\n<meta name=\"twitter:card\" content=\"summary_large_image\" \/>\n<meta name=\"twitter:site\" content=\"@litteraturbank\" \/>\n<meta name=\"twitter:label1\" content=\"Ber\u00e4knad l\u00e4stid\" \/>\n\t<meta name=\"twitter:data1\" content=\"1 minut\" \/>\n<script type=\"application\/ld+json\" class=\"yoast-schema-graph\">{\"@context\":\"https:\/\/schema.org\",\"@graph\":[{\"@type\":\"WebPage\",\"@id\":\"https:\/\/litteraturbanken.se\/ljudochbild\/forfattare\/anderssonerik\/\",\"url\":\"https:\/\/litteraturbanken.se\/ljudochbild\/forfattare\/anderssonerik\/\",\"name\":\"Erik Andersson (f. 1962) - Ljud &amp; Bild\",\"isPartOf\":{\"@id\":\"https:\/\/litteraturbanken.se\/ljudochbild\/#website\"},\"primaryImageOfPage\":{\"@id\":\"https:\/\/litteraturbanken.se\/ljudochbild\/forfattare\/anderssonerik\/#primaryimage\"},\"image\":{\"@id\":\"https:\/\/litteraturbanken.se\/ljudochbild\/forfattare\/anderssonerik\/#primaryimage\"},\"thumbnailUrl\":\"https:\/\/litteraturbanken.se\/ljudochbild\/wp-content\/uploads\/2020\/02\/anderssonerik.jpg\",\"datePublished\":\"2020-02-16T13:51:36+00:00\",\"dateModified\":\"2024-09-16T12:22:22+00:00\",\"breadcrumb\":{\"@id\":\"https:\/\/litteraturbanken.se\/ljudochbild\/forfattare\/anderssonerik\/#breadcrumb\"},\"inLanguage\":\"sv-SE\",\"potentialAction\":[{\"@type\":\"ReadAction\",\"target\":[\"https:\/\/litteraturbanken.se\/ljudochbild\/forfattare\/anderssonerik\/\"]}]},{\"@type\":\"ImageObject\",\"inLanguage\":\"sv-SE\",\"@id\":\"https:\/\/litteraturbanken.se\/ljudochbild\/forfattare\/anderssonerik\/#primaryimage\",\"url\":\"https:\/\/litteraturbanken.se\/ljudochbild\/wp-content\/uploads\/2020\/02\/anderssonerik.jpg\",\"contentUrl\":\"https:\/\/litteraturbanken.se\/ljudochbild\/wp-content\/uploads\/2020\/02\/anderssonerik.jpg\",\"width\":1109,\"height\":1108},{\"@type\":\"BreadcrumbList\",\"@id\":\"https:\/\/litteraturbanken.se\/ljudochbild\/forfattare\/anderssonerik\/#breadcrumb\",\"itemListElement\":[{\"@type\":\"ListItem\",\"position\":1,\"name\":\"Hem\",\"item\":\"https:\/\/litteraturbanken.se\/ljudochbild\/\"},{\"@type\":\"ListItem\",\"position\":2,\"name\":\"F\u00f6rfattare\",\"item\":\"https:\/\/litteraturbanken.se\/ljudochbild\/forfattare\/\"},{\"@type\":\"ListItem\",\"position\":3,\"name\":\"Erik Andersson (f. 1962)\"}]},{\"@type\":\"WebSite\",\"@id\":\"https:\/\/litteraturbanken.se\/ljudochbild\/#website\",\"url\":\"https:\/\/litteraturbanken.se\/ljudochbild\/\",\"name\":\"Ljud & Bild\",\"description\":\"Ur Litteraturbankens samlingar\",\"potentialAction\":[{\"@type\":\"SearchAction\",\"target\":{\"@type\":\"EntryPoint\",\"urlTemplate\":\"https:\/\/litteraturbanken.se\/ljudochbild\/?s={search_term_string}\"},\"query-input\":{\"@type\":\"PropertyValueSpecification\",\"valueRequired\":true,\"valueName\":\"search_term_string\"}}],\"inLanguage\":\"sv-SE\"}]}<\/script>\n<!-- \/ Yoast SEO plugin. -->","yoast_head_json":{"title":"Erik Andersson (f. 1962) - Ljud &amp; Bild","robots":{"index":"index","follow":"follow","max-snippet":"max-snippet:-1","max-image-preview":"max-image-preview:large","max-video-preview":"max-video-preview:-1"},"canonical":"https:\/\/litteraturbanken.se\/ljudochbild\/forfattare\/anderssonerik\/","og_locale":"sv_SE","og_type":"article","og_title":"Erik Andersson (f. 1962) - Ljud &amp; Bild","og_description":"ERIK ANDERSSON (f. 1962) \u00e4r prosaist, ess\u00e4ist och \u00f6vers\u00e4ttare. Hans sparsmakade prosa h\u00e4mtar n\u00e4ring fr\u00e5n m\u00e5nga orter \u2013 inte minst det v\u00e4stg\u00f6tska landskap ur vilket han h\u00e4rstammar. Som \u00f6vers\u00e4ttare har Andersson n\u00e5tt stora framg\u00e5ngar, och han st\u00e5r bakom [&hellip;]","og_url":"https:\/\/litteraturbanken.se\/ljudochbild\/forfattare\/anderssonerik\/","og_site_name":"Ljud &amp; Bild","article_publisher":"https:\/\/www.facebook.com\/Litteraturbanken.se","article_modified_time":"2024-09-16T12:22:22+00:00","og_image":[{"width":1109,"height":1108,"url":"https:\/\/litteraturbanken.se\/ljudochbild\/wp-content\/uploads\/2020\/02\/anderssonerik.jpg","type":"image\/jpeg"}],"twitter_card":"summary_large_image","twitter_site":"@litteraturbank","twitter_misc":{"Ber\u00e4knad l\u00e4stid":"1 minut"},"schema":{"@context":"https:\/\/schema.org","@graph":[{"@type":"WebPage","@id":"https:\/\/litteraturbanken.se\/ljudochbild\/forfattare\/anderssonerik\/","url":"https:\/\/litteraturbanken.se\/ljudochbild\/forfattare\/anderssonerik\/","name":"Erik Andersson (f. 1962) - Ljud &amp; Bild","isPartOf":{"@id":"https:\/\/litteraturbanken.se\/ljudochbild\/#website"},"primaryImageOfPage":{"@id":"https:\/\/litteraturbanken.se\/ljudochbild\/forfattare\/anderssonerik\/#primaryimage"},"image":{"@id":"https:\/\/litteraturbanken.se\/ljudochbild\/forfattare\/anderssonerik\/#primaryimage"},"thumbnailUrl":"https:\/\/litteraturbanken.se\/ljudochbild\/wp-content\/uploads\/2020\/02\/anderssonerik.jpg","datePublished":"2020-02-16T13:51:36+00:00","dateModified":"2024-09-16T12:22:22+00:00","breadcrumb":{"@id":"https:\/\/litteraturbanken.se\/ljudochbild\/forfattare\/anderssonerik\/#breadcrumb"},"inLanguage":"sv-SE","potentialAction":[{"@type":"ReadAction","target":["https:\/\/litteraturbanken.se\/ljudochbild\/forfattare\/anderssonerik\/"]}]},{"@type":"ImageObject","inLanguage":"sv-SE","@id":"https:\/\/litteraturbanken.se\/ljudochbild\/forfattare\/anderssonerik\/#primaryimage","url":"https:\/\/litteraturbanken.se\/ljudochbild\/wp-content\/uploads\/2020\/02\/anderssonerik.jpg","contentUrl":"https:\/\/litteraturbanken.se\/ljudochbild\/wp-content\/uploads\/2020\/02\/anderssonerik.jpg","width":1109,"height":1108},{"@type":"BreadcrumbList","@id":"https:\/\/litteraturbanken.se\/ljudochbild\/forfattare\/anderssonerik\/#breadcrumb","itemListElement":[{"@type":"ListItem","position":1,"name":"Hem","item":"https:\/\/litteraturbanken.se\/ljudochbild\/"},{"@type":"ListItem","position":2,"name":"F\u00f6rfattare","item":"https:\/\/litteraturbanken.se\/ljudochbild\/forfattare\/"},{"@type":"ListItem","position":3,"name":"Erik Andersson (f. 1962)"}]},{"@type":"WebSite","@id":"https:\/\/litteraturbanken.se\/ljudochbild\/#website","url":"https:\/\/litteraturbanken.se\/ljudochbild\/","name":"Ljud & Bild","description":"Ur Litteraturbankens samlingar","potentialAction":[{"@type":"SearchAction","target":{"@type":"EntryPoint","urlTemplate":"https:\/\/litteraturbanken.se\/ljudochbild\/?s={search_term_string}"},"query-input":{"@type":"PropertyValueSpecification","valueRequired":true,"valueName":"search_term_string"}}],"inLanguage":"sv-SE"}]}},"_links":{"self":[{"href":"https:\/\/litteraturbanken.se\/ljudochbild\/wp-json\/wp\/v2\/pages\/3349","targetHints":{"allow":["GET"]}}],"collection":[{"href":"https:\/\/litteraturbanken.se\/ljudochbild\/wp-json\/wp\/v2\/pages"}],"about":[{"href":"https:\/\/litteraturbanken.se\/ljudochbild\/wp-json\/wp\/v2\/types\/page"}],"author":[{"embeddable":true,"href":"https:\/\/litteraturbanken.se\/ljudochbild\/wp-json\/wp\/v2\/users\/1"}],"replies":[{"embeddable":true,"href":"https:\/\/litteraturbanken.se\/ljudochbild\/wp-json\/wp\/v2\/comments?post=3349"}],"version-history":[{"count":3,"href":"https:\/\/litteraturbanken.se\/ljudochbild\/wp-json\/wp\/v2\/pages\/3349\/revisions"}],"predecessor-version":[{"id":12025,"href":"https:\/\/litteraturbanken.se\/ljudochbild\/wp-json\/wp\/v2\/pages\/3349\/revisions\/12025"}],"up":[{"embeddable":true,"href":"https:\/\/litteraturbanken.se\/ljudochbild\/wp-json\/wp\/v2\/pages\/7"}],"wp:featuredmedia":[{"embeddable":true,"href":"https:\/\/litteraturbanken.se\/ljudochbild\/wp-json\/wp\/v2\/media\/3350"}],"wp:attachment":[{"href":"https:\/\/litteraturbanken.se\/ljudochbild\/wp-json\/wp\/v2\/media?parent=3349"}],"curies":[{"name":"wp","href":"https:\/\/api.w.org\/{rel}","templated":true}]}}