{"id":3657,"date":"2020-03-27T08:58:17","date_gmt":"2020-03-27T07:58:17","guid":{"rendered":"https:\/\/litteraturbanken.se\/ljudochbild\/?page_id=3657"},"modified":"2024-09-17T10:00:04","modified_gmt":"2024-09-17T08:00:04","slug":"larssonleon","status":"publish","type":"page","link":"https:\/\/litteraturbanken.se\/ljudochbild\/forfattare\/larssonleon\/","title":{"rendered":"Leon Larsson (1883\u20131922)"},"content":{"rendered":"<div class=\"wp-block-image\">\n<figure class=\"alignright size-medium\"><img loading=\"lazy\" decoding=\"async\" width=\"293\" height=\"300\" src=\"https:\/\/litteraturbanken.se\/ljudochbild\/wp-content\/uploads\/2020\/03\/LeonLarsson-293x300.jpg\" alt=\"\" class=\"wp-image-3658\" srcset=\"https:\/\/litteraturbanken.se\/ljudochbild\/wp-content\/uploads\/2020\/03\/LeonLarsson-293x300.jpg 293w, https:\/\/litteraturbanken.se\/ljudochbild\/wp-content\/uploads\/2020\/03\/LeonLarsson.jpg 454w\" sizes=\"auto, (max-width: 293px) 100vw, 293px\" \/><\/figure>\n<\/div>\n\n\n<p>\u201dLEON LARSSON (1883\u20131922) v\u00e4xte upp i fattigdom. Sina ungdoms\u00e5r arbetade han som springpojke och smedl\u00e4rling. Efter att ha anlagt en brand i huset d\u00e4r familjen bodde fick han tillbringa en tid p\u00e5 uppfostringsanstalt. Han ansl\u00f6t sig till ungsocialisterna och debuterade som poet 1904 med dikten \u201dMitt hat\u201d i Socialistiska ungdomsf\u00f6rbundets tidskrift\u00a0<em>Brand<\/em>. Tv\u00e5 \u00e5r senare utgav han debutdiktsamlingen \u201dHatets s\u00e5nger\u201d i vilken han ger uttryck f\u00f6r sin avsky inf\u00f6r de miserabla f\u00f6rh\u00e5llanden som r\u00e5der f\u00f6r den som f\u00f6tts in i arbetarklassen. N\u00e5gra \u00e5r d\u00e4refter br\u00f6t han med ungsocialistiska r\u00f6relsen och engagerade sig i socialdemokraterna som medarbetare i tidningen\u00a0<em>Fram<\/em>. Han fick \u00e4ven, hj\u00e4lpt av v\u00e4nnen Bengt Lidforss, tillf\u00e4lle att skriva f\u00f6r\u00a0<em>Arbetet<\/em>. Larssons f\u00f6rsta roman \u2013\u00a0<em>Samh\u00e4llets fiende<\/em> (1909) \u2013 var en nyckelroman d\u00e4r han tog starkt avst\u00e5nd fr\u00e5n ungsocialismen och bland annat portr\u00e4tterade Hinke Bergegren som en falsk och ber\u00e4knande manipulat\u00f6r.\u201d<\/p>\n\n\n\n<p>Stycket ovanf\u00f6r kommer ur Lotta Lotass introduktion om Leon Larsson hos Litteraturbanken.<\/p>\n\n\n\n<div class=\"wp-block-buttons is-layout-flex wp-block-buttons-is-layout-flex\">\n<div class=\"wp-block-button has-custom-font-size read-more-button\" style=\"font-size:14px\"><a class=\"wp-block-button__link has-white-color has-text-color has-background wp-element-button\" href=\"https:\/\/litteraturbanken.se\/f%C3%B6rfattare\/LarssonLeon\" style=\"border-radius:0px;background-color:#cd2400\" target=\"_blank\" rel=\"noopener\"><strong>L\u00c4S MER OM LEON LARSSON<\/strong><\/a><\/div>\n\n\n\n<div class=\"wp-block-button has-custom-font-size read-more-button\" style=\"font-size:14px\"><a class=\"wp-block-button__link has-white-color has-text-color has-background wp-element-button\" href=\"https:\/\/litteraturbanken.se\/f%C3%B6rfattare\/LarssonLeon\/titlar\" style=\"border-radius:0px;background-color:#cd2400\" target=\"_blank\" rel=\"noopener\"><strong>L\u00c4S LEON LARSSONS VERK HOS LB.SE<\/strong><\/a><\/div>\n<\/div>\n\n\n\n<div style=\"height:20px\" aria-hidden=\"true\" class=\"wp-block-spacer\"><\/div>\n\n\n\n<div class=\"wp-playlist wp-audio-playlist wp-playlist-light\">\n\t\t\t<div class=\"wp-playlist-current-item\"><\/div>\n\t\t<audio controls=\"controls\" preload=\"none\" width=\"618\"\n\t\t\t><\/audio>\n\t<div class=\"wp-playlist-next\"><\/div>\n\t<div class=\"wp-playlist-prev\"><\/div>\n\t<noscript>\n\t<ol>\n\t\t<li><a href='https:\/\/litteraturbanken.se\/ljudochbild\/wp-content\/uploads\/2020\/03\/larsson_hatetssang_berglund.mp3'>Hatets s\u00e5ng<\/a><\/li><li><a href='https:\/\/litteraturbanken.se\/ljudochbild\/wp-content\/uploads\/2020\/03\/larsson_itraldom_berglund.mp3'>I tr\u00e4ldom<\/a><\/li>\t<\/ol>\n\t<\/noscript>\n\t<script type=\"application\/json\" class=\"wp-playlist-script\">{\"type\":\"audio\",\"tracklist\":true,\"tracknumbers\":true,\"images\":true,\"artists\":true,\"tracks\":[{\"src\":\"https:\/\/litteraturbanken.se\/ljudochbild\/wp-content\/uploads\/2020\/03\/larsson_hatetssang_berglund.mp3\",\"type\":\"audio\/mpeg\",\"title\":\"Hatets s\\u00e5ng\",\"caption\":\"\",\"description\":\"\\\"Hatets s\\u00e5ng\\\" fr\\u00e5n Dan Berglund l\\u00e4ser Leon Larsson av Larsson, Leon. Sl\\u00e4ppt: 2020. Sp\\u00e5r 30.\",\"meta\":{\"artist\":\"Dan Berglund l\\u00e4ser Leon Larsson\",\"album\":\"Leon Larsson\",\"year\":\"2020\",\"length_formatted\":\"1:35\"},\"image\":{\"src\":\"https:\/\/litteraturbanken.se\/ljudochbild\/wp-content\/uploads\/2019\/09\/wide_gub_wide-mp3-image.png\",\"width\":580,\"height\":612},\"thumb\":{\"src\":\"https:\/\/litteraturbanken.se\/ljudochbild\/wp-content\/uploads\/2019\/09\/wide_gub_wide-mp3-image-150x150.png\",\"width\":150,\"height\":150}},{\"src\":\"https:\/\/litteraturbanken.se\/ljudochbild\/wp-content\/uploads\/2020\/03\/larsson_itraldom_berglund.mp3\",\"type\":\"audio\/mpeg\",\"title\":\"I tr\\u00e4ldom\",\"caption\":\"\",\"description\":\"\\\"I tr\\u00e4ldom\\\" fr\\u00e5n Dan Berglund l\\u00e4ser Leon Larsson av Larsson, Leon. Sl\\u00e4ppt: 2020. Sp\\u00e5r 31.\",\"meta\":{\"artist\":\"Dan Berglund l\\u00e4ser Leon Larsson\",\"album\":\"Leon Larsson\",\"year\":\"2020\",\"length_formatted\":\"1:59\"},\"image\":{\"src\":\"https:\/\/litteraturbanken.se\/ljudochbild\/wp-content\/uploads\/2019\/09\/wide_gub_wide-mp3-image.png\",\"width\":580,\"height\":612},\"thumb\":{\"src\":\"https:\/\/litteraturbanken.se\/ljudochbild\/wp-content\/uploads\/2019\/09\/wide_gub_wide-mp3-image-150x150.png\",\"width\":150,\"height\":150}}]}<\/script>\n<\/div>\n\t\n\n\n<h3 class=\"wp-block-heading author-related-title\">L\u00e4s mer<\/h3>\r\n<div class=\"display-posts-listing grid\"><div class=\"listing-item\"><a class=\"image\" href=\"https:\/\/litteraturbanken.se\/ljudochbild\/2020\/03\/31\/vispoeten-dan-berglund-laser-svenska-klassiker\/\"><img loading=\"lazy\" decoding=\"async\" width=\"640\" height=\"909\" src=\"https:\/\/litteraturbanken.se\/ljudochbild\/wp-content\/uploads\/2019\/12\/danberglund_evabrandin.jpg\" class=\"attachment-large size-large wp-post-image\" alt=\"Dan Berglund\" srcset=\"https:\/\/litteraturbanken.se\/ljudochbild\/wp-content\/uploads\/2019\/12\/danberglund_evabrandin.jpg 704w, https:\/\/litteraturbanken.se\/ljudochbild\/wp-content\/uploads\/2019\/12\/danberglund_evabrandin-211x300.jpg 211w, https:\/\/litteraturbanken.se\/ljudochbild\/wp-content\/uploads\/2019\/12\/danberglund_evabrandin-480x682.jpg 480w\" sizes=\"auto, (max-width: 640px) 100vw, 640px\" \/><\/a> <a class=\"title\" href=\"https:\/\/litteraturbanken.se\/ljudochbild\/2020\/03\/31\/vispoeten-dan-berglund-laser-svenska-klassiker\/\">Berglunds klassiker<\/a><\/div><\/div>\r\n\r\n\n","protected":false},"excerpt":{"rendered":"<p>\u201dLEON LARSSON (1883\u20131922) v\u00e4xte upp i fattigdom. Sina ungdoms\u00e5r arbetade han som springpojke och smedl\u00e4rling. Efter att ha anlagt en brand i huset d\u00e4r familjen bodde fick han tillbringa en tid p\u00e5 uppfostringsanstalt. Han ansl\u00f6t sig till ungsocialisterna [&hellip;]<\/p>\n","protected":false},"author":1,"featured_media":3658,"parent":7,"menu_order":0,"comment_status":"closed","ping_status":"closed","template":"","meta":{"footnotes":""},"class_list":["post-3657","page","type-page","status-publish","has-post-thumbnail","hentry"],"yoast_head":"<!-- This site is optimized with the Yoast SEO plugin v27.1.1 - https:\/\/yoast.com\/product\/yoast-seo-wordpress\/ -->\n<title>Leon Larsson (1883\u20131922) - Ljud &amp; Bild<\/title>\n<meta name=\"robots\" content=\"index, follow, max-snippet:-1, max-image-preview:large, max-video-preview:-1\" \/>\n<link rel=\"canonical\" href=\"https:\/\/litteraturbanken.se\/ljudochbild\/forfattare\/larssonleon\/\" \/>\n<meta property=\"og:locale\" content=\"sv_SE\" \/>\n<meta property=\"og:type\" content=\"article\" \/>\n<meta property=\"og:title\" content=\"Leon Larsson (1883\u20131922) - Ljud &amp; Bild\" \/>\n<meta property=\"og:description\" content=\"\u201dLEON LARSSON (1883\u20131922) v\u00e4xte upp i fattigdom. Sina ungdoms\u00e5r arbetade han som springpojke och smedl\u00e4rling. Efter att ha anlagt en brand i huset d\u00e4r familjen bodde fick han tillbringa en tid p\u00e5 uppfostringsanstalt. Han ansl\u00f6t sig till ungsocialisterna [&hellip;]\" \/>\n<meta property=\"og:url\" content=\"https:\/\/litteraturbanken.se\/ljudochbild\/forfattare\/larssonleon\/\" \/>\n<meta property=\"og:site_name\" content=\"Ljud &amp; Bild\" \/>\n<meta property=\"article:publisher\" content=\"https:\/\/www.facebook.com\/Litteraturbanken.se\" \/>\n<meta property=\"article:modified_time\" content=\"2024-09-17T08:00:04+00:00\" \/>\n<meta property=\"og:image\" content=\"https:\/\/litteraturbanken.se\/ljudochbild\/wp-content\/uploads\/2020\/03\/LeonLarsson.jpg\" \/>\n\t<meta property=\"og:image:width\" content=\"454\" \/>\n\t<meta property=\"og:image:height\" content=\"465\" \/>\n\t<meta property=\"og:image:type\" content=\"image\/jpeg\" \/>\n<meta name=\"twitter:card\" content=\"summary_large_image\" \/>\n<meta name=\"twitter:site\" content=\"@litteraturbank\" \/>\n<meta name=\"twitter:label1\" content=\"Ber\u00e4knad l\u00e4stid\" \/>\n\t<meta name=\"twitter:data1\" content=\"2 minuter\" \/>\n<script type=\"application\/ld+json\" class=\"yoast-schema-graph\">{\"@context\":\"https:\/\/schema.org\",\"@graph\":[{\"@type\":\"WebPage\",\"@id\":\"https:\/\/litteraturbanken.se\/ljudochbild\/forfattare\/larssonleon\/\",\"url\":\"https:\/\/litteraturbanken.se\/ljudochbild\/forfattare\/larssonleon\/\",\"name\":\"Leon Larsson (1883\u20131922) - Ljud &amp; Bild\",\"isPartOf\":{\"@id\":\"https:\/\/litteraturbanken.se\/ljudochbild\/#website\"},\"primaryImageOfPage\":{\"@id\":\"https:\/\/litteraturbanken.se\/ljudochbild\/forfattare\/larssonleon\/#primaryimage\"},\"image\":{\"@id\":\"https:\/\/litteraturbanken.se\/ljudochbild\/forfattare\/larssonleon\/#primaryimage\"},\"thumbnailUrl\":\"https:\/\/litteraturbanken.se\/ljudochbild\/wp-content\/uploads\/2020\/03\/LeonLarsson.jpg\",\"datePublished\":\"2020-03-27T07:58:17+00:00\",\"dateModified\":\"2024-09-17T08:00:04+00:00\",\"breadcrumb\":{\"@id\":\"https:\/\/litteraturbanken.se\/ljudochbild\/forfattare\/larssonleon\/#breadcrumb\"},\"inLanguage\":\"sv-SE\",\"potentialAction\":[{\"@type\":\"ReadAction\",\"target\":[\"https:\/\/litteraturbanken.se\/ljudochbild\/forfattare\/larssonleon\/\"]}]},{\"@type\":\"ImageObject\",\"inLanguage\":\"sv-SE\",\"@id\":\"https:\/\/litteraturbanken.se\/ljudochbild\/forfattare\/larssonleon\/#primaryimage\",\"url\":\"https:\/\/litteraturbanken.se\/ljudochbild\/wp-content\/uploads\/2020\/03\/LeonLarsson.jpg\",\"contentUrl\":\"https:\/\/litteraturbanken.se\/ljudochbild\/wp-content\/uploads\/2020\/03\/LeonLarsson.jpg\",\"width\":454,\"height\":465},{\"@type\":\"BreadcrumbList\",\"@id\":\"https:\/\/litteraturbanken.se\/ljudochbild\/forfattare\/larssonleon\/#breadcrumb\",\"itemListElement\":[{\"@type\":\"ListItem\",\"position\":1,\"name\":\"Hem\",\"item\":\"https:\/\/litteraturbanken.se\/ljudochbild\/\"},{\"@type\":\"ListItem\",\"position\":2,\"name\":\"F\u00f6rfattare\",\"item\":\"https:\/\/litteraturbanken.se\/ljudochbild\/forfattare\/\"},{\"@type\":\"ListItem\",\"position\":3,\"name\":\"Leon Larsson (1883\u20131922)\"}]},{\"@type\":\"WebSite\",\"@id\":\"https:\/\/litteraturbanken.se\/ljudochbild\/#website\",\"url\":\"https:\/\/litteraturbanken.se\/ljudochbild\/\",\"name\":\"Ljud & Bild\",\"description\":\"Ur Litteraturbankens samlingar\",\"potentialAction\":[{\"@type\":\"SearchAction\",\"target\":{\"@type\":\"EntryPoint\",\"urlTemplate\":\"https:\/\/litteraturbanken.se\/ljudochbild\/?s={search_term_string}\"},\"query-input\":{\"@type\":\"PropertyValueSpecification\",\"valueRequired\":true,\"valueName\":\"search_term_string\"}}],\"inLanguage\":\"sv-SE\"}]}<\/script>\n<!-- \/ Yoast SEO plugin. -->","yoast_head_json":{"title":"Leon Larsson (1883\u20131922) - Ljud &amp; Bild","robots":{"index":"index","follow":"follow","max-snippet":"max-snippet:-1","max-image-preview":"max-image-preview:large","max-video-preview":"max-video-preview:-1"},"canonical":"https:\/\/litteraturbanken.se\/ljudochbild\/forfattare\/larssonleon\/","og_locale":"sv_SE","og_type":"article","og_title":"Leon Larsson (1883\u20131922) - Ljud &amp; Bild","og_description":"\u201dLEON LARSSON (1883\u20131922) v\u00e4xte upp i fattigdom. Sina ungdoms\u00e5r arbetade han som springpojke och smedl\u00e4rling. Efter att ha anlagt en brand i huset d\u00e4r familjen bodde fick han tillbringa en tid p\u00e5 uppfostringsanstalt. Han ansl\u00f6t sig till ungsocialisterna [&hellip;]","og_url":"https:\/\/litteraturbanken.se\/ljudochbild\/forfattare\/larssonleon\/","og_site_name":"Ljud &amp; Bild","article_publisher":"https:\/\/www.facebook.com\/Litteraturbanken.se","article_modified_time":"2024-09-17T08:00:04+00:00","og_image":[{"width":454,"height":465,"url":"https:\/\/litteraturbanken.se\/ljudochbild\/wp-content\/uploads\/2020\/03\/LeonLarsson.jpg","type":"image\/jpeg"}],"twitter_card":"summary_large_image","twitter_site":"@litteraturbank","twitter_misc":{"Ber\u00e4knad l\u00e4stid":"2 minuter"},"schema":{"@context":"https:\/\/schema.org","@graph":[{"@type":"WebPage","@id":"https:\/\/litteraturbanken.se\/ljudochbild\/forfattare\/larssonleon\/","url":"https:\/\/litteraturbanken.se\/ljudochbild\/forfattare\/larssonleon\/","name":"Leon Larsson (1883\u20131922) - Ljud &amp; Bild","isPartOf":{"@id":"https:\/\/litteraturbanken.se\/ljudochbild\/#website"},"primaryImageOfPage":{"@id":"https:\/\/litteraturbanken.se\/ljudochbild\/forfattare\/larssonleon\/#primaryimage"},"image":{"@id":"https:\/\/litteraturbanken.se\/ljudochbild\/forfattare\/larssonleon\/#primaryimage"},"thumbnailUrl":"https:\/\/litteraturbanken.se\/ljudochbild\/wp-content\/uploads\/2020\/03\/LeonLarsson.jpg","datePublished":"2020-03-27T07:58:17+00:00","dateModified":"2024-09-17T08:00:04+00:00","breadcrumb":{"@id":"https:\/\/litteraturbanken.se\/ljudochbild\/forfattare\/larssonleon\/#breadcrumb"},"inLanguage":"sv-SE","potentialAction":[{"@type":"ReadAction","target":["https:\/\/litteraturbanken.se\/ljudochbild\/forfattare\/larssonleon\/"]}]},{"@type":"ImageObject","inLanguage":"sv-SE","@id":"https:\/\/litteraturbanken.se\/ljudochbild\/forfattare\/larssonleon\/#primaryimage","url":"https:\/\/litteraturbanken.se\/ljudochbild\/wp-content\/uploads\/2020\/03\/LeonLarsson.jpg","contentUrl":"https:\/\/litteraturbanken.se\/ljudochbild\/wp-content\/uploads\/2020\/03\/LeonLarsson.jpg","width":454,"height":465},{"@type":"BreadcrumbList","@id":"https:\/\/litteraturbanken.se\/ljudochbild\/forfattare\/larssonleon\/#breadcrumb","itemListElement":[{"@type":"ListItem","position":1,"name":"Hem","item":"https:\/\/litteraturbanken.se\/ljudochbild\/"},{"@type":"ListItem","position":2,"name":"F\u00f6rfattare","item":"https:\/\/litteraturbanken.se\/ljudochbild\/forfattare\/"},{"@type":"ListItem","position":3,"name":"Leon Larsson (1883\u20131922)"}]},{"@type":"WebSite","@id":"https:\/\/litteraturbanken.se\/ljudochbild\/#website","url":"https:\/\/litteraturbanken.se\/ljudochbild\/","name":"Ljud & Bild","description":"Ur Litteraturbankens samlingar","potentialAction":[{"@type":"SearchAction","target":{"@type":"EntryPoint","urlTemplate":"https:\/\/litteraturbanken.se\/ljudochbild\/?s={search_term_string}"},"query-input":{"@type":"PropertyValueSpecification","valueRequired":true,"valueName":"search_term_string"}}],"inLanguage":"sv-SE"}]}},"_links":{"self":[{"href":"https:\/\/litteraturbanken.se\/ljudochbild\/wp-json\/wp\/v2\/pages\/3657","targetHints":{"allow":["GET"]}}],"collection":[{"href":"https:\/\/litteraturbanken.se\/ljudochbild\/wp-json\/wp\/v2\/pages"}],"about":[{"href":"https:\/\/litteraturbanken.se\/ljudochbild\/wp-json\/wp\/v2\/types\/page"}],"author":[{"embeddable":true,"href":"https:\/\/litteraturbanken.se\/ljudochbild\/wp-json\/wp\/v2\/users\/1"}],"replies":[{"embeddable":true,"href":"https:\/\/litteraturbanken.se\/ljudochbild\/wp-json\/wp\/v2\/comments?post=3657"}],"version-history":[{"count":4,"href":"https:\/\/litteraturbanken.se\/ljudochbild\/wp-json\/wp\/v2\/pages\/3657\/revisions"}],"predecessor-version":[{"id":12154,"href":"https:\/\/litteraturbanken.se\/ljudochbild\/wp-json\/wp\/v2\/pages\/3657\/revisions\/12154"}],"up":[{"embeddable":true,"href":"https:\/\/litteraturbanken.se\/ljudochbild\/wp-json\/wp\/v2\/pages\/7"}],"wp:featuredmedia":[{"embeddable":true,"href":"https:\/\/litteraturbanken.se\/ljudochbild\/wp-json\/wp\/v2\/media\/3658"}],"wp:attachment":[{"href":"https:\/\/litteraturbanken.se\/ljudochbild\/wp-json\/wp\/v2\/media?parent=3657"}],"curies":[{"name":"wp","href":"https:\/\/api.w.org\/{rel}","templated":true}]}}