{"id":3864,"date":"2020-08-17T10:54:59","date_gmt":"2020-08-17T08:54:59","guid":{"rendered":"https:\/\/litteraturbanken.se\/ljudochbild\/?page_id=3864"},"modified":"2024-09-16T14:14:27","modified_gmt":"2024-09-16T12:14:27","slug":"alvingb","status":"publish","type":"page","link":"https:\/\/litteraturbanken.se\/ljudochbild\/forfattare\/alvingb\/","title":{"rendered":"Barbro Alving (1909\u20131987)"},"content":{"rendered":"<div class=\"wp-block-image\">\n<figure class=\"alignright size-medium\"><img loading=\"lazy\" decoding=\"async\" width=\"210\" height=\"300\" src=\"https:\/\/litteraturbanken.se\/ljudochbild\/wp-content\/uploads\/2020\/08\/AlvingB_large-210x300.jpeg\" alt=\"Fotografi av Barbro Alving\" class=\"wp-image-3865\" srcset=\"https:\/\/litteraturbanken.se\/ljudochbild\/wp-content\/uploads\/2020\/08\/AlvingB_large-210x300.jpeg 210w, https:\/\/litteraturbanken.se\/ljudochbild\/wp-content\/uploads\/2020\/08\/AlvingB_large.jpeg 385w\" sizes=\"auto, (max-width: 210px) 100vw, 210px\" \/><\/figure>\n<\/div>\n\n\n<p>\u201dBARBRO ALVING (1909\u20131987). Or\u00e4dd krigsreporter, str\u00e4vsam tidningsmurvel, spr\u00e5k- och stilbeg\u00e5vad k\u00e5s\u00f6r. Men ocks\u00e5 kristen pacifist och humanist med civilkurage, samt queer pionj\u00e4r.&nbsp;<em>K\u00e4ringen mot str\u00f6mmen<\/em>, den signatur Alving fick p\u00e5 Vecko-Journalen 1942, kan f\u00f6refalla synnerligen passande.<\/p>\n\n\n\n<p>Sj\u00e4lv f\u00f6redrog hon&nbsp;<em>Bang.<\/em>&nbsp;En enkel sammans\u00e4ttning av f\u00f6rnamnets inledning och efternamnets avslutning, men ocks\u00e5 ett ljudh\u00e4rmande ord f\u00f6r ett pl\u00f6tsligt, h\u00f6gt ljud. Signaturen har, precis som Barbro Alvings skrivande, n\u00e5got omissk\u00e4nnligt schvungfullt \u00f6ver sig. Det \u00e4r h\u00e4r och nu.\u201d<\/p>\n\n\n\n<p>Passagen ovan \u00e4r h\u00e4mtad ur \u00c5sa Arpings ess\u00e4 om Barbro Alving hos Litteraturbanken.<\/p>\n\n\n\n<div class=\"wp-block-buttons is-layout-flex wp-block-buttons-is-layout-flex\">\n<div class=\"wp-block-button has-custom-font-size read-more-button\" style=\"font-size:14px\"><a class=\"wp-block-button__link has-white-color has-text-color has-background wp-element-button\" href=\"https:\/\/litteraturbanken.se\/f%C3%B6rfattare\/AlvingB\/presentation\" style=\"border-radius:0px;background-color:#cd2400\" target=\"_blank\" rel=\"noopener\"><strong>L\u00c4S MER OM BARBRO ALVING<\/strong><\/a><\/div>\n\n\n\n<div class=\"wp-block-button has-custom-font-size read-more-button\" style=\"font-size:14px\"><a class=\"wp-block-button__link has-white-color has-text-color has-background wp-element-button\" href=\"https:\/\/litteraturbanken.se\/forfattare\/AlvingB\/titlar\" style=\"border-radius:0px;background-color:#cd2400\" target=\"_blank\" rel=\"noopener\"><strong>L\u00c4S <strong>BARBRO ALVINGS<\/strong> VERK HOS LB.SE<\/strong><\/a><\/div>\n<\/div>\n\n\n\n<div style=\"height:20px\" aria-hidden=\"true\" class=\"wp-block-spacer\"><\/div>\n\n\n\n<div class=\"wp-playlist wp-audio-playlist wp-playlist-light\">\n\t\t\t<div class=\"wp-playlist-current-item\"><\/div>\n\t\t<audio controls=\"controls\" preload=\"none\" width=\"618\"\n\t\t\t><\/audio>\n\t<div class=\"wp-playlist-next\"><\/div>\n\t<div class=\"wp-playlist-prev\"><\/div>\n\t<noscript>\n\t<ol>\n\t\t<li><a href='https:\/\/litteraturbanken.se\/ljudochbild\/wp-content\/uploads\/2023\/12\/alving_enlitensaknad_helgeson.mp3'>En liten saknad<\/a><\/li><li><a href='https:\/\/litteraturbanken.se\/ljudochbild\/wp-content\/uploads\/2023\/12\/alving_julja_helgeson.mp3'>Jul, ja<\/a><\/li><li><a href='https:\/\/litteraturbanken.se\/ljudochbild\/wp-content\/uploads\/2023\/12\/alving_kristidsjul_helgeson.mp3'>Kristids jul<\/a><\/li><li><a href='https:\/\/litteraturbanken.se\/ljudochbild\/wp-content\/uploads\/2020\/08\/alving_dagbok_helgeson.mp3'>Ur Dagbok fr\u00e5n L\u00e5ngholmen (1956)<\/a><\/li>\t<\/ol>\n\t<\/noscript>\n\t<script type=\"application\/json\" class=\"wp-playlist-script\">{\"type\":\"audio\",\"tracklist\":true,\"tracknumbers\":true,\"images\":true,\"artists\":true,\"tracks\":[{\"src\":\"https:\/\/litteraturbanken.se\/ljudochbild\/wp-content\/uploads\/2023\/12\/alving_enlitensaknad_helgeson.mp3\",\"type\":\"audio\/mpeg\",\"title\":\"En liten saknad\",\"caption\":\"\",\"description\":\"\\u201dalving_enlitensaknad_helgeson\\u201d.\",\"meta\":{\"artist\":\"Paulina Helgeson l\\u00e4ser Barbro Alving\",\"album\":\"Barbro Alving\",\"length_formatted\":\"3:26\"},\"image\":{\"src\":\"https:\/\/litteraturbanken.se\/ljudochbild\/wp-content\/uploads\/2019\/09\/wide_gub_wide-mp3-image.png\",\"width\":580,\"height\":612},\"thumb\":{\"src\":\"https:\/\/litteraturbanken.se\/ljudochbild\/wp-content\/uploads\/2019\/09\/wide_gub_wide-mp3-image-150x150.png\",\"width\":150,\"height\":150}},{\"src\":\"https:\/\/litteraturbanken.se\/ljudochbild\/wp-content\/uploads\/2023\/12\/alving_julja_helgeson.mp3\",\"type\":\"audio\/mpeg\",\"title\":\"Jul, ja\",\"caption\":\"\",\"description\":\"\\u201dJul, ja\\u201d fr\\u00e5n Barbro Alving av Paulina Helgeson l\\u00e4ser Barbro Alving.\",\"meta\":{\"artist\":\"Paulina Helgeson l\\u00e4ser Barbro Alving\",\"album\":\"Barbro Alving\",\"length_formatted\":\"6:08\"},\"image\":{\"src\":\"https:\/\/litteraturbanken.se\/ljudochbild\/wp-content\/uploads\/2019\/09\/wide_gub_wide-mp3-image.png\",\"width\":580,\"height\":612},\"thumb\":{\"src\":\"https:\/\/litteraturbanken.se\/ljudochbild\/wp-content\/uploads\/2019\/09\/wide_gub_wide-mp3-image-150x150.png\",\"width\":150,\"height\":150}},{\"src\":\"https:\/\/litteraturbanken.se\/ljudochbild\/wp-content\/uploads\/2023\/12\/alving_kristidsjul_helgeson.mp3\",\"type\":\"audio\/mpeg\",\"title\":\"Kristids jul\",\"caption\":\"\",\"description\":\"\\u201dKristids jul\\u201d fr\\u00e5n Barbro Alving av Paulina Helgeson l\\u00e4ser Barbro Alving.\",\"meta\":{\"artist\":\"Paulina Helgeson l\\u00e4ser Barbro Alving\",\"album\":\"Barbro Alving\",\"length_formatted\":\"13:45\"},\"image\":{\"src\":\"https:\/\/litteraturbanken.se\/ljudochbild\/wp-content\/uploads\/2019\/09\/wide_gub_wide-mp3-image.png\",\"width\":580,\"height\":612},\"thumb\":{\"src\":\"https:\/\/litteraturbanken.se\/ljudochbild\/wp-content\/uploads\/2019\/09\/wide_gub_wide-mp3-image-150x150.png\",\"width\":150,\"height\":150}},{\"src\":\"https:\/\/litteraturbanken.se\/ljudochbild\/wp-content\/uploads\/2020\/08\/alving_dagbok_helgeson.mp3\",\"type\":\"audio\/mpeg\",\"title\":\"Ur Dagbok fr\\u00e5n L\\u00e5ngholmen (1956)\",\"caption\":\"\",\"description\":\"\\\"Ur Dagbok fr\\u00e5n L\\u00e5ngholmen (1956)\\\" fr\\u00e5n ETT HJ\\u00c4RTA I RYMDEN. Brev och dagb\\u00f6cker ur Litteraturbankens samlingar av Alving, Barbro. Sl\\u00e4ppt: 2020. Sp\\u00e5r 1.\",\"meta\":{\"artist\":\"\\u201dEtt hj\\u00e4rta i rymden\\u201d. Brev och dagb\\u00f6cker ur Litteraturbankens samlingar\",\"album\":\"Barbro Alving l\\u00e4st av Paulina Helgeson\",\"year\":\"2020\",\"length_formatted\":\"16:45\"},\"image\":{\"src\":\"https:\/\/litteraturbanken.se\/ljudochbild\/wp-content\/uploads\/2019\/09\/wide_gub_wide-mp3-image.png\",\"width\":580,\"height\":612},\"thumb\":{\"src\":\"https:\/\/litteraturbanken.se\/ljudochbild\/wp-content\/uploads\/2019\/09\/wide_gub_wide-mp3-image-150x150.png\",\"width\":150,\"height\":150}}]}<\/script>\n<\/div>\n\t\n\n\n<h3 class=\"wp-block-heading author-related-title\">L\u00e4s mer<\/h3>\r\n<div class=\"display-posts-listing grid\"><div class=\"listing-item\"><a class=\"image\" href=\"https:\/\/litteraturbanken.se\/ljudochbild\/2023\/03\/27\/filmen-i-litteraturen\/\"><img loading=\"lazy\" decoding=\"async\" width=\"640\" height=\"512\" src=\"https:\/\/litteraturbanken.se\/ljudochbild\/wp-content\/uploads\/2023\/03\/biograf_linkoping-1024x819.jpg\" class=\"attachment-large size-large wp-post-image\" alt=\"Biografsalong\" srcset=\"https:\/\/litteraturbanken.se\/ljudochbild\/wp-content\/uploads\/2023\/03\/biograf_linkoping-1024x819.jpg 1024w, https:\/\/litteraturbanken.se\/ljudochbild\/wp-content\/uploads\/2023\/03\/biograf_linkoping-300x240.jpg 300w, https:\/\/litteraturbanken.se\/ljudochbild\/wp-content\/uploads\/2023\/03\/biograf_linkoping-768x614.jpg 768w, https:\/\/litteraturbanken.se\/ljudochbild\/wp-content\/uploads\/2023\/03\/biograf_linkoping-480x384.jpg 480w, https:\/\/litteraturbanken.se\/ljudochbild\/wp-content\/uploads\/2023\/03\/biograf_linkoping.jpg 1200w\" sizes=\"auto, (max-width: 640px) 100vw, 640px\" \/><\/a> <a class=\"title\" href=\"https:\/\/litteraturbanken.se\/ljudochbild\/2023\/03\/27\/filmen-i-litteraturen\/\">Filmen i litteraturen<\/a><\/div><div class=\"listing-item\"><a class=\"image\" href=\"https:\/\/litteraturbanken.se\/ljudochbild\/2023\/12\/13\/litteraturbankens-julklappslada\/\"><img loading=\"lazy\" decoding=\"async\" width=\"640\" height=\"748\" src=\"https:\/\/litteraturbanken.se\/ljudochbild\/wp-content\/uploads\/2023\/12\/julklappslada-876x1024.jpg\" class=\"attachment-large size-large wp-post-image\" alt=\"Litteraturbankens julklappsl\u00e5da\" srcset=\"https:\/\/litteraturbanken.se\/ljudochbild\/wp-content\/uploads\/2023\/12\/julklappslada-876x1024.jpg 876w, https:\/\/litteraturbanken.se\/ljudochbild\/wp-content\/uploads\/2023\/12\/julklappslada-257x300.jpg 257w, https:\/\/litteraturbanken.se\/ljudochbild\/wp-content\/uploads\/2023\/12\/julklappslada-768x898.jpg 768w, https:\/\/litteraturbanken.se\/ljudochbild\/wp-content\/uploads\/2023\/12\/julklappslada-480x561.jpg 480w, https:\/\/litteraturbanken.se\/ljudochbild\/wp-content\/uploads\/2023\/12\/julklappslada.jpg 1200w\" sizes=\"auto, (max-width: 640px) 100vw, 640px\" \/><\/a> <a class=\"title\" href=\"https:\/\/litteraturbanken.se\/ljudochbild\/2023\/12\/13\/litteraturbankens-julklappslada\/\">Julklappsl\u00e5dan 2023<\/a><\/div><div class=\"listing-item\"><a class=\"image\" href=\"https:\/\/litteraturbanken.se\/ljudochbild\/2022\/05\/18\/dagerman-i-farmors-hus\/\"><img loading=\"lazy\" decoding=\"async\" width=\"640\" height=\"942\" src=\"https:\/\/litteraturbanken.se\/ljudochbild\/wp-content\/uploads\/2022\/05\/eugenejansson-696x1024.jpg\" class=\"attachment-large size-large wp-post-image\" alt=\"Eugene Jansson, Marngard\" srcset=\"https:\/\/litteraturbanken.se\/ljudochbild\/wp-content\/uploads\/2022\/05\/eugenejansson-696x1024.jpg 696w, https:\/\/litteraturbanken.se\/ljudochbild\/wp-content\/uploads\/2022\/05\/eugenejansson-204x300.jpg 204w, https:\/\/litteraturbanken.se\/ljudochbild\/wp-content\/uploads\/2022\/05\/eugenejansson-768x1130.jpg 768w, https:\/\/litteraturbanken.se\/ljudochbild\/wp-content\/uploads\/2022\/05\/eugenejansson-1044x1536.jpg 1044w, https:\/\/litteraturbanken.se\/ljudochbild\/wp-content\/uploads\/2022\/05\/eugenejansson-480x706.jpg 480w, https:\/\/litteraturbanken.se\/ljudochbild\/wp-content\/uploads\/2022\/05\/eugenejansson.jpg 1200w\" sizes=\"auto, (max-width: 640px) 100vw, 640px\" \/><\/a> <a class=\"title\" href=\"https:\/\/litteraturbanken.se\/ljudochbild\/2022\/05\/18\/dagerman-i-farmors-hus\/\">I farmors hus<\/a><\/div><\/div>\r\n\r\n\n","protected":false},"excerpt":{"rendered":"<p>\u201dBARBRO ALVING (1909\u20131987). Or\u00e4dd krigsreporter, str\u00e4vsam tidningsmurvel, spr\u00e5k- och stilbeg\u00e5vad k\u00e5s\u00f6r. Men ocks\u00e5 kristen pacifist och humanist med civilkurage, samt queer pionj\u00e4r.&nbsp;K\u00e4ringen mot str\u00f6mmen, den signatur Alving fick p\u00e5 Vecko-Journalen 1942, kan f\u00f6refalla synnerligen passande. Sj\u00e4lv f\u00f6redrog hon&nbsp;Bang.&nbsp;En [&hellip;]<\/p>\n","protected":false},"author":1,"featured_media":3865,"parent":7,"menu_order":0,"comment_status":"closed","ping_status":"closed","template":"","meta":{"footnotes":""},"class_list":["post-3864","page","type-page","status-publish","has-post-thumbnail","hentry"],"yoast_head":"<!-- This site is optimized with the Yoast SEO plugin v27.1.1 - https:\/\/yoast.com\/product\/yoast-seo-wordpress\/ -->\n<title>Barbro Alving (1909\u20131987) - Ljud &amp; Bild<\/title>\n<meta name=\"description\" content=\"Barbro Alving. Or\u00e4dd krigsreporter, str\u00e4vsam tidningsmurvel, spr\u00e5k- och stilbeg\u00e5vad k\u00e5s\u00f6r. Men ocks\u00e5 kristen pacifist och humanist med civ...\" \/>\n<meta name=\"robots\" content=\"index, follow, max-snippet:-1, max-image-preview:large, max-video-preview:-1\" \/>\n<link rel=\"canonical\" href=\"https:\/\/litteraturbanken.se\/ljudochbild\/forfattare\/alvingb\/\" \/>\n<meta property=\"og:locale\" content=\"sv_SE\" \/>\n<meta property=\"og:type\" content=\"article\" \/>\n<meta property=\"og:title\" content=\"Barbro Alving (1909\u20131987) - Ljud &amp; Bild\" \/>\n<meta property=\"og:description\" content=\"Barbro Alving. Or\u00e4dd krigsreporter, str\u00e4vsam tidningsmurvel, spr\u00e5k- och stilbeg\u00e5vad k\u00e5s\u00f6r. Men ocks\u00e5 kristen pacifist och humanist med civ...\" \/>\n<meta property=\"og:url\" content=\"https:\/\/litteraturbanken.se\/ljudochbild\/forfattare\/alvingb\/\" \/>\n<meta property=\"og:site_name\" content=\"Ljud &amp; Bild\" \/>\n<meta property=\"article:publisher\" content=\"https:\/\/www.facebook.com\/Litteraturbanken.se\" \/>\n<meta property=\"article:modified_time\" content=\"2024-09-16T12:14:27+00:00\" \/>\n<meta property=\"og:image\" content=\"https:\/\/litteraturbanken.se\/ljudochbild\/wp-content\/uploads\/2020\/08\/AlvingB_large.jpeg\" \/>\n\t<meta property=\"og:image:width\" content=\"385\" \/>\n\t<meta property=\"og:image:height\" content=\"550\" \/>\n\t<meta property=\"og:image:type\" content=\"image\/jpeg\" \/>\n<meta name=\"twitter:card\" content=\"summary_large_image\" \/>\n<meta name=\"twitter:site\" content=\"@litteraturbank\" \/>\n<meta name=\"twitter:label1\" content=\"Ber\u00e4knad l\u00e4stid\" \/>\n\t<meta name=\"twitter:data1\" content=\"1 minut\" \/>\n<script type=\"application\/ld+json\" class=\"yoast-schema-graph\">{\"@context\":\"https:\/\/schema.org\",\"@graph\":[{\"@type\":\"WebPage\",\"@id\":\"https:\/\/litteraturbanken.se\/ljudochbild\/forfattare\/alvingb\/\",\"url\":\"https:\/\/litteraturbanken.se\/ljudochbild\/forfattare\/alvingb\/\",\"name\":\"Barbro Alving (1909\u20131987) - Ljud &amp; Bild\",\"isPartOf\":{\"@id\":\"https:\/\/litteraturbanken.se\/ljudochbild\/#website\"},\"primaryImageOfPage\":{\"@id\":\"https:\/\/litteraturbanken.se\/ljudochbild\/forfattare\/alvingb\/#primaryimage\"},\"image\":{\"@id\":\"https:\/\/litteraturbanken.se\/ljudochbild\/forfattare\/alvingb\/#primaryimage\"},\"thumbnailUrl\":\"https:\/\/litteraturbanken.se\/ljudochbild\/wp-content\/uploads\/2020\/08\/AlvingB_large.jpeg\",\"datePublished\":\"2020-08-17T08:54:59+00:00\",\"dateModified\":\"2024-09-16T12:14:27+00:00\",\"description\":\"Barbro Alving. Or\u00e4dd krigsreporter, str\u00e4vsam tidningsmurvel, spr\u00e5k- och stilbeg\u00e5vad k\u00e5s\u00f6r. Men ocks\u00e5 kristen pacifist och humanist med civ...\",\"breadcrumb\":{\"@id\":\"https:\/\/litteraturbanken.se\/ljudochbild\/forfattare\/alvingb\/#breadcrumb\"},\"inLanguage\":\"sv-SE\",\"potentialAction\":[{\"@type\":\"ReadAction\",\"target\":[\"https:\/\/litteraturbanken.se\/ljudochbild\/forfattare\/alvingb\/\"]}]},{\"@type\":\"ImageObject\",\"inLanguage\":\"sv-SE\",\"@id\":\"https:\/\/litteraturbanken.se\/ljudochbild\/forfattare\/alvingb\/#primaryimage\",\"url\":\"https:\/\/litteraturbanken.se\/ljudochbild\/wp-content\/uploads\/2020\/08\/AlvingB_large.jpeg\",\"contentUrl\":\"https:\/\/litteraturbanken.se\/ljudochbild\/wp-content\/uploads\/2020\/08\/AlvingB_large.jpeg\",\"width\":385,\"height\":550},{\"@type\":\"BreadcrumbList\",\"@id\":\"https:\/\/litteraturbanken.se\/ljudochbild\/forfattare\/alvingb\/#breadcrumb\",\"itemListElement\":[{\"@type\":\"ListItem\",\"position\":1,\"name\":\"Hem\",\"item\":\"https:\/\/litteraturbanken.se\/ljudochbild\/\"},{\"@type\":\"ListItem\",\"position\":2,\"name\":\"F\u00f6rfattare\",\"item\":\"https:\/\/litteraturbanken.se\/ljudochbild\/forfattare\/\"},{\"@type\":\"ListItem\",\"position\":3,\"name\":\"Barbro Alving (1909\u20131987)\"}]},{\"@type\":\"WebSite\",\"@id\":\"https:\/\/litteraturbanken.se\/ljudochbild\/#website\",\"url\":\"https:\/\/litteraturbanken.se\/ljudochbild\/\",\"name\":\"Ljud & Bild\",\"description\":\"Ur Litteraturbankens samlingar\",\"potentialAction\":[{\"@type\":\"SearchAction\",\"target\":{\"@type\":\"EntryPoint\",\"urlTemplate\":\"https:\/\/litteraturbanken.se\/ljudochbild\/?s={search_term_string}\"},\"query-input\":{\"@type\":\"PropertyValueSpecification\",\"valueRequired\":true,\"valueName\":\"search_term_string\"}}],\"inLanguage\":\"sv-SE\"}]}<\/script>\n<!-- \/ Yoast SEO plugin. -->","yoast_head_json":{"title":"Barbro Alving (1909\u20131987) - Ljud &amp; Bild","description":"Barbro Alving. Or\u00e4dd krigsreporter, str\u00e4vsam tidningsmurvel, spr\u00e5k- och stilbeg\u00e5vad k\u00e5s\u00f6r. Men ocks\u00e5 kristen pacifist och humanist med civ...","robots":{"index":"index","follow":"follow","max-snippet":"max-snippet:-1","max-image-preview":"max-image-preview:large","max-video-preview":"max-video-preview:-1"},"canonical":"https:\/\/litteraturbanken.se\/ljudochbild\/forfattare\/alvingb\/","og_locale":"sv_SE","og_type":"article","og_title":"Barbro Alving (1909\u20131987) - Ljud &amp; Bild","og_description":"Barbro Alving. Or\u00e4dd krigsreporter, str\u00e4vsam tidningsmurvel, spr\u00e5k- och stilbeg\u00e5vad k\u00e5s\u00f6r. Men ocks\u00e5 kristen pacifist och humanist med civ...","og_url":"https:\/\/litteraturbanken.se\/ljudochbild\/forfattare\/alvingb\/","og_site_name":"Ljud &amp; Bild","article_publisher":"https:\/\/www.facebook.com\/Litteraturbanken.se","article_modified_time":"2024-09-16T12:14:27+00:00","og_image":[{"width":385,"height":550,"url":"https:\/\/litteraturbanken.se\/ljudochbild\/wp-content\/uploads\/2020\/08\/AlvingB_large.jpeg","type":"image\/jpeg"}],"twitter_card":"summary_large_image","twitter_site":"@litteraturbank","twitter_misc":{"Ber\u00e4knad l\u00e4stid":"1 minut"},"schema":{"@context":"https:\/\/schema.org","@graph":[{"@type":"WebPage","@id":"https:\/\/litteraturbanken.se\/ljudochbild\/forfattare\/alvingb\/","url":"https:\/\/litteraturbanken.se\/ljudochbild\/forfattare\/alvingb\/","name":"Barbro Alving (1909\u20131987) - Ljud &amp; Bild","isPartOf":{"@id":"https:\/\/litteraturbanken.se\/ljudochbild\/#website"},"primaryImageOfPage":{"@id":"https:\/\/litteraturbanken.se\/ljudochbild\/forfattare\/alvingb\/#primaryimage"},"image":{"@id":"https:\/\/litteraturbanken.se\/ljudochbild\/forfattare\/alvingb\/#primaryimage"},"thumbnailUrl":"https:\/\/litteraturbanken.se\/ljudochbild\/wp-content\/uploads\/2020\/08\/AlvingB_large.jpeg","datePublished":"2020-08-17T08:54:59+00:00","dateModified":"2024-09-16T12:14:27+00:00","description":"Barbro Alving. Or\u00e4dd krigsreporter, str\u00e4vsam tidningsmurvel, spr\u00e5k- och stilbeg\u00e5vad k\u00e5s\u00f6r. Men ocks\u00e5 kristen pacifist och humanist med civ...","breadcrumb":{"@id":"https:\/\/litteraturbanken.se\/ljudochbild\/forfattare\/alvingb\/#breadcrumb"},"inLanguage":"sv-SE","potentialAction":[{"@type":"ReadAction","target":["https:\/\/litteraturbanken.se\/ljudochbild\/forfattare\/alvingb\/"]}]},{"@type":"ImageObject","inLanguage":"sv-SE","@id":"https:\/\/litteraturbanken.se\/ljudochbild\/forfattare\/alvingb\/#primaryimage","url":"https:\/\/litteraturbanken.se\/ljudochbild\/wp-content\/uploads\/2020\/08\/AlvingB_large.jpeg","contentUrl":"https:\/\/litteraturbanken.se\/ljudochbild\/wp-content\/uploads\/2020\/08\/AlvingB_large.jpeg","width":385,"height":550},{"@type":"BreadcrumbList","@id":"https:\/\/litteraturbanken.se\/ljudochbild\/forfattare\/alvingb\/#breadcrumb","itemListElement":[{"@type":"ListItem","position":1,"name":"Hem","item":"https:\/\/litteraturbanken.se\/ljudochbild\/"},{"@type":"ListItem","position":2,"name":"F\u00f6rfattare","item":"https:\/\/litteraturbanken.se\/ljudochbild\/forfattare\/"},{"@type":"ListItem","position":3,"name":"Barbro Alving (1909\u20131987)"}]},{"@type":"WebSite","@id":"https:\/\/litteraturbanken.se\/ljudochbild\/#website","url":"https:\/\/litteraturbanken.se\/ljudochbild\/","name":"Ljud & Bild","description":"Ur Litteraturbankens samlingar","potentialAction":[{"@type":"SearchAction","target":{"@type":"EntryPoint","urlTemplate":"https:\/\/litteraturbanken.se\/ljudochbild\/?s={search_term_string}"},"query-input":{"@type":"PropertyValueSpecification","valueRequired":true,"valueName":"search_term_string"}}],"inLanguage":"sv-SE"}]}},"_links":{"self":[{"href":"https:\/\/litteraturbanken.se\/ljudochbild\/wp-json\/wp\/v2\/pages\/3864","targetHints":{"allow":["GET"]}}],"collection":[{"href":"https:\/\/litteraturbanken.se\/ljudochbild\/wp-json\/wp\/v2\/pages"}],"about":[{"href":"https:\/\/litteraturbanken.se\/ljudochbild\/wp-json\/wp\/v2\/types\/page"}],"author":[{"embeddable":true,"href":"https:\/\/litteraturbanken.se\/ljudochbild\/wp-json\/wp\/v2\/users\/1"}],"replies":[{"embeddable":true,"href":"https:\/\/litteraturbanken.se\/ljudochbild\/wp-json\/wp\/v2\/comments?post=3864"}],"version-history":[{"count":8,"href":"https:\/\/litteraturbanken.se\/ljudochbild\/wp-json\/wp\/v2\/pages\/3864\/revisions"}],"predecessor-version":[{"id":12017,"href":"https:\/\/litteraturbanken.se\/ljudochbild\/wp-json\/wp\/v2\/pages\/3864\/revisions\/12017"}],"up":[{"embeddable":true,"href":"https:\/\/litteraturbanken.se\/ljudochbild\/wp-json\/wp\/v2\/pages\/7"}],"wp:featuredmedia":[{"embeddable":true,"href":"https:\/\/litteraturbanken.se\/ljudochbild\/wp-json\/wp\/v2\/media\/3865"}],"wp:attachment":[{"href":"https:\/\/litteraturbanken.se\/ljudochbild\/wp-json\/wp\/v2\/media?parent=3864"}],"curies":[{"name":"wp","href":"https:\/\/api.w.org\/{rel}","templated":true}]}}