{"id":3876,"date":"2020-08-17T11:20:33","date_gmt":"2020-08-17T09:20:33","guid":{"rendered":"https:\/\/litteraturbanken.se\/ljudochbild\/?page_id=3876"},"modified":"2024-09-16T15:36:02","modified_gmt":"2024-09-16T13:36:02","slug":"grillaj","status":"publish","type":"page","link":"https:\/\/litteraturbanken.se\/ljudochbild\/forfattare\/grillaj\/","title":{"rendered":"Anna Johanna Grill (1753\u20131809)"},"content":{"rendered":"<div class=\"wp-block-image\">\n<figure class=\"alignright size-medium\"><img loading=\"lazy\" decoding=\"async\" width=\"247\" height=\"300\" src=\"https:\/\/litteraturbanken.se\/ljudochbild\/wp-content\/uploads\/2020\/08\/bfada8bd5d43b89f0c18847920b678723653f2c0b836c09a85bcbf53f2e3-247x300.jpg\" alt=\"\" class=\"wp-image-3877\" srcset=\"https:\/\/litteraturbanken.se\/ljudochbild\/wp-content\/uploads\/2020\/08\/bfada8bd5d43b89f0c18847920b678723653f2c0b836c09a85bcbf53f2e3-247x300.jpg 247w, https:\/\/litteraturbanken.se\/ljudochbild\/wp-content\/uploads\/2020\/08\/bfada8bd5d43b89f0c18847920b678723653f2c0b836c09a85bcbf53f2e3-768x932.jpg 768w, https:\/\/litteraturbanken.se\/ljudochbild\/wp-content\/uploads\/2020\/08\/bfada8bd5d43b89f0c18847920b678723653f2c0b836c09a85bcbf53f2e3-480x583.jpg 480w, https:\/\/litteraturbanken.se\/ljudochbild\/wp-content\/uploads\/2020\/08\/bfada8bd5d43b89f0c18847920b678723653f2c0b836c09a85bcbf53f2e3.jpg 824w\" sizes=\"auto, (max-width: 247px) 100vw, 247px\" \/><\/figure>\n<\/div>\n\n\n<p>I Anna Johanna Grills resedagbok till England, skriven 1778 men utgiven f\u00f6rst 1997, m\u00f6ter vi en levande skildring av resandets vederm\u00f6dor och gl\u00e4dje\u00e4mnen i en svunnen v\u00e4rld.<\/p>\n\n\n\n<p><a aria-label=\"L\u00e4s dagboken hos LB.se (\u00f6ppnas i en ny flik)\" href=\"https:\/\/litteraturbanken.se\/f\u00f6rfattare\/GrillAJ\/titlar\/Resedagbok\/sida\/3\/faksimil\" target=\"_blank\" rel=\"noreferrer noopener\">L\u00e4s dagboken hos Litteraturbanken<\/a>, och lyssna till ett utdrag h\u00e4r nedan.<\/p>\n\n\n\n<div style=\"height:0px\" aria-hidden=\"true\" class=\"wp-block-spacer\"><\/div>\n\n\n\n<div class=\"wp-playlist wp-audio-playlist wp-playlist-light\">\n\t\t\t<div class=\"wp-playlist-current-item\"><\/div>\n\t\t<audio controls=\"controls\" preload=\"none\" width=\"618\"\n\t\t\t><\/audio>\n\t<div class=\"wp-playlist-next\"><\/div>\n\t<div class=\"wp-playlist-prev\"><\/div>\n\t<noscript>\n\t<ol>\n\t\t<li><a href='https:\/\/litteraturbanken.se\/ljudochbild\/wp-content\/uploads\/2020\/08\/grill_resedagbok_helgeson.mp3'>Ur Resedagbok fr\u00e5n England 1788<\/a><\/li>\t<\/ol>\n\t<\/noscript>\n\t<script type=\"application\/json\" class=\"wp-playlist-script\">{\"type\":\"audio\",\"tracklist\":true,\"tracknumbers\":true,\"images\":true,\"artists\":true,\"tracks\":[{\"src\":\"https:\/\/litteraturbanken.se\/ljudochbild\/wp-content\/uploads\/2020\/08\/grill_resedagbok_helgeson.mp3\",\"type\":\"audio\/mpeg\",\"title\":\"Ur Resedagbok fr\\u00e5n England 1788\",\"caption\":\"\",\"description\":\"\\\"Ur Resedagbok fr\\u00e5n England 1788\\\" fr\\u00e5n ETT HJ\\u00c4RTA I RYMDEN. Brev och dagb\\u00f6cker ur Litteraturbankens samlingar av Grill, Anna Johanna. Sl\\u00e4ppt: 2020. Sp\\u00e5r 13.\",\"meta\":{\"artist\":\"\\u201dEtt hj\\u00e4rta i rymden\\u201d. Brev och dagb\\u00f6cker ur Litteraturbankens samlingar\",\"album\":\"Anna Johanna Grill l\\u00e4st av Paulina Helgeson\",\"year\":\"2020\",\"length_formatted\":\"7:28\"},\"image\":{\"src\":\"https:\/\/litteraturbanken.se\/ljudochbild\/wp-content\/uploads\/2019\/09\/wide_gub_wide-mp3-image.png\",\"width\":580,\"height\":612},\"thumb\":{\"src\":\"https:\/\/litteraturbanken.se\/ljudochbild\/wp-content\/uploads\/2019\/09\/wide_gub_wide-mp3-image-150x150.png\",\"width\":150,\"height\":150}}]}<\/script>\n<\/div>\n\t\n\n\n\n<p><em>Portr\u00e4ttet har vi l\u00e5nat fr\u00e5n <a aria-label=\"Nationalmuseum (\u00f6ppnas i en ny flik)\" href=\"http:\/\/emp-web-84.zetcom.ch\/eMP\/eMuseumPlus?service=ExternalInterface&amp;module=collection&amp;objectId=39728&amp;viewType=detailView\" target=\"_blank\" rel=\"noreferrer noopener\">Nationalmuseum<\/a>.<\/em><\/p>\n","protected":false},"excerpt":{"rendered":"<p>I Anna Johanna Grills resedagbok till England, skriven 1778 men utgiven f\u00f6rst 1997, m\u00f6ter vi en levande skildring av resandets vederm\u00f6dor och gl\u00e4dje\u00e4mnen i en svunnen v\u00e4rld. L\u00e4s dagboken hos Litteraturbanken, och lyssna till ett utdrag h\u00e4r nedan. [&hellip;]<\/p>\n","protected":false},"author":1,"featured_media":3877,"parent":7,"menu_order":0,"comment_status":"closed","ping_status":"closed","template":"","meta":{"footnotes":""},"class_list":["post-3876","page","type-page","status-publish","has-post-thumbnail","hentry"],"yoast_head":"<!-- This site is optimized with the Yoast SEO plugin v27.1.1 - https:\/\/yoast.com\/product\/yoast-seo-wordpress\/ -->\n<title>Anna Johanna Grill (1753\u20131809) - Ljud &amp; Bild<\/title>\n<meta name=\"robots\" content=\"index, follow, max-snippet:-1, max-image-preview:large, max-video-preview:-1\" \/>\n<link rel=\"canonical\" href=\"https:\/\/litteraturbanken.se\/ljudochbild\/forfattare\/grillaj\/\" \/>\n<meta property=\"og:locale\" content=\"sv_SE\" \/>\n<meta property=\"og:type\" content=\"article\" \/>\n<meta property=\"og:title\" content=\"Anna Johanna Grill (1753\u20131809) - Ljud &amp; Bild\" \/>\n<meta property=\"og:description\" content=\"I Anna Johanna Grills resedagbok till England, skriven 1778 men utgiven f\u00f6rst 1997, m\u00f6ter vi en levande skildring av resandets vederm\u00f6dor och gl\u00e4dje\u00e4mnen i en svunnen v\u00e4rld. L\u00e4s dagboken hos Litteraturbanken, och lyssna till ett utdrag h\u00e4r nedan. [&hellip;]\" \/>\n<meta property=\"og:url\" content=\"https:\/\/litteraturbanken.se\/ljudochbild\/forfattare\/grillaj\/\" \/>\n<meta property=\"og:site_name\" content=\"Ljud &amp; Bild\" \/>\n<meta property=\"article:publisher\" content=\"https:\/\/www.facebook.com\/Litteraturbanken.se\" \/>\n<meta property=\"article:modified_time\" content=\"2024-09-16T13:36:02+00:00\" \/>\n<meta property=\"og:image\" content=\"https:\/\/litteraturbanken.se\/ljudochbild\/wp-content\/uploads\/2020\/08\/bfada8bd5d43b89f0c18847920b678723653f2c0b836c09a85bcbf53f2e3.jpg\" \/>\n\t<meta property=\"og:image:width\" content=\"824\" \/>\n\t<meta property=\"og:image:height\" content=\"1000\" \/>\n\t<meta property=\"og:image:type\" content=\"image\/jpeg\" \/>\n<meta name=\"twitter:card\" content=\"summary_large_image\" \/>\n<meta name=\"twitter:site\" content=\"@litteraturbank\" \/>\n<meta name=\"twitter:label1\" content=\"Ber\u00e4knad l\u00e4stid\" \/>\n\t<meta name=\"twitter:data1\" content=\"1 minut\" \/>\n<script type=\"application\/ld+json\" class=\"yoast-schema-graph\">{\"@context\":\"https:\/\/schema.org\",\"@graph\":[{\"@type\":\"WebPage\",\"@id\":\"https:\/\/litteraturbanken.se\/ljudochbild\/forfattare\/grillaj\/\",\"url\":\"https:\/\/litteraturbanken.se\/ljudochbild\/forfattare\/grillaj\/\",\"name\":\"Anna Johanna Grill (1753\u20131809) - Ljud &amp; Bild\",\"isPartOf\":{\"@id\":\"https:\/\/litteraturbanken.se\/ljudochbild\/#website\"},\"primaryImageOfPage\":{\"@id\":\"https:\/\/litteraturbanken.se\/ljudochbild\/forfattare\/grillaj\/#primaryimage\"},\"image\":{\"@id\":\"https:\/\/litteraturbanken.se\/ljudochbild\/forfattare\/grillaj\/#primaryimage\"},\"thumbnailUrl\":\"https:\/\/litteraturbanken.se\/ljudochbild\/wp-content\/uploads\/2020\/08\/bfada8bd5d43b89f0c18847920b678723653f2c0b836c09a85bcbf53f2e3.jpg\",\"datePublished\":\"2020-08-17T09:20:33+00:00\",\"dateModified\":\"2024-09-16T13:36:02+00:00\",\"breadcrumb\":{\"@id\":\"https:\/\/litteraturbanken.se\/ljudochbild\/forfattare\/grillaj\/#breadcrumb\"},\"inLanguage\":\"sv-SE\",\"potentialAction\":[{\"@type\":\"ReadAction\",\"target\":[\"https:\/\/litteraturbanken.se\/ljudochbild\/forfattare\/grillaj\/\"]}]},{\"@type\":\"ImageObject\",\"inLanguage\":\"sv-SE\",\"@id\":\"https:\/\/litteraturbanken.se\/ljudochbild\/forfattare\/grillaj\/#primaryimage\",\"url\":\"https:\/\/litteraturbanken.se\/ljudochbild\/wp-content\/uploads\/2020\/08\/bfada8bd5d43b89f0c18847920b678723653f2c0b836c09a85bcbf53f2e3.jpg\",\"contentUrl\":\"https:\/\/litteraturbanken.se\/ljudochbild\/wp-content\/uploads\/2020\/08\/bfada8bd5d43b89f0c18847920b678723653f2c0b836c09a85bcbf53f2e3.jpg\",\"width\":824,\"height\":1000},{\"@type\":\"BreadcrumbList\",\"@id\":\"https:\/\/litteraturbanken.se\/ljudochbild\/forfattare\/grillaj\/#breadcrumb\",\"itemListElement\":[{\"@type\":\"ListItem\",\"position\":1,\"name\":\"Hem\",\"item\":\"https:\/\/litteraturbanken.se\/ljudochbild\/\"},{\"@type\":\"ListItem\",\"position\":2,\"name\":\"F\u00f6rfattare\",\"item\":\"https:\/\/litteraturbanken.se\/ljudochbild\/forfattare\/\"},{\"@type\":\"ListItem\",\"position\":3,\"name\":\"Anna Johanna Grill (1753\u20131809)\"}]},{\"@type\":\"WebSite\",\"@id\":\"https:\/\/litteraturbanken.se\/ljudochbild\/#website\",\"url\":\"https:\/\/litteraturbanken.se\/ljudochbild\/\",\"name\":\"Ljud & Bild\",\"description\":\"Ur Litteraturbankens samlingar\",\"potentialAction\":[{\"@type\":\"SearchAction\",\"target\":{\"@type\":\"EntryPoint\",\"urlTemplate\":\"https:\/\/litteraturbanken.se\/ljudochbild\/?s={search_term_string}\"},\"query-input\":{\"@type\":\"PropertyValueSpecification\",\"valueRequired\":true,\"valueName\":\"search_term_string\"}}],\"inLanguage\":\"sv-SE\"}]}<\/script>\n<!-- \/ Yoast SEO plugin. -->","yoast_head_json":{"title":"Anna Johanna Grill (1753\u20131809) - Ljud &amp; Bild","robots":{"index":"index","follow":"follow","max-snippet":"max-snippet:-1","max-image-preview":"max-image-preview:large","max-video-preview":"max-video-preview:-1"},"canonical":"https:\/\/litteraturbanken.se\/ljudochbild\/forfattare\/grillaj\/","og_locale":"sv_SE","og_type":"article","og_title":"Anna Johanna Grill (1753\u20131809) - Ljud &amp; Bild","og_description":"I Anna Johanna Grills resedagbok till England, skriven 1778 men utgiven f\u00f6rst 1997, m\u00f6ter vi en levande skildring av resandets vederm\u00f6dor och gl\u00e4dje\u00e4mnen i en svunnen v\u00e4rld. L\u00e4s dagboken hos Litteraturbanken, och lyssna till ett utdrag h\u00e4r nedan. [&hellip;]","og_url":"https:\/\/litteraturbanken.se\/ljudochbild\/forfattare\/grillaj\/","og_site_name":"Ljud &amp; Bild","article_publisher":"https:\/\/www.facebook.com\/Litteraturbanken.se","article_modified_time":"2024-09-16T13:36:02+00:00","og_image":[{"width":824,"height":1000,"url":"https:\/\/litteraturbanken.se\/ljudochbild\/wp-content\/uploads\/2020\/08\/bfada8bd5d43b89f0c18847920b678723653f2c0b836c09a85bcbf53f2e3.jpg","type":"image\/jpeg"}],"twitter_card":"summary_large_image","twitter_site":"@litteraturbank","twitter_misc":{"Ber\u00e4knad l\u00e4stid":"1 minut"},"schema":{"@context":"https:\/\/schema.org","@graph":[{"@type":"WebPage","@id":"https:\/\/litteraturbanken.se\/ljudochbild\/forfattare\/grillaj\/","url":"https:\/\/litteraturbanken.se\/ljudochbild\/forfattare\/grillaj\/","name":"Anna Johanna Grill (1753\u20131809) - Ljud &amp; Bild","isPartOf":{"@id":"https:\/\/litteraturbanken.se\/ljudochbild\/#website"},"primaryImageOfPage":{"@id":"https:\/\/litteraturbanken.se\/ljudochbild\/forfattare\/grillaj\/#primaryimage"},"image":{"@id":"https:\/\/litteraturbanken.se\/ljudochbild\/forfattare\/grillaj\/#primaryimage"},"thumbnailUrl":"https:\/\/litteraturbanken.se\/ljudochbild\/wp-content\/uploads\/2020\/08\/bfada8bd5d43b89f0c18847920b678723653f2c0b836c09a85bcbf53f2e3.jpg","datePublished":"2020-08-17T09:20:33+00:00","dateModified":"2024-09-16T13:36:02+00:00","breadcrumb":{"@id":"https:\/\/litteraturbanken.se\/ljudochbild\/forfattare\/grillaj\/#breadcrumb"},"inLanguage":"sv-SE","potentialAction":[{"@type":"ReadAction","target":["https:\/\/litteraturbanken.se\/ljudochbild\/forfattare\/grillaj\/"]}]},{"@type":"ImageObject","inLanguage":"sv-SE","@id":"https:\/\/litteraturbanken.se\/ljudochbild\/forfattare\/grillaj\/#primaryimage","url":"https:\/\/litteraturbanken.se\/ljudochbild\/wp-content\/uploads\/2020\/08\/bfada8bd5d43b89f0c18847920b678723653f2c0b836c09a85bcbf53f2e3.jpg","contentUrl":"https:\/\/litteraturbanken.se\/ljudochbild\/wp-content\/uploads\/2020\/08\/bfada8bd5d43b89f0c18847920b678723653f2c0b836c09a85bcbf53f2e3.jpg","width":824,"height":1000},{"@type":"BreadcrumbList","@id":"https:\/\/litteraturbanken.se\/ljudochbild\/forfattare\/grillaj\/#breadcrumb","itemListElement":[{"@type":"ListItem","position":1,"name":"Hem","item":"https:\/\/litteraturbanken.se\/ljudochbild\/"},{"@type":"ListItem","position":2,"name":"F\u00f6rfattare","item":"https:\/\/litteraturbanken.se\/ljudochbild\/forfattare\/"},{"@type":"ListItem","position":3,"name":"Anna Johanna Grill (1753\u20131809)"}]},{"@type":"WebSite","@id":"https:\/\/litteraturbanken.se\/ljudochbild\/#website","url":"https:\/\/litteraturbanken.se\/ljudochbild\/","name":"Ljud & Bild","description":"Ur Litteraturbankens samlingar","potentialAction":[{"@type":"SearchAction","target":{"@type":"EntryPoint","urlTemplate":"https:\/\/litteraturbanken.se\/ljudochbild\/?s={search_term_string}"},"query-input":{"@type":"PropertyValueSpecification","valueRequired":true,"valueName":"search_term_string"}}],"inLanguage":"sv-SE"}]}},"_links":{"self":[{"href":"https:\/\/litteraturbanken.se\/ljudochbild\/wp-json\/wp\/v2\/pages\/3876","targetHints":{"allow":["GET"]}}],"collection":[{"href":"https:\/\/litteraturbanken.se\/ljudochbild\/wp-json\/wp\/v2\/pages"}],"about":[{"href":"https:\/\/litteraturbanken.se\/ljudochbild\/wp-json\/wp\/v2\/types\/page"}],"author":[{"embeddable":true,"href":"https:\/\/litteraturbanken.se\/ljudochbild\/wp-json\/wp\/v2\/users\/1"}],"replies":[{"embeddable":true,"href":"https:\/\/litteraturbanken.se\/ljudochbild\/wp-json\/wp\/v2\/comments?post=3876"}],"version-history":[{"count":2,"href":"https:\/\/litteraturbanken.se\/ljudochbild\/wp-json\/wp\/v2\/pages\/3876\/revisions"}],"predecessor-version":[{"id":12098,"href":"https:\/\/litteraturbanken.se\/ljudochbild\/wp-json\/wp\/v2\/pages\/3876\/revisions\/12098"}],"up":[{"embeddable":true,"href":"https:\/\/litteraturbanken.se\/ljudochbild\/wp-json\/wp\/v2\/pages\/7"}],"wp:featuredmedia":[{"embeddable":true,"href":"https:\/\/litteraturbanken.se\/ljudochbild\/wp-json\/wp\/v2\/media\/3877"}],"wp:attachment":[{"href":"https:\/\/litteraturbanken.se\/ljudochbild\/wp-json\/wp\/v2\/media?parent=3876"}],"curies":[{"name":"wp","href":"https:\/\/api.w.org\/{rel}","templated":true}]}}