{"id":3879,"date":"2020-08-17T11:32:22","date_gmt":"2020-08-17T09:32:22","guid":{"rendered":"https:\/\/litteraturbanken.se\/ljudochbild\/?page_id=3879"},"modified":"2024-09-09T11:46:33","modified_gmt":"2024-09-09T09:46:33","slug":"tornerosa","status":"publish","type":"page","link":"https:\/\/litteraturbanken.se\/ljudochbild\/forfattare\/tornerosa\/","title":{"rendered":"Adolph T\u00f6rneros (1794\u20131839)"},"content":{"rendered":"<div class=\"wp-block-image\">\n<figure class=\"alignright size-medium\"><img loading=\"lazy\" decoding=\"async\" width=\"229\" height=\"300\" src=\"https:\/\/litteraturbanken.se\/ljudochbild\/wp-content\/uploads\/2020\/08\/torneros-229x300.jpg\" alt=\"\" class=\"wp-image-3880\" srcset=\"https:\/\/litteraturbanken.se\/ljudochbild\/wp-content\/uploads\/2020\/08\/torneros-229x300.jpg 229w, https:\/\/litteraturbanken.se\/ljudochbild\/wp-content\/uploads\/2020\/08\/torneros-782x1024.jpg 782w, https:\/\/litteraturbanken.se\/ljudochbild\/wp-content\/uploads\/2020\/08\/torneros-768x1005.jpg 768w, https:\/\/litteraturbanken.se\/ljudochbild\/wp-content\/uploads\/2020\/08\/torneros-480x628.jpg 480w, https:\/\/litteraturbanken.se\/ljudochbild\/wp-content\/uploads\/2020\/08\/torneros.jpg 1082w\" sizes=\"auto, (max-width: 229px) 100vw, 229px\" \/><\/figure>\n<\/div>\n\n\n<p>\u201dADOLPH T\u00d6RNEROS (1794-1839) var en av sin tids fr\u00e4msta brevskrivare och reseskildrare; det senare i det mindre formatet p\u00e5 st\u00e4ndiga sommarresor i det svenska, fr\u00e4mst s\u00f6rml\u00e4ndska landskapet. Hans v\u00e4nkrets var stor och trofast. Under vinterhalv\u00e5ret hade han sin b\u00e4rgning som professor i latin vid Uppsala universitet d\u00e4r han umgicks i kretsen kring&nbsp;<a href=\"\/forfattare\/SilfverstolpeM\">Malla Silfverstolpe<\/a>&nbsp;och r\u00e4knade&nbsp;<a href=\"\/forfattare\/AtterbomPDA\">Atterbom<\/a>,&nbsp;<a href=\"\/forfattare\/GeijerEG\">Geijer<\/a>&nbsp;och&nbsp;<a href=\"\/forfattare\/NicanderKA\">Nicander<\/a>&nbsp;till sina n\u00e4rmaste. Under sommarens fria m\u00e5nader begav han sig ut p\u00e5 pilgrimsf\u00e4rd bland mellansvenska herrg\u00e5rdar d\u00e4r han var en k\u00e4rkommen g\u00e4st.\u201d<\/p>\n\n\n\n<p>Stycket ovan \u00e4r h\u00e4mtat fr\u00e5n Lotta Lotass introduktion om T\u00f6rneros hos Litteraturbanken.<\/p>\n\n\n\n<div class=\"wp-block-buttons is-layout-flex wp-block-buttons-is-layout-flex\">\n<div class=\"wp-block-button has-custom-font-size read-more-button\" style=\"font-size:14px\"><a class=\"wp-block-button__link has-white-color has-text-color has-background wp-element-button\" href=\"https:\/\/litteraturbanken.se\/f\u00f6rfattare\/T\u00f6rnerosA\" style=\"border-radius:0px;background-color:#cd2400\" target=\"_blank\" rel=\"noopener\"><strong>L\u00c4S MER OM ADOLPH T\u00d6RNEROS<\/strong><\/a><\/div>\n\n\n\n<div class=\"wp-block-button has-custom-font-size read-more-button\" style=\"font-size:14px\"><a class=\"wp-block-button__link has-white-color has-text-color has-background wp-element-button\" href=\"https:\/\/litteraturbanken.se\/f\u00f6rfattare\/T\u00f6rnerosA\/titlar\" style=\"border-radius:0px;background-color:#cd2400\" target=\"_blank\" rel=\"noopener\"><strong>L\u00c4S ADOLPH T\u00d6RNEROS VERK HOS LB.SE<\/strong><\/a><\/div>\n<\/div>\n\n\n\n<div style=\"height:20px\" aria-hidden=\"true\" class=\"wp-block-spacer\"><\/div>\n\n\n\n<div class=\"wp-playlist wp-audio-playlist wp-playlist-light\">\n\t\t\t<div class=\"wp-playlist-current-item\"><\/div>\n\t\t<audio controls=\"controls\" preload=\"none\" width=\"618\"\n\t\t\t><\/audio>\n\t<div class=\"wp-playlist-next\"><\/div>\n\t<div class=\"wp-playlist-prev\"><\/div>\n\t<noscript>\n\t<ol>\n\t\t<li><a href='https:\/\/litteraturbanken.se\/ljudochbild\/wp-content\/uploads\/2020\/08\/torneros_brev1828_helgeson.mp3'>Brev till Margaretha Christina T\u00f6rneros 23 juni 1828<\/a><\/li>\t<\/ol>\n\t<\/noscript>\n\t<script type=\"application\/json\" class=\"wp-playlist-script\">{\"type\":\"audio\",\"tracklist\":true,\"tracknumbers\":true,\"images\":true,\"artists\":true,\"tracks\":[{\"src\":\"https:\/\/litteraturbanken.se\/ljudochbild\/wp-content\/uploads\/2020\/08\/torneros_brev1828_helgeson.mp3\",\"type\":\"audio\/mpeg\",\"title\":\"Brev till Margaretha Christina T\\u00f6rneros 23 juni 1828\",\"caption\":\"\",\"description\":\"\\\"Brev till Margaretha Christina T\\u00f6rneros 23 juni 1828\\\" fr\\u00e5n ETT HJ\\u00c4RTA I RYMDEN. Brev och dagb\\u00f6cker ur Litteraturbankens samlingar av T\\u00f6rneros, Adolph. Sl\\u00e4ppt: 2020. Sp\\u00e5r 27.\",\"meta\":{\"artist\":\"\\u201dEtt hj\\u00e4rta i rymden\\u201d. Brev och dagb\\u00f6cker ur Litteraturbankens samlingar\",\"album\":\"Adolph T\\u00f6rneros l\\u00e4st av Paulina Helgeson\",\"year\":\"2020\",\"length_formatted\":\"11:59\"},\"image\":{\"src\":\"https:\/\/litteraturbanken.se\/ljudochbild\/wp-content\/uploads\/2019\/09\/wide_gub_wide-mp3-image.png\",\"width\":580,\"height\":612},\"thumb\":{\"src\":\"https:\/\/litteraturbanken.se\/ljudochbild\/wp-content\/uploads\/2019\/09\/wide_gub_wide-mp3-image-150x150.png\",\"width\":150,\"height\":150}}]}<\/script>\n<\/div>\n\t\n\n\n\n<hr class=\"wp-block-separator has-alpha-channel-opacity\"\/>\n\n\n<h3 class=\"wp-block-heading author-related-title\">L\u00e4s mer<\/h3>\r\n<div class=\"display-posts-listing grid\"><div class=\"listing-item\"><a class=\"image\" href=\"https:\/\/litteraturbanken.se\/ljudochbild\/2020\/08\/21\/ett-hjarta-i-rymden\/\"><img loading=\"lazy\" decoding=\"async\" width=\"640\" height=\"510\" src=\"https:\/\/litteraturbanken.se\/ljudochbild\/wp-content\/uploads\/2020\/08\/start_bkg_aug2020-1024x816.jpg\" class=\"attachment-large size-large wp-post-image\" alt=\"\" srcset=\"https:\/\/litteraturbanken.se\/ljudochbild\/wp-content\/uploads\/2020\/08\/start_bkg_aug2020-1024x816.jpg 1024w, https:\/\/litteraturbanken.se\/ljudochbild\/wp-content\/uploads\/2020\/08\/start_bkg_aug2020-300x239.jpg 300w, https:\/\/litteraturbanken.se\/ljudochbild\/wp-content\/uploads\/2020\/08\/start_bkg_aug2020-768x612.jpg 768w, https:\/\/litteraturbanken.se\/ljudochbild\/wp-content\/uploads\/2020\/08\/start_bkg_aug2020-1536x1223.jpg 1536w, https:\/\/litteraturbanken.se\/ljudochbild\/wp-content\/uploads\/2020\/08\/start_bkg_aug2020-480x382.jpg 480w, https:\/\/litteraturbanken.se\/ljudochbild\/wp-content\/uploads\/2020\/08\/start_bkg_aug2020.jpg 2000w\" sizes=\"auto, (max-width: 640px) 100vw, 640px\" \/><\/a> <a class=\"title\" href=\"https:\/\/litteraturbanken.se\/ljudochbild\/2020\/08\/21\/ett-hjarta-i-rymden\/\">Ett hj\u00e4rta i rymden<\/a><\/div><\/div>\r\n\r\n\n","protected":false},"excerpt":{"rendered":"<p>\u201dADOLPH T\u00d6RNEROS (1794-1839) var en av sin tids fr\u00e4msta brevskrivare och reseskildrare; det senare i det mindre formatet p\u00e5 st\u00e4ndiga sommarresor i det svenska, fr\u00e4mst s\u00f6rml\u00e4ndska landskapet. Hans v\u00e4nkrets var stor och trofast. Under vinterhalv\u00e5ret hade han sin [&hellip;]<\/p>\n","protected":false},"author":1,"featured_media":3880,"parent":7,"menu_order":0,"comment_status":"closed","ping_status":"closed","template":"","meta":{"footnotes":""},"class_list":["post-3879","page","type-page","status-publish","has-post-thumbnail","hentry"],"yoast_head":"<!-- This site is optimized with the Yoast SEO plugin v27.1.1 - https:\/\/yoast.com\/product\/yoast-seo-wordpress\/ -->\n<title>Adolph T\u00f6rneros (1794\u20131839) - Ljud &amp; Bild<\/title>\n<meta name=\"robots\" content=\"index, follow, max-snippet:-1, max-image-preview:large, max-video-preview:-1\" \/>\n<link rel=\"canonical\" href=\"https:\/\/litteraturbanken.se\/ljudochbild\/forfattare\/tornerosa\/\" \/>\n<meta property=\"og:locale\" content=\"sv_SE\" \/>\n<meta property=\"og:type\" content=\"article\" \/>\n<meta property=\"og:title\" content=\"Adolph T\u00f6rneros (1794\u20131839) - Ljud &amp; Bild\" \/>\n<meta property=\"og:description\" content=\"\u201dADOLPH T\u00d6RNEROS (1794-1839) var en av sin tids fr\u00e4msta brevskrivare och reseskildrare; det senare i det mindre formatet p\u00e5 st\u00e4ndiga sommarresor i det svenska, fr\u00e4mst s\u00f6rml\u00e4ndska landskapet. Hans v\u00e4nkrets var stor och trofast. Under vinterhalv\u00e5ret hade han sin [&hellip;]\" \/>\n<meta property=\"og:url\" content=\"https:\/\/litteraturbanken.se\/ljudochbild\/forfattare\/tornerosa\/\" \/>\n<meta property=\"og:site_name\" content=\"Ljud &amp; Bild\" \/>\n<meta property=\"article:publisher\" content=\"https:\/\/www.facebook.com\/Litteraturbanken.se\" \/>\n<meta property=\"article:modified_time\" content=\"2024-09-09T09:46:33+00:00\" \/>\n<meta property=\"og:image\" content=\"https:\/\/litteraturbanken.se\/ljudochbild\/wp-content\/uploads\/2020\/08\/torneros.jpg\" \/>\n\t<meta property=\"og:image:width\" content=\"1082\" \/>\n\t<meta property=\"og:image:height\" content=\"1416\" \/>\n\t<meta property=\"og:image:type\" content=\"image\/jpeg\" \/>\n<meta name=\"twitter:card\" content=\"summary_large_image\" \/>\n<meta name=\"twitter:site\" content=\"@litteraturbank\" \/>\n<meta name=\"twitter:label1\" content=\"Ber\u00e4knad l\u00e4stid\" \/>\n\t<meta name=\"twitter:data1\" content=\"1 minut\" \/>\n<script type=\"application\/ld+json\" class=\"yoast-schema-graph\">{\"@context\":\"https:\/\/schema.org\",\"@graph\":[{\"@type\":\"WebPage\",\"@id\":\"https:\/\/litteraturbanken.se\/ljudochbild\/forfattare\/tornerosa\/\",\"url\":\"https:\/\/litteraturbanken.se\/ljudochbild\/forfattare\/tornerosa\/\",\"name\":\"Adolph T\u00f6rneros (1794\u20131839) - Ljud &amp; Bild\",\"isPartOf\":{\"@id\":\"https:\/\/litteraturbanken.se\/ljudochbild\/#website\"},\"primaryImageOfPage\":{\"@id\":\"https:\/\/litteraturbanken.se\/ljudochbild\/forfattare\/tornerosa\/#primaryimage\"},\"image\":{\"@id\":\"https:\/\/litteraturbanken.se\/ljudochbild\/forfattare\/tornerosa\/#primaryimage\"},\"thumbnailUrl\":\"https:\/\/litteraturbanken.se\/ljudochbild\/wp-content\/uploads\/2020\/08\/torneros.jpg\",\"datePublished\":\"2020-08-17T09:32:22+00:00\",\"dateModified\":\"2024-09-09T09:46:33+00:00\",\"breadcrumb\":{\"@id\":\"https:\/\/litteraturbanken.se\/ljudochbild\/forfattare\/tornerosa\/#breadcrumb\"},\"inLanguage\":\"sv-SE\",\"potentialAction\":[{\"@type\":\"ReadAction\",\"target\":[\"https:\/\/litteraturbanken.se\/ljudochbild\/forfattare\/tornerosa\/\"]}]},{\"@type\":\"ImageObject\",\"inLanguage\":\"sv-SE\",\"@id\":\"https:\/\/litteraturbanken.se\/ljudochbild\/forfattare\/tornerosa\/#primaryimage\",\"url\":\"https:\/\/litteraturbanken.se\/ljudochbild\/wp-content\/uploads\/2020\/08\/torneros.jpg\",\"contentUrl\":\"https:\/\/litteraturbanken.se\/ljudochbild\/wp-content\/uploads\/2020\/08\/torneros.jpg\",\"width\":1082,\"height\":1416},{\"@type\":\"BreadcrumbList\",\"@id\":\"https:\/\/litteraturbanken.se\/ljudochbild\/forfattare\/tornerosa\/#breadcrumb\",\"itemListElement\":[{\"@type\":\"ListItem\",\"position\":1,\"name\":\"Hem\",\"item\":\"https:\/\/litteraturbanken.se\/ljudochbild\/\"},{\"@type\":\"ListItem\",\"position\":2,\"name\":\"F\u00f6rfattare\",\"item\":\"https:\/\/litteraturbanken.se\/ljudochbild\/forfattare\/\"},{\"@type\":\"ListItem\",\"position\":3,\"name\":\"Adolph T\u00f6rneros (1794\u20131839)\"}]},{\"@type\":\"WebSite\",\"@id\":\"https:\/\/litteraturbanken.se\/ljudochbild\/#website\",\"url\":\"https:\/\/litteraturbanken.se\/ljudochbild\/\",\"name\":\"Ljud & Bild\",\"description\":\"Ur Litteraturbankens samlingar\",\"potentialAction\":[{\"@type\":\"SearchAction\",\"target\":{\"@type\":\"EntryPoint\",\"urlTemplate\":\"https:\/\/litteraturbanken.se\/ljudochbild\/?s={search_term_string}\"},\"query-input\":{\"@type\":\"PropertyValueSpecification\",\"valueRequired\":true,\"valueName\":\"search_term_string\"}}],\"inLanguage\":\"sv-SE\"}]}<\/script>\n<!-- \/ Yoast SEO plugin. -->","yoast_head_json":{"title":"Adolph T\u00f6rneros (1794\u20131839) - Ljud &amp; Bild","robots":{"index":"index","follow":"follow","max-snippet":"max-snippet:-1","max-image-preview":"max-image-preview:large","max-video-preview":"max-video-preview:-1"},"canonical":"https:\/\/litteraturbanken.se\/ljudochbild\/forfattare\/tornerosa\/","og_locale":"sv_SE","og_type":"article","og_title":"Adolph T\u00f6rneros (1794\u20131839) - Ljud &amp; Bild","og_description":"\u201dADOLPH T\u00d6RNEROS (1794-1839) var en av sin tids fr\u00e4msta brevskrivare och reseskildrare; det senare i det mindre formatet p\u00e5 st\u00e4ndiga sommarresor i det svenska, fr\u00e4mst s\u00f6rml\u00e4ndska landskapet. Hans v\u00e4nkrets var stor och trofast. Under vinterhalv\u00e5ret hade han sin [&hellip;]","og_url":"https:\/\/litteraturbanken.se\/ljudochbild\/forfattare\/tornerosa\/","og_site_name":"Ljud &amp; Bild","article_publisher":"https:\/\/www.facebook.com\/Litteraturbanken.se","article_modified_time":"2024-09-09T09:46:33+00:00","og_image":[{"width":1082,"height":1416,"url":"https:\/\/litteraturbanken.se\/ljudochbild\/wp-content\/uploads\/2020\/08\/torneros.jpg","type":"image\/jpeg"}],"twitter_card":"summary_large_image","twitter_site":"@litteraturbank","twitter_misc":{"Ber\u00e4knad l\u00e4stid":"1 minut"},"schema":{"@context":"https:\/\/schema.org","@graph":[{"@type":"WebPage","@id":"https:\/\/litteraturbanken.se\/ljudochbild\/forfattare\/tornerosa\/","url":"https:\/\/litteraturbanken.se\/ljudochbild\/forfattare\/tornerosa\/","name":"Adolph T\u00f6rneros (1794\u20131839) - Ljud &amp; Bild","isPartOf":{"@id":"https:\/\/litteraturbanken.se\/ljudochbild\/#website"},"primaryImageOfPage":{"@id":"https:\/\/litteraturbanken.se\/ljudochbild\/forfattare\/tornerosa\/#primaryimage"},"image":{"@id":"https:\/\/litteraturbanken.se\/ljudochbild\/forfattare\/tornerosa\/#primaryimage"},"thumbnailUrl":"https:\/\/litteraturbanken.se\/ljudochbild\/wp-content\/uploads\/2020\/08\/torneros.jpg","datePublished":"2020-08-17T09:32:22+00:00","dateModified":"2024-09-09T09:46:33+00:00","breadcrumb":{"@id":"https:\/\/litteraturbanken.se\/ljudochbild\/forfattare\/tornerosa\/#breadcrumb"},"inLanguage":"sv-SE","potentialAction":[{"@type":"ReadAction","target":["https:\/\/litteraturbanken.se\/ljudochbild\/forfattare\/tornerosa\/"]}]},{"@type":"ImageObject","inLanguage":"sv-SE","@id":"https:\/\/litteraturbanken.se\/ljudochbild\/forfattare\/tornerosa\/#primaryimage","url":"https:\/\/litteraturbanken.se\/ljudochbild\/wp-content\/uploads\/2020\/08\/torneros.jpg","contentUrl":"https:\/\/litteraturbanken.se\/ljudochbild\/wp-content\/uploads\/2020\/08\/torneros.jpg","width":1082,"height":1416},{"@type":"BreadcrumbList","@id":"https:\/\/litteraturbanken.se\/ljudochbild\/forfattare\/tornerosa\/#breadcrumb","itemListElement":[{"@type":"ListItem","position":1,"name":"Hem","item":"https:\/\/litteraturbanken.se\/ljudochbild\/"},{"@type":"ListItem","position":2,"name":"F\u00f6rfattare","item":"https:\/\/litteraturbanken.se\/ljudochbild\/forfattare\/"},{"@type":"ListItem","position":3,"name":"Adolph T\u00f6rneros (1794\u20131839)"}]},{"@type":"WebSite","@id":"https:\/\/litteraturbanken.se\/ljudochbild\/#website","url":"https:\/\/litteraturbanken.se\/ljudochbild\/","name":"Ljud & Bild","description":"Ur Litteraturbankens samlingar","potentialAction":[{"@type":"SearchAction","target":{"@type":"EntryPoint","urlTemplate":"https:\/\/litteraturbanken.se\/ljudochbild\/?s={search_term_string}"},"query-input":{"@type":"PropertyValueSpecification","valueRequired":true,"valueName":"search_term_string"}}],"inLanguage":"sv-SE"}]}},"_links":{"self":[{"href":"https:\/\/litteraturbanken.se\/ljudochbild\/wp-json\/wp\/v2\/pages\/3879","targetHints":{"allow":["GET"]}}],"collection":[{"href":"https:\/\/litteraturbanken.se\/ljudochbild\/wp-json\/wp\/v2\/pages"}],"about":[{"href":"https:\/\/litteraturbanken.se\/ljudochbild\/wp-json\/wp\/v2\/types\/page"}],"author":[{"embeddable":true,"href":"https:\/\/litteraturbanken.se\/ljudochbild\/wp-json\/wp\/v2\/users\/1"}],"replies":[{"embeddable":true,"href":"https:\/\/litteraturbanken.se\/ljudochbild\/wp-json\/wp\/v2\/comments?post=3879"}],"version-history":[{"count":2,"href":"https:\/\/litteraturbanken.se\/ljudochbild\/wp-json\/wp\/v2\/pages\/3879\/revisions"}],"predecessor-version":[{"id":11619,"href":"https:\/\/litteraturbanken.se\/ljudochbild\/wp-json\/wp\/v2\/pages\/3879\/revisions\/11619"}],"up":[{"embeddable":true,"href":"https:\/\/litteraturbanken.se\/ljudochbild\/wp-json\/wp\/v2\/pages\/7"}],"wp:featuredmedia":[{"embeddable":true,"href":"https:\/\/litteraturbanken.se\/ljudochbild\/wp-json\/wp\/v2\/media\/3880"}],"wp:attachment":[{"href":"https:\/\/litteraturbanken.se\/ljudochbild\/wp-json\/wp\/v2\/media?parent=3879"}],"curies":[{"name":"wp","href":"https:\/\/api.w.org\/{rel}","templated":true}]}}