{"id":4852,"date":"2021-04-22T09:44:31","date_gmt":"2021-04-22T07:44:31","guid":{"rendered":"https:\/\/litteraturbanken.se\/ljudochbild\/?page_id=4852"},"modified":"2024-09-16T14:52:13","modified_gmt":"2024-09-16T12:52:13","slug":"braunerhjelma","status":"publish","type":"page","link":"https:\/\/litteraturbanken.se\/ljudochbild\/forfattare\/braunerhjelma\/","title":{"rendered":"Augusta Braunerhjelm (1839\u20131929)"},"content":{"rendered":"<div class=\"wp-block-image\">\n<figure class=\"alignright size-large is-resized\"><img loading=\"lazy\" decoding=\"async\" width=\"600\" height=\"936\" src=\"https:\/\/litteraturbanken.se\/ljudochbild\/wp-content\/uploads\/2021\/04\/braunerhjelm_augusta-1.jpg\" alt=\"Augusta Braunerhjelm\" class=\"wp-image-4842\" style=\"width:250px;height:390px\" srcset=\"https:\/\/litteraturbanken.se\/ljudochbild\/wp-content\/uploads\/2021\/04\/braunerhjelm_augusta-1.jpg 600w, https:\/\/litteraturbanken.se\/ljudochbild\/wp-content\/uploads\/2021\/04\/braunerhjelm_augusta-1-192x300.jpg 192w, https:\/\/litteraturbanken.se\/ljudochbild\/wp-content\/uploads\/2021\/04\/braunerhjelm_augusta-1-480x749.jpg 480w\" sizes=\"auto, (max-width: 600px) 100vw, 600px\" \/><\/figure>\n<\/div>\n\n\n<p>\u201dAUGUSTA BRAUNERHJELM (1839\u20131929) skrev dramatik, noveller och bidrag till tidskrifter och kalendrar. Hennes dramatiska produktion omfattar s\u00e5v\u00e4l den komiska som historiska genren. Hon debuterade med k\u00e4rlekskomedin\u00a0<em><a aria-label=\"Kusinerna (\u00f6ppnas i en ny flik)\" href=\"https:\/\/litteraturbanken.se\/f%C3%B6rfattare\/BraunerhjelmA\/titlar\/KusinernaMS\/sida\/1\/faksimil\" target=\"_blank\" rel=\"noreferrer noopener\">Kusinerna<\/a><\/em>\u00a0som effektivt sm\u00e4dar ytliga och koketta kvinnor. Premi\u00e4ren gavs p\u00e5 Kungliga teatern 1870 och trots ganska d\u00e5lig kritik blev den med 63 f\u00f6rest\u00e4llningar hennes st\u00f6rsta publikframg\u00e5ng.\u201d<\/p>\n\n\n\n<p>Stycket ovanf\u00f6r kommer fr\u00e5n Ulrika Lindgrens introduktion av Augusta Braunerhjelm hos Dramawebben p\u00e5 Litteraturbanken.<\/p>\n\n\n\n<div class=\"wp-block-buttons is-layout-flex wp-block-buttons-is-layout-flex\">\n<div class=\"wp-block-button has-custom-font-size read-more-button\" style=\"font-size:14px\"><a class=\"wp-block-button__link has-white-color has-text-color has-background wp-element-button\" href=\"https:\/\/litteraturbanken.se\/f%C3%B6rfattare\/BraunerhjelmA\/dramawebben\" style=\"border-radius:0px;background-color:#cd2400\" target=\"_blank\" rel=\"noopener\"><strong>L\u00c4S MER OM AUGUSTA BRAUNERHJELM<\/strong><\/a><\/div>\n\n\n\n<div class=\"wp-block-button has-custom-font-size read-more-button\" style=\"font-size:14px\"><a class=\"wp-block-button__link has-white-color has-text-color has-background wp-element-button\" href=\"https:\/\/litteraturbanken.se\/f%C3%B6rfattare\/BraunerhjelmA\/titlar\" style=\"border-radius:0px;background-color:#cd2400\" target=\"_blank\" rel=\"noopener\"><strong>L\u00c4S <strong>AUGUSTA BRAUNERHJEL<\/strong>MS VERK HOS LB.SE<\/strong><\/a><\/div>\n<\/div>\n\n\n\n<div style=\"height:20px\" aria-hidden=\"true\" class=\"wp-block-spacer\"><\/div>\n\n\n\n<p>H\u00f6r regiss\u00f6ren och sk\u00e5despelaren Emilie Strandberg l\u00e4sa in novellen <a rel=\"noreferrer noopener\" aria-label=\" (\u00f6ppnas i en ny flik)\" href=\"https:\/\/litteraturbanken.se\/f%C3%B6rfattare\/AnderssonD\/titlar\/PosthumaNoveller\/sida\/132\/etext\" target=\"_blank\">\u201dBikten\u201d<\/a> i spelaren nedanf\u00f6r:<\/p>\n\n\n\n<div class=\"wp-playlist wp-audio-playlist wp-playlist-light\">\n\t\t\t<div class=\"wp-playlist-current-item\"><\/div>\n\t\t<audio controls=\"controls\" preload=\"none\" width=\"618\"\n\t\t\t><\/audio>\n\t<div class=\"wp-playlist-next\"><\/div>\n\t<div class=\"wp-playlist-prev\"><\/div>\n\t<noscript>\n\t<ol>\n\t\t<li><a href='https:\/\/litteraturbanken.se\/ljudochbild\/wp-content\/uploads\/2021\/04\/braunerhjelm_bikten_strandberg.mp3'>Bikten<\/a><\/li>\t<\/ol>\n\t<\/noscript>\n\t<script type=\"application\/json\" class=\"wp-playlist-script\">{\"type\":\"audio\",\"tracklist\":true,\"tracknumbers\":true,\"images\":true,\"artists\":true,\"tracks\":[{\"src\":\"https:\/\/litteraturbanken.se\/ljudochbild\/wp-content\/uploads\/2021\/04\/braunerhjelm_bikten_strandberg.mp3\",\"type\":\"audio\/mpeg\",\"title\":\"Bikten\",\"caption\":\"\",\"description\":\"\\\"Bikten\\\" fr\\u00e5n Emilie Strandberg l\\u00e4ser \\u201dSynd. Noveller av det moderna genombrottets kvinnor\\u201d av Augusta Braunerhjelm. Sl\\u00e4ppt: 2021.\",\"meta\":{\"artist\":\"Emilie Strandberg l\\u00e4ser Synd. Noveller av det moderna genombrottets kvinnor\",\"album\":\"Augusta Braunerhjelm\",\"year\":\"2021\",\"length_formatted\":\"8:50\"},\"image\":{\"src\":\"https:\/\/litteraturbanken.se\/ljudochbild\/wp-content\/uploads\/2021\/02\/lb_albumart.png\",\"width\":580,\"height\":612},\"thumb\":{\"src\":\"https:\/\/litteraturbanken.se\/ljudochbild\/wp-content\/uploads\/2021\/02\/lb_albumart-150x150.png\",\"width\":150,\"height\":150}}]}<\/script>\n<\/div>\n\t\n\n\n\n<hr class=\"wp-block-separator has-css-opacity\"\/>\n\n\n\n<p><em>Inl\u00e4sningen spelades in i G\u00f6teborg mars 2021 och inspelningstekniker var Martin Joviken<\/em>. \u2013 <em>Fotografiet av (detalj) har vi l\u00e5nat fr\u00e5n <a href=\"https:\/\/www.alvin-portal.org\/alvin\/imageViewer.jsf?dsId=ATTACHMENT-0001&amp;pid=alvin-record:71409\" target=\"_blank\" rel=\"noreferrer noopener\">Uppsala universitetsbibliotek<\/a><\/em>.<\/p>\n\n\n<h3 class=\"wp-block-heading author-related-title\">L\u00e4s mer<\/h3>\r\n<div class=\"display-posts-listing grid\"><div class=\"listing-item\"><a class=\"image\" href=\"https:\/\/litteraturbanken.se\/ljudochbild\/2021\/04\/22\/braunerhjelm-bikten\/\"><img loading=\"lazy\" decoding=\"async\" width=\"600\" height=\"954\" src=\"https:\/\/litteraturbanken.se\/ljudochbild\/wp-content\/uploads\/2021\/04\/braunehjelm_augusta_bla.jpg\" class=\"attachment-large size-large wp-post-image\" alt=\"\" srcset=\"https:\/\/litteraturbanken.se\/ljudochbild\/wp-content\/uploads\/2021\/04\/braunehjelm_augusta_bla.jpg 600w, https:\/\/litteraturbanken.se\/ljudochbild\/wp-content\/uploads\/2021\/04\/braunehjelm_augusta_bla-189x300.jpg 189w, https:\/\/litteraturbanken.se\/ljudochbild\/wp-content\/uploads\/2021\/04\/braunehjelm_augusta_bla-480x763.jpg 480w\" sizes=\"auto, (max-width: 600px) 100vw, 600px\" \/><\/a> <a class=\"title\" href=\"https:\/\/litteraturbanken.se\/ljudochbild\/2021\/04\/22\/braunerhjelm-bikten\/\">Braunerhjelm &#038; Bikten<\/a><\/div><\/div>\r\n\r\n\n","protected":false},"excerpt":{"rendered":"<p>\u201dAUGUSTA BRAUNERHJELM (1839\u20131929) skrev dramatik, noveller och bidrag till tidskrifter och kalendrar. Hennes dramatiska produktion omfattar s\u00e5v\u00e4l den komiska som historiska genren. Hon debuterade med k\u00e4rlekskomedin\u00a0Kusinerna\u00a0som effektivt sm\u00e4dar ytliga och koketta kvinnor. Premi\u00e4ren gavs p\u00e5 Kungliga teatern 1870 [&hellip;]<\/p>\n","protected":false},"author":5,"featured_media":4842,"parent":7,"menu_order":0,"comment_status":"closed","ping_status":"closed","template":"","meta":{"footnotes":""},"class_list":["post-4852","page","type-page","status-publish","has-post-thumbnail","hentry"],"yoast_head":"<!-- This site is optimized with the Yoast SEO plugin v27.1.1 - https:\/\/yoast.com\/product\/yoast-seo-wordpress\/ -->\n<title>Augusta Braunerhjelm (1839\u20131929) - Ljud &amp; Bild<\/title>\n<meta name=\"description\" content=\"Augusta Braunerhjelm skrev dramatik, noveller och bidrag till tidskrifter och kalendrar. Hennes dramatiska produktion omfattar s\u00e5v\u00e4l den ...\" \/>\n<meta name=\"robots\" content=\"index, follow, max-snippet:-1, max-image-preview:large, max-video-preview:-1\" \/>\n<link rel=\"canonical\" href=\"https:\/\/litteraturbanken.se\/ljudochbild\/forfattare\/braunerhjelma\/\" \/>\n<meta property=\"og:locale\" content=\"sv_SE\" \/>\n<meta property=\"og:type\" content=\"article\" \/>\n<meta property=\"og:title\" content=\"Augusta Braunerhjelm (1839\u20131929) - Ljud &amp; Bild\" \/>\n<meta property=\"og:description\" content=\"Augusta Braunerhjelm skrev dramatik, noveller och bidrag till tidskrifter och kalendrar. Hennes dramatiska produktion omfattar s\u00e5v\u00e4l den ...\" \/>\n<meta property=\"og:url\" content=\"https:\/\/litteraturbanken.se\/ljudochbild\/forfattare\/braunerhjelma\/\" \/>\n<meta property=\"og:site_name\" content=\"Ljud &amp; Bild\" \/>\n<meta property=\"article:publisher\" content=\"https:\/\/www.facebook.com\/Litteraturbanken.se\" \/>\n<meta property=\"article:modified_time\" content=\"2024-09-16T12:52:13+00:00\" \/>\n<meta property=\"og:image\" content=\"https:\/\/litteraturbanken.se\/ljudochbild\/wp-content\/uploads\/2021\/04\/braunerhjelm_augusta-1.jpg\" \/>\n\t<meta property=\"og:image:width\" content=\"600\" \/>\n\t<meta property=\"og:image:height\" content=\"936\" \/>\n\t<meta property=\"og:image:type\" content=\"image\/jpeg\" \/>\n<meta name=\"twitter:card\" content=\"summary_large_image\" \/>\n<meta name=\"twitter:site\" content=\"@litteraturbank\" \/>\n<meta name=\"twitter:label1\" content=\"Ber\u00e4knad l\u00e4stid\" \/>\n\t<meta name=\"twitter:data1\" content=\"1 minut\" \/>\n<script type=\"application\/ld+json\" class=\"yoast-schema-graph\">{\"@context\":\"https:\/\/schema.org\",\"@graph\":[{\"@type\":\"WebPage\",\"@id\":\"https:\/\/litteraturbanken.se\/ljudochbild\/forfattare\/braunerhjelma\/\",\"url\":\"https:\/\/litteraturbanken.se\/ljudochbild\/forfattare\/braunerhjelma\/\",\"name\":\"Augusta Braunerhjelm (1839\u20131929) - Ljud &amp; Bild\",\"isPartOf\":{\"@id\":\"https:\/\/litteraturbanken.se\/ljudochbild\/#website\"},\"primaryImageOfPage\":{\"@id\":\"https:\/\/litteraturbanken.se\/ljudochbild\/forfattare\/braunerhjelma\/#primaryimage\"},\"image\":{\"@id\":\"https:\/\/litteraturbanken.se\/ljudochbild\/forfattare\/braunerhjelma\/#primaryimage\"},\"thumbnailUrl\":\"https:\/\/litteraturbanken.se\/ljudochbild\/wp-content\/uploads\/2021\/04\/braunerhjelm_augusta-1.jpg\",\"datePublished\":\"2021-04-22T07:44:31+00:00\",\"dateModified\":\"2024-09-16T12:52:13+00:00\",\"description\":\"Augusta Braunerhjelm skrev dramatik, noveller och bidrag till tidskrifter och kalendrar. Hennes dramatiska produktion omfattar s\u00e5v\u00e4l den ...\",\"breadcrumb\":{\"@id\":\"https:\/\/litteraturbanken.se\/ljudochbild\/forfattare\/braunerhjelma\/#breadcrumb\"},\"inLanguage\":\"sv-SE\",\"potentialAction\":[{\"@type\":\"ReadAction\",\"target\":[\"https:\/\/litteraturbanken.se\/ljudochbild\/forfattare\/braunerhjelma\/\"]}]},{\"@type\":\"ImageObject\",\"inLanguage\":\"sv-SE\",\"@id\":\"https:\/\/litteraturbanken.se\/ljudochbild\/forfattare\/braunerhjelma\/#primaryimage\",\"url\":\"https:\/\/litteraturbanken.se\/ljudochbild\/wp-content\/uploads\/2021\/04\/braunerhjelm_augusta-1.jpg\",\"contentUrl\":\"https:\/\/litteraturbanken.se\/ljudochbild\/wp-content\/uploads\/2021\/04\/braunerhjelm_augusta-1.jpg\",\"width\":600,\"height\":936,\"caption\":\"Augusta Braunerhjelm\"},{\"@type\":\"BreadcrumbList\",\"@id\":\"https:\/\/litteraturbanken.se\/ljudochbild\/forfattare\/braunerhjelma\/#breadcrumb\",\"itemListElement\":[{\"@type\":\"ListItem\",\"position\":1,\"name\":\"Hem\",\"item\":\"https:\/\/litteraturbanken.se\/ljudochbild\/\"},{\"@type\":\"ListItem\",\"position\":2,\"name\":\"F\u00f6rfattare\",\"item\":\"https:\/\/litteraturbanken.se\/ljudochbild\/forfattare\/\"},{\"@type\":\"ListItem\",\"position\":3,\"name\":\"Augusta Braunerhjelm (1839\u20131929)\"}]},{\"@type\":\"WebSite\",\"@id\":\"https:\/\/litteraturbanken.se\/ljudochbild\/#website\",\"url\":\"https:\/\/litteraturbanken.se\/ljudochbild\/\",\"name\":\"Ljud & Bild\",\"description\":\"Ur Litteraturbankens samlingar\",\"potentialAction\":[{\"@type\":\"SearchAction\",\"target\":{\"@type\":\"EntryPoint\",\"urlTemplate\":\"https:\/\/litteraturbanken.se\/ljudochbild\/?s={search_term_string}\"},\"query-input\":{\"@type\":\"PropertyValueSpecification\",\"valueRequired\":true,\"valueName\":\"search_term_string\"}}],\"inLanguage\":\"sv-SE\"}]}<\/script>\n<!-- \/ Yoast SEO plugin. -->","yoast_head_json":{"title":"Augusta Braunerhjelm (1839\u20131929) - Ljud &amp; Bild","description":"Augusta Braunerhjelm skrev dramatik, noveller och bidrag till tidskrifter och kalendrar. Hennes dramatiska produktion omfattar s\u00e5v\u00e4l den ...","robots":{"index":"index","follow":"follow","max-snippet":"max-snippet:-1","max-image-preview":"max-image-preview:large","max-video-preview":"max-video-preview:-1"},"canonical":"https:\/\/litteraturbanken.se\/ljudochbild\/forfattare\/braunerhjelma\/","og_locale":"sv_SE","og_type":"article","og_title":"Augusta Braunerhjelm (1839\u20131929) - Ljud &amp; Bild","og_description":"Augusta Braunerhjelm skrev dramatik, noveller och bidrag till tidskrifter och kalendrar. Hennes dramatiska produktion omfattar s\u00e5v\u00e4l den ...","og_url":"https:\/\/litteraturbanken.se\/ljudochbild\/forfattare\/braunerhjelma\/","og_site_name":"Ljud &amp; Bild","article_publisher":"https:\/\/www.facebook.com\/Litteraturbanken.se","article_modified_time":"2024-09-16T12:52:13+00:00","og_image":[{"width":600,"height":936,"url":"https:\/\/litteraturbanken.se\/ljudochbild\/wp-content\/uploads\/2021\/04\/braunerhjelm_augusta-1.jpg","type":"image\/jpeg"}],"twitter_card":"summary_large_image","twitter_site":"@litteraturbank","twitter_misc":{"Ber\u00e4knad l\u00e4stid":"1 minut"},"schema":{"@context":"https:\/\/schema.org","@graph":[{"@type":"WebPage","@id":"https:\/\/litteraturbanken.se\/ljudochbild\/forfattare\/braunerhjelma\/","url":"https:\/\/litteraturbanken.se\/ljudochbild\/forfattare\/braunerhjelma\/","name":"Augusta Braunerhjelm (1839\u20131929) - Ljud &amp; Bild","isPartOf":{"@id":"https:\/\/litteraturbanken.se\/ljudochbild\/#website"},"primaryImageOfPage":{"@id":"https:\/\/litteraturbanken.se\/ljudochbild\/forfattare\/braunerhjelma\/#primaryimage"},"image":{"@id":"https:\/\/litteraturbanken.se\/ljudochbild\/forfattare\/braunerhjelma\/#primaryimage"},"thumbnailUrl":"https:\/\/litteraturbanken.se\/ljudochbild\/wp-content\/uploads\/2021\/04\/braunerhjelm_augusta-1.jpg","datePublished":"2021-04-22T07:44:31+00:00","dateModified":"2024-09-16T12:52:13+00:00","description":"Augusta Braunerhjelm skrev dramatik, noveller och bidrag till tidskrifter och kalendrar. Hennes dramatiska produktion omfattar s\u00e5v\u00e4l den ...","breadcrumb":{"@id":"https:\/\/litteraturbanken.se\/ljudochbild\/forfattare\/braunerhjelma\/#breadcrumb"},"inLanguage":"sv-SE","potentialAction":[{"@type":"ReadAction","target":["https:\/\/litteraturbanken.se\/ljudochbild\/forfattare\/braunerhjelma\/"]}]},{"@type":"ImageObject","inLanguage":"sv-SE","@id":"https:\/\/litteraturbanken.se\/ljudochbild\/forfattare\/braunerhjelma\/#primaryimage","url":"https:\/\/litteraturbanken.se\/ljudochbild\/wp-content\/uploads\/2021\/04\/braunerhjelm_augusta-1.jpg","contentUrl":"https:\/\/litteraturbanken.se\/ljudochbild\/wp-content\/uploads\/2021\/04\/braunerhjelm_augusta-1.jpg","width":600,"height":936,"caption":"Augusta Braunerhjelm"},{"@type":"BreadcrumbList","@id":"https:\/\/litteraturbanken.se\/ljudochbild\/forfattare\/braunerhjelma\/#breadcrumb","itemListElement":[{"@type":"ListItem","position":1,"name":"Hem","item":"https:\/\/litteraturbanken.se\/ljudochbild\/"},{"@type":"ListItem","position":2,"name":"F\u00f6rfattare","item":"https:\/\/litteraturbanken.se\/ljudochbild\/forfattare\/"},{"@type":"ListItem","position":3,"name":"Augusta Braunerhjelm (1839\u20131929)"}]},{"@type":"WebSite","@id":"https:\/\/litteraturbanken.se\/ljudochbild\/#website","url":"https:\/\/litteraturbanken.se\/ljudochbild\/","name":"Ljud & Bild","description":"Ur Litteraturbankens samlingar","potentialAction":[{"@type":"SearchAction","target":{"@type":"EntryPoint","urlTemplate":"https:\/\/litteraturbanken.se\/ljudochbild\/?s={search_term_string}"},"query-input":{"@type":"PropertyValueSpecification","valueRequired":true,"valueName":"search_term_string"}}],"inLanguage":"sv-SE"}]}},"_links":{"self":[{"href":"https:\/\/litteraturbanken.se\/ljudochbild\/wp-json\/wp\/v2\/pages\/4852","targetHints":{"allow":["GET"]}}],"collection":[{"href":"https:\/\/litteraturbanken.se\/ljudochbild\/wp-json\/wp\/v2\/pages"}],"about":[{"href":"https:\/\/litteraturbanken.se\/ljudochbild\/wp-json\/wp\/v2\/types\/page"}],"author":[{"embeddable":true,"href":"https:\/\/litteraturbanken.se\/ljudochbild\/wp-json\/wp\/v2\/users\/5"}],"replies":[{"embeddable":true,"href":"https:\/\/litteraturbanken.se\/ljudochbild\/wp-json\/wp\/v2\/comments?post=4852"}],"version-history":[{"count":9,"href":"https:\/\/litteraturbanken.se\/ljudochbild\/wp-json\/wp\/v2\/pages\/4852\/revisions"}],"predecessor-version":[{"id":12055,"href":"https:\/\/litteraturbanken.se\/ljudochbild\/wp-json\/wp\/v2\/pages\/4852\/revisions\/12055"}],"up":[{"embeddable":true,"href":"https:\/\/litteraturbanken.se\/ljudochbild\/wp-json\/wp\/v2\/pages\/7"}],"wp:featuredmedia":[{"embeddable":true,"href":"https:\/\/litteraturbanken.se\/ljudochbild\/wp-json\/wp\/v2\/media\/4842"}],"wp:attachment":[{"href":"https:\/\/litteraturbanken.se\/ljudochbild\/wp-json\/wp\/v2\/media?parent=4852"}],"curies":[{"name":"wp","href":"https:\/\/api.w.org\/{rel}","templated":true}]}}