{"id":4980,"date":"2021-06-22T15:53:58","date_gmt":"2021-06-22T13:53:58","guid":{"rendered":"https:\/\/litteraturbanken.se\/ljudochbild\/?page_id=4980"},"modified":"2024-09-16T14:17:56","modified_gmt":"2024-09-16T12:17:56","slug":"elin-ameen-1852-1913","status":"publish","type":"page","link":"https:\/\/litteraturbanken.se\/ljudochbild\/forfattare\/elin-ameen-1852-1913\/","title":{"rendered":"Elin Am\u00e9en (1852\u20131913)"},"content":{"rendered":"<div class=\"wp-block-image\">\n<figure class=\"alignright size-large is-resized\"><img loading=\"lazy\" decoding=\"async\" width=\"434\" height=\"550\" src=\"https:\/\/litteraturbanken.se\/ljudochbild\/wp-content\/uploads\/2021\/06\/AmeenE_dw_large.jpeg\" alt=\"Elin Am\u00e9en\" class=\"wp-image-4971\" style=\"width:209px;height:265px\" srcset=\"https:\/\/litteraturbanken.se\/ljudochbild\/wp-content\/uploads\/2021\/06\/AmeenE_dw_large.jpeg 434w, https:\/\/litteraturbanken.se\/ljudochbild\/wp-content\/uploads\/2021\/06\/AmeenE_dw_large-237x300.jpeg 237w\" sizes=\"auto, (max-width: 434px) 100vw, 434px\" \/><\/figure>\n<\/div>\n\n\n<p>\u201dELIN AM\u00c9EN (1852\u20131913) skrev framf\u00f6r allt noveller och ber\u00e4ttelser, ett flertal av dem publicerades i tidningar och tidskrifter, samt romanen\u00a0<em>Frihet<\/em>\u00a0(1893) och dramat\u00a0<em>En moder<\/em>\u00a0som trycktes 1895 efter en uppm\u00e4rksammad iscens\u00e4ttning p\u00e5 The Independent Theatre i London (1893) p\u00e5 initiativ av sk\u00e5despelerskan Elizabeth Robins.\u201d<\/p>\n\n\n\n<p>Stycket ovanf\u00f6r har vi l\u00e5nat fr\u00e5n introduktionen skriven av Marika V. Lagercrantz hos Dramawebben.<\/p>\n\n\n\n<div class=\"wp-block-buttons is-layout-flex wp-block-buttons-is-layout-flex\">\n<div class=\"wp-block-button has-custom-font-size read-more-button\" style=\"font-size:14px\"><a class=\"wp-block-button__link has-white-color has-text-color has-background wp-element-button\" href=\"https:\/\/litteraturbanken.se\/f%C3%B6rfattare\/Am%C3%A9enE\" style=\"border-radius:0px;background-color:#cd2400\" target=\"_blank\" rel=\"noopener\"><strong>L\u00c4S MER OM ELIN AM\u00c9EN<\/strong><\/a><\/div>\n\n\n\n<div class=\"wp-block-button has-custom-font-size read-more-button\" style=\"font-size:14px\"><a class=\"wp-block-button__link has-white-color has-text-color has-background wp-element-button\" href=\"https:\/\/litteraturbanken.se\/f%C3%B6rfattare\/Am%C3%A9enE\/titlar\" style=\"border-radius:0px;background-color:#cd2400\" target=\"_blank\" rel=\"noopener\"><strong>L\u00c4S <strong>ELIN AM\u00c9ENS<\/strong> VERK HOS LB.SE<\/strong><\/a><\/div>\n<\/div>\n\n\n\n<div style=\"height:20px\" aria-hidden=\"true\" class=\"wp-block-spacer\"><\/div>\n\n\n\n<p>H\u00f6r regiss\u00f6ren och sk\u00e5despelaren Emilie Strandberg l\u00e4sa in novellen <a href=\"http:\/\/litteraturbanken.se\/f\u00f6rfattare\/KerfstedtA\/titlar\/Synd\/sida\/107\/etext\" target=\"_blank\" rel=\"noreferrer noopener\" aria-label=\"\u201dTr\u00e4ldom\u201d (\u00f6ppnas i en ny flik)\">\u201dTr\u00e4ldom\u201d<\/a> i spelaren nedanf\u00f6r:<\/p>\n\n\n\n<div class=\"wp-playlist wp-audio-playlist wp-playlist-light\">\n\t\t\t<div class=\"wp-playlist-current-item\"><\/div>\n\t\t<audio controls=\"controls\" preload=\"none\" width=\"618\"\n\t\t\t><\/audio>\n\t<div class=\"wp-playlist-next\"><\/div>\n\t<div class=\"wp-playlist-prev\"><\/div>\n\t<noscript>\n\t<ol>\n\t\t<li><a href='https:\/\/litteraturbanken.se\/ljudochbild\/wp-content\/uploads\/2021\/04\/ameen_traldom_strandberg.mp3'>Tr\u00e4ldom<\/a><\/li>\t<\/ol>\n\t<\/noscript>\n\t<script type=\"application\/json\" class=\"wp-playlist-script\">{\"type\":\"audio\",\"tracklist\":true,\"tracknumbers\":true,\"images\":true,\"artists\":true,\"tracks\":[{\"src\":\"https:\/\/litteraturbanken.se\/ljudochbild\/wp-content\/uploads\/2021\/04\/ameen_traldom_strandberg.mp3\",\"type\":\"audio\/mpeg\",\"title\":\"Tr\\u00e4ldom\",\"caption\":\"\",\"description\":\"\\\"Tr\\u00e4ldom\\\" fr\\u00e5n Emilie Strandberg l\\u00e4ser \\u201dSynd. Noveller av det moderna genombrottets kvinnor\\u201d av Elin Am\\u00e9en. Sl\\u00e4ppt: 2021.\",\"meta\":{\"artist\":\"Emilie Strandberg l\\u00e4ser Synd. Noveller av det moderna genombrottets kvinnor\",\"album\":\"Elin Am\\u00e9en\",\"year\":\"2021\",\"length_formatted\":\"18:17\"},\"image\":{\"src\":\"https:\/\/litteraturbanken.se\/ljudochbild\/wp-content\/uploads\/2021\/02\/lb_albumart.png\",\"width\":580,\"height\":612},\"thumb\":{\"src\":\"https:\/\/litteraturbanken.se\/ljudochbild\/wp-content\/uploads\/2021\/02\/lb_albumart-150x150.png\",\"width\":150,\"height\":150}}]}<\/script>\n<\/div>\n\t\n\n\n\n<hr class=\"wp-block-separator has-css-opacity\"\/>\n\n\n\n<p><em>Inl\u00e4sningen spelades in i G\u00f6teborg mars 2021 och inspelningstekniker var Martin Joviken<\/em>.<\/p>\n\n\n<h3 class=\"wp-block-heading author-related-title\">L\u00e4s mer<\/h3>\r\n<div class=\"display-posts-listing grid\"><div class=\"listing-item\"><a class=\"image\" href=\"https:\/\/litteraturbanken.se\/ljudochbild\/2021\/06\/28\/ameen-traldom\/\"><img loading=\"lazy\" decoding=\"async\" width=\"640\" height=\"763\" src=\"https:\/\/litteraturbanken.se\/ljudochbild\/wp-content\/uploads\/2021\/06\/idun_constantin_hansen_kort-2-859x1024.jpg\" class=\"attachment-large size-large wp-post-image\" alt=\"\" srcset=\"https:\/\/litteraturbanken.se\/ljudochbild\/wp-content\/uploads\/2021\/06\/idun_constantin_hansen_kort-2-859x1024.jpg 859w, https:\/\/litteraturbanken.se\/ljudochbild\/wp-content\/uploads\/2021\/06\/idun_constantin_hansen_kort-2-252x300.jpg 252w, https:\/\/litteraturbanken.se\/ljudochbild\/wp-content\/uploads\/2021\/06\/idun_constantin_hansen_kort-2-768x916.jpg 768w, https:\/\/litteraturbanken.se\/ljudochbild\/wp-content\/uploads\/2021\/06\/idun_constantin_hansen_kort-2-480x572.jpg 480w, https:\/\/litteraturbanken.se\/ljudochbild\/wp-content\/uploads\/2021\/06\/idun_constantin_hansen_kort-2.jpg 1029w\" sizes=\"auto, (max-width: 640px) 100vw, 640px\" \/><\/a> <a class=\"title\" href=\"https:\/\/litteraturbanken.se\/ljudochbild\/2021\/06\/28\/ameen-traldom\/\">Den andliga tr\u00e4ldomen<\/a><\/div><\/div>\r\n\r\n\n","protected":false},"excerpt":{"rendered":"<p>\u201dELIN AM\u00c9EN (1852\u20131913) skrev framf\u00f6r allt noveller och ber\u00e4ttelser, ett flertal av dem publicerades i tidningar och tidskrifter, samt romanen\u00a0Frihet\u00a0(1893) och dramat\u00a0En moder\u00a0som trycktes 1895 efter en uppm\u00e4rksammad iscens\u00e4ttning p\u00e5 The Independent Theatre i London (1893) p\u00e5 initiativ [&hellip;]<\/p>\n","protected":false},"author":5,"featured_media":4842,"parent":7,"menu_order":0,"comment_status":"closed","ping_status":"closed","template":"","meta":{"footnotes":""},"class_list":["post-4980","page","type-page","status-publish","has-post-thumbnail","hentry"],"yoast_head":"<!-- This site is optimized with the Yoast SEO plugin v27.1.1 - https:\/\/yoast.com\/product\/yoast-seo-wordpress\/ -->\n<title>Elin Am\u00e9en (1852\u20131913) - Ljud &amp; Bild - Litteraturbanken<\/title>\n<meta name=\"description\" content=\"Elin Am\u00e9en skrev framf\u00f6r allt noveller och ber\u00e4ttelser, ett flertal av dem publicerades i tidningar och tidskrifter, samt romanen Frihet ...\" \/>\n<meta name=\"robots\" content=\"index, follow, max-snippet:-1, max-image-preview:large, max-video-preview:-1\" \/>\n<link rel=\"canonical\" href=\"https:\/\/litteraturbanken.se\/ljudochbild\/forfattare\/elin-ameen-1852-1913\/\" \/>\n<meta property=\"og:locale\" content=\"sv_SE\" \/>\n<meta property=\"og:type\" content=\"article\" \/>\n<meta property=\"og:title\" content=\"Elin Am\u00e9en (1852\u20131913) - Ljud &amp; Bild - Litteraturbanken\" \/>\n<meta property=\"og:description\" content=\"Elin Am\u00e9en skrev framf\u00f6r allt noveller och ber\u00e4ttelser, ett flertal av dem publicerades i tidningar och tidskrifter, samt romanen Frihet ...\" \/>\n<meta property=\"og:url\" content=\"https:\/\/litteraturbanken.se\/ljudochbild\/forfattare\/elin-ameen-1852-1913\/\" \/>\n<meta property=\"og:site_name\" content=\"Ljud &amp; Bild\" \/>\n<meta property=\"article:publisher\" content=\"https:\/\/www.facebook.com\/Litteraturbanken.se\" \/>\n<meta property=\"article:modified_time\" content=\"2024-09-16T12:17:56+00:00\" \/>\n<meta property=\"og:image\" content=\"https:\/\/litteraturbanken.se\/ljudochbild\/wp-content\/uploads\/2021\/04\/braunerhjelm_augusta-1.jpg\" \/>\n\t<meta property=\"og:image:width\" content=\"600\" \/>\n\t<meta property=\"og:image:height\" content=\"936\" \/>\n\t<meta property=\"og:image:type\" content=\"image\/jpeg\" \/>\n<meta name=\"twitter:card\" content=\"summary_large_image\" \/>\n<meta name=\"twitter:site\" content=\"@litteraturbank\" \/>\n<meta name=\"twitter:label1\" content=\"Ber\u00e4knad l\u00e4stid\" \/>\n\t<meta name=\"twitter:data1\" content=\"1 minut\" \/>\n<script type=\"application\/ld+json\" class=\"yoast-schema-graph\">{\"@context\":\"https:\/\/schema.org\",\"@graph\":[{\"@type\":\"WebPage\",\"@id\":\"https:\/\/litteraturbanken.se\/ljudochbild\/forfattare\/elin-ameen-1852-1913\/\",\"url\":\"https:\/\/litteraturbanken.se\/ljudochbild\/forfattare\/elin-ameen-1852-1913\/\",\"name\":\"Elin Am\u00e9en (1852\u20131913) - Ljud &amp; Bild - Litteraturbanken\",\"isPartOf\":{\"@id\":\"https:\/\/litteraturbanken.se\/ljudochbild\/#website\"},\"primaryImageOfPage\":{\"@id\":\"https:\/\/litteraturbanken.se\/ljudochbild\/forfattare\/elin-ameen-1852-1913\/#primaryimage\"},\"image\":{\"@id\":\"https:\/\/litteraturbanken.se\/ljudochbild\/forfattare\/elin-ameen-1852-1913\/#primaryimage\"},\"thumbnailUrl\":\"https:\/\/litteraturbanken.se\/ljudochbild\/wp-content\/uploads\/2021\/04\/braunerhjelm_augusta-1.jpg\",\"datePublished\":\"2021-06-22T13:53:58+00:00\",\"dateModified\":\"2024-09-16T12:17:56+00:00\",\"description\":\"Elin Am\u00e9en skrev framf\u00f6r allt noveller och ber\u00e4ttelser, ett flertal av dem publicerades i tidningar och tidskrifter, samt romanen Frihet ...\",\"breadcrumb\":{\"@id\":\"https:\/\/litteraturbanken.se\/ljudochbild\/forfattare\/elin-ameen-1852-1913\/#breadcrumb\"},\"inLanguage\":\"sv-SE\",\"potentialAction\":[{\"@type\":\"ReadAction\",\"target\":[\"https:\/\/litteraturbanken.se\/ljudochbild\/forfattare\/elin-ameen-1852-1913\/\"]}]},{\"@type\":\"ImageObject\",\"inLanguage\":\"sv-SE\",\"@id\":\"https:\/\/litteraturbanken.se\/ljudochbild\/forfattare\/elin-ameen-1852-1913\/#primaryimage\",\"url\":\"https:\/\/litteraturbanken.se\/ljudochbild\/wp-content\/uploads\/2021\/04\/braunerhjelm_augusta-1.jpg\",\"contentUrl\":\"https:\/\/litteraturbanken.se\/ljudochbild\/wp-content\/uploads\/2021\/04\/braunerhjelm_augusta-1.jpg\",\"width\":600,\"height\":936,\"caption\":\"Augusta Braunerhjelm\"},{\"@type\":\"BreadcrumbList\",\"@id\":\"https:\/\/litteraturbanken.se\/ljudochbild\/forfattare\/elin-ameen-1852-1913\/#breadcrumb\",\"itemListElement\":[{\"@type\":\"ListItem\",\"position\":1,\"name\":\"Hem\",\"item\":\"https:\/\/litteraturbanken.se\/ljudochbild\/\"},{\"@type\":\"ListItem\",\"position\":2,\"name\":\"F\u00f6rfattare\",\"item\":\"https:\/\/litteraturbanken.se\/ljudochbild\/forfattare\/\"},{\"@type\":\"ListItem\",\"position\":3,\"name\":\"Elin Am\u00e9en (1852\u20131913)\"}]},{\"@type\":\"WebSite\",\"@id\":\"https:\/\/litteraturbanken.se\/ljudochbild\/#website\",\"url\":\"https:\/\/litteraturbanken.se\/ljudochbild\/\",\"name\":\"Ljud & Bild\",\"description\":\"Ur Litteraturbankens samlingar\",\"potentialAction\":[{\"@type\":\"SearchAction\",\"target\":{\"@type\":\"EntryPoint\",\"urlTemplate\":\"https:\/\/litteraturbanken.se\/ljudochbild\/?s={search_term_string}\"},\"query-input\":{\"@type\":\"PropertyValueSpecification\",\"valueRequired\":true,\"valueName\":\"search_term_string\"}}],\"inLanguage\":\"sv-SE\"}]}<\/script>\n<!-- \/ Yoast SEO plugin. -->","yoast_head_json":{"title":"Elin Am\u00e9en (1852\u20131913) - Ljud &amp; Bild - Litteraturbanken","description":"Elin Am\u00e9en skrev framf\u00f6r allt noveller och ber\u00e4ttelser, ett flertal av dem publicerades i tidningar och tidskrifter, samt romanen Frihet ...","robots":{"index":"index","follow":"follow","max-snippet":"max-snippet:-1","max-image-preview":"max-image-preview:large","max-video-preview":"max-video-preview:-1"},"canonical":"https:\/\/litteraturbanken.se\/ljudochbild\/forfattare\/elin-ameen-1852-1913\/","og_locale":"sv_SE","og_type":"article","og_title":"Elin Am\u00e9en (1852\u20131913) - Ljud &amp; Bild - Litteraturbanken","og_description":"Elin Am\u00e9en skrev framf\u00f6r allt noveller och ber\u00e4ttelser, ett flertal av dem publicerades i tidningar och tidskrifter, samt romanen Frihet ...","og_url":"https:\/\/litteraturbanken.se\/ljudochbild\/forfattare\/elin-ameen-1852-1913\/","og_site_name":"Ljud &amp; Bild","article_publisher":"https:\/\/www.facebook.com\/Litteraturbanken.se","article_modified_time":"2024-09-16T12:17:56+00:00","og_image":[{"width":600,"height":936,"url":"https:\/\/litteraturbanken.se\/ljudochbild\/wp-content\/uploads\/2021\/04\/braunerhjelm_augusta-1.jpg","type":"image\/jpeg"}],"twitter_card":"summary_large_image","twitter_site":"@litteraturbank","twitter_misc":{"Ber\u00e4knad l\u00e4stid":"1 minut"},"schema":{"@context":"https:\/\/schema.org","@graph":[{"@type":"WebPage","@id":"https:\/\/litteraturbanken.se\/ljudochbild\/forfattare\/elin-ameen-1852-1913\/","url":"https:\/\/litteraturbanken.se\/ljudochbild\/forfattare\/elin-ameen-1852-1913\/","name":"Elin Am\u00e9en (1852\u20131913) - Ljud &amp; Bild - Litteraturbanken","isPartOf":{"@id":"https:\/\/litteraturbanken.se\/ljudochbild\/#website"},"primaryImageOfPage":{"@id":"https:\/\/litteraturbanken.se\/ljudochbild\/forfattare\/elin-ameen-1852-1913\/#primaryimage"},"image":{"@id":"https:\/\/litteraturbanken.se\/ljudochbild\/forfattare\/elin-ameen-1852-1913\/#primaryimage"},"thumbnailUrl":"https:\/\/litteraturbanken.se\/ljudochbild\/wp-content\/uploads\/2021\/04\/braunerhjelm_augusta-1.jpg","datePublished":"2021-06-22T13:53:58+00:00","dateModified":"2024-09-16T12:17:56+00:00","description":"Elin Am\u00e9en skrev framf\u00f6r allt noveller och ber\u00e4ttelser, ett flertal av dem publicerades i tidningar och tidskrifter, samt romanen Frihet ...","breadcrumb":{"@id":"https:\/\/litteraturbanken.se\/ljudochbild\/forfattare\/elin-ameen-1852-1913\/#breadcrumb"},"inLanguage":"sv-SE","potentialAction":[{"@type":"ReadAction","target":["https:\/\/litteraturbanken.se\/ljudochbild\/forfattare\/elin-ameen-1852-1913\/"]}]},{"@type":"ImageObject","inLanguage":"sv-SE","@id":"https:\/\/litteraturbanken.se\/ljudochbild\/forfattare\/elin-ameen-1852-1913\/#primaryimage","url":"https:\/\/litteraturbanken.se\/ljudochbild\/wp-content\/uploads\/2021\/04\/braunerhjelm_augusta-1.jpg","contentUrl":"https:\/\/litteraturbanken.se\/ljudochbild\/wp-content\/uploads\/2021\/04\/braunerhjelm_augusta-1.jpg","width":600,"height":936,"caption":"Augusta Braunerhjelm"},{"@type":"BreadcrumbList","@id":"https:\/\/litteraturbanken.se\/ljudochbild\/forfattare\/elin-ameen-1852-1913\/#breadcrumb","itemListElement":[{"@type":"ListItem","position":1,"name":"Hem","item":"https:\/\/litteraturbanken.se\/ljudochbild\/"},{"@type":"ListItem","position":2,"name":"F\u00f6rfattare","item":"https:\/\/litteraturbanken.se\/ljudochbild\/forfattare\/"},{"@type":"ListItem","position":3,"name":"Elin Am\u00e9en (1852\u20131913)"}]},{"@type":"WebSite","@id":"https:\/\/litteraturbanken.se\/ljudochbild\/#website","url":"https:\/\/litteraturbanken.se\/ljudochbild\/","name":"Ljud & Bild","description":"Ur Litteraturbankens samlingar","potentialAction":[{"@type":"SearchAction","target":{"@type":"EntryPoint","urlTemplate":"https:\/\/litteraturbanken.se\/ljudochbild\/?s={search_term_string}"},"query-input":{"@type":"PropertyValueSpecification","valueRequired":true,"valueName":"search_term_string"}}],"inLanguage":"sv-SE"}]}},"_links":{"self":[{"href":"https:\/\/litteraturbanken.se\/ljudochbild\/wp-json\/wp\/v2\/pages\/4980","targetHints":{"allow":["GET"]}}],"collection":[{"href":"https:\/\/litteraturbanken.se\/ljudochbild\/wp-json\/wp\/v2\/pages"}],"about":[{"href":"https:\/\/litteraturbanken.se\/ljudochbild\/wp-json\/wp\/v2\/types\/page"}],"author":[{"embeddable":true,"href":"https:\/\/litteraturbanken.se\/ljudochbild\/wp-json\/wp\/v2\/users\/5"}],"replies":[{"embeddable":true,"href":"https:\/\/litteraturbanken.se\/ljudochbild\/wp-json\/wp\/v2\/comments?post=4980"}],"version-history":[{"count":9,"href":"https:\/\/litteraturbanken.se\/ljudochbild\/wp-json\/wp\/v2\/pages\/4980\/revisions"}],"predecessor-version":[{"id":12021,"href":"https:\/\/litteraturbanken.se\/ljudochbild\/wp-json\/wp\/v2\/pages\/4980\/revisions\/12021"}],"up":[{"embeddable":true,"href":"https:\/\/litteraturbanken.se\/ljudochbild\/wp-json\/wp\/v2\/pages\/7"}],"wp:featuredmedia":[{"embeddable":true,"href":"https:\/\/litteraturbanken.se\/ljudochbild\/wp-json\/wp\/v2\/media\/4842"}],"wp:attachment":[{"href":"https:\/\/litteraturbanken.se\/ljudochbild\/wp-json\/wp\/v2\/media?parent=4980"}],"curies":[{"name":"wp","href":"https:\/\/api.w.org\/{rel}","templated":true}]}}