{"id":4987,"date":"2021-06-24T10:27:48","date_gmt":"2021-06-24T08:27:48","guid":{"rendered":"https:\/\/litteraturbanken.se\/ljudochbild\/?page_id=4987"},"modified":"2024-09-17T10:50:38","modified_gmt":"2024-09-17T08:50:38","slug":"mickwitzgvon","status":"publish","type":"page","link":"https:\/\/litteraturbanken.se\/ljudochbild\/forfattare\/mickwitzgvon\/","title":{"rendered":"Gerda von Mickwitz (1862\u20131948)"},"content":{"rendered":"<div class=\"wp-block-image is-resized\">\n<figure class=\"alignright size-large\"><img loading=\"lazy\" decoding=\"async\" width=\"665\" height=\"1024\" src=\"https:\/\/litteraturbanken.se\/ljudochbild\/wp-content\/uploads\/2021\/06\/gerdavonmickwitz_svartvit-665x1024.jpg\" alt=\"Gerda von Mickwitz\" class=\"wp-image-4985\" style=\"width:162px;height:auto\" srcset=\"https:\/\/litteraturbanken.se\/ljudochbild\/wp-content\/uploads\/2021\/06\/gerdavonmickwitz_svartvit-665x1024.jpg 665w, https:\/\/litteraturbanken.se\/ljudochbild\/wp-content\/uploads\/2021\/06\/gerdavonmickwitz_svartvit-195x300.jpg 195w, https:\/\/litteraturbanken.se\/ljudochbild\/wp-content\/uploads\/2021\/06\/gerdavonmickwitz_svartvit-768x1182.jpg 768w, https:\/\/litteraturbanken.se\/ljudochbild\/wp-content\/uploads\/2021\/06\/gerdavonmickwitz_svartvit-998x1536.jpg 998w, https:\/\/litteraturbanken.se\/ljudochbild\/wp-content\/uploads\/2021\/06\/gerdavonmickwitz_svartvit-480x739.jpg 480w, https:\/\/litteraturbanken.se\/ljudochbild\/wp-content\/uploads\/2021\/06\/gerdavonmickwitz_svartvit.jpg 1000w\" sizes=\"auto, (max-width: 665px) 100vw, 665px\" \/><\/figure>\n<\/div>\n\n\n<p>GERDA VON MICKWITZ (1862\u20131948) var en av kvinnor\u00f6relsens litter\u00e4ra pionj\u00e4rer under slutet av 1800-talet. Tillsammans med kvinnosaksk\u00e4mparna Lucina Hagman och Helena Westermarck (bland andra), grundade hon Kvinnosaksf\u00f6rbundet Unionen i Helsingfors 1892. I sina litter\u00e4ra verk behandlade hon den r\u00e5dande k\u00f6nsmoralens f\u00f6rljugenhet, s\u00e5 ocks\u00e5 i debuten med novellsamlingen <em>Solgl\u00f6d och andra skizzer<\/em> (1885). I synnerhet gjorde Mickwitz avtryck i samtiden med novellen \u201dMessling\u201d som publicerades i tidskriften <em>Fram\u00e5t <\/em>(1886). Novellen aktualiserade problematiken med att borgerlighetens m\u00e4n ofta hemligh\u00f6ll syfilissmittor f\u00f6r sina fruar. Ber\u00e4ttelsen blev ett betydande inl\u00e4gg i den p\u00e5g\u00e5ende sedlighetsdebatten under 1880-talet.<\/p>\n\n\n\n<div class=\"wp-block-buttons is-layout-flex wp-block-buttons-is-layout-flex\">\n<div class=\"wp-block-button has-custom-font-size read-more-button\" style=\"font-size:14px\"><a class=\"wp-block-button__link has-white-color has-text-color has-background wp-element-button\" href=\"https:\/\/litteraturbanken.se\/f%C3%B6rfattare\/MickwitzGvon\/titlar\" style=\"border-radius:0px;background-color:#cd2400\" target=\"_blank\" rel=\"noopener\"><strong>L\u00c4S GERDA VON MICKWITZ VERK HOS LB.SE<\/strong><\/a><\/div>\n<\/div>\n\n\n\n<div style=\"height:20px\" aria-hidden=\"true\" class=\"wp-block-spacer\"><\/div>\n\n\n\n<div class=\"wp-playlist wp-audio-playlist wp-playlist-light\">\n\t\t\t<div class=\"wp-playlist-current-item\"><\/div>\n\t\t<audio controls=\"controls\" preload=\"none\" width=\"618\"\n\t\t\t><\/audio>\n\t<div class=\"wp-playlist-next\"><\/div>\n\t<div class=\"wp-playlist-prev\"><\/div>\n\t<noscript>\n\t<ol>\n\t\t<li><a href='https:\/\/litteraturbanken.se\/ljudochbild\/wp-content\/uploads\/2021\/04\/mickwitz_massling_strandberg.mp3'>M\u00e4ssling<\/a><\/li>\t<\/ol>\n\t<\/noscript>\n\t<script type=\"application\/json\" class=\"wp-playlist-script\">{\"type\":\"audio\",\"tracklist\":true,\"tracknumbers\":true,\"images\":true,\"artists\":true,\"tracks\":[{\"src\":\"https:\/\/litteraturbanken.se\/ljudochbild\/wp-content\/uploads\/2021\/04\/mickwitz_massling_strandberg.mp3\",\"type\":\"audio\/mpeg\",\"title\":\"M\\u00e4ssling\",\"caption\":\"\",\"description\":\"\\\"M\\u00e4ssling\\\" fr\\u00e5n Emilie Strandberg l\\u00e4ser \\u201dSynd. Noveller av det moderna genombrottets kvinnor\\u201d av Gerda von Mickwitz. Sl\\u00e4ppt: 2021.\",\"meta\":{\"artist\":\"Emilie Strandberg l\\u00e4ser Synd. Noveller av det moderna genombrottets kvinnor\",\"album\":\"Gerda von Mickwitz\",\"year\":\"2021\",\"length_formatted\":\"21:09\"},\"image\":{\"src\":\"https:\/\/litteraturbanken.se\/ljudochbild\/wp-content\/uploads\/2021\/02\/lb_albumart.png\",\"width\":580,\"height\":612},\"thumb\":{\"src\":\"https:\/\/litteraturbanken.se\/ljudochbild\/wp-content\/uploads\/2021\/02\/lb_albumart-150x150.png\",\"width\":150,\"height\":150}}]}<\/script>\n<\/div>\n\t\n\n\n\n<hr class=\"wp-block-separator has-css-opacity\"\/>\n\n\n\n<p><em>Inl\u00e4sningen spelades in i G\u00f6teborg mars 2021 f\u00f6r Litteraturbankens r\u00e4kning, och inspelningstekniker var Martin Joviken<\/em>. \u2013 <em>Fotografiet, taget av Daniel Nyblin 1878, har vi l\u00e5nat av <a aria-label=\"Museiverket i Finland (\u00f6ppnas i en ny flik)\" href=\"https:\/\/finna.fi\/Record\/museovirasto.7CE97D18A5312428A10636EBCC55B45E\" target=\"_blank\" rel=\"noreferrer noopener\">Museiverket i Finlands<\/a> historiska bildsamlingar.<\/em><\/p>\n\n\n<h3 class=\"wp-block-heading author-related-title\">L\u00e4s mer<\/h3>\r\n<div class=\"display-posts-listing grid\"><div class=\"listing-item\"><a class=\"image\" href=\"https:\/\/litteraturbanken.se\/ljudochbild\/2021\/06\/27\/mickwitz-messling\/\"><img loading=\"lazy\" decoding=\"async\" width=\"640\" height=\"986\" src=\"https:\/\/litteraturbanken.se\/ljudochbild\/wp-content\/uploads\/2021\/06\/gerdavonmickwitz_lila-665x1024.jpg\" class=\"attachment-large size-large wp-post-image\" alt=\"Gerda von Mickwitz\" srcset=\"https:\/\/litteraturbanken.se\/ljudochbild\/wp-content\/uploads\/2021\/06\/gerdavonmickwitz_lila-665x1024.jpg 665w, https:\/\/litteraturbanken.se\/ljudochbild\/wp-content\/uploads\/2021\/06\/gerdavonmickwitz_lila-195x300.jpg 195w, https:\/\/litteraturbanken.se\/ljudochbild\/wp-content\/uploads\/2021\/06\/gerdavonmickwitz_lila-768x1182.jpg 768w, https:\/\/litteraturbanken.se\/ljudochbild\/wp-content\/uploads\/2021\/06\/gerdavonmickwitz_lila-998x1536.jpg 998w, https:\/\/litteraturbanken.se\/ljudochbild\/wp-content\/uploads\/2021\/06\/gerdavonmickwitz_lila-480x739.jpg 480w, https:\/\/litteraturbanken.se\/ljudochbild\/wp-content\/uploads\/2021\/06\/gerdavonmickwitz_lila.jpg 1000w\" sizes=\"auto, (max-width: 640px) 100vw, 640px\" \/><\/a> <a class=\"title\" href=\"https:\/\/litteraturbanken.se\/ljudochbild\/2021\/06\/27\/mickwitz-messling\/\">Sedlighetsdebatten: ett utsnitt<\/a><\/div><\/div>\r\n\r\n\n","protected":false},"excerpt":{"rendered":"<p>GERDA VON MICKWITZ (1862\u20131948) var en av kvinnor\u00f6relsens litter\u00e4ra pionj\u00e4rer under slutet av 1800-talet. Tillsammans med kvinnosaksk\u00e4mparna Lucina Hagman och Helena Westermarck (bland andra), grundade hon Kvinnosaksf\u00f6rbundet Unionen i Helsingfors 1892. I sina litter\u00e4ra verk behandlade hon den [&hellip;]<\/p>\n","protected":false},"author":5,"featured_media":4985,"parent":7,"menu_order":0,"comment_status":"closed","ping_status":"closed","template":"","meta":{"footnotes":""},"class_list":["post-4987","page","type-page","status-publish","has-post-thumbnail","hentry"],"yoast_head":"<!-- This site is optimized with the Yoast SEO plugin v27.1.1 - https:\/\/yoast.com\/product\/yoast-seo-wordpress\/ -->\n<title>Gerda von Mickwitz (1862\u20131948) - Ljud &amp; Bild<\/title>\n<meta name=\"description\" content=\"Gerda von Mickwitz var en av kvinnor\u00f6relsens litter\u00e4ra pionj\u00e4rer under slutet av 1800-talet. Tillsammans med kvinnosaksk\u00e4mparna Lucina Hagman\" \/>\n<meta name=\"robots\" content=\"index, follow, max-snippet:-1, max-image-preview:large, max-video-preview:-1\" \/>\n<link rel=\"canonical\" href=\"https:\/\/litteraturbanken.se\/ljudochbild\/forfattare\/mickwitzgvon\/\" \/>\n<meta property=\"og:locale\" content=\"sv_SE\" \/>\n<meta property=\"og:type\" content=\"article\" \/>\n<meta property=\"og:title\" content=\"Gerda von Mickwitz (1862\u20131948) - Ljud &amp; Bild\" \/>\n<meta property=\"og:description\" content=\"Gerda von Mickwitz var en av kvinnor\u00f6relsens litter\u00e4ra pionj\u00e4rer under slutet av 1800-talet. Tillsammans med kvinnosaksk\u00e4mparna Lucina Hagman\" \/>\n<meta property=\"og:url\" content=\"https:\/\/litteraturbanken.se\/ljudochbild\/forfattare\/mickwitzgvon\/\" \/>\n<meta property=\"og:site_name\" content=\"Ljud &amp; Bild\" \/>\n<meta property=\"article:publisher\" content=\"https:\/\/www.facebook.com\/Litteraturbanken.se\" \/>\n<meta property=\"article:modified_time\" content=\"2024-09-17T08:50:38+00:00\" \/>\n<meta property=\"og:image\" content=\"https:\/\/litteraturbanken.se\/ljudochbild\/wp-content\/uploads\/2021\/06\/gerdavonmickwitz_svartvit.jpg\" \/>\n\t<meta property=\"og:image:width\" content=\"1000\" \/>\n\t<meta property=\"og:image:height\" content=\"1539\" \/>\n\t<meta property=\"og:image:type\" content=\"image\/jpeg\" \/>\n<meta name=\"twitter:card\" content=\"summary_large_image\" \/>\n<meta name=\"twitter:site\" content=\"@litteraturbank\" \/>\n<meta name=\"twitter:label1\" content=\"Ber\u00e4knad l\u00e4stid\" \/>\n\t<meta name=\"twitter:data1\" content=\"2 minuter\" \/>\n<script type=\"application\/ld+json\" class=\"yoast-schema-graph\">{\"@context\":\"https:\/\/schema.org\",\"@graph\":[{\"@type\":\"WebPage\",\"@id\":\"https:\/\/litteraturbanken.se\/ljudochbild\/forfattare\/mickwitzgvon\/\",\"url\":\"https:\/\/litteraturbanken.se\/ljudochbild\/forfattare\/mickwitzgvon\/\",\"name\":\"Gerda von Mickwitz (1862\u20131948) - Ljud &amp; Bild\",\"isPartOf\":{\"@id\":\"https:\/\/litteraturbanken.se\/ljudochbild\/#website\"},\"primaryImageOfPage\":{\"@id\":\"https:\/\/litteraturbanken.se\/ljudochbild\/forfattare\/mickwitzgvon\/#primaryimage\"},\"image\":{\"@id\":\"https:\/\/litteraturbanken.se\/ljudochbild\/forfattare\/mickwitzgvon\/#primaryimage\"},\"thumbnailUrl\":\"https:\/\/litteraturbanken.se\/ljudochbild\/wp-content\/uploads\/2021\/06\/gerdavonmickwitz_svartvit.jpg\",\"datePublished\":\"2021-06-24T08:27:48+00:00\",\"dateModified\":\"2024-09-17T08:50:38+00:00\",\"description\":\"Gerda von Mickwitz var en av kvinnor\u00f6relsens litter\u00e4ra pionj\u00e4rer under slutet av 1800-talet. Tillsammans med kvinnosaksk\u00e4mparna Lucina Hagman\",\"breadcrumb\":{\"@id\":\"https:\/\/litteraturbanken.se\/ljudochbild\/forfattare\/mickwitzgvon\/#breadcrumb\"},\"inLanguage\":\"sv-SE\",\"potentialAction\":[{\"@type\":\"ReadAction\",\"target\":[\"https:\/\/litteraturbanken.se\/ljudochbild\/forfattare\/mickwitzgvon\/\"]}]},{\"@type\":\"ImageObject\",\"inLanguage\":\"sv-SE\",\"@id\":\"https:\/\/litteraturbanken.se\/ljudochbild\/forfattare\/mickwitzgvon\/#primaryimage\",\"url\":\"https:\/\/litteraturbanken.se\/ljudochbild\/wp-content\/uploads\/2021\/06\/gerdavonmickwitz_svartvit.jpg\",\"contentUrl\":\"https:\/\/litteraturbanken.se\/ljudochbild\/wp-content\/uploads\/2021\/06\/gerdavonmickwitz_svartvit.jpg\",\"width\":1000,\"height\":1539,\"caption\":\"Gerda von Mickwitz\"},{\"@type\":\"BreadcrumbList\",\"@id\":\"https:\/\/litteraturbanken.se\/ljudochbild\/forfattare\/mickwitzgvon\/#breadcrumb\",\"itemListElement\":[{\"@type\":\"ListItem\",\"position\":1,\"name\":\"Hem\",\"item\":\"https:\/\/litteraturbanken.se\/ljudochbild\/\"},{\"@type\":\"ListItem\",\"position\":2,\"name\":\"F\u00f6rfattare\",\"item\":\"https:\/\/litteraturbanken.se\/ljudochbild\/forfattare\/\"},{\"@type\":\"ListItem\",\"position\":3,\"name\":\"Gerda von Mickwitz (1862\u20131948)\"}]},{\"@type\":\"WebSite\",\"@id\":\"https:\/\/litteraturbanken.se\/ljudochbild\/#website\",\"url\":\"https:\/\/litteraturbanken.se\/ljudochbild\/\",\"name\":\"Ljud & Bild\",\"description\":\"Ur Litteraturbankens samlingar\",\"potentialAction\":[{\"@type\":\"SearchAction\",\"target\":{\"@type\":\"EntryPoint\",\"urlTemplate\":\"https:\/\/litteraturbanken.se\/ljudochbild\/?s={search_term_string}\"},\"query-input\":{\"@type\":\"PropertyValueSpecification\",\"valueRequired\":true,\"valueName\":\"search_term_string\"}}],\"inLanguage\":\"sv-SE\"}]}<\/script>\n<!-- \/ Yoast SEO plugin. -->","yoast_head_json":{"title":"Gerda von Mickwitz (1862\u20131948) - Ljud &amp; Bild","description":"Gerda von Mickwitz var en av kvinnor\u00f6relsens litter\u00e4ra pionj\u00e4rer under slutet av 1800-talet. Tillsammans med kvinnosaksk\u00e4mparna Lucina Hagman","robots":{"index":"index","follow":"follow","max-snippet":"max-snippet:-1","max-image-preview":"max-image-preview:large","max-video-preview":"max-video-preview:-1"},"canonical":"https:\/\/litteraturbanken.se\/ljudochbild\/forfattare\/mickwitzgvon\/","og_locale":"sv_SE","og_type":"article","og_title":"Gerda von Mickwitz (1862\u20131948) - Ljud &amp; Bild","og_description":"Gerda von Mickwitz var en av kvinnor\u00f6relsens litter\u00e4ra pionj\u00e4rer under slutet av 1800-talet. Tillsammans med kvinnosaksk\u00e4mparna Lucina Hagman","og_url":"https:\/\/litteraturbanken.se\/ljudochbild\/forfattare\/mickwitzgvon\/","og_site_name":"Ljud &amp; Bild","article_publisher":"https:\/\/www.facebook.com\/Litteraturbanken.se","article_modified_time":"2024-09-17T08:50:38+00:00","og_image":[{"width":1000,"height":1539,"url":"https:\/\/litteraturbanken.se\/ljudochbild\/wp-content\/uploads\/2021\/06\/gerdavonmickwitz_svartvit.jpg","type":"image\/jpeg"}],"twitter_card":"summary_large_image","twitter_site":"@litteraturbank","twitter_misc":{"Ber\u00e4knad l\u00e4stid":"2 minuter"},"schema":{"@context":"https:\/\/schema.org","@graph":[{"@type":"WebPage","@id":"https:\/\/litteraturbanken.se\/ljudochbild\/forfattare\/mickwitzgvon\/","url":"https:\/\/litteraturbanken.se\/ljudochbild\/forfattare\/mickwitzgvon\/","name":"Gerda von Mickwitz (1862\u20131948) - Ljud &amp; Bild","isPartOf":{"@id":"https:\/\/litteraturbanken.se\/ljudochbild\/#website"},"primaryImageOfPage":{"@id":"https:\/\/litteraturbanken.se\/ljudochbild\/forfattare\/mickwitzgvon\/#primaryimage"},"image":{"@id":"https:\/\/litteraturbanken.se\/ljudochbild\/forfattare\/mickwitzgvon\/#primaryimage"},"thumbnailUrl":"https:\/\/litteraturbanken.se\/ljudochbild\/wp-content\/uploads\/2021\/06\/gerdavonmickwitz_svartvit.jpg","datePublished":"2021-06-24T08:27:48+00:00","dateModified":"2024-09-17T08:50:38+00:00","description":"Gerda von Mickwitz var en av kvinnor\u00f6relsens litter\u00e4ra pionj\u00e4rer under slutet av 1800-talet. Tillsammans med kvinnosaksk\u00e4mparna Lucina Hagman","breadcrumb":{"@id":"https:\/\/litteraturbanken.se\/ljudochbild\/forfattare\/mickwitzgvon\/#breadcrumb"},"inLanguage":"sv-SE","potentialAction":[{"@type":"ReadAction","target":["https:\/\/litteraturbanken.se\/ljudochbild\/forfattare\/mickwitzgvon\/"]}]},{"@type":"ImageObject","inLanguage":"sv-SE","@id":"https:\/\/litteraturbanken.se\/ljudochbild\/forfattare\/mickwitzgvon\/#primaryimage","url":"https:\/\/litteraturbanken.se\/ljudochbild\/wp-content\/uploads\/2021\/06\/gerdavonmickwitz_svartvit.jpg","contentUrl":"https:\/\/litteraturbanken.se\/ljudochbild\/wp-content\/uploads\/2021\/06\/gerdavonmickwitz_svartvit.jpg","width":1000,"height":1539,"caption":"Gerda von Mickwitz"},{"@type":"BreadcrumbList","@id":"https:\/\/litteraturbanken.se\/ljudochbild\/forfattare\/mickwitzgvon\/#breadcrumb","itemListElement":[{"@type":"ListItem","position":1,"name":"Hem","item":"https:\/\/litteraturbanken.se\/ljudochbild\/"},{"@type":"ListItem","position":2,"name":"F\u00f6rfattare","item":"https:\/\/litteraturbanken.se\/ljudochbild\/forfattare\/"},{"@type":"ListItem","position":3,"name":"Gerda von Mickwitz (1862\u20131948)"}]},{"@type":"WebSite","@id":"https:\/\/litteraturbanken.se\/ljudochbild\/#website","url":"https:\/\/litteraturbanken.se\/ljudochbild\/","name":"Ljud & Bild","description":"Ur Litteraturbankens samlingar","potentialAction":[{"@type":"SearchAction","target":{"@type":"EntryPoint","urlTemplate":"https:\/\/litteraturbanken.se\/ljudochbild\/?s={search_term_string}"},"query-input":{"@type":"PropertyValueSpecification","valueRequired":true,"valueName":"search_term_string"}}],"inLanguage":"sv-SE"}]}},"_links":{"self":[{"href":"https:\/\/litteraturbanken.se\/ljudochbild\/wp-json\/wp\/v2\/pages\/4987","targetHints":{"allow":["GET"]}}],"collection":[{"href":"https:\/\/litteraturbanken.se\/ljudochbild\/wp-json\/wp\/v2\/pages"}],"about":[{"href":"https:\/\/litteraturbanken.se\/ljudochbild\/wp-json\/wp\/v2\/types\/page"}],"author":[{"embeddable":true,"href":"https:\/\/litteraturbanken.se\/ljudochbild\/wp-json\/wp\/v2\/users\/5"}],"replies":[{"embeddable":true,"href":"https:\/\/litteraturbanken.se\/ljudochbild\/wp-json\/wp\/v2\/comments?post=4987"}],"version-history":[{"count":22,"href":"https:\/\/litteraturbanken.se\/ljudochbild\/wp-json\/wp\/v2\/pages\/4987\/revisions"}],"predecessor-version":[{"id":12199,"href":"https:\/\/litteraturbanken.se\/ljudochbild\/wp-json\/wp\/v2\/pages\/4987\/revisions\/12199"}],"up":[{"embeddable":true,"href":"https:\/\/litteraturbanken.se\/ljudochbild\/wp-json\/wp\/v2\/pages\/7"}],"wp:featuredmedia":[{"embeddable":true,"href":"https:\/\/litteraturbanken.se\/ljudochbild\/wp-json\/wp\/v2\/media\/4985"}],"wp:attachment":[{"href":"https:\/\/litteraturbanken.se\/ljudochbild\/wp-json\/wp\/v2\/media?parent=4987"}],"curies":[{"name":"wp","href":"https:\/\/api.w.org\/{rel}","templated":true}]}}