{"id":5038,"date":"2021-08-26T08:30:02","date_gmt":"2021-08-26T06:30:02","guid":{"rendered":"https:\/\/litteraturbanken.se\/ljudochbild\/?page_id=5038"},"modified":"2024-09-17T15:41:01","modified_gmt":"2024-09-17T13:41:01","slug":"vallquistg","status":"publish","type":"page","link":"https:\/\/litteraturbanken.se\/ljudochbild\/forfattare\/vallquistg\/","title":{"rendered":"Gunnel Vallquist (1918\u20132016)"},"content":{"rendered":"<div class=\"wp-block-image is-resized\">\n<figure class=\"alignright size-medium\"><img loading=\"lazy\" decoding=\"async\" width=\"221\" height=\"300\" src=\"https:\/\/litteraturbanken.se\/ljudochbild\/wp-content\/uploads\/2021\/08\/gunnel_vallquist_1940-221x300.jpg\" alt=\"Gunnel Vallquist, ca 1940\" class=\"wp-image-5048\" style=\"width:211px;height:auto\" srcset=\"https:\/\/litteraturbanken.se\/ljudochbild\/wp-content\/uploads\/2021\/08\/gunnel_vallquist_1940-221x300.jpg 221w, https:\/\/litteraturbanken.se\/ljudochbild\/wp-content\/uploads\/2021\/08\/gunnel_vallquist_1940-755x1024.jpg 755w, https:\/\/litteraturbanken.se\/ljudochbild\/wp-content\/uploads\/2021\/08\/gunnel_vallquist_1940-768x1042.jpg 768w, https:\/\/litteraturbanken.se\/ljudochbild\/wp-content\/uploads\/2021\/08\/gunnel_vallquist_1940-480x651.jpg 480w, https:\/\/litteraturbanken.se\/ljudochbild\/wp-content\/uploads\/2021\/08\/gunnel_vallquist_1940.jpg 1000w\" sizes=\"auto, (max-width: 221px) 100vw, 221px\" \/><\/figure>\n<\/div>\n\n\n<p>GUNNEL VALLQUIST (1918\u20132016). \u201dN\u00e4r Gunnel Vallquist b\u00f6rjade n\u00e4rma sig katolska kyrkan som ung p\u00e5 1930-talet var det liturgin \u2013 kyrkans gudstj\u00e4nstordning: b\u00f6nen, s\u00e5ngen, riten \u2013 som lockade henne mest. Det hade att g\u00f6ra, skulle hon senare erk\u00e4nna, med hennes allm\u00e4nna dragning till det estetiska. [&#8230;]<\/p>\n\n\n\n<p>1956 gav hon ut sin f\u00f6rsta bok och ess\u00e4samling p\u00e5 Bonniers, <em><a aria-label=\"N\u00e5got att leva f\u00f6r (\u00f6ppnas i en ny flik)\" href=\"https:\/\/litteraturbanken.se\/f%C3%B6rfattare\/VallquistG\/titlar\/N%C3%A5gotAttLevaF%C3%B6r\/sida\/3\/etext\" target=\"_blank\" rel=\"noreferrer noopener\">N\u00e5got att leva f\u00f6r<\/a><\/em>, som f\u00f6rutom BLM-ess\u00e4n om T. S. Eliots <em>Cocktailpartyt <\/em>inneh\u00f6ll ess\u00e4er med personliga utl\u00e4ggningar om kristna motiv \u2013 som toleransen, \u00f6dmjukheten och medlidandet \u2013 och grundliga analyser av katolska f\u00f6rfattare som <a aria-label=\"Paul Claudel (\u00f6ppnas i en ny flik)\" href=\"http:\/\/litteraturbanken.se\/f\u00f6rfattare\/VallquistG\/titlar\/N\u00e5gotAttLevaF\u00f6r\/sida\/29\/etext\" target=\"_blank\" rel=\"noreferrer noopener\">Paul Claudel<\/a> och <a aria-label=\"Georges Bernanos (\u00f6ppnas i en ny flik)\" href=\"https:\/\/litteraturbanken.se\/f%C3%B6rfattare\/BernanosG\/titlar\" target=\"_blank\" rel=\"noreferrer noopener\">Georges Bernanos<\/a>. \u00c4ven de f\u00f6ljande ess\u00e4samlingarna handlade huvudsakligen om franska samtidsf\u00f6rfattare och kristna motiv, \u00e4ven om de ocks\u00e5 riktade sig till en st\u00f6rre allm\u00e4nhet och f\u00f6rutsatte hos l\u00e4saren \u2019endast sinne f\u00f6r tillvarons andliga aspekter och etiska problem\u2019, som det hette i <em>N\u00e5got att leva f\u00f6r.<\/em>\u201d<\/p>\n\n\n\n<p>Avsnittet ovanf\u00f6r kommer ur Emi-Simone Zawalls presentation av Gunnel Vallquist hos Litteraturbanken.<\/p>\n\n\n\n<div class=\"wp-block-buttons is-layout-flex wp-block-buttons-is-layout-flex\">\n<div class=\"wp-block-button has-custom-font-size read-more-button\" style=\"font-size:14px\"><a class=\"wp-block-button__link has-white-color has-text-color has-background wp-element-button\" href=\"https:\/\/litteraturbanken.se\/f%C3%B6rfattare\/VallquistG\/presentation\" style=\"border-radius:0px;background-color:#cd2400\" target=\"_blank\" rel=\"noopener\"><strong>L\u00c4S MER OM GUNNEL VALLQUIST<\/strong><\/a><\/div>\n\n\n\n<div class=\"wp-block-button has-custom-font-size read-more-button\" style=\"font-size:14px\"><a class=\"wp-block-button__link has-white-color has-text-color has-background wp-element-button\" href=\"https:\/\/litteraturbanken.se\/f%C3%B6rfattare\/VallquistG\/titlar\" style=\"border-radius:0px;background-color:#cd2400\" target=\"_blank\" rel=\"noopener\"><strong>L\u00c4S GUNNEL VALLQUISTS VERK HOS LB.SE<\/strong><\/a><\/div>\n<\/div>\n\n\n\n<div style=\"height:35px\" aria-hidden=\"true\" class=\"wp-block-spacer\"><\/div>\n\n\n\n<p>I den \u00f6vre spellistan finns radioprogram som Vallquist medverkade i under \u00e5ren 1968\u20131970, och i den undre kan du h\u00f6ra en radiobrevv\u00e4xling mellan Vallquist och hennes v\u00e4n Sven Ersman (1918\u20131993) som s\u00e4ndes v\u00e5ren 1968.<\/p>\n\n\n\n<div class=\"wp-playlist wp-audio-playlist wp-playlist-light\">\n\t\t\t<div class=\"wp-playlist-current-item\"><\/div>\n\t\t<audio controls=\"controls\" preload=\"none\" width=\"618\"\n\t\t\t><\/audio>\n\t<div class=\"wp-playlist-next\"><\/div>\n\t<div class=\"wp-playlist-prev\"><\/div>\n\t<noscript>\n\t<ol>\n\t\t<li><a href='https:\/\/litteraturbanken.se\/ljudochbild\/wp-content\/uploads\/2021\/07\/vallquist_bokfonstret_vallquist.mp3'>Gunnel Vallquist samtalar om \u00f6vers\u00e4ttningen av Marcel Proust<\/a><\/li><li><a href='https:\/\/litteraturbanken.se\/ljudochbild\/wp-content\/uploads\/2021\/07\/vallquist_dagbokfranuppsala_vallquist.mp3'>Dagbok fr\u00e5n Uppsala<\/a><\/li>\t<\/ol>\n\t<\/noscript>\n\t<script type=\"application\/json\" class=\"wp-playlist-script\">{\"type\":\"audio\",\"tracklist\":true,\"tracknumbers\":true,\"images\":true,\"artists\":true,\"tracks\":[{\"src\":\"https:\/\/litteraturbanken.se\/ljudochbild\/wp-content\/uploads\/2021\/07\/vallquist_bokfonstret_vallquist.mp3\",\"type\":\"audio\/mpeg\",\"title\":\"Gunnel Vallquist samtalar om \\u00f6vers\\u00e4ttningen av Marcel Proust\",\"caption\":\"\",\"description\":\"\\\"Gunnel Vallquist samtalar om \\u00f6vers\\u00e4ttningen av Marcel Proust\\\" fr\\u00e5n Gunnel Vallquist i Sveriges Radio (1968\\u20131970) av Gunnel Vallquist. Sl\\u00e4ppt: 1970. Sp\\u00e5r 2.\",\"meta\":{\"artist\":\"Gunnel Vallquist i Sveriges Radio (1968\\u20131970)\",\"album\":\"Gunnel Vallquist\",\"year\":\"1970\",\"length_formatted\":\"17:40\"},\"image\":{\"src\":\"https:\/\/litteraturbanken.se\/ljudochbild\/wp-content\/uploads\/2019\/09\/wide_gub_wide-mp3-image.png\",\"width\":580,\"height\":612},\"thumb\":{\"src\":\"https:\/\/litteraturbanken.se\/ljudochbild\/wp-content\/uploads\/2019\/09\/wide_gub_wide-mp3-image-150x150.png\",\"width\":150,\"height\":150}},{\"src\":\"https:\/\/litteraturbanken.se\/ljudochbild\/wp-content\/uploads\/2021\/07\/vallquist_dagbokfranuppsala_vallquist.mp3\",\"type\":\"audio\/mpeg\",\"title\":\"Dagbok fr\\u00e5n Uppsala\",\"caption\":\"\",\"description\":\"\\\"Dagbok fr\\u00e5n Uppsala\\\" fr\\u00e5n Gunnel Vallquist i Sveriges Radio (1968\\u20131970) av Gunnel Vallquist. Sl\\u00e4ppt: 1968. Sp\\u00e5r 1.\",\"meta\":{\"artist\":\"Gunnel Vallquist i Sveriges Radio (1968\\u20131970)\",\"album\":\"Gunnel Vallquist\",\"year\":\"1968\",\"length_formatted\":\"9:58\"},\"image\":{\"src\":\"https:\/\/litteraturbanken.se\/ljudochbild\/wp-content\/uploads\/2019\/09\/wide_gub_wide-mp3-image.png\",\"width\":580,\"height\":612},\"thumb\":{\"src\":\"https:\/\/litteraturbanken.se\/ljudochbild\/wp-content\/uploads\/2019\/09\/wide_gub_wide-mp3-image-150x150.png\",\"width\":150,\"height\":150}}]}<\/script>\n<\/div>\n\t\n\n\n\n<div class=\"wp-playlist wp-audio-playlist wp-playlist-light\">\n\t\t\t<div class=\"wp-playlist-current-item\"><\/div>\n\t\t<audio controls=\"controls\" preload=\"none\" width=\"618\"\n\t\t\t><\/audio>\n\t<div class=\"wp-playlist-next\"><\/div>\n\t<div class=\"wp-playlist-prev\"><\/div>\n\t<noscript>\n\t<ol>\n\t\t<li><a href='https:\/\/litteraturbanken.se\/ljudochbild\/wp-content\/uploads\/2021\/07\/vallquist_attresabort_vallquist.mp3'>Att resa bort \u2013 och att komma hem<\/a><\/li><li><a href='https:\/\/litteraturbanken.se\/ljudochbild\/wp-content\/uploads\/2021\/07\/vallquist_stillhetochaktivitet_vallquist.mp3'>Stillhet och aktivitet \u2013 problematik och oro<\/a><\/li>\t<\/ol>\n\t<\/noscript>\n\t<script type=\"application\/json\" class=\"wp-playlist-script\">{\"type\":\"audio\",\"tracklist\":true,\"tracknumbers\":true,\"images\":true,\"artists\":true,\"tracks\":[{\"src\":\"https:\/\/litteraturbanken.se\/ljudochbild\/wp-content\/uploads\/2021\/07\/vallquist_attresabort_vallquist.mp3\",\"type\":\"audio\/mpeg\",\"title\":\"Att resa bort \\u2013 och att komma hem\",\"caption\":\"\",\"description\":\"\\\"Att resa bort \\u2013 och att komma hem\\\" fr\\u00e5n Brevv\\u00e4xling mellan Sven Ersman och Gunnel Vallquist (1968) av Gunnel Vallquist & Sven Ersman. Sl\\u00e4ppt: 1968. Sp\\u00e5r 1.\",\"meta\":{\"artist\":\"Brevv\\u00e4xling mellan Sven Ersman och Gunnel Vallquist (1968)\",\"album\":\"Gunnel Vallquist & Sven Ersman\",\"year\":\"1968\",\"length_formatted\":\"19:57\"},\"image\":{\"src\":\"https:\/\/litteraturbanken.se\/ljudochbild\/wp-content\/uploads\/2019\/09\/wide_gub_wide-mp3-image.png\",\"width\":580,\"height\":612},\"thumb\":{\"src\":\"https:\/\/litteraturbanken.se\/ljudochbild\/wp-content\/uploads\/2019\/09\/wide_gub_wide-mp3-image-150x150.png\",\"width\":150,\"height\":150}},{\"src\":\"https:\/\/litteraturbanken.se\/ljudochbild\/wp-content\/uploads\/2021\/07\/vallquist_stillhetochaktivitet_vallquist.mp3\",\"type\":\"audio\/mpeg\",\"title\":\"Stillhet och aktivitet \\u2013 problematik och oro\",\"caption\":\"\",\"description\":\"\\\"Stillhet och aktivitet \\u2013 problematik och oro\\\" fr\\u00e5n Brevv\\u00e4xling mellan Sven Ersman och Gunnel Vallquist (1968) av Gunnel Vallquist & Sven Ersman. Sl\\u00e4ppt: 1968. Sp\\u00e5r 2.\",\"meta\":{\"artist\":\"Brevv\\u00e4xling mellan Sven Ersman och Gunnel Vallquist (1968)\",\"album\":\"Gunnel Vallquist & Sven Ersman\",\"year\":\"1968\",\"length_formatted\":\"19:47\"},\"image\":{\"src\":\"https:\/\/litteraturbanken.se\/ljudochbild\/wp-content\/uploads\/2019\/09\/wide_gub_wide-mp3-image.png\",\"width\":580,\"height\":612},\"thumb\":{\"src\":\"https:\/\/litteraturbanken.se\/ljudochbild\/wp-content\/uploads\/2019\/09\/wide_gub_wide-mp3-image-150x150.png\",\"width\":150,\"height\":150}}]}<\/script>\n<\/div>\n\t\n\n\n\n<hr class=\"wp-block-separator has-css-opacity\"\/>\n\n\n\n<p><em>Inspelningarna tillg\u00e4ngligg\u00f6rs h\u00e4r med tillst\u00e5nd fr\u00e5n Sveriges Radio och fr\u00e5n r\u00e4ttighetshavarna. \u2013 Fotografiet har vi l\u00e5nat av <a aria-label=\"Uppsala universitetsbibliotek (\u00f6ppnas i en ny flik)\" href=\"https:\/\/www.alvin-portal.org\/alvin\/imageViewer.jsf?dsId=ATTACHMENT-0001&amp;pid=alvin-record:431318\" target=\"_blank\" rel=\"noreferrer noopener\">Uppsala universitetsbibliotek<\/a>.<\/em><\/p>\n\n\n<h3 class=\"wp-block-heading author-related-title\">L\u00e4s mer<\/h3>\r\n<div class=\"display-posts-listing grid\"><div class=\"listing-item\"><a class=\"image\" href=\"https:\/\/litteraturbanken.se\/ljudochbild\/2021\/09\/16\/dagbok-fran-uppsala\/\"><img loading=\"lazy\" decoding=\"async\" width=\"640\" height=\"957\" src=\"https:\/\/litteraturbanken.se\/ljudochbild\/wp-content\/uploads\/2021\/09\/uppsala1968_peteseeger-685x1024.jpg\" class=\"attachment-large size-large wp-post-image\" alt=\"Pete Seeger p\u00e5 V\u00e4rldskyrkom\u00f6tet\" srcset=\"https:\/\/litteraturbanken.se\/ljudochbild\/wp-content\/uploads\/2021\/09\/uppsala1968_peteseeger-685x1024.jpg 685w, https:\/\/litteraturbanken.se\/ljudochbild\/wp-content\/uploads\/2021\/09\/uppsala1968_peteseeger-201x300.jpg 201w, https:\/\/litteraturbanken.se\/ljudochbild\/wp-content\/uploads\/2021\/09\/uppsala1968_peteseeger-768x1148.jpg 768w, https:\/\/litteraturbanken.se\/ljudochbild\/wp-content\/uploads\/2021\/09\/uppsala1968_peteseeger-1028x1536.jpg 1028w, https:\/\/litteraturbanken.se\/ljudochbild\/wp-content\/uploads\/2021\/09\/uppsala1968_peteseeger-1370x2048.jpg 1370w, https:\/\/litteraturbanken.se\/ljudochbild\/wp-content\/uploads\/2021\/09\/uppsala1968_peteseeger-480x717.jpg 480w, https:\/\/litteraturbanken.se\/ljudochbild\/wp-content\/uploads\/2021\/09\/uppsala1968_peteseeger.jpg 1600w\" sizes=\"auto, (max-width: 640px) 100vw, 640px\" \/><\/a> <a class=\"title\" href=\"https:\/\/litteraturbanken.se\/ljudochbild\/2021\/09\/16\/dagbok-fran-uppsala\/\">Dagbok fr\u00e5n Uppsala<\/a><\/div><div class=\"listing-item\"><a class=\"image\" href=\"https:\/\/litteraturbanken.se\/ljudochbild\/2021\/12\/13\/vi-ser-tillbaka-2021\/\"><img loading=\"lazy\" decoding=\"async\" width=\"600\" height=\"985\" src=\"https:\/\/litteraturbanken.se\/ljudochbild\/wp-content\/uploads\/2021\/12\/UMFA54672_1324.jpg\" class=\"attachment-large size-large wp-post-image\" alt=\"\" srcset=\"https:\/\/litteraturbanken.se\/ljudochbild\/wp-content\/uploads\/2021\/12\/UMFA54672_1324.jpg 600w, https:\/\/litteraturbanken.se\/ljudochbild\/wp-content\/uploads\/2021\/12\/UMFA54672_1324-183x300.jpg 183w, https:\/\/litteraturbanken.se\/ljudochbild\/wp-content\/uploads\/2021\/12\/UMFA54672_1324-480x788.jpg 480w\" sizes=\"auto, (max-width: 600px) 100vw, 600px\" \/><\/a> <a class=\"title\" href=\"https:\/\/litteraturbanken.se\/ljudochbild\/2021\/12\/13\/vi-ser-tillbaka-2021\/\">Vi ser tillbaka: 2021<\/a><\/div><div class=\"listing-item\"><a class=\"image\" href=\"https:\/\/litteraturbanken.se\/ljudochbild\/2021\/09\/02\/pa-spaning-efter-den-tid-som-flytt\/\"><img loading=\"lazy\" decoding=\"async\" width=\"640\" height=\"986\" src=\"https:\/\/litteraturbanken.se\/ljudochbild\/wp-content\/uploads\/2021\/08\/gunnel_vallquist_bonnier_gradient-665x1024.jpg\" class=\"attachment-large size-large wp-post-image\" alt=\"Gunnel Vallquist, \u00f6vers\u00e4ttare av P\u00e5 spaning efter den tid som flytt\" srcset=\"https:\/\/litteraturbanken.se\/ljudochbild\/wp-content\/uploads\/2021\/08\/gunnel_vallquist_bonnier_gradient-665x1024.jpg 665w, https:\/\/litteraturbanken.se\/ljudochbild\/wp-content\/uploads\/2021\/08\/gunnel_vallquist_bonnier_gradient-195x300.jpg 195w, https:\/\/litteraturbanken.se\/ljudochbild\/wp-content\/uploads\/2021\/08\/gunnel_vallquist_bonnier_gradient-768x1182.jpg 768w, https:\/\/litteraturbanken.se\/ljudochbild\/wp-content\/uploads\/2021\/08\/gunnel_vallquist_bonnier_gradient-998x1536.jpg 998w, https:\/\/litteraturbanken.se\/ljudochbild\/wp-content\/uploads\/2021\/08\/gunnel_vallquist_bonnier_gradient-480x739.jpg 480w, https:\/\/litteraturbanken.se\/ljudochbild\/wp-content\/uploads\/2021\/08\/gunnel_vallquist_bonnier_gradient.jpg 1000w\" sizes=\"auto, (max-width: 640px) 100vw, 640px\" \/><\/a> <a class=\"title\" href=\"https:\/\/litteraturbanken.se\/ljudochbild\/2021\/09\/02\/pa-spaning-efter-den-tid-som-flytt\/\">P\u00e5 spaning efter Vallquist<\/a><\/div><\/div>\r\n\r\n\n","protected":false},"excerpt":{"rendered":"<p>GUNNEL VALLQUIST (1918\u20132016). \u201dN\u00e4r Gunnel Vallquist b\u00f6rjade n\u00e4rma sig katolska kyrkan som ung p\u00e5 1930-talet var det liturgin \u2013 kyrkans gudstj\u00e4nstordning: b\u00f6nen, s\u00e5ngen, riten \u2013 som lockade henne mest. Det hade att g\u00f6ra, skulle hon senare erk\u00e4nna, med [&hellip;]<\/p>\n","protected":false},"author":5,"featured_media":5048,"parent":7,"menu_order":0,"comment_status":"closed","ping_status":"closed","template":"","meta":{"footnotes":""},"class_list":["post-5038","page","type-page","status-publish","has-post-thumbnail","hentry"],"yoast_head":"<!-- This site is optimized with the Yoast SEO plugin v27.1.1 - https:\/\/yoast.com\/product\/yoast-seo-wordpress\/ -->\n<title>Gunnel Vallquist (1918\u20132016) - Ljud &amp; Bild<\/title>\n<meta name=\"description\" content=\"N\u00e4r Gunnel Vallquist b\u00f6rjade n\u00e4rma sig katolska kyrkan som ung p\u00e5 1930-talet var det liturgin \u2013 kyrkans gudstj\u00e4nstordning: b\u00f6nen, s\u00e5ngen...\" \/>\n<meta name=\"robots\" content=\"index, follow, max-snippet:-1, max-image-preview:large, max-video-preview:-1\" \/>\n<link rel=\"canonical\" href=\"https:\/\/litteraturbanken.se\/ljudochbild\/forfattare\/vallquistg\/\" \/>\n<meta property=\"og:locale\" content=\"sv_SE\" \/>\n<meta property=\"og:type\" content=\"article\" \/>\n<meta property=\"og:title\" content=\"Gunnel Vallquist (1918\u20132016) - Ljud &amp; Bild\" \/>\n<meta property=\"og:description\" content=\"N\u00e4r Gunnel Vallquist b\u00f6rjade n\u00e4rma sig katolska kyrkan som ung p\u00e5 1930-talet var det liturgin \u2013 kyrkans gudstj\u00e4nstordning: b\u00f6nen, s\u00e5ngen...\" \/>\n<meta property=\"og:url\" content=\"https:\/\/litteraturbanken.se\/ljudochbild\/forfattare\/vallquistg\/\" \/>\n<meta property=\"og:site_name\" content=\"Ljud &amp; Bild\" \/>\n<meta property=\"article:publisher\" content=\"https:\/\/www.facebook.com\/Litteraturbanken.se\" \/>\n<meta property=\"article:modified_time\" content=\"2024-09-17T13:41:01+00:00\" \/>\n<meta property=\"og:image\" content=\"https:\/\/litteraturbanken.se\/ljudochbild\/wp-content\/uploads\/2021\/08\/gunnel_vallquist_1940.jpg\" \/>\n\t<meta property=\"og:image:width\" content=\"1000\" \/>\n\t<meta property=\"og:image:height\" content=\"1357\" \/>\n\t<meta property=\"og:image:type\" content=\"image\/jpeg\" \/>\n<meta name=\"twitter:card\" content=\"summary_large_image\" \/>\n<meta name=\"twitter:site\" content=\"@litteraturbank\" \/>\n<meta name=\"twitter:label1\" content=\"Ber\u00e4knad l\u00e4stid\" \/>\n\t<meta name=\"twitter:data1\" content=\"2 minuter\" \/>\n<script type=\"application\/ld+json\" class=\"yoast-schema-graph\">{\"@context\":\"https:\/\/schema.org\",\"@graph\":[{\"@type\":\"WebPage\",\"@id\":\"https:\/\/litteraturbanken.se\/ljudochbild\/forfattare\/vallquistg\/\",\"url\":\"https:\/\/litteraturbanken.se\/ljudochbild\/forfattare\/vallquistg\/\",\"name\":\"Gunnel Vallquist (1918\u20132016) - Ljud &amp; Bild\",\"isPartOf\":{\"@id\":\"https:\/\/litteraturbanken.se\/ljudochbild\/#website\"},\"primaryImageOfPage\":{\"@id\":\"https:\/\/litteraturbanken.se\/ljudochbild\/forfattare\/vallquistg\/#primaryimage\"},\"image\":{\"@id\":\"https:\/\/litteraturbanken.se\/ljudochbild\/forfattare\/vallquistg\/#primaryimage\"},\"thumbnailUrl\":\"https:\/\/litteraturbanken.se\/ljudochbild\/wp-content\/uploads\/2021\/08\/gunnel_vallquist_1940.jpg\",\"datePublished\":\"2021-08-26T06:30:02+00:00\",\"dateModified\":\"2024-09-17T13:41:01+00:00\",\"description\":\"N\u00e4r Gunnel Vallquist b\u00f6rjade n\u00e4rma sig katolska kyrkan som ung p\u00e5 1930-talet var det liturgin \u2013 kyrkans gudstj\u00e4nstordning: b\u00f6nen, s\u00e5ngen...\",\"breadcrumb\":{\"@id\":\"https:\/\/litteraturbanken.se\/ljudochbild\/forfattare\/vallquistg\/#breadcrumb\"},\"inLanguage\":\"sv-SE\",\"potentialAction\":[{\"@type\":\"ReadAction\",\"target\":[\"https:\/\/litteraturbanken.se\/ljudochbild\/forfattare\/vallquistg\/\"]}]},{\"@type\":\"ImageObject\",\"inLanguage\":\"sv-SE\",\"@id\":\"https:\/\/litteraturbanken.se\/ljudochbild\/forfattare\/vallquistg\/#primaryimage\",\"url\":\"https:\/\/litteraturbanken.se\/ljudochbild\/wp-content\/uploads\/2021\/08\/gunnel_vallquist_1940.jpg\",\"contentUrl\":\"https:\/\/litteraturbanken.se\/ljudochbild\/wp-content\/uploads\/2021\/08\/gunnel_vallquist_1940.jpg\",\"width\":1000,\"height\":1357,\"caption\":\"Gunnel Vallquist, ca 1940\"},{\"@type\":\"BreadcrumbList\",\"@id\":\"https:\/\/litteraturbanken.se\/ljudochbild\/forfattare\/vallquistg\/#breadcrumb\",\"itemListElement\":[{\"@type\":\"ListItem\",\"position\":1,\"name\":\"Hem\",\"item\":\"https:\/\/litteraturbanken.se\/ljudochbild\/\"},{\"@type\":\"ListItem\",\"position\":2,\"name\":\"F\u00f6rfattare\",\"item\":\"https:\/\/litteraturbanken.se\/ljudochbild\/forfattare\/\"},{\"@type\":\"ListItem\",\"position\":3,\"name\":\"Gunnel Vallquist (1918\u20132016)\"}]},{\"@type\":\"WebSite\",\"@id\":\"https:\/\/litteraturbanken.se\/ljudochbild\/#website\",\"url\":\"https:\/\/litteraturbanken.se\/ljudochbild\/\",\"name\":\"Ljud & Bild\",\"description\":\"Ur Litteraturbankens samlingar\",\"potentialAction\":[{\"@type\":\"SearchAction\",\"target\":{\"@type\":\"EntryPoint\",\"urlTemplate\":\"https:\/\/litteraturbanken.se\/ljudochbild\/?s={search_term_string}\"},\"query-input\":{\"@type\":\"PropertyValueSpecification\",\"valueRequired\":true,\"valueName\":\"search_term_string\"}}],\"inLanguage\":\"sv-SE\"}]}<\/script>\n<!-- \/ Yoast SEO plugin. -->","yoast_head_json":{"title":"Gunnel Vallquist (1918\u20132016) - Ljud &amp; Bild","description":"N\u00e4r Gunnel Vallquist b\u00f6rjade n\u00e4rma sig katolska kyrkan som ung p\u00e5 1930-talet var det liturgin \u2013 kyrkans gudstj\u00e4nstordning: b\u00f6nen, s\u00e5ngen...","robots":{"index":"index","follow":"follow","max-snippet":"max-snippet:-1","max-image-preview":"max-image-preview:large","max-video-preview":"max-video-preview:-1"},"canonical":"https:\/\/litteraturbanken.se\/ljudochbild\/forfattare\/vallquistg\/","og_locale":"sv_SE","og_type":"article","og_title":"Gunnel Vallquist (1918\u20132016) - Ljud &amp; Bild","og_description":"N\u00e4r Gunnel Vallquist b\u00f6rjade n\u00e4rma sig katolska kyrkan som ung p\u00e5 1930-talet var det liturgin \u2013 kyrkans gudstj\u00e4nstordning: b\u00f6nen, s\u00e5ngen...","og_url":"https:\/\/litteraturbanken.se\/ljudochbild\/forfattare\/vallquistg\/","og_site_name":"Ljud &amp; Bild","article_publisher":"https:\/\/www.facebook.com\/Litteraturbanken.se","article_modified_time":"2024-09-17T13:41:01+00:00","og_image":[{"width":1000,"height":1357,"url":"https:\/\/litteraturbanken.se\/ljudochbild\/wp-content\/uploads\/2021\/08\/gunnel_vallquist_1940.jpg","type":"image\/jpeg"}],"twitter_card":"summary_large_image","twitter_site":"@litteraturbank","twitter_misc":{"Ber\u00e4knad l\u00e4stid":"2 minuter"},"schema":{"@context":"https:\/\/schema.org","@graph":[{"@type":"WebPage","@id":"https:\/\/litteraturbanken.se\/ljudochbild\/forfattare\/vallquistg\/","url":"https:\/\/litteraturbanken.se\/ljudochbild\/forfattare\/vallquistg\/","name":"Gunnel Vallquist (1918\u20132016) - Ljud &amp; Bild","isPartOf":{"@id":"https:\/\/litteraturbanken.se\/ljudochbild\/#website"},"primaryImageOfPage":{"@id":"https:\/\/litteraturbanken.se\/ljudochbild\/forfattare\/vallquistg\/#primaryimage"},"image":{"@id":"https:\/\/litteraturbanken.se\/ljudochbild\/forfattare\/vallquistg\/#primaryimage"},"thumbnailUrl":"https:\/\/litteraturbanken.se\/ljudochbild\/wp-content\/uploads\/2021\/08\/gunnel_vallquist_1940.jpg","datePublished":"2021-08-26T06:30:02+00:00","dateModified":"2024-09-17T13:41:01+00:00","description":"N\u00e4r Gunnel Vallquist b\u00f6rjade n\u00e4rma sig katolska kyrkan som ung p\u00e5 1930-talet var det liturgin \u2013 kyrkans gudstj\u00e4nstordning: b\u00f6nen, s\u00e5ngen...","breadcrumb":{"@id":"https:\/\/litteraturbanken.se\/ljudochbild\/forfattare\/vallquistg\/#breadcrumb"},"inLanguage":"sv-SE","potentialAction":[{"@type":"ReadAction","target":["https:\/\/litteraturbanken.se\/ljudochbild\/forfattare\/vallquistg\/"]}]},{"@type":"ImageObject","inLanguage":"sv-SE","@id":"https:\/\/litteraturbanken.se\/ljudochbild\/forfattare\/vallquistg\/#primaryimage","url":"https:\/\/litteraturbanken.se\/ljudochbild\/wp-content\/uploads\/2021\/08\/gunnel_vallquist_1940.jpg","contentUrl":"https:\/\/litteraturbanken.se\/ljudochbild\/wp-content\/uploads\/2021\/08\/gunnel_vallquist_1940.jpg","width":1000,"height":1357,"caption":"Gunnel Vallquist, ca 1940"},{"@type":"BreadcrumbList","@id":"https:\/\/litteraturbanken.se\/ljudochbild\/forfattare\/vallquistg\/#breadcrumb","itemListElement":[{"@type":"ListItem","position":1,"name":"Hem","item":"https:\/\/litteraturbanken.se\/ljudochbild\/"},{"@type":"ListItem","position":2,"name":"F\u00f6rfattare","item":"https:\/\/litteraturbanken.se\/ljudochbild\/forfattare\/"},{"@type":"ListItem","position":3,"name":"Gunnel Vallquist (1918\u20132016)"}]},{"@type":"WebSite","@id":"https:\/\/litteraturbanken.se\/ljudochbild\/#website","url":"https:\/\/litteraturbanken.se\/ljudochbild\/","name":"Ljud & Bild","description":"Ur Litteraturbankens samlingar","potentialAction":[{"@type":"SearchAction","target":{"@type":"EntryPoint","urlTemplate":"https:\/\/litteraturbanken.se\/ljudochbild\/?s={search_term_string}"},"query-input":{"@type":"PropertyValueSpecification","valueRequired":true,"valueName":"search_term_string"}}],"inLanguage":"sv-SE"}]}},"_links":{"self":[{"href":"https:\/\/litteraturbanken.se\/ljudochbild\/wp-json\/wp\/v2\/pages\/5038","targetHints":{"allow":["GET"]}}],"collection":[{"href":"https:\/\/litteraturbanken.se\/ljudochbild\/wp-json\/wp\/v2\/pages"}],"about":[{"href":"https:\/\/litteraturbanken.se\/ljudochbild\/wp-json\/wp\/v2\/types\/page"}],"author":[{"embeddable":true,"href":"https:\/\/litteraturbanken.se\/ljudochbild\/wp-json\/wp\/v2\/users\/5"}],"replies":[{"embeddable":true,"href":"https:\/\/litteraturbanken.se\/ljudochbild\/wp-json\/wp\/v2\/comments?post=5038"}],"version-history":[{"count":28,"href":"https:\/\/litteraturbanken.se\/ljudochbild\/wp-json\/wp\/v2\/pages\/5038\/revisions"}],"predecessor-version":[{"id":12282,"href":"https:\/\/litteraturbanken.se\/ljudochbild\/wp-json\/wp\/v2\/pages\/5038\/revisions\/12282"}],"up":[{"embeddable":true,"href":"https:\/\/litteraturbanken.se\/ljudochbild\/wp-json\/wp\/v2\/pages\/7"}],"wp:featuredmedia":[{"embeddable":true,"href":"https:\/\/litteraturbanken.se\/ljudochbild\/wp-json\/wp\/v2\/media\/5048"}],"wp:attachment":[{"href":"https:\/\/litteraturbanken.se\/ljudochbild\/wp-json\/wp\/v2\/media?parent=5038"}],"curies":[{"name":"wp","href":"https:\/\/api.w.org\/{rel}","templated":true}]}}