{"id":5140,"date":"2021-09-14T14:26:54","date_gmt":"2021-09-14T12:26:54","guid":{"rendered":"https:\/\/litteraturbanken.se\/ljudochbild\/?page_id=5140"},"modified":"2025-02-03T10:10:23","modified_gmt":"2025-02-03T09:10:23","slug":"verket","status":"publish","type":"page","link":"https:\/\/litteraturbanken.se\/ljudochbild\/verket\/","title":{"rendered":"Verket \u2013 en podd om klassiker"},"content":{"rendered":"<div class=\"wp-block-image margin: 50px\">\n<figure class=\"alignright size-large is-resized\"><img loading=\"lazy\" decoding=\"async\" width=\"952\" height=\"942\" src=\"https:\/\/litteraturbanken.se\/ljudochbild\/wp-content\/uploads\/2021\/09\/verketenpodd.jpg\" alt=\"Verket. En podd om klassiker\" class=\"wp-image-5192\" style=\"width:231px;height:228px\" srcset=\"https:\/\/litteraturbanken.se\/ljudochbild\/wp-content\/uploads\/2021\/09\/verketenpodd.jpg 952w, https:\/\/litteraturbanken.se\/ljudochbild\/wp-content\/uploads\/2021\/09\/verketenpodd-300x297.jpg 300w, https:\/\/litteraturbanken.se\/ljudochbild\/wp-content\/uploads\/2021\/09\/verketenpodd-768x760.jpg 768w, https:\/\/litteraturbanken.se\/ljudochbild\/wp-content\/uploads\/2021\/09\/verketenpodd-480x475.jpg 480w\" sizes=\"auto, (max-width: 952px) 100vw, 952px\" \/><figcaption class=\"wp-element-caption\"> <\/figcaption><\/figure>\n<\/div>\n\n\n<p>\u201dVerket\u201d \u00e4r klassikerpodden d\u00e4r v\u00e5r kulturhistoria diskuteras, upplevs och analyseras med utg\u00e5ngspunkt i olika klassiska verk. Podcasten \u00e4r en samproduktion mellan Litteraturbanken, <a aria-label=\"Nationalmuseum (\u00f6ppnas i en ny flik)\" href=\"https:\/\/www.nationalmuseum.se\/\" target=\"_blank\" rel=\"noreferrer noopener\">Nationalmuseum<\/a>, <a href=\"https:\/\/www.dramaten.se\/\" target=\"_blank\" rel=\"noreferrer noopener\">Dramaten<\/a> och bildningsmagasinet <a aria-label=\"Anekdot (\u00f6ppnas i en ny flik)\" href=\"https:\/\/anekdot.se\/\" target=\"_blank\" rel=\"noreferrer noopener\">Anekdot<\/a> vid Stockholms universitet. <\/p>\n\n\n\n<p>I varje avsnitt f\u00f6rdjupar sig ledande litteratur-, teater- och konsthistoriker i ett betydelsefullt verk, och samtalar om dess betydelse f\u00f6r historien och v\u00e5r samtid. V\u00e5r egen representant <a aria-label=\"Paulina Helgeson (\u00f6ppnas i en ny flik)\" href=\"https:\/\/litteraturbanken.se\/f%C3%B6rfattare\/HelgesonP\/titlar\" target=\"_blank\" rel=\"noreferrer noopener\">Paulina Helgeson<\/a>, Anna Jansson fr\u00e5n Nationalmuseum och Dramatens Anneli Dufva leder de vindlande samtalen.<\/p>\n\n\n\n<p>Spellistan nedanf\u00f6r uppdateras l\u00f6pande med nya avsnitt, men det g\u00e5r f\u00f6rst\u00e5s lika bra att lyssna p\u00e5 programmen i din vanliga podcastapp eller p\u00e5 <a rel=\"noreferrer noopener\" aria-label=\"Spotify (\u00f6ppnas i en ny flik)\" href=\"https:\/\/open.spotify.com\/show\/1g9hzGzI2Nhx42MNG9m1yt?si=jk-kYVogSX2uFeW48OH_6A&amp;dl_branch=1\" target=\"_blank\">Spotify<\/a>. <\/p>\n\n\n<style>\n.soundHeader__title .title__h2 {\n    visibility: hidden;\n}\n<\/style>\n<p><iframe loading=\"lazy\" width=\"100%\" height=\"1640\" scrolling=\"no\" frameborder=\"no\" allow=\"autoplay\" src=\"https:\/\/w.soundcloud.com\/player\/?url=https%3A\/\/soundcloud.com\/verketpodcast&amp;color=%23222&amp;auto_play=false&amp;hide_related=false&amp;show_comments=true&amp;show_user=true&amp;show_reposts=false&amp;show_teaser=true&amp;visual=false&amp;sharing=false&amp;liking=false&amp;show_comments=false\"><\/iframe><\/p>\n\n\n\n<p><\/p>\n","protected":false},"excerpt":{"rendered":"<p>\u201dVerket\u201d \u00e4r klassikerpodden d\u00e4r v\u00e5r kulturhistoria diskuteras, upplevs och analyseras med utg\u00e5ngspunkt i olika klassiska verk. Podcasten \u00e4r en samproduktion mellan Litteraturbanken, Nationalmuseum, Dramaten och bildningsmagasinet Anekdot vid Stockholms universitet. I varje avsnitt f\u00f6rdjupar sig ledande litteratur-, teater- [&hellip;]<\/p>\n","protected":false},"author":5,"featured_media":5192,"parent":0,"menu_order":0,"comment_status":"closed","ping_status":"closed","template":"","meta":{"footnotes":""},"class_list":["post-5140","page","type-page","status-publish","has-post-thumbnail","hentry"],"yoast_head":"<!-- This site is optimized with the Yoast SEO plugin v27.1.1 - https:\/\/yoast.com\/product\/yoast-seo-wordpress\/ -->\n<title>Verket \u2013 en podd om klassiker - Ljud &amp; Bild<\/title>\n<meta name=\"description\" content=\"\u201dVerket\u201d \u00e4r klassikerpodden d\u00e4r v\u00e5r kulturhistoria diskuteras, upplevs och analyseras med utg\u00e5ngspunkt i olika klassiska verk.\" \/>\n<meta name=\"robots\" content=\"index, follow, max-snippet:-1, max-image-preview:large, max-video-preview:-1\" \/>\n<link rel=\"canonical\" href=\"https:\/\/litteraturbanken.se\/ljudochbild\/verket\/\" \/>\n<meta property=\"og:locale\" content=\"sv_SE\" \/>\n<meta property=\"og:type\" content=\"article\" \/>\n<meta property=\"og:title\" content=\"Verket \u2013 en podd om klassiker - Ljud &amp; Bild\" \/>\n<meta property=\"og:description\" content=\"\u201dVerket\u201d \u00e4r klassikerpodden d\u00e4r v\u00e5r kulturhistoria diskuteras, upplevs och analyseras med utg\u00e5ngspunkt i olika klassiska verk.\" \/>\n<meta property=\"og:url\" content=\"https:\/\/litteraturbanken.se\/ljudochbild\/verket\/\" \/>\n<meta property=\"og:site_name\" content=\"Ljud &amp; Bild\" \/>\n<meta property=\"article:publisher\" content=\"https:\/\/www.facebook.com\/Litteraturbanken.se\" \/>\n<meta property=\"article:modified_time\" content=\"2025-02-03T09:10:23+00:00\" \/>\n<meta property=\"og:image\" content=\"https:\/\/litteraturbanken.se\/ljudochbild\/wp-content\/uploads\/2021\/09\/verketenpodd.jpg\" \/>\n\t<meta property=\"og:image:width\" content=\"952\" \/>\n\t<meta property=\"og:image:height\" content=\"942\" \/>\n\t<meta property=\"og:image:type\" content=\"image\/jpeg\" \/>\n<meta name=\"twitter:card\" content=\"summary_large_image\" \/>\n<meta name=\"twitter:site\" content=\"@litteraturbank\" \/>\n<meta name=\"twitter:label1\" content=\"Ber\u00e4knad l\u00e4stid\" \/>\n\t<meta name=\"twitter:data1\" content=\"1 minut\" \/>\n<script type=\"application\/ld+json\" class=\"yoast-schema-graph\">{\"@context\":\"https:\/\/schema.org\",\"@graph\":[{\"@type\":\"WebPage\",\"@id\":\"https:\/\/litteraturbanken.se\/ljudochbild\/verket\/\",\"url\":\"https:\/\/litteraturbanken.se\/ljudochbild\/verket\/\",\"name\":\"Verket \u2013 en podd om klassiker - Ljud &amp; Bild\",\"isPartOf\":{\"@id\":\"https:\/\/litteraturbanken.se\/ljudochbild\/#website\"},\"primaryImageOfPage\":{\"@id\":\"https:\/\/litteraturbanken.se\/ljudochbild\/verket\/#primaryimage\"},\"image\":{\"@id\":\"https:\/\/litteraturbanken.se\/ljudochbild\/verket\/#primaryimage\"},\"thumbnailUrl\":\"https:\/\/litteraturbanken.se\/ljudochbild\/wp-content\/uploads\/2021\/09\/verketenpodd.jpg\",\"datePublished\":\"2021-09-14T12:26:54+00:00\",\"dateModified\":\"2025-02-03T09:10:23+00:00\",\"description\":\"\u201dVerket\u201d \u00e4r klassikerpodden d\u00e4r v\u00e5r kulturhistoria diskuteras, upplevs och analyseras med utg\u00e5ngspunkt i olika klassiska verk.\",\"breadcrumb\":{\"@id\":\"https:\/\/litteraturbanken.se\/ljudochbild\/verket\/#breadcrumb\"},\"inLanguage\":\"sv-SE\",\"potentialAction\":[{\"@type\":\"ReadAction\",\"target\":[\"https:\/\/litteraturbanken.se\/ljudochbild\/verket\/\"]}]},{\"@type\":\"ImageObject\",\"inLanguage\":\"sv-SE\",\"@id\":\"https:\/\/litteraturbanken.se\/ljudochbild\/verket\/#primaryimage\",\"url\":\"https:\/\/litteraturbanken.se\/ljudochbild\/wp-content\/uploads\/2021\/09\/verketenpodd.jpg\",\"contentUrl\":\"https:\/\/litteraturbanken.se\/ljudochbild\/wp-content\/uploads\/2021\/09\/verketenpodd.jpg\",\"width\":952,\"height\":942,\"caption\":\"Verket. En podd om klassiker\"},{\"@type\":\"BreadcrumbList\",\"@id\":\"https:\/\/litteraturbanken.se\/ljudochbild\/verket\/#breadcrumb\",\"itemListElement\":[{\"@type\":\"ListItem\",\"position\":1,\"name\":\"Hem\",\"item\":\"https:\/\/litteraturbanken.se\/ljudochbild\/\"},{\"@type\":\"ListItem\",\"position\":2,\"name\":\"Verket \u2013 en podd om klassiker\"}]},{\"@type\":\"WebSite\",\"@id\":\"https:\/\/litteraturbanken.se\/ljudochbild\/#website\",\"url\":\"https:\/\/litteraturbanken.se\/ljudochbild\/\",\"name\":\"Ljud & Bild\",\"description\":\"Ur Litteraturbankens samlingar\",\"potentialAction\":[{\"@type\":\"SearchAction\",\"target\":{\"@type\":\"EntryPoint\",\"urlTemplate\":\"https:\/\/litteraturbanken.se\/ljudochbild\/?s={search_term_string}\"},\"query-input\":{\"@type\":\"PropertyValueSpecification\",\"valueRequired\":true,\"valueName\":\"search_term_string\"}}],\"inLanguage\":\"sv-SE\"}]}<\/script>\n<!-- \/ Yoast SEO plugin. -->","yoast_head_json":{"title":"Verket \u2013 en podd om klassiker - Ljud &amp; Bild","description":"\u201dVerket\u201d \u00e4r klassikerpodden d\u00e4r v\u00e5r kulturhistoria diskuteras, upplevs och analyseras med utg\u00e5ngspunkt i olika klassiska verk.","robots":{"index":"index","follow":"follow","max-snippet":"max-snippet:-1","max-image-preview":"max-image-preview:large","max-video-preview":"max-video-preview:-1"},"canonical":"https:\/\/litteraturbanken.se\/ljudochbild\/verket\/","og_locale":"sv_SE","og_type":"article","og_title":"Verket \u2013 en podd om klassiker - Ljud &amp; Bild","og_description":"\u201dVerket\u201d \u00e4r klassikerpodden d\u00e4r v\u00e5r kulturhistoria diskuteras, upplevs och analyseras med utg\u00e5ngspunkt i olika klassiska verk.","og_url":"https:\/\/litteraturbanken.se\/ljudochbild\/verket\/","og_site_name":"Ljud &amp; Bild","article_publisher":"https:\/\/www.facebook.com\/Litteraturbanken.se","article_modified_time":"2025-02-03T09:10:23+00:00","og_image":[{"width":952,"height":942,"url":"https:\/\/litteraturbanken.se\/ljudochbild\/wp-content\/uploads\/2021\/09\/verketenpodd.jpg","type":"image\/jpeg"}],"twitter_card":"summary_large_image","twitter_site":"@litteraturbank","twitter_misc":{"Ber\u00e4knad l\u00e4stid":"1 minut"},"schema":{"@context":"https:\/\/schema.org","@graph":[{"@type":"WebPage","@id":"https:\/\/litteraturbanken.se\/ljudochbild\/verket\/","url":"https:\/\/litteraturbanken.se\/ljudochbild\/verket\/","name":"Verket \u2013 en podd om klassiker - Ljud &amp; Bild","isPartOf":{"@id":"https:\/\/litteraturbanken.se\/ljudochbild\/#website"},"primaryImageOfPage":{"@id":"https:\/\/litteraturbanken.se\/ljudochbild\/verket\/#primaryimage"},"image":{"@id":"https:\/\/litteraturbanken.se\/ljudochbild\/verket\/#primaryimage"},"thumbnailUrl":"https:\/\/litteraturbanken.se\/ljudochbild\/wp-content\/uploads\/2021\/09\/verketenpodd.jpg","datePublished":"2021-09-14T12:26:54+00:00","dateModified":"2025-02-03T09:10:23+00:00","description":"\u201dVerket\u201d \u00e4r klassikerpodden d\u00e4r v\u00e5r kulturhistoria diskuteras, upplevs och analyseras med utg\u00e5ngspunkt i olika klassiska verk.","breadcrumb":{"@id":"https:\/\/litteraturbanken.se\/ljudochbild\/verket\/#breadcrumb"},"inLanguage":"sv-SE","potentialAction":[{"@type":"ReadAction","target":["https:\/\/litteraturbanken.se\/ljudochbild\/verket\/"]}]},{"@type":"ImageObject","inLanguage":"sv-SE","@id":"https:\/\/litteraturbanken.se\/ljudochbild\/verket\/#primaryimage","url":"https:\/\/litteraturbanken.se\/ljudochbild\/wp-content\/uploads\/2021\/09\/verketenpodd.jpg","contentUrl":"https:\/\/litteraturbanken.se\/ljudochbild\/wp-content\/uploads\/2021\/09\/verketenpodd.jpg","width":952,"height":942,"caption":"Verket. En podd om klassiker"},{"@type":"BreadcrumbList","@id":"https:\/\/litteraturbanken.se\/ljudochbild\/verket\/#breadcrumb","itemListElement":[{"@type":"ListItem","position":1,"name":"Hem","item":"https:\/\/litteraturbanken.se\/ljudochbild\/"},{"@type":"ListItem","position":2,"name":"Verket \u2013 en podd om klassiker"}]},{"@type":"WebSite","@id":"https:\/\/litteraturbanken.se\/ljudochbild\/#website","url":"https:\/\/litteraturbanken.se\/ljudochbild\/","name":"Ljud & Bild","description":"Ur Litteraturbankens samlingar","potentialAction":[{"@type":"SearchAction","target":{"@type":"EntryPoint","urlTemplate":"https:\/\/litteraturbanken.se\/ljudochbild\/?s={search_term_string}"},"query-input":{"@type":"PropertyValueSpecification","valueRequired":true,"valueName":"search_term_string"}}],"inLanguage":"sv-SE"}]}},"_links":{"self":[{"href":"https:\/\/litteraturbanken.se\/ljudochbild\/wp-json\/wp\/v2\/pages\/5140","targetHints":{"allow":["GET"]}}],"collection":[{"href":"https:\/\/litteraturbanken.se\/ljudochbild\/wp-json\/wp\/v2\/pages"}],"about":[{"href":"https:\/\/litteraturbanken.se\/ljudochbild\/wp-json\/wp\/v2\/types\/page"}],"author":[{"embeddable":true,"href":"https:\/\/litteraturbanken.se\/ljudochbild\/wp-json\/wp\/v2\/users\/5"}],"replies":[{"embeddable":true,"href":"https:\/\/litteraturbanken.se\/ljudochbild\/wp-json\/wp\/v2\/comments?post=5140"}],"version-history":[{"count":90,"href":"https:\/\/litteraturbanken.se\/ljudochbild\/wp-json\/wp\/v2\/pages\/5140\/revisions"}],"predecessor-version":[{"id":12676,"href":"https:\/\/litteraturbanken.se\/ljudochbild\/wp-json\/wp\/v2\/pages\/5140\/revisions\/12676"}],"wp:featuredmedia":[{"embeddable":true,"href":"https:\/\/litteraturbanken.se\/ljudochbild\/wp-json\/wp\/v2\/media\/5192"}],"wp:attachment":[{"href":"https:\/\/litteraturbanken.se\/ljudochbild\/wp-json\/wp\/v2\/media?parent=5140"}],"curies":[{"name":"wp","href":"https:\/\/api.w.org\/{rel}","templated":true}]}}