{"id":5668,"date":"2021-11-02T08:27:58","date_gmt":"2021-11-02T07:27:58","guid":{"rendered":"https:\/\/litteraturbanken.se\/ljudochbild\/?page_id=5668"},"modified":"2024-09-16T14:09:47","modified_gmt":"2024-09-16T12:09:47","slug":"agrella","status":"publish","type":"page","link":"https:\/\/litteraturbanken.se\/ljudochbild\/forfattare\/agrella\/","title":{"rendered":"Alfhild Agrell (1849\u20131923)"},"content":{"rendered":"<div class=\"wp-block-image\">\n<figure class=\"alignright size-large is-resized\"><img loading=\"lazy\" decoding=\"async\" width=\"729\" height=\"1024\" src=\"https:\/\/litteraturbanken.se\/ljudochbild\/wp-content\/uploads\/2021\/10\/agrell_portratt-729x1024.jpg\" alt=\"Alfhild Agrell\" class=\"wp-image-5640\" style=\"width:258px;height:362px\" srcset=\"https:\/\/litteraturbanken.se\/ljudochbild\/wp-content\/uploads\/2021\/10\/agrell_portratt-729x1024.jpg 729w, https:\/\/litteraturbanken.se\/ljudochbild\/wp-content\/uploads\/2021\/10\/agrell_portratt-214x300.jpg 214w, https:\/\/litteraturbanken.se\/ljudochbild\/wp-content\/uploads\/2021\/10\/agrell_portratt-768x1078.jpg 768w, https:\/\/litteraturbanken.se\/ljudochbild\/wp-content\/uploads\/2021\/10\/agrell_portratt-1094x1536.jpg 1094w, https:\/\/litteraturbanken.se\/ljudochbild\/wp-content\/uploads\/2021\/10\/agrell_portratt-480x674.jpg 480w, https:\/\/litteraturbanken.se\/ljudochbild\/wp-content\/uploads\/2021\/10\/agrell_portratt.jpg 1200w\" sizes=\"auto, (max-width: 729px) 100vw, 729px\" \/><\/figure>\n<\/div>\n\n\n<p>\u201dALFHILD AGRELL (1849\u20131923) var en av 1880-talets mest framtr\u00e4dande dramatiker. Hennes dramer, bland vilka s\u00e4rskilt kan n\u00e4mnas <a href=\"https:\/\/litteraturbanken.se\/forfattare\/AgrellA\/titlar\/Raddad\/sida\/3\/faksimil\"><em>R\u00e4ddad<\/em><\/a> (1882), <a href=\"https:\/\/litteraturbanken.se\/forfattare\/AgrellA\/titlar\/Domd\/sida\/1\/faksimil\"><em>D\u00f6md<\/em><\/a>\u00a0(1884) och <a href=\"https:\/\/litteraturbanken.se\/forfattare\/AgrellA\/titlar\/Ensam\/sida\/V\/faksimil\"><em>Ensam<\/em><\/a> (1886) gestaltar tidens mans- och kvinnoroller och hur dessas, till dels p\u00e5tvingade, till dels av vana fasth\u00e5llna, handlingsm\u00f6nster p\u00e5verkar moraliska valsituationer vilka utspelar sig i den borgerliga salongen. Kvinnans situation, i \u00e4ktenskapet, som ensam mor, som frihetst\u00f6rstande belyses med f\u00f6r samtiden typiska, melodramatiska grepp. Agrell f\u00e5r h\u00e4r s\u00e4gas vara p\u00e5verkad av tidens store dramatiker Henrik Ibsen. Hon skrev \u00e4ven novellsamlingar med norrl\u00e4ndska motiv, bland dem den under pseudonymen Stig Stigson publicerade\u00a0<a href=\"https:\/\/litteraturbanken.se\/forfattare\/AgrellA\/titlar\/Nordanfran1898\/sida\/3\/etext\"><em>Nordanfr\u00e5n<\/em><\/a>.\u201d<\/p>\n\n\n\n<p>Stycket ovanf\u00f6r kommer ur Lotta Lotass introduktion av Alfhild Agrell.<\/p>\n\n\n\n<div class=\"wp-block-buttons is-layout-flex wp-block-buttons-is-layout-flex\">\n<div class=\"wp-block-button has-custom-font-size read-more-button\" style=\"font-size:14px\"><a class=\"wp-block-button__link has-white-color has-text-color has-background wp-element-button\" href=\"https:\/\/litteraturbanken.se\/f%C3%B6rfattare\/AgrellA\" style=\"border-radius:0px;background-color:#cd2400\" target=\"_blank\" rel=\"noopener\"><strong>L\u00c4S MER OM ALFHILD AGRELL<\/strong><\/a><\/div>\n\n\n\n<div class=\"wp-block-button has-custom-font-size read-more-button\" style=\"font-size:14px\"><a class=\"wp-block-button__link has-white-color has-text-color has-background wp-element-button\" href=\"https:\/\/litteraturbanken.se\/f%C3%B6rfattare\/AgrellA\/titlar\" style=\"border-radius:0px;background-color:#cd2400\" target=\"_blank\" rel=\"noopener\"><strong>L\u00c4S ALFHILD AGRELLS VERK HOS LB.SE<\/strong><\/a><\/div>\n<\/div>\n\n\n\n<div style=\"height:20px\" aria-hidden=\"true\" class=\"wp-block-spacer\"><\/div>\n\n\n\n<p>I mediespelaren nedanf\u00f6r l\u00e4ser sk\u00e5despelaren <a href=\"https:\/\/litteraturbanken.se\/ljudochbild\/upplasare\/strandberge\/\" target=\"_blank\" rel=\"noreferrer noopener\">Emilie Strandberg<\/a> in novellen <a href=\"https:\/\/litteraturbanken.se\/f%C3%B6rfattare\/KerfstedtA\/titlar\/Synd\/sida\/118\/etext\" target=\"_blank\" rel=\"noreferrer noopener\">\u201dSkymning\u201d<\/a>.<\/p>\n\n\n\n<div class=\"wp-playlist wp-audio-playlist wp-playlist-light\">\n\t\t\t<div class=\"wp-playlist-current-item\"><\/div>\n\t\t<audio controls=\"controls\" preload=\"none\" width=\"618\"\n\t\t\t><\/audio>\n\t<div class=\"wp-playlist-next\"><\/div>\n\t<div class=\"wp-playlist-prev\"><\/div>\n\t<noscript>\n\t<ol>\n\t\t<li><a href='https:\/\/litteraturbanken.se\/ljudochbild\/wp-content\/uploads\/2021\/04\/agrell_skymning_strandberg.mp3'>Skymning<\/a><\/li>\t<\/ol>\n\t<\/noscript>\n\t<script type=\"application\/json\" class=\"wp-playlist-script\">{\"type\":\"audio\",\"tracklist\":true,\"tracknumbers\":true,\"images\":true,\"artists\":true,\"tracks\":[{\"src\":\"https:\/\/litteraturbanken.se\/ljudochbild\/wp-content\/uploads\/2021\/04\/agrell_skymning_strandberg.mp3\",\"type\":\"audio\/mpeg\",\"title\":\"Skymning\",\"caption\":\"\",\"description\":\"\\\"Skymning\\\" fr\\u00e5n Emilie Strandberg l\\u00e4ser \\u201dSynd. Noveller av det moderna genombrottets kvinnor\\u201d av Alfhild Agrell. Sl\\u00e4ppt: 2021.\",\"meta\":{\"artist\":\"Emilie Strandberg l\\u00e4ser Synd. Noveller av det moderna genombrottets kvinnor\",\"album\":\"Alfhild Agrell\",\"year\":\"2021\",\"length_formatted\":\"17:34\"},\"image\":{\"src\":\"https:\/\/litteraturbanken.se\/ljudochbild\/wp-content\/uploads\/2021\/02\/lb_albumart.png\",\"width\":580,\"height\":612},\"thumb\":{\"src\":\"https:\/\/litteraturbanken.se\/ljudochbild\/wp-content\/uploads\/2021\/02\/lb_albumart-150x150.png\",\"width\":150,\"height\":150}}]}<\/script>\n<\/div>\n\t\n\n\n\n<div style=\"height:14px\" aria-hidden=\"true\" class=\"wp-block-spacer\"><\/div>\n\n\n\n<hr>\n\n\n\n<p><em>Fotografiet ovanf\u00f6r, taget av Valentin Wolfenstein, har vi l\u00e5nat av <a href=\"https:\/\/www.alvin-portal.org\/alvin\/imageViewer.jsf?dsId=ATTACHMENT-0001&amp;pid=alvin-record:97685\" target=\"_blank\" rel=\"noreferrer noopener\">Uppsala universitetsbibliotek<\/a>. <\/em><\/p>\n\n\n\n<div class=\"wp-block-group\"><div class=\"wp-block-group__inner-container is-layout-flow wp-block-group-is-layout-flow\"><h3 class=\"wp-block-heading author-related-title\">L\u00e4s mer<\/h3>\r\n<div class=\"display-posts-listing grid\"><div class=\"listing-item\"><a class=\"image\" href=\"https:\/\/litteraturbanken.se\/ljudochbild\/2021\/10\/28\/alfhild-agrell-portrattbilder\/\"><img loading=\"lazy\" decoding=\"async\" width=\"640\" height=\"947\" src=\"https:\/\/litteraturbanken.se\/ljudochbild\/wp-content\/uploads\/2021\/10\/agrell_kollage1-692x1024.jpg\" class=\"attachment-large size-large wp-post-image\" alt=\"Alfhild Agrell, kollage\" srcset=\"https:\/\/litteraturbanken.se\/ljudochbild\/wp-content\/uploads\/2021\/10\/agrell_kollage1-692x1024.jpg 692w, https:\/\/litteraturbanken.se\/ljudochbild\/wp-content\/uploads\/2021\/10\/agrell_kollage1-203x300.jpg 203w, https:\/\/litteraturbanken.se\/ljudochbild\/wp-content\/uploads\/2021\/10\/agrell_kollage1-768x1137.jpg 768w, https:\/\/litteraturbanken.se\/ljudochbild\/wp-content\/uploads\/2021\/10\/agrell_kollage1-1037x1536.jpg 1037w, https:\/\/litteraturbanken.se\/ljudochbild\/wp-content\/uploads\/2021\/10\/agrell_kollage1-480x711.jpg 480w, https:\/\/litteraturbanken.se\/ljudochbild\/wp-content\/uploads\/2021\/10\/agrell_kollage1.jpg 1200w\" sizes=\"auto, (max-width: 640px) 100vw, 640px\" \/><\/a> <a class=\"title\" href=\"https:\/\/litteraturbanken.se\/ljudochbild\/2021\/10\/28\/alfhild-agrell-portrattbilder\/\">Alfhild Agrells portr\u00e4tt<\/a><\/div><div class=\"listing-item\"><a class=\"image\" href=\"https:\/\/litteraturbanken.se\/ljudochbild\/2019\/09\/22\/poetiska-konjunkturer\/\"><img loading=\"lazy\" decoding=\"async\" width=\"640\" height=\"960\" src=\"https:\/\/litteraturbanken.se\/ljudochbild\/wp-content\/uploads\/2019\/09\/spel_12.jpg\" class=\"attachment-large size-large wp-post-image\" alt=\"\" srcset=\"https:\/\/litteraturbanken.se\/ljudochbild\/wp-content\/uploads\/2019\/09\/spel_12.jpg 652w, https:\/\/litteraturbanken.se\/ljudochbild\/wp-content\/uploads\/2019\/09\/spel_12-200x300.jpg 200w, https:\/\/litteraturbanken.se\/ljudochbild\/wp-content\/uploads\/2019\/09\/spel_12-480x720.jpg 480w\" sizes=\"auto, (max-width: 640px) 100vw, 640px\" \/><\/a> <a class=\"title\" href=\"https:\/\/litteraturbanken.se\/ljudochbild\/2019\/09\/22\/poetiska-konjunkturer\/\">Poetiska konjunkturer<\/a><\/div><\/div>\r\n\r\n\n<\/div><\/div>\n","protected":false},"excerpt":{"rendered":"<p>\u201dALFHILD AGRELL (1849\u20131923) var en av 1880-talets mest framtr\u00e4dande dramatiker. Hennes dramer, bland vilka s\u00e4rskilt kan n\u00e4mnas R\u00e4ddad (1882), D\u00f6md\u00a0(1884) och Ensam (1886) gestaltar tidens mans- och kvinnoroller och hur dessas, till dels p\u00e5tvingade, till dels av vana [&hellip;]<\/p>\n","protected":false},"author":5,"featured_media":5640,"parent":7,"menu_order":0,"comment_status":"closed","ping_status":"closed","template":"","meta":{"footnotes":""},"class_list":["post-5668","page","type-page","status-publish","has-post-thumbnail","hentry"],"yoast_head":"<!-- This site is optimized with the Yoast SEO plugin v27.1.1 - https:\/\/yoast.com\/product\/yoast-seo-wordpress\/ -->\n<title>Alfhild Agrell (1849\u20131923) - Ljud &amp; Bild<\/title>\n<meta name=\"description\" content=\"Alfhild Agrell var en av 1880-talets mest framtr\u00e4dande dramatiker. Hennes dramer, bland vilka s\u00e4rskilt kan n\u00e4mnas R\u00e4ddad, D\u00f6md och Ensam.\" \/>\n<meta name=\"robots\" content=\"index, follow, max-snippet:-1, max-image-preview:large, max-video-preview:-1\" \/>\n<link rel=\"canonical\" href=\"https:\/\/litteraturbanken.se\/ljudochbild\/forfattare\/agrella\/\" \/>\n<meta property=\"og:locale\" content=\"sv_SE\" \/>\n<meta property=\"og:type\" content=\"article\" \/>\n<meta property=\"og:title\" content=\"Alfhild Agrell (1849\u20131923) - Ljud &amp; Bild\" \/>\n<meta property=\"og:description\" content=\"Alfhild Agrell var en av 1880-talets mest framtr\u00e4dande dramatiker. Hennes dramer, bland vilka s\u00e4rskilt kan n\u00e4mnas R\u00e4ddad, D\u00f6md och Ensam.\" \/>\n<meta property=\"og:url\" content=\"https:\/\/litteraturbanken.se\/ljudochbild\/forfattare\/agrella\/\" \/>\n<meta property=\"og:site_name\" content=\"Ljud &amp; Bild\" \/>\n<meta property=\"article:publisher\" content=\"https:\/\/www.facebook.com\/Litteraturbanken.se\" \/>\n<meta property=\"article:modified_time\" content=\"2024-09-16T12:09:47+00:00\" \/>\n<meta property=\"og:image\" content=\"https:\/\/litteraturbanken.se\/ljudochbild\/wp-content\/uploads\/2021\/10\/agrell_portratt.jpg\" \/>\n\t<meta property=\"og:image:width\" content=\"1200\" \/>\n\t<meta property=\"og:image:height\" content=\"1685\" \/>\n\t<meta property=\"og:image:type\" content=\"image\/jpeg\" \/>\n<meta name=\"twitter:card\" content=\"summary_large_image\" \/>\n<meta name=\"twitter:site\" content=\"@litteraturbank\" \/>\n<meta name=\"twitter:label1\" content=\"Ber\u00e4knad l\u00e4stid\" \/>\n\t<meta name=\"twitter:data1\" content=\"2 minuter\" \/>\n<script type=\"application\/ld+json\" class=\"yoast-schema-graph\">{\"@context\":\"https:\/\/schema.org\",\"@graph\":[{\"@type\":\"WebPage\",\"@id\":\"https:\/\/litteraturbanken.se\/ljudochbild\/forfattare\/agrella\/\",\"url\":\"https:\/\/litteraturbanken.se\/ljudochbild\/forfattare\/agrella\/\",\"name\":\"Alfhild Agrell (1849\u20131923) - Ljud &amp; Bild\",\"isPartOf\":{\"@id\":\"https:\/\/litteraturbanken.se\/ljudochbild\/#website\"},\"primaryImageOfPage\":{\"@id\":\"https:\/\/litteraturbanken.se\/ljudochbild\/forfattare\/agrella\/#primaryimage\"},\"image\":{\"@id\":\"https:\/\/litteraturbanken.se\/ljudochbild\/forfattare\/agrella\/#primaryimage\"},\"thumbnailUrl\":\"https:\/\/litteraturbanken.se\/ljudochbild\/wp-content\/uploads\/2021\/10\/agrell_portratt.jpg\",\"datePublished\":\"2021-11-02T07:27:58+00:00\",\"dateModified\":\"2024-09-16T12:09:47+00:00\",\"description\":\"Alfhild Agrell var en av 1880-talets mest framtr\u00e4dande dramatiker. Hennes dramer, bland vilka s\u00e4rskilt kan n\u00e4mnas R\u00e4ddad, D\u00f6md och Ensam.\",\"breadcrumb\":{\"@id\":\"https:\/\/litteraturbanken.se\/ljudochbild\/forfattare\/agrella\/#breadcrumb\"},\"inLanguage\":\"sv-SE\",\"potentialAction\":[{\"@type\":\"ReadAction\",\"target\":[\"https:\/\/litteraturbanken.se\/ljudochbild\/forfattare\/agrella\/\"]}]},{\"@type\":\"ImageObject\",\"inLanguage\":\"sv-SE\",\"@id\":\"https:\/\/litteraturbanken.se\/ljudochbild\/forfattare\/agrella\/#primaryimage\",\"url\":\"https:\/\/litteraturbanken.se\/ljudochbild\/wp-content\/uploads\/2021\/10\/agrell_portratt.jpg\",\"contentUrl\":\"https:\/\/litteraturbanken.se\/ljudochbild\/wp-content\/uploads\/2021\/10\/agrell_portratt.jpg\",\"width\":1200,\"height\":1685,\"caption\":\"Alfhild Agrell\"},{\"@type\":\"BreadcrumbList\",\"@id\":\"https:\/\/litteraturbanken.se\/ljudochbild\/forfattare\/agrella\/#breadcrumb\",\"itemListElement\":[{\"@type\":\"ListItem\",\"position\":1,\"name\":\"Hem\",\"item\":\"https:\/\/litteraturbanken.se\/ljudochbild\/\"},{\"@type\":\"ListItem\",\"position\":2,\"name\":\"F\u00f6rfattare\",\"item\":\"https:\/\/litteraturbanken.se\/ljudochbild\/forfattare\/\"},{\"@type\":\"ListItem\",\"position\":3,\"name\":\"Alfhild Agrell (1849\u20131923)\"}]},{\"@type\":\"WebSite\",\"@id\":\"https:\/\/litteraturbanken.se\/ljudochbild\/#website\",\"url\":\"https:\/\/litteraturbanken.se\/ljudochbild\/\",\"name\":\"Ljud & Bild\",\"description\":\"Ur Litteraturbankens samlingar\",\"potentialAction\":[{\"@type\":\"SearchAction\",\"target\":{\"@type\":\"EntryPoint\",\"urlTemplate\":\"https:\/\/litteraturbanken.se\/ljudochbild\/?s={search_term_string}\"},\"query-input\":{\"@type\":\"PropertyValueSpecification\",\"valueRequired\":true,\"valueName\":\"search_term_string\"}}],\"inLanguage\":\"sv-SE\"}]}<\/script>\n<!-- \/ Yoast SEO plugin. -->","yoast_head_json":{"title":"Alfhild Agrell (1849\u20131923) - Ljud &amp; Bild","description":"Alfhild Agrell var en av 1880-talets mest framtr\u00e4dande dramatiker. Hennes dramer, bland vilka s\u00e4rskilt kan n\u00e4mnas R\u00e4ddad, D\u00f6md och Ensam.","robots":{"index":"index","follow":"follow","max-snippet":"max-snippet:-1","max-image-preview":"max-image-preview:large","max-video-preview":"max-video-preview:-1"},"canonical":"https:\/\/litteraturbanken.se\/ljudochbild\/forfattare\/agrella\/","og_locale":"sv_SE","og_type":"article","og_title":"Alfhild Agrell (1849\u20131923) - Ljud &amp; Bild","og_description":"Alfhild Agrell var en av 1880-talets mest framtr\u00e4dande dramatiker. Hennes dramer, bland vilka s\u00e4rskilt kan n\u00e4mnas R\u00e4ddad, D\u00f6md och Ensam.","og_url":"https:\/\/litteraturbanken.se\/ljudochbild\/forfattare\/agrella\/","og_site_name":"Ljud &amp; Bild","article_publisher":"https:\/\/www.facebook.com\/Litteraturbanken.se","article_modified_time":"2024-09-16T12:09:47+00:00","og_image":[{"width":1200,"height":1685,"url":"https:\/\/litteraturbanken.se\/ljudochbild\/wp-content\/uploads\/2021\/10\/agrell_portratt.jpg","type":"image\/jpeg"}],"twitter_card":"summary_large_image","twitter_site":"@litteraturbank","twitter_misc":{"Ber\u00e4knad l\u00e4stid":"2 minuter"},"schema":{"@context":"https:\/\/schema.org","@graph":[{"@type":"WebPage","@id":"https:\/\/litteraturbanken.se\/ljudochbild\/forfattare\/agrella\/","url":"https:\/\/litteraturbanken.se\/ljudochbild\/forfattare\/agrella\/","name":"Alfhild Agrell (1849\u20131923) - Ljud &amp; Bild","isPartOf":{"@id":"https:\/\/litteraturbanken.se\/ljudochbild\/#website"},"primaryImageOfPage":{"@id":"https:\/\/litteraturbanken.se\/ljudochbild\/forfattare\/agrella\/#primaryimage"},"image":{"@id":"https:\/\/litteraturbanken.se\/ljudochbild\/forfattare\/agrella\/#primaryimage"},"thumbnailUrl":"https:\/\/litteraturbanken.se\/ljudochbild\/wp-content\/uploads\/2021\/10\/agrell_portratt.jpg","datePublished":"2021-11-02T07:27:58+00:00","dateModified":"2024-09-16T12:09:47+00:00","description":"Alfhild Agrell var en av 1880-talets mest framtr\u00e4dande dramatiker. Hennes dramer, bland vilka s\u00e4rskilt kan n\u00e4mnas R\u00e4ddad, D\u00f6md och Ensam.","breadcrumb":{"@id":"https:\/\/litteraturbanken.se\/ljudochbild\/forfattare\/agrella\/#breadcrumb"},"inLanguage":"sv-SE","potentialAction":[{"@type":"ReadAction","target":["https:\/\/litteraturbanken.se\/ljudochbild\/forfattare\/agrella\/"]}]},{"@type":"ImageObject","inLanguage":"sv-SE","@id":"https:\/\/litteraturbanken.se\/ljudochbild\/forfattare\/agrella\/#primaryimage","url":"https:\/\/litteraturbanken.se\/ljudochbild\/wp-content\/uploads\/2021\/10\/agrell_portratt.jpg","contentUrl":"https:\/\/litteraturbanken.se\/ljudochbild\/wp-content\/uploads\/2021\/10\/agrell_portratt.jpg","width":1200,"height":1685,"caption":"Alfhild Agrell"},{"@type":"BreadcrumbList","@id":"https:\/\/litteraturbanken.se\/ljudochbild\/forfattare\/agrella\/#breadcrumb","itemListElement":[{"@type":"ListItem","position":1,"name":"Hem","item":"https:\/\/litteraturbanken.se\/ljudochbild\/"},{"@type":"ListItem","position":2,"name":"F\u00f6rfattare","item":"https:\/\/litteraturbanken.se\/ljudochbild\/forfattare\/"},{"@type":"ListItem","position":3,"name":"Alfhild Agrell (1849\u20131923)"}]},{"@type":"WebSite","@id":"https:\/\/litteraturbanken.se\/ljudochbild\/#website","url":"https:\/\/litteraturbanken.se\/ljudochbild\/","name":"Ljud & Bild","description":"Ur Litteraturbankens samlingar","potentialAction":[{"@type":"SearchAction","target":{"@type":"EntryPoint","urlTemplate":"https:\/\/litteraturbanken.se\/ljudochbild\/?s={search_term_string}"},"query-input":{"@type":"PropertyValueSpecification","valueRequired":true,"valueName":"search_term_string"}}],"inLanguage":"sv-SE"}]}},"_links":{"self":[{"href":"https:\/\/litteraturbanken.se\/ljudochbild\/wp-json\/wp\/v2\/pages\/5668","targetHints":{"allow":["GET"]}}],"collection":[{"href":"https:\/\/litteraturbanken.se\/ljudochbild\/wp-json\/wp\/v2\/pages"}],"about":[{"href":"https:\/\/litteraturbanken.se\/ljudochbild\/wp-json\/wp\/v2\/types\/page"}],"author":[{"embeddable":true,"href":"https:\/\/litteraturbanken.se\/ljudochbild\/wp-json\/wp\/v2\/users\/5"}],"replies":[{"embeddable":true,"href":"https:\/\/litteraturbanken.se\/ljudochbild\/wp-json\/wp\/v2\/comments?post=5668"}],"version-history":[{"count":16,"href":"https:\/\/litteraturbanken.se\/ljudochbild\/wp-json\/wp\/v2\/pages\/5668\/revisions"}],"predecessor-version":[{"id":12013,"href":"https:\/\/litteraturbanken.se\/ljudochbild\/wp-json\/wp\/v2\/pages\/5668\/revisions\/12013"}],"up":[{"embeddable":true,"href":"https:\/\/litteraturbanken.se\/ljudochbild\/wp-json\/wp\/v2\/pages\/7"}],"wp:featuredmedia":[{"embeddable":true,"href":"https:\/\/litteraturbanken.se\/ljudochbild\/wp-json\/wp\/v2\/media\/5640"}],"wp:attachment":[{"href":"https:\/\/litteraturbanken.se\/ljudochbild\/wp-json\/wp\/v2\/media?parent=5668"}],"curies":[{"name":"wp","href":"https:\/\/api.w.org\/{rel}","templated":true}]}}