{"id":577,"date":"2019-08-12T11:17:21","date_gmt":"2019-08-12T09:17:21","guid":{"rendered":"http:\/\/ordfabriken.org\/ljud\/?page_id=577"},"modified":"2024-03-18T16:11:50","modified_gmt":"2024-03-18T15:11:50","slug":"schiefauerj","status":"publish","type":"page","link":"https:\/\/litteraturbanken.se\/ljudochbild\/upplasare\/schiefauerj\/","title":{"rendered":"Jessica Schiefauer"},"content":{"rendered":"<div class=\"wp-block-image\">\n<figure class=\"alignright\"><img loading=\"lazy\" decoding=\"async\" width=\"209\" height=\"300\" src=\"https:\/\/litteraturbanken.se\/ljudochbild\/wp-content\/uploads\/2019\/09\/jessica-209x300.png\" alt=\"\" class=\"wp-image-1501\" srcset=\"https:\/\/litteraturbanken.se\/ljudochbild\/wp-content\/uploads\/2019\/09\/jessica-209x300.png 209w, https:\/\/litteraturbanken.se\/ljudochbild\/wp-content\/uploads\/2019\/09\/jessica-768x1103.png 768w, https:\/\/litteraturbanken.se\/ljudochbild\/wp-content\/uploads\/2019\/09\/jessica-713x1024.png 713w, https:\/\/litteraturbanken.se\/ljudochbild\/wp-content\/uploads\/2019\/09\/jessica-480x690.png 480w, https:\/\/litteraturbanken.se\/ljudochbild\/wp-content\/uploads\/2019\/09\/jessica.png 1186w\" sizes=\"auto, (max-width: 209px) 100vw, 209px\" \/><figcaption class=\"wp-element-caption\"><em>Fotografi: Cebastian V\u00e4hi<\/em>.<\/figcaption><\/figure>\n<\/div>\n\n\n<p>Antologin \u201dIn my solitude och andra noveller\u201d, som st\u00e4llts samman av Cai Alfredson och Th\u00e9r\u00e8se Hagedorn-Oskarsson, kan du <a href=\"https:\/\/litteraturbanken.se\/forfattare\/AlfredsonC\/titlar\/InMySolitude\/sida\/1\/etext?om-boken\">ladda ner och l\u00e4sa<\/a> hos Litteraturbanken.se. Men h\u00e4r kan du dessutom <em>lyssna<\/em> till novellerna \u2013 inl\u00e4sta av f\u00f6rfattaren Jessica Schiefauer. I samlingen ing\u00e5r noveller av <a href=\"https:\/\/litteraturbanken.se\/f%C3%B6rfattare\/NeanderE\" target=\"_blank\" rel=\"noreferrer noopener\">Eva Neander<\/a>, <a href=\"https:\/\/litteraturbanken.se\/f%C3%B6rfattare\/S%C3%B6derbergH\" target=\"_blank\" rel=\"noreferrer noopener\">Hjalmar S\u00f6derberg<\/a>, <a href=\"https:\/\/litteraturbanken.se\/f%C3%B6rfattare\/BoyeK\" target=\"_blank\" rel=\"noreferrer noopener\">Karin Boye<\/a>, <a href=\"https:\/\/litteraturbanken.se\/f%C3%B6rfattare\/NyblomH\" target=\"_blank\" rel=\"noreferrer noopener\">Helena Nyblom<\/a>, <a href=\"https:\/\/litteraturbanken.se\/f%C3%B6rfattare\/Lagerl%C3%B6fS\" target=\"_blank\" rel=\"noreferrer noopener\">Selma Lagerl\u00f6f<\/a>, <a href=\"https:\/\/litteraturbanken.se\/f%C3%B6rfattare\/AnderssonD\" target=\"_blank\" rel=\"noreferrer noopener\">Dan Andersson<\/a>, <a href=\"https:\/\/litteraturbanken.se\/f%C3%B6rfattare\/StrindbergA\" target=\"_blank\" rel=\"noreferrer noopener\">August Strindberg<\/a>, <a href=\"https:\/\/litteraturbanken.se\/f%C3%B6rfattare\/ParlandH\" target=\"_blank\" rel=\"noreferrer noopener\">Henry Parland<\/a>, <a href=\"https:\/\/litteraturbanken.se\/f%C3%B6rfattare\/Lo-JohanssonI\" target=\"_blank\" rel=\"noreferrer noopener\">Ivar Lo-Johansson<\/a> och <a href=\"https:\/\/litteraturbanken.se\/f%C3%B6rfattare\/BenedictssonV\" target=\"_blank\" rel=\"noreferrer noopener\">Victoria Benedictsson<\/a>.<\/p>\n\n\n\n<div class=\"wp-playlist wp-audio-playlist wp-playlist-light\">\n\t\t\t<div class=\"wp-playlist-current-item\"><\/div>\n\t\t<audio controls=\"controls\" preload=\"none\" width=\"618\"\n\t\t\t><\/audio>\n\t<div class=\"wp-playlist-next\"><\/div>\n\t<div class=\"wp-playlist-prev\"><\/div>\n\t<noscript>\n\t<ol>\n\t\t<li><a href='https:\/\/litteraturbanken.se\/ljudochbild\/wp-content\/uploads\/2019\/09\/soderberg_kyssen_schiefauer.mp3'>Kyssen<\/a><\/li><li><a href='https:\/\/litteraturbanken.se\/ljudochbild\/wp-content\/uploads\/2019\/09\/neander_inmysolitude_schiefauer.mp3'>In my solitude<\/a><\/li><li><a href='https:\/\/litteraturbanken.se\/ljudochbild\/wp-content\/uploads\/2019\/09\/andersson_evighetsmaskinen_schiefauer.mp3'>Evighetsmaskinen<\/a><\/li><li><a href='https:\/\/litteraturbanken.se\/ljudochbild\/wp-content\/uploads\/2019\/10\/boye_forfoljaren_schiefauer.mp3'>F\u00f6rf\u00f6ljaren<\/a><\/li><li><a href='https:\/\/litteraturbanken.se\/ljudochbild\/wp-content\/uploads\/2019\/09\/lojohansson_abroddochlilja_schiefauer.mp3'>\u00c5brodd och lilja<\/a><\/li><li><a href='https:\/\/litteraturbanken.se\/ljudochbild\/wp-content\/uploads\/2019\/09\/benedictsson_urmorkret_schiefauer.mp3'>Ur m\u00f6rkret<\/a><\/li><li><a href='https:\/\/litteraturbanken.se\/ljudochbild\/wp-content\/uploads\/2019\/09\/lagerlof_dendodsdomde_schiefauer.mp3'>Den d\u00f6dsd\u00f6mde<\/a><\/li><li><a href='https:\/\/litteraturbanken.se\/ljudochbild\/wp-content\/uploads\/2019\/09\/strindberg_sjusovaren_schiefauer.mp3'>Sjusovaren<\/a><\/li><li><a href='https:\/\/litteraturbanken.se\/ljudochbild\/wp-content\/uploads\/2019\/09\/nyblom_skonhetenochodjuret_schiefauer.mp3'>Sk\u00f6nheten och odjuret<\/a><\/li><li><a href='https:\/\/litteraturbanken.se\/ljudochbild\/wp-content\/uploads\/2019\/09\/parland_dodensstjarna_schiefauer.mp3'>D\u00f6dens stj\u00e4rna<\/a><\/li>\t<\/ol>\n\t<\/noscript>\n\t<script type=\"application\/json\" class=\"wp-playlist-script\">{\"type\":\"audio\",\"tracklist\":true,\"tracknumbers\":true,\"images\":true,\"artists\":true,\"tracks\":[{\"src\":\"https:\/\/litteraturbanken.se\/ljudochbild\/wp-content\/uploads\/2019\/09\/soderberg_kyssen_schiefauer.mp3\",\"type\":\"audio\/mpeg\",\"title\":\"Kyssen\",\"caption\":\"\",\"description\":\"\\\"Kyssen\\\" fr\\u00e5n Jessica Schiefauer l\\u00e4ser \\u201dIn my solitude\\u201d av S\\u00f6derberg, Hjalmar. Sl\\u00e4ppt: 2019. Sp\\u00e5r 1 av 10.\",\"meta\":{\"artist\":\"Jessica Schiefauer l\\u00e4ser Hjalmar S\\u00f6derberg\",\"album\":\"Hjalmar S\\u00f6derberg\",\"year\":\"2019\",\"length_formatted\":\"5:12\"},\"image\":{\"src\":\"https:\/\/litteraturbanken.se\/ljudochbild\/wp-content\/plugins\/media-library-assistant\/images\/crystal\/audio.png\",\"width\":48,\"height\":64},\"thumb\":{\"src\":\"https:\/\/litteraturbanken.se\/ljudochbild\/wp-content\/plugins\/media-library-assistant\/images\/crystal\/audio.png\",\"width\":48,\"height\":64}},{\"src\":\"https:\/\/litteraturbanken.se\/ljudochbild\/wp-content\/uploads\/2019\/09\/neander_inmysolitude_schiefauer.mp3\",\"type\":\"audio\/mpeg\",\"title\":\"In my solitude\",\"caption\":\"\",\"description\":\"\\\"In my solitude\\\" fr\\u00e5n Jessica Schiefauer l\\u00e4ser \\u201dIn my solitude\\u201d av Neander, Eva. Sl\\u00e4ppt: 2019. Sp\\u00e5r 2 av 10.\",\"meta\":{\"artist\":\"Jessica Schiefauer l\\u00e4ser Eva Neander\",\"album\":\"Eva Neander\",\"year\":\"2019\",\"length_formatted\":\"12:17\"},\"image\":{\"src\":\"https:\/\/litteraturbanken.se\/ljudochbild\/wp-content\/plugins\/media-library-assistant\/images\/crystal\/audio.png\",\"width\":48,\"height\":64},\"thumb\":{\"src\":\"https:\/\/litteraturbanken.se\/ljudochbild\/wp-content\/plugins\/media-library-assistant\/images\/crystal\/audio.png\",\"width\":48,\"height\":64}},{\"src\":\"https:\/\/litteraturbanken.se\/ljudochbild\/wp-content\/uploads\/2019\/09\/andersson_evighetsmaskinen_schiefauer.mp3\",\"type\":\"audio\/mpeg\",\"title\":\"Evighetsmaskinen\",\"caption\":\"\",\"description\":\"\\\"Evighetsmaskinen\\\" fr\\u00e5n Jessica Schiefauer l\\u00e4ser \\u201dIn my solitude\\u201d av Andersson, Dan. Sl\\u00e4ppt: 2019. Sp\\u00e5r 3 av 10.\",\"meta\":{\"artist\":\"Jessica Schiefauer l\\u00e4ser Dan Andersson\",\"album\":\"Dan Andersson\",\"year\":\"2019\",\"length_formatted\":\"17:04\"},\"image\":{\"src\":\"https:\/\/litteraturbanken.se\/ljudochbild\/wp-content\/plugins\/media-library-assistant\/images\/crystal\/audio.png\",\"width\":48,\"height\":64},\"thumb\":{\"src\":\"https:\/\/litteraturbanken.se\/ljudochbild\/wp-content\/plugins\/media-library-assistant\/images\/crystal\/audio.png\",\"width\":48,\"height\":64}},{\"src\":\"https:\/\/litteraturbanken.se\/ljudochbild\/wp-content\/uploads\/2019\/10\/boye_forfoljaren_schiefauer.mp3\",\"type\":\"audio\/mpeg\",\"title\":\"F\\u00f6rf\\u00f6ljaren\",\"caption\":\"\",\"description\":\"\\\"F\\u00f6rf\\u00f6ljaren\\\" fr\\u00e5n Jessica Schiefauer l\\u00e4ser \\u201dIn my solitude\\u201d av Boye, Karin. Sl\\u00e4ppt: 2019. Sp\\u00e5r 4 av 10.\",\"meta\":{\"artist\":\"Jessica Schiefauer l\\u00e4ser Karin Boye\",\"album\":\"Karin Boye\",\"year\":\"2019\",\"length_formatted\":\"20:44\"},\"image\":{\"src\":\"https:\/\/litteraturbanken.se\/ljudochbild\/wp-content\/uploads\/2019\/09\/wide_gub_wide-mp3-image.png\",\"width\":580,\"height\":612},\"thumb\":{\"src\":\"https:\/\/litteraturbanken.se\/ljudochbild\/wp-content\/uploads\/2019\/09\/wide_gub_wide-mp3-image-150x150.png\",\"width\":150,\"height\":150}},{\"src\":\"https:\/\/litteraturbanken.se\/ljudochbild\/wp-content\/uploads\/2019\/09\/lojohansson_abroddochlilja_schiefauer.mp3\",\"type\":\"audio\/mpeg\",\"title\":\"\\u00c5brodd och lilja\",\"caption\":\"\",\"description\":\"\\\"\\u00c5brodd och lilja\\\" fr\\u00e5n Jessica Schiefauer l\\u00e4ser \\u201dIn my solitude\\u201d av Lo-Johansson, Ivar. Sl\\u00e4ppt: 2019. Sp\\u00e5r 5 av 10.\",\"meta\":{\"artist\":\"Jessica Schiefauer l\\u00e4ser Ivar Lo-Johansson\",\"album\":\"Ivar Lo-Johansson\",\"year\":\"2019\",\"length_formatted\":\"10:54\"},\"image\":{\"src\":\"https:\/\/litteraturbanken.se\/ljudochbild\/wp-content\/uploads\/2019\/09\/lb_albumart.png\",\"width\":580,\"height\":612},\"thumb\":{\"src\":\"https:\/\/litteraturbanken.se\/ljudochbild\/wp-content\/uploads\/2019\/09\/lb_albumart-150x150.png\",\"width\":150,\"height\":150}},{\"src\":\"https:\/\/litteraturbanken.se\/ljudochbild\/wp-content\/uploads\/2019\/09\/benedictsson_urmorkret_schiefauer.mp3\",\"type\":\"audio\/mpeg\",\"title\":\"Ur m\\u00f6rkret\",\"caption\":\"\",\"description\":\"\\\"Ur m\\u00f6rkret\\\" fr\\u00e5n Jessica Schiefauer l\\u00e4ser \\u201dIn my solitude\\u201d av Benedictsson, Victoria. Sl\\u00e4ppt: 2019. Sp\\u00e5r 6 av 10.\",\"meta\":{\"artist\":\"Jessica Schiefauer l\\u00e4ser Victoria Benedictsson\",\"album\":\"Victoria Benedictsson\",\"year\":\"2019\",\"length_formatted\":\"27:32\"},\"image\":{\"src\":\"https:\/\/litteraturbanken.se\/ljudochbild\/wp-content\/plugins\/media-library-assistant\/images\/crystal\/audio.png\",\"width\":48,\"height\":64},\"thumb\":{\"src\":\"https:\/\/litteraturbanken.se\/ljudochbild\/wp-content\/plugins\/media-library-assistant\/images\/crystal\/audio.png\",\"width\":48,\"height\":64}},{\"src\":\"https:\/\/litteraturbanken.se\/ljudochbild\/wp-content\/uploads\/2019\/09\/lagerlof_dendodsdomde_schiefauer.mp3\",\"type\":\"audio\/mpeg\",\"title\":\"Den d\\u00f6dsd\\u00f6mde\",\"caption\":\"\",\"description\":\"\\\"Den d\\u00f6dsd\\u00f6mde\\\" fr\\u00e5n Jessica Schiefauer l\\u00e4ser \\u201dIn my solitude\\u201d av Lagerl\\u00f6f, Selma. Sl\\u00e4ppt: 2019. Sp\\u00e5r 7 av 10.\",\"meta\":{\"artist\":\"Jessica Schiefauer l\\u00e4ser Selma Lagerl\\u00f6f\",\"album\":\"Selma Lagerl\\u00f6f\",\"year\":\"2019\",\"length_formatted\":\"16:46\"},\"image\":{\"src\":\"https:\/\/litteraturbanken.se\/ljudochbild\/wp-content\/plugins\/media-library-assistant\/images\/crystal\/audio.png\",\"width\":48,\"height\":64},\"thumb\":{\"src\":\"https:\/\/litteraturbanken.se\/ljudochbild\/wp-content\/plugins\/media-library-assistant\/images\/crystal\/audio.png\",\"width\":48,\"height\":64}},{\"src\":\"https:\/\/litteraturbanken.se\/ljudochbild\/wp-content\/uploads\/2019\/09\/strindberg_sjusovaren_schiefauer.mp3\",\"type\":\"audio\/mpeg\",\"title\":\"Sjusovaren\",\"caption\":\"\",\"description\":\"\\\"Sjusovaren\\\" fr\\u00e5n Jessica Schiefauer l\\u00e4ser \\u201dIn my solitude\\u201d av Strindberg, August. Sl\\u00e4ppt: 2019. Sp\\u00e5r 8 av 10.\",\"meta\":{\"artist\":\"Jessica Schiefauer l\\u00e4ser August Strindberg\",\"album\":\"August Strindberg\"},\"image\":{\"src\":\"https:\/\/litteraturbanken.se\/ljudochbild\/wp-content\/plugins\/media-library-assistant\/images\/crystal\/audio.png\",\"width\":48,\"height\":64},\"thumb\":{\"src\":\"https:\/\/litteraturbanken.se\/ljudochbild\/wp-content\/plugins\/media-library-assistant\/images\/crystal\/audio.png\",\"width\":48,\"height\":64}},{\"src\":\"https:\/\/litteraturbanken.se\/ljudochbild\/wp-content\/uploads\/2019\/09\/nyblom_skonhetenochodjuret_schiefauer.mp3\",\"type\":\"audio\/mpeg\",\"title\":\"Sk\\u00f6nheten och odjuret\",\"caption\":\"\",\"description\":\"\\\"Sk\\u00f6nheten och odjuret\\\" fr\\u00e5n Jessica Schiefauer l\\u00e4ser \\u201dIn my solitude\\u201d av Nyblom, Helena. Sl\\u00e4ppt: 2019. Sp\\u00e5r 9 av 10.\",\"meta\":{\"artist\":\"Jessica Schiefauer l\\u00e4ser Helena Nyblom\",\"album\":\"Helena Nyblom\",\"year\":\"2019\",\"length_formatted\":\"41:36\"},\"image\":{\"src\":\"https:\/\/litteraturbanken.se\/ljudochbild\/wp-content\/plugins\/media-library-assistant\/images\/crystal\/audio.png\",\"width\":48,\"height\":64},\"thumb\":{\"src\":\"https:\/\/litteraturbanken.se\/ljudochbild\/wp-content\/plugins\/media-library-assistant\/images\/crystal\/audio.png\",\"width\":48,\"height\":64}},{\"src\":\"https:\/\/litteraturbanken.se\/ljudochbild\/wp-content\/uploads\/2019\/09\/parland_dodensstjarna_schiefauer.mp3\",\"type\":\"audio\/mpeg\",\"title\":\"D\\u00f6dens stj\\u00e4rna\",\"caption\":\"\",\"description\":\"\\\"D\\u00f6dens stj\\u00e4rna\\\" fr\\u00e5n Jessica Schiefauer l\\u00e4ser \\u201dIn my solitude\\u201d av Parland, Henry. Sl\\u00e4ppt: 2019. Sp\\u00e5r 10 av 10.\",\"meta\":{\"artist\":\"Jessica Schiefauer l\\u00e4ser Henry Parland\",\"album\":\"Henry Parland\"},\"image\":{\"src\":\"https:\/\/litteraturbanken.se\/ljudochbild\/wp-content\/plugins\/media-library-assistant\/images\/crystal\/audio.png\",\"width\":48,\"height\":64},\"thumb\":{\"src\":\"https:\/\/litteraturbanken.se\/ljudochbild\/wp-content\/plugins\/media-library-assistant\/images\/crystal\/audio.png\",\"width\":48,\"height\":64}}]}<\/script>\n<\/div>\n\t\n\n\n<h3 class=\"wp-block-heading author-related-title\">L\u00e4s mer<\/h3>\r\n<div class=\"display-posts-listing grid\"><div class=\"listing-item\"><a class=\"image\" href=\"https:\/\/litteraturbanken.se\/ljudochbild\/2019\/09\/22\/in-my-solitude\/\"><img loading=\"lazy\" decoding=\"async\" width=\"640\" height=\"721\" src=\"https:\/\/litteraturbanken.se\/ljudochbild\/wp-content\/uploads\/2019\/09\/54731070_10157027153919761_2322389121613430784_o-e1568812226118-909x1024.jpg\" class=\"attachment-large size-large wp-post-image\" alt=\"\" srcset=\"https:\/\/litteraturbanken.se\/ljudochbild\/wp-content\/uploads\/2019\/09\/54731070_10157027153919761_2322389121613430784_o-e1568812226118-909x1024.jpg 909w, https:\/\/litteraturbanken.se\/ljudochbild\/wp-content\/uploads\/2019\/09\/54731070_10157027153919761_2322389121613430784_o-e1568812226118-266x300.jpg 266w, https:\/\/litteraturbanken.se\/ljudochbild\/wp-content\/uploads\/2019\/09\/54731070_10157027153919761_2322389121613430784_o-e1568812226118-768x865.jpg 768w, https:\/\/litteraturbanken.se\/ljudochbild\/wp-content\/uploads\/2019\/09\/54731070_10157027153919761_2322389121613430784_o-e1568812226118-480x541.jpg 480w\" sizes=\"auto, (max-width: 640px) 100vw, 640px\" \/><\/a> <a class=\"title\" href=\"https:\/\/litteraturbanken.se\/ljudochbild\/2019\/09\/22\/in-my-solitude\/\">In my solitude<\/a><\/div><div class=\"listing-item\"><a class=\"image\" href=\"https:\/\/litteraturbanken.se\/ljudochbild\/2020\/09\/29\/laslovet-2020\/\"><img loading=\"lazy\" decoding=\"async\" width=\"640\" height=\"819\" src=\"https:\/\/litteraturbanken.se\/ljudochbild\/wp-content\/uploads\/2020\/09\/DP72078_cyan.jpg\" class=\"attachment-large size-large wp-post-image\" alt=\"\" srcset=\"https:\/\/litteraturbanken.se\/ljudochbild\/wp-content\/uploads\/2020\/09\/DP72078_cyan.jpg 700w, https:\/\/litteraturbanken.se\/ljudochbild\/wp-content\/uploads\/2020\/09\/DP72078_cyan-234x300.jpg 234w, https:\/\/litteraturbanken.se\/ljudochbild\/wp-content\/uploads\/2020\/09\/DP72078_cyan-480x614.jpg 480w\" sizes=\"auto, (max-width: 640px) 100vw, 640px\" \/><\/a> <a class=\"title\" href=\"https:\/\/litteraturbanken.se\/ljudochbild\/2020\/09\/29\/laslovet-2020\/\">L\u00e4slovet 2020<\/a><\/div><\/div>\r\n\r\n\n","protected":false},"excerpt":{"rendered":"<p>Antologin \u201dIn my solitude och andra noveller\u201d, som st\u00e4llts samman av Cai Alfredson och Th\u00e9r\u00e8se Hagedorn-Oskarsson, kan du ladda ner och l\u00e4sa hos Litteraturbanken.se. Men h\u00e4r kan du dessutom lyssna till novellerna \u2013 inl\u00e4sta av f\u00f6rfattaren Jessica Schiefauer. [&hellip;]<\/p>\n","protected":false},"author":1,"featured_media":1501,"parent":8,"menu_order":0,"comment_status":"closed","ping_status":"closed","template":"","meta":{"footnotes":""},"class_list":["post-577","page","type-page","status-publish","has-post-thumbnail","hentry"],"yoast_head":"<!-- This site is optimized with the Yoast SEO plugin v27.1.1 - https:\/\/yoast.com\/product\/yoast-seo-wordpress\/ -->\n<title>Jessica Schiefauer - Ljud &amp; Bild<\/title>\n<meta name=\"robots\" content=\"index, follow, max-snippet:-1, max-image-preview:large, max-video-preview:-1\" \/>\n<link rel=\"canonical\" href=\"https:\/\/litteraturbanken.se\/ljudochbild\/upplasare\/schiefauerj\/\" \/>\n<meta property=\"og:locale\" content=\"sv_SE\" \/>\n<meta property=\"og:type\" content=\"article\" \/>\n<meta property=\"og:title\" content=\"Jessica Schiefauer - Ljud &amp; Bild\" \/>\n<meta property=\"og:description\" content=\"Antologin \u201dIn my solitude och andra noveller\u201d, som st\u00e4llts samman av Cai Alfredson och Th\u00e9r\u00e8se Hagedorn-Oskarsson, kan du ladda ner och l\u00e4sa hos Litteraturbanken.se. Men h\u00e4r kan du dessutom lyssna till novellerna \u2013 inl\u00e4sta av f\u00f6rfattaren Jessica Schiefauer. [&hellip;]\" \/>\n<meta property=\"og:url\" content=\"https:\/\/litteraturbanken.se\/ljudochbild\/upplasare\/schiefauerj\/\" \/>\n<meta property=\"og:site_name\" content=\"Ljud &amp; Bild\" \/>\n<meta property=\"article:publisher\" content=\"https:\/\/www.facebook.com\/Litteraturbanken.se\" \/>\n<meta property=\"article:modified_time\" content=\"2024-03-18T15:11:50+00:00\" \/>\n<meta property=\"og:image\" content=\"https:\/\/litteraturbanken.se\/ljudochbild\/wp-content\/uploads\/2019\/09\/jessica.png\" \/>\n\t<meta property=\"og:image:width\" content=\"1186\" \/>\n\t<meta property=\"og:image:height\" content=\"1704\" \/>\n\t<meta property=\"og:image:type\" content=\"image\/png\" \/>\n<meta name=\"twitter:card\" content=\"summary_large_image\" \/>\n<meta name=\"twitter:site\" content=\"@litteraturbank\" \/>\n<meta name=\"twitter:label1\" content=\"Ber\u00e4knad l\u00e4stid\" \/>\n\t<meta name=\"twitter:data1\" content=\"1 minut\" \/>\n<script type=\"application\/ld+json\" class=\"yoast-schema-graph\">{\"@context\":\"https:\/\/schema.org\",\"@graph\":[{\"@type\":\"WebPage\",\"@id\":\"https:\/\/litteraturbanken.se\/ljudochbild\/upplasare\/schiefauerj\/\",\"url\":\"https:\/\/litteraturbanken.se\/ljudochbild\/upplasare\/schiefauerj\/\",\"name\":\"Jessica Schiefauer - Ljud &amp; Bild\",\"isPartOf\":{\"@id\":\"https:\/\/litteraturbanken.se\/ljudochbild\/#website\"},\"primaryImageOfPage\":{\"@id\":\"https:\/\/litteraturbanken.se\/ljudochbild\/upplasare\/schiefauerj\/#primaryimage\"},\"image\":{\"@id\":\"https:\/\/litteraturbanken.se\/ljudochbild\/upplasare\/schiefauerj\/#primaryimage\"},\"thumbnailUrl\":\"https:\/\/litteraturbanken.se\/ljudochbild\/wp-content\/uploads\/2019\/09\/jessica.png\",\"datePublished\":\"2019-08-12T09:17:21+00:00\",\"dateModified\":\"2024-03-18T15:11:50+00:00\",\"breadcrumb\":{\"@id\":\"https:\/\/litteraturbanken.se\/ljudochbild\/upplasare\/schiefauerj\/#breadcrumb\"},\"inLanguage\":\"sv-SE\",\"potentialAction\":[{\"@type\":\"ReadAction\",\"target\":[\"https:\/\/litteraturbanken.se\/ljudochbild\/upplasare\/schiefauerj\/\"]}]},{\"@type\":\"ImageObject\",\"inLanguage\":\"sv-SE\",\"@id\":\"https:\/\/litteraturbanken.se\/ljudochbild\/upplasare\/schiefauerj\/#primaryimage\",\"url\":\"https:\/\/litteraturbanken.se\/ljudochbild\/wp-content\/uploads\/2019\/09\/jessica.png\",\"contentUrl\":\"https:\/\/litteraturbanken.se\/ljudochbild\/wp-content\/uploads\/2019\/09\/jessica.png\",\"width\":1186,\"height\":1704,\"caption\":\"JESSICA SCHIEFAUER\"},{\"@type\":\"BreadcrumbList\",\"@id\":\"https:\/\/litteraturbanken.se\/ljudochbild\/upplasare\/schiefauerj\/#breadcrumb\",\"itemListElement\":[{\"@type\":\"ListItem\",\"position\":1,\"name\":\"Hem\",\"item\":\"https:\/\/litteraturbanken.se\/ljudochbild\/\"},{\"@type\":\"ListItem\",\"position\":2,\"name\":\"Privat: Uppl\u00e4sare\",\"item\":\"https:\/\/litteraturbanken.se\/ljudochbild\/?page_id=8\"},{\"@type\":\"ListItem\",\"position\":3,\"name\":\"Jessica Schiefauer\"}]},{\"@type\":\"WebSite\",\"@id\":\"https:\/\/litteraturbanken.se\/ljudochbild\/#website\",\"url\":\"https:\/\/litteraturbanken.se\/ljudochbild\/\",\"name\":\"Ljud & Bild\",\"description\":\"Ur Litteraturbankens samlingar\",\"potentialAction\":[{\"@type\":\"SearchAction\",\"target\":{\"@type\":\"EntryPoint\",\"urlTemplate\":\"https:\/\/litteraturbanken.se\/ljudochbild\/?s={search_term_string}\"},\"query-input\":{\"@type\":\"PropertyValueSpecification\",\"valueRequired\":true,\"valueName\":\"search_term_string\"}}],\"inLanguage\":\"sv-SE\"}]}<\/script>\n<!-- \/ Yoast SEO plugin. -->","yoast_head_json":{"title":"Jessica Schiefauer - Ljud &amp; Bild","robots":{"index":"index","follow":"follow","max-snippet":"max-snippet:-1","max-image-preview":"max-image-preview:large","max-video-preview":"max-video-preview:-1"},"canonical":"https:\/\/litteraturbanken.se\/ljudochbild\/upplasare\/schiefauerj\/","og_locale":"sv_SE","og_type":"article","og_title":"Jessica Schiefauer - Ljud &amp; Bild","og_description":"Antologin \u201dIn my solitude och andra noveller\u201d, som st\u00e4llts samman av Cai Alfredson och Th\u00e9r\u00e8se Hagedorn-Oskarsson, kan du ladda ner och l\u00e4sa hos Litteraturbanken.se. Men h\u00e4r kan du dessutom lyssna till novellerna \u2013 inl\u00e4sta av f\u00f6rfattaren Jessica Schiefauer. [&hellip;]","og_url":"https:\/\/litteraturbanken.se\/ljudochbild\/upplasare\/schiefauerj\/","og_site_name":"Ljud &amp; Bild","article_publisher":"https:\/\/www.facebook.com\/Litteraturbanken.se","article_modified_time":"2024-03-18T15:11:50+00:00","og_image":[{"width":1186,"height":1704,"url":"https:\/\/litteraturbanken.se\/ljudochbild\/wp-content\/uploads\/2019\/09\/jessica.png","type":"image\/png"}],"twitter_card":"summary_large_image","twitter_site":"@litteraturbank","twitter_misc":{"Ber\u00e4knad l\u00e4stid":"1 minut"},"schema":{"@context":"https:\/\/schema.org","@graph":[{"@type":"WebPage","@id":"https:\/\/litteraturbanken.se\/ljudochbild\/upplasare\/schiefauerj\/","url":"https:\/\/litteraturbanken.se\/ljudochbild\/upplasare\/schiefauerj\/","name":"Jessica Schiefauer - Ljud &amp; Bild","isPartOf":{"@id":"https:\/\/litteraturbanken.se\/ljudochbild\/#website"},"primaryImageOfPage":{"@id":"https:\/\/litteraturbanken.se\/ljudochbild\/upplasare\/schiefauerj\/#primaryimage"},"image":{"@id":"https:\/\/litteraturbanken.se\/ljudochbild\/upplasare\/schiefauerj\/#primaryimage"},"thumbnailUrl":"https:\/\/litteraturbanken.se\/ljudochbild\/wp-content\/uploads\/2019\/09\/jessica.png","datePublished":"2019-08-12T09:17:21+00:00","dateModified":"2024-03-18T15:11:50+00:00","breadcrumb":{"@id":"https:\/\/litteraturbanken.se\/ljudochbild\/upplasare\/schiefauerj\/#breadcrumb"},"inLanguage":"sv-SE","potentialAction":[{"@type":"ReadAction","target":["https:\/\/litteraturbanken.se\/ljudochbild\/upplasare\/schiefauerj\/"]}]},{"@type":"ImageObject","inLanguage":"sv-SE","@id":"https:\/\/litteraturbanken.se\/ljudochbild\/upplasare\/schiefauerj\/#primaryimage","url":"https:\/\/litteraturbanken.se\/ljudochbild\/wp-content\/uploads\/2019\/09\/jessica.png","contentUrl":"https:\/\/litteraturbanken.se\/ljudochbild\/wp-content\/uploads\/2019\/09\/jessica.png","width":1186,"height":1704,"caption":"JESSICA SCHIEFAUER"},{"@type":"BreadcrumbList","@id":"https:\/\/litteraturbanken.se\/ljudochbild\/upplasare\/schiefauerj\/#breadcrumb","itemListElement":[{"@type":"ListItem","position":1,"name":"Hem","item":"https:\/\/litteraturbanken.se\/ljudochbild\/"},{"@type":"ListItem","position":2,"name":"Privat: Uppl\u00e4sare","item":"https:\/\/litteraturbanken.se\/ljudochbild\/?page_id=8"},{"@type":"ListItem","position":3,"name":"Jessica Schiefauer"}]},{"@type":"WebSite","@id":"https:\/\/litteraturbanken.se\/ljudochbild\/#website","url":"https:\/\/litteraturbanken.se\/ljudochbild\/","name":"Ljud & Bild","description":"Ur Litteraturbankens samlingar","potentialAction":[{"@type":"SearchAction","target":{"@type":"EntryPoint","urlTemplate":"https:\/\/litteraturbanken.se\/ljudochbild\/?s={search_term_string}"},"query-input":{"@type":"PropertyValueSpecification","valueRequired":true,"valueName":"search_term_string"}}],"inLanguage":"sv-SE"}]}},"_links":{"self":[{"href":"https:\/\/litteraturbanken.se\/ljudochbild\/wp-json\/wp\/v2\/pages\/577","targetHints":{"allow":["GET"]}}],"collection":[{"href":"https:\/\/litteraturbanken.se\/ljudochbild\/wp-json\/wp\/v2\/pages"}],"about":[{"href":"https:\/\/litteraturbanken.se\/ljudochbild\/wp-json\/wp\/v2\/types\/page"}],"author":[{"embeddable":true,"href":"https:\/\/litteraturbanken.se\/ljudochbild\/wp-json\/wp\/v2\/users\/1"}],"replies":[{"embeddable":true,"href":"https:\/\/litteraturbanken.se\/ljudochbild\/wp-json\/wp\/v2\/comments?post=577"}],"version-history":[{"count":10,"href":"https:\/\/litteraturbanken.se\/ljudochbild\/wp-json\/wp\/v2\/pages\/577\/revisions"}],"predecessor-version":[{"id":11013,"href":"https:\/\/litteraturbanken.se\/ljudochbild\/wp-json\/wp\/v2\/pages\/577\/revisions\/11013"}],"up":[{"embeddable":true,"href":"https:\/\/litteraturbanken.se\/ljudochbild\/wp-json\/wp\/v2\/pages\/8"}],"wp:featuredmedia":[{"embeddable":true,"href":"https:\/\/litteraturbanken.se\/ljudochbild\/wp-json\/wp\/v2\/media\/1501"}],"wp:attachment":[{"href":"https:\/\/litteraturbanken.se\/ljudochbild\/wp-json\/wp\/v2\/media?parent=577"}],"curies":[{"name":"wp","href":"https:\/\/api.w.org\/{rel}","templated":true}]}}