{"id":607,"date":"2019-08-13T13:49:28","date_gmt":"2019-08-13T11:49:28","guid":{"rendered":"http:\/\/ordfabriken.org\/ljud\/?page_id=607"},"modified":"2024-09-16T14:12:16","modified_gmt":"2024-09-16T12:12:16","slug":"almqvistcjl","status":"publish","type":"page","link":"https:\/\/litteraturbanken.se\/ljudochbild\/forfattare\/almqvistcjl\/","title":{"rendered":"C.J.L. Almqvist (1793\u20131866)"},"content":{"rendered":"<div class=\"wp-block-image\">\n<figure class=\"alignright\"><img loading=\"lazy\" decoding=\"async\" width=\"238\" height=\"300\" src=\"https:\/\/litteraturbanken.se\/ljudochbild\/wp-content\/uploads\/2019\/09\/AlmqvistCJL_large-238x300.jpeg\" alt=\"\" class=\"wp-image-992\" srcset=\"https:\/\/litteraturbanken.se\/ljudochbild\/wp-content\/uploads\/2019\/09\/AlmqvistCJL_large-238x300.jpeg 238w, https:\/\/litteraturbanken.se\/ljudochbild\/wp-content\/uploads\/2019\/09\/AlmqvistCJL_large.jpeg 396w\" sizes=\"auto, (max-width: 238px) 100vw, 238px\" \/><\/figure>\n<\/div>\n\n\n<p>\u201dCarl Jonas Love Almqvist \u00e4r kanske den svenska litteraturens mest m\u00e5ngsidige f\u00f6rfattare. Hans f\u00f6rfattarliv omfattade b\u00e5de romantiken och realismen som litter\u00e4ra epoker, och han blev en m\u00e4stare i alla tidens genrer. I sitt f\u00f6rfattarskap var han en svensk motsvarighet till beundrade utl\u00e4ndska storheter som lord Byron, E. T. A. Hoffmann, Victor Hugo, Charles Dickens och Eug\u00e8ne Sue. Almqvist liknade en hel litteratur i en person. F\u00f6r honom fanns inga gr\u00e4nser mellan ber\u00e4ttande, filosofi, estetik och politik. Allt var aspekter p\u00e5 den stora religi\u00f6sa kraft som str\u00f6mmade genom v\u00e4rldsalltet, den k\u00e4rlek som var alltings grund. F\u00f6rtr\u00f6stan p\u00e5 den gjorde honom till sin tids fr\u00e4mste litter\u00e4re upprorsman.\u201d<\/p>\n\n\n\n<p>Stycket ovanf\u00f6r kommer ur Johan Svedjedals presentation om C.J.L. Almqvist.<\/p>\n\n\n\n<div class=\"wp-block-buttons is-layout-flex wp-block-buttons-is-layout-flex\">\n<div class=\"wp-block-button has-custom-font-size read-more-button\" style=\"font-size:14px\"><a class=\"wp-block-button__link has-white-color has-text-color has-background wp-element-button\" href=\"https:\/\/litteraturbanken.se\/forfattare\/AlmqvistCJL\/presentation\" style=\"border-radius:0px;background-color:#cd2400\" target=\"_blank\" rel=\"noopener\"><strong>L\u00c4S MER OM C.J.L. ALMQVIST<\/strong><\/a><\/div>\n\n\n\n<div class=\"wp-block-button has-custom-font-size read-more-button\" style=\"font-size:14px\"><a class=\"wp-block-button__link has-white-color has-text-color has-background wp-element-button\" href=\"https:\/\/litteraturbanken.se\/forfattare\/AlmqvistCJL\/titlar\" style=\"border-radius:0px;background-color:#cd2400\" target=\"_blank\" rel=\"noopener\"><strong>L\u00c4S <strong>C.J.L. ALMQVIS<\/strong>TS VERK HOS LB.SE<\/strong><\/a><\/div>\n<\/div>\n\n\n\n<div style=\"height:20px\" aria-hidden=\"true\" class=\"wp-block-spacer\"><\/div>\n\n\n\n<div class=\"wp-playlist wp-audio-playlist wp-playlist-light\">\n\t\t\t<div class=\"wp-playlist-current-item\"><\/div>\n\t\t<audio controls=\"controls\" preload=\"none\" width=\"618\"\n\t\t\t><\/audio>\n\t<div class=\"wp-playlist-next\"><\/div>\n\t<div class=\"wp-playlist-prev\"><\/div>\n\t<noscript>\n\t<ol>\n\t\t<li><a href='https:\/\/litteraturbanken.se\/ljudochbild\/wp-content\/uploads\/2024\/09\/almqvist_denlyssnandemaria_lindh.mp3'>Den lyssnande Maria<\/a><\/li><li><a href='https:\/\/litteraturbanken.se\/ljudochbild\/wp-content\/uploads\/2024\/09\/almqvist_dugarickeensam_lindh.mp3'>Du g\u00e5r icke ensam<\/a><\/li><li><a href='https:\/\/litteraturbanken.se\/ljudochbild\/wp-content\/uploads\/2019\/09\/almqvist_dugarickeensam_engdahl.mp3'>Du g\u00e5r icke ensam<\/a><\/li><li><a href='https:\/\/litteraturbanken.se\/ljudochbild\/wp-content\/uploads\/2024\/09\/almqvist_hjartatsblomma_roor.mp3'>Hj\u00e4rtats blomma<\/a><\/li><li><a href='https:\/\/litteraturbanken.se\/ljudochbild\/wp-content\/uploads\/2024\/09\/almqvist_haxanikonungcarlstid_nyroos.mp3'>H\u00e4xan i Konung Karls Tid<\/a><\/li><li><a href='https:\/\/litteraturbanken.se\/ljudochbild\/wp-content\/uploads\/2024\/09\/almqvist_mariashapnad_bonnevie.mp3'>Marias h\u00e4pnad<\/a><\/li><li><a href='https:\/\/litteraturbanken.se\/ljudochbild\/wp-content\/uploads\/2024\/09\/almqvist_tintomarassang_klinga.mp3'>Tintomaras s\u00e5ng<\/a><\/li><li><a href='https:\/\/litteraturbanken.se\/ljudochbild\/wp-content\/uploads\/2024\/09\/almqvist_ursesemana_rabaeus.mp3'>Vem \u00e4r v\u00e4l den p\u00e5 jordens vida rymd<\/a><\/li>\t<\/ol>\n\t<\/noscript>\n\t<script type=\"application\/json\" class=\"wp-playlist-script\">{\"type\":\"audio\",\"tracklist\":true,\"tracknumbers\":true,\"images\":true,\"artists\":true,\"tracks\":[{\"src\":\"https:\/\/litteraturbanken.se\/ljudochbild\/wp-content\/uploads\/2024\/09\/almqvist_denlyssnandemaria_lindh.mp3\",\"type\":\"audio\/mpeg\",\"title\":\"Den lyssnande Maria\",\"caption\":\"\",\"description\":\"\\u201dDen lyssnande Maria\\u201d fr\\u00e5n Carl Jonas Love Almqvist sjungen av Ir\\u00e9ne Lindh av Dikt 1593\\u20131939. Svensk och finlandssvensk lyrik i uppl\\u00e4sning av svenska och finlandssvenska sk\\u00e5despelare.\",\"meta\":{\"artist\":\"Irene Lindh framf\\u00f6r Carl Jonas Love Almqvist. Dikt 1593\\u20131939\",\"album\":\"Carl Jonas Love Almqvist\",\"length_formatted\":\"1:57\"},\"image\":{\"src\":\"https:\/\/litteraturbanken.se\/ljudochbild\/wp-content\/uploads\/2024\/09\/almqvist_denlyssnandemaria_lindh-mp3-image.jpg\",\"width\":1200,\"height\":1201},\"thumb\":{\"src\":\"https:\/\/litteraturbanken.se\/ljudochbild\/wp-content\/uploads\/2024\/09\/almqvist_denlyssnandemaria_lindh-mp3-image-150x150.jpg\",\"width\":150,\"height\":150}},{\"src\":\"https:\/\/litteraturbanken.se\/ljudochbild\/wp-content\/uploads\/2024\/09\/almqvist_dugarickeensam_lindh.mp3\",\"type\":\"audio\/mpeg\",\"title\":\"Du g\\u00e5r icke ensam\",\"caption\":\"\",\"description\":\"\\u201dDu g\\u00e5r icke ensam\\u201d fr\\u00e5n Carl Jonas Love Almqvist sjungen av Ir\\u00e9ne Lindh av Dikt 1593\\u20131939. Svensk och finlandssvensk lyrik i uppl\\u00e4sning av svenska och finlandssvenska sk\\u00e5despelare.\",\"meta\":{\"artist\":\"Irene Lindh framf\\u00f6r Carl Jonas Love Almqvist. Dikt 1593\\u20131939\",\"album\":\"Carl Jonas Love Almqvist\",\"length_formatted\":\"1:11\"},\"image\":{\"src\":\"https:\/\/litteraturbanken.se\/ljudochbild\/wp-content\/uploads\/2024\/09\/almqvist_denlyssnandemaria_lindh-mp3-image.jpg\",\"width\":1200,\"height\":1201},\"thumb\":{\"src\":\"https:\/\/litteraturbanken.se\/ljudochbild\/wp-content\/uploads\/2024\/09\/almqvist_denlyssnandemaria_lindh-mp3-image-150x150.jpg\",\"width\":150,\"height\":150}},{\"src\":\"https:\/\/litteraturbanken.se\/ljudochbild\/wp-content\/uploads\/2019\/09\/almqvist_dugarickeensam_engdahl.mp3\",\"type\":\"audio\/mpeg\",\"title\":\"Du g\\u00e5r icke ensam\",\"caption\":\"\",\"description\":\"\\\"Du g\\u00e5r icke ensam\\\" fr\\u00e5n Du g\\u00e5r icke ensam av Almqvist, C. J. L..\",\"meta\":{\"artist\":\"Horace Engdahl l\\u00e4ser C.J.L. Almqvist\",\"album\":\"C.J.L. Almqvist\",\"length_formatted\":\"0:34\"},\"image\":{\"src\":\"https:\/\/litteraturbanken.se\/ljudochbild\/wp-content\/plugins\/media-library-assistant\/images\/crystal\/audio.png\",\"width\":48,\"height\":64},\"thumb\":{\"src\":\"https:\/\/litteraturbanken.se\/ljudochbild\/wp-content\/plugins\/media-library-assistant\/images\/crystal\/audio.png\",\"width\":48,\"height\":64}},{\"src\":\"https:\/\/litteraturbanken.se\/ljudochbild\/wp-content\/uploads\/2024\/09\/almqvist_hjartatsblomma_roor.mp3\",\"type\":\"audio\/mpeg\",\"title\":\"Hj\\u00e4rtats blomma\",\"caption\":\"\",\"description\":\"\\u201dHj\\u00e4rtats blomma\\u201d fr\\u00e5n Carl Jonas Love Almqvist l\\u00e4st av Gunilla R\\u00f6\\u00f6r av Dikt 1593\\u20131939. Svensk och finlandssvensk lyrik i uppl\\u00e4sning av svenska och finlandssvenska sk\\u00e5despelare.\",\"meta\":{\"artist\":\"Gunilla R\\u00f6\\u00f6r l\\u00e4ser Carl Jonas Love Almqvist. Dikt 1593\\u20131939\",\"album\":\"Carl Jonas Love Almqvist\",\"length_formatted\":\"1:17\"},\"image\":{\"src\":\"https:\/\/litteraturbanken.se\/ljudochbild\/wp-content\/uploads\/2024\/09\/almqvist_denlyssnandemaria_lindh-mp3-image.jpg\",\"width\":1200,\"height\":1201},\"thumb\":{\"src\":\"https:\/\/litteraturbanken.se\/ljudochbild\/wp-content\/uploads\/2024\/09\/almqvist_denlyssnandemaria_lindh-mp3-image-150x150.jpg\",\"width\":150,\"height\":150}},{\"src\":\"https:\/\/litteraturbanken.se\/ljudochbild\/wp-content\/uploads\/2024\/09\/almqvist_haxanikonungcarlstid_nyroos.mp3\",\"type\":\"audio\/mpeg\",\"title\":\"H\\u00e4xan i Konung Karls Tid\",\"caption\":\"\",\"description\":\"\\u201dH\\u00e4xan i Konung Karls Tid\\u201d fr\\u00e5n Carl Jonas Love Almqvist l\\u00e4st av Gunilla Nyroos av Dikt 1593\\u20131939. Svensk och finlandssvensk lyrik i uppl\\u00e4sning av svenska och finlandssvenska sk\\u00e5despelare.\",\"meta\":{\"artist\":\"Gunilla Nyroos l\\u00e4ser Carl Jonas Love Almqvist. Dikt 1593\\u20131939\",\"album\":\"Carl Jonas Love Almqvist\",\"length_formatted\":\"1:07\"},\"image\":{\"src\":\"https:\/\/litteraturbanken.se\/ljudochbild\/wp-content\/uploads\/2024\/09\/almqvist_denlyssnandemaria_lindh-mp3-image.jpg\",\"width\":1200,\"height\":1201},\"thumb\":{\"src\":\"https:\/\/litteraturbanken.se\/ljudochbild\/wp-content\/uploads\/2024\/09\/almqvist_denlyssnandemaria_lindh-mp3-image-150x150.jpg\",\"width\":150,\"height\":150}},{\"src\":\"https:\/\/litteraturbanken.se\/ljudochbild\/wp-content\/uploads\/2024\/09\/almqvist_mariashapnad_bonnevie.mp3\",\"type\":\"audio\/mpeg\",\"title\":\"Marias h\\u00e4pnad\",\"caption\":\"\",\"description\":\"\\u201dMarias h\\u00e4pnad\\u201d fr\\u00e5n Carl Jonas Love Almqvist l\\u00e4st av Maria Bonnevie av Dikt 1593\\u20131939. Svensk och finlandssvensk lyrik i uppl\\u00e4sning av svenska och finlandssvenska sk\\u00e5despelare.\",\"meta\":{\"artist\":\"Maria Bonnevie l\\u00e4ser Carl Jonas Love Almqvist. Dikt 1593\\u20131939\",\"album\":\"Carl Jonas Love Almqvist\",\"length_formatted\":\"0:27\"},\"image\":{\"src\":\"https:\/\/litteraturbanken.se\/ljudochbild\/wp-content\/uploads\/2024\/09\/almqvist_denlyssnandemaria_lindh-mp3-image.jpg\",\"width\":1200,\"height\":1201},\"thumb\":{\"src\":\"https:\/\/litteraturbanken.se\/ljudochbild\/wp-content\/uploads\/2024\/09\/almqvist_denlyssnandemaria_lindh-mp3-image-150x150.jpg\",\"width\":150,\"height\":150}},{\"src\":\"https:\/\/litteraturbanken.se\/ljudochbild\/wp-content\/uploads\/2024\/09\/almqvist_tintomarassang_klinga.mp3\",\"type\":\"audio\/mpeg\",\"title\":\"Tintomaras s\\u00e5ng\",\"caption\":\"\",\"description\":\"\\u201dTintomaras s\\u00e5ng\\u201d fr\\u00e5n Carl Jonas Love Almqvist sjungen av Elin Klinga av Dikt 1593\\u20131939. Svensk och finlandssvensk lyrik i uppl\\u00e4sning av svenska och finlandssvenska sk\\u00e5despelare.\",\"meta\":{\"artist\":\"Elin Klinga framf\\u00f6r Carl Jonas Love Almqvist. Dikt 1593\\u20131939\",\"album\":\"Carl Jonas Love Almqvist\",\"length_formatted\":\"2:08\"},\"image\":{\"src\":\"https:\/\/litteraturbanken.se\/ljudochbild\/wp-content\/uploads\/2024\/09\/almqvist_denlyssnandemaria_lindh-mp3-image.jpg\",\"width\":1200,\"height\":1201},\"thumb\":{\"src\":\"https:\/\/litteraturbanken.se\/ljudochbild\/wp-content\/uploads\/2024\/09\/almqvist_denlyssnandemaria_lindh-mp3-image-150x150.jpg\",\"width\":150,\"height\":150}},{\"src\":\"https:\/\/litteraturbanken.se\/ljudochbild\/wp-content\/uploads\/2024\/09\/almqvist_ursesemana_rabaeus.mp3\",\"type\":\"audio\/mpeg\",\"title\":\"Vem \\u00e4r v\\u00e4l den p\\u00e5 jordens vida rymd\",\"caption\":\"\",\"description\":\"\\u201dVem \\u00e4r v\\u00e4l den p\\u00e5 jordens vida rymd\\u201d fr\\u00e5n Carl Jonas Love Almqvist l\\u00e4s av Johan Rabaeus av Dikt 1593\\u20131939. Svensk och finlandssvensk lyrik i uppl\\u00e4sning av svenska och finlandssvenska sk\\u00e5despelare.\",\"meta\":{\"artist\":\"Johan Rabaeus l\\u00e4ser Carl Jonas Love Almqvist. Dikt 1593\\u20131939\",\"album\":\"Carl Jonas Love Almqvist\",\"length_formatted\":\"1:11\"},\"image\":{\"src\":\"https:\/\/litteraturbanken.se\/ljudochbild\/wp-content\/uploads\/2024\/09\/almqvist_denlyssnandemaria_lindh-mp3-image.jpg\",\"width\":1200,\"height\":1201},\"thumb\":{\"src\":\"https:\/\/litteraturbanken.se\/ljudochbild\/wp-content\/uploads\/2024\/09\/almqvist_denlyssnandemaria_lindh-mp3-image-150x150.jpg\",\"width\":150,\"height\":150}}]}<\/script>\n<\/div>\n\t\n\n\n\n<hr class=\"wp-block-separator has-alpha-channel-opacity\"\/>\n\n\n\n<p><em>Inspelningarna tillg\u00e4ngligg\u00f6rs h\u00e4r med tillst\u00e5nd fr\u00e5n inl\u00e4sarna<\/em>. \u2013 <em>Oljem\u00e5lning ovanf\u00f6r \u00e4r m\u00e5lad av Johan Gustaf K\u00f6hler<\/em>.<\/p>\n\n\n<h3 class=\"wp-block-heading author-related-title\">L\u00e4s mer<\/h3>\r\n<div class=\"display-posts-listing grid\"><div class=\"listing-item\"><a class=\"image\" href=\"https:\/\/litteraturbanken.se\/ljudochbild\/2022\/07\/06\/verket-kvinnor-pa-tvars\/\"><img loading=\"lazy\" decoding=\"async\" width=\"640\" height=\"640\" src=\"https:\/\/litteraturbanken.se\/ljudochbild\/wp-content\/uploads\/2022\/07\/verket_saravidebeck-1024x1024.jpg\" class=\"attachment-large size-large wp-post-image\" alt=\"Kvinnor p\u00e5 tv\u00e4rs 1. Sara Videbeck\" srcset=\"https:\/\/litteraturbanken.se\/ljudochbild\/wp-content\/uploads\/2022\/07\/verket_saravidebeck-1024x1024.jpg 1024w, https:\/\/litteraturbanken.se\/ljudochbild\/wp-content\/uploads\/2022\/07\/verket_saravidebeck-300x300.jpg 300w, https:\/\/litteraturbanken.se\/ljudochbild\/wp-content\/uploads\/2022\/07\/verket_saravidebeck-150x150.jpg 150w, https:\/\/litteraturbanken.se\/ljudochbild\/wp-content\/uploads\/2022\/07\/verket_saravidebeck-768x768.jpg 768w, https:\/\/litteraturbanken.se\/ljudochbild\/wp-content\/uploads\/2022\/07\/verket_saravidebeck-480x480.jpg 480w, https:\/\/litteraturbanken.se\/ljudochbild\/wp-content\/uploads\/2022\/07\/verket_saravidebeck.jpg 1200w\" sizes=\"auto, (max-width: 640px) 100vw, 640px\" \/><\/a> <a class=\"title\" href=\"https:\/\/litteraturbanken.se\/ljudochbild\/2022\/07\/06\/verket-kvinnor-pa-tvars\/\">Kvinnor p\u00e5 tv\u00e4rs #1<\/a><\/div><div class=\"listing-item\"><a class=\"image\" href=\"https:\/\/litteraturbanken.se\/ljudochbild\/2023\/09\/18\/las-in-en-klassiker\/\"><img loading=\"lazy\" decoding=\"async\" width=\"640\" height=\"960\" src=\"https:\/\/litteraturbanken.se\/ljudochbild\/wp-content\/uploads\/2023\/09\/bokmassan_inlasningar-683x1024.jpg\" class=\"attachment-large size-large wp-post-image\" alt=\"L\u00e4s in en klassiker. B\u00f6cker med mikrofon\" srcset=\"https:\/\/litteraturbanken.se\/ljudochbild\/wp-content\/uploads\/2023\/09\/bokmassan_inlasningar-683x1024.jpg 683w, https:\/\/litteraturbanken.se\/ljudochbild\/wp-content\/uploads\/2023\/09\/bokmassan_inlasningar-200x300.jpg 200w, https:\/\/litteraturbanken.se\/ljudochbild\/wp-content\/uploads\/2023\/09\/bokmassan_inlasningar-768x1152.jpg 768w, https:\/\/litteraturbanken.se\/ljudochbild\/wp-content\/uploads\/2023\/09\/bokmassan_inlasningar-1024x1536.jpg 1024w, https:\/\/litteraturbanken.se\/ljudochbild\/wp-content\/uploads\/2023\/09\/bokmassan_inlasningar-480x720.jpg 480w, https:\/\/litteraturbanken.se\/ljudochbild\/wp-content\/uploads\/2023\/09\/bokmassan_inlasningar.jpg 1200w\" sizes=\"auto, (max-width: 640px) 100vw, 640px\" \/><\/a> <a class=\"title\" href=\"https:\/\/litteraturbanken.se\/ljudochbild\/2023\/09\/18\/las-in-en-klassiker\/\">L\u00e4s in en klassiker<\/a><\/div><div class=\"listing-item\"><a class=\"image\" href=\"https:\/\/litteraturbanken.se\/ljudochbild\/2024\/01\/31\/almqvist-radiodramat\/\"><img loading=\"lazy\" decoding=\"async\" width=\"640\" height=\"833\" src=\"https:\/\/litteraturbanken.se\/ljudochbild\/wp-content\/uploads\/2024\/03\/almqvist_drama-787x1024.jpg\" class=\"attachment-large size-large wp-post-image\" alt=\"\" srcset=\"https:\/\/litteraturbanken.se\/ljudochbild\/wp-content\/uploads\/2024\/03\/almqvist_drama-787x1024.jpg 787w, https:\/\/litteraturbanken.se\/ljudochbild\/wp-content\/uploads\/2024\/03\/almqvist_drama-231x300.jpg 231w, https:\/\/litteraturbanken.se\/ljudochbild\/wp-content\/uploads\/2024\/03\/almqvist_drama-768x999.jpg 768w, https:\/\/litteraturbanken.se\/ljudochbild\/wp-content\/uploads\/2024\/03\/almqvist_drama-1181x1536.jpg 1181w, https:\/\/litteraturbanken.se\/ljudochbild\/wp-content\/uploads\/2024\/03\/almqvist_drama-480x624.jpg 480w, https:\/\/litteraturbanken.se\/ljudochbild\/wp-content\/uploads\/2024\/03\/almqvist_drama.jpg 1200w\" sizes=\"auto, (max-width: 640px) 100vw, 640px\" \/><\/a> <a class=\"title\" href=\"https:\/\/litteraturbanken.se\/ljudochbild\/2024\/01\/31\/almqvist-radiodramat\/\">Almqvist &#038; radiodramat<\/a><\/div><\/div>\r\n\r\n\n","protected":false},"excerpt":{"rendered":"<p>\u201dCarl Jonas Love Almqvist \u00e4r kanske den svenska litteraturens mest m\u00e5ngsidige f\u00f6rfattare. Hans f\u00f6rfattarliv omfattade b\u00e5de romantiken och realismen som litter\u00e4ra epoker, och han blev en m\u00e4stare i alla tidens genrer. I sitt f\u00f6rfattarskap var han en svensk [&hellip;]<\/p>\n","protected":false},"author":1,"featured_media":992,"parent":7,"menu_order":0,"comment_status":"closed","ping_status":"closed","template":"","meta":{"footnotes":""},"class_list":["post-607","page","type-page","status-publish","has-post-thumbnail","hentry"],"yoast_head":"<!-- This site is optimized with the Yoast SEO plugin v27.1.1 - https:\/\/yoast.com\/product\/yoast-seo-wordpress\/ -->\n<title>C.J.L. Almqvist (1793\u20131866) - Ljud &amp; Bild<\/title>\n<meta name=\"robots\" content=\"index, follow, max-snippet:-1, max-image-preview:large, max-video-preview:-1\" \/>\n<link rel=\"canonical\" href=\"https:\/\/litteraturbanken.se\/ljudochbild\/forfattare\/almqvistcjl\/\" \/>\n<meta property=\"og:locale\" content=\"sv_SE\" \/>\n<meta property=\"og:type\" content=\"article\" \/>\n<meta property=\"og:title\" content=\"C.J.L. Almqvist (1793\u20131866) - Ljud &amp; Bild\" \/>\n<meta property=\"og:description\" content=\"\u201dCarl Jonas Love Almqvist \u00e4r kanske den svenska litteraturens mest m\u00e5ngsidige f\u00f6rfattare. Hans f\u00f6rfattarliv omfattade b\u00e5de romantiken och realismen som litter\u00e4ra epoker, och han blev en m\u00e4stare i alla tidens genrer. I sitt f\u00f6rfattarskap var han en svensk [&hellip;]\" \/>\n<meta property=\"og:url\" content=\"https:\/\/litteraturbanken.se\/ljudochbild\/forfattare\/almqvistcjl\/\" \/>\n<meta property=\"og:site_name\" content=\"Ljud &amp; Bild\" \/>\n<meta property=\"article:publisher\" content=\"https:\/\/www.facebook.com\/Litteraturbanken.se\" \/>\n<meta property=\"article:modified_time\" content=\"2024-09-16T12:12:16+00:00\" \/>\n<meta property=\"og:image\" content=\"https:\/\/litteraturbanken.se\/ljudochbild\/wp-content\/uploads\/2019\/09\/AlmqvistCJL_large.jpeg\" \/>\n\t<meta property=\"og:image:width\" content=\"396\" \/>\n\t<meta property=\"og:image:height\" content=\"500\" \/>\n\t<meta property=\"og:image:type\" content=\"image\/jpeg\" \/>\n<meta name=\"twitter:card\" content=\"summary_large_image\" \/>\n<meta name=\"twitter:site\" content=\"@litteraturbank\" \/>\n<meta name=\"twitter:label1\" content=\"Ber\u00e4knad l\u00e4stid\" \/>\n\t<meta name=\"twitter:data1\" content=\"2 minuter\" \/>\n<script type=\"application\/ld+json\" class=\"yoast-schema-graph\">{\"@context\":\"https:\/\/schema.org\",\"@graph\":[{\"@type\":\"WebPage\",\"@id\":\"https:\/\/litteraturbanken.se\/ljudochbild\/forfattare\/almqvistcjl\/\",\"url\":\"https:\/\/litteraturbanken.se\/ljudochbild\/forfattare\/almqvistcjl\/\",\"name\":\"C.J.L. Almqvist (1793\u20131866) - Ljud &amp; Bild\",\"isPartOf\":{\"@id\":\"https:\/\/litteraturbanken.se\/ljudochbild\/#website\"},\"primaryImageOfPage\":{\"@id\":\"https:\/\/litteraturbanken.se\/ljudochbild\/forfattare\/almqvistcjl\/#primaryimage\"},\"image\":{\"@id\":\"https:\/\/litteraturbanken.se\/ljudochbild\/forfattare\/almqvistcjl\/#primaryimage\"},\"thumbnailUrl\":\"https:\/\/litteraturbanken.se\/ljudochbild\/wp-content\/uploads\/2019\/09\/AlmqvistCJL_large.jpeg\",\"datePublished\":\"2019-08-13T11:49:28+00:00\",\"dateModified\":\"2024-09-16T12:12:16+00:00\",\"breadcrumb\":{\"@id\":\"https:\/\/litteraturbanken.se\/ljudochbild\/forfattare\/almqvistcjl\/#breadcrumb\"},\"inLanguage\":\"sv-SE\",\"potentialAction\":[{\"@type\":\"ReadAction\",\"target\":[\"https:\/\/litteraturbanken.se\/ljudochbild\/forfattare\/almqvistcjl\/\"]}]},{\"@type\":\"ImageObject\",\"inLanguage\":\"sv-SE\",\"@id\":\"https:\/\/litteraturbanken.se\/ljudochbild\/forfattare\/almqvistcjl\/#primaryimage\",\"url\":\"https:\/\/litteraturbanken.se\/ljudochbild\/wp-content\/uploads\/2019\/09\/AlmqvistCJL_large.jpeg\",\"contentUrl\":\"https:\/\/litteraturbanken.se\/ljudochbild\/wp-content\/uploads\/2019\/09\/AlmqvistCJL_large.jpeg\",\"width\":396,\"height\":500},{\"@type\":\"BreadcrumbList\",\"@id\":\"https:\/\/litteraturbanken.se\/ljudochbild\/forfattare\/almqvistcjl\/#breadcrumb\",\"itemListElement\":[{\"@type\":\"ListItem\",\"position\":1,\"name\":\"Hem\",\"item\":\"https:\/\/litteraturbanken.se\/ljudochbild\/\"},{\"@type\":\"ListItem\",\"position\":2,\"name\":\"F\u00f6rfattare\",\"item\":\"https:\/\/litteraturbanken.se\/ljudochbild\/forfattare\/\"},{\"@type\":\"ListItem\",\"position\":3,\"name\":\"C.J.L. Almqvist (1793\u20131866)\"}]},{\"@type\":\"WebSite\",\"@id\":\"https:\/\/litteraturbanken.se\/ljudochbild\/#website\",\"url\":\"https:\/\/litteraturbanken.se\/ljudochbild\/\",\"name\":\"Ljud & Bild\",\"description\":\"Ur Litteraturbankens samlingar\",\"potentialAction\":[{\"@type\":\"SearchAction\",\"target\":{\"@type\":\"EntryPoint\",\"urlTemplate\":\"https:\/\/litteraturbanken.se\/ljudochbild\/?s={search_term_string}\"},\"query-input\":{\"@type\":\"PropertyValueSpecification\",\"valueRequired\":true,\"valueName\":\"search_term_string\"}}],\"inLanguage\":\"sv-SE\"}]}<\/script>\n<!-- \/ Yoast SEO plugin. -->","yoast_head_json":{"title":"C.J.L. Almqvist (1793\u20131866) - Ljud &amp; Bild","robots":{"index":"index","follow":"follow","max-snippet":"max-snippet:-1","max-image-preview":"max-image-preview:large","max-video-preview":"max-video-preview:-1"},"canonical":"https:\/\/litteraturbanken.se\/ljudochbild\/forfattare\/almqvistcjl\/","og_locale":"sv_SE","og_type":"article","og_title":"C.J.L. Almqvist (1793\u20131866) - Ljud &amp; Bild","og_description":"\u201dCarl Jonas Love Almqvist \u00e4r kanske den svenska litteraturens mest m\u00e5ngsidige f\u00f6rfattare. Hans f\u00f6rfattarliv omfattade b\u00e5de romantiken och realismen som litter\u00e4ra epoker, och han blev en m\u00e4stare i alla tidens genrer. I sitt f\u00f6rfattarskap var han en svensk [&hellip;]","og_url":"https:\/\/litteraturbanken.se\/ljudochbild\/forfattare\/almqvistcjl\/","og_site_name":"Ljud &amp; Bild","article_publisher":"https:\/\/www.facebook.com\/Litteraturbanken.se","article_modified_time":"2024-09-16T12:12:16+00:00","og_image":[{"width":396,"height":500,"url":"https:\/\/litteraturbanken.se\/ljudochbild\/wp-content\/uploads\/2019\/09\/AlmqvistCJL_large.jpeg","type":"image\/jpeg"}],"twitter_card":"summary_large_image","twitter_site":"@litteraturbank","twitter_misc":{"Ber\u00e4knad l\u00e4stid":"2 minuter"},"schema":{"@context":"https:\/\/schema.org","@graph":[{"@type":"WebPage","@id":"https:\/\/litteraturbanken.se\/ljudochbild\/forfattare\/almqvistcjl\/","url":"https:\/\/litteraturbanken.se\/ljudochbild\/forfattare\/almqvistcjl\/","name":"C.J.L. Almqvist (1793\u20131866) - Ljud &amp; Bild","isPartOf":{"@id":"https:\/\/litteraturbanken.se\/ljudochbild\/#website"},"primaryImageOfPage":{"@id":"https:\/\/litteraturbanken.se\/ljudochbild\/forfattare\/almqvistcjl\/#primaryimage"},"image":{"@id":"https:\/\/litteraturbanken.se\/ljudochbild\/forfattare\/almqvistcjl\/#primaryimage"},"thumbnailUrl":"https:\/\/litteraturbanken.se\/ljudochbild\/wp-content\/uploads\/2019\/09\/AlmqvistCJL_large.jpeg","datePublished":"2019-08-13T11:49:28+00:00","dateModified":"2024-09-16T12:12:16+00:00","breadcrumb":{"@id":"https:\/\/litteraturbanken.se\/ljudochbild\/forfattare\/almqvistcjl\/#breadcrumb"},"inLanguage":"sv-SE","potentialAction":[{"@type":"ReadAction","target":["https:\/\/litteraturbanken.se\/ljudochbild\/forfattare\/almqvistcjl\/"]}]},{"@type":"ImageObject","inLanguage":"sv-SE","@id":"https:\/\/litteraturbanken.se\/ljudochbild\/forfattare\/almqvistcjl\/#primaryimage","url":"https:\/\/litteraturbanken.se\/ljudochbild\/wp-content\/uploads\/2019\/09\/AlmqvistCJL_large.jpeg","contentUrl":"https:\/\/litteraturbanken.se\/ljudochbild\/wp-content\/uploads\/2019\/09\/AlmqvistCJL_large.jpeg","width":396,"height":500},{"@type":"BreadcrumbList","@id":"https:\/\/litteraturbanken.se\/ljudochbild\/forfattare\/almqvistcjl\/#breadcrumb","itemListElement":[{"@type":"ListItem","position":1,"name":"Hem","item":"https:\/\/litteraturbanken.se\/ljudochbild\/"},{"@type":"ListItem","position":2,"name":"F\u00f6rfattare","item":"https:\/\/litteraturbanken.se\/ljudochbild\/forfattare\/"},{"@type":"ListItem","position":3,"name":"C.J.L. Almqvist (1793\u20131866)"}]},{"@type":"WebSite","@id":"https:\/\/litteraturbanken.se\/ljudochbild\/#website","url":"https:\/\/litteraturbanken.se\/ljudochbild\/","name":"Ljud & Bild","description":"Ur Litteraturbankens samlingar","potentialAction":[{"@type":"SearchAction","target":{"@type":"EntryPoint","urlTemplate":"https:\/\/litteraturbanken.se\/ljudochbild\/?s={search_term_string}"},"query-input":{"@type":"PropertyValueSpecification","valueRequired":true,"valueName":"search_term_string"}}],"inLanguage":"sv-SE"}]}},"_links":{"self":[{"href":"https:\/\/litteraturbanken.se\/ljudochbild\/wp-json\/wp\/v2\/pages\/607","targetHints":{"allow":["GET"]}}],"collection":[{"href":"https:\/\/litteraturbanken.se\/ljudochbild\/wp-json\/wp\/v2\/pages"}],"about":[{"href":"https:\/\/litteraturbanken.se\/ljudochbild\/wp-json\/wp\/v2\/types\/page"}],"author":[{"embeddable":true,"href":"https:\/\/litteraturbanken.se\/ljudochbild\/wp-json\/wp\/v2\/users\/1"}],"replies":[{"embeddable":true,"href":"https:\/\/litteraturbanken.se\/ljudochbild\/wp-json\/wp\/v2\/comments?post=607"}],"version-history":[{"count":10,"href":"https:\/\/litteraturbanken.se\/ljudochbild\/wp-json\/wp\/v2\/pages\/607\/revisions"}],"predecessor-version":[{"id":12015,"href":"https:\/\/litteraturbanken.se\/ljudochbild\/wp-json\/wp\/v2\/pages\/607\/revisions\/12015"}],"up":[{"embeddable":true,"href":"https:\/\/litteraturbanken.se\/ljudochbild\/wp-json\/wp\/v2\/pages\/7"}],"wp:featuredmedia":[{"embeddable":true,"href":"https:\/\/litteraturbanken.se\/ljudochbild\/wp-json\/wp\/v2\/media\/992"}],"wp:attachment":[{"href":"https:\/\/litteraturbanken.se\/ljudochbild\/wp-json\/wp\/v2\/media?parent=607"}],"curies":[{"name":"wp","href":"https:\/\/api.w.org\/{rel}","templated":true}]}}