{"id":613,"date":"2019-08-13T13:52:50","date_gmt":"2019-08-13T11:52:50","guid":{"rendered":"http:\/\/ordfabriken.org\/ljud\/?page_id=613"},"modified":"2024-09-16T14:32:33","modified_gmt":"2024-09-16T12:32:33","slug":"atterbompda","status":"publish","type":"page","link":"https:\/\/litteraturbanken.se\/ljudochbild\/forfattare\/atterbompda\/","title":{"rendered":"P.D.A. Atterbom (1790\u20131855)"},"content":{"rendered":"<div class=\"wp-block-image\">\n<figure class=\"alignright\"><img loading=\"lazy\" decoding=\"async\" width=\"204\" height=\"300\" src=\"https:\/\/litteraturbanken.se\/ljudochbild\/wp-content\/uploads\/2019\/09\/AtterbomPDA_large-204x300.jpeg\" alt=\"\" class=\"wp-image-997\" srcset=\"https:\/\/litteraturbanken.se\/ljudochbild\/wp-content\/uploads\/2019\/09\/AtterbomPDA_large-204x300.jpeg 204w, https:\/\/litteraturbanken.se\/ljudochbild\/wp-content\/uploads\/2019\/09\/AtterbomPDA_large.jpeg 374w\" sizes=\"auto, (max-width: 204px) 100vw, 204px\" \/><\/figure>\n<\/div>\n\n\n<p>\u201dPER DANIEL AMADEUS ATTERBOM (1790\u20131855) kom tidigt till litteraturen. H\u00f6sten 1805 b\u00f6rjar han sina studier i Uppsala; den stad som, under hans ledning, kommer att bli den svenska romantikens huvudort. Han l\u00e4ser filosofi f\u00f6r\u00a0<a href=\"https:\/\/litteraturbanken.se\/forfattare\/HoijerB\">Benjamin H\u00f6ijer<\/a>\u00a0och l\u00e4r k\u00e4nna de tyska nyromantikerna, vilkas st\u00e4mningsrika, klangfulla dikter kallar honom att g\u00f6ra revolution mot tidens, efter franskt m\u00f6nster danade, akademiska poesi. Tillsammans med studiekamraterna\u00a0<a href=\"https:\/\/litteraturbanken.se\/forfattare\/ElgstromP\">Per Elgstr\u00f6m<\/a>,\u00a0\u00a0<a href=\"https:\/\/litteraturbanken.se\/forfattare\/HedbornS\">Samuel Hedborn<\/a>\u00a0och\u00a0<a href=\"https:\/\/litteraturbanken.se\/forfattare\/PalmbladVF\">Vilhelm Fredrik Palmblad<\/a>\u00a0bildar Atterbom Auroraf\u00f6rbundet \u2013 med namn efter morgonrodnaden \u2013 och 1810 b\u00f6rjar man utge tidskriften\u00a0<a href=\"https:\/\/litteraturbanken.se\/presentationer\/specialomraden\/Phosphoros.html\"><em>Phosphoros<\/em><\/a>\u00a0&#8211; s\u00e5 kallad efter morgonstj\u00e4rnan. Poesin ses, i tysk efterf\u00f6ljd, som idealisk, o\u00e4ndlig; v\u00e4rlden som besj\u00e4lad, som v\u00e4rldspoem. En stor l\u00e4sekrets n\u00e5r man med\u00a0\u00a0<a href=\"https:\/\/litteraturbanken.se\/forfattare\/AtterbomPDA\/titlar\/PoetiskKalender1812\/sida\/-2\/faksimil\"><em>Poetisk kalender<\/em><\/a>, som Atterbom ger ut 1812\u20131822. Fosforisterna f\u00e5r ocks\u00e5 sin egen salong hos\u00a0<a href=\"https:\/\/litteraturbanken.se\/forfattare\/SilfverstolpeM\">Malla Silfverstolpe<\/a>. Under \u00e5ren 1817\u201319 reser Atterbom i Tyskland och Italien och m\u00f6ter flera av romantikens huvudgestaler samt l\u00e4r k\u00e4nna Roms konst- och kulturv\u00e4rld. Resan g\u00f6r stort intryck p\u00e5 honom och han skriver m\u00e5ngtaliga resebrev, vilka ges ut efter hans d\u00f6d som\u00a0<a href=\"https:\/\/litteraturbanken.se\/forfattare\/AtterbomPDA\/titlar\/Minnen1\/pdf\"><em>Minnen fr\u00e5n Tyskland och Italien<\/em><\/a>\u00a0(1859). Hemkommen till Sverige b\u00f6rjar han arbetet p\u00e5 sitt stora diktverk\u00a0<em>Lycksalighetens \u00f6<\/em>\u00a0(2 band, 1824 och 1827), ett id\u00e9drama kallat sagospel i fem \u2019\u00e4ventyr\u2019, d\u00e4r sk\u00f6nhetens evighetsv\u00e4rde \u00f6verskrider det jordiska och upplyfter sig till religion.\u201d<\/p>\n\n\n\n<p>Stycket ovanf\u00f6r kommer ur Lotta Lotass introduktion om P.D.A. Atterbom hos Litteraturbanken.<\/p>\n\n\n\n<div class=\"wp-block-buttons is-layout-flex wp-block-buttons-is-layout-flex\">\n<div class=\"wp-block-button has-custom-font-size read-more-button\" style=\"font-size:14px\"><a class=\"wp-block-button__link has-white-color has-text-color has-background wp-element-button\" href=\"https:\/\/litteraturbanken.se\/f%C3%B6rfattare\/AtterbomPDA\" style=\"border-radius:0px;background-color:#cd2400\" target=\"_blank\" rel=\"noopener\"><strong>L\u00c4S MER OM P.D.A. ATTERBOM<\/strong><\/a><\/div>\n\n\n\n<div class=\"wp-block-button has-custom-font-size read-more-button\" style=\"font-size:14px\"><a class=\"wp-block-button__link has-white-color has-text-color has-background wp-element-button\" href=\"https:\/\/litteraturbanken.se\/f%C3%B6rfattare\/AtterbomPDA\/titlar\" style=\"border-radius:0px;background-color:#cd2400\" target=\"_blank\" rel=\"noopener\"><strong>L\u00c4S P.D.A. ATTERBOMS VERK HOS LB.SE<\/strong><\/a><\/div>\n<\/div>\n\n\n\n<div style=\"height:20px\" aria-hidden=\"true\" class=\"wp-block-spacer\"><\/div>\n\n\n\n<div class=\"wp-playlist wp-audio-playlist wp-playlist-light\">\n\t\t\t<div class=\"wp-playlist-current-item\"><\/div>\n\t\t<audio controls=\"controls\" preload=\"none\" width=\"618\"\n\t\t\t><\/audio>\n\t<div class=\"wp-playlist-next\"><\/div>\n\t<div class=\"wp-playlist-prev\"><\/div>\n\t<noscript>\n\t<ol>\n\t\t<li><a href='https:\/\/litteraturbanken.se\/ljudochbild\/wp-content\/uploads\/2024\/09\/atterbom_feliciasbadd_arnadottir.mp3'>Felicias b\u00e4dd<\/a><\/li><li><a href='https:\/\/litteraturbanken.se\/ljudochbild\/wp-content\/uploads\/2019\/09\/atterbom_hyacinthen_engdahl.mp3'>Hyacinthen<\/a><\/li><li><a href='https:\/\/litteraturbanken.se\/ljudochbild\/wp-content\/uploads\/2023\/11\/atterbom_sorg_alw.mp3'>Sorg<\/a><\/li><li><a href='https:\/\/litteraturbanken.se\/ljudochbild\/wp-content\/uploads\/2024\/09\/atterbom_tusenskonan_kinnaman.mp3'>Tusensk\u00f6nan<\/a><\/li><li><a href='https:\/\/litteraturbanken.se\/ljudochbild\/wp-content\/uploads\/2024\/09\/atterbom_vandrarnsaftonvisa_ehn.mp3'>Vandrarns aftonvisa<\/a><\/li>\t<\/ol>\n\t<\/noscript>\n\t<script type=\"application\/json\" class=\"wp-playlist-script\">{\"type\":\"audio\",\"tracklist\":true,\"tracknumbers\":true,\"images\":true,\"artists\":true,\"tracks\":[{\"src\":\"https:\/\/litteraturbanken.se\/ljudochbild\/wp-content\/uploads\/2024\/09\/atterbom_feliciasbadd_arnadottir.mp3\",\"type\":\"audio\/mpeg\",\"title\":\"Felicias b\\u00e4dd\",\"caption\":\"\",\"description\":\"\\u201dFelicias b\\u00e4dd\\u201d fr\\u00e5n P.D.A. Atterbom l\\u00e4st av Berglj\\u00f3t \\u00c1rnad\\u00f3ttir av Dikt 1593\\u20131939. Svensk och finlandssvensk lyrik i uppl\\u00e4sning av svenska och finlandssvenska sk\\u00e5despelare.\",\"meta\":{\"artist\":\"Berglj\\u00f3t \\u00c1rnad\\u00f3ttir l\\u00e4ser P.D.A. Atterbom. Dikt 1593\\u20131939\",\"album\":\"P.D.A. Atterbom\",\"length_formatted\":\"2:30\"},\"image\":{\"src\":\"https:\/\/litteraturbanken.se\/ljudochbild\/wp-content\/uploads\/2024\/09\/almqvist_denlyssnandemaria_lindh-mp3-image.jpg\",\"width\":1200,\"height\":1201},\"thumb\":{\"src\":\"https:\/\/litteraturbanken.se\/ljudochbild\/wp-content\/uploads\/2024\/09\/almqvist_denlyssnandemaria_lindh-mp3-image-150x150.jpg\",\"width\":150,\"height\":150}},{\"src\":\"https:\/\/litteraturbanken.se\/ljudochbild\/wp-content\/uploads\/2019\/09\/atterbom_hyacinthen_engdahl.mp3\",\"type\":\"audio\/mpeg\",\"title\":\"Hyacinthen\",\"caption\":\"\",\"description\":\"\\\"Hyacinthen\\\" fr\\u00e5n Hyacinthen av Atterbom, P. D. A..\",\"meta\":{\"artist\":\"Horace Engdahl l\\u00e4ser P.D.A. Atterbom\",\"album\":\"P.D.A. Atterbom\",\"length_formatted\":\"2:25\"},\"image\":{\"src\":\"https:\/\/litteraturbanken.se\/ljudochbild\/wp-content\/uploads\/2019\/09\/lb_albumart-1.png\",\"width\":580,\"height\":612},\"thumb\":{\"src\":\"https:\/\/litteraturbanken.se\/ljudochbild\/wp-content\/uploads\/2019\/09\/lb_albumart-1-150x150.png\",\"width\":150,\"height\":150}},{\"src\":\"https:\/\/litteraturbanken.se\/ljudochbild\/wp-content\/uploads\/2023\/11\/atterbom_sorg_alw.mp3\",\"type\":\"audio\/mpeg\",\"title\":\"Sorg\",\"caption\":\"\",\"description\":\"\\u201dSorg\\u201d fr\\u00e5n Per Daniel Amadeus Atterbom av Gabriel Alw l\\u00e4ser P. D. A. Atterbom.\",\"meta\":{\"artist\":\"Gabriel Alw l\\u00e4ser P.D.A. Atterbom\",\"album\":\"Per Daniel Amadeus Atterbom\",\"length_formatted\":\"1:23\"},\"image\":{\"src\":\"https:\/\/litteraturbanken.se\/ljudochbild\/wp-content\/uploads\/2019\/09\/wide_gub_wide-mp3-image.png\",\"width\":580,\"height\":612},\"thumb\":{\"src\":\"https:\/\/litteraturbanken.se\/ljudochbild\/wp-content\/uploads\/2019\/09\/wide_gub_wide-mp3-image-150x150.png\",\"width\":150,\"height\":150}},{\"src\":\"https:\/\/litteraturbanken.se\/ljudochbild\/wp-content\/uploads\/2024\/09\/atterbom_tusenskonan_kinnaman.mp3\",\"type\":\"audio\/mpeg\",\"title\":\"Tusensk\\u00f6nan\",\"caption\":\"\",\"description\":\"\\u201dTusensk\\u00f6nan\\u201d fr\\u00e5n P.D.A. Atterbom l\\u00e4st av Melinda Kinnaman av Dikt 1593\\u20131939. Svensk och finlandssvensk lyrik i uppl\\u00e4sning av svenska och finlandssvenska sk\\u00e5despelare.\",\"meta\":{\"artist\":\"Melinda Kinnaman l\\u00e4ser P.D.A. Atterbom. Dikt 1593\\u20131939\",\"album\":\"P.D.A. Atterbom\",\"length_formatted\":\"2:12\"},\"image\":{\"src\":\"https:\/\/litteraturbanken.se\/ljudochbild\/wp-content\/uploads\/2024\/09\/almqvist_denlyssnandemaria_lindh-mp3-image.jpg\",\"width\":1200,\"height\":1201},\"thumb\":{\"src\":\"https:\/\/litteraturbanken.se\/ljudochbild\/wp-content\/uploads\/2024\/09\/almqvist_denlyssnandemaria_lindh-mp3-image-150x150.jpg\",\"width\":150,\"height\":150}},{\"src\":\"https:\/\/litteraturbanken.se\/ljudochbild\/wp-content\/uploads\/2024\/09\/atterbom_vandrarnsaftonvisa_ehn.mp3\",\"type\":\"audio\/mpeg\",\"title\":\"Vandrarns aftonvisa\",\"caption\":\"\",\"description\":\"\\u201dVandrarns aftonvisa\\u201d fr\\u00e5n P.D.A. Atterbom l\\u00e4st av Erik Ehn av Dikt 1593\\u20131939. Svensk och finlandssvensk lyrik i uppl\\u00e4sning av svenska och finlandssvenska sk\\u00e5despelare.\",\"meta\":{\"artist\":\"Erik Ehn l\\u00e4ser P.D.A. Atterbom. Dikt 1593\\u20131939\",\"album\":\"P.D.A. Atterbom\",\"length_formatted\":\"2:25\"},\"image\":{\"src\":\"https:\/\/litteraturbanken.se\/ljudochbild\/wp-content\/uploads\/2024\/09\/almqvist_denlyssnandemaria_lindh-mp3-image.jpg\",\"width\":1200,\"height\":1201},\"thumb\":{\"src\":\"https:\/\/litteraturbanken.se\/ljudochbild\/wp-content\/uploads\/2024\/09\/almqvist_denlyssnandemaria_lindh-mp3-image-150x150.jpg\",\"width\":150,\"height\":150}}]}<\/script>\n<\/div>\n\t\n\n\n\n<hr class=\"wp-block-separator has-alpha-channel-opacity\"\/>\n\n\n\n<p><em>Inspelningarna tillg\u00e4ngligg\u00f6rs h\u00e4r med tillst\u00e5nd fr\u00e5n inl\u00e4sarna.<\/em><\/p>\n\n\n<h3 class=\"wp-block-heading author-related-title\">L\u00e4s mer<\/h3>\r\n<div class=\"display-posts-listing grid\"><div class=\"listing-item\"><a class=\"image\" href=\"https:\/\/litteraturbanken.se\/ljudochbild\/2024\/05\/17\/deklamatoren-gabriel-alw\/\"><img loading=\"lazy\" decoding=\"async\" width=\"640\" height=\"851\" src=\"https:\/\/litteraturbanken.se\/ljudochbild\/wp-content\/uploads\/2024\/05\/alw_postimage-770x1024.jpg\" class=\"attachment-large size-large wp-post-image\" alt=\"\" srcset=\"https:\/\/litteraturbanken.se\/ljudochbild\/wp-content\/uploads\/2024\/05\/alw_postimage-770x1024.jpg 770w, https:\/\/litteraturbanken.se\/ljudochbild\/wp-content\/uploads\/2024\/05\/alw_postimage-226x300.jpg 226w, https:\/\/litteraturbanken.se\/ljudochbild\/wp-content\/uploads\/2024\/05\/alw_postimage-768x1021.jpg 768w, https:\/\/litteraturbanken.se\/ljudochbild\/wp-content\/uploads\/2024\/05\/alw_postimage-1155x1536.jpg 1155w, https:\/\/litteraturbanken.se\/ljudochbild\/wp-content\/uploads\/2024\/05\/alw_postimage-480x638.jpg 480w, https:\/\/litteraturbanken.se\/ljudochbild\/wp-content\/uploads\/2024\/05\/alw_postimage.jpg 1200w\" sizes=\"auto, (max-width: 640px) 100vw, 640px\" \/><\/a> <a class=\"title\" href=\"https:\/\/litteraturbanken.se\/ljudochbild\/2024\/05\/17\/deklamatoren-gabriel-alw\/\">Deklamat\u00f6ren Gabriel Alw<\/a><\/div><\/div>\r\n\r\n\n","protected":false},"excerpt":{"rendered":"<p>\u201dPER DANIEL AMADEUS ATTERBOM (1790\u20131855) kom tidigt till litteraturen. H\u00f6sten 1805 b\u00f6rjar han sina studier i Uppsala; den stad som, under hans ledning, kommer att bli den svenska romantikens huvudort. Han l\u00e4ser filosofi f\u00f6r\u00a0Benjamin H\u00f6ijer\u00a0och l\u00e4r k\u00e4nna de [&hellip;]<\/p>\n","protected":false},"author":1,"featured_media":997,"parent":7,"menu_order":0,"comment_status":"closed","ping_status":"closed","template":"","meta":{"footnotes":""},"class_list":["post-613","page","type-page","status-publish","has-post-thumbnail","hentry"],"yoast_head":"<!-- This site is optimized with the Yoast SEO plugin v27.1.1 - https:\/\/yoast.com\/product\/yoast-seo-wordpress\/ -->\n<title>P.D.A. Atterbom (1790\u20131855) - Ljud &amp; Bild<\/title>\n<meta name=\"robots\" content=\"index, follow, max-snippet:-1, max-image-preview:large, max-video-preview:-1\" \/>\n<link rel=\"canonical\" href=\"https:\/\/litteraturbanken.se\/ljudochbild\/forfattare\/atterbompda\/\" \/>\n<meta property=\"og:locale\" content=\"sv_SE\" \/>\n<meta property=\"og:type\" content=\"article\" \/>\n<meta property=\"og:title\" content=\"P.D.A. Atterbom (1790\u20131855) - Ljud &amp; Bild\" \/>\n<meta property=\"og:description\" content=\"\u201dPER DANIEL AMADEUS ATTERBOM (1790\u20131855) kom tidigt till litteraturen. H\u00f6sten 1805 b\u00f6rjar han sina studier i Uppsala; den stad som, under hans ledning, kommer att bli den svenska romantikens huvudort. Han l\u00e4ser filosofi f\u00f6r\u00a0Benjamin H\u00f6ijer\u00a0och l\u00e4r k\u00e4nna de [&hellip;]\" \/>\n<meta property=\"og:url\" content=\"https:\/\/litteraturbanken.se\/ljudochbild\/forfattare\/atterbompda\/\" \/>\n<meta property=\"og:site_name\" content=\"Ljud &amp; Bild\" \/>\n<meta property=\"article:publisher\" content=\"https:\/\/www.facebook.com\/Litteraturbanken.se\" \/>\n<meta property=\"article:modified_time\" content=\"2024-09-16T12:32:33+00:00\" \/>\n<meta property=\"og:image\" content=\"https:\/\/litteraturbanken.se\/ljudochbild\/wp-content\/uploads\/2019\/09\/AtterbomPDA_large.jpeg\" \/>\n\t<meta property=\"og:image:width\" content=\"374\" \/>\n\t<meta property=\"og:image:height\" content=\"550\" \/>\n\t<meta property=\"og:image:type\" content=\"image\/jpeg\" \/>\n<meta name=\"twitter:card\" content=\"summary_large_image\" \/>\n<meta name=\"twitter:site\" content=\"@litteraturbank\" \/>\n<meta name=\"twitter:label1\" content=\"Ber\u00e4knad l\u00e4stid\" \/>\n\t<meta name=\"twitter:data1\" content=\"2 minuter\" \/>\n<script type=\"application\/ld+json\" class=\"yoast-schema-graph\">{\"@context\":\"https:\/\/schema.org\",\"@graph\":[{\"@type\":\"WebPage\",\"@id\":\"https:\/\/litteraturbanken.se\/ljudochbild\/forfattare\/atterbompda\/\",\"url\":\"https:\/\/litteraturbanken.se\/ljudochbild\/forfattare\/atterbompda\/\",\"name\":\"P.D.A. Atterbom (1790\u20131855) - Ljud &amp; Bild\",\"isPartOf\":{\"@id\":\"https:\/\/litteraturbanken.se\/ljudochbild\/#website\"},\"primaryImageOfPage\":{\"@id\":\"https:\/\/litteraturbanken.se\/ljudochbild\/forfattare\/atterbompda\/#primaryimage\"},\"image\":{\"@id\":\"https:\/\/litteraturbanken.se\/ljudochbild\/forfattare\/atterbompda\/#primaryimage\"},\"thumbnailUrl\":\"https:\/\/litteraturbanken.se\/ljudochbild\/wp-content\/uploads\/2019\/09\/AtterbomPDA_large.jpeg\",\"datePublished\":\"2019-08-13T11:52:50+00:00\",\"dateModified\":\"2024-09-16T12:32:33+00:00\",\"breadcrumb\":{\"@id\":\"https:\/\/litteraturbanken.se\/ljudochbild\/forfattare\/atterbompda\/#breadcrumb\"},\"inLanguage\":\"sv-SE\",\"potentialAction\":[{\"@type\":\"ReadAction\",\"target\":[\"https:\/\/litteraturbanken.se\/ljudochbild\/forfattare\/atterbompda\/\"]}]},{\"@type\":\"ImageObject\",\"inLanguage\":\"sv-SE\",\"@id\":\"https:\/\/litteraturbanken.se\/ljudochbild\/forfattare\/atterbompda\/#primaryimage\",\"url\":\"https:\/\/litteraturbanken.se\/ljudochbild\/wp-content\/uploads\/2019\/09\/AtterbomPDA_large.jpeg\",\"contentUrl\":\"https:\/\/litteraturbanken.se\/ljudochbild\/wp-content\/uploads\/2019\/09\/AtterbomPDA_large.jpeg\",\"width\":374,\"height\":550},{\"@type\":\"BreadcrumbList\",\"@id\":\"https:\/\/litteraturbanken.se\/ljudochbild\/forfattare\/atterbompda\/#breadcrumb\",\"itemListElement\":[{\"@type\":\"ListItem\",\"position\":1,\"name\":\"Hem\",\"item\":\"https:\/\/litteraturbanken.se\/ljudochbild\/\"},{\"@type\":\"ListItem\",\"position\":2,\"name\":\"F\u00f6rfattare\",\"item\":\"https:\/\/litteraturbanken.se\/ljudochbild\/forfattare\/\"},{\"@type\":\"ListItem\",\"position\":3,\"name\":\"P.D.A. Atterbom (1790\u20131855)\"}]},{\"@type\":\"WebSite\",\"@id\":\"https:\/\/litteraturbanken.se\/ljudochbild\/#website\",\"url\":\"https:\/\/litteraturbanken.se\/ljudochbild\/\",\"name\":\"Ljud & Bild\",\"description\":\"Ur Litteraturbankens samlingar\",\"potentialAction\":[{\"@type\":\"SearchAction\",\"target\":{\"@type\":\"EntryPoint\",\"urlTemplate\":\"https:\/\/litteraturbanken.se\/ljudochbild\/?s={search_term_string}\"},\"query-input\":{\"@type\":\"PropertyValueSpecification\",\"valueRequired\":true,\"valueName\":\"search_term_string\"}}],\"inLanguage\":\"sv-SE\"}]}<\/script>\n<!-- \/ Yoast SEO plugin. -->","yoast_head_json":{"title":"P.D.A. Atterbom (1790\u20131855) - Ljud &amp; Bild","robots":{"index":"index","follow":"follow","max-snippet":"max-snippet:-1","max-image-preview":"max-image-preview:large","max-video-preview":"max-video-preview:-1"},"canonical":"https:\/\/litteraturbanken.se\/ljudochbild\/forfattare\/atterbompda\/","og_locale":"sv_SE","og_type":"article","og_title":"P.D.A. Atterbom (1790\u20131855) - Ljud &amp; Bild","og_description":"\u201dPER DANIEL AMADEUS ATTERBOM (1790\u20131855) kom tidigt till litteraturen. H\u00f6sten 1805 b\u00f6rjar han sina studier i Uppsala; den stad som, under hans ledning, kommer att bli den svenska romantikens huvudort. Han l\u00e4ser filosofi f\u00f6r\u00a0Benjamin H\u00f6ijer\u00a0och l\u00e4r k\u00e4nna de [&hellip;]","og_url":"https:\/\/litteraturbanken.se\/ljudochbild\/forfattare\/atterbompda\/","og_site_name":"Ljud &amp; Bild","article_publisher":"https:\/\/www.facebook.com\/Litteraturbanken.se","article_modified_time":"2024-09-16T12:32:33+00:00","og_image":[{"width":374,"height":550,"url":"https:\/\/litteraturbanken.se\/ljudochbild\/wp-content\/uploads\/2019\/09\/AtterbomPDA_large.jpeg","type":"image\/jpeg"}],"twitter_card":"summary_large_image","twitter_site":"@litteraturbank","twitter_misc":{"Ber\u00e4knad l\u00e4stid":"2 minuter"},"schema":{"@context":"https:\/\/schema.org","@graph":[{"@type":"WebPage","@id":"https:\/\/litteraturbanken.se\/ljudochbild\/forfattare\/atterbompda\/","url":"https:\/\/litteraturbanken.se\/ljudochbild\/forfattare\/atterbompda\/","name":"P.D.A. Atterbom (1790\u20131855) - Ljud &amp; Bild","isPartOf":{"@id":"https:\/\/litteraturbanken.se\/ljudochbild\/#website"},"primaryImageOfPage":{"@id":"https:\/\/litteraturbanken.se\/ljudochbild\/forfattare\/atterbompda\/#primaryimage"},"image":{"@id":"https:\/\/litteraturbanken.se\/ljudochbild\/forfattare\/atterbompda\/#primaryimage"},"thumbnailUrl":"https:\/\/litteraturbanken.se\/ljudochbild\/wp-content\/uploads\/2019\/09\/AtterbomPDA_large.jpeg","datePublished":"2019-08-13T11:52:50+00:00","dateModified":"2024-09-16T12:32:33+00:00","breadcrumb":{"@id":"https:\/\/litteraturbanken.se\/ljudochbild\/forfattare\/atterbompda\/#breadcrumb"},"inLanguage":"sv-SE","potentialAction":[{"@type":"ReadAction","target":["https:\/\/litteraturbanken.se\/ljudochbild\/forfattare\/atterbompda\/"]}]},{"@type":"ImageObject","inLanguage":"sv-SE","@id":"https:\/\/litteraturbanken.se\/ljudochbild\/forfattare\/atterbompda\/#primaryimage","url":"https:\/\/litteraturbanken.se\/ljudochbild\/wp-content\/uploads\/2019\/09\/AtterbomPDA_large.jpeg","contentUrl":"https:\/\/litteraturbanken.se\/ljudochbild\/wp-content\/uploads\/2019\/09\/AtterbomPDA_large.jpeg","width":374,"height":550},{"@type":"BreadcrumbList","@id":"https:\/\/litteraturbanken.se\/ljudochbild\/forfattare\/atterbompda\/#breadcrumb","itemListElement":[{"@type":"ListItem","position":1,"name":"Hem","item":"https:\/\/litteraturbanken.se\/ljudochbild\/"},{"@type":"ListItem","position":2,"name":"F\u00f6rfattare","item":"https:\/\/litteraturbanken.se\/ljudochbild\/forfattare\/"},{"@type":"ListItem","position":3,"name":"P.D.A. Atterbom (1790\u20131855)"}]},{"@type":"WebSite","@id":"https:\/\/litteraturbanken.se\/ljudochbild\/#website","url":"https:\/\/litteraturbanken.se\/ljudochbild\/","name":"Ljud & Bild","description":"Ur Litteraturbankens samlingar","potentialAction":[{"@type":"SearchAction","target":{"@type":"EntryPoint","urlTemplate":"https:\/\/litteraturbanken.se\/ljudochbild\/?s={search_term_string}"},"query-input":{"@type":"PropertyValueSpecification","valueRequired":true,"valueName":"search_term_string"}}],"inLanguage":"sv-SE"}]}},"_links":{"self":[{"href":"https:\/\/litteraturbanken.se\/ljudochbild\/wp-json\/wp\/v2\/pages\/613","targetHints":{"allow":["GET"]}}],"collection":[{"href":"https:\/\/litteraturbanken.se\/ljudochbild\/wp-json\/wp\/v2\/pages"}],"about":[{"href":"https:\/\/litteraturbanken.se\/ljudochbild\/wp-json\/wp\/v2\/types\/page"}],"author":[{"embeddable":true,"href":"https:\/\/litteraturbanken.se\/ljudochbild\/wp-json\/wp\/v2\/users\/1"}],"replies":[{"embeddable":true,"href":"https:\/\/litteraturbanken.se\/ljudochbild\/wp-json\/wp\/v2\/comments?post=613"}],"version-history":[{"count":11,"href":"https:\/\/litteraturbanken.se\/ljudochbild\/wp-json\/wp\/v2\/pages\/613\/revisions"}],"predecessor-version":[{"id":12035,"href":"https:\/\/litteraturbanken.se\/ljudochbild\/wp-json\/wp\/v2\/pages\/613\/revisions\/12035"}],"up":[{"embeddable":true,"href":"https:\/\/litteraturbanken.se\/ljudochbild\/wp-json\/wp\/v2\/pages\/7"}],"wp:featuredmedia":[{"embeddable":true,"href":"https:\/\/litteraturbanken.se\/ljudochbild\/wp-json\/wp\/v2\/media\/997"}],"wp:attachment":[{"href":"https:\/\/litteraturbanken.se\/ljudochbild\/wp-json\/wp\/v2\/media?parent=613"}],"curies":[{"name":"wp","href":"https:\/\/api.w.org\/{rel}","templated":true}]}}