{"id":615,"date":"2019-08-13T13:53:57","date_gmt":"2019-08-13T11:53:57","guid":{"rendered":"http:\/\/ordfabriken.org\/ljud\/?page_id=615"},"modified":"2024-09-16T14:36:15","modified_gmt":"2024-09-16T12:36:15","slug":"bellmancm","status":"publish","type":"page","link":"https:\/\/litteraturbanken.se\/ljudochbild\/forfattare\/bellmancm\/","title":{"rendered":"Carl Michael Bellman (1740\u20131795)"},"content":{"rendered":"<div class=\"wp-block-image\">\n<figure class=\"alignright\"><img loading=\"lazy\" decoding=\"async\" width=\"300\" height=\"236\" src=\"https:\/\/litteraturbanken.se\/ljudochbild\/wp-content\/uploads\/2019\/09\/BellmanCM_large-300x236.jpeg\" alt=\"\" class=\"wp-image-999\" srcset=\"https:\/\/litteraturbanken.se\/ljudochbild\/wp-content\/uploads\/2019\/09\/BellmanCM_large-300x236.jpeg 300w, https:\/\/litteraturbanken.se\/ljudochbild\/wp-content\/uploads\/2019\/09\/BellmanCM_large-480x378.jpeg 480w, https:\/\/litteraturbanken.se\/ljudochbild\/wp-content\/uploads\/2019\/09\/BellmanCM_large.jpeg 699w\" sizes=\"auto, (max-width: 300px) 100vw, 300px\" \/><\/figure>\n<\/div>\n\n\n<p>\u201dCARL MICHAEL BELLMAN (1740-95) inledde en lovande karri\u00e4r som \u00e4mnessven i Vetenskapsakademien och tj\u00e4nsteman i Riksbanken. Efter att hans f\u00f6r\u00e4ldrar drabbats av ekonomiska sv\u00e5righeter f\u00f6rlorade Bellman sitt pekuni\u00e4ra fotf\u00e4ste samtidigt som han b\u00f6rjade umg\u00e5s i en ny bekantskapskrets d\u00e4r dryckeslag och allehanda f\u00f6rlustelser stod h\u00f6gt p\u00e5 dagordningen. \u00c4mbetsmannen blev i ett slag bohem och diktare. Under 1760-talet n\u00e5r han ryktbarhet som viss\u00e5ngare och svirare. Som estrad\u00f6r g\u00f6r han sig ett namn med framtr\u00e4danden d\u00e4r han sjunger, spelar och ensam gestaltar flera roller. Visorna utarbetas efter en s\u00e4rskild ber\u00e4ttar- och framtr\u00e4dandeteknik d\u00e4r samtal, ljudh\u00e4rmande effekter och s\u00e5ngpartier v\u00e4xlar. I\u00a0<a href=\"https:\/\/litteraturbanken.se\/forfattare\/BellmanCM\/titlar\/Dikter1\/sida\/I\/faksimil\"><em>Fredmans epistlar<\/em><\/a>\u00a0\u2013 ett samlingsverk f\u00f6rst utgivet 1790 \u2013 blir det tydligt hur Bellman drivit denna blandteknik till sin spets. Hans liv tar \u00e5ter en ny v\u00e4ndning d\u00e5 Gustaf III kommer till makten 1772. Bellman, som diktat kungens sk\u00e5l, blir hovpoet med kunglig pension och sedermera sekreterare i Nummerlotteriet. De gyllene salarna \u00f6ppnas d\u00e4rmed f\u00f6r den medell\u00f6se bohemen. Han blir k\u00e4nd som \u2019den svenske Anakreon\u2019 och f\u00e5r status av full\u00f6dig poet. Genom sin karakt\u00e4r av s\u00e4llskapsdiktning, tillf\u00e4llesdikt och personhistoria ger Bellmans verk en m\u00e5ngfacetterad bild av sin samtids diktarroll och umg\u00e4ngesliv.\u201d<\/p>\n\n\n\n<p>Stycket ovanf\u00f6r kommer ur Lotta Lotass introduktion av Carl Michael Bellman hos Litteraturbanken.<\/p>\n\n\n\n<div class=\"wp-block-buttons is-layout-flex wp-block-buttons-is-layout-flex\">\n<div class=\"wp-block-button has-custom-font-size read-more-button\" style=\"font-size:14px\"><a class=\"wp-block-button__link has-white-color has-text-color has-background wp-element-button\" href=\"https:\/\/litteraturbanken.se\/f%C3%B6rfattare\/BellmanCM\" style=\"border-radius:0px;background-color:#cd2400\" target=\"_blank\" rel=\"noopener\"><strong>L\u00c4S MER OM C.M. BELLMAN<\/strong><\/a><\/div>\n\n\n\n<div class=\"wp-block-button has-custom-font-size read-more-button\" style=\"font-size:14px\"><a class=\"wp-block-button__link has-white-color has-text-color has-background wp-element-button\" href=\"https:\/\/litteraturbanken.se\/f%C3%B6rfattare\/BellmanCM\/titlar\" style=\"border-radius:0px;background-color:#cd2400\" target=\"_blank\" rel=\"noopener\"><strong>L\u00c4S C.M. BELLMANS VERK HOS LB.SE<\/strong><\/a><\/div>\n<\/div>\n\n\n\n<div style=\"height:20px\" aria-hidden=\"true\" class=\"wp-block-spacer\"><\/div>\n\n\n\n<div class=\"wp-playlist wp-audio-playlist wp-playlist-light\">\n\t\t\t<div class=\"wp-playlist-current-item\"><\/div>\n\t\t<audio controls=\"controls\" preload=\"none\" width=\"618\"\n\t\t\t><\/audio>\n\t<div class=\"wp-playlist-next\"><\/div>\n\t<div class=\"wp-playlist-prev\"><\/div>\n\t<noscript>\n\t<ol>\n\t\t<li><a href='https:\/\/litteraturbanken.se\/ljudochbild\/wp-content\/uploads\/2019\/09\/bellman_acksakallomsinahander_bagge.mp3'>Ack s\u00e5 kall om sina h\u00e4nder!<\/a><\/li><li><a href='https:\/\/litteraturbanken.se\/ljudochbild\/wp-content\/uploads\/2019\/09\/bellman_bortmedvettochsundatanckar_bagge.mp3'>Bort med vett och sunda Tanckar<\/a><\/li><li><a href='https:\/\/litteraturbanken.se\/ljudochbild\/wp-content\/uploads\/2019\/09\/bellman_harjagblottentrogenvan_bagge.mp3'>Har jag blott en trogen v\u00e4n ell\u2019 tv\u00e5<\/a><\/li><li><a href='https:\/\/litteraturbanken.se\/ljudochbild\/wp-content\/uploads\/2019\/09\/bellman_karlekochbacchus_bagge.mp3'>K\u00e4rlek och Bacchus<\/a><\/li><li><a href='https:\/\/litteraturbanken.se\/ljudochbild\/wp-content\/uploads\/2019\/09\/bellman_rattnudrages_helgeson-1.mp3'>R\u00e4tt nu drages...<\/a><\/li><li><a href='https:\/\/litteraturbanken.se\/ljudochbild\/wp-content\/uploads\/2019\/09\/bellman_sommarmorgon_bagge.mp3'>Sommarmorgon. Pastoral den 2. Augusti 1787<\/a><\/li>\t<\/ol>\n\t<\/noscript>\n\t<script type=\"application\/json\" class=\"wp-playlist-script\">{\"type\":\"audio\",\"tracklist\":true,\"tracknumbers\":true,\"images\":true,\"artists\":true,\"tracks\":[{\"src\":\"https:\/\/litteraturbanken.se\/ljudochbild\/wp-content\/uploads\/2019\/09\/bellman_acksakallomsinahander_bagge.mp3\",\"type\":\"audio\/mpeg\",\"title\":\"Ack s\\u00e5 kall om sina h\\u00e4nder!\",\"caption\":\"\",\"description\":\"\\\"Ack s\\u00e5 kall om sina h\\u00e4nder!\\\" fr\\u00e5n Martin Bagges musikaliska vandring (del 5 av 5) av Martin Bagge. Sl\\u00e4ppt: 2017. Sp\\u00e5r 5 av 8. Genre: Folk.\",\"meta\":{\"artist\":\"Martin Bagge framf\\u00f6r Carl Michael Bellman\",\"album\":\"Carl Michael Bellman\",\"genre\":\"Folk\",\"year\":\"2017\",\"length_formatted\":\"1:09\"},\"image\":{\"src\":\"https:\/\/litteraturbanken.se\/ljudochbild\/wp-content\/uploads\/2021\/02\/lb_albumart.png\",\"width\":580,\"height\":612},\"thumb\":{\"src\":\"https:\/\/litteraturbanken.se\/ljudochbild\/wp-content\/uploads\/2021\/02\/lb_albumart-150x150.png\",\"width\":150,\"height\":150}},{\"src\":\"https:\/\/litteraturbanken.se\/ljudochbild\/wp-content\/uploads\/2019\/09\/bellman_bortmedvettochsundatanckar_bagge.mp3\",\"type\":\"audio\/mpeg\",\"title\":\"Bort med vett och sunda Tanckar\",\"caption\":\"\",\"description\":\"\\\"Bort med vett och sunda Tanckar\\\" fr\\u00e5n Martin Bagges musikaliska vandring (del 1 av 5). Sl\\u00e4ppt: 2017. Sp\\u00e5r 2 av 6. Genre: Vocal.\",\"meta\":{\"artist\":\"Martin Bagge framf\\u00f6r Carl Michael Bellman\",\"album\":\"Carl Michael Bellman\",\"genre\":\"Vocal\",\"year\":\"2017\",\"length_formatted\":\"0:35\"},\"image\":{\"src\":\"https:\/\/litteraturbanken.se\/ljudochbild\/wp-content\/plugins\/media-library-assistant\/images\/crystal\/audio.png\",\"width\":48,\"height\":64},\"thumb\":{\"src\":\"https:\/\/litteraturbanken.se\/ljudochbild\/wp-content\/plugins\/media-library-assistant\/images\/crystal\/audio.png\",\"width\":48,\"height\":64}},{\"src\":\"https:\/\/litteraturbanken.se\/ljudochbild\/wp-content\/uploads\/2019\/09\/bellman_harjagblottentrogenvan_bagge.mp3\",\"type\":\"audio\/mpeg\",\"title\":\"Har jag blott en trogen v\\u00e4n ell\\u2019 tv\\u00e5\",\"caption\":\"\",\"description\":\"\\\"Har jag blott en trogen v\\u00e4n ell\\u2019 tv\\u00e5\\\" fr\\u00e5n Martin Bagges musikaliska vandring (del 1 av 5). Sl\\u00e4ppt: 2017. Sp\\u00e5r 3 av 6. Genre: Vocal.\",\"meta\":{\"artist\":\"Martin Bagge framf\\u00f6r Carl Michael Bellman\",\"album\":\"Carl Michael Bellman\",\"genre\":\"Vocal\",\"year\":\"2017\",\"length_formatted\":\"1:17\"},\"image\":{\"src\":\"https:\/\/litteraturbanken.se\/ljudochbild\/wp-content\/plugins\/media-library-assistant\/images\/crystal\/audio.png\",\"width\":48,\"height\":64},\"thumb\":{\"src\":\"https:\/\/litteraturbanken.se\/ljudochbild\/wp-content\/plugins\/media-library-assistant\/images\/crystal\/audio.png\",\"width\":48,\"height\":64}},{\"src\":\"https:\/\/litteraturbanken.se\/ljudochbild\/wp-content\/uploads\/2019\/09\/bellman_karlekochbacchus_bagge.mp3\",\"type\":\"audio\/mpeg\",\"title\":\"K\\u00e4rlek och Bacchus\",\"caption\":\"\",\"description\":\"\\\"K\\u00e4rlek och Bacchus\\\" fr\\u00e5n Martin Bagges musikaliska vandring (del 2 av 5) av Martin Bagge. Sp\\u00e5r 4 av 10.\",\"meta\":{\"artist\":\"Martin Bagge framf\\u00f6r Carl Michael Bellman\",\"album\":\"Carl Michael Bellman\",\"length_formatted\":\"1:08\"},\"image\":{\"src\":\"https:\/\/litteraturbanken.se\/ljudochbild\/wp-content\/plugins\/media-library-assistant\/images\/crystal\/audio.png\",\"width\":48,\"height\":64},\"thumb\":{\"src\":\"https:\/\/litteraturbanken.se\/ljudochbild\/wp-content\/plugins\/media-library-assistant\/images\/crystal\/audio.png\",\"width\":48,\"height\":64}},{\"src\":\"https:\/\/litteraturbanken.se\/ljudochbild\/wp-content\/uploads\/2019\/09\/bellman_rattnudrages_helgeson-1.mp3\",\"type\":\"audio\/mpeg\",\"title\":\"R\\u00e4tt nu drages...\",\"caption\":\"\",\"description\":\"\\\"R\\u00e4tt nu drages... \\\" fr\\u00e5n Julklappsboken av Bellman, Carl Michael.\",\"meta\":{\"artist\":\"Paulina Helgeson l\\u00e4ser Carl Michael Bellman\",\"album\":\"Carl Michael Bellman\",\"length_formatted\":\"1:20\"},\"image\":{\"src\":\"https:\/\/litteraturbanken.se\/ljudochbild\/wp-content\/uploads\/2019\/09\/wide_gub_wide-mp3-image.png\",\"width\":580,\"height\":612},\"thumb\":{\"src\":\"https:\/\/litteraturbanken.se\/ljudochbild\/wp-content\/uploads\/2019\/09\/wide_gub_wide-mp3-image-150x150.png\",\"width\":150,\"height\":150}},{\"src\":\"https:\/\/litteraturbanken.se\/ljudochbild\/wp-content\/uploads\/2019\/09\/bellman_sommarmorgon_bagge.mp3\",\"type\":\"audio\/mpeg\",\"title\":\"Sommarmorgon. Pastoral den 2. Augusti 1787\",\"caption\":\"\",\"description\":\"\\\"Sommarmorgon. Pastoral den 2. Augusti 1787\\\" fr\\u00e5n Martin Bagges musikaliska vandring (del 5 av 5) av Martin Bagge. Sl\\u00e4ppt: 2017. Sp\\u00e5r 6 av 8. Genre: Folk.\",\"meta\":{\"artist\":\"Martin Bagge framf\\u00f6r Carl Michael Bellman\",\"album\":\"Carl Michael Bellman\",\"genre\":\"Folk\",\"year\":\"2017\",\"length_formatted\":\"4:19\"},\"image\":{\"src\":\"https:\/\/litteraturbanken.se\/ljudochbild\/wp-content\/plugins\/media-library-assistant\/images\/crystal\/audio.png\",\"width\":48,\"height\":64},\"thumb\":{\"src\":\"https:\/\/litteraturbanken.se\/ljudochbild\/wp-content\/plugins\/media-library-assistant\/images\/crystal\/audio.png\",\"width\":48,\"height\":64}}]}<\/script>\n<\/div>\n\t\n\n\n<h3 class=\"wp-block-heading author-related-title\">L\u00e4s mer<\/h3>\r\n<div class=\"display-posts-listing grid\"><div class=\"listing-item\"><a class=\"image\" href=\"https:\/\/litteraturbanken.se\/ljudochbild\/2023\/09\/18\/las-in-en-klassiker\/\"><img loading=\"lazy\" decoding=\"async\" width=\"640\" height=\"960\" src=\"https:\/\/litteraturbanken.se\/ljudochbild\/wp-content\/uploads\/2023\/09\/bokmassan_inlasningar-683x1024.jpg\" class=\"attachment-large size-large wp-post-image\" alt=\"L\u00e4s in en klassiker. B\u00f6cker med mikrofon\" srcset=\"https:\/\/litteraturbanken.se\/ljudochbild\/wp-content\/uploads\/2023\/09\/bokmassan_inlasningar-683x1024.jpg 683w, https:\/\/litteraturbanken.se\/ljudochbild\/wp-content\/uploads\/2023\/09\/bokmassan_inlasningar-200x300.jpg 200w, https:\/\/litteraturbanken.se\/ljudochbild\/wp-content\/uploads\/2023\/09\/bokmassan_inlasningar-768x1152.jpg 768w, https:\/\/litteraturbanken.se\/ljudochbild\/wp-content\/uploads\/2023\/09\/bokmassan_inlasningar-1024x1536.jpg 1024w, https:\/\/litteraturbanken.se\/ljudochbild\/wp-content\/uploads\/2023\/09\/bokmassan_inlasningar-480x720.jpg 480w, https:\/\/litteraturbanken.se\/ljudochbild\/wp-content\/uploads\/2023\/09\/bokmassan_inlasningar.jpg 1200w\" sizes=\"auto, (max-width: 640px) 100vw, 640px\" \/><\/a> <a class=\"title\" href=\"https:\/\/litteraturbanken.se\/ljudochbild\/2023\/09\/18\/las-in-en-klassiker\/\">L\u00e4s in en klassiker<\/a><\/div><div class=\"listing-item\"><a class=\"image\" href=\"https:\/\/litteraturbanken.se\/ljudochbild\/2019\/11\/06\/stockholm-1861\/\"><img loading=\"lazy\" decoding=\"async\" width=\"640\" height=\"461\" src=\"https:\/\/litteraturbanken.se\/ljudochbild\/wp-content\/uploads\/2019\/11\/lb2791598_4_0001-1024x738.jpg\" class=\"attachment-large size-large wp-post-image\" alt=\"\" srcset=\"https:\/\/litteraturbanken.se\/ljudochbild\/wp-content\/uploads\/2019\/11\/lb2791598_4_0001-1024x738.jpg 1024w, https:\/\/litteraturbanken.se\/ljudochbild\/wp-content\/uploads\/2019\/11\/lb2791598_4_0001-300x216.jpg 300w, https:\/\/litteraturbanken.se\/ljudochbild\/wp-content\/uploads\/2019\/11\/lb2791598_4_0001-768x553.jpg 768w, https:\/\/litteraturbanken.se\/ljudochbild\/wp-content\/uploads\/2019\/11\/lb2791598_4_0001-480x346.jpg 480w, https:\/\/litteraturbanken.se\/ljudochbild\/wp-content\/uploads\/2019\/11\/lb2791598_4_0001.jpg 1284w\" sizes=\"auto, (max-width: 640px) 100vw, 640px\" \/><\/a> <a class=\"title\" href=\"https:\/\/litteraturbanken.se\/ljudochbild\/2019\/11\/06\/stockholm-1861\/\">Stockholm 1861<\/a><\/div><div class=\"listing-item\"><a class=\"image\" href=\"https:\/\/litteraturbanken.se\/ljudochbild\/2019\/09\/22\/en-julklappsbok\/\"><img loading=\"lazy\" decoding=\"async\" width=\"450\" height=\"532\" src=\"https:\/\/litteraturbanken.se\/ljudochbild\/wp-content\/uploads\/2019\/09\/jul-e1567628161620.png\" class=\"attachment-large size-large wp-post-image\" alt=\"\" srcset=\"https:\/\/litteraturbanken.se\/ljudochbild\/wp-content\/uploads\/2019\/09\/jul-e1567628161620.png 450w, https:\/\/litteraturbanken.se\/ljudochbild\/wp-content\/uploads\/2019\/09\/jul-e1567628161620-254x300.png 254w\" sizes=\"auto, (max-width: 450px) 100vw, 450px\" \/><\/a> <a class=\"title\" href=\"https:\/\/litteraturbanken.se\/ljudochbild\/2019\/09\/22\/en-julklappsbok\/\">Julklappsboken<\/a><\/div><\/div>\r\n\r\n\n","protected":false},"excerpt":{"rendered":"<p>\u201dCARL MICHAEL BELLMAN (1740-95) inledde en lovande karri\u00e4r som \u00e4mnessven i Vetenskapsakademien och tj\u00e4nsteman i Riksbanken. Efter att hans f\u00f6r\u00e4ldrar drabbats av ekonomiska sv\u00e5righeter f\u00f6rlorade Bellman sitt pekuni\u00e4ra fotf\u00e4ste samtidigt som han b\u00f6rjade umg\u00e5s i en ny bekantskapskrets [&hellip;]<\/p>\n","protected":false},"author":1,"featured_media":1826,"parent":7,"menu_order":0,"comment_status":"closed","ping_status":"closed","template":"","meta":{"footnotes":""},"class_list":["post-615","page","type-page","status-publish","has-post-thumbnail","hentry"],"yoast_head":"<!-- This site is optimized with the Yoast SEO plugin v27.1.1 - https:\/\/yoast.com\/product\/yoast-seo-wordpress\/ -->\n<title>Carl Michael Bellman (1740\u20131795) - Ljud &amp; Bild<\/title>\n<meta name=\"robots\" content=\"index, follow, max-snippet:-1, max-image-preview:large, max-video-preview:-1\" \/>\n<link rel=\"canonical\" href=\"https:\/\/litteraturbanken.se\/ljudochbild\/forfattare\/bellmancm\/\" \/>\n<meta property=\"og:locale\" content=\"sv_SE\" \/>\n<meta property=\"og:type\" content=\"article\" \/>\n<meta property=\"og:title\" content=\"Carl Michael Bellman (1740\u20131795) - Ljud &amp; Bild\" \/>\n<meta property=\"og:description\" content=\"\u201dCARL MICHAEL BELLMAN (1740-95) inledde en lovande karri\u00e4r som \u00e4mnessven i Vetenskapsakademien och tj\u00e4nsteman i Riksbanken. Efter att hans f\u00f6r\u00e4ldrar drabbats av ekonomiska sv\u00e5righeter f\u00f6rlorade Bellman sitt pekuni\u00e4ra fotf\u00e4ste samtidigt som han b\u00f6rjade umg\u00e5s i en ny bekantskapskrets [&hellip;]\" \/>\n<meta property=\"og:url\" content=\"https:\/\/litteraturbanken.se\/ljudochbild\/forfattare\/bellmancm\/\" \/>\n<meta property=\"og:site_name\" content=\"Ljud &amp; Bild\" \/>\n<meta property=\"article:publisher\" content=\"https:\/\/www.facebook.com\/Litteraturbanken.se\" \/>\n<meta property=\"article:modified_time\" content=\"2024-09-16T12:36:15+00:00\" \/>\n<meta property=\"og:image\" content=\"https:\/\/litteraturbanken.se\/ljudochbild\/wp-content\/uploads\/2019\/09\/BellmanCM_large-1.jpeg\" \/>\n\t<meta property=\"og:image:width\" content=\"699\" \/>\n\t<meta property=\"og:image:height\" content=\"550\" \/>\n\t<meta property=\"og:image:type\" content=\"image\/jpeg\" \/>\n<meta name=\"twitter:card\" content=\"summary_large_image\" \/>\n<meta name=\"twitter:site\" content=\"@litteraturbank\" \/>\n<meta name=\"twitter:label1\" content=\"Ber\u00e4knad l\u00e4stid\" \/>\n\t<meta name=\"twitter:data1\" content=\"2 minuter\" \/>\n<script type=\"application\/ld+json\" class=\"yoast-schema-graph\">{\"@context\":\"https:\/\/schema.org\",\"@graph\":[{\"@type\":\"WebPage\",\"@id\":\"https:\/\/litteraturbanken.se\/ljudochbild\/forfattare\/bellmancm\/\",\"url\":\"https:\/\/litteraturbanken.se\/ljudochbild\/forfattare\/bellmancm\/\",\"name\":\"Carl Michael Bellman (1740\u20131795) - Ljud &amp; Bild\",\"isPartOf\":{\"@id\":\"https:\/\/litteraturbanken.se\/ljudochbild\/#website\"},\"primaryImageOfPage\":{\"@id\":\"https:\/\/litteraturbanken.se\/ljudochbild\/forfattare\/bellmancm\/#primaryimage\"},\"image\":{\"@id\":\"https:\/\/litteraturbanken.se\/ljudochbild\/forfattare\/bellmancm\/#primaryimage\"},\"thumbnailUrl\":\"https:\/\/litteraturbanken.se\/ljudochbild\/wp-content\/uploads\/2019\/09\/BellmanCM_large-1.jpeg\",\"datePublished\":\"2019-08-13T11:53:57+00:00\",\"dateModified\":\"2024-09-16T12:36:15+00:00\",\"breadcrumb\":{\"@id\":\"https:\/\/litteraturbanken.se\/ljudochbild\/forfattare\/bellmancm\/#breadcrumb\"},\"inLanguage\":\"sv-SE\",\"potentialAction\":[{\"@type\":\"ReadAction\",\"target\":[\"https:\/\/litteraturbanken.se\/ljudochbild\/forfattare\/bellmancm\/\"]}]},{\"@type\":\"ImageObject\",\"inLanguage\":\"sv-SE\",\"@id\":\"https:\/\/litteraturbanken.se\/ljudochbild\/forfattare\/bellmancm\/#primaryimage\",\"url\":\"https:\/\/litteraturbanken.se\/ljudochbild\/wp-content\/uploads\/2019\/09\/BellmanCM_large-1.jpeg\",\"contentUrl\":\"https:\/\/litteraturbanken.se\/ljudochbild\/wp-content\/uploads\/2019\/09\/BellmanCM_large-1.jpeg\",\"width\":699,\"height\":550},{\"@type\":\"BreadcrumbList\",\"@id\":\"https:\/\/litteraturbanken.se\/ljudochbild\/forfattare\/bellmancm\/#breadcrumb\",\"itemListElement\":[{\"@type\":\"ListItem\",\"position\":1,\"name\":\"Hem\",\"item\":\"https:\/\/litteraturbanken.se\/ljudochbild\/\"},{\"@type\":\"ListItem\",\"position\":2,\"name\":\"F\u00f6rfattare\",\"item\":\"https:\/\/litteraturbanken.se\/ljudochbild\/forfattare\/\"},{\"@type\":\"ListItem\",\"position\":3,\"name\":\"Carl Michael Bellman (1740\u20131795)\"}]},{\"@type\":\"WebSite\",\"@id\":\"https:\/\/litteraturbanken.se\/ljudochbild\/#website\",\"url\":\"https:\/\/litteraturbanken.se\/ljudochbild\/\",\"name\":\"Ljud & Bild\",\"description\":\"Ur Litteraturbankens samlingar\",\"potentialAction\":[{\"@type\":\"SearchAction\",\"target\":{\"@type\":\"EntryPoint\",\"urlTemplate\":\"https:\/\/litteraturbanken.se\/ljudochbild\/?s={search_term_string}\"},\"query-input\":{\"@type\":\"PropertyValueSpecification\",\"valueRequired\":true,\"valueName\":\"search_term_string\"}}],\"inLanguage\":\"sv-SE\"}]}<\/script>\n<!-- \/ Yoast SEO plugin. -->","yoast_head_json":{"title":"Carl Michael Bellman (1740\u20131795) - Ljud &amp; Bild","robots":{"index":"index","follow":"follow","max-snippet":"max-snippet:-1","max-image-preview":"max-image-preview:large","max-video-preview":"max-video-preview:-1"},"canonical":"https:\/\/litteraturbanken.se\/ljudochbild\/forfattare\/bellmancm\/","og_locale":"sv_SE","og_type":"article","og_title":"Carl Michael Bellman (1740\u20131795) - Ljud &amp; Bild","og_description":"\u201dCARL MICHAEL BELLMAN (1740-95) inledde en lovande karri\u00e4r som \u00e4mnessven i Vetenskapsakademien och tj\u00e4nsteman i Riksbanken. Efter att hans f\u00f6r\u00e4ldrar drabbats av ekonomiska sv\u00e5righeter f\u00f6rlorade Bellman sitt pekuni\u00e4ra fotf\u00e4ste samtidigt som han b\u00f6rjade umg\u00e5s i en ny bekantskapskrets [&hellip;]","og_url":"https:\/\/litteraturbanken.se\/ljudochbild\/forfattare\/bellmancm\/","og_site_name":"Ljud &amp; Bild","article_publisher":"https:\/\/www.facebook.com\/Litteraturbanken.se","article_modified_time":"2024-09-16T12:36:15+00:00","og_image":[{"width":699,"height":550,"url":"https:\/\/litteraturbanken.se\/ljudochbild\/wp-content\/uploads\/2019\/09\/BellmanCM_large-1.jpeg","type":"image\/jpeg"}],"twitter_card":"summary_large_image","twitter_site":"@litteraturbank","twitter_misc":{"Ber\u00e4knad l\u00e4stid":"2 minuter"},"schema":{"@context":"https:\/\/schema.org","@graph":[{"@type":"WebPage","@id":"https:\/\/litteraturbanken.se\/ljudochbild\/forfattare\/bellmancm\/","url":"https:\/\/litteraturbanken.se\/ljudochbild\/forfattare\/bellmancm\/","name":"Carl Michael Bellman (1740\u20131795) - Ljud &amp; Bild","isPartOf":{"@id":"https:\/\/litteraturbanken.se\/ljudochbild\/#website"},"primaryImageOfPage":{"@id":"https:\/\/litteraturbanken.se\/ljudochbild\/forfattare\/bellmancm\/#primaryimage"},"image":{"@id":"https:\/\/litteraturbanken.se\/ljudochbild\/forfattare\/bellmancm\/#primaryimage"},"thumbnailUrl":"https:\/\/litteraturbanken.se\/ljudochbild\/wp-content\/uploads\/2019\/09\/BellmanCM_large-1.jpeg","datePublished":"2019-08-13T11:53:57+00:00","dateModified":"2024-09-16T12:36:15+00:00","breadcrumb":{"@id":"https:\/\/litteraturbanken.se\/ljudochbild\/forfattare\/bellmancm\/#breadcrumb"},"inLanguage":"sv-SE","potentialAction":[{"@type":"ReadAction","target":["https:\/\/litteraturbanken.se\/ljudochbild\/forfattare\/bellmancm\/"]}]},{"@type":"ImageObject","inLanguage":"sv-SE","@id":"https:\/\/litteraturbanken.se\/ljudochbild\/forfattare\/bellmancm\/#primaryimage","url":"https:\/\/litteraturbanken.se\/ljudochbild\/wp-content\/uploads\/2019\/09\/BellmanCM_large-1.jpeg","contentUrl":"https:\/\/litteraturbanken.se\/ljudochbild\/wp-content\/uploads\/2019\/09\/BellmanCM_large-1.jpeg","width":699,"height":550},{"@type":"BreadcrumbList","@id":"https:\/\/litteraturbanken.se\/ljudochbild\/forfattare\/bellmancm\/#breadcrumb","itemListElement":[{"@type":"ListItem","position":1,"name":"Hem","item":"https:\/\/litteraturbanken.se\/ljudochbild\/"},{"@type":"ListItem","position":2,"name":"F\u00f6rfattare","item":"https:\/\/litteraturbanken.se\/ljudochbild\/forfattare\/"},{"@type":"ListItem","position":3,"name":"Carl Michael Bellman (1740\u20131795)"}]},{"@type":"WebSite","@id":"https:\/\/litteraturbanken.se\/ljudochbild\/#website","url":"https:\/\/litteraturbanken.se\/ljudochbild\/","name":"Ljud & Bild","description":"Ur Litteraturbankens samlingar","potentialAction":[{"@type":"SearchAction","target":{"@type":"EntryPoint","urlTemplate":"https:\/\/litteraturbanken.se\/ljudochbild\/?s={search_term_string}"},"query-input":{"@type":"PropertyValueSpecification","valueRequired":true,"valueName":"search_term_string"}}],"inLanguage":"sv-SE"}]}},"_links":{"self":[{"href":"https:\/\/litteraturbanken.se\/ljudochbild\/wp-json\/wp\/v2\/pages\/615","targetHints":{"allow":["GET"]}}],"collection":[{"href":"https:\/\/litteraturbanken.se\/ljudochbild\/wp-json\/wp\/v2\/pages"}],"about":[{"href":"https:\/\/litteraturbanken.se\/ljudochbild\/wp-json\/wp\/v2\/types\/page"}],"author":[{"embeddable":true,"href":"https:\/\/litteraturbanken.se\/ljudochbild\/wp-json\/wp\/v2\/users\/1"}],"replies":[{"embeddable":true,"href":"https:\/\/litteraturbanken.se\/ljudochbild\/wp-json\/wp\/v2\/comments?post=615"}],"version-history":[{"count":8,"href":"https:\/\/litteraturbanken.se\/ljudochbild\/wp-json\/wp\/v2\/pages\/615\/revisions"}],"predecessor-version":[{"id":12040,"href":"https:\/\/litteraturbanken.se\/ljudochbild\/wp-json\/wp\/v2\/pages\/615\/revisions\/12040"}],"up":[{"embeddable":true,"href":"https:\/\/litteraturbanken.se\/ljudochbild\/wp-json\/wp\/v2\/pages\/7"}],"wp:featuredmedia":[{"embeddable":true,"href":"https:\/\/litteraturbanken.se\/ljudochbild\/wp-json\/wp\/v2\/media\/1826"}],"wp:attachment":[{"href":"https:\/\/litteraturbanken.se\/ljudochbild\/wp-json\/wp\/v2\/media?parent=615"}],"curies":[{"name":"wp","href":"https:\/\/api.w.org\/{rel}","templated":true}]}}