{"id":617,"date":"2019-08-13T13:55:22","date_gmt":"2019-08-13T11:55:22","guid":{"rendered":"http:\/\/ordfabriken.org\/ljud\/?page_id=617"},"modified":"2024-09-16T14:40:18","modified_gmt":"2024-09-16T12:40:18","slug":"benedictssonv","status":"publish","type":"page","link":"https:\/\/litteraturbanken.se\/ljudochbild\/forfattare\/benedictssonv\/","title":{"rendered":"Victoria Benedictsson (1850\u20131888)"},"content":{"rendered":"<div class=\"wp-block-image\">\n<figure class=\"alignright\"><img loading=\"lazy\" decoding=\"async\" width=\"194\" height=\"300\" src=\"https:\/\/litteraturbanken.se\/ljudochbild\/wp-content\/uploads\/2019\/09\/BenedictssonV_large-194x300.jpeg\" alt=\"\" class=\"wp-image-1001\" srcset=\"https:\/\/litteraturbanken.se\/ljudochbild\/wp-content\/uploads\/2019\/09\/BenedictssonV_large-194x300.jpeg 194w, https:\/\/litteraturbanken.se\/ljudochbild\/wp-content\/uploads\/2019\/09\/BenedictssonV_large.jpeg 356w\" sizes=\"auto, (max-width: 194px) 100vw, 194px\" \/><\/figure>\n<\/div>\n\n\n<p>\u201dVICTORIA BENEDICTSSON (1850\u20131888), som skrev under pseudonymen Ernst Ahlgren, tillh\u00f6rde den grupp f\u00f6rfattare som har kallats \u2019\u00e5ttiotalets k\u00e4rna\u2019; hit kan ocks\u00e5 r\u00e4knas bland andra\u00a0<a href=\"https:\/\/litteraturbanken.se\/forfattare\/LevertinO\">Oscar Levertin<\/a>,\u00a0<a href=\"https:\/\/litteraturbanken.se\/forfattare\/HanssonO\">Ola Hansson<\/a>,\u00a0<a href=\"https:\/\/litteraturbanken.se\/forfattare\/LefflerAC\">Anne Charlotte Leffler<\/a>\u00a0och\u00a0<a href=\"https:\/\/litteraturbanken.se\/forfattare\/AgrellA\">Alfhild Agrell<\/a>. Nyckelord f\u00f6r denna f\u00f6rfattargeneration var verklighetsskildring, f\u00f6rfattarindividualitet, problemdebatt. En f\u00f6rebild fann man i den danske kritikern och litteraturhistorikern Georg Brandes som myntade termen \u2019det moderna genombrottet\u2019 f\u00f6r den litteratur som skrevs i Norden \u00e5ren f\u00f6re och kring sekelskiftet 1900. Genom sin n\u00e4ra v\u00e4n\u00a0<a href=\"https:\/\/litteraturbanken.se\/forfattare\/LundegardA\">Axel Lundeg\u00e5rd<\/a> l\u00e4rde Benedictsson k\u00e4nna Brandes och de tv\u00e5 inledde ett till synes kvalfyllt f\u00f6rh\u00e5llande. I sin dagbok \u2013\u00a0<em><a href=\"https:\/\/litteraturbanken.se\/forfattare\/BenedictssonV\/titlar\/StoraBokenI\/sida\/3\/etext\">Stora boken<\/a><\/em> (utgiven f\u00f6rst 1978\u20131985 i tre volymer) \u2013 skildrar Benedictsson deras relation i ett s\u00e4reget rollspel d\u00e4r Victoria, Ernst Ahlgren och Brandes talar i ett p\u00e5 samma g\u00e5ng h\u00f6gst personligt och djupt tidspr\u00e4glat drama. Kvinnorollen och f\u00f6rfattarrollen v\u00e4xlar och genomlyses i oskrymtade, pregnanta iakttagelser. Just kvinnans kringskurna tillvaro stod ofta i fokus f\u00f6r Benedictssons skrivande.\u201d<\/p>\n\n\n\n<p>Stycket ovanf\u00f6r kommer ur Lotta Lotass introduktion om Victoria Benedictsson hos Litteraturbanken.<\/p>\n\n\n\n<div class=\"wp-block-buttons is-layout-flex wp-block-buttons-is-layout-flex\">\n<div class=\"wp-block-button has-custom-font-size read-more-button\" style=\"font-size:14px\"><a class=\"wp-block-button__link has-white-color has-text-color has-background wp-element-button\" href=\"https:\/\/litteraturbanken.se\/f%C3%B6rfattare\/BenedictssonV\" style=\"border-radius:0px;background-color:#cd2400\" target=\"_blank\" rel=\"noopener\"><strong>L\u00c4S MER OM VICTORIA BENEDICTSSON<\/strong><\/a><\/div>\n\n\n\n<div class=\"wp-block-button has-custom-font-size read-more-button\" style=\"font-size:14px\"><a class=\"wp-block-button__link has-white-color has-text-color has-background wp-element-button\" href=\"https:\/\/litteraturbanken.se\/f%C3%B6rfattare\/BenedictssonV\/titlar\" style=\"border-radius:0px;background-color:#cd2400\" target=\"_blank\" rel=\"noopener\"><strong><b>L\u00c4S <\/b>VICTORIA BENEDICTSSONS<b> VERK HOS LB.SE<\/b><\/strong><\/a><\/div>\n<\/div>\n\n\n\n<div style=\"height:20px\" aria-hidden=\"true\" class=\"wp-block-spacer\"><\/div>\n\n\n\n<div class=\"wp-playlist wp-audio-playlist wp-playlist-light\">\n\t\t\t<div class=\"wp-playlist-current-item\"><\/div>\n\t\t<audio controls=\"controls\" preload=\"none\" width=\"618\"\n\t\t\t><\/audio>\n\t<div class=\"wp-playlist-next\"><\/div>\n\t<div class=\"wp-playlist-prev\"><\/div>\n\t<noscript>\n\t<ol>\n\t\t<li><a href='https:\/\/litteraturbanken.se\/ljudochbild\/wp-content\/uploads\/2020\/02\/benedictsson_cedergrengorsexaiqvall_elam.mp3'>Cedergren g\u00f6r sexa i qv\u00e4ll<\/a><\/li><li><a href='https:\/\/litteraturbanken.se\/ljudochbild\/wp-content\/uploads\/2019\/09\/benedictsson_jul_helgeson-1.mp3'>Jul<\/a><\/li><li><a href='https:\/\/litteraturbanken.se\/ljudochbild\/wp-content\/uploads\/2019\/09\/benedictsson_urmorkret_schiefauer.mp3'>Ur m\u00f6rkret<\/a><\/li><li><a href='https:\/\/litteraturbanken.se\/ljudochbild\/wp-content\/uploads\/2020\/08\/benedictsson_dagbok_claesson.mp3'>Ur Stora Boken (1885)<\/a><\/li>\t<\/ol>\n\t<\/noscript>\n\t<script type=\"application\/json\" class=\"wp-playlist-script\">{\"type\":\"audio\",\"tracklist\":true,\"tracknumbers\":true,\"images\":true,\"artists\":true,\"tracks\":[{\"src\":\"https:\/\/litteraturbanken.se\/ljudochbild\/wp-content\/uploads\/2020\/02\/benedictsson_cedergrengorsexaiqvall_elam.mp3\",\"type\":\"audio\/mpeg\",\"title\":\"Cedergren g\\u00f6r sexa i qv\\u00e4ll\",\"caption\":\"\",\"description\":\"\\\"Cedergren g\\u00f6r sexa i qv\\u00e4ll\\\" fr\\u00e5n Ingrid Elam l\\u00e4ser svenska noveller av Benedictsson, Victoria. Sl\\u00e4ppt: 2020. Sp\\u00e5r 4.\",\"meta\":{\"artist\":\"Ingrid Elam l\\u00e4ser Victoria Benedictsson\",\"album\":\"Victoria Benedictsson\",\"year\":\"2020\",\"length_formatted\":\"17:30\"},\"image\":{\"src\":\"https:\/\/litteraturbanken.se\/ljudochbild\/wp-content\/uploads\/2019\/09\/wide_gub_wide-mp3-image.png\",\"width\":580,\"height\":612},\"thumb\":{\"src\":\"https:\/\/litteraturbanken.se\/ljudochbild\/wp-content\/uploads\/2019\/09\/wide_gub_wide-mp3-image-150x150.png\",\"width\":150,\"height\":150}},{\"src\":\"https:\/\/litteraturbanken.se\/ljudochbild\/wp-content\/uploads\/2019\/09\/benedictsson_jul_helgeson-1.mp3\",\"type\":\"audio\/mpeg\",\"title\":\"Jul\",\"caption\":\"\",\"description\":\"\\\"Jul\\\" fr\\u00e5n Julklappsboken av Benedictsson, Victoria.\",\"meta\":{\"artist\":\"Paulina Helgeson l\\u00e4ser Victoria Benedictsson\",\"album\":\"Victoria Benedictsson\",\"length_formatted\":\"14:21\"},\"image\":{\"src\":\"https:\/\/litteraturbanken.se\/ljudochbild\/wp-content\/uploads\/2019\/09\/wide_gub_wide-mp3-image.png\",\"width\":580,\"height\":612},\"thumb\":{\"src\":\"https:\/\/litteraturbanken.se\/ljudochbild\/wp-content\/uploads\/2019\/09\/wide_gub_wide-mp3-image-150x150.png\",\"width\":150,\"height\":150}},{\"src\":\"https:\/\/litteraturbanken.se\/ljudochbild\/wp-content\/uploads\/2019\/09\/benedictsson_urmorkret_schiefauer.mp3\",\"type\":\"audio\/mpeg\",\"title\":\"Ur m\\u00f6rkret\",\"caption\":\"\",\"description\":\"\\\"Ur m\\u00f6rkret\\\" fr\\u00e5n Jessica Schiefauer l\\u00e4ser \\u201dIn my solitude\\u201d av Benedictsson, Victoria. Sl\\u00e4ppt: 2019. Sp\\u00e5r 6 av 10.\",\"meta\":{\"artist\":\"Jessica Schiefauer l\\u00e4ser Victoria Benedictsson\",\"album\":\"Victoria Benedictsson\",\"year\":\"2019\",\"length_formatted\":\"27:32\"},\"image\":{\"src\":\"https:\/\/litteraturbanken.se\/ljudochbild\/wp-content\/plugins\/media-library-assistant\/images\/crystal\/audio.png\",\"width\":48,\"height\":64},\"thumb\":{\"src\":\"https:\/\/litteraturbanken.se\/ljudochbild\/wp-content\/plugins\/media-library-assistant\/images\/crystal\/audio.png\",\"width\":48,\"height\":64}},{\"src\":\"https:\/\/litteraturbanken.se\/ljudochbild\/wp-content\/uploads\/2020\/08\/benedictsson_dagbok_claesson.mp3\",\"type\":\"audio\/mpeg\",\"title\":\"Ur Stora Boken (1885)\",\"caption\":\"\",\"description\":\"\\\"Ur Stora Boken (1885)\\\" fr\\u00e5n ETT HJ\\u00c4RTA I RYMDEN. Brev och dagb\\u00f6cker ur Litteraturbankens samlingar av Benedictsson, Victoria. Sl\\u00e4ppt: 2020. Sp\\u00e5r 2.\",\"meta\":{\"artist\":\"\\u201dEtt hj\\u00e4rta i rymden\\u201d. Brev och dagb\\u00f6cker ur Litteraturbankens samlingar\",\"album\":\"Victoria Benedictsson l\\u00e4st av Dick Cla\\u00e9sson\",\"year\":\"2020\",\"length_formatted\":\"11:00\"},\"image\":{\"src\":\"https:\/\/litteraturbanken.se\/ljudochbild\/wp-content\/uploads\/2019\/09\/wide_gub_wide-mp3-image.png\",\"width\":580,\"height\":612},\"thumb\":{\"src\":\"https:\/\/litteraturbanken.se\/ljudochbild\/wp-content\/uploads\/2019\/09\/wide_gub_wide-mp3-image-150x150.png\",\"width\":150,\"height\":150}}]}<\/script>\n<\/div>\n\t\n\n\n\n<div class=\"wp-block-group\"><div class=\"wp-block-group__inner-container is-layout-flow wp-block-group-is-layout-flow\"><h3 class=\"wp-block-heading author-related-title\">L\u00e4s mer<\/h3>\r\n<div class=\"display-posts-listing grid\"><div class=\"listing-item\"><a class=\"image\" href=\"https:\/\/litteraturbanken.se\/ljudochbild\/2020\/08\/21\/ett-hjarta-i-rymden\/\"><img loading=\"lazy\" decoding=\"async\" width=\"640\" height=\"510\" src=\"https:\/\/litteraturbanken.se\/ljudochbild\/wp-content\/uploads\/2020\/08\/start_bkg_aug2020-1024x816.jpg\" class=\"attachment-large size-large wp-post-image\" alt=\"\" srcset=\"https:\/\/litteraturbanken.se\/ljudochbild\/wp-content\/uploads\/2020\/08\/start_bkg_aug2020-1024x816.jpg 1024w, https:\/\/litteraturbanken.se\/ljudochbild\/wp-content\/uploads\/2020\/08\/start_bkg_aug2020-300x239.jpg 300w, https:\/\/litteraturbanken.se\/ljudochbild\/wp-content\/uploads\/2020\/08\/start_bkg_aug2020-768x612.jpg 768w, https:\/\/litteraturbanken.se\/ljudochbild\/wp-content\/uploads\/2020\/08\/start_bkg_aug2020-1536x1223.jpg 1536w, https:\/\/litteraturbanken.se\/ljudochbild\/wp-content\/uploads\/2020\/08\/start_bkg_aug2020-480x382.jpg 480w, https:\/\/litteraturbanken.se\/ljudochbild\/wp-content\/uploads\/2020\/08\/start_bkg_aug2020.jpg 2000w\" sizes=\"auto, (max-width: 640px) 100vw, 640px\" \/><\/a> <a class=\"title\" href=\"https:\/\/litteraturbanken.se\/ljudochbild\/2020\/08\/21\/ett-hjarta-i-rymden\/\">Ett hj\u00e4rta i rymden<\/a><\/div><div class=\"listing-item\"><a class=\"image\" href=\"https:\/\/litteraturbanken.se\/ljudochbild\/2019\/09\/22\/en-julklappsbok\/\"><img loading=\"lazy\" decoding=\"async\" width=\"450\" height=\"532\" src=\"https:\/\/litteraturbanken.se\/ljudochbild\/wp-content\/uploads\/2019\/09\/jul-e1567628161620.png\" class=\"attachment-large size-large wp-post-image\" alt=\"\" srcset=\"https:\/\/litteraturbanken.se\/ljudochbild\/wp-content\/uploads\/2019\/09\/jul-e1567628161620.png 450w, https:\/\/litteraturbanken.se\/ljudochbild\/wp-content\/uploads\/2019\/09\/jul-e1567628161620-254x300.png 254w\" sizes=\"auto, (max-width: 450px) 100vw, 450px\" \/><\/a> <a class=\"title\" href=\"https:\/\/litteraturbanken.se\/ljudochbild\/2019\/09\/22\/en-julklappsbok\/\">Julklappsboken<\/a><\/div><div class=\"listing-item\"><a class=\"image\" href=\"https:\/\/litteraturbanken.se\/ljudochbild\/2021\/06\/27\/mickwitz-messling\/\"><img loading=\"lazy\" decoding=\"async\" width=\"640\" height=\"986\" src=\"https:\/\/litteraturbanken.se\/ljudochbild\/wp-content\/uploads\/2021\/06\/gerdavonmickwitz_lila-665x1024.jpg\" class=\"attachment-large size-large wp-post-image\" alt=\"Gerda von Mickwitz\" srcset=\"https:\/\/litteraturbanken.se\/ljudochbild\/wp-content\/uploads\/2021\/06\/gerdavonmickwitz_lila-665x1024.jpg 665w, https:\/\/litteraturbanken.se\/ljudochbild\/wp-content\/uploads\/2021\/06\/gerdavonmickwitz_lila-195x300.jpg 195w, https:\/\/litteraturbanken.se\/ljudochbild\/wp-content\/uploads\/2021\/06\/gerdavonmickwitz_lila-768x1182.jpg 768w, https:\/\/litteraturbanken.se\/ljudochbild\/wp-content\/uploads\/2021\/06\/gerdavonmickwitz_lila-998x1536.jpg 998w, https:\/\/litteraturbanken.se\/ljudochbild\/wp-content\/uploads\/2021\/06\/gerdavonmickwitz_lila-480x739.jpg 480w, https:\/\/litteraturbanken.se\/ljudochbild\/wp-content\/uploads\/2021\/06\/gerdavonmickwitz_lila.jpg 1000w\" sizes=\"auto, (max-width: 640px) 100vw, 640px\" \/><\/a> <a class=\"title\" href=\"https:\/\/litteraturbanken.se\/ljudochbild\/2021\/06\/27\/mickwitz-messling\/\">Sedlighetsdebatten: ett utsnitt<\/a><\/div><\/div>\r\n\r\n\n<\/div><\/div>\n","protected":false},"excerpt":{"rendered":"<p>\u201dVICTORIA BENEDICTSSON (1850\u20131888), som skrev under pseudonymen Ernst Ahlgren, tillh\u00f6rde den grupp f\u00f6rfattare som har kallats \u2019\u00e5ttiotalets k\u00e4rna\u2019; hit kan ocks\u00e5 r\u00e4knas bland andra\u00a0Oscar Levertin,\u00a0Ola Hansson,\u00a0Anne Charlotte Leffler\u00a0och\u00a0Alfhild Agrell. Nyckelord f\u00f6r denna f\u00f6rfattargeneration var verklighetsskildring, f\u00f6rfattarindividualitet, problemdebatt. En [&hellip;]<\/p>\n","protected":false},"author":1,"featured_media":1824,"parent":7,"menu_order":0,"comment_status":"closed","ping_status":"closed","template":"","meta":{"footnotes":""},"class_list":["post-617","page","type-page","status-publish","has-post-thumbnail","hentry"],"yoast_head":"<!-- This site is optimized with the Yoast SEO plugin v27.1.1 - https:\/\/yoast.com\/product\/yoast-seo-wordpress\/ -->\n<title>Victoria Benedictsson (1850\u20131888) - Ljud &amp; Bild<\/title>\n<meta name=\"robots\" content=\"index, follow, max-snippet:-1, max-image-preview:large, max-video-preview:-1\" \/>\n<link rel=\"canonical\" href=\"https:\/\/litteraturbanken.se\/ljudochbild\/forfattare\/benedictssonv\/\" \/>\n<meta property=\"og:locale\" content=\"sv_SE\" \/>\n<meta property=\"og:type\" content=\"article\" \/>\n<meta property=\"og:title\" content=\"Victoria Benedictsson (1850\u20131888) - Ljud &amp; Bild\" \/>\n<meta property=\"og:description\" content=\"\u201dVICTORIA BENEDICTSSON (1850\u20131888), som skrev under pseudonymen Ernst Ahlgren, tillh\u00f6rde den grupp f\u00f6rfattare som har kallats \u2019\u00e5ttiotalets k\u00e4rna\u2019; hit kan ocks\u00e5 r\u00e4knas bland andra\u00a0Oscar Levertin,\u00a0Ola Hansson,\u00a0Anne Charlotte Leffler\u00a0och\u00a0Alfhild Agrell. Nyckelord f\u00f6r denna f\u00f6rfattargeneration var verklighetsskildring, f\u00f6rfattarindividualitet, problemdebatt. En [&hellip;]\" \/>\n<meta property=\"og:url\" content=\"https:\/\/litteraturbanken.se\/ljudochbild\/forfattare\/benedictssonv\/\" \/>\n<meta property=\"og:site_name\" content=\"Ljud &amp; Bild\" \/>\n<meta property=\"article:publisher\" content=\"https:\/\/www.facebook.com\/Litteraturbanken.se\" \/>\n<meta property=\"article:modified_time\" content=\"2024-09-16T12:40:18+00:00\" \/>\n<meta property=\"og:image\" content=\"https:\/\/litteraturbanken.se\/ljudochbild\/wp-content\/uploads\/2019\/09\/BenedictssonV_large-1.jpeg\" \/>\n\t<meta property=\"og:image:width\" content=\"356\" \/>\n\t<meta property=\"og:image:height\" content=\"550\" \/>\n\t<meta property=\"og:image:type\" content=\"image\/jpeg\" \/>\n<meta name=\"twitter:card\" content=\"summary_large_image\" \/>\n<meta name=\"twitter:site\" content=\"@litteraturbank\" \/>\n<meta name=\"twitter:label1\" content=\"Ber\u00e4knad l\u00e4stid\" \/>\n\t<meta name=\"twitter:data1\" content=\"2 minuter\" \/>\n<script type=\"application\/ld+json\" class=\"yoast-schema-graph\">{\"@context\":\"https:\/\/schema.org\",\"@graph\":[{\"@type\":\"WebPage\",\"@id\":\"https:\/\/litteraturbanken.se\/ljudochbild\/forfattare\/benedictssonv\/\",\"url\":\"https:\/\/litteraturbanken.se\/ljudochbild\/forfattare\/benedictssonv\/\",\"name\":\"Victoria Benedictsson (1850\u20131888) - Ljud &amp; Bild\",\"isPartOf\":{\"@id\":\"https:\/\/litteraturbanken.se\/ljudochbild\/#website\"},\"primaryImageOfPage\":{\"@id\":\"https:\/\/litteraturbanken.se\/ljudochbild\/forfattare\/benedictssonv\/#primaryimage\"},\"image\":{\"@id\":\"https:\/\/litteraturbanken.se\/ljudochbild\/forfattare\/benedictssonv\/#primaryimage\"},\"thumbnailUrl\":\"https:\/\/litteraturbanken.se\/ljudochbild\/wp-content\/uploads\/2019\/09\/BenedictssonV_large-1.jpeg\",\"datePublished\":\"2019-08-13T11:55:22+00:00\",\"dateModified\":\"2024-09-16T12:40:18+00:00\",\"breadcrumb\":{\"@id\":\"https:\/\/litteraturbanken.se\/ljudochbild\/forfattare\/benedictssonv\/#breadcrumb\"},\"inLanguage\":\"sv-SE\",\"potentialAction\":[{\"@type\":\"ReadAction\",\"target\":[\"https:\/\/litteraturbanken.se\/ljudochbild\/forfattare\/benedictssonv\/\"]}]},{\"@type\":\"ImageObject\",\"inLanguage\":\"sv-SE\",\"@id\":\"https:\/\/litteraturbanken.se\/ljudochbild\/forfattare\/benedictssonv\/#primaryimage\",\"url\":\"https:\/\/litteraturbanken.se\/ljudochbild\/wp-content\/uploads\/2019\/09\/BenedictssonV_large-1.jpeg\",\"contentUrl\":\"https:\/\/litteraturbanken.se\/ljudochbild\/wp-content\/uploads\/2019\/09\/BenedictssonV_large-1.jpeg\",\"width\":356,\"height\":550},{\"@type\":\"BreadcrumbList\",\"@id\":\"https:\/\/litteraturbanken.se\/ljudochbild\/forfattare\/benedictssonv\/#breadcrumb\",\"itemListElement\":[{\"@type\":\"ListItem\",\"position\":1,\"name\":\"Hem\",\"item\":\"https:\/\/litteraturbanken.se\/ljudochbild\/\"},{\"@type\":\"ListItem\",\"position\":2,\"name\":\"F\u00f6rfattare\",\"item\":\"https:\/\/litteraturbanken.se\/ljudochbild\/forfattare\/\"},{\"@type\":\"ListItem\",\"position\":3,\"name\":\"Victoria Benedictsson (1850\u20131888)\"}]},{\"@type\":\"WebSite\",\"@id\":\"https:\/\/litteraturbanken.se\/ljudochbild\/#website\",\"url\":\"https:\/\/litteraturbanken.se\/ljudochbild\/\",\"name\":\"Ljud & Bild\",\"description\":\"Ur Litteraturbankens samlingar\",\"potentialAction\":[{\"@type\":\"SearchAction\",\"target\":{\"@type\":\"EntryPoint\",\"urlTemplate\":\"https:\/\/litteraturbanken.se\/ljudochbild\/?s={search_term_string}\"},\"query-input\":{\"@type\":\"PropertyValueSpecification\",\"valueRequired\":true,\"valueName\":\"search_term_string\"}}],\"inLanguage\":\"sv-SE\"}]}<\/script>\n<!-- \/ Yoast SEO plugin. -->","yoast_head_json":{"title":"Victoria Benedictsson (1850\u20131888) - Ljud &amp; Bild","robots":{"index":"index","follow":"follow","max-snippet":"max-snippet:-1","max-image-preview":"max-image-preview:large","max-video-preview":"max-video-preview:-1"},"canonical":"https:\/\/litteraturbanken.se\/ljudochbild\/forfattare\/benedictssonv\/","og_locale":"sv_SE","og_type":"article","og_title":"Victoria Benedictsson (1850\u20131888) - Ljud &amp; Bild","og_description":"\u201dVICTORIA BENEDICTSSON (1850\u20131888), som skrev under pseudonymen Ernst Ahlgren, tillh\u00f6rde den grupp f\u00f6rfattare som har kallats \u2019\u00e5ttiotalets k\u00e4rna\u2019; hit kan ocks\u00e5 r\u00e4knas bland andra\u00a0Oscar Levertin,\u00a0Ola Hansson,\u00a0Anne Charlotte Leffler\u00a0och\u00a0Alfhild Agrell. Nyckelord f\u00f6r denna f\u00f6rfattargeneration var verklighetsskildring, f\u00f6rfattarindividualitet, problemdebatt. En [&hellip;]","og_url":"https:\/\/litteraturbanken.se\/ljudochbild\/forfattare\/benedictssonv\/","og_site_name":"Ljud &amp; Bild","article_publisher":"https:\/\/www.facebook.com\/Litteraturbanken.se","article_modified_time":"2024-09-16T12:40:18+00:00","og_image":[{"width":356,"height":550,"url":"https:\/\/litteraturbanken.se\/ljudochbild\/wp-content\/uploads\/2019\/09\/BenedictssonV_large-1.jpeg","type":"image\/jpeg"}],"twitter_card":"summary_large_image","twitter_site":"@litteraturbank","twitter_misc":{"Ber\u00e4knad l\u00e4stid":"2 minuter"},"schema":{"@context":"https:\/\/schema.org","@graph":[{"@type":"WebPage","@id":"https:\/\/litteraturbanken.se\/ljudochbild\/forfattare\/benedictssonv\/","url":"https:\/\/litteraturbanken.se\/ljudochbild\/forfattare\/benedictssonv\/","name":"Victoria Benedictsson (1850\u20131888) - Ljud &amp; Bild","isPartOf":{"@id":"https:\/\/litteraturbanken.se\/ljudochbild\/#website"},"primaryImageOfPage":{"@id":"https:\/\/litteraturbanken.se\/ljudochbild\/forfattare\/benedictssonv\/#primaryimage"},"image":{"@id":"https:\/\/litteraturbanken.se\/ljudochbild\/forfattare\/benedictssonv\/#primaryimage"},"thumbnailUrl":"https:\/\/litteraturbanken.se\/ljudochbild\/wp-content\/uploads\/2019\/09\/BenedictssonV_large-1.jpeg","datePublished":"2019-08-13T11:55:22+00:00","dateModified":"2024-09-16T12:40:18+00:00","breadcrumb":{"@id":"https:\/\/litteraturbanken.se\/ljudochbild\/forfattare\/benedictssonv\/#breadcrumb"},"inLanguage":"sv-SE","potentialAction":[{"@type":"ReadAction","target":["https:\/\/litteraturbanken.se\/ljudochbild\/forfattare\/benedictssonv\/"]}]},{"@type":"ImageObject","inLanguage":"sv-SE","@id":"https:\/\/litteraturbanken.se\/ljudochbild\/forfattare\/benedictssonv\/#primaryimage","url":"https:\/\/litteraturbanken.se\/ljudochbild\/wp-content\/uploads\/2019\/09\/BenedictssonV_large-1.jpeg","contentUrl":"https:\/\/litteraturbanken.se\/ljudochbild\/wp-content\/uploads\/2019\/09\/BenedictssonV_large-1.jpeg","width":356,"height":550},{"@type":"BreadcrumbList","@id":"https:\/\/litteraturbanken.se\/ljudochbild\/forfattare\/benedictssonv\/#breadcrumb","itemListElement":[{"@type":"ListItem","position":1,"name":"Hem","item":"https:\/\/litteraturbanken.se\/ljudochbild\/"},{"@type":"ListItem","position":2,"name":"F\u00f6rfattare","item":"https:\/\/litteraturbanken.se\/ljudochbild\/forfattare\/"},{"@type":"ListItem","position":3,"name":"Victoria Benedictsson (1850\u20131888)"}]},{"@type":"WebSite","@id":"https:\/\/litteraturbanken.se\/ljudochbild\/#website","url":"https:\/\/litteraturbanken.se\/ljudochbild\/","name":"Ljud & Bild","description":"Ur Litteraturbankens samlingar","potentialAction":[{"@type":"SearchAction","target":{"@type":"EntryPoint","urlTemplate":"https:\/\/litteraturbanken.se\/ljudochbild\/?s={search_term_string}"},"query-input":{"@type":"PropertyValueSpecification","valueRequired":true,"valueName":"search_term_string"}}],"inLanguage":"sv-SE"}]}},"_links":{"self":[{"href":"https:\/\/litteraturbanken.se\/ljudochbild\/wp-json\/wp\/v2\/pages\/617","targetHints":{"allow":["GET"]}}],"collection":[{"href":"https:\/\/litteraturbanken.se\/ljudochbild\/wp-json\/wp\/v2\/pages"}],"about":[{"href":"https:\/\/litteraturbanken.se\/ljudochbild\/wp-json\/wp\/v2\/types\/page"}],"author":[{"embeddable":true,"href":"https:\/\/litteraturbanken.se\/ljudochbild\/wp-json\/wp\/v2\/users\/1"}],"replies":[{"embeddable":true,"href":"https:\/\/litteraturbanken.se\/ljudochbild\/wp-json\/wp\/v2\/comments?post=617"}],"version-history":[{"count":9,"href":"https:\/\/litteraturbanken.se\/ljudochbild\/wp-json\/wp\/v2\/pages\/617\/revisions"}],"predecessor-version":[{"id":12042,"href":"https:\/\/litteraturbanken.se\/ljudochbild\/wp-json\/wp\/v2\/pages\/617\/revisions\/12042"}],"up":[{"embeddable":true,"href":"https:\/\/litteraturbanken.se\/ljudochbild\/wp-json\/wp\/v2\/pages\/7"}],"wp:featuredmedia":[{"embeddable":true,"href":"https:\/\/litteraturbanken.se\/ljudochbild\/wp-json\/wp\/v2\/media\/1824"}],"wp:attachment":[{"href":"https:\/\/litteraturbanken.se\/ljudochbild\/wp-json\/wp\/v2\/media?parent=617"}],"curies":[{"name":"wp","href":"https:\/\/api.w.org\/{rel}","templated":true}]}}