{"id":619,"date":"2019-08-13T13:56:23","date_gmt":"2019-08-13T11:56:23","guid":{"rendered":"http:\/\/ordfabriken.org\/ljud\/?page_id=619"},"modified":"2024-09-16T14:44:29","modified_gmt":"2024-09-16T12:44:29","slug":"bergmanb","status":"publish","type":"page","link":"https:\/\/litteraturbanken.se\/ljudochbild\/forfattare\/bergmanb\/","title":{"rendered":"Bo Bergman (1869\u20131967)"},"content":{"rendered":"<div class=\"wp-block-image\">\n<figure class=\"alignright\"><img loading=\"lazy\" decoding=\"async\" width=\"248\" height=\"300\" src=\"https:\/\/litteraturbanken.se\/ljudochbild\/wp-content\/uploads\/2019\/09\/BergmanB_large-248x300.jpeg\" alt=\"\" class=\"wp-image-1003\" srcset=\"https:\/\/litteraturbanken.se\/ljudochbild\/wp-content\/uploads\/2019\/09\/BergmanB_large-248x300.jpeg 248w, https:\/\/litteraturbanken.se\/ljudochbild\/wp-content\/uploads\/2019\/09\/BergmanB_large.jpeg 413w\" sizes=\"auto, (max-width: 248px) 100vw, 248px\" \/><\/figure>\n<\/div>\n\n\n<p>\u201dBO BERGMAN (1869\u20131967) debuterade 1903 med diktsamlingen\u00a0<em>Marionetterna<\/em>. I sin poesi sm\u00e4lter han samman \u00e5ttiotalisternas realism med nittiotalisternas sk\u00f6nhetsl\u00e4ngtan. Sociala missf\u00f6rh\u00e5llanden skildras med naturalismens blottl\u00e4ggande blick. Men naturlagarna blir hos Bergman inte best\u00e4mmande eller ob\u00f6nh\u00f6rliga; konsten, poesin frig\u00f6r m\u00e4nniskan fr\u00e5n hennes naturbundenhet och samh\u00e4lleliga begr\u00e4nsningar. Ofta skildrar han samtidens Stockholm ur den skarp\u00f6gde flan\u00f6rens perspektiv. H\u00e4r m\u00f6ter ocks\u00e5 inslag av en pessimism f\u00e4rgad av tidstypisk \u2019fin de si\u00e8cle\u2019, av en k\u00e4nsla av heml\u00f6shet i en modern, hastigt skiftande tid. N\u00e5gon tro p\u00e5 ett m\u00e4nsklighetens fram\u00e5tskridande finns h\u00e4r inte, om \u00e4n den skapande fantasin och den fria tanken st\u00e4ndigt bryter obegr\u00e4nsade banor genom misstr\u00f6stan och vemod. Bergman var ocks\u00e5 verksam som litteratur- och teaterkritiker. Han skrev \u00e4ven prosa och dramatik, men fann sitt starkaste uttryck i poesin. Den s\u00e4rpr\u00e4glade musikaliteten i Bergmans lyrik torde ha bidragit till att m\u00e5nga av hans dikter har tonsatts av bland andra Vilhelm Stenhammar och Ture Rangstr\u00f6m.\u201d<\/p>\n\n\n\n<p>Stycket ovanf\u00f6r har vi l\u00e5nat fr\u00e5n Lotta Lotass introduktion av Bo Bergman hos Litteraturbanken.<\/p>\n\n\n\n<div class=\"wp-block-buttons is-layout-flex wp-block-buttons-is-layout-flex\">\n<div class=\"wp-block-button has-custom-font-size read-more-button\" style=\"font-size:14px\"><a class=\"wp-block-button__link has-white-color has-text-color has-background wp-element-button\" href=\"https:\/\/litteraturbanken.se\/f%C3%B6rfattare\/BergmanB\" style=\"border-radius:0px;background-color:#cd2400\" target=\"_blank\" rel=\"noopener\"><strong>L\u00c4S MER OM BO BERGMAN<\/strong><\/a><\/div>\n\n\n\n<div class=\"wp-block-button has-custom-font-size read-more-button\" style=\"font-size:14px\"><a class=\"wp-block-button__link has-white-color has-text-color has-background wp-element-button\" href=\"https:\/\/litteraturbanken.se\/f%C3%B6rfattare\/BergmanB\/titlar\" style=\"border-radius:0px;background-color:#cd2400\" target=\"_blank\" rel=\"noopener\"><strong>L\u00c4S BO BERGMANS VERK HOS LB.SE<\/strong><\/a><\/div>\n<\/div>\n\n\n\n<div style=\"height:20px\" aria-hidden=\"true\" class=\"wp-block-spacer\"><\/div>\n\n\n\n<div class=\"wp-playlist wp-audio-playlist wp-playlist-light\">\n\t\t\t<div class=\"wp-playlist-current-item\"><\/div>\n\t\t<audio controls=\"controls\" preload=\"none\" width=\"618\"\n\t\t\t><\/audio>\n\t<div class=\"wp-playlist-next\"><\/div>\n\t<div class=\"wp-playlist-prev\"><\/div>\n\t<noscript>\n\t<ol>\n\t\t<li><a href='https:\/\/litteraturbanken.se\/ljudochbild\/wp-content\/uploads\/2019\/09\/bergman_stadsbarn_pleijel.mp3'>Stadsbarn<\/a><\/li><li><a href='https:\/\/litteraturbanken.se\/ljudochbild\/wp-content\/uploads\/2019\/09\/bergman_stjarnoga_engdahl.mp3'>Stj\u00e4rn\u00f6ga<\/a><\/li>\t<\/ol>\n\t<\/noscript>\n\t<script type=\"application\/json\" class=\"wp-playlist-script\">{\"type\":\"audio\",\"tracklist\":true,\"tracknumbers\":true,\"images\":true,\"artists\":true,\"tracks\":[{\"src\":\"https:\/\/litteraturbanken.se\/ljudochbild\/wp-content\/uploads\/2019\/09\/bergman_stadsbarn_pleijel.mp3\",\"type\":\"audio\/mpeg\",\"title\":\"Stadsbarn\",\"caption\":\"\",\"description\":\"\\\"Stadsbarn\\\" fr\\u00e5n Stadsbarn av Bergman, Bo.\",\"meta\":{\"artist\":\"Agneta Pleijel l\\u00e4ser Bo Bergman\",\"album\":\"Bo Bergman\",\"length_formatted\":\"0:52\"},\"image\":{\"src\":\"https:\/\/litteraturbanken.se\/ljudochbild\/wp-content\/plugins\/media-library-assistant\/images\/crystal\/audio.png\",\"width\":48,\"height\":64},\"thumb\":{\"src\":\"https:\/\/litteraturbanken.se\/ljudochbild\/wp-content\/plugins\/media-library-assistant\/images\/crystal\/audio.png\",\"width\":48,\"height\":64}},{\"src\":\"https:\/\/litteraturbanken.se\/ljudochbild\/wp-content\/uploads\/2019\/09\/bergman_stjarnoga_engdahl.mp3\",\"type\":\"audio\/mpeg\",\"title\":\"Stj\\u00e4rn\\u00f6ga\",\"caption\":\"\",\"description\":\"\\\"Stj\\u00e4rn\\u00f6ga\\\" fr\\u00e5n Stj\\u00e4rn\\u00f6ga av Bergman, Bo.\",\"meta\":{\"artist\":\"Horace Engdahl l\\u00e4ser Bo Bergman\",\"album\":\"Bo Bergman\",\"length_formatted\":\"1:02\"},\"image\":{\"src\":\"https:\/\/litteraturbanken.se\/ljudochbild\/wp-content\/plugins\/media-library-assistant\/images\/crystal\/audio.png\",\"width\":48,\"height\":64},\"thumb\":{\"src\":\"https:\/\/litteraturbanken.se\/ljudochbild\/wp-content\/plugins\/media-library-assistant\/images\/crystal\/audio.png\",\"width\":48,\"height\":64}}]}<\/script>\n<\/div>\n\t\n\n\n\n<div class=\"wp-block-group\"><div class=\"wp-block-group__inner-container is-layout-flow wp-block-group-is-layout-flow\"><h3 class=\"wp-block-heading author-related-title\">L\u00e4s mer<\/h3>\r\n\r\n\r\n\n<\/div><\/div>\n","protected":false},"excerpt":{"rendered":"<p>\u201dBO BERGMAN (1869\u20131967) debuterade 1903 med diktsamlingen\u00a0Marionetterna. I sin poesi sm\u00e4lter han samman \u00e5ttiotalisternas realism med nittiotalisternas sk\u00f6nhetsl\u00e4ngtan. Sociala missf\u00f6rh\u00e5llanden skildras med naturalismens blottl\u00e4ggande blick. Men naturlagarna blir hos Bergman inte best\u00e4mmande eller ob\u00f6nh\u00f6rliga; konsten, poesin frig\u00f6r m\u00e4nniskan [&hellip;]<\/p>\n","protected":false},"author":1,"featured_media":1003,"parent":7,"menu_order":0,"comment_status":"closed","ping_status":"closed","template":"","meta":{"footnotes":""},"class_list":["post-619","page","type-page","status-publish","has-post-thumbnail","hentry"],"yoast_head":"<!-- This site is optimized with the Yoast SEO plugin v27.1.1 - https:\/\/yoast.com\/product\/yoast-seo-wordpress\/ -->\n<title>Bo Bergman (1869\u20131967) - Ljud &amp; Bild<\/title>\n<meta name=\"robots\" content=\"index, follow, max-snippet:-1, max-image-preview:large, max-video-preview:-1\" \/>\n<link rel=\"canonical\" href=\"https:\/\/litteraturbanken.se\/ljudochbild\/forfattare\/bergmanb\/\" \/>\n<meta property=\"og:locale\" content=\"sv_SE\" \/>\n<meta property=\"og:type\" content=\"article\" \/>\n<meta property=\"og:title\" content=\"Bo Bergman (1869\u20131967) - Ljud &amp; Bild\" \/>\n<meta property=\"og:description\" content=\"\u201dBO BERGMAN (1869\u20131967) debuterade 1903 med diktsamlingen\u00a0Marionetterna. I sin poesi sm\u00e4lter han samman \u00e5ttiotalisternas realism med nittiotalisternas sk\u00f6nhetsl\u00e4ngtan. Sociala missf\u00f6rh\u00e5llanden skildras med naturalismens blottl\u00e4ggande blick. Men naturlagarna blir hos Bergman inte best\u00e4mmande eller ob\u00f6nh\u00f6rliga; konsten, poesin frig\u00f6r m\u00e4nniskan [&hellip;]\" \/>\n<meta property=\"og:url\" content=\"https:\/\/litteraturbanken.se\/ljudochbild\/forfattare\/bergmanb\/\" \/>\n<meta property=\"og:site_name\" content=\"Ljud &amp; Bild\" \/>\n<meta property=\"article:publisher\" content=\"https:\/\/www.facebook.com\/Litteraturbanken.se\" \/>\n<meta property=\"article:modified_time\" content=\"2024-09-16T12:44:29+00:00\" \/>\n<meta property=\"og:image\" content=\"https:\/\/litteraturbanken.se\/ljudochbild\/wp-content\/uploads\/2019\/09\/BergmanB_large.jpeg\" \/>\n\t<meta property=\"og:image:width\" content=\"413\" \/>\n\t<meta property=\"og:image:height\" content=\"500\" \/>\n\t<meta property=\"og:image:type\" content=\"image\/jpeg\" \/>\n<meta name=\"twitter:card\" content=\"summary_large_image\" \/>\n<meta name=\"twitter:site\" content=\"@litteraturbank\" \/>\n<meta name=\"twitter:label1\" content=\"Ber\u00e4knad l\u00e4stid\" \/>\n\t<meta name=\"twitter:data1\" content=\"2 minuter\" \/>\n<script type=\"application\/ld+json\" class=\"yoast-schema-graph\">{\"@context\":\"https:\/\/schema.org\",\"@graph\":[{\"@type\":\"WebPage\",\"@id\":\"https:\/\/litteraturbanken.se\/ljudochbild\/forfattare\/bergmanb\/\",\"url\":\"https:\/\/litteraturbanken.se\/ljudochbild\/forfattare\/bergmanb\/\",\"name\":\"Bo Bergman (1869\u20131967) - Ljud &amp; Bild\",\"isPartOf\":{\"@id\":\"https:\/\/litteraturbanken.se\/ljudochbild\/#website\"},\"primaryImageOfPage\":{\"@id\":\"https:\/\/litteraturbanken.se\/ljudochbild\/forfattare\/bergmanb\/#primaryimage\"},\"image\":{\"@id\":\"https:\/\/litteraturbanken.se\/ljudochbild\/forfattare\/bergmanb\/#primaryimage\"},\"thumbnailUrl\":\"https:\/\/litteraturbanken.se\/ljudochbild\/wp-content\/uploads\/2019\/09\/BergmanB_large.jpeg\",\"datePublished\":\"2019-08-13T11:56:23+00:00\",\"dateModified\":\"2024-09-16T12:44:29+00:00\",\"breadcrumb\":{\"@id\":\"https:\/\/litteraturbanken.se\/ljudochbild\/forfattare\/bergmanb\/#breadcrumb\"},\"inLanguage\":\"sv-SE\",\"potentialAction\":[{\"@type\":\"ReadAction\",\"target\":[\"https:\/\/litteraturbanken.se\/ljudochbild\/forfattare\/bergmanb\/\"]}]},{\"@type\":\"ImageObject\",\"inLanguage\":\"sv-SE\",\"@id\":\"https:\/\/litteraturbanken.se\/ljudochbild\/forfattare\/bergmanb\/#primaryimage\",\"url\":\"https:\/\/litteraturbanken.se\/ljudochbild\/wp-content\/uploads\/2019\/09\/BergmanB_large.jpeg\",\"contentUrl\":\"https:\/\/litteraturbanken.se\/ljudochbild\/wp-content\/uploads\/2019\/09\/BergmanB_large.jpeg\",\"width\":413,\"height\":500},{\"@type\":\"BreadcrumbList\",\"@id\":\"https:\/\/litteraturbanken.se\/ljudochbild\/forfattare\/bergmanb\/#breadcrumb\",\"itemListElement\":[{\"@type\":\"ListItem\",\"position\":1,\"name\":\"Hem\",\"item\":\"https:\/\/litteraturbanken.se\/ljudochbild\/\"},{\"@type\":\"ListItem\",\"position\":2,\"name\":\"F\u00f6rfattare\",\"item\":\"https:\/\/litteraturbanken.se\/ljudochbild\/forfattare\/\"},{\"@type\":\"ListItem\",\"position\":3,\"name\":\"Bo Bergman (1869\u20131967)\"}]},{\"@type\":\"WebSite\",\"@id\":\"https:\/\/litteraturbanken.se\/ljudochbild\/#website\",\"url\":\"https:\/\/litteraturbanken.se\/ljudochbild\/\",\"name\":\"Ljud & Bild\",\"description\":\"Ur Litteraturbankens samlingar\",\"potentialAction\":[{\"@type\":\"SearchAction\",\"target\":{\"@type\":\"EntryPoint\",\"urlTemplate\":\"https:\/\/litteraturbanken.se\/ljudochbild\/?s={search_term_string}\"},\"query-input\":{\"@type\":\"PropertyValueSpecification\",\"valueRequired\":true,\"valueName\":\"search_term_string\"}}],\"inLanguage\":\"sv-SE\"}]}<\/script>\n<!-- \/ Yoast SEO plugin. -->","yoast_head_json":{"title":"Bo Bergman (1869\u20131967) - Ljud &amp; Bild","robots":{"index":"index","follow":"follow","max-snippet":"max-snippet:-1","max-image-preview":"max-image-preview:large","max-video-preview":"max-video-preview:-1"},"canonical":"https:\/\/litteraturbanken.se\/ljudochbild\/forfattare\/bergmanb\/","og_locale":"sv_SE","og_type":"article","og_title":"Bo Bergman (1869\u20131967) - Ljud &amp; Bild","og_description":"\u201dBO BERGMAN (1869\u20131967) debuterade 1903 med diktsamlingen\u00a0Marionetterna. I sin poesi sm\u00e4lter han samman \u00e5ttiotalisternas realism med nittiotalisternas sk\u00f6nhetsl\u00e4ngtan. Sociala missf\u00f6rh\u00e5llanden skildras med naturalismens blottl\u00e4ggande blick. Men naturlagarna blir hos Bergman inte best\u00e4mmande eller ob\u00f6nh\u00f6rliga; konsten, poesin frig\u00f6r m\u00e4nniskan [&hellip;]","og_url":"https:\/\/litteraturbanken.se\/ljudochbild\/forfattare\/bergmanb\/","og_site_name":"Ljud &amp; Bild","article_publisher":"https:\/\/www.facebook.com\/Litteraturbanken.se","article_modified_time":"2024-09-16T12:44:29+00:00","og_image":[{"width":413,"height":500,"url":"https:\/\/litteraturbanken.se\/ljudochbild\/wp-content\/uploads\/2019\/09\/BergmanB_large.jpeg","type":"image\/jpeg"}],"twitter_card":"summary_large_image","twitter_site":"@litteraturbank","twitter_misc":{"Ber\u00e4knad l\u00e4stid":"2 minuter"},"schema":{"@context":"https:\/\/schema.org","@graph":[{"@type":"WebPage","@id":"https:\/\/litteraturbanken.se\/ljudochbild\/forfattare\/bergmanb\/","url":"https:\/\/litteraturbanken.se\/ljudochbild\/forfattare\/bergmanb\/","name":"Bo Bergman (1869\u20131967) - Ljud &amp; Bild","isPartOf":{"@id":"https:\/\/litteraturbanken.se\/ljudochbild\/#website"},"primaryImageOfPage":{"@id":"https:\/\/litteraturbanken.se\/ljudochbild\/forfattare\/bergmanb\/#primaryimage"},"image":{"@id":"https:\/\/litteraturbanken.se\/ljudochbild\/forfattare\/bergmanb\/#primaryimage"},"thumbnailUrl":"https:\/\/litteraturbanken.se\/ljudochbild\/wp-content\/uploads\/2019\/09\/BergmanB_large.jpeg","datePublished":"2019-08-13T11:56:23+00:00","dateModified":"2024-09-16T12:44:29+00:00","breadcrumb":{"@id":"https:\/\/litteraturbanken.se\/ljudochbild\/forfattare\/bergmanb\/#breadcrumb"},"inLanguage":"sv-SE","potentialAction":[{"@type":"ReadAction","target":["https:\/\/litteraturbanken.se\/ljudochbild\/forfattare\/bergmanb\/"]}]},{"@type":"ImageObject","inLanguage":"sv-SE","@id":"https:\/\/litteraturbanken.se\/ljudochbild\/forfattare\/bergmanb\/#primaryimage","url":"https:\/\/litteraturbanken.se\/ljudochbild\/wp-content\/uploads\/2019\/09\/BergmanB_large.jpeg","contentUrl":"https:\/\/litteraturbanken.se\/ljudochbild\/wp-content\/uploads\/2019\/09\/BergmanB_large.jpeg","width":413,"height":500},{"@type":"BreadcrumbList","@id":"https:\/\/litteraturbanken.se\/ljudochbild\/forfattare\/bergmanb\/#breadcrumb","itemListElement":[{"@type":"ListItem","position":1,"name":"Hem","item":"https:\/\/litteraturbanken.se\/ljudochbild\/"},{"@type":"ListItem","position":2,"name":"F\u00f6rfattare","item":"https:\/\/litteraturbanken.se\/ljudochbild\/forfattare\/"},{"@type":"ListItem","position":3,"name":"Bo Bergman (1869\u20131967)"}]},{"@type":"WebSite","@id":"https:\/\/litteraturbanken.se\/ljudochbild\/#website","url":"https:\/\/litteraturbanken.se\/ljudochbild\/","name":"Ljud & Bild","description":"Ur Litteraturbankens samlingar","potentialAction":[{"@type":"SearchAction","target":{"@type":"EntryPoint","urlTemplate":"https:\/\/litteraturbanken.se\/ljudochbild\/?s={search_term_string}"},"query-input":{"@type":"PropertyValueSpecification","valueRequired":true,"valueName":"search_term_string"}}],"inLanguage":"sv-SE"}]}},"_links":{"self":[{"href":"https:\/\/litteraturbanken.se\/ljudochbild\/wp-json\/wp\/v2\/pages\/619","targetHints":{"allow":["GET"]}}],"collection":[{"href":"https:\/\/litteraturbanken.se\/ljudochbild\/wp-json\/wp\/v2\/pages"}],"about":[{"href":"https:\/\/litteraturbanken.se\/ljudochbild\/wp-json\/wp\/v2\/types\/page"}],"author":[{"embeddable":true,"href":"https:\/\/litteraturbanken.se\/ljudochbild\/wp-json\/wp\/v2\/users\/1"}],"replies":[{"embeddable":true,"href":"https:\/\/litteraturbanken.se\/ljudochbild\/wp-json\/wp\/v2\/comments?post=619"}],"version-history":[{"count":6,"href":"https:\/\/litteraturbanken.se\/ljudochbild\/wp-json\/wp\/v2\/pages\/619\/revisions"}],"predecessor-version":[{"id":12047,"href":"https:\/\/litteraturbanken.se\/ljudochbild\/wp-json\/wp\/v2\/pages\/619\/revisions\/12047"}],"up":[{"embeddable":true,"href":"https:\/\/litteraturbanken.se\/ljudochbild\/wp-json\/wp\/v2\/pages\/7"}],"wp:featuredmedia":[{"embeddable":true,"href":"https:\/\/litteraturbanken.se\/ljudochbild\/wp-json\/wp\/v2\/media\/1003"}],"wp:attachment":[{"href":"https:\/\/litteraturbanken.se\/ljudochbild\/wp-json\/wp\/v2\/media?parent=619"}],"curies":[{"name":"wp","href":"https:\/\/api.w.org\/{rel}","templated":true}]}}