{"id":625,"date":"2019-08-13T14:01:30","date_gmt":"2019-08-13T12:01:30","guid":{"rendered":"http:\/\/ordfabriken.org\/ljud\/?page_id=625"},"modified":"2024-09-18T11:15:25","modified_gmt":"2024-09-18T09:15:25","slug":"carlenjg","status":"publish","type":"page","link":"https:\/\/litteraturbanken.se\/ljudochbild\/forfattare\/carlenjg\/","title":{"rendered":"Johan Gabriel Carl\u00e9n (1814\u20131875)"},"content":{"rendered":"<div class=\"wp-block-image is-style-default\">\n<figure class=\"alignright size-large is-resized\"><img loading=\"lazy\" decoding=\"async\" width=\"886\" height=\"1024\" src=\"https:\/\/litteraturbanken.se\/ljudochbild\/wp-content\/uploads\/2024\/09\/jgcarlen-886x1024.jpg\" alt=\"Johan Gabriel Carl\u00e9n\" class=\"wp-image-12315\" style=\"width:216px;height:auto\" srcset=\"https:\/\/litteraturbanken.se\/ljudochbild\/wp-content\/uploads\/2024\/09\/jgcarlen-886x1024.jpg 886w, https:\/\/litteraturbanken.se\/ljudochbild\/wp-content\/uploads\/2024\/09\/jgcarlen-260x300.jpg 260w, https:\/\/litteraturbanken.se\/ljudochbild\/wp-content\/uploads\/2024\/09\/jgcarlen-768x888.jpg 768w, https:\/\/litteraturbanken.se\/ljudochbild\/wp-content\/uploads\/2024\/09\/jgcarlen-480x555.jpg 480w, https:\/\/litteraturbanken.se\/ljudochbild\/wp-content\/uploads\/2024\/09\/jgcarlen.jpg 1200w\" sizes=\"auto, (max-width: 886px) 100vw, 886px\" \/><\/figure>\n<\/div>\n\n\n<p>\u201dJOHAN GABRIEL CARL\u00c9N (1814\u20131875) var gift med\u00a0<a href=\"https:\/\/litteraturbanken.se\/forfattare\/FlygareCarlenE\">Emilie Flygare-Carl\u00e9n<\/a>. Han b\u00f6rjade sin bana som \u00e4mbetsman men kom snart att ist\u00e4llet \u00e4gna sig \u00e5t litteraturen. Carl\u00e9n var en utpr\u00e4glad s\u00e4llskapsm\u00e4nniska och medlem av s\u00e5v\u00e4l \u201dAganippiska brunnss\u00e4llskapet\u201d som \u201dPar Bricole\u201d; han grundade 1855 klubben \u201dGr\u00f6na stugan\u201d som frekventerades av liberala debatt\u00f6rer som v\u00e4nnen\u00a0<a href=\"https:\/\/litteraturbanken.se\/forfattare\/BlancheA\">August Blanche<\/a>. Carl\u00e9n var sj\u00e4lv en yvig liberal och entusiastisk republikan \u2013\u00a0dock gjorde han undantag f\u00f6r Karl XII, \u00f6ver vilken han utgav en panegyrisk skrift (1868). Han var ocks\u00e5 en stor beundrare av\u00a0<a href=\"https:\/\/litteraturbanken.se\/forfattare\/BellmanCM\">Bellman<\/a>, och f\u00f6rsvarade denne mot samtida angrepp i sin utg\u00e5va av skaldens samlade verk i fem band (1855\u201361) och i en levnadsteckning (1879). Ut\u00f6ver Bellman utgav Carl\u00e9n \u00e4ven dikter av\u00a0<a href=\"https:\/\/litteraturbanken.se\/forfattare\/LenngrenAM\">Anna Maria Lenngren<\/a> och\u00a0<a href=\"https:\/\/litteraturbanken.se\/forfattare\/WadmanJA\">J.A. Wadman<\/a>. Carl\u00e9ns egen poesi st\u00e5r ofta stilistiskt n\u00e4ra det sena sjuttonhundratalets ideal, med en kombination av epikurism och idyll. Till hans mest uppskattade verk h\u00f6r\u00a0<em>Romanser ur svenska folklifvet<\/em>\u00a0(1846) med sina skillingtrycksliknande omdiktningar av folkliga motiv.\u201d<\/p>\n\n\n\n<p>Stycket ovanf\u00f6r kommer fr\u00e5n Cai Alfredsons introduktion av Johan Gabriel Carl\u00e9n hos Litteraturbanken.<\/p>\n\n\n\n<div class=\"wp-block-buttons is-layout-flex wp-block-buttons-is-layout-flex\">\n<div class=\"wp-block-button has-custom-font-size read-more-button\" style=\"font-size:14px\"><a class=\"wp-block-button__link has-white-color has-text-color has-background wp-element-button\" href=\"https:\/\/litteraturbanken.se\/f%C3%B6rfattare\/Carl%C3%A9nJG\" style=\"border-radius:0px;background-color:#cd2400\" target=\"_blank\" rel=\"noopener\"><strong>L\u00c4S MER OM JOHAN GABRIEL CARL\u00c9N<\/strong><\/a><\/div>\n\n\n\n<div class=\"wp-block-button has-custom-font-size read-more-button\" style=\"font-size:14px\"><a class=\"wp-block-button__link has-white-color has-text-color has-background wp-element-button\" href=\"https:\/\/litteraturbanken.se\/f%C3%B6rfattare\/Carl%C3%A9nJG\/titlar\" style=\"border-radius:0px;background-color:#cd2400\" target=\"_blank\" rel=\"noopener\"><strong>L\u00c4S JOHAN GABRIEL CARL\u00c9NS VERK HOS LB.SE<\/strong><\/a><\/div>\n<\/div>\n\n\n\n<div style=\"height:20px\" aria-hidden=\"true\" class=\"wp-block-spacer\"><\/div>\n\n\n\n<div class=\"wp-playlist wp-audio-playlist wp-playlist-light\">\n\t\t\t<div class=\"wp-playlist-current-item\"><\/div>\n\t\t<audio controls=\"controls\" preload=\"none\" width=\"618\"\n\t\t\t><\/audio>\n\t<div class=\"wp-playlist-next\"><\/div>\n\t<div class=\"wp-playlist-prev\"><\/div>\n\t<noscript>\n\t<ol>\n\t\t<li><a href='https:\/\/litteraturbanken.se\/ljudochbild\/wp-content\/uploads\/2019\/09\/carlen_julaftonenpalandet_helgeson-1.mp3'>Julaftonen p\u00e5 landet<\/a><\/li>\t<\/ol>\n\t<\/noscript>\n\t<script type=\"application\/json\" class=\"wp-playlist-script\">{\"type\":\"audio\",\"tracklist\":true,\"tracknumbers\":true,\"images\":true,\"artists\":true,\"tracks\":[{\"src\":\"https:\/\/litteraturbanken.se\/ljudochbild\/wp-content\/uploads\/2019\/09\/carlen_julaftonenpalandet_helgeson-1.mp3\",\"type\":\"audio\/mpeg\",\"title\":\"Julaftonen p\\u00e5 landet\",\"caption\":\"\",\"description\":\"\\\"Julaftonen p\\u00e5 landet\\\" fr\\u00e5n Julklappsboken av Carl\\u00e9n, Johan Gabriel.\",\"meta\":{\"artist\":\"Paulina Helgeson l\\u00e4ser Johan Gabriel Carl\\u00e9n\",\"album\":\"Johan Gabriel Carl\\u00e9n\",\"length_formatted\":\"2:51\"},\"image\":{\"src\":\"https:\/\/litteraturbanken.se\/ljudochbild\/wp-content\/uploads\/2019\/09\/wide_gub_wide-mp3-image.png\",\"width\":580,\"height\":612},\"thumb\":{\"src\":\"https:\/\/litteraturbanken.se\/ljudochbild\/wp-content\/uploads\/2019\/09\/wide_gub_wide-mp3-image-150x150.png\",\"width\":150,\"height\":150}}]}<\/script>\n<\/div>\n\t\n\n\n\n<hr class=\"wp-block-separator has-alpha-channel-opacity\"\/>\n\n\n\n<p><em>Bilden ovanf\u00f6r har vi l\u00e5nat fr\u00e5n <a href=\"https:\/\/litteraturbanken.se\/f%C3%B6rfattare\/Anonym\/titlar\/Nordstjernan1844\/sida\/90\/faksimil\" target=\"_blank\" rel=\"noreferrer noopener\">Nordstjernan<\/a> (1844).<\/em><\/p>\n","protected":false},"excerpt":{"rendered":"<p>\u201dJOHAN GABRIEL CARL\u00c9N (1814\u20131875) var gift med\u00a0Emilie Flygare-Carl\u00e9n. Han b\u00f6rjade sin bana som \u00e4mbetsman men kom snart att ist\u00e4llet \u00e4gna sig \u00e5t litteraturen. Carl\u00e9n var en utpr\u00e4glad s\u00e4llskapsm\u00e4nniska och medlem av s\u00e5v\u00e4l \u201dAganippiska brunnss\u00e4llskapet\u201d som \u201dPar Bricole\u201d; han [&hellip;]<\/p>\n","protected":false},"author":1,"featured_media":12315,"parent":7,"menu_order":0,"comment_status":"closed","ping_status":"closed","template":"","meta":{"footnotes":""},"class_list":["post-625","page","type-page","status-publish","has-post-thumbnail","hentry"],"yoast_head":"<!-- This site is optimized with the Yoast SEO plugin v27.1.1 - https:\/\/yoast.com\/product\/yoast-seo-wordpress\/ -->\n<title>Johan Gabriel Carl\u00e9n (1814\u20131875) - Ljud &amp; Bild<\/title>\n<meta name=\"robots\" content=\"index, follow, max-snippet:-1, max-image-preview:large, max-video-preview:-1\" \/>\n<link rel=\"canonical\" href=\"https:\/\/litteraturbanken.se\/ljudochbild\/forfattare\/carlenjg\/\" \/>\n<meta property=\"og:locale\" content=\"sv_SE\" \/>\n<meta property=\"og:type\" content=\"article\" \/>\n<meta property=\"og:title\" content=\"Johan Gabriel Carl\u00e9n (1814\u20131875) - Ljud &amp; Bild\" \/>\n<meta property=\"og:description\" content=\"\u201dJOHAN GABRIEL CARL\u00c9N (1814\u20131875) var gift med\u00a0Emilie Flygare-Carl\u00e9n. Han b\u00f6rjade sin bana som \u00e4mbetsman men kom snart att ist\u00e4llet \u00e4gna sig \u00e5t litteraturen. Carl\u00e9n var en utpr\u00e4glad s\u00e4llskapsm\u00e4nniska och medlem av s\u00e5v\u00e4l \u201dAganippiska brunnss\u00e4llskapet\u201d som \u201dPar Bricole\u201d; han [&hellip;]\" \/>\n<meta property=\"og:url\" content=\"https:\/\/litteraturbanken.se\/ljudochbild\/forfattare\/carlenjg\/\" \/>\n<meta property=\"og:site_name\" content=\"Ljud &amp; Bild\" \/>\n<meta property=\"article:publisher\" content=\"https:\/\/www.facebook.com\/Litteraturbanken.se\" \/>\n<meta property=\"article:modified_time\" content=\"2024-09-18T09:15:25+00:00\" \/>\n<meta property=\"og:image\" content=\"https:\/\/litteraturbanken.se\/ljudochbild\/wp-content\/uploads\/2024\/09\/jgcarlen.jpg\" \/>\n\t<meta property=\"og:image:width\" content=\"1200\" \/>\n\t<meta property=\"og:image:height\" content=\"1387\" \/>\n\t<meta property=\"og:image:type\" content=\"image\/jpeg\" \/>\n<meta name=\"twitter:card\" content=\"summary_large_image\" \/>\n<meta name=\"twitter:site\" content=\"@litteraturbank\" \/>\n<meta name=\"twitter:label1\" content=\"Ber\u00e4knad l\u00e4stid\" \/>\n\t<meta name=\"twitter:data1\" content=\"2 minuter\" \/>\n<script type=\"application\/ld+json\" class=\"yoast-schema-graph\">{\"@context\":\"https:\/\/schema.org\",\"@graph\":[{\"@type\":\"WebPage\",\"@id\":\"https:\/\/litteraturbanken.se\/ljudochbild\/forfattare\/carlenjg\/\",\"url\":\"https:\/\/litteraturbanken.se\/ljudochbild\/forfattare\/carlenjg\/\",\"name\":\"Johan Gabriel Carl\u00e9n (1814\u20131875) - Ljud &amp; Bild\",\"isPartOf\":{\"@id\":\"https:\/\/litteraturbanken.se\/ljudochbild\/#website\"},\"primaryImageOfPage\":{\"@id\":\"https:\/\/litteraturbanken.se\/ljudochbild\/forfattare\/carlenjg\/#primaryimage\"},\"image\":{\"@id\":\"https:\/\/litteraturbanken.se\/ljudochbild\/forfattare\/carlenjg\/#primaryimage\"},\"thumbnailUrl\":\"https:\/\/litteraturbanken.se\/ljudochbild\/wp-content\/uploads\/2024\/09\/jgcarlen.jpg\",\"datePublished\":\"2019-08-13T12:01:30+00:00\",\"dateModified\":\"2024-09-18T09:15:25+00:00\",\"breadcrumb\":{\"@id\":\"https:\/\/litteraturbanken.se\/ljudochbild\/forfattare\/carlenjg\/#breadcrumb\"},\"inLanguage\":\"sv-SE\",\"potentialAction\":[{\"@type\":\"ReadAction\",\"target\":[\"https:\/\/litteraturbanken.se\/ljudochbild\/forfattare\/carlenjg\/\"]}]},{\"@type\":\"ImageObject\",\"inLanguage\":\"sv-SE\",\"@id\":\"https:\/\/litteraturbanken.se\/ljudochbild\/forfattare\/carlenjg\/#primaryimage\",\"url\":\"https:\/\/litteraturbanken.se\/ljudochbild\/wp-content\/uploads\/2024\/09\/jgcarlen.jpg\",\"contentUrl\":\"https:\/\/litteraturbanken.se\/ljudochbild\/wp-content\/uploads\/2024\/09\/jgcarlen.jpg\",\"width\":1200,\"height\":1387,\"caption\":\"Johan Gabriel Carl\u00e9n\"},{\"@type\":\"BreadcrumbList\",\"@id\":\"https:\/\/litteraturbanken.se\/ljudochbild\/forfattare\/carlenjg\/#breadcrumb\",\"itemListElement\":[{\"@type\":\"ListItem\",\"position\":1,\"name\":\"Hem\",\"item\":\"https:\/\/litteraturbanken.se\/ljudochbild\/\"},{\"@type\":\"ListItem\",\"position\":2,\"name\":\"F\u00f6rfattare\",\"item\":\"https:\/\/litteraturbanken.se\/ljudochbild\/forfattare\/\"},{\"@type\":\"ListItem\",\"position\":3,\"name\":\"Johan Gabriel Carl\u00e9n (1814\u20131875)\"}]},{\"@type\":\"WebSite\",\"@id\":\"https:\/\/litteraturbanken.se\/ljudochbild\/#website\",\"url\":\"https:\/\/litteraturbanken.se\/ljudochbild\/\",\"name\":\"Ljud & Bild\",\"description\":\"Ur Litteraturbankens samlingar\",\"potentialAction\":[{\"@type\":\"SearchAction\",\"target\":{\"@type\":\"EntryPoint\",\"urlTemplate\":\"https:\/\/litteraturbanken.se\/ljudochbild\/?s={search_term_string}\"},\"query-input\":{\"@type\":\"PropertyValueSpecification\",\"valueRequired\":true,\"valueName\":\"search_term_string\"}}],\"inLanguage\":\"sv-SE\"}]}<\/script>\n<!-- \/ Yoast SEO plugin. -->","yoast_head_json":{"title":"Johan Gabriel Carl\u00e9n (1814\u20131875) - Ljud &amp; Bild","robots":{"index":"index","follow":"follow","max-snippet":"max-snippet:-1","max-image-preview":"max-image-preview:large","max-video-preview":"max-video-preview:-1"},"canonical":"https:\/\/litteraturbanken.se\/ljudochbild\/forfattare\/carlenjg\/","og_locale":"sv_SE","og_type":"article","og_title":"Johan Gabriel Carl\u00e9n (1814\u20131875) - Ljud &amp; Bild","og_description":"\u201dJOHAN GABRIEL CARL\u00c9N (1814\u20131875) var gift med\u00a0Emilie Flygare-Carl\u00e9n. Han b\u00f6rjade sin bana som \u00e4mbetsman men kom snart att ist\u00e4llet \u00e4gna sig \u00e5t litteraturen. Carl\u00e9n var en utpr\u00e4glad s\u00e4llskapsm\u00e4nniska och medlem av s\u00e5v\u00e4l \u201dAganippiska brunnss\u00e4llskapet\u201d som \u201dPar Bricole\u201d; han [&hellip;]","og_url":"https:\/\/litteraturbanken.se\/ljudochbild\/forfattare\/carlenjg\/","og_site_name":"Ljud &amp; Bild","article_publisher":"https:\/\/www.facebook.com\/Litteraturbanken.se","article_modified_time":"2024-09-18T09:15:25+00:00","og_image":[{"width":1200,"height":1387,"url":"https:\/\/litteraturbanken.se\/ljudochbild\/wp-content\/uploads\/2024\/09\/jgcarlen.jpg","type":"image\/jpeg"}],"twitter_card":"summary_large_image","twitter_site":"@litteraturbank","twitter_misc":{"Ber\u00e4knad l\u00e4stid":"2 minuter"},"schema":{"@context":"https:\/\/schema.org","@graph":[{"@type":"WebPage","@id":"https:\/\/litteraturbanken.se\/ljudochbild\/forfattare\/carlenjg\/","url":"https:\/\/litteraturbanken.se\/ljudochbild\/forfattare\/carlenjg\/","name":"Johan Gabriel Carl\u00e9n (1814\u20131875) - Ljud &amp; Bild","isPartOf":{"@id":"https:\/\/litteraturbanken.se\/ljudochbild\/#website"},"primaryImageOfPage":{"@id":"https:\/\/litteraturbanken.se\/ljudochbild\/forfattare\/carlenjg\/#primaryimage"},"image":{"@id":"https:\/\/litteraturbanken.se\/ljudochbild\/forfattare\/carlenjg\/#primaryimage"},"thumbnailUrl":"https:\/\/litteraturbanken.se\/ljudochbild\/wp-content\/uploads\/2024\/09\/jgcarlen.jpg","datePublished":"2019-08-13T12:01:30+00:00","dateModified":"2024-09-18T09:15:25+00:00","breadcrumb":{"@id":"https:\/\/litteraturbanken.se\/ljudochbild\/forfattare\/carlenjg\/#breadcrumb"},"inLanguage":"sv-SE","potentialAction":[{"@type":"ReadAction","target":["https:\/\/litteraturbanken.se\/ljudochbild\/forfattare\/carlenjg\/"]}]},{"@type":"ImageObject","inLanguage":"sv-SE","@id":"https:\/\/litteraturbanken.se\/ljudochbild\/forfattare\/carlenjg\/#primaryimage","url":"https:\/\/litteraturbanken.se\/ljudochbild\/wp-content\/uploads\/2024\/09\/jgcarlen.jpg","contentUrl":"https:\/\/litteraturbanken.se\/ljudochbild\/wp-content\/uploads\/2024\/09\/jgcarlen.jpg","width":1200,"height":1387,"caption":"Johan Gabriel Carl\u00e9n"},{"@type":"BreadcrumbList","@id":"https:\/\/litteraturbanken.se\/ljudochbild\/forfattare\/carlenjg\/#breadcrumb","itemListElement":[{"@type":"ListItem","position":1,"name":"Hem","item":"https:\/\/litteraturbanken.se\/ljudochbild\/"},{"@type":"ListItem","position":2,"name":"F\u00f6rfattare","item":"https:\/\/litteraturbanken.se\/ljudochbild\/forfattare\/"},{"@type":"ListItem","position":3,"name":"Johan Gabriel Carl\u00e9n (1814\u20131875)"}]},{"@type":"WebSite","@id":"https:\/\/litteraturbanken.se\/ljudochbild\/#website","url":"https:\/\/litteraturbanken.se\/ljudochbild\/","name":"Ljud & Bild","description":"Ur Litteraturbankens samlingar","potentialAction":[{"@type":"SearchAction","target":{"@type":"EntryPoint","urlTemplate":"https:\/\/litteraturbanken.se\/ljudochbild\/?s={search_term_string}"},"query-input":{"@type":"PropertyValueSpecification","valueRequired":true,"valueName":"search_term_string"}}],"inLanguage":"sv-SE"}]}},"_links":{"self":[{"href":"https:\/\/litteraturbanken.se\/ljudochbild\/wp-json\/wp\/v2\/pages\/625","targetHints":{"allow":["GET"]}}],"collection":[{"href":"https:\/\/litteraturbanken.se\/ljudochbild\/wp-json\/wp\/v2\/pages"}],"about":[{"href":"https:\/\/litteraturbanken.se\/ljudochbild\/wp-json\/wp\/v2\/types\/page"}],"author":[{"embeddable":true,"href":"https:\/\/litteraturbanken.se\/ljudochbild\/wp-json\/wp\/v2\/users\/1"}],"replies":[{"embeddable":true,"href":"https:\/\/litteraturbanken.se\/ljudochbild\/wp-json\/wp\/v2\/comments?post=625"}],"version-history":[{"count":10,"href":"https:\/\/litteraturbanken.se\/ljudochbild\/wp-json\/wp\/v2\/pages\/625\/revisions"}],"predecessor-version":[{"id":12320,"href":"https:\/\/litteraturbanken.se\/ljudochbild\/wp-json\/wp\/v2\/pages\/625\/revisions\/12320"}],"up":[{"embeddable":true,"href":"https:\/\/litteraturbanken.se\/ljudochbild\/wp-json\/wp\/v2\/pages\/7"}],"wp:featuredmedia":[{"embeddable":true,"href":"https:\/\/litteraturbanken.se\/ljudochbild\/wp-json\/wp\/v2\/media\/12315"}],"wp:attachment":[{"href":"https:\/\/litteraturbanken.se\/ljudochbild\/wp-json\/wp\/v2\/media?parent=625"}],"curies":[{"name":"wp","href":"https:\/\/api.w.org\/{rel}","templated":true}]}}