{"id":631,"date":"2019-08-13T14:06:57","date_gmt":"2019-08-13T12:06:57","guid":{"rendered":"http:\/\/ordfabriken.org\/ljud\/?page_id=631"},"modified":"2024-09-16T15:08:46","modified_gmt":"2024-09-16T13:08:46","slug":"dalinovon","status":"publish","type":"page","link":"https:\/\/litteraturbanken.se\/ljudochbild\/forfattare\/dalinovon\/","title":{"rendered":"Olof von Dalin (1708\u20131763)"},"content":{"rendered":"<div class=\"wp-block-image\">\n<figure class=\"alignright\"><img loading=\"lazy\" decoding=\"async\" width=\"232\" height=\"300\" src=\"https:\/\/litteraturbanken.se\/ljudochbild\/wp-content\/uploads\/2019\/09\/DalinOvon_large-232x300.jpeg\" alt=\"\" class=\"wp-image-975\" srcset=\"https:\/\/litteraturbanken.se\/ljudochbild\/wp-content\/uploads\/2019\/09\/DalinOvon_large-232x300.jpeg 232w, https:\/\/litteraturbanken.se\/ljudochbild\/wp-content\/uploads\/2019\/09\/DalinOvon_large.jpeg 426w\" sizes=\"auto, (max-width: 232px) 100vw, 232px\" \/><\/figure>\n<\/div>\n\n\n<p>\u201dOLOF VON DALIN (1708-1763) kom, blott tretton \u00e5r gammal, till universitetet i Lund d\u00e4r han \u00e4gnade ett antal \u00e5r \u00e5t humanistiska studier. Han bereddes d\u00e4refter plats som informator hos kammarr\u00e5det Klas R\u00e5lamb; en anst\u00e4llning vilken samtidigt gav Dalin m\u00f6jlighet att g\u00f6ra bekantskap med adel och \u00e4mbetsm\u00e4n. Han kom sedermera att sj\u00e4lv inneha flera h\u00f6gtst\u00e5ende \u00e4mbeten, bland vilka kan n\u00e4mnas tj\u00e4nsten som bibliotekarie vid Kungl. biblioteket, hans uppdrag som rikshistoriograf samt, inte minst, platsen som l\u00e4rare f\u00f6r kronprins Gustav, vilken han tilltr\u00e4dde 1750. Dalins tidiga skaldef\u00f6rs\u00f6k, huvudsakligen tillf\u00e4llesdikter, \u00e4r till st\u00f6rsta delen f\u00f6rsvunna. Hans f\u00f6rsta stora g\u00e4rning som skribent blev veckobladet\u00a0<em>Then Sw\u00e4nska Argus<\/em>, vilket han utgav anonymt fr\u00e5n december 1732 och tv\u00e5 \u00e5r fram\u00e5t. Formen f\u00f6r publikationen var ett ark p\u00e5 vilket en artikel stod tryckt; f\u00f6rmodligen f\u00f6rfattade Dalin sj\u00e4lv alla veckoskriftens artiklar.\u00a0<em>Then Sw\u00e4nska Argus<\/em>\u00a0pr\u00e4glades av upplysningstidens tankar. Dalin gjorde flitigt bruk av utl\u00e4ndska f\u00f6reg\u00e5ngare som exempelvis\u00a0<em>Tatler<\/em>\u00a0och\u00a0<em>Spectator<\/em>, och La Fontaines fabler; allt dock omst\u00f6pt i svensk form. Dalin ville i allt v\u00e4rna det svenska; d\u00e5 inte minst det svenska spr\u00e5ket vilket han ville befria fr\u00e5n utl\u00e4ndskt, fr\u00e4mst tyskt och latinskt inflytande samt rena fr\u00e5n tidens m\u00e5nga franska l\u00e5neord.\u201d<\/p>\n\n\n\n<p>Stycket ovanf\u00f6r kommer ur Lotta Lotass introduktion om Olof von Dalin hos Litteraturbanken.<\/p>\n\n\n\n<div class=\"wp-block-buttons is-layout-flex wp-block-buttons-is-layout-flex\">\n<div class=\"wp-block-button has-custom-font-size read-more-button\" style=\"font-size:14px\"><a class=\"wp-block-button__link has-white-color has-text-color has-background wp-element-button\" href=\"https:\/\/litteraturbanken.se\/f%C3%B6rfattare\/DalinOvon\" style=\"border-radius:0px;background-color:#cd2400\" target=\"_blank\" rel=\"noopener\"><strong>L\u00c4S MER OM OLOF VON DALIN <\/strong><\/a><\/div>\n\n\n\n<div class=\"wp-block-button has-custom-font-size read-more-button\" style=\"font-size:14px\"><a class=\"wp-block-button__link has-white-color has-text-color has-background wp-element-button\" href=\"https:\/\/litteraturbanken.se\/f%C3%B6rfattare\/DalinOvon\/titlar\" style=\"border-radius:0px;background-color:#cd2400\" target=\"_blank\" rel=\"noopener\"><strong>L\u00c4S OLOF VON DALINS VERK HOS LB.SE<\/strong><\/a><\/div>\n<\/div>\n\n\n\n<div style=\"height:20px\" aria-hidden=\"true\" class=\"wp-block-spacer\"><\/div>\n\n\n\n<div class=\"wp-playlist wp-audio-playlist wp-playlist-light\">\n\t\t\t<div class=\"wp-playlist-current-item\"><\/div>\n\t\t<audio controls=\"controls\" preload=\"none\" width=\"618\"\n\t\t\t><\/audio>\n\t<div class=\"wp-playlist-next\"><\/div>\n\t<div class=\"wp-playlist-prev\"><\/div>\n\t<noscript>\n\t<ol>\n\t\t<li><a href='https:\/\/litteraturbanken.se\/ljudochbild\/wp-content\/uploads\/2019\/09\/dalin_kalottpredikningar_bagge.mp3'>Kalottpredikningar<\/a><\/li><li><a href='https:\/\/litteraturbanken.se\/ljudochbild\/wp-content\/uploads\/2019\/09\/dalin_karabacchusoppnadintunna_bagge.mp3'>K\u00e4ra Bacchus \u00f6ppna din tunna<\/a><\/li><li><a href='https:\/\/litteraturbanken.se\/ljudochbild\/wp-content\/uploads\/2019\/09\/dalin_kulnahostmedregnochtocken_bagge.mp3'>Kulna h\u00f6st med regn och t\u00f6cken<\/a><\/li><li><a href='https:\/\/litteraturbanken.se\/ljudochbild\/wp-content\/uploads\/2019\/09\/dalin_otystaensamhet_bagge.mp3'>O tysta ensamhet<\/a><\/li><li><a href='https:\/\/litteraturbanken.se\/ljudochbild\/wp-content\/uploads\/2019\/09\/dalin_vivelacompagnia_bagge.mp3'>Vive la Compagnia<\/a><\/li>\t<\/ol>\n\t<\/noscript>\n\t<script type=\"application\/json\" class=\"wp-playlist-script\">{\"type\":\"audio\",\"tracklist\":true,\"tracknumbers\":true,\"images\":true,\"artists\":true,\"tracks\":[{\"src\":\"https:\/\/litteraturbanken.se\/ljudochbild\/wp-content\/uploads\/2019\/09\/dalin_kalottpredikningar_bagge.mp3\",\"type\":\"audio\/mpeg\",\"title\":\"Kalottpredikningar\",\"caption\":\"\",\"description\":\"\\\"Kalottpredikningar\\\" fr\\u00e5n Martin Bagges musikaliska vandring (del 5 av 5) av Martin Bagge. Sl\\u00e4ppt: 2017. Sp\\u00e5r 2 av 8. Genre: Folk.\",\"meta\":{\"artist\":\"Martin Bagge framf\\u00f6r Olof von Dalin\",\"album\":\"Olof von Dalin\",\"genre\":\"Folk\",\"year\":\"2017\",\"length_formatted\":\"12:16\"},\"image\":{\"src\":\"https:\/\/litteraturbanken.se\/ljudochbild\/wp-content\/plugins\/media-library-assistant\/images\/crystal\/audio.png\",\"width\":48,\"height\":64},\"thumb\":{\"src\":\"https:\/\/litteraturbanken.se\/ljudochbild\/wp-content\/plugins\/media-library-assistant\/images\/crystal\/audio.png\",\"width\":48,\"height\":64}},{\"src\":\"https:\/\/litteraturbanken.se\/ljudochbild\/wp-content\/uploads\/2019\/09\/dalin_karabacchusoppnadintunna_bagge.mp3\",\"type\":\"audio\/mpeg\",\"title\":\"K\\u00e4ra Bacchus \\u00f6ppna din tunna\",\"caption\":\"\",\"description\":\"\\\"K\\u00e4ra Bacchus \\u00f6ppna din tunna\\\" fr\\u00e5n Martin Bagges musikaliska vandring (del 2 av 5) av Martin Bagge. Sp\\u00e5r 3 av 10.\",\"meta\":{\"artist\":\"Martin Bagge framf\\u00f6r Olof von Dalin\",\"album\":\"Olof von Dalin\",\"length_formatted\":\"1:06\"},\"image\":{\"src\":\"https:\/\/litteraturbanken.se\/ljudochbild\/wp-content\/plugins\/media-library-assistant\/images\/crystal\/audio.png\",\"width\":48,\"height\":64},\"thumb\":{\"src\":\"https:\/\/litteraturbanken.se\/ljudochbild\/wp-content\/plugins\/media-library-assistant\/images\/crystal\/audio.png\",\"width\":48,\"height\":64}},{\"src\":\"https:\/\/litteraturbanken.se\/ljudochbild\/wp-content\/uploads\/2019\/09\/dalin_kulnahostmedregnochtocken_bagge.mp3\",\"type\":\"audio\/mpeg\",\"title\":\"Kulna h\\u00f6st med regn och t\\u00f6cken\",\"caption\":\"\",\"description\":\"\\\"Kulna h\\u00f6st med regn och t\\u00f6cken\\\" fr\\u00e5n Martin Bagges musikaliska vandring (del 3 av 5) av Martin Bagge. Sp\\u00e5r 3 av 5.\",\"meta\":{\"artist\":\"Martin Bagge framf\\u00f6r Olof von Dalin\",\"album\":\"Olof von Dalin\",\"length_formatted\":\"2:32\"},\"image\":{\"src\":\"https:\/\/litteraturbanken.se\/ljudochbild\/wp-content\/plugins\/media-library-assistant\/images\/crystal\/audio.png\",\"width\":48,\"height\":64},\"thumb\":{\"src\":\"https:\/\/litteraturbanken.se\/ljudochbild\/wp-content\/plugins\/media-library-assistant\/images\/crystal\/audio.png\",\"width\":48,\"height\":64}},{\"src\":\"https:\/\/litteraturbanken.se\/ljudochbild\/wp-content\/uploads\/2019\/09\/dalin_otystaensamhet_bagge.mp3\",\"type\":\"audio\/mpeg\",\"title\":\"O tysta ensamhet\",\"caption\":\"\",\"description\":\"\\\"O tysta ensamhet\\\" fr\\u00e5n Martin Bagges musikaliska vandring (del 4 av 5) av Martin Bagge. Sl\\u00e4ppt: 2017. Sp\\u00e5r 8 av 8. Genre: Folk.\",\"meta\":{\"artist\":\"Martin Bagge framf\\u00f6r Olof von Dalin\",\"album\":\"Olof von Dalin\",\"genre\":\"Folk\",\"year\":\"2017\",\"length_formatted\":\"2:40\"},\"image\":{\"src\":\"https:\/\/litteraturbanken.se\/ljudochbild\/wp-content\/plugins\/media-library-assistant\/images\/crystal\/audio.png\",\"width\":48,\"height\":64},\"thumb\":{\"src\":\"https:\/\/litteraturbanken.se\/ljudochbild\/wp-content\/plugins\/media-library-assistant\/images\/crystal\/audio.png\",\"width\":48,\"height\":64}},{\"src\":\"https:\/\/litteraturbanken.se\/ljudochbild\/wp-content\/uploads\/2019\/09\/dalin_vivelacompagnia_bagge.mp3\",\"type\":\"audio\/mpeg\",\"title\":\"Vive la Compagnia\",\"caption\":\"\",\"description\":\"\\\"Vive la Compagnia\\\" fr\\u00e5n Martin Bagges musikaliska vandring (del 4 av 5) av Martin Bagge. Sl\\u00e4ppt: 2017. Sp\\u00e5r 7 av 8. Genre: Folk.\",\"meta\":{\"artist\":\"Martin Bagge framf\\u00f6r Olof von Dalin\",\"album\":\"Olof von Dalin\",\"genre\":\"Folk\",\"year\":\"2017\",\"length_formatted\":\"3:30\"},\"image\":{\"src\":\"https:\/\/litteraturbanken.se\/ljudochbild\/wp-content\/plugins\/media-library-assistant\/images\/crystal\/audio.png\",\"width\":48,\"height\":64},\"thumb\":{\"src\":\"https:\/\/litteraturbanken.se\/ljudochbild\/wp-content\/plugins\/media-library-assistant\/images\/crystal\/audio.png\",\"width\":48,\"height\":64}}]}<\/script>\n<\/div>\n\t\n\n\n\n<div class=\"wp-block-group\"><div class=\"wp-block-group__inner-container is-layout-flow wp-block-group-is-layout-flow\"><h3 class=\"wp-block-heading author-related-title\">L\u00e4s mer<\/h3>\r\n<div class=\"display-posts-listing grid\"><div class=\"listing-item\"><a class=\"image\" href=\"https:\/\/litteraturbanken.se\/ljudochbild\/2022\/11\/26\/litteraturkartan-halland\/\"><img loading=\"lazy\" decoding=\"async\" width=\"562\" height=\"1024\" src=\"https:\/\/litteraturbanken.se\/ljudochbild\/wp-content\/uploads\/2022\/11\/hallands_litteraturkarta-562x1024.jpg\" class=\"attachment-large size-large wp-post-image\" alt=\"Litteraturkartan Halland\" srcset=\"https:\/\/litteraturbanken.se\/ljudochbild\/wp-content\/uploads\/2022\/11\/hallands_litteraturkarta-562x1024.jpg 562w, https:\/\/litteraturbanken.se\/ljudochbild\/wp-content\/uploads\/2022\/11\/hallands_litteraturkarta-165x300.jpg 165w, https:\/\/litteraturbanken.se\/ljudochbild\/wp-content\/uploads\/2022\/11\/hallands_litteraturkarta-768x1398.jpg 768w, https:\/\/litteraturbanken.se\/ljudochbild\/wp-content\/uploads\/2022\/11\/hallands_litteraturkarta-844x1536.jpg 844w, https:\/\/litteraturbanken.se\/ljudochbild\/wp-content\/uploads\/2022\/11\/hallands_litteraturkarta-1125x2048.jpg 1125w, https:\/\/litteraturbanken.se\/ljudochbild\/wp-content\/uploads\/2022\/11\/hallands_litteraturkarta-480x874.jpg 480w, https:\/\/litteraturbanken.se\/ljudochbild\/wp-content\/uploads\/2022\/11\/hallands_litteraturkarta.jpg 1200w\" sizes=\"auto, (max-width: 562px) 100vw, 562px\" \/><\/a> <a class=\"title\" href=\"https:\/\/litteraturbanken.se\/ljudochbild\/2022\/11\/26\/litteraturkartan-halland\/\">Litteraturkartan: Halland<\/a><\/div><\/div>\r\n\r\n\n<\/div><\/div>\n","protected":false},"excerpt":{"rendered":"<p>\u201dOLOF VON DALIN (1708-1763) kom, blott tretton \u00e5r gammal, till universitetet i Lund d\u00e4r han \u00e4gnade ett antal \u00e5r \u00e5t humanistiska studier. Han bereddes d\u00e4refter plats som informator hos kammarr\u00e5det Klas R\u00e5lamb; en anst\u00e4llning vilken samtidigt gav Dalin [&hellip;]<\/p>\n","protected":false},"author":1,"featured_media":975,"parent":7,"menu_order":0,"comment_status":"closed","ping_status":"closed","template":"","meta":{"footnotes":""},"class_list":["post-631","page","type-page","status-publish","has-post-thumbnail","hentry"],"yoast_head":"<!-- This site is optimized with the Yoast SEO plugin v27.1.1 - https:\/\/yoast.com\/product\/yoast-seo-wordpress\/ -->\n<title>Olof von Dalin (1708\u20131763) - Ljud &amp; Bild<\/title>\n<meta name=\"robots\" content=\"index, follow, max-snippet:-1, max-image-preview:large, max-video-preview:-1\" \/>\n<link rel=\"canonical\" href=\"https:\/\/litteraturbanken.se\/ljudochbild\/forfattare\/dalinovon\/\" \/>\n<meta property=\"og:locale\" content=\"sv_SE\" \/>\n<meta property=\"og:type\" content=\"article\" \/>\n<meta property=\"og:title\" content=\"Olof von Dalin (1708\u20131763) - Ljud &amp; Bild\" \/>\n<meta property=\"og:description\" content=\"\u201dOLOF VON DALIN (1708-1763) kom, blott tretton \u00e5r gammal, till universitetet i Lund d\u00e4r han \u00e4gnade ett antal \u00e5r \u00e5t humanistiska studier. Han bereddes d\u00e4refter plats som informator hos kammarr\u00e5det Klas R\u00e5lamb; en anst\u00e4llning vilken samtidigt gav Dalin [&hellip;]\" \/>\n<meta property=\"og:url\" content=\"https:\/\/litteraturbanken.se\/ljudochbild\/forfattare\/dalinovon\/\" \/>\n<meta property=\"og:site_name\" content=\"Ljud &amp; Bild\" \/>\n<meta property=\"article:publisher\" content=\"https:\/\/www.facebook.com\/Litteraturbanken.se\" \/>\n<meta property=\"article:modified_time\" content=\"2024-09-16T13:08:46+00:00\" \/>\n<meta property=\"og:image\" content=\"https:\/\/litteraturbanken.se\/ljudochbild\/wp-content\/uploads\/2019\/09\/DalinOvon_large.jpeg\" \/>\n\t<meta property=\"og:image:width\" content=\"426\" \/>\n\t<meta property=\"og:image:height\" content=\"550\" \/>\n\t<meta property=\"og:image:type\" content=\"image\/jpeg\" \/>\n<meta name=\"twitter:card\" content=\"summary_large_image\" \/>\n<meta name=\"twitter:site\" content=\"@litteraturbank\" \/>\n<meta name=\"twitter:label1\" content=\"Ber\u00e4knad l\u00e4stid\" \/>\n\t<meta name=\"twitter:data1\" content=\"2 minuter\" \/>\n<script type=\"application\/ld+json\" class=\"yoast-schema-graph\">{\"@context\":\"https:\/\/schema.org\",\"@graph\":[{\"@type\":\"WebPage\",\"@id\":\"https:\/\/litteraturbanken.se\/ljudochbild\/forfattare\/dalinovon\/\",\"url\":\"https:\/\/litteraturbanken.se\/ljudochbild\/forfattare\/dalinovon\/\",\"name\":\"Olof von Dalin (1708\u20131763) - Ljud &amp; Bild\",\"isPartOf\":{\"@id\":\"https:\/\/litteraturbanken.se\/ljudochbild\/#website\"},\"primaryImageOfPage\":{\"@id\":\"https:\/\/litteraturbanken.se\/ljudochbild\/forfattare\/dalinovon\/#primaryimage\"},\"image\":{\"@id\":\"https:\/\/litteraturbanken.se\/ljudochbild\/forfattare\/dalinovon\/#primaryimage\"},\"thumbnailUrl\":\"https:\/\/litteraturbanken.se\/ljudochbild\/wp-content\/uploads\/2019\/09\/DalinOvon_large.jpeg\",\"datePublished\":\"2019-08-13T12:06:57+00:00\",\"dateModified\":\"2024-09-16T13:08:46+00:00\",\"breadcrumb\":{\"@id\":\"https:\/\/litteraturbanken.se\/ljudochbild\/forfattare\/dalinovon\/#breadcrumb\"},\"inLanguage\":\"sv-SE\",\"potentialAction\":[{\"@type\":\"ReadAction\",\"target\":[\"https:\/\/litteraturbanken.se\/ljudochbild\/forfattare\/dalinovon\/\"]}]},{\"@type\":\"ImageObject\",\"inLanguage\":\"sv-SE\",\"@id\":\"https:\/\/litteraturbanken.se\/ljudochbild\/forfattare\/dalinovon\/#primaryimage\",\"url\":\"https:\/\/litteraturbanken.se\/ljudochbild\/wp-content\/uploads\/2019\/09\/DalinOvon_large.jpeg\",\"contentUrl\":\"https:\/\/litteraturbanken.se\/ljudochbild\/wp-content\/uploads\/2019\/09\/DalinOvon_large.jpeg\",\"width\":426,\"height\":550},{\"@type\":\"BreadcrumbList\",\"@id\":\"https:\/\/litteraturbanken.se\/ljudochbild\/forfattare\/dalinovon\/#breadcrumb\",\"itemListElement\":[{\"@type\":\"ListItem\",\"position\":1,\"name\":\"Hem\",\"item\":\"https:\/\/litteraturbanken.se\/ljudochbild\/\"},{\"@type\":\"ListItem\",\"position\":2,\"name\":\"F\u00f6rfattare\",\"item\":\"https:\/\/litteraturbanken.se\/ljudochbild\/forfattare\/\"},{\"@type\":\"ListItem\",\"position\":3,\"name\":\"Olof von Dalin (1708\u20131763)\"}]},{\"@type\":\"WebSite\",\"@id\":\"https:\/\/litteraturbanken.se\/ljudochbild\/#website\",\"url\":\"https:\/\/litteraturbanken.se\/ljudochbild\/\",\"name\":\"Ljud & Bild\",\"description\":\"Ur Litteraturbankens samlingar\",\"potentialAction\":[{\"@type\":\"SearchAction\",\"target\":{\"@type\":\"EntryPoint\",\"urlTemplate\":\"https:\/\/litteraturbanken.se\/ljudochbild\/?s={search_term_string}\"},\"query-input\":{\"@type\":\"PropertyValueSpecification\",\"valueRequired\":true,\"valueName\":\"search_term_string\"}}],\"inLanguage\":\"sv-SE\"}]}<\/script>\n<!-- \/ Yoast SEO plugin. -->","yoast_head_json":{"title":"Olof von Dalin (1708\u20131763) - Ljud &amp; Bild","robots":{"index":"index","follow":"follow","max-snippet":"max-snippet:-1","max-image-preview":"max-image-preview:large","max-video-preview":"max-video-preview:-1"},"canonical":"https:\/\/litteraturbanken.se\/ljudochbild\/forfattare\/dalinovon\/","og_locale":"sv_SE","og_type":"article","og_title":"Olof von Dalin (1708\u20131763) - Ljud &amp; Bild","og_description":"\u201dOLOF VON DALIN (1708-1763) kom, blott tretton \u00e5r gammal, till universitetet i Lund d\u00e4r han \u00e4gnade ett antal \u00e5r \u00e5t humanistiska studier. Han bereddes d\u00e4refter plats som informator hos kammarr\u00e5det Klas R\u00e5lamb; en anst\u00e4llning vilken samtidigt gav Dalin [&hellip;]","og_url":"https:\/\/litteraturbanken.se\/ljudochbild\/forfattare\/dalinovon\/","og_site_name":"Ljud &amp; Bild","article_publisher":"https:\/\/www.facebook.com\/Litteraturbanken.se","article_modified_time":"2024-09-16T13:08:46+00:00","og_image":[{"width":426,"height":550,"url":"https:\/\/litteraturbanken.se\/ljudochbild\/wp-content\/uploads\/2019\/09\/DalinOvon_large.jpeg","type":"image\/jpeg"}],"twitter_card":"summary_large_image","twitter_site":"@litteraturbank","twitter_misc":{"Ber\u00e4knad l\u00e4stid":"2 minuter"},"schema":{"@context":"https:\/\/schema.org","@graph":[{"@type":"WebPage","@id":"https:\/\/litteraturbanken.se\/ljudochbild\/forfattare\/dalinovon\/","url":"https:\/\/litteraturbanken.se\/ljudochbild\/forfattare\/dalinovon\/","name":"Olof von Dalin (1708\u20131763) - Ljud &amp; Bild","isPartOf":{"@id":"https:\/\/litteraturbanken.se\/ljudochbild\/#website"},"primaryImageOfPage":{"@id":"https:\/\/litteraturbanken.se\/ljudochbild\/forfattare\/dalinovon\/#primaryimage"},"image":{"@id":"https:\/\/litteraturbanken.se\/ljudochbild\/forfattare\/dalinovon\/#primaryimage"},"thumbnailUrl":"https:\/\/litteraturbanken.se\/ljudochbild\/wp-content\/uploads\/2019\/09\/DalinOvon_large.jpeg","datePublished":"2019-08-13T12:06:57+00:00","dateModified":"2024-09-16T13:08:46+00:00","breadcrumb":{"@id":"https:\/\/litteraturbanken.se\/ljudochbild\/forfattare\/dalinovon\/#breadcrumb"},"inLanguage":"sv-SE","potentialAction":[{"@type":"ReadAction","target":["https:\/\/litteraturbanken.se\/ljudochbild\/forfattare\/dalinovon\/"]}]},{"@type":"ImageObject","inLanguage":"sv-SE","@id":"https:\/\/litteraturbanken.se\/ljudochbild\/forfattare\/dalinovon\/#primaryimage","url":"https:\/\/litteraturbanken.se\/ljudochbild\/wp-content\/uploads\/2019\/09\/DalinOvon_large.jpeg","contentUrl":"https:\/\/litteraturbanken.se\/ljudochbild\/wp-content\/uploads\/2019\/09\/DalinOvon_large.jpeg","width":426,"height":550},{"@type":"BreadcrumbList","@id":"https:\/\/litteraturbanken.se\/ljudochbild\/forfattare\/dalinovon\/#breadcrumb","itemListElement":[{"@type":"ListItem","position":1,"name":"Hem","item":"https:\/\/litteraturbanken.se\/ljudochbild\/"},{"@type":"ListItem","position":2,"name":"F\u00f6rfattare","item":"https:\/\/litteraturbanken.se\/ljudochbild\/forfattare\/"},{"@type":"ListItem","position":3,"name":"Olof von Dalin (1708\u20131763)"}]},{"@type":"WebSite","@id":"https:\/\/litteraturbanken.se\/ljudochbild\/#website","url":"https:\/\/litteraturbanken.se\/ljudochbild\/","name":"Ljud & Bild","description":"Ur Litteraturbankens samlingar","potentialAction":[{"@type":"SearchAction","target":{"@type":"EntryPoint","urlTemplate":"https:\/\/litteraturbanken.se\/ljudochbild\/?s={search_term_string}"},"query-input":{"@type":"PropertyValueSpecification","valueRequired":true,"valueName":"search_term_string"}}],"inLanguage":"sv-SE"}]}},"_links":{"self":[{"href":"https:\/\/litteraturbanken.se\/ljudochbild\/wp-json\/wp\/v2\/pages\/631","targetHints":{"allow":["GET"]}}],"collection":[{"href":"https:\/\/litteraturbanken.se\/ljudochbild\/wp-json\/wp\/v2\/pages"}],"about":[{"href":"https:\/\/litteraturbanken.se\/ljudochbild\/wp-json\/wp\/v2\/types\/page"}],"author":[{"embeddable":true,"href":"https:\/\/litteraturbanken.se\/ljudochbild\/wp-json\/wp\/v2\/users\/1"}],"replies":[{"embeddable":true,"href":"https:\/\/litteraturbanken.se\/ljudochbild\/wp-json\/wp\/v2\/comments?post=631"}],"version-history":[{"count":6,"href":"https:\/\/litteraturbanken.se\/ljudochbild\/wp-json\/wp\/v2\/pages\/631\/revisions"}],"predecessor-version":[{"id":12068,"href":"https:\/\/litteraturbanken.se\/ljudochbild\/wp-json\/wp\/v2\/pages\/631\/revisions\/12068"}],"up":[{"embeddable":true,"href":"https:\/\/litteraturbanken.se\/ljudochbild\/wp-json\/wp\/v2\/pages\/7"}],"wp:featuredmedia":[{"embeddable":true,"href":"https:\/\/litteraturbanken.se\/ljudochbild\/wp-json\/wp\/v2\/media\/975"}],"wp:attachment":[{"href":"https:\/\/litteraturbanken.se\/ljudochbild\/wp-json\/wp\/v2\/media?parent=631"}],"curies":[{"name":"wp","href":"https:\/\/api.w.org\/{rel}","templated":true}]}}