{"id":633,"date":"2019-08-13T14:08:23","date_gmt":"2019-08-13T12:08:23","guid":{"rendered":"http:\/\/ordfabriken.org\/ljud\/?page_id=633"},"modified":"2024-09-18T11:29:34","modified_gmt":"2024-09-18T09:29:34","slug":"delagardiemg","status":"publish","type":"page","link":"https:\/\/litteraturbanken.se\/ljudochbild\/forfattare\/delagardiemg\/","title":{"rendered":"Magnus Gabriel De la Gardie (1622\u20131686)"},"content":{"rendered":"<div class=\"wp-block-image\">\n<figure class=\"alignright size-large is-resized\"><img loading=\"lazy\" decoding=\"async\" width=\"786\" height=\"1024\" src=\"https:\/\/litteraturbanken.se\/ljudochbild\/wp-content\/uploads\/2024\/09\/delagardie-786x1024.jpg\" alt=\"Magnus Gabriel De la Gardie\" class=\"wp-image-12325\" style=\"width:211px;height:auto\" srcset=\"https:\/\/litteraturbanken.se\/ljudochbild\/wp-content\/uploads\/2024\/09\/delagardie-786x1024.jpg 786w, https:\/\/litteraturbanken.se\/ljudochbild\/wp-content\/uploads\/2024\/09\/delagardie-230x300.jpg 230w, https:\/\/litteraturbanken.se\/ljudochbild\/wp-content\/uploads\/2024\/09\/delagardie-768x1001.jpg 768w, https:\/\/litteraturbanken.se\/ljudochbild\/wp-content\/uploads\/2024\/09\/delagardie-1179x1536.jpg 1179w, https:\/\/litteraturbanken.se\/ljudochbild\/wp-content\/uploads\/2024\/09\/delagardie-480x626.jpg 480w, https:\/\/litteraturbanken.se\/ljudochbild\/wp-content\/uploads\/2024\/09\/delagardie.jpg 1200w\" sizes=\"auto, (max-width: 786px) 100vw, 786px\" \/><\/figure>\n<\/div>\n\n\n<p>MAGNUS GABRIEL DE LA GARDIE (1622\u20131686): \u201dden mest lysande av 1600-talets h\u00f6ga adelsherrar och b\u00e4rare av ett \u00e4rat namn i den svenska odlingshistorien, r\u00f6jde redan i tidiga \u00e5r ett ljust huvud och snabb fattningsg\u00e5va. Tio\u00e5rig fick han en framst\u00e5ende l\u00e4rare i\u00a0Mattias Mylonius\u00a0(senare adlad Bi\u00f6renklou), studerade fr\u00e5n sitt trettonde, \u00e5r vid akademien i Uppsala och till\u00e4gnade sig en vidstr\u00e4ckt bildning. Vid flera tillf\u00e4llen upptr\u00e4dde han med latinska tal: \u00f6ver Gustav Adolfs minne (p\u00e5 riddarhuset 1634), om Axel Oxenstiernas \u00e5terkomst fr\u00e5n Tyskland (1636), om dennes f\u00f6rtj\u00e4nster om akademin (1637). I nov. 1639 valdes den unge D. sj\u00e4lv till universitetets rector illustris, ett \u00e4mbete, som han bekl\u00e4dde omkring ett halvt \u00e5rs tid (till juni 1640). Valet var en g\u00e4rd \u00e5t hans b\u00f6rd och h\u00f6ga f\u00f6rbindelser i \u00f6verensst\u00e4mmelse med g\u00e4ngse sed, men tj\u00e4nsten var dock ej blott ett namn; n\u00e4stan varje g\u00e5ng f\u00f6rde D. ordet vid konsistoriets sammantr\u00e4den. \u00c5r 1640 b\u00f6rjade den till en adlig uppfostrans fullbordan n\u00f6diga utrikesresan; han h\u00f6rde Boxhorns f\u00f6rel\u00e4sningar \u00f6ver Tacitus i Leiden men studerade ocks\u00e5 Hollands f\u00e4stningar och krigsv\u00e4sen.\u201d<\/p>\n\n\n\n<p>Stycket ovanf\u00f6r kommer fr\u00e5n Georg Wittrocks artikel om Magnus Gabriel De la Gardie hos <a href=\"https:\/\/sok.riksarkivet.se\/sbl\/Presentation.aspx?id=17381\" target=\"_blank\" rel=\"noreferrer noopener\">Svenskt biografiskt lexikon<\/a>.<br><\/p>\n\n\n\n<div class=\"wp-block-buttons is-layout-flex wp-block-buttons-is-layout-flex\">\n<div class=\"wp-block-button has-custom-font-size read-more-button\" style=\"font-size:14px\"><a class=\"wp-block-button__link has-white-color has-text-color has-background wp-element-button\" href=\"https:\/\/sok.riksarkivet.se\/sbl\/Presentation.aspx?id=17381\" style=\"border-radius:0px;background-color:#cd2400\" target=\"_blank\" rel=\"noopener\"><strong>L\u00c4S MER OM MAGNUS GABRIEL DE LA GARDIE<\/strong><\/a><\/div>\n\n\n\n<div class=\"wp-block-button has-custom-font-size read-more-button\" style=\"font-size:14px\"><a class=\"wp-block-button__link has-white-color has-text-color has-background wp-element-button\" href=\"https:\/\/litteraturbanken.se\/f%C3%B6rfattare\/DeLaGardieMG\/titlar\" style=\"border-radius:0px;background-color:#cd2400\" target=\"_blank\" rel=\"noopener\"><strong>L\u00c4S MAGNUS GABRIEL DE LA GARDIES VERK HOS LB.SE<\/strong><\/a><\/div>\n<\/div>\n\n\n\n<div style=\"height:20px\" aria-hidden=\"true\" class=\"wp-block-spacer\"><\/div>\n\n\n\n<p> <\/p>\n\n\n\n<div class=\"wp-playlist wp-audio-playlist wp-playlist-light\">\n\t\t\t<div class=\"wp-playlist-current-item\"><\/div>\n\t\t<audio controls=\"controls\" preload=\"none\" width=\"618\"\n\t\t\t><\/audio>\n\t<div class=\"wp-playlist-next\"><\/div>\n\t<div class=\"wp-playlist-prev\"><\/div>\n\t<noscript>\n\t<ol>\n\t\t<li><a href='https:\/\/litteraturbanken.se\/ljudochbild\/wp-content\/uploads\/2019\/09\/delagardie_ojesunarjaghadanskall_engdahl.mp3'>O Jesu! N\u00e4r jag h\u00e4dan skall<\/a><\/li>\t<\/ol>\n\t<\/noscript>\n\t<script type=\"application\/json\" class=\"wp-playlist-script\">{\"type\":\"audio\",\"tracklist\":true,\"tracknumbers\":true,\"images\":true,\"artists\":true,\"tracks\":[{\"src\":\"https:\/\/litteraturbanken.se\/ljudochbild\/wp-content\/uploads\/2019\/09\/delagardie_ojesunarjaghadanskall_engdahl.mp3\",\"type\":\"audio\/mpeg\",\"title\":\"O Jesu! N\\u00e4r jag h\\u00e4dan skall\",\"caption\":\"\",\"description\":\"\\\"O Jesu! N\\u00e4r jag h\\u00e4dan skall\\\" fr\\u00e5n O Jesu! N\\u00e4r jag h\\u00e4dan skall av De La Gardie, Magnus Gabriel.\",\"meta\":{\"artist\":\"Horace Engdahl l\\u00e4ser Magnus Gabriel De La Gardie\",\"album\":\"Magnus Gabriel De La Gardie\",\"length_formatted\":\"2:39\"},\"image\":{\"src\":\"https:\/\/litteraturbanken.se\/ljudochbild\/wp-content\/uploads\/2019\/09\/lb_albumart.png\",\"width\":580,\"height\":612},\"thumb\":{\"src\":\"https:\/\/litteraturbanken.se\/ljudochbild\/wp-content\/uploads\/2019\/09\/lb_albumart-150x150.png\",\"width\":150,\"height\":150}}]}<\/script>\n<\/div>\n\t\n\n\n\n<hr class=\"wp-block-separator has-alpha-channel-opacity\"\/>\n\n\n\n<p><em>Konstverket ovanf\u00f6r har vi l\u00e5nat av <a href=\"https:\/\/commons.wikimedia.org\/wiki\/File:Magnus_Gabriel_de_la_Gardie,_1622-1686_(Henrik_M%C3%BCnnichhofen)_-_Nationalmuseum_-_39848.tif\" target=\"_blank\" rel=\"noreferrer noopener\">Wikimedia Commons<\/a>.<\/em><\/p>\n","protected":false},"excerpt":{"rendered":"<p>MAGNUS GABRIEL DE LA GARDIE (1622\u20131686): \u201dden mest lysande av 1600-talets h\u00f6ga adelsherrar och b\u00e4rare av ett \u00e4rat namn i den svenska odlingshistorien, r\u00f6jde redan i tidiga \u00e5r ett ljust huvud och snabb fattningsg\u00e5va. Tio\u00e5rig fick han en [&hellip;]<\/p>\n","protected":false},"author":1,"featured_media":12325,"parent":7,"menu_order":0,"comment_status":"closed","ping_status":"closed","template":"","meta":{"footnotes":""},"class_list":["post-633","page","type-page","status-publish","has-post-thumbnail","hentry"],"yoast_head":"<!-- This site is optimized with the Yoast SEO plugin v27.1.1 - https:\/\/yoast.com\/product\/yoast-seo-wordpress\/ -->\n<title>Magnus Gabriel De la Gardie (1622\u20131686) - Ljud &amp; Bild<\/title>\n<meta name=\"robots\" content=\"index, follow, max-snippet:-1, max-image-preview:large, max-video-preview:-1\" \/>\n<link rel=\"canonical\" href=\"https:\/\/litteraturbanken.se\/ljudochbild\/forfattare\/delagardiemg\/\" \/>\n<meta property=\"og:locale\" content=\"sv_SE\" \/>\n<meta property=\"og:type\" content=\"article\" \/>\n<meta property=\"og:title\" content=\"Magnus Gabriel De la Gardie (1622\u20131686) - Ljud &amp; Bild\" \/>\n<meta property=\"og:description\" content=\"MAGNUS GABRIEL DE LA GARDIE (1622\u20131686): \u201dden mest lysande av 1600-talets h\u00f6ga adelsherrar och b\u00e4rare av ett \u00e4rat namn i den svenska odlingshistorien, r\u00f6jde redan i tidiga \u00e5r ett ljust huvud och snabb fattningsg\u00e5va. Tio\u00e5rig fick han en [&hellip;]\" \/>\n<meta property=\"og:url\" content=\"https:\/\/litteraturbanken.se\/ljudochbild\/forfattare\/delagardiemg\/\" \/>\n<meta property=\"og:site_name\" content=\"Ljud &amp; Bild\" \/>\n<meta property=\"article:publisher\" content=\"https:\/\/www.facebook.com\/Litteraturbanken.se\" \/>\n<meta property=\"article:modified_time\" content=\"2024-09-18T09:29:34+00:00\" \/>\n<meta property=\"og:image\" content=\"https:\/\/litteraturbanken.se\/ljudochbild\/wp-content\/uploads\/2024\/09\/delagardie.jpg\" \/>\n\t<meta property=\"og:image:width\" content=\"1200\" \/>\n\t<meta property=\"og:image:height\" content=\"1564\" \/>\n\t<meta property=\"og:image:type\" content=\"image\/jpeg\" \/>\n<meta name=\"twitter:card\" content=\"summary_large_image\" \/>\n<meta name=\"twitter:site\" content=\"@litteraturbank\" \/>\n<meta name=\"twitter:label1\" content=\"Ber\u00e4knad l\u00e4stid\" \/>\n\t<meta name=\"twitter:data1\" content=\"2 minuter\" \/>\n<script type=\"application\/ld+json\" class=\"yoast-schema-graph\">{\"@context\":\"https:\/\/schema.org\",\"@graph\":[{\"@type\":\"WebPage\",\"@id\":\"https:\/\/litteraturbanken.se\/ljudochbild\/forfattare\/delagardiemg\/\",\"url\":\"https:\/\/litteraturbanken.se\/ljudochbild\/forfattare\/delagardiemg\/\",\"name\":\"Magnus Gabriel De la Gardie (1622\u20131686) - Ljud &amp; Bild\",\"isPartOf\":{\"@id\":\"https:\/\/litteraturbanken.se\/ljudochbild\/#website\"},\"primaryImageOfPage\":{\"@id\":\"https:\/\/litteraturbanken.se\/ljudochbild\/forfattare\/delagardiemg\/#primaryimage\"},\"image\":{\"@id\":\"https:\/\/litteraturbanken.se\/ljudochbild\/forfattare\/delagardiemg\/#primaryimage\"},\"thumbnailUrl\":\"https:\/\/litteraturbanken.se\/ljudochbild\/wp-content\/uploads\/2024\/09\/delagardie.jpg\",\"datePublished\":\"2019-08-13T12:08:23+00:00\",\"dateModified\":\"2024-09-18T09:29:34+00:00\",\"breadcrumb\":{\"@id\":\"https:\/\/litteraturbanken.se\/ljudochbild\/forfattare\/delagardiemg\/#breadcrumb\"},\"inLanguage\":\"sv-SE\",\"potentialAction\":[{\"@type\":\"ReadAction\",\"target\":[\"https:\/\/litteraturbanken.se\/ljudochbild\/forfattare\/delagardiemg\/\"]}]},{\"@type\":\"ImageObject\",\"inLanguage\":\"sv-SE\",\"@id\":\"https:\/\/litteraturbanken.se\/ljudochbild\/forfattare\/delagardiemg\/#primaryimage\",\"url\":\"https:\/\/litteraturbanken.se\/ljudochbild\/wp-content\/uploads\/2024\/09\/delagardie.jpg\",\"contentUrl\":\"https:\/\/litteraturbanken.se\/ljudochbild\/wp-content\/uploads\/2024\/09\/delagardie.jpg\",\"width\":1200,\"height\":1564,\"caption\":\"Magnus Gabriel De la Gardie\"},{\"@type\":\"BreadcrumbList\",\"@id\":\"https:\/\/litteraturbanken.se\/ljudochbild\/forfattare\/delagardiemg\/#breadcrumb\",\"itemListElement\":[{\"@type\":\"ListItem\",\"position\":1,\"name\":\"Hem\",\"item\":\"https:\/\/litteraturbanken.se\/ljudochbild\/\"},{\"@type\":\"ListItem\",\"position\":2,\"name\":\"F\u00f6rfattare\",\"item\":\"https:\/\/litteraturbanken.se\/ljudochbild\/forfattare\/\"},{\"@type\":\"ListItem\",\"position\":3,\"name\":\"Magnus Gabriel De la Gardie (1622\u20131686)\"}]},{\"@type\":\"WebSite\",\"@id\":\"https:\/\/litteraturbanken.se\/ljudochbild\/#website\",\"url\":\"https:\/\/litteraturbanken.se\/ljudochbild\/\",\"name\":\"Ljud & Bild\",\"description\":\"Ur Litteraturbankens samlingar\",\"potentialAction\":[{\"@type\":\"SearchAction\",\"target\":{\"@type\":\"EntryPoint\",\"urlTemplate\":\"https:\/\/litteraturbanken.se\/ljudochbild\/?s={search_term_string}\"},\"query-input\":{\"@type\":\"PropertyValueSpecification\",\"valueRequired\":true,\"valueName\":\"search_term_string\"}}],\"inLanguage\":\"sv-SE\"}]}<\/script>\n<!-- \/ Yoast SEO plugin. -->","yoast_head_json":{"title":"Magnus Gabriel De la Gardie (1622\u20131686) - Ljud &amp; Bild","robots":{"index":"index","follow":"follow","max-snippet":"max-snippet:-1","max-image-preview":"max-image-preview:large","max-video-preview":"max-video-preview:-1"},"canonical":"https:\/\/litteraturbanken.se\/ljudochbild\/forfattare\/delagardiemg\/","og_locale":"sv_SE","og_type":"article","og_title":"Magnus Gabriel De la Gardie (1622\u20131686) - Ljud &amp; Bild","og_description":"MAGNUS GABRIEL DE LA GARDIE (1622\u20131686): \u201dden mest lysande av 1600-talets h\u00f6ga adelsherrar och b\u00e4rare av ett \u00e4rat namn i den svenska odlingshistorien, r\u00f6jde redan i tidiga \u00e5r ett ljust huvud och snabb fattningsg\u00e5va. Tio\u00e5rig fick han en [&hellip;]","og_url":"https:\/\/litteraturbanken.se\/ljudochbild\/forfattare\/delagardiemg\/","og_site_name":"Ljud &amp; Bild","article_publisher":"https:\/\/www.facebook.com\/Litteraturbanken.se","article_modified_time":"2024-09-18T09:29:34+00:00","og_image":[{"width":1200,"height":1564,"url":"https:\/\/litteraturbanken.se\/ljudochbild\/wp-content\/uploads\/2024\/09\/delagardie.jpg","type":"image\/jpeg"}],"twitter_card":"summary_large_image","twitter_site":"@litteraturbank","twitter_misc":{"Ber\u00e4knad l\u00e4stid":"2 minuter"},"schema":{"@context":"https:\/\/schema.org","@graph":[{"@type":"WebPage","@id":"https:\/\/litteraturbanken.se\/ljudochbild\/forfattare\/delagardiemg\/","url":"https:\/\/litteraturbanken.se\/ljudochbild\/forfattare\/delagardiemg\/","name":"Magnus Gabriel De la Gardie (1622\u20131686) - Ljud &amp; Bild","isPartOf":{"@id":"https:\/\/litteraturbanken.se\/ljudochbild\/#website"},"primaryImageOfPage":{"@id":"https:\/\/litteraturbanken.se\/ljudochbild\/forfattare\/delagardiemg\/#primaryimage"},"image":{"@id":"https:\/\/litteraturbanken.se\/ljudochbild\/forfattare\/delagardiemg\/#primaryimage"},"thumbnailUrl":"https:\/\/litteraturbanken.se\/ljudochbild\/wp-content\/uploads\/2024\/09\/delagardie.jpg","datePublished":"2019-08-13T12:08:23+00:00","dateModified":"2024-09-18T09:29:34+00:00","breadcrumb":{"@id":"https:\/\/litteraturbanken.se\/ljudochbild\/forfattare\/delagardiemg\/#breadcrumb"},"inLanguage":"sv-SE","potentialAction":[{"@type":"ReadAction","target":["https:\/\/litteraturbanken.se\/ljudochbild\/forfattare\/delagardiemg\/"]}]},{"@type":"ImageObject","inLanguage":"sv-SE","@id":"https:\/\/litteraturbanken.se\/ljudochbild\/forfattare\/delagardiemg\/#primaryimage","url":"https:\/\/litteraturbanken.se\/ljudochbild\/wp-content\/uploads\/2024\/09\/delagardie.jpg","contentUrl":"https:\/\/litteraturbanken.se\/ljudochbild\/wp-content\/uploads\/2024\/09\/delagardie.jpg","width":1200,"height":1564,"caption":"Magnus Gabriel De la Gardie"},{"@type":"BreadcrumbList","@id":"https:\/\/litteraturbanken.se\/ljudochbild\/forfattare\/delagardiemg\/#breadcrumb","itemListElement":[{"@type":"ListItem","position":1,"name":"Hem","item":"https:\/\/litteraturbanken.se\/ljudochbild\/"},{"@type":"ListItem","position":2,"name":"F\u00f6rfattare","item":"https:\/\/litteraturbanken.se\/ljudochbild\/forfattare\/"},{"@type":"ListItem","position":3,"name":"Magnus Gabriel De la Gardie (1622\u20131686)"}]},{"@type":"WebSite","@id":"https:\/\/litteraturbanken.se\/ljudochbild\/#website","url":"https:\/\/litteraturbanken.se\/ljudochbild\/","name":"Ljud & Bild","description":"Ur Litteraturbankens samlingar","potentialAction":[{"@type":"SearchAction","target":{"@type":"EntryPoint","urlTemplate":"https:\/\/litteraturbanken.se\/ljudochbild\/?s={search_term_string}"},"query-input":{"@type":"PropertyValueSpecification","valueRequired":true,"valueName":"search_term_string"}}],"inLanguage":"sv-SE"}]}},"_links":{"self":[{"href":"https:\/\/litteraturbanken.se\/ljudochbild\/wp-json\/wp\/v2\/pages\/633","targetHints":{"allow":["GET"]}}],"collection":[{"href":"https:\/\/litteraturbanken.se\/ljudochbild\/wp-json\/wp\/v2\/pages"}],"about":[{"href":"https:\/\/litteraturbanken.se\/ljudochbild\/wp-json\/wp\/v2\/types\/page"}],"author":[{"embeddable":true,"href":"https:\/\/litteraturbanken.se\/ljudochbild\/wp-json\/wp\/v2\/users\/1"}],"replies":[{"embeddable":true,"href":"https:\/\/litteraturbanken.se\/ljudochbild\/wp-json\/wp\/v2\/comments?post=633"}],"version-history":[{"count":5,"href":"https:\/\/litteraturbanken.se\/ljudochbild\/wp-json\/wp\/v2\/pages\/633\/revisions"}],"predecessor-version":[{"id":12326,"href":"https:\/\/litteraturbanken.se\/ljudochbild\/wp-json\/wp\/v2\/pages\/633\/revisions\/12326"}],"up":[{"embeddable":true,"href":"https:\/\/litteraturbanken.se\/ljudochbild\/wp-json\/wp\/v2\/pages\/7"}],"wp:featuredmedia":[{"embeddable":true,"href":"https:\/\/litteraturbanken.se\/ljudochbild\/wp-json\/wp\/v2\/media\/12325"}],"wp:attachment":[{"href":"https:\/\/litteraturbanken.se\/ljudochbild\/wp-json\/wp\/v2\/media?parent=633"}],"curies":[{"name":"wp","href":"https:\/\/api.w.org\/{rel}","templated":true}]}}