{"id":637,"date":"2019-08-13T14:11:43","date_gmt":"2019-08-13T12:11:43","guid":{"rendered":"http:\/\/ordfabriken.org\/ljud\/?page_id=637"},"modified":"2024-09-16T15:15:12","modified_gmt":"2024-09-16T13:15:12","slug":"ekelundv","status":"publish","type":"page","link":"https:\/\/litteraturbanken.se\/ljudochbild\/forfattare\/ekelundv\/","title":{"rendered":"Vilhelm Ekelund (1880\u20131949)"},"content":{"rendered":"<div class=\"wp-block-image\">\n<figure class=\"alignright\"><img loading=\"lazy\" decoding=\"async\" width=\"261\" height=\"300\" src=\"https:\/\/litteraturbanken.se\/ljudochbild\/wp-content\/uploads\/2019\/09\/EkelundV_large-261x300.jpeg\" alt=\"Fotografi av Vilhelm Ekelund\" class=\"wp-image-979\" srcset=\"https:\/\/litteraturbanken.se\/ljudochbild\/wp-content\/uploads\/2019\/09\/EkelundV_large-261x300.jpeg 261w, https:\/\/litteraturbanken.se\/ljudochbild\/wp-content\/uploads\/2019\/09\/EkelundV_large.jpeg 478w\" sizes=\"auto, (max-width: 261px) 100vw, 261px\" \/><\/figure>\n<\/div>\n\n\n<p>\u201dVILHELM EKELUND (1880\u20131949) var det tidiga svenska 1900-talets store litter\u00e4re forskningsresande. Fr\u00e5n det sk\u00e5nska landskapet till de europeiska metropolerna, fr\u00e5n den svenska samtiden genom filosofins och litteraturens historia r\u00f6rde han sig i st\u00e4ndigt samtal med meningsfr\u00e4nder och i oupph\u00f6rligt registrerande av st\u00e4mningar och dagrar. Ekelund debuterade som poet med samlingen\u00a0<em><a aria-label=\"V\u00e5rbris (\u00f6ppnas i en ny flik)\" href=\"https:\/\/litteraturbanken.se\/f%C3%B6rfattare\/EkelundV\/titlar\/V%C3%A5rbris\/sida\/3\/etext\" target=\"_blank\" rel=\"noreferrer noopener\">V\u00e5rbris<\/a><\/em>\u00a0(1900). Sex \u00e5r och sju diktsamlingar senare l\u00e4mnade han lyriken med\u00a0<em><a href=\"https:\/\/litteraturbanken.se\/forfattare\/EkelundV\/titlar\/DithyramberIAftonglans\/sida\/3\/etext\">Dithyramber i aftonglans<\/a><\/em> (1906). Ekelund hade d\u00e5 drivit den i samtiden omdebatterade fria versen till en ny, f\u00f6rt\u00e4tad, n\u00e4rmast skulptural rytm. Han l\u00e4ste tidigt den samtida modernistiska litteraturen och skrev redan 1901 i\u00a0<em>Malm\u00f6-Tidningen<\/em>\u00a0introducerande artiklar om bland andra Hugo von Hofmannsthal och St\u00e9phane Mallarm\u00e9. Han reste ocks\u00e5 sj\u00e4lv ut i Europa och rapporterade hem om det brusande, rusande moderna storstadslivet. Ekelund kom sedermera att bos\u00e4tta sig i Berlin och K\u00f6penhamn. Efter att ha l\u00e4mnat poesin fann han nya uttryck i prosa, ess\u00e4istik och aforistik.\u201d<\/p>\n\n\n\n<p>Stycket ovanf\u00f6r kommer ur Lotta Lotass introduktion av Vilhelm Ekelund hos Litteraturbanken.<\/p>\n\n\n\n<div class=\"wp-block-buttons is-layout-flex wp-block-buttons-is-layout-flex\">\n<div class=\"wp-block-button has-custom-font-size read-more-button\" style=\"font-size:14px\"><a class=\"wp-block-button__link has-white-color has-text-color has-background wp-element-button\" href=\"https:\/\/litteraturbanken.se\/f%C3%B6rfattare\/EkelundV\" style=\"border-radius:0px;background-color:#cd2400\" target=\"_blank\" rel=\"noopener\"><strong>L\u00c4S MER OM VILHELM EKELUND<\/strong><\/a><\/div>\n\n\n\n<div class=\"wp-block-button has-custom-font-size read-more-button\" style=\"font-size:14px\"><a class=\"wp-block-button__link has-white-color has-text-color has-background wp-element-button\" href=\"https:\/\/litteraturbanken.se\/f%C3%B6rfattare\/EkelundV\/titlar\" style=\"border-radius:0px;background-color:#cd2400\" target=\"_blank\" rel=\"noopener\"><strong>L\u00c4S VILHELM EKELUNDS VERK HOS LB.SE<\/strong><\/a><\/div>\n<\/div>\n\n\n\n<div style=\"height:20px\" aria-hidden=\"true\" class=\"wp-block-spacer\"><\/div>\n\n\n\n<div class=\"wp-playlist wp-audio-playlist wp-playlist-light\">\n\t\t\t<div class=\"wp-playlist-current-item\"><\/div>\n\t\t<audio controls=\"controls\" preload=\"none\" width=\"618\"\n\t\t\t><\/audio>\n\t<div class=\"wp-playlist-next\"><\/div>\n\t<div class=\"wp-playlist-prev\"><\/div>\n\t<noscript>\n\t<ol>\n\t\t<li><a href='https:\/\/litteraturbanken.se\/ljudochbild\/wp-content\/uploads\/2019\/09\/ekelund_aldrigkansjalenslangtanstillas_pleijel.mp3'>Aldrig kan sj\u00e4lens l\u00e4ngtan stillas<\/a><\/li><li><a href='https:\/\/litteraturbanken.se\/ljudochbild\/wp-content\/uploads\/2023\/11\/ekelund_havsstillhet_alw.mp3'>Havsstillhet<\/a><\/li><li><a href='https:\/\/litteraturbanken.se\/ljudochbild\/wp-content\/uploads\/2019\/09\/ekelund_jagdiktarforingen_pleijel.mp3'>Jag diktar f\u00f6r ingen<\/a><\/li><li><a href='https:\/\/litteraturbanken.se\/ljudochbild\/wp-content\/uploads\/2020\/03\/ekelund_jagsorjeratthjartatlaks_berglund.mp3'>Jag s\u00f6rjer att hj\u00e4rtat l\u00e4ks<\/a><\/li><li><a href='https:\/\/litteraturbanken.se\/ljudochbild\/wp-content\/uploads\/2019\/09\/ekelund_kastanjetradentrottaluta_mattson.mp3'>Kastanjetr\u00e4den tr\u00f6tta luta\u2026<\/a><\/li><li><a href='https:\/\/litteraturbanken.se\/ljudochbild\/wp-content\/uploads\/2020\/03\/ekelund_morgonklaravarld_berglund.mp3'>Morgonklara v\u00e4rld<\/a><\/li><li><a href='https:\/\/litteraturbanken.se\/ljudochbild\/wp-content\/uploads\/2020\/03\/ekelund_skendod_berglund.mp3'>Skend\u00f6d<\/a><\/li><li><a href='https:\/\/litteraturbanken.se\/ljudochbild\/wp-content\/uploads\/2019\/09\/ekelund_somettstjarnfall_mossaed.mp3'>Som ett stj\u00e4rnfall<\/a><\/li><li><a href='https:\/\/litteraturbanken.se\/ljudochbild\/wp-content\/uploads\/2020\/03\/ekelund_utiminsjal_berglund.mp3'>Uti min sj\u00e4l<\/a><\/li>\t<\/ol>\n\t<\/noscript>\n\t<script type=\"application\/json\" class=\"wp-playlist-script\">{\"type\":\"audio\",\"tracklist\":true,\"tracknumbers\":true,\"images\":true,\"artists\":true,\"tracks\":[{\"src\":\"https:\/\/litteraturbanken.se\/ljudochbild\/wp-content\/uploads\/2019\/09\/ekelund_aldrigkansjalenslangtanstillas_pleijel.mp3\",\"type\":\"audio\/mpeg\",\"title\":\"Aldrig kan sj\\u00e4lens l\\u00e4ngtan stillas\",\"caption\":\"\",\"description\":\"\\\"Aldrig kan sj\\u00e4lens l\\u00e4ngtan stillas\\\" fr\\u00e5n Aldrig kan sj\\u00e4lens l\\u00e4ngtan stillas av Ekelund, Vilhelm.\",\"meta\":{\"artist\":\"Agneta Pleijel l\\u00e4ser Vilhelm Ekelund\",\"album\":\"VIlhelm Ekelund\",\"length_formatted\":\"0:50\"},\"image\":{\"src\":\"https:\/\/litteraturbanken.se\/ljudochbild\/wp-content\/uploads\/2019\/09\/lb_albumart-1.png\",\"width\":580,\"height\":612},\"thumb\":{\"src\":\"https:\/\/litteraturbanken.se\/ljudochbild\/wp-content\/uploads\/2019\/09\/lb_albumart-1-150x150.png\",\"width\":150,\"height\":150}},{\"src\":\"https:\/\/litteraturbanken.se\/ljudochbild\/wp-content\/uploads\/2023\/11\/ekelund_havsstillhet_alw.mp3\",\"type\":\"audio\/mpeg\",\"title\":\"Havsstillhet\",\"caption\":\"\",\"description\":\"\\u201dHavsstillhet\\u201d fr\\u00e5n Vilhelm Ekelund av Gabriel Alw l\\u00e4ser Vilhelm Ekelund.\",\"meta\":{\"artist\":\"Gabriel Alw l\\u00e4ser Vilhelm Ekelund\",\"album\":\"Vilhelm Ekelund\",\"length_formatted\":\"0:56\"},\"image\":{\"src\":\"https:\/\/litteraturbanken.se\/ljudochbild\/wp-content\/uploads\/2019\/09\/wide_gub_wide-mp3-image.png\",\"width\":580,\"height\":612},\"thumb\":{\"src\":\"https:\/\/litteraturbanken.se\/ljudochbild\/wp-content\/uploads\/2019\/09\/wide_gub_wide-mp3-image-150x150.png\",\"width\":150,\"height\":150}},{\"src\":\"https:\/\/litteraturbanken.se\/ljudochbild\/wp-content\/uploads\/2019\/09\/ekelund_jagdiktarforingen_pleijel.mp3\",\"type\":\"audio\/mpeg\",\"title\":\"Jag diktar f\\u00f6r ingen\",\"caption\":\"\",\"description\":\"\\\"Jag diktar f\\u00f6r ingen\\\" fr\\u00e5n Jag diktar f\\u00f6r ingen av Ekelund, Vilhelm.\",\"meta\":{\"artist\":\"Agneta Pleijel l\\u00e4ser Vilhelm Ekelund\",\"album\":\"Vilhelm Ekelund\",\"length_formatted\":\"0:31\"},\"image\":{\"src\":\"https:\/\/litteraturbanken.se\/ljudochbild\/wp-content\/plugins\/media-library-assistant\/images\/crystal\/audio.png\",\"width\":48,\"height\":64},\"thumb\":{\"src\":\"https:\/\/litteraturbanken.se\/ljudochbild\/wp-content\/plugins\/media-library-assistant\/images\/crystal\/audio.png\",\"width\":48,\"height\":64}},{\"src\":\"https:\/\/litteraturbanken.se\/ljudochbild\/wp-content\/uploads\/2020\/03\/ekelund_jagsorjeratthjartatlaks_berglund.mp3\",\"type\":\"audio\/mpeg\",\"title\":\"Jag s\\u00f6rjer att hj\\u00e4rtat l\\u00e4ks\",\"caption\":\"\",\"description\":\"\\\"Jag s\\u00f6rjer att hj\\u00e4rtat l\\u00e4ks\\\" fr\\u00e5n Dan Berglund l\\u00e4ser Vilhelm Ekelund av Ekelund, Vilhelm. Sl\\u00e4ppt: 2020. Sp\\u00e5r 16.\",\"meta\":{\"artist\":\"Dan Berglund l\\u00e4ser Vilhelm Ekelund\",\"album\":\"Vilhelm Ekelund\",\"year\":\"2020\",\"length_formatted\":\"1:13\"},\"image\":{\"src\":\"https:\/\/litteraturbanken.se\/ljudochbild\/wp-content\/uploads\/2019\/09\/wide_gub_wide-mp3-image.png\",\"width\":580,\"height\":612},\"thumb\":{\"src\":\"https:\/\/litteraturbanken.se\/ljudochbild\/wp-content\/uploads\/2019\/09\/wide_gub_wide-mp3-image-150x150.png\",\"width\":150,\"height\":150}},{\"src\":\"https:\/\/litteraturbanken.se\/ljudochbild\/wp-content\/uploads\/2019\/09\/ekelund_kastanjetradentrottaluta_mattson.mp3\",\"type\":\"audio\/mpeg\",\"title\":\"Kastanjetr\\u00e4den tr\\u00f6tta luta\\u2026\",\"caption\":\"\",\"description\":\"\\\"Kastanjetr\\u00e4den tr\\u00f6tta luta\\u2026\\\" fr\\u00e5n Ellen Mattson av Ekelund, Vilhelm.\",\"meta\":{\"artist\":\"Ellen Mattson l\\u00e4ser Vilhelm Ekelund\",\"album\":\"Vilhelm Ekelund\",\"length_formatted\":\"0:49\"},\"image\":{\"src\":\"https:\/\/litteraturbanken.se\/ljudochbild\/wp-content\/plugins\/media-library-assistant\/images\/crystal\/audio.png\",\"width\":48,\"height\":64},\"thumb\":{\"src\":\"https:\/\/litteraturbanken.se\/ljudochbild\/wp-content\/plugins\/media-library-assistant\/images\/crystal\/audio.png\",\"width\":48,\"height\":64}},{\"src\":\"https:\/\/litteraturbanken.se\/ljudochbild\/wp-content\/uploads\/2020\/03\/ekelund_morgonklaravarld_berglund.mp3\",\"type\":\"audio\/mpeg\",\"title\":\"Morgonklara v\\u00e4rld\",\"caption\":\"\",\"description\":\"\\\"Morgonklara v\\u00e4rld\\\" fr\\u00e5n Dan Berglund l\\u00e4ser Vilhelm Ekelund av Ekelund, Vilhelm. Sl\\u00e4ppt: 2020. Sp\\u00e5r 17.\",\"meta\":{\"artist\":\"Dan Berglund l\\u00e4ser Vilhelm Ekelund\",\"album\":\"Vilhelm Ekelund\",\"year\":\"2020\",\"length_formatted\":\"0:52\"},\"image\":{\"src\":\"https:\/\/litteraturbanken.se\/ljudochbild\/wp-content\/uploads\/2019\/09\/wide_gub_wide-mp3-image.png\",\"width\":580,\"height\":612},\"thumb\":{\"src\":\"https:\/\/litteraturbanken.se\/ljudochbild\/wp-content\/uploads\/2019\/09\/wide_gub_wide-mp3-image-150x150.png\",\"width\":150,\"height\":150}},{\"src\":\"https:\/\/litteraturbanken.se\/ljudochbild\/wp-content\/uploads\/2020\/03\/ekelund_skendod_berglund.mp3\",\"type\":\"audio\/mpeg\",\"title\":\"Skend\\u00f6d\",\"caption\":\"\",\"description\":\"\\\"Skend\\u00f6d\\\" fr\\u00e5n Dan Berglund l\\u00e4ser Vilhelm Ekelund av Ekelund, Vilhelm. Sl\\u00e4ppt: 2020. Sp\\u00e5r 18.\",\"meta\":{\"artist\":\"Dan Berglund l\\u00e4ser Vilhelm Ekelund\",\"album\":\"Vilhelm Ekelund\",\"year\":\"2020\",\"length_formatted\":\"1:22\"},\"image\":{\"src\":\"https:\/\/litteraturbanken.se\/ljudochbild\/wp-content\/uploads\/2019\/09\/wide_gub_wide-mp3-image.png\",\"width\":580,\"height\":612},\"thumb\":{\"src\":\"https:\/\/litteraturbanken.se\/ljudochbild\/wp-content\/uploads\/2019\/09\/wide_gub_wide-mp3-image-150x150.png\",\"width\":150,\"height\":150}},{\"src\":\"https:\/\/litteraturbanken.se\/ljudochbild\/wp-content\/uploads\/2019\/09\/ekelund_somettstjarnfall_mossaed.mp3\",\"type\":\"audio\/mpeg\",\"title\":\"Som ett stj\\u00e4rnfall\",\"caption\":\"\",\"description\":\"\\\"Som ett stj\\u00e4rnfall\\\" fr\\u00e5n Jila Mossaed l\\u00e4ser svenska klassiker av Ekelund, Vilhelm. Sl\\u00e4ppt: 2019. Sp\\u00e5r 5 av 22.\",\"meta\":{\"artist\":\"Jila Mossaed l\\u00e4ser Vilhelm Ekelund\",\"album\":\"Vilhelm Ekelund\",\"year\":\"2019\",\"length_formatted\":\"0:37\"},\"image\":{\"src\":\"https:\/\/litteraturbanken.se\/ljudochbild\/wp-content\/plugins\/media-library-assistant\/images\/crystal\/audio.png\",\"width\":48,\"height\":64},\"thumb\":{\"src\":\"https:\/\/litteraturbanken.se\/ljudochbild\/wp-content\/plugins\/media-library-assistant\/images\/crystal\/audio.png\",\"width\":48,\"height\":64}},{\"src\":\"https:\/\/litteraturbanken.se\/ljudochbild\/wp-content\/uploads\/2020\/03\/ekelund_utiminsjal_berglund.mp3\",\"type\":\"audio\/mpeg\",\"title\":\"Uti min sj\\u00e4l\",\"caption\":\"\",\"description\":\"\\\"Uti min sj\\u00e4l\\\" fr\\u00e5n Dan Berglund l\\u00e4ser Vilhelm Ekelund av Ekelund, Vilhelm. Sl\\u00e4ppt: 2020. Sp\\u00e5r 19.\",\"meta\":{\"artist\":\"Dan Berglund l\\u00e4ser Vilhelm Ekelund\",\"album\":\"Vilhelm Ekelund\",\"year\":\"2020\",\"length_formatted\":\"1:22\"},\"image\":{\"src\":\"https:\/\/litteraturbanken.se\/ljudochbild\/wp-content\/uploads\/2019\/09\/wide_gub_wide-mp3-image.png\",\"width\":580,\"height\":612},\"thumb\":{\"src\":\"https:\/\/litteraturbanken.se\/ljudochbild\/wp-content\/uploads\/2019\/09\/wide_gub_wide-mp3-image-150x150.png\",\"width\":150,\"height\":150}}]}<\/script>\n<\/div>\n\t\n\n\n<h3 class=\"wp-block-heading author-related-title\">L\u00e4s mer<\/h3>\r\n<div class=\"display-posts-listing grid\"><div class=\"listing-item\"><a class=\"image\" href=\"https:\/\/litteraturbanken.se\/ljudochbild\/2021\/03\/24\/pa-troskeln-till-ett-nytt-ar\/\"><img loading=\"lazy\" decoding=\"async\" width=\"640\" height=\"806\" src=\"https:\/\/litteraturbanken.se\/ljudochbild\/wp-content\/uploads\/2021\/02\/fjaestad_aurell-813x1024.jpg\" class=\"attachment-large size-large wp-post-image\" alt=\"M\u00e5lning av Gustaf Fj\u00e6stad\" srcset=\"https:\/\/litteraturbanken.se\/ljudochbild\/wp-content\/uploads\/2021\/02\/fjaestad_aurell-813x1024.jpg 813w, https:\/\/litteraturbanken.se\/ljudochbild\/wp-content\/uploads\/2021\/02\/fjaestad_aurell-238x300.jpg 238w, https:\/\/litteraturbanken.se\/ljudochbild\/wp-content\/uploads\/2021\/02\/fjaestad_aurell-768x967.jpg 768w, https:\/\/litteraturbanken.se\/ljudochbild\/wp-content\/uploads\/2021\/02\/fjaestad_aurell-480x604.jpg 480w, https:\/\/litteraturbanken.se\/ljudochbild\/wp-content\/uploads\/2021\/02\/fjaestad_aurell.jpg 900w\" sizes=\"auto, (max-width: 640px) 100vw, 640px\" \/><\/a> <a class=\"title\" href=\"https:\/\/litteraturbanken.se\/ljudochbild\/2021\/03\/24\/pa-troskeln-till-ett-nytt-ar\/\">P\u00e5 tr\u00f6skeln till ett nytt \u00e5r<\/a><\/div><div class=\"listing-item\"><a class=\"image\" href=\"https:\/\/litteraturbanken.se\/ljudochbild\/2019\/09\/22\/mossaed-laser-klassiker\/\"><img loading=\"lazy\" decoding=\"async\" width=\"640\" height=\"853\" src=\"https:\/\/litteraturbanken.se\/ljudochbild\/wp-content\/uploads\/2019\/09\/58758430_10157113315819761_8851764749076004864_o-768x1024.jpg\" class=\"attachment-large size-large wp-post-image\" alt=\"\" srcset=\"https:\/\/litteraturbanken.se\/ljudochbild\/wp-content\/uploads\/2019\/09\/58758430_10157113315819761_8851764749076004864_o-768x1024.jpg 768w, https:\/\/litteraturbanken.se\/ljudochbild\/wp-content\/uploads\/2019\/09\/58758430_10157113315819761_8851764749076004864_o-225x300.jpg 225w, https:\/\/litteraturbanken.se\/ljudochbild\/wp-content\/uploads\/2019\/09\/58758430_10157113315819761_8851764749076004864_o-480x640.jpg 480w, https:\/\/litteraturbanken.se\/ljudochbild\/wp-content\/uploads\/2019\/09\/58758430_10157113315819761_8851764749076004864_o-e1568905620148.jpg 600w\" sizes=\"auto, (max-width: 640px) 100vw, 640px\" \/><\/a> <a class=\"title\" href=\"https:\/\/litteraturbanken.se\/ljudochbild\/2019\/09\/22\/mossaed-laser-klassiker\/\">Jila Mossaed l\u00e4ser klassiker<\/a><\/div><div class=\"listing-item\"><a class=\"image\" href=\"https:\/\/litteraturbanken.se\/ljudochbild\/2024\/05\/17\/deklamatoren-gabriel-alw\/\"><img loading=\"lazy\" decoding=\"async\" width=\"640\" height=\"851\" src=\"https:\/\/litteraturbanken.se\/ljudochbild\/wp-content\/uploads\/2024\/05\/alw_postimage-770x1024.jpg\" class=\"attachment-large size-large wp-post-image\" alt=\"\" srcset=\"https:\/\/litteraturbanken.se\/ljudochbild\/wp-content\/uploads\/2024\/05\/alw_postimage-770x1024.jpg 770w, https:\/\/litteraturbanken.se\/ljudochbild\/wp-content\/uploads\/2024\/05\/alw_postimage-226x300.jpg 226w, https:\/\/litteraturbanken.se\/ljudochbild\/wp-content\/uploads\/2024\/05\/alw_postimage-768x1021.jpg 768w, https:\/\/litteraturbanken.se\/ljudochbild\/wp-content\/uploads\/2024\/05\/alw_postimage-1155x1536.jpg 1155w, https:\/\/litteraturbanken.se\/ljudochbild\/wp-content\/uploads\/2024\/05\/alw_postimage-480x638.jpg 480w, https:\/\/litteraturbanken.se\/ljudochbild\/wp-content\/uploads\/2024\/05\/alw_postimage.jpg 1200w\" sizes=\"auto, (max-width: 640px) 100vw, 640px\" \/><\/a> <a class=\"title\" href=\"https:\/\/litteraturbanken.se\/ljudochbild\/2024\/05\/17\/deklamatoren-gabriel-alw\/\">Deklamat\u00f6ren Gabriel Alw<\/a><\/div><\/div>\r\n\r\n\n","protected":false},"excerpt":{"rendered":"<p>\u201dVILHELM EKELUND (1880\u20131949) var det tidiga svenska 1900-talets store litter\u00e4re forskningsresande. Fr\u00e5n det sk\u00e5nska landskapet till de europeiska metropolerna, fr\u00e5n den svenska samtiden genom filosofins och litteraturens historia r\u00f6rde han sig i st\u00e4ndigt samtal med meningsfr\u00e4nder och i [&hellip;]<\/p>\n","protected":false},"author":1,"featured_media":979,"parent":7,"menu_order":0,"comment_status":"closed","ping_status":"closed","template":"","meta":{"footnotes":""},"class_list":["post-637","page","type-page","status-publish","has-post-thumbnail","hentry"],"yoast_head":"<!-- This site is optimized with the Yoast SEO plugin v27.1.1 - https:\/\/yoast.com\/product\/yoast-seo-wordpress\/ -->\n<title>Vilhelm Ekelund (1880\u20131949) - Ljud &amp; Bild<\/title>\n<meta name=\"description\" content=\"Vilhelm Ekelund var det tidiga svenska 1900-talets store litter\u00e4re forskningsresande. Fr\u00e5n det sk\u00e5nska landskapet till de europeiska...\" \/>\n<meta name=\"robots\" content=\"index, follow, max-snippet:-1, max-image-preview:large, max-video-preview:-1\" \/>\n<link rel=\"canonical\" href=\"https:\/\/litteraturbanken.se\/ljudochbild\/forfattare\/ekelundv\/\" \/>\n<meta property=\"og:locale\" content=\"sv_SE\" \/>\n<meta property=\"og:type\" content=\"article\" \/>\n<meta property=\"og:title\" content=\"Vilhelm Ekelund (1880\u20131949) - Ljud &amp; Bild\" \/>\n<meta property=\"og:description\" content=\"Vilhelm Ekelund var det tidiga svenska 1900-talets store litter\u00e4re forskningsresande. Fr\u00e5n det sk\u00e5nska landskapet till de europeiska...\" \/>\n<meta property=\"og:url\" content=\"https:\/\/litteraturbanken.se\/ljudochbild\/forfattare\/ekelundv\/\" \/>\n<meta property=\"og:site_name\" content=\"Ljud &amp; Bild\" \/>\n<meta property=\"article:publisher\" content=\"https:\/\/www.facebook.com\/Litteraturbanken.se\" \/>\n<meta property=\"article:modified_time\" content=\"2024-09-16T13:15:12+00:00\" \/>\n<meta property=\"og:image\" content=\"https:\/\/litteraturbanken.se\/ljudochbild\/wp-content\/uploads\/2019\/09\/EkelundV_large.jpeg\" \/>\n\t<meta property=\"og:image:width\" content=\"478\" \/>\n\t<meta property=\"og:image:height\" content=\"550\" \/>\n\t<meta property=\"og:image:type\" content=\"image\/jpeg\" \/>\n<meta name=\"twitter:card\" content=\"summary_large_image\" \/>\n<meta name=\"twitter:site\" content=\"@litteraturbank\" \/>\n<meta name=\"twitter:label1\" content=\"Ber\u00e4knad l\u00e4stid\" \/>\n\t<meta name=\"twitter:data1\" content=\"2 minuter\" \/>\n<script type=\"application\/ld+json\" class=\"yoast-schema-graph\">{\"@context\":\"https:\/\/schema.org\",\"@graph\":[{\"@type\":\"WebPage\",\"@id\":\"https:\/\/litteraturbanken.se\/ljudochbild\/forfattare\/ekelundv\/\",\"url\":\"https:\/\/litteraturbanken.se\/ljudochbild\/forfattare\/ekelundv\/\",\"name\":\"Vilhelm Ekelund (1880\u20131949) - Ljud &amp; Bild\",\"isPartOf\":{\"@id\":\"https:\/\/litteraturbanken.se\/ljudochbild\/#website\"},\"primaryImageOfPage\":{\"@id\":\"https:\/\/litteraturbanken.se\/ljudochbild\/forfattare\/ekelundv\/#primaryimage\"},\"image\":{\"@id\":\"https:\/\/litteraturbanken.se\/ljudochbild\/forfattare\/ekelundv\/#primaryimage\"},\"thumbnailUrl\":\"https:\/\/litteraturbanken.se\/ljudochbild\/wp-content\/uploads\/2019\/09\/EkelundV_large.jpeg\",\"datePublished\":\"2019-08-13T12:11:43+00:00\",\"dateModified\":\"2024-09-16T13:15:12+00:00\",\"description\":\"Vilhelm Ekelund var det tidiga svenska 1900-talets store litter\u00e4re forskningsresande. Fr\u00e5n det sk\u00e5nska landskapet till de europeiska...\",\"breadcrumb\":{\"@id\":\"https:\/\/litteraturbanken.se\/ljudochbild\/forfattare\/ekelundv\/#breadcrumb\"},\"inLanguage\":\"sv-SE\",\"potentialAction\":[{\"@type\":\"ReadAction\",\"target\":[\"https:\/\/litteraturbanken.se\/ljudochbild\/forfattare\/ekelundv\/\"]}]},{\"@type\":\"ImageObject\",\"inLanguage\":\"sv-SE\",\"@id\":\"https:\/\/litteraturbanken.se\/ljudochbild\/forfattare\/ekelundv\/#primaryimage\",\"url\":\"https:\/\/litteraturbanken.se\/ljudochbild\/wp-content\/uploads\/2019\/09\/EkelundV_large.jpeg\",\"contentUrl\":\"https:\/\/litteraturbanken.se\/ljudochbild\/wp-content\/uploads\/2019\/09\/EkelundV_large.jpeg\",\"width\":478,\"height\":550},{\"@type\":\"BreadcrumbList\",\"@id\":\"https:\/\/litteraturbanken.se\/ljudochbild\/forfattare\/ekelundv\/#breadcrumb\",\"itemListElement\":[{\"@type\":\"ListItem\",\"position\":1,\"name\":\"Hem\",\"item\":\"https:\/\/litteraturbanken.se\/ljudochbild\/\"},{\"@type\":\"ListItem\",\"position\":2,\"name\":\"F\u00f6rfattare\",\"item\":\"https:\/\/litteraturbanken.se\/ljudochbild\/forfattare\/\"},{\"@type\":\"ListItem\",\"position\":3,\"name\":\"Vilhelm Ekelund (1880\u20131949)\"}]},{\"@type\":\"WebSite\",\"@id\":\"https:\/\/litteraturbanken.se\/ljudochbild\/#website\",\"url\":\"https:\/\/litteraturbanken.se\/ljudochbild\/\",\"name\":\"Ljud & Bild\",\"description\":\"Ur Litteraturbankens samlingar\",\"potentialAction\":[{\"@type\":\"SearchAction\",\"target\":{\"@type\":\"EntryPoint\",\"urlTemplate\":\"https:\/\/litteraturbanken.se\/ljudochbild\/?s={search_term_string}\"},\"query-input\":{\"@type\":\"PropertyValueSpecification\",\"valueRequired\":true,\"valueName\":\"search_term_string\"}}],\"inLanguage\":\"sv-SE\"}]}<\/script>\n<!-- \/ Yoast SEO plugin. -->","yoast_head_json":{"title":"Vilhelm Ekelund (1880\u20131949) - Ljud &amp; Bild","description":"Vilhelm Ekelund var det tidiga svenska 1900-talets store litter\u00e4re forskningsresande. Fr\u00e5n det sk\u00e5nska landskapet till de europeiska...","robots":{"index":"index","follow":"follow","max-snippet":"max-snippet:-1","max-image-preview":"max-image-preview:large","max-video-preview":"max-video-preview:-1"},"canonical":"https:\/\/litteraturbanken.se\/ljudochbild\/forfattare\/ekelundv\/","og_locale":"sv_SE","og_type":"article","og_title":"Vilhelm Ekelund (1880\u20131949) - Ljud &amp; Bild","og_description":"Vilhelm Ekelund var det tidiga svenska 1900-talets store litter\u00e4re forskningsresande. Fr\u00e5n det sk\u00e5nska landskapet till de europeiska...","og_url":"https:\/\/litteraturbanken.se\/ljudochbild\/forfattare\/ekelundv\/","og_site_name":"Ljud &amp; Bild","article_publisher":"https:\/\/www.facebook.com\/Litteraturbanken.se","article_modified_time":"2024-09-16T13:15:12+00:00","og_image":[{"width":478,"height":550,"url":"https:\/\/litteraturbanken.se\/ljudochbild\/wp-content\/uploads\/2019\/09\/EkelundV_large.jpeg","type":"image\/jpeg"}],"twitter_card":"summary_large_image","twitter_site":"@litteraturbank","twitter_misc":{"Ber\u00e4knad l\u00e4stid":"2 minuter"},"schema":{"@context":"https:\/\/schema.org","@graph":[{"@type":"WebPage","@id":"https:\/\/litteraturbanken.se\/ljudochbild\/forfattare\/ekelundv\/","url":"https:\/\/litteraturbanken.se\/ljudochbild\/forfattare\/ekelundv\/","name":"Vilhelm Ekelund (1880\u20131949) - Ljud &amp; Bild","isPartOf":{"@id":"https:\/\/litteraturbanken.se\/ljudochbild\/#website"},"primaryImageOfPage":{"@id":"https:\/\/litteraturbanken.se\/ljudochbild\/forfattare\/ekelundv\/#primaryimage"},"image":{"@id":"https:\/\/litteraturbanken.se\/ljudochbild\/forfattare\/ekelundv\/#primaryimage"},"thumbnailUrl":"https:\/\/litteraturbanken.se\/ljudochbild\/wp-content\/uploads\/2019\/09\/EkelundV_large.jpeg","datePublished":"2019-08-13T12:11:43+00:00","dateModified":"2024-09-16T13:15:12+00:00","description":"Vilhelm Ekelund var det tidiga svenska 1900-talets store litter\u00e4re forskningsresande. Fr\u00e5n det sk\u00e5nska landskapet till de europeiska...","breadcrumb":{"@id":"https:\/\/litteraturbanken.se\/ljudochbild\/forfattare\/ekelundv\/#breadcrumb"},"inLanguage":"sv-SE","potentialAction":[{"@type":"ReadAction","target":["https:\/\/litteraturbanken.se\/ljudochbild\/forfattare\/ekelundv\/"]}]},{"@type":"ImageObject","inLanguage":"sv-SE","@id":"https:\/\/litteraturbanken.se\/ljudochbild\/forfattare\/ekelundv\/#primaryimage","url":"https:\/\/litteraturbanken.se\/ljudochbild\/wp-content\/uploads\/2019\/09\/EkelundV_large.jpeg","contentUrl":"https:\/\/litteraturbanken.se\/ljudochbild\/wp-content\/uploads\/2019\/09\/EkelundV_large.jpeg","width":478,"height":550},{"@type":"BreadcrumbList","@id":"https:\/\/litteraturbanken.se\/ljudochbild\/forfattare\/ekelundv\/#breadcrumb","itemListElement":[{"@type":"ListItem","position":1,"name":"Hem","item":"https:\/\/litteraturbanken.se\/ljudochbild\/"},{"@type":"ListItem","position":2,"name":"F\u00f6rfattare","item":"https:\/\/litteraturbanken.se\/ljudochbild\/forfattare\/"},{"@type":"ListItem","position":3,"name":"Vilhelm Ekelund (1880\u20131949)"}]},{"@type":"WebSite","@id":"https:\/\/litteraturbanken.se\/ljudochbild\/#website","url":"https:\/\/litteraturbanken.se\/ljudochbild\/","name":"Ljud & Bild","description":"Ur Litteraturbankens samlingar","potentialAction":[{"@type":"SearchAction","target":{"@type":"EntryPoint","urlTemplate":"https:\/\/litteraturbanken.se\/ljudochbild\/?s={search_term_string}"},"query-input":{"@type":"PropertyValueSpecification","valueRequired":true,"valueName":"search_term_string"}}],"inLanguage":"sv-SE"}]}},"_links":{"self":[{"href":"https:\/\/litteraturbanken.se\/ljudochbild\/wp-json\/wp\/v2\/pages\/637","targetHints":{"allow":["GET"]}}],"collection":[{"href":"https:\/\/litteraturbanken.se\/ljudochbild\/wp-json\/wp\/v2\/pages"}],"about":[{"href":"https:\/\/litteraturbanken.se\/ljudochbild\/wp-json\/wp\/v2\/types\/page"}],"author":[{"embeddable":true,"href":"https:\/\/litteraturbanken.se\/ljudochbild\/wp-json\/wp\/v2\/users\/1"}],"replies":[{"embeddable":true,"href":"https:\/\/litteraturbanken.se\/ljudochbild\/wp-json\/wp\/v2\/comments?post=637"}],"version-history":[{"count":11,"href":"https:\/\/litteraturbanken.se\/ljudochbild\/wp-json\/wp\/v2\/pages\/637\/revisions"}],"predecessor-version":[{"id":12077,"href":"https:\/\/litteraturbanken.se\/ljudochbild\/wp-json\/wp\/v2\/pages\/637\/revisions\/12077"}],"up":[{"embeddable":true,"href":"https:\/\/litteraturbanken.se\/ljudochbild\/wp-json\/wp\/v2\/pages\/7"}],"wp:featuredmedia":[{"embeddable":true,"href":"https:\/\/litteraturbanken.se\/ljudochbild\/wp-json\/wp\/v2\/media\/979"}],"wp:attachment":[{"href":"https:\/\/litteraturbanken.se\/ljudochbild\/wp-json\/wp\/v2\/media?parent=637"}],"curies":[{"name":"wp","href":"https:\/\/api.w.org\/{rel}","templated":true}]}}