{"id":647,"date":"2019-08-13T14:21:47","date_gmt":"2019-08-13T12:21:47","guid":{"rendered":"http:\/\/ordfabriken.org\/ljud\/?page_id=647"},"modified":"2024-09-18T11:38:29","modified_gmt":"2024-09-18T09:38:29","slug":"gustafssonl","status":"publish","type":"page","link":"https:\/\/litteraturbanken.se\/ljudochbild\/forfattare\/gustafssonl\/","title":{"rendered":"Lars Gustafsson (1936\u20132016)"},"content":{"rendered":"<div class=\"wp-block-image\">\n<figure class=\"alignright size-large is-resized\"><img loading=\"lazy\" decoding=\"async\" width=\"709\" height=\"1024\" src=\"https:\/\/litteraturbanken.se\/ljudochbild\/wp-content\/uploads\/2024\/09\/larsgustafsson-709x1024.jpg\" alt=\"Lars Gustafsson\" class=\"wp-image-12327\" style=\"width:180px;height:auto\" srcset=\"https:\/\/litteraturbanken.se\/ljudochbild\/wp-content\/uploads\/2024\/09\/larsgustafsson-709x1024.jpg 709w, https:\/\/litteraturbanken.se\/ljudochbild\/wp-content\/uploads\/2024\/09\/larsgustafsson-208x300.jpg 208w, https:\/\/litteraturbanken.se\/ljudochbild\/wp-content\/uploads\/2024\/09\/larsgustafsson-768x1109.jpg 768w, https:\/\/litteraturbanken.se\/ljudochbild\/wp-content\/uploads\/2024\/09\/larsgustafsson-1064x1536.jpg 1064w, https:\/\/litteraturbanken.se\/ljudochbild\/wp-content\/uploads\/2024\/09\/larsgustafsson-480x693.jpg 480w, https:\/\/litteraturbanken.se\/ljudochbild\/wp-content\/uploads\/2024\/09\/larsgustafsson.jpg 1200w\" sizes=\"auto, (max-width: 709px) 100vw, 709px\" \/><\/figure>\n<\/div>\n\n\n<p>Nedanf\u00f6r h\u00f6r du Horace Engdahls inl\u00e4sning av f\u00f6rfattaren Lars Gustafssons dikt \u201dDet gamla huset\u201d. \u2013 Fotografiet, som \u00e4r taget av Bertil Fors\u00e9n, har vi l\u00e5nat fr\u00e5n <a href=\"https:\/\/digitaltmuseum.se\/0210110455917\/forfattaren-lars-gustafsson\" target=\"_blank\" rel=\"noreferrer noopener\">V\u00e4ster\u00e5s stadsarkiv<\/a> (<a href=\"https:\/\/creativecommons.org\/licenses\/by-nc-nd\/4.0\/deed.sv\" target=\"_blank\" rel=\"noreferrer noopener\">CC BY-NC-ND<\/a>). <\/p>\n\n\n\n<div style=\"height:0px\" aria-hidden=\"true\" class=\"wp-block-spacer\"><\/div>\n\n\n\n<div class=\"wp-playlist wp-audio-playlist wp-playlist-light\">\n\t\t\t<div class=\"wp-playlist-current-item\"><\/div>\n\t\t<audio controls=\"controls\" preload=\"none\" width=\"618\"\n\t\t\t><\/audio>\n\t<div class=\"wp-playlist-next\"><\/div>\n\t<div class=\"wp-playlist-prev\"><\/div>\n\t<noscript>\n\t<ol>\n\t\t<li><a href='https:\/\/litteraturbanken.se\/ljudochbild\/wp-content\/uploads\/2019\/09\/gustafsson_detgamlahuset_engdahl.mp3'>Det gamla huset<\/a><\/li>\t<\/ol>\n\t<\/noscript>\n\t<script type=\"application\/json\" class=\"wp-playlist-script\">{\"type\":\"audio\",\"tracklist\":true,\"tracknumbers\":true,\"images\":true,\"artists\":true,\"tracks\":[{\"src\":\"https:\/\/litteraturbanken.se\/ljudochbild\/wp-content\/uploads\/2019\/09\/gustafsson_detgamlahuset_engdahl.mp3\",\"type\":\"audio\/mpeg\",\"title\":\"Det gamla huset\",\"caption\":\"\",\"description\":\"\\\"Det gamla huset\\\" fr\\u00e5n Det gamla huset av Gustafsson, Lars.\",\"meta\":{\"artist\":\"Horace Engdahl l\\u00e4ser Lars Gustafsson\",\"album\":\"Lars Gustafsson\",\"length_formatted\":\"1:32\"},\"image\":{\"src\":\"https:\/\/litteraturbanken.se\/ljudochbild\/wp-content\/plugins\/media-library-assistant\/images\/crystal\/audio.png\",\"width\":48,\"height\":64},\"thumb\":{\"src\":\"https:\/\/litteraturbanken.se\/ljudochbild\/wp-content\/plugins\/media-library-assistant\/images\/crystal\/audio.png\",\"width\":48,\"height\":64}}]}<\/script>\n<\/div>\n\t\n","protected":false},"excerpt":{"rendered":"<p>Nedanf\u00f6r h\u00f6r du Horace Engdahls inl\u00e4sning av f\u00f6rfattaren Lars Gustafssons dikt \u201dDet gamla huset\u201d. \u2013 Fotografiet, som \u00e4r taget av Bertil Fors\u00e9n, har vi l\u00e5nat fr\u00e5n V\u00e4ster\u00e5s stadsarkiv (CC BY-NC-ND).<\/p>\n","protected":false},"author":1,"featured_media":12327,"parent":7,"menu_order":0,"comment_status":"closed","ping_status":"closed","template":"","meta":{"footnotes":""},"class_list":["post-647","page","type-page","status-publish","has-post-thumbnail","hentry"],"yoast_head":"<!-- This site is optimized with the Yoast SEO plugin v27.1.1 - https:\/\/yoast.com\/product\/yoast-seo-wordpress\/ -->\n<title>Lars Gustafsson (1936\u20132016) - Ljud &amp; Bild<\/title>\n<meta name=\"robots\" content=\"index, follow, max-snippet:-1, max-image-preview:large, max-video-preview:-1\" \/>\n<link rel=\"canonical\" href=\"https:\/\/litteraturbanken.se\/ljudochbild\/forfattare\/gustafssonl\/\" \/>\n<meta property=\"og:locale\" content=\"sv_SE\" \/>\n<meta property=\"og:type\" content=\"article\" \/>\n<meta property=\"og:title\" content=\"Lars Gustafsson (1936\u20132016) - Ljud &amp; Bild\" \/>\n<meta property=\"og:description\" content=\"Nedanf\u00f6r h\u00f6r du Horace Engdahls inl\u00e4sning av f\u00f6rfattaren Lars Gustafssons dikt \u201dDet gamla huset\u201d. \u2013 Fotografiet, som \u00e4r taget av Bertil Fors\u00e9n, har vi l\u00e5nat fr\u00e5n V\u00e4ster\u00e5s stadsarkiv (CC BY-NC-ND).\" \/>\n<meta property=\"og:url\" content=\"https:\/\/litteraturbanken.se\/ljudochbild\/forfattare\/gustafssonl\/\" \/>\n<meta property=\"og:site_name\" content=\"Ljud &amp; Bild\" \/>\n<meta property=\"article:publisher\" content=\"https:\/\/www.facebook.com\/Litteraturbanken.se\" \/>\n<meta property=\"article:modified_time\" content=\"2024-09-18T09:38:29+00:00\" \/>\n<meta property=\"og:image\" content=\"https:\/\/litteraturbanken.se\/ljudochbild\/wp-content\/uploads\/2024\/09\/larsgustafsson.jpg\" \/>\n\t<meta property=\"og:image:width\" content=\"1200\" \/>\n\t<meta property=\"og:image:height\" content=\"1733\" \/>\n\t<meta property=\"og:image:type\" content=\"image\/jpeg\" \/>\n<meta name=\"twitter:card\" content=\"summary_large_image\" \/>\n<meta name=\"twitter:site\" content=\"@litteraturbank\" \/>\n<meta name=\"twitter:label1\" content=\"Ber\u00e4knad l\u00e4stid\" \/>\n\t<meta name=\"twitter:data1\" content=\"1 minut\" \/>\n<script type=\"application\/ld+json\" class=\"yoast-schema-graph\">{\"@context\":\"https:\/\/schema.org\",\"@graph\":[{\"@type\":\"WebPage\",\"@id\":\"https:\/\/litteraturbanken.se\/ljudochbild\/forfattare\/gustafssonl\/\",\"url\":\"https:\/\/litteraturbanken.se\/ljudochbild\/forfattare\/gustafssonl\/\",\"name\":\"Lars Gustafsson (1936\u20132016) - Ljud &amp; Bild\",\"isPartOf\":{\"@id\":\"https:\/\/litteraturbanken.se\/ljudochbild\/#website\"},\"primaryImageOfPage\":{\"@id\":\"https:\/\/litteraturbanken.se\/ljudochbild\/forfattare\/gustafssonl\/#primaryimage\"},\"image\":{\"@id\":\"https:\/\/litteraturbanken.se\/ljudochbild\/forfattare\/gustafssonl\/#primaryimage\"},\"thumbnailUrl\":\"https:\/\/litteraturbanken.se\/ljudochbild\/wp-content\/uploads\/2024\/09\/larsgustafsson.jpg\",\"datePublished\":\"2019-08-13T12:21:47+00:00\",\"dateModified\":\"2024-09-18T09:38:29+00:00\",\"breadcrumb\":{\"@id\":\"https:\/\/litteraturbanken.se\/ljudochbild\/forfattare\/gustafssonl\/#breadcrumb\"},\"inLanguage\":\"sv-SE\",\"potentialAction\":[{\"@type\":\"ReadAction\",\"target\":[\"https:\/\/litteraturbanken.se\/ljudochbild\/forfattare\/gustafssonl\/\"]}]},{\"@type\":\"ImageObject\",\"inLanguage\":\"sv-SE\",\"@id\":\"https:\/\/litteraturbanken.se\/ljudochbild\/forfattare\/gustafssonl\/#primaryimage\",\"url\":\"https:\/\/litteraturbanken.se\/ljudochbild\/wp-content\/uploads\/2024\/09\/larsgustafsson.jpg\",\"contentUrl\":\"https:\/\/litteraturbanken.se\/ljudochbild\/wp-content\/uploads\/2024\/09\/larsgustafsson.jpg\",\"width\":1200,\"height\":1733,\"caption\":\"Lars Gustafsson\"},{\"@type\":\"BreadcrumbList\",\"@id\":\"https:\/\/litteraturbanken.se\/ljudochbild\/forfattare\/gustafssonl\/#breadcrumb\",\"itemListElement\":[{\"@type\":\"ListItem\",\"position\":1,\"name\":\"Hem\",\"item\":\"https:\/\/litteraturbanken.se\/ljudochbild\/\"},{\"@type\":\"ListItem\",\"position\":2,\"name\":\"F\u00f6rfattare\",\"item\":\"https:\/\/litteraturbanken.se\/ljudochbild\/forfattare\/\"},{\"@type\":\"ListItem\",\"position\":3,\"name\":\"Lars Gustafsson (1936\u20132016)\"}]},{\"@type\":\"WebSite\",\"@id\":\"https:\/\/litteraturbanken.se\/ljudochbild\/#website\",\"url\":\"https:\/\/litteraturbanken.se\/ljudochbild\/\",\"name\":\"Ljud & Bild\",\"description\":\"Ur Litteraturbankens samlingar\",\"potentialAction\":[{\"@type\":\"SearchAction\",\"target\":{\"@type\":\"EntryPoint\",\"urlTemplate\":\"https:\/\/litteraturbanken.se\/ljudochbild\/?s={search_term_string}\"},\"query-input\":{\"@type\":\"PropertyValueSpecification\",\"valueRequired\":true,\"valueName\":\"search_term_string\"}}],\"inLanguage\":\"sv-SE\"}]}<\/script>\n<!-- \/ Yoast SEO plugin. -->","yoast_head_json":{"title":"Lars Gustafsson (1936\u20132016) - Ljud &amp; Bild","robots":{"index":"index","follow":"follow","max-snippet":"max-snippet:-1","max-image-preview":"max-image-preview:large","max-video-preview":"max-video-preview:-1"},"canonical":"https:\/\/litteraturbanken.se\/ljudochbild\/forfattare\/gustafssonl\/","og_locale":"sv_SE","og_type":"article","og_title":"Lars Gustafsson (1936\u20132016) - Ljud &amp; Bild","og_description":"Nedanf\u00f6r h\u00f6r du Horace Engdahls inl\u00e4sning av f\u00f6rfattaren Lars Gustafssons dikt \u201dDet gamla huset\u201d. \u2013 Fotografiet, som \u00e4r taget av Bertil Fors\u00e9n, har vi l\u00e5nat fr\u00e5n V\u00e4ster\u00e5s stadsarkiv (CC BY-NC-ND).","og_url":"https:\/\/litteraturbanken.se\/ljudochbild\/forfattare\/gustafssonl\/","og_site_name":"Ljud &amp; Bild","article_publisher":"https:\/\/www.facebook.com\/Litteraturbanken.se","article_modified_time":"2024-09-18T09:38:29+00:00","og_image":[{"width":1200,"height":1733,"url":"https:\/\/litteraturbanken.se\/ljudochbild\/wp-content\/uploads\/2024\/09\/larsgustafsson.jpg","type":"image\/jpeg"}],"twitter_card":"summary_large_image","twitter_site":"@litteraturbank","twitter_misc":{"Ber\u00e4knad l\u00e4stid":"1 minut"},"schema":{"@context":"https:\/\/schema.org","@graph":[{"@type":"WebPage","@id":"https:\/\/litteraturbanken.se\/ljudochbild\/forfattare\/gustafssonl\/","url":"https:\/\/litteraturbanken.se\/ljudochbild\/forfattare\/gustafssonl\/","name":"Lars Gustafsson (1936\u20132016) - Ljud &amp; Bild","isPartOf":{"@id":"https:\/\/litteraturbanken.se\/ljudochbild\/#website"},"primaryImageOfPage":{"@id":"https:\/\/litteraturbanken.se\/ljudochbild\/forfattare\/gustafssonl\/#primaryimage"},"image":{"@id":"https:\/\/litteraturbanken.se\/ljudochbild\/forfattare\/gustafssonl\/#primaryimage"},"thumbnailUrl":"https:\/\/litteraturbanken.se\/ljudochbild\/wp-content\/uploads\/2024\/09\/larsgustafsson.jpg","datePublished":"2019-08-13T12:21:47+00:00","dateModified":"2024-09-18T09:38:29+00:00","breadcrumb":{"@id":"https:\/\/litteraturbanken.se\/ljudochbild\/forfattare\/gustafssonl\/#breadcrumb"},"inLanguage":"sv-SE","potentialAction":[{"@type":"ReadAction","target":["https:\/\/litteraturbanken.se\/ljudochbild\/forfattare\/gustafssonl\/"]}]},{"@type":"ImageObject","inLanguage":"sv-SE","@id":"https:\/\/litteraturbanken.se\/ljudochbild\/forfattare\/gustafssonl\/#primaryimage","url":"https:\/\/litteraturbanken.se\/ljudochbild\/wp-content\/uploads\/2024\/09\/larsgustafsson.jpg","contentUrl":"https:\/\/litteraturbanken.se\/ljudochbild\/wp-content\/uploads\/2024\/09\/larsgustafsson.jpg","width":1200,"height":1733,"caption":"Lars Gustafsson"},{"@type":"BreadcrumbList","@id":"https:\/\/litteraturbanken.se\/ljudochbild\/forfattare\/gustafssonl\/#breadcrumb","itemListElement":[{"@type":"ListItem","position":1,"name":"Hem","item":"https:\/\/litteraturbanken.se\/ljudochbild\/"},{"@type":"ListItem","position":2,"name":"F\u00f6rfattare","item":"https:\/\/litteraturbanken.se\/ljudochbild\/forfattare\/"},{"@type":"ListItem","position":3,"name":"Lars Gustafsson (1936\u20132016)"}]},{"@type":"WebSite","@id":"https:\/\/litteraturbanken.se\/ljudochbild\/#website","url":"https:\/\/litteraturbanken.se\/ljudochbild\/","name":"Ljud & Bild","description":"Ur Litteraturbankens samlingar","potentialAction":[{"@type":"SearchAction","target":{"@type":"EntryPoint","urlTemplate":"https:\/\/litteraturbanken.se\/ljudochbild\/?s={search_term_string}"},"query-input":{"@type":"PropertyValueSpecification","valueRequired":true,"valueName":"search_term_string"}}],"inLanguage":"sv-SE"}]}},"_links":{"self":[{"href":"https:\/\/litteraturbanken.se\/ljudochbild\/wp-json\/wp\/v2\/pages\/647","targetHints":{"allow":["GET"]}}],"collection":[{"href":"https:\/\/litteraturbanken.se\/ljudochbild\/wp-json\/wp\/v2\/pages"}],"about":[{"href":"https:\/\/litteraturbanken.se\/ljudochbild\/wp-json\/wp\/v2\/types\/page"}],"author":[{"embeddable":true,"href":"https:\/\/litteraturbanken.se\/ljudochbild\/wp-json\/wp\/v2\/users\/1"}],"replies":[{"embeddable":true,"href":"https:\/\/litteraturbanken.se\/ljudochbild\/wp-json\/wp\/v2\/comments?post=647"}],"version-history":[{"count":5,"href":"https:\/\/litteraturbanken.se\/ljudochbild\/wp-json\/wp\/v2\/pages\/647\/revisions"}],"predecessor-version":[{"id":12329,"href":"https:\/\/litteraturbanken.se\/ljudochbild\/wp-json\/wp\/v2\/pages\/647\/revisions\/12329"}],"up":[{"embeddable":true,"href":"https:\/\/litteraturbanken.se\/ljudochbild\/wp-json\/wp\/v2\/pages\/7"}],"wp:featuredmedia":[{"embeddable":true,"href":"https:\/\/litteraturbanken.se\/ljudochbild\/wp-json\/wp\/v2\/media\/12327"}],"wp:attachment":[{"href":"https:\/\/litteraturbanken.se\/ljudochbild\/wp-json\/wp\/v2\/media?parent=647"}],"curies":[{"name":"wp","href":"https:\/\/api.w.org\/{rel}","templated":true}]}}