{"id":649,"date":"2019-08-13T14:22:45","date_gmt":"2019-08-13T12:22:45","guid":{"rendered":"http:\/\/ordfabriken.org\/ljud\/?page_id=649"},"modified":"2024-09-16T15:40:07","modified_gmt":"2024-09-16T13:40:07","slug":"gyllenborggf","status":"publish","type":"page","link":"https:\/\/litteraturbanken.se\/ljudochbild\/forfattare\/gyllenborggf\/","title":{"rendered":"Gustaf Fredrik Gyllenborg (1731\u20131808)"},"content":{"rendered":"<div class=\"wp-block-image\">\n<figure class=\"alignright\"><img loading=\"lazy\" decoding=\"async\" width=\"190\" height=\"300\" src=\"https:\/\/litteraturbanken.se\/ljudochbild\/wp-content\/uploads\/2019\/09\/GyllenborgGF_large-190x300.jpeg\" alt=\"\" class=\"wp-image-961\" srcset=\"https:\/\/litteraturbanken.se\/ljudochbild\/wp-content\/uploads\/2019\/09\/GyllenborgGF_large-190x300.jpeg 190w, https:\/\/litteraturbanken.se\/ljudochbild\/wp-content\/uploads\/2019\/09\/GyllenborgGF_large.jpeg 348w\" sizes=\"auto, (max-width: 190px) 100vw, 190px\" \/><figcaption class=\"wp-element-caption\"><em>Crayongravyr, kopparstick. Upphovsman ok\u00e4nd.&nbsp;<\/em><a href=\"https:\/\/flic.kr\/p\/auza11\">Stifts- och landsbiblioteket i Skara<\/a><\/figcaption><\/figure>\n<\/div>\n\n\n<p>\u201dGUSTAF FREDRIK GYLLENBORG (1731\u20131808) var en av medlemmarna i den \u00e5r 1753, av Carl Fredrik Eckleff, grundade Tankebyggarorden \u2013 Sveriges \u00e4ldsta organiserade litter\u00e4ra s\u00e4llskap \u2013 vars \u00e4ndam\u00e5l var att bek\u00e4mpa \u201dokunnighet och barbari\u201d. Gyllenborg, Gustaf Philip Creutz och\u00a0<a href=\"https:\/\/litteraturbanken.se\/forfattare\/NordenflychtHC\">Hedvig Charlotta Nordenflycht<\/a>\u00a0utgjorde s\u00e4llskapets k\u00e4rna och kom att dominera Tankebyggarnas publikation\u00a0<em>V\u00e5ra f\u00f6rs\u00f6k<\/em>\u00a01\u20133 (1753, 1754 och 1756), d\u00e4r Gyllenborg framf\u00f6r allt bidrog med, av Boileau och Rousseau inspirerade, satirer och skaldebrev.\u201d<\/p>\n\n\n\n<p>Stycket ovanf\u00f6r kommer ur Lotta Lotass introduktion av Gustaf Fredrik Gyllenborg hos Litteraturbanken.<\/p>\n\n\n\n<div class=\"wp-block-buttons is-layout-flex wp-block-buttons-is-layout-flex\">\n<div class=\"wp-block-button has-custom-font-size read-more-button\" style=\"font-size:14px\"><a class=\"wp-block-button__link has-white-color has-text-color has-background wp-element-button\" href=\"https:\/\/litteraturbanken.se\/f%C3%B6rfattare\/GyllenborgGF\" style=\"border-radius:0px;background-color:#cd2400\" target=\"_blank\" rel=\"noopener\"><strong>L\u00c4S MER OM GUSTAF FREDRIK GYLLENBORG <\/strong><\/a><\/div>\n\n\n\n<div class=\"wp-block-button has-custom-font-size read-more-button\" style=\"font-size:14px\"><a class=\"wp-block-button__link has-white-color has-text-color has-background wp-element-button\" href=\"https:\/\/litteraturbanken.se\/f%C3%B6rfattare\/GyllenborgGF\/titlar\" style=\"border-radius:0px;background-color:#cd2400\" target=\"_blank\" rel=\"noopener\"><strong>L\u00c4S <strong>GUSTAF FREDRIK GYLLENBORG<\/strong>S VERK HOS LB.SE<\/strong><\/a><\/div>\n<\/div>\n\n\n\n<div style=\"height:20px\" aria-hidden=\"true\" class=\"wp-block-spacer\"><\/div>\n\n\n\n<div class=\"wp-playlist wp-audio-playlist wp-playlist-light\">\n\t\t\t<div class=\"wp-playlist-current-item\"><\/div>\n\t\t<audio controls=\"controls\" preload=\"none\" width=\"618\"\n\t\t\t><\/audio>\n\t<div class=\"wp-playlist-next\"><\/div>\n\t<div class=\"wp-playlist-prev\"><\/div>\n\t<noscript>\n\t<ol>\n\t\t<li><a href='https:\/\/litteraturbanken.se\/ljudochbild\/wp-content\/uploads\/2019\/09\/gyllenborg_satireofverminavanner_engdahl.mp3'>Satire \u00f6fver mina v\u00e4nner<\/a><\/li>\t<\/ol>\n\t<\/noscript>\n\t<script type=\"application\/json\" class=\"wp-playlist-script\">{\"type\":\"audio\",\"tracklist\":true,\"tracknumbers\":true,\"images\":true,\"artists\":true,\"tracks\":[{\"src\":\"https:\/\/litteraturbanken.se\/ljudochbild\/wp-content\/uploads\/2019\/09\/gyllenborg_satireofverminavanner_engdahl.mp3\",\"type\":\"audio\/mpeg\",\"title\":\"Satire \\u00f6fver mina v\\u00e4nner\",\"caption\":\"\",\"description\":\"\\\"Satire \\u00f6fver mina v\\u00e4nner\\\" fr\\u00e5n Satire \\u00f6fver mina v\\u00e4nner av Gyllenborg, Gustaf Fredrik.\",\"meta\":{\"artist\":\"Horace Engdahl l\\u00e4ser Gustaf Fredrik Gyllenborg\",\"album\":\"Gustaf Fredrik Gyllenborg\",\"length_formatted\":\"21:54\"},\"image\":{\"src\":\"https:\/\/litteraturbanken.se\/ljudochbild\/wp-content\/plugins\/media-library-assistant\/images\/crystal\/audio.png\",\"width\":48,\"height\":64},\"thumb\":{\"src\":\"https:\/\/litteraturbanken.se\/ljudochbild\/wp-content\/plugins\/media-library-assistant\/images\/crystal\/audio.png\",\"width\":48,\"height\":64}}]}<\/script>\n<\/div>\n\t\n","protected":false},"excerpt":{"rendered":"<p>\u201dGUSTAF FREDRIK GYLLENBORG (1731\u20131808) var en av medlemmarna i den \u00e5r 1753, av Carl Fredrik Eckleff, grundade Tankebyggarorden \u2013 Sveriges \u00e4ldsta organiserade litter\u00e4ra s\u00e4llskap \u2013 vars \u00e4ndam\u00e5l var att bek\u00e4mpa \u201dokunnighet och barbari\u201d. Gyllenborg, Gustaf Philip Creutz och\u00a0Hedvig [&hellip;]<\/p>\n","protected":false},"author":1,"featured_media":961,"parent":7,"menu_order":0,"comment_status":"closed","ping_status":"closed","template":"","meta":{"footnotes":""},"class_list":["post-649","page","type-page","status-publish","has-post-thumbnail","hentry"],"yoast_head":"<!-- This site is optimized with the Yoast SEO plugin v27.1.1 - https:\/\/yoast.com\/product\/yoast-seo-wordpress\/ -->\n<title>Gustaf Fredrik Gyllenborg (1731\u20131808) - Ljud &amp; Bild<\/title>\n<meta name=\"robots\" content=\"index, follow, max-snippet:-1, max-image-preview:large, max-video-preview:-1\" \/>\n<link rel=\"canonical\" href=\"https:\/\/litteraturbanken.se\/ljudochbild\/forfattare\/gyllenborggf\/\" \/>\n<meta property=\"og:locale\" content=\"sv_SE\" \/>\n<meta property=\"og:type\" content=\"article\" \/>\n<meta property=\"og:title\" content=\"Gustaf Fredrik Gyllenborg (1731\u20131808) - Ljud &amp; Bild\" \/>\n<meta property=\"og:description\" content=\"\u201dGUSTAF FREDRIK GYLLENBORG (1731\u20131808) var en av medlemmarna i den \u00e5r 1753, av Carl Fredrik Eckleff, grundade Tankebyggarorden \u2013 Sveriges \u00e4ldsta organiserade litter\u00e4ra s\u00e4llskap \u2013 vars \u00e4ndam\u00e5l var att bek\u00e4mpa \u201dokunnighet och barbari\u201d. Gyllenborg, Gustaf Philip Creutz och\u00a0Hedvig [&hellip;]\" \/>\n<meta property=\"og:url\" content=\"https:\/\/litteraturbanken.se\/ljudochbild\/forfattare\/gyllenborggf\/\" \/>\n<meta property=\"og:site_name\" content=\"Ljud &amp; Bild\" \/>\n<meta property=\"article:publisher\" content=\"https:\/\/www.facebook.com\/Litteraturbanken.se\" \/>\n<meta property=\"article:modified_time\" content=\"2024-09-16T13:40:07+00:00\" \/>\n<meta property=\"og:image\" content=\"https:\/\/litteraturbanken.se\/ljudochbild\/wp-content\/uploads\/2019\/09\/GyllenborgGF_large.jpeg\" \/>\n\t<meta property=\"og:image:width\" content=\"348\" \/>\n\t<meta property=\"og:image:height\" content=\"550\" \/>\n\t<meta property=\"og:image:type\" content=\"image\/jpeg\" \/>\n<meta name=\"twitter:card\" content=\"summary_large_image\" \/>\n<meta name=\"twitter:site\" content=\"@litteraturbank\" \/>\n<meta name=\"twitter:label1\" content=\"Ber\u00e4knad l\u00e4stid\" \/>\n\t<meta name=\"twitter:data1\" content=\"1 minut\" \/>\n<script type=\"application\/ld+json\" class=\"yoast-schema-graph\">{\"@context\":\"https:\/\/schema.org\",\"@graph\":[{\"@type\":\"WebPage\",\"@id\":\"https:\/\/litteraturbanken.se\/ljudochbild\/forfattare\/gyllenborggf\/\",\"url\":\"https:\/\/litteraturbanken.se\/ljudochbild\/forfattare\/gyllenborggf\/\",\"name\":\"Gustaf Fredrik Gyllenborg (1731\u20131808) - Ljud &amp; Bild\",\"isPartOf\":{\"@id\":\"https:\/\/litteraturbanken.se\/ljudochbild\/#website\"},\"primaryImageOfPage\":{\"@id\":\"https:\/\/litteraturbanken.se\/ljudochbild\/forfattare\/gyllenborggf\/#primaryimage\"},\"image\":{\"@id\":\"https:\/\/litteraturbanken.se\/ljudochbild\/forfattare\/gyllenborggf\/#primaryimage\"},\"thumbnailUrl\":\"https:\/\/litteraturbanken.se\/ljudochbild\/wp-content\/uploads\/2019\/09\/GyllenborgGF_large.jpeg\",\"datePublished\":\"2019-08-13T12:22:45+00:00\",\"dateModified\":\"2024-09-16T13:40:07+00:00\",\"breadcrumb\":{\"@id\":\"https:\/\/litteraturbanken.se\/ljudochbild\/forfattare\/gyllenborggf\/#breadcrumb\"},\"inLanguage\":\"sv-SE\",\"potentialAction\":[{\"@type\":\"ReadAction\",\"target\":[\"https:\/\/litteraturbanken.se\/ljudochbild\/forfattare\/gyllenborggf\/\"]}]},{\"@type\":\"ImageObject\",\"inLanguage\":\"sv-SE\",\"@id\":\"https:\/\/litteraturbanken.se\/ljudochbild\/forfattare\/gyllenborggf\/#primaryimage\",\"url\":\"https:\/\/litteraturbanken.se\/ljudochbild\/wp-content\/uploads\/2019\/09\/GyllenborgGF_large.jpeg\",\"contentUrl\":\"https:\/\/litteraturbanken.se\/ljudochbild\/wp-content\/uploads\/2019\/09\/GyllenborgGF_large.jpeg\",\"width\":348,\"height\":550},{\"@type\":\"BreadcrumbList\",\"@id\":\"https:\/\/litteraturbanken.se\/ljudochbild\/forfattare\/gyllenborggf\/#breadcrumb\",\"itemListElement\":[{\"@type\":\"ListItem\",\"position\":1,\"name\":\"Hem\",\"item\":\"https:\/\/litteraturbanken.se\/ljudochbild\/\"},{\"@type\":\"ListItem\",\"position\":2,\"name\":\"F\u00f6rfattare\",\"item\":\"https:\/\/litteraturbanken.se\/ljudochbild\/forfattare\/\"},{\"@type\":\"ListItem\",\"position\":3,\"name\":\"Gustaf Fredrik Gyllenborg (1731\u20131808)\"}]},{\"@type\":\"WebSite\",\"@id\":\"https:\/\/litteraturbanken.se\/ljudochbild\/#website\",\"url\":\"https:\/\/litteraturbanken.se\/ljudochbild\/\",\"name\":\"Ljud & Bild\",\"description\":\"Ur Litteraturbankens samlingar\",\"potentialAction\":[{\"@type\":\"SearchAction\",\"target\":{\"@type\":\"EntryPoint\",\"urlTemplate\":\"https:\/\/litteraturbanken.se\/ljudochbild\/?s={search_term_string}\"},\"query-input\":{\"@type\":\"PropertyValueSpecification\",\"valueRequired\":true,\"valueName\":\"search_term_string\"}}],\"inLanguage\":\"sv-SE\"}]}<\/script>\n<!-- \/ Yoast SEO plugin. -->","yoast_head_json":{"title":"Gustaf Fredrik Gyllenborg (1731\u20131808) - Ljud &amp; Bild","robots":{"index":"index","follow":"follow","max-snippet":"max-snippet:-1","max-image-preview":"max-image-preview:large","max-video-preview":"max-video-preview:-1"},"canonical":"https:\/\/litteraturbanken.se\/ljudochbild\/forfattare\/gyllenborggf\/","og_locale":"sv_SE","og_type":"article","og_title":"Gustaf Fredrik Gyllenborg (1731\u20131808) - Ljud &amp; Bild","og_description":"\u201dGUSTAF FREDRIK GYLLENBORG (1731\u20131808) var en av medlemmarna i den \u00e5r 1753, av Carl Fredrik Eckleff, grundade Tankebyggarorden \u2013 Sveriges \u00e4ldsta organiserade litter\u00e4ra s\u00e4llskap \u2013 vars \u00e4ndam\u00e5l var att bek\u00e4mpa \u201dokunnighet och barbari\u201d. Gyllenborg, Gustaf Philip Creutz och\u00a0Hedvig [&hellip;]","og_url":"https:\/\/litteraturbanken.se\/ljudochbild\/forfattare\/gyllenborggf\/","og_site_name":"Ljud &amp; Bild","article_publisher":"https:\/\/www.facebook.com\/Litteraturbanken.se","article_modified_time":"2024-09-16T13:40:07+00:00","og_image":[{"width":348,"height":550,"url":"https:\/\/litteraturbanken.se\/ljudochbild\/wp-content\/uploads\/2019\/09\/GyllenborgGF_large.jpeg","type":"image\/jpeg"}],"twitter_card":"summary_large_image","twitter_site":"@litteraturbank","twitter_misc":{"Ber\u00e4knad l\u00e4stid":"1 minut"},"schema":{"@context":"https:\/\/schema.org","@graph":[{"@type":"WebPage","@id":"https:\/\/litteraturbanken.se\/ljudochbild\/forfattare\/gyllenborggf\/","url":"https:\/\/litteraturbanken.se\/ljudochbild\/forfattare\/gyllenborggf\/","name":"Gustaf Fredrik Gyllenborg (1731\u20131808) - Ljud &amp; Bild","isPartOf":{"@id":"https:\/\/litteraturbanken.se\/ljudochbild\/#website"},"primaryImageOfPage":{"@id":"https:\/\/litteraturbanken.se\/ljudochbild\/forfattare\/gyllenborggf\/#primaryimage"},"image":{"@id":"https:\/\/litteraturbanken.se\/ljudochbild\/forfattare\/gyllenborggf\/#primaryimage"},"thumbnailUrl":"https:\/\/litteraturbanken.se\/ljudochbild\/wp-content\/uploads\/2019\/09\/GyllenborgGF_large.jpeg","datePublished":"2019-08-13T12:22:45+00:00","dateModified":"2024-09-16T13:40:07+00:00","breadcrumb":{"@id":"https:\/\/litteraturbanken.se\/ljudochbild\/forfattare\/gyllenborggf\/#breadcrumb"},"inLanguage":"sv-SE","potentialAction":[{"@type":"ReadAction","target":["https:\/\/litteraturbanken.se\/ljudochbild\/forfattare\/gyllenborggf\/"]}]},{"@type":"ImageObject","inLanguage":"sv-SE","@id":"https:\/\/litteraturbanken.se\/ljudochbild\/forfattare\/gyllenborggf\/#primaryimage","url":"https:\/\/litteraturbanken.se\/ljudochbild\/wp-content\/uploads\/2019\/09\/GyllenborgGF_large.jpeg","contentUrl":"https:\/\/litteraturbanken.se\/ljudochbild\/wp-content\/uploads\/2019\/09\/GyllenborgGF_large.jpeg","width":348,"height":550},{"@type":"BreadcrumbList","@id":"https:\/\/litteraturbanken.se\/ljudochbild\/forfattare\/gyllenborggf\/#breadcrumb","itemListElement":[{"@type":"ListItem","position":1,"name":"Hem","item":"https:\/\/litteraturbanken.se\/ljudochbild\/"},{"@type":"ListItem","position":2,"name":"F\u00f6rfattare","item":"https:\/\/litteraturbanken.se\/ljudochbild\/forfattare\/"},{"@type":"ListItem","position":3,"name":"Gustaf Fredrik Gyllenborg (1731\u20131808)"}]},{"@type":"WebSite","@id":"https:\/\/litteraturbanken.se\/ljudochbild\/#website","url":"https:\/\/litteraturbanken.se\/ljudochbild\/","name":"Ljud & Bild","description":"Ur Litteraturbankens samlingar","potentialAction":[{"@type":"SearchAction","target":{"@type":"EntryPoint","urlTemplate":"https:\/\/litteraturbanken.se\/ljudochbild\/?s={search_term_string}"},"query-input":{"@type":"PropertyValueSpecification","valueRequired":true,"valueName":"search_term_string"}}],"inLanguage":"sv-SE"}]}},"_links":{"self":[{"href":"https:\/\/litteraturbanken.se\/ljudochbild\/wp-json\/wp\/v2\/pages\/649","targetHints":{"allow":["GET"]}}],"collection":[{"href":"https:\/\/litteraturbanken.se\/ljudochbild\/wp-json\/wp\/v2\/pages"}],"about":[{"href":"https:\/\/litteraturbanken.se\/ljudochbild\/wp-json\/wp\/v2\/types\/page"}],"author":[{"embeddable":true,"href":"https:\/\/litteraturbanken.se\/ljudochbild\/wp-json\/wp\/v2\/users\/1"}],"replies":[{"embeddable":true,"href":"https:\/\/litteraturbanken.se\/ljudochbild\/wp-json\/wp\/v2\/comments?post=649"}],"version-history":[{"count":4,"href":"https:\/\/litteraturbanken.se\/ljudochbild\/wp-json\/wp\/v2\/pages\/649\/revisions"}],"predecessor-version":[{"id":12104,"href":"https:\/\/litteraturbanken.se\/ljudochbild\/wp-json\/wp\/v2\/pages\/649\/revisions\/12104"}],"up":[{"embeddable":true,"href":"https:\/\/litteraturbanken.se\/ljudochbild\/wp-json\/wp\/v2\/pages\/7"}],"wp:featuredmedia":[{"embeddable":true,"href":"https:\/\/litteraturbanken.se\/ljudochbild\/wp-json\/wp\/v2\/media\/961"}],"wp:attachment":[{"href":"https:\/\/litteraturbanken.se\/ljudochbild\/wp-json\/wp\/v2\/media?parent=649"}],"curies":[{"name":"wp","href":"https:\/\/api.w.org\/{rel}","templated":true}]}}