{"id":651,"date":"2019-08-13T14:23:32","date_gmt":"2019-08-13T12:23:32","guid":{"rendered":"http:\/\/ordfabriken.org\/ljud\/?page_id=651"},"modified":"2024-09-17T09:06:48","modified_gmt":"2024-09-17T07:06:48","slug":"hanssono","status":"publish","type":"page","link":"https:\/\/litteraturbanken.se\/ljudochbild\/forfattare\/hanssono\/","title":{"rendered":"Ola Hansson (1860\u20131925)"},"content":{"rendered":"<div class=\"wp-block-image\">\n<figure class=\"alignright\"><img loading=\"lazy\" decoding=\"async\" width=\"239\" height=\"300\" src=\"https:\/\/litteraturbanken.se\/ljudochbild\/wp-content\/uploads\/2019\/09\/HanssonO_large-239x300.jpeg\" alt=\"\" class=\"wp-image-966\" srcset=\"https:\/\/litteraturbanken.se\/ljudochbild\/wp-content\/uploads\/2019\/09\/HanssonO_large-239x300.jpeg 239w, https:\/\/litteraturbanken.se\/ljudochbild\/wp-content\/uploads\/2019\/09\/HanssonO_large.jpeg 397w\" sizes=\"auto, (max-width: 239px) 100vw, 239px\" \/><\/figure>\n<\/div>\n\n\n<p>\u201dOLA HANSSON (1860\u20131925) var den fria versens och prosalyrikens pionj\u00e4r inom den svenska litteraturen. I diktsamlingen\u00a0<em>Notturno<\/em>\u00a0(1885) var s\u00e5v\u00e4l versernas form som det dj\u00e4rva bildspr\u00e5ket nytt och, f\u00f6r somliga l\u00e4sare, chockerande. Kritiken var of\u00f6rst\u00e5ende och kallsinnig. D\u00e5 Hanssons mest betydande prosaverk\u00a0<a href=\"https:\/\/litteraturbanken.se\/forfattare\/HanssonO\/titlar\/SensitivaAmorosa\/info\/etext\"><em>Sensitiva amorosa<\/em><\/a>\u00a0utkom (1887) m\u00f6ttes den av \u00e4n h\u00e5rdare kritik. Hans skildringar av sj\u00e4lslivets dunkla krafter undfick m\u00e4strande och moraliserande kommentarer. Of\u00f6rv\u00e4gen \u00e5terkom han \u00e5ret d\u00e4rp\u00e5 med\u00a0<em>Parias<\/em>, en samling noveller d\u00e4r kriminalitet och brottets psykologi st\u00e5r i fokus. Determinism och pessimism utg\u00f6r grundtoner i de b\u00e5da besl\u00e4ktade verken. Hansson var ocks\u00e5 en det sk\u00e5nska landskapets diktare, om \u00e4n han, som levde st\u00f6rre delen av sitt liv utomlands, fr\u00e4mst tecknade det ur tanke och minne.\u201d<\/p>\n\n\n\n<p>Stycket ovanf\u00f6r kommer ur Lotta Lotass introduktion av Ola Hansson hos Litteraturbanken.<\/p>\n\n\n\n<div class=\"wp-block-buttons is-layout-flex wp-block-buttons-is-layout-flex\">\n<div class=\"wp-block-button has-custom-font-size read-more-button\" style=\"font-size:14px\"><a class=\"wp-block-button__link has-white-color has-text-color has-background wp-element-button\" href=\"https:\/\/litteraturbanken.se\/f%C3%B6rfattare\/HanssonO\" style=\"border-radius:0px;background-color:#cd2400\" target=\"_blank\" rel=\"noopener\"><strong>L\u00c4S MER OM OLA HANSSON<\/strong><\/a><\/div>\n\n\n\n<div class=\"wp-block-button has-custom-font-size read-more-button\" style=\"font-size:14px\"><a class=\"wp-block-button__link has-white-color has-text-color has-background wp-element-button\" href=\"https:\/\/litteraturbanken.se\/f%C3%B6rfattare\/HanssonO\/titlar\" style=\"border-radius:0px;background-color:#cd2400\" target=\"_blank\" rel=\"noopener\"><strong>L\u00c4S OLA HANSSONS VERK HOS LB.SE<\/strong><\/a><\/div>\n<\/div>\n\n\n\n<div style=\"height:20px\" aria-hidden=\"true\" class=\"wp-block-spacer\"><\/div>\n\n\n\n<div class=\"wp-playlist wp-audio-playlist wp-playlist-light\">\n\t\t\t<div class=\"wp-playlist-current-item\"><\/div>\n\t\t<audio controls=\"controls\" preload=\"none\" width=\"618\"\n\t\t\t><\/audio>\n\t<div class=\"wp-playlist-next\"><\/div>\n\t<div class=\"wp-playlist-prev\"><\/div>\n\t<noscript>\n\t<ol>\n\t\t<li><a href='https:\/\/litteraturbanken.se\/ljudochbild\/wp-content\/uploads\/2024\/09\/hansson_blomsterliv_zetterberg.mp3'>Blomsterlif<\/a><\/li><li><a href='https:\/\/litteraturbanken.se\/ljudochbild\/wp-content\/uploads\/2019\/09\/hansson_ivartiden_pleijel.mp3'>I v\u00e5rtiden<\/a><\/li><li><a href='https:\/\/litteraturbanken.se\/ljudochbild\/wp-content\/uploads\/2022\/11\/hansson_morgonuppbrott_ekblad.mp3'>Morgonuppbrott<\/a><\/li><li><a href='https:\/\/litteraturbanken.se\/ljudochbild\/wp-content\/uploads\/2022\/11\/hansson_nattiskordetiden_ekblad.mp3'>Natt i sk\u00f6rdetiden<\/a><\/li><li><a href='https:\/\/litteraturbanken.se\/ljudochbild\/wp-content\/uploads\/2022\/11\/hansson_snodrottningen_ekblad.mp3'>Sn\u00f6drottningen<\/a><\/li>\t<\/ol>\n\t<\/noscript>\n\t<script type=\"application\/json\" class=\"wp-playlist-script\">{\"type\":\"audio\",\"tracklist\":true,\"tracknumbers\":true,\"images\":true,\"artists\":true,\"tracks\":[{\"src\":\"https:\/\/litteraturbanken.se\/ljudochbild\/wp-content\/uploads\/2024\/09\/hansson_blomsterliv_zetterberg.mp3\",\"type\":\"audio\/mpeg\",\"title\":\"Blomsterlif\",\"caption\":\"\",\"description\":\"\\u201dBlomsterlif\\u201d fr\\u00e5n Ola Hansson l\\u00e4st av Alexandra Zetterberg av Dikt 1593\\u20131939. Svensk och finlandssvensk lyrik i uppl\\u00e4sning av svenska och finlandssvenska sk\\u00e5despelare.\",\"meta\":{\"artist\":\"Alexandra Zetterberg l\\u00e4ser Ola Hansson. Dikt 1593\\u20131939\",\"album\":\"Ola Hansson\",\"length_formatted\":\"1:24\"},\"image\":{\"src\":\"https:\/\/litteraturbanken.se\/ljudochbild\/wp-content\/uploads\/2024\/09\/almqvist_denlyssnandemaria_lindh-mp3-image.jpg\",\"width\":1200,\"height\":1201},\"thumb\":{\"src\":\"https:\/\/litteraturbanken.se\/ljudochbild\/wp-content\/uploads\/2024\/09\/almqvist_denlyssnandemaria_lindh-mp3-image-150x150.jpg\",\"width\":150,\"height\":150}},{\"src\":\"https:\/\/litteraturbanken.se\/ljudochbild\/wp-content\/uploads\/2019\/09\/hansson_ivartiden_pleijel.mp3\",\"type\":\"audio\/mpeg\",\"title\":\"I v\\u00e5rtiden\",\"caption\":\"\",\"description\":\"\\\"I v\\u00e5rtiden\\\" fr\\u00e5n I v\\u00e5rtiden av Hansson, Ola.\",\"meta\":{\"artist\":\"Agneta Pleijel l\\u00e4ser Ola Hansson\",\"album\":\"Ola Hansson\",\"length_formatted\":\"1:16\"},\"image\":{\"src\":\"https:\/\/litteraturbanken.se\/ljudochbild\/wp-content\/uploads\/2019\/09\/lb_albumart.png\",\"width\":580,\"height\":612},\"thumb\":{\"src\":\"https:\/\/litteraturbanken.se\/ljudochbild\/wp-content\/uploads\/2019\/09\/lb_albumart-150x150.png\",\"width\":150,\"height\":150}},{\"src\":\"https:\/\/litteraturbanken.se\/ljudochbild\/wp-content\/uploads\/2022\/11\/hansson_morgonuppbrott_ekblad.mp3\",\"type\":\"audio\/mpeg\",\"title\":\"Morgonuppbrott\",\"caption\":\"\",\"description\":\"\\u201dMorgonuppbrott\\u201d fr\\u00e5n Ola Hansson av Stina Ekblad l\\u00e4ser dikter. Sl\\u00e4ppt: 2022.\",\"meta\":{\"artist\":\"Stina Ekblad l\\u00e4ser Ola Hansson\",\"album\":\"Ola Hansson\",\"year\":\"2022\",\"length_formatted\":\"3:57\"},\"image\":{\"src\":\"https:\/\/litteraturbanken.se\/ljudochbild\/wp-content\/uploads\/2019\/09\/wide_gub_wide-mp3-image.png\",\"width\":580,\"height\":612},\"thumb\":{\"src\":\"https:\/\/litteraturbanken.se\/ljudochbild\/wp-content\/uploads\/2019\/09\/wide_gub_wide-mp3-image-150x150.png\",\"width\":150,\"height\":150}},{\"src\":\"https:\/\/litteraturbanken.se\/ljudochbild\/wp-content\/uploads\/2022\/11\/hansson_nattiskordetiden_ekblad.mp3\",\"type\":\"audio\/mpeg\",\"title\":\"Natt i sk\\u00f6rdetiden\",\"caption\":\"\",\"description\":\"\\u201dNatt i sk\\u00f6rdetiden\\u201d fr\\u00e5n Ola Hansson av Stina Ekblad l\\u00e4ser dikter. Sl\\u00e4ppt: 2022.\",\"meta\":{\"artist\":\"Stina Ekblad l\\u00e4ser Ola Hansson\",\"album\":\"Ola Hansson\",\"year\":\"2022\",\"length_formatted\":\"2:01\"},\"image\":{\"src\":\"https:\/\/litteraturbanken.se\/ljudochbild\/wp-content\/uploads\/2019\/09\/wide_gub_wide-mp3-image.png\",\"width\":580,\"height\":612},\"thumb\":{\"src\":\"https:\/\/litteraturbanken.se\/ljudochbild\/wp-content\/uploads\/2019\/09\/wide_gub_wide-mp3-image-150x150.png\",\"width\":150,\"height\":150}},{\"src\":\"https:\/\/litteraturbanken.se\/ljudochbild\/wp-content\/uploads\/2022\/11\/hansson_snodrottningen_ekblad.mp3\",\"type\":\"audio\/mpeg\",\"title\":\"Sn\\u00f6drottningen\",\"caption\":\"\",\"description\":\"\\u201dSn\\u00f6drottningen\\u201d fr\\u00e5n Ola Hansson av Stina Ekblad l\\u00e4ser dikter. Sl\\u00e4ppt: 2022.\",\"meta\":{\"artist\":\"Stina Ekblad l\\u00e4ser Ola Hansson\",\"album\":\"Ola Hansson\",\"year\":\"2022\",\"length_formatted\":\"2:33\"},\"image\":{\"src\":\"https:\/\/litteraturbanken.se\/ljudochbild\/wp-content\/uploads\/2019\/09\/wide_gub_wide-mp3-image.png\",\"width\":580,\"height\":612},\"thumb\":{\"src\":\"https:\/\/litteraturbanken.se\/ljudochbild\/wp-content\/uploads\/2019\/09\/wide_gub_wide-mp3-image-150x150.png\",\"width\":150,\"height\":150}}]}<\/script>\n<\/div>\n\t\n\n\n\n<hr class=\"wp-block-separator has-alpha-channel-opacity\"\/>\n\n\n\n<p><em>Inspelningarna tillg\u00e4ngligg\u00f6rs h\u00e4r med tillst\u00e5nd fr\u00e5n inl\u00e4sarna.<\/em><\/p>\n\n\n<h3 class=\"wp-block-heading author-related-title\">L\u00e4s mer<\/h3>\r\n<div class=\"display-posts-listing grid\"><div class=\"listing-item\"><a class=\"image\" href=\"https:\/\/litteraturbanken.se\/ljudochbild\/2022\/11\/28\/stina-ekblad-vinterns-rost\/\"><img loading=\"lazy\" decoding=\"async\" width=\"640\" height=\"820\" src=\"https:\/\/litteraturbanken.se\/ljudochbild\/wp-content\/uploads\/2022\/11\/fjaestad_vinternsrost-799x1024.jpg\" class=\"attachment-large size-large wp-post-image\" alt=\"Vinter, Gustaf Fj\u00e6stad\" srcset=\"https:\/\/litteraturbanken.se\/ljudochbild\/wp-content\/uploads\/2022\/11\/fjaestad_vinternsrost-799x1024.jpg 799w, https:\/\/litteraturbanken.se\/ljudochbild\/wp-content\/uploads\/2022\/11\/fjaestad_vinternsrost-234x300.jpg 234w, https:\/\/litteraturbanken.se\/ljudochbild\/wp-content\/uploads\/2022\/11\/fjaestad_vinternsrost-768x984.jpg 768w, https:\/\/litteraturbanken.se\/ljudochbild\/wp-content\/uploads\/2022\/11\/fjaestad_vinternsrost-1198x1536.jpg 1198w, https:\/\/litteraturbanken.se\/ljudochbild\/wp-content\/uploads\/2022\/11\/fjaestad_vinternsrost-480x615.jpg 480w, https:\/\/litteraturbanken.se\/ljudochbild\/wp-content\/uploads\/2022\/11\/fjaestad_vinternsrost.jpg 1200w\" sizes=\"auto, (max-width: 640px) 100vw, 640px\" \/><\/a> <a class=\"title\" href=\"https:\/\/litteraturbanken.se\/ljudochbild\/2022\/11\/28\/stina-ekblad-vinterns-rost\/\">Vinterns r\u00f6st: Stina Ekblad<\/a><\/div><\/div>\r\n\r\n\n","protected":false},"excerpt":{"rendered":"<p>\u201dOLA HANSSON (1860\u20131925) var den fria versens och prosalyrikens pionj\u00e4r inom den svenska litteraturen. I diktsamlingen\u00a0Notturno\u00a0(1885) var s\u00e5v\u00e4l versernas form som det dj\u00e4rva bildspr\u00e5ket nytt och, f\u00f6r somliga l\u00e4sare, chockerande. Kritiken var of\u00f6rst\u00e5ende och kallsinnig. D\u00e5 Hanssons mest [&hellip;]<\/p>\n","protected":false},"author":1,"featured_media":966,"parent":7,"menu_order":0,"comment_status":"closed","ping_status":"closed","template":"","meta":{"footnotes":""},"class_list":["post-651","page","type-page","status-publish","has-post-thumbnail","hentry"],"yoast_head":"<!-- This site is optimized with the Yoast SEO plugin v27.1.1 - https:\/\/yoast.com\/product\/yoast-seo-wordpress\/ -->\n<title>Ola Hansson (1860\u20131925) - Ljud &amp; Bild<\/title>\n<meta name=\"robots\" content=\"index, follow, max-snippet:-1, max-image-preview:large, max-video-preview:-1\" \/>\n<link rel=\"canonical\" href=\"https:\/\/litteraturbanken.se\/ljudochbild\/forfattare\/hanssono\/\" \/>\n<meta property=\"og:locale\" content=\"sv_SE\" \/>\n<meta property=\"og:type\" content=\"article\" \/>\n<meta property=\"og:title\" content=\"Ola Hansson (1860\u20131925) - Ljud &amp; Bild\" \/>\n<meta property=\"og:description\" content=\"\u201dOLA HANSSON (1860\u20131925) var den fria versens och prosalyrikens pionj\u00e4r inom den svenska litteraturen. I diktsamlingen\u00a0Notturno\u00a0(1885) var s\u00e5v\u00e4l versernas form som det dj\u00e4rva bildspr\u00e5ket nytt och, f\u00f6r somliga l\u00e4sare, chockerande. Kritiken var of\u00f6rst\u00e5ende och kallsinnig. D\u00e5 Hanssons mest [&hellip;]\" \/>\n<meta property=\"og:url\" content=\"https:\/\/litteraturbanken.se\/ljudochbild\/forfattare\/hanssono\/\" \/>\n<meta property=\"og:site_name\" content=\"Ljud &amp; Bild\" \/>\n<meta property=\"article:publisher\" content=\"https:\/\/www.facebook.com\/Litteraturbanken.se\" \/>\n<meta property=\"article:modified_time\" content=\"2024-09-17T07:06:48+00:00\" \/>\n<meta property=\"og:image\" content=\"https:\/\/litteraturbanken.se\/ljudochbild\/wp-content\/uploads\/2019\/09\/HanssonO_large.jpeg\" \/>\n\t<meta property=\"og:image:width\" content=\"397\" \/>\n\t<meta property=\"og:image:height\" content=\"498\" \/>\n\t<meta property=\"og:image:type\" content=\"image\/jpeg\" \/>\n<meta name=\"twitter:card\" content=\"summary_large_image\" \/>\n<meta name=\"twitter:site\" content=\"@litteraturbank\" \/>\n<meta name=\"twitter:label1\" content=\"Ber\u00e4knad l\u00e4stid\" \/>\n\t<meta name=\"twitter:data1\" content=\"2 minuter\" \/>\n<script type=\"application\/ld+json\" class=\"yoast-schema-graph\">{\"@context\":\"https:\/\/schema.org\",\"@graph\":[{\"@type\":\"WebPage\",\"@id\":\"https:\/\/litteraturbanken.se\/ljudochbild\/forfattare\/hanssono\/\",\"url\":\"https:\/\/litteraturbanken.se\/ljudochbild\/forfattare\/hanssono\/\",\"name\":\"Ola Hansson (1860\u20131925) - Ljud &amp; Bild\",\"isPartOf\":{\"@id\":\"https:\/\/litteraturbanken.se\/ljudochbild\/#website\"},\"primaryImageOfPage\":{\"@id\":\"https:\/\/litteraturbanken.se\/ljudochbild\/forfattare\/hanssono\/#primaryimage\"},\"image\":{\"@id\":\"https:\/\/litteraturbanken.se\/ljudochbild\/forfattare\/hanssono\/#primaryimage\"},\"thumbnailUrl\":\"https:\/\/litteraturbanken.se\/ljudochbild\/wp-content\/uploads\/2019\/09\/HanssonO_large.jpeg\",\"datePublished\":\"2019-08-13T12:23:32+00:00\",\"dateModified\":\"2024-09-17T07:06:48+00:00\",\"breadcrumb\":{\"@id\":\"https:\/\/litteraturbanken.se\/ljudochbild\/forfattare\/hanssono\/#breadcrumb\"},\"inLanguage\":\"sv-SE\",\"potentialAction\":[{\"@type\":\"ReadAction\",\"target\":[\"https:\/\/litteraturbanken.se\/ljudochbild\/forfattare\/hanssono\/\"]}]},{\"@type\":\"ImageObject\",\"inLanguage\":\"sv-SE\",\"@id\":\"https:\/\/litteraturbanken.se\/ljudochbild\/forfattare\/hanssono\/#primaryimage\",\"url\":\"https:\/\/litteraturbanken.se\/ljudochbild\/wp-content\/uploads\/2019\/09\/HanssonO_large.jpeg\",\"contentUrl\":\"https:\/\/litteraturbanken.se\/ljudochbild\/wp-content\/uploads\/2019\/09\/HanssonO_large.jpeg\",\"width\":397,\"height\":498},{\"@type\":\"BreadcrumbList\",\"@id\":\"https:\/\/litteraturbanken.se\/ljudochbild\/forfattare\/hanssono\/#breadcrumb\",\"itemListElement\":[{\"@type\":\"ListItem\",\"position\":1,\"name\":\"Hem\",\"item\":\"https:\/\/litteraturbanken.se\/ljudochbild\/\"},{\"@type\":\"ListItem\",\"position\":2,\"name\":\"F\u00f6rfattare\",\"item\":\"https:\/\/litteraturbanken.se\/ljudochbild\/forfattare\/\"},{\"@type\":\"ListItem\",\"position\":3,\"name\":\"Ola Hansson (1860\u20131925)\"}]},{\"@type\":\"WebSite\",\"@id\":\"https:\/\/litteraturbanken.se\/ljudochbild\/#website\",\"url\":\"https:\/\/litteraturbanken.se\/ljudochbild\/\",\"name\":\"Ljud & Bild\",\"description\":\"Ur Litteraturbankens samlingar\",\"potentialAction\":[{\"@type\":\"SearchAction\",\"target\":{\"@type\":\"EntryPoint\",\"urlTemplate\":\"https:\/\/litteraturbanken.se\/ljudochbild\/?s={search_term_string}\"},\"query-input\":{\"@type\":\"PropertyValueSpecification\",\"valueRequired\":true,\"valueName\":\"search_term_string\"}}],\"inLanguage\":\"sv-SE\"}]}<\/script>\n<!-- \/ Yoast SEO plugin. -->","yoast_head_json":{"title":"Ola Hansson (1860\u20131925) - Ljud &amp; Bild","robots":{"index":"index","follow":"follow","max-snippet":"max-snippet:-1","max-image-preview":"max-image-preview:large","max-video-preview":"max-video-preview:-1"},"canonical":"https:\/\/litteraturbanken.se\/ljudochbild\/forfattare\/hanssono\/","og_locale":"sv_SE","og_type":"article","og_title":"Ola Hansson (1860\u20131925) - Ljud &amp; Bild","og_description":"\u201dOLA HANSSON (1860\u20131925) var den fria versens och prosalyrikens pionj\u00e4r inom den svenska litteraturen. I diktsamlingen\u00a0Notturno\u00a0(1885) var s\u00e5v\u00e4l versernas form som det dj\u00e4rva bildspr\u00e5ket nytt och, f\u00f6r somliga l\u00e4sare, chockerande. Kritiken var of\u00f6rst\u00e5ende och kallsinnig. D\u00e5 Hanssons mest [&hellip;]","og_url":"https:\/\/litteraturbanken.se\/ljudochbild\/forfattare\/hanssono\/","og_site_name":"Ljud &amp; Bild","article_publisher":"https:\/\/www.facebook.com\/Litteraturbanken.se","article_modified_time":"2024-09-17T07:06:48+00:00","og_image":[{"width":397,"height":498,"url":"https:\/\/litteraturbanken.se\/ljudochbild\/wp-content\/uploads\/2019\/09\/HanssonO_large.jpeg","type":"image\/jpeg"}],"twitter_card":"summary_large_image","twitter_site":"@litteraturbank","twitter_misc":{"Ber\u00e4knad l\u00e4stid":"2 minuter"},"schema":{"@context":"https:\/\/schema.org","@graph":[{"@type":"WebPage","@id":"https:\/\/litteraturbanken.se\/ljudochbild\/forfattare\/hanssono\/","url":"https:\/\/litteraturbanken.se\/ljudochbild\/forfattare\/hanssono\/","name":"Ola Hansson (1860\u20131925) - Ljud &amp; Bild","isPartOf":{"@id":"https:\/\/litteraturbanken.se\/ljudochbild\/#website"},"primaryImageOfPage":{"@id":"https:\/\/litteraturbanken.se\/ljudochbild\/forfattare\/hanssono\/#primaryimage"},"image":{"@id":"https:\/\/litteraturbanken.se\/ljudochbild\/forfattare\/hanssono\/#primaryimage"},"thumbnailUrl":"https:\/\/litteraturbanken.se\/ljudochbild\/wp-content\/uploads\/2019\/09\/HanssonO_large.jpeg","datePublished":"2019-08-13T12:23:32+00:00","dateModified":"2024-09-17T07:06:48+00:00","breadcrumb":{"@id":"https:\/\/litteraturbanken.se\/ljudochbild\/forfattare\/hanssono\/#breadcrumb"},"inLanguage":"sv-SE","potentialAction":[{"@type":"ReadAction","target":["https:\/\/litteraturbanken.se\/ljudochbild\/forfattare\/hanssono\/"]}]},{"@type":"ImageObject","inLanguage":"sv-SE","@id":"https:\/\/litteraturbanken.se\/ljudochbild\/forfattare\/hanssono\/#primaryimage","url":"https:\/\/litteraturbanken.se\/ljudochbild\/wp-content\/uploads\/2019\/09\/HanssonO_large.jpeg","contentUrl":"https:\/\/litteraturbanken.se\/ljudochbild\/wp-content\/uploads\/2019\/09\/HanssonO_large.jpeg","width":397,"height":498},{"@type":"BreadcrumbList","@id":"https:\/\/litteraturbanken.se\/ljudochbild\/forfattare\/hanssono\/#breadcrumb","itemListElement":[{"@type":"ListItem","position":1,"name":"Hem","item":"https:\/\/litteraturbanken.se\/ljudochbild\/"},{"@type":"ListItem","position":2,"name":"F\u00f6rfattare","item":"https:\/\/litteraturbanken.se\/ljudochbild\/forfattare\/"},{"@type":"ListItem","position":3,"name":"Ola Hansson (1860\u20131925)"}]},{"@type":"WebSite","@id":"https:\/\/litteraturbanken.se\/ljudochbild\/#website","url":"https:\/\/litteraturbanken.se\/ljudochbild\/","name":"Ljud & Bild","description":"Ur Litteraturbankens samlingar","potentialAction":[{"@type":"SearchAction","target":{"@type":"EntryPoint","urlTemplate":"https:\/\/litteraturbanken.se\/ljudochbild\/?s={search_term_string}"},"query-input":{"@type":"PropertyValueSpecification","valueRequired":true,"valueName":"search_term_string"}}],"inLanguage":"sv-SE"}]}},"_links":{"self":[{"href":"https:\/\/litteraturbanken.se\/ljudochbild\/wp-json\/wp\/v2\/pages\/651","targetHints":{"allow":["GET"]}}],"collection":[{"href":"https:\/\/litteraturbanken.se\/ljudochbild\/wp-json\/wp\/v2\/pages"}],"about":[{"href":"https:\/\/litteraturbanken.se\/ljudochbild\/wp-json\/wp\/v2\/types\/page"}],"author":[{"embeddable":true,"href":"https:\/\/litteraturbanken.se\/ljudochbild\/wp-json\/wp\/v2\/users\/1"}],"replies":[{"embeddable":true,"href":"https:\/\/litteraturbanken.se\/ljudochbild\/wp-json\/wp\/v2\/comments?post=651"}],"version-history":[{"count":9,"href":"https:\/\/litteraturbanken.se\/ljudochbild\/wp-json\/wp\/v2\/pages\/651\/revisions"}],"predecessor-version":[{"id":12108,"href":"https:\/\/litteraturbanken.se\/ljudochbild\/wp-json\/wp\/v2\/pages\/651\/revisions\/12108"}],"up":[{"embeddable":true,"href":"https:\/\/litteraturbanken.se\/ljudochbild\/wp-json\/wp\/v2\/pages\/7"}],"wp:featuredmedia":[{"embeddable":true,"href":"https:\/\/litteraturbanken.se\/ljudochbild\/wp-json\/wp\/v2\/media\/966"}],"wp:attachment":[{"href":"https:\/\/litteraturbanken.se\/ljudochbild\/wp-json\/wp\/v2\/media?parent=651"}],"curies":[{"name":"wp","href":"https:\/\/api.w.org\/{rel}","templated":true}]}}