{"id":653,"date":"2019-08-13T14:25:23","date_gmt":"2019-08-13T12:25:23","guid":{"rendered":"http:\/\/ordfabriken.org\/ljud\/?page_id=653"},"modified":"2024-09-17T09:14:18","modified_gmt":"2024-09-17T07:14:18","slug":"hillarpr","status":"publish","type":"page","link":"https:\/\/litteraturbanken.se\/ljudochbild\/forfattare\/hillarpr\/","title":{"rendered":"Rut Hillarp (1914\u20132003)"},"content":{"rendered":"<div class=\"wp-block-image is-style-default\">\n<figure class=\"alignright size-large is-resized\"><img loading=\"lazy\" decoding=\"async\" width=\"742\" height=\"1024\" src=\"https:\/\/litteraturbanken.se\/ljudochbild\/wp-content\/uploads\/2022\/11\/ruthillarp-742x1024.jpg\" alt=\"Rut Hillarp\" class=\"wp-image-7996\" style=\"width:181px;height:250px\" srcset=\"https:\/\/litteraturbanken.se\/ljudochbild\/wp-content\/uploads\/2022\/11\/ruthillarp-742x1024.jpg 742w, https:\/\/litteraturbanken.se\/ljudochbild\/wp-content\/uploads\/2022\/11\/ruthillarp-217x300.jpg 217w, https:\/\/litteraturbanken.se\/ljudochbild\/wp-content\/uploads\/2022\/11\/ruthillarp-768x1060.jpg 768w, https:\/\/litteraturbanken.se\/ljudochbild\/wp-content\/uploads\/2022\/11\/ruthillarp-1112x1536.jpg 1112w, https:\/\/litteraturbanken.se\/ljudochbild\/wp-content\/uploads\/2022\/11\/ruthillarp-480x663.jpg 480w, https:\/\/litteraturbanken.se\/ljudochbild\/wp-content\/uploads\/2022\/11\/ruthillarp.jpg 1200w\" sizes=\"auto, (max-width: 742px) 100vw, 742px\" \/><\/figure>\n<\/div>\n\n\n<p>\u201dRUT HILLARP (1914\u20132003) skrev k\u00e4rlekslyrik, i sin tid erotiskt frispr\u00e5kig, och med sensualismen som understr\u00f6m genom dikter om frihet och frig\u00f6relse. Hon var inspirerad av samtida fransk poesi, tillbringade mycket tid i Paris och till\u00e4gnade sig ocks\u00e5 surrealismens halsbrytande bildspr\u00e5k. Debuten kom med\u00a0<em><a href=\"https:\/\/litteraturbanken.se\/f\u00f6rfattare\/HillarpR\/titlar\/SolensBrunn\/sida\/3\/etext\" target=\"_blank\" rel=\"noreferrer noopener\">Solens brunn<\/a><\/em>\u00a0(1946) som f\u00f6ljdes av\u00a0<em><a href=\"https:\/\/litteraturbanken.se\/f\u00f6rfattare\/HillarpR\/titlar\/DinaH\u00e4ndersEkon\/sida\/3\/etext\" target=\"_blank\" rel=\"noreferrer noopener\">Dina h\u00e4nders ekon<\/a><\/em>\u00a0(1948) och\u00a0<em><a href=\"https:\/\/litteraturbanken.se\/f\u00f6rfattare\/HillarpR\/titlar\/B\u00e5geAvV\u00e4ntan\/sida\/3\/etext\" target=\"_blank\" rel=\"noreferrer noopener\">B\u00e5ge av v\u00e4ntan<\/a><\/em>\u00a0(1950). Under 1950\u2013talet publicerade hon tre romaner med feministisk tematik \u2013\u00a0<em>Blodf\u00f6rm\u00f6rkelse<\/em>\u00a0(1951),\u00a0<em>Sindhia<\/em>\u00a0(1954) och\u00a0<em>En eld \u00e4r havet<\/em> (1956). I\u00a0<em>Kustlinje<\/em>\u00a0(1963) skildras en resa l\u00e4ngs det d\u00e5varande Jugoslaviens kust, d\u00e4r en k\u00e4rlekshistoria, l\u00e5ngt fr\u00e5n vardagen, en kort tid bryter spr\u00e5kliga och k\u00e4nslom\u00e4ssiga barri\u00e4rer. Rut Hillarp var \u00e4ven verksam som fotograf och filmare.\u201d<\/p>\n\n\n\n<p>Stycket ovanf\u00f6r kommer ur Lotta Lotass introduktion av Rut Hillarp hos Litteraturbanken.<\/p>\n\n\n\n<div class=\"wp-block-buttons is-layout-flex wp-block-buttons-is-layout-flex\">\n<div class=\"wp-block-button has-custom-font-size read-more-button\" style=\"font-size:14px\"><a class=\"wp-block-button__link has-white-color has-text-color has-background wp-element-button\" href=\"https:\/\/litteraturbanken.se\/f%C3%B6rfattare\/HillarpR\" style=\"border-radius:0px;background-color:#cd2400\" target=\"_blank\" rel=\"noopener\"><strong>L\u00c4S MER OM RUT HILLARP<\/strong><\/a><\/div>\n\n\n\n<div class=\"wp-block-button has-custom-font-size read-more-button\" style=\"font-size:14px\"><a class=\"wp-block-button__link has-white-color has-text-color has-background wp-element-button\" href=\"https:\/\/litteraturbanken.se\/f%C3%B6rfattare\/HillarpR\/titlar\" style=\"border-radius:0px;background-color:#cd2400\" target=\"_blank\" rel=\"noopener\"><strong>L\u00c4S RUT HILLARPS VERK HOS LB.SE<\/strong><\/a><\/div>\n<\/div>\n\n\n\n<div style=\"height:20px\" aria-hidden=\"true\" class=\"wp-block-spacer\"><\/div>\n\n\n\n<div class=\"wp-playlist wp-audio-playlist wp-playlist-light\">\n\t\t\t<div class=\"wp-playlist-current-item\"><\/div>\n\t\t<audio controls=\"controls\" preload=\"none\" width=\"618\"\n\t\t\t><\/audio>\n\t<div class=\"wp-playlist-next\"><\/div>\n\t<div class=\"wp-playlist-prev\"><\/div>\n\t<noscript>\n\t<ol>\n\t\t<li><a href='https:\/\/litteraturbanken.se\/ljudochbild\/wp-content\/uploads\/2019\/09\/hillarp_host_pleijel.mp3'>H\u00f6st<\/a><\/li><li><a href='https:\/\/litteraturbanken.se\/ljudochbild\/wp-content\/uploads\/2022\/11\/hillarp_mindagarendrom_ekblad.mp3'>Min dag \u00e4r en dr\u00f6m<\/a><\/li><li><a href='https:\/\/litteraturbanken.se\/ljudochbild\/wp-content\/uploads\/2022\/11\/hillarp_morgonenarkarlekensbarn_ekblad.mp3'>Morgonen \u00e4r k\u00e4rlekens barn<\/a><\/li><li><a href='https:\/\/litteraturbanken.se\/ljudochbild\/wp-content\/uploads\/2019\/09\/hillarp_sang_pleijel.mp3'>S\u00e5ng<\/a><\/li><li><a href='https:\/\/litteraturbanken.se\/ljudochbild\/wp-content\/uploads\/2022\/11\/hillarp_utanfor_ekblad.mp3'>Utanf\u00f6r<\/a><\/li>\t<\/ol>\n\t<\/noscript>\n\t<script type=\"application\/json\" class=\"wp-playlist-script\">{\"type\":\"audio\",\"tracklist\":true,\"tracknumbers\":true,\"images\":true,\"artists\":true,\"tracks\":[{\"src\":\"https:\/\/litteraturbanken.se\/ljudochbild\/wp-content\/uploads\/2019\/09\/hillarp_host_pleijel.mp3\",\"type\":\"audio\/mpeg\",\"title\":\"H\\u00f6st\",\"caption\":\"\",\"description\":\"\\\"H\\u00f6st\\\" fr\\u00e5n H\\u00f6st av Hillarp, Rut.\",\"meta\":{\"artist\":\"Agneta Pleijel l\\u00e4ser Rut Hillarp\",\"album\":\"Rut Hillarp\",\"length_formatted\":\"1:04\"},\"image\":{\"src\":\"https:\/\/litteraturbanken.se\/ljudochbild\/wp-content\/uploads\/2019\/09\/lb_albumart.png\",\"width\":580,\"height\":612},\"thumb\":{\"src\":\"https:\/\/litteraturbanken.se\/ljudochbild\/wp-content\/uploads\/2019\/09\/lb_albumart-150x150.png\",\"width\":150,\"height\":150}},{\"src\":\"https:\/\/litteraturbanken.se\/ljudochbild\/wp-content\/uploads\/2022\/11\/hillarp_mindagarendrom_ekblad.mp3\",\"type\":\"audio\/mpeg\",\"title\":\"Min dag \\u00e4r en dr\\u00f6m\",\"caption\":\"\",\"description\":\"\\u201dMin dag \\u00e4r en dr\\u00f6m\\u201d fr\\u00e5n Rut Hillarp av Stina Ekblad l\\u00e4ser dikter. Sl\\u00e4ppt: 2022.\",\"meta\":{\"artist\":\"Stina Ekblad l\\u00e4ser Rut Hillarp\",\"album\":\"Rut Hillarp\",\"year\":\"2022\",\"length_formatted\":\"0:47\"},\"image\":{\"src\":\"https:\/\/litteraturbanken.se\/ljudochbild\/wp-content\/uploads\/2019\/09\/wide_gub_wide-mp3-image.png\",\"width\":580,\"height\":612},\"thumb\":{\"src\":\"https:\/\/litteraturbanken.se\/ljudochbild\/wp-content\/uploads\/2019\/09\/wide_gub_wide-mp3-image-150x150.png\",\"width\":150,\"height\":150}},{\"src\":\"https:\/\/litteraturbanken.se\/ljudochbild\/wp-content\/uploads\/2022\/11\/hillarp_morgonenarkarlekensbarn_ekblad.mp3\",\"type\":\"audio\/mpeg\",\"title\":\"Morgonen \\u00e4r k\\u00e4rlekens barn\",\"caption\":\"\",\"description\":\"\\u201dMorgonen \\u00e4r k\\u00e4rlekens barn\\u201d fr\\u00e5n Rut Hillarp av Stina Ekblad l\\u00e4ser dikter. Sl\\u00e4ppt: 2022.\",\"meta\":{\"artist\":\"Stina Ekblad l\\u00e4ser Rut Hillarp\",\"album\":\"Rut Hillarp\",\"year\":\"2022\",\"length_formatted\":\"0:48\"},\"image\":{\"src\":\"https:\/\/litteraturbanken.se\/ljudochbild\/wp-content\/uploads\/2019\/09\/wide_gub_wide-mp3-image.png\",\"width\":580,\"height\":612},\"thumb\":{\"src\":\"https:\/\/litteraturbanken.se\/ljudochbild\/wp-content\/uploads\/2019\/09\/wide_gub_wide-mp3-image-150x150.png\",\"width\":150,\"height\":150}},{\"src\":\"https:\/\/litteraturbanken.se\/ljudochbild\/wp-content\/uploads\/2019\/09\/hillarp_sang_pleijel.mp3\",\"type\":\"audio\/mpeg\",\"title\":\"S\\u00e5ng\",\"caption\":\"\",\"description\":\"\\\"S\\u00e5ng\\\" fr\\u00e5n S\\u00e5ng av Hillarp, Rut.\",\"meta\":{\"artist\":\"Agneta Pleijel l\\u00e4ser Rut Hillarp\",\"album\":\"Rut Hillarp\",\"length_formatted\":\"1:00\"},\"image\":{\"src\":\"https:\/\/litteraturbanken.se\/ljudochbild\/wp-content\/plugins\/media-library-assistant\/images\/crystal\/audio.png\",\"width\":48,\"height\":64},\"thumb\":{\"src\":\"https:\/\/litteraturbanken.se\/ljudochbild\/wp-content\/plugins\/media-library-assistant\/images\/crystal\/audio.png\",\"width\":48,\"height\":64}},{\"src\":\"https:\/\/litteraturbanken.se\/ljudochbild\/wp-content\/uploads\/2022\/11\/hillarp_utanfor_ekblad.mp3\",\"type\":\"audio\/mpeg\",\"title\":\"Utanf\\u00f6r\",\"caption\":\"\",\"description\":\"\\u201dUtanf\\u00f6r\\u201d fr\\u00e5n Rut Hillarp av Stina Ekblad l\\u00e4ser dikter. Sl\\u00e4ppt: 2022.\",\"meta\":{\"artist\":\"Stina Ekblad l\\u00e4ser Rut Hillarp\",\"album\":\"Rut Hillarp\",\"year\":\"2022\",\"length_formatted\":\"2:17\"},\"image\":{\"src\":\"https:\/\/litteraturbanken.se\/ljudochbild\/wp-content\/uploads\/2019\/09\/wide_gub_wide-mp3-image.png\",\"width\":580,\"height\":612},\"thumb\":{\"src\":\"https:\/\/litteraturbanken.se\/ljudochbild\/wp-content\/uploads\/2019\/09\/wide_gub_wide-mp3-image-150x150.png\",\"width\":150,\"height\":150}}]}<\/script>\n<\/div>\n\t\n\n\n\n<hr>\n\n\n\n<p><em>Fotografiet, taget av en ok\u00e4nd fotograf, har vi l\u00e5nat fr\u00e5n Stockholms stadsbibliotek.<\/em><\/p>\n\n\n<h3 class=\"wp-block-heading author-related-title\">L\u00e4s mer<\/h3>\r\n<div class=\"display-posts-listing grid\"><div class=\"listing-item\"><a class=\"image\" href=\"https:\/\/litteraturbanken.se\/ljudochbild\/2024\/10\/24\/min-hand-ar-langtan\/\"><img loading=\"lazy\" decoding=\"async\" width=\"640\" height=\"832\" src=\"https:\/\/litteraturbanken.se\/ljudochbild\/wp-content\/uploads\/2024\/10\/omslag-788x1024.jpg\" class=\"attachment-large size-large wp-post-image\" alt=\"Min hand \u00e4r l\u00e4ngtan\" srcset=\"https:\/\/litteraturbanken.se\/ljudochbild\/wp-content\/uploads\/2024\/10\/omslag-788x1024.jpg 788w, https:\/\/litteraturbanken.se\/ljudochbild\/wp-content\/uploads\/2024\/10\/omslag-231x300.jpg 231w, https:\/\/litteraturbanken.se\/ljudochbild\/wp-content\/uploads\/2024\/10\/omslag-768x998.jpg 768w, https:\/\/litteraturbanken.se\/ljudochbild\/wp-content\/uploads\/2024\/10\/omslag-480x624.jpg 480w, https:\/\/litteraturbanken.se\/ljudochbild\/wp-content\/uploads\/2024\/10\/omslag.jpg 1154w\" sizes=\"auto, (max-width: 640px) 100vw, 640px\" \/><\/a> <a class=\"title\" href=\"https:\/\/litteraturbanken.se\/ljudochbild\/2024\/10\/24\/min-hand-ar-langtan\/\">Min hand \u00e4r l\u00e4ngtan<\/a><\/div><div class=\"listing-item\"><a class=\"image\" href=\"https:\/\/litteraturbanken.se\/ljudochbild\/2020\/08\/21\/ett-hjarta-i-rymden\/\"><img loading=\"lazy\" decoding=\"async\" width=\"640\" height=\"510\" src=\"https:\/\/litteraturbanken.se\/ljudochbild\/wp-content\/uploads\/2020\/08\/start_bkg_aug2020-1024x816.jpg\" class=\"attachment-large size-large wp-post-image\" alt=\"\" srcset=\"https:\/\/litteraturbanken.se\/ljudochbild\/wp-content\/uploads\/2020\/08\/start_bkg_aug2020-1024x816.jpg 1024w, https:\/\/litteraturbanken.se\/ljudochbild\/wp-content\/uploads\/2020\/08\/start_bkg_aug2020-300x239.jpg 300w, https:\/\/litteraturbanken.se\/ljudochbild\/wp-content\/uploads\/2020\/08\/start_bkg_aug2020-768x612.jpg 768w, https:\/\/litteraturbanken.se\/ljudochbild\/wp-content\/uploads\/2020\/08\/start_bkg_aug2020-1536x1223.jpg 1536w, https:\/\/litteraturbanken.se\/ljudochbild\/wp-content\/uploads\/2020\/08\/start_bkg_aug2020-480x382.jpg 480w, https:\/\/litteraturbanken.se\/ljudochbild\/wp-content\/uploads\/2020\/08\/start_bkg_aug2020.jpg 2000w\" sizes=\"auto, (max-width: 640px) 100vw, 640px\" \/><\/a> <a class=\"title\" href=\"https:\/\/litteraturbanken.se\/ljudochbild\/2020\/08\/21\/ett-hjarta-i-rymden\/\">Ett hj\u00e4rta i rymden<\/a><\/div><div class=\"listing-item\"><a class=\"image\" href=\"https:\/\/litteraturbanken.se\/ljudochbild\/2021\/05\/12\/aurell-i-nattovning\/\"><img loading=\"lazy\" decoding=\"async\" width=\"640\" height=\"881\" src=\"https:\/\/litteraturbanken.se\/ljudochbild\/wp-content\/uploads\/2021\/05\/aurell_brorlindh-744x1024.jpg\" class=\"attachment-large size-large wp-post-image\" alt=\"Oljem\u00e5lning av Bror Lindh\" srcset=\"https:\/\/litteraturbanken.se\/ljudochbild\/wp-content\/uploads\/2021\/05\/aurell_brorlindh-744x1024.jpg 744w, https:\/\/litteraturbanken.se\/ljudochbild\/wp-content\/uploads\/2021\/05\/aurell_brorlindh-218x300.jpg 218w, https:\/\/litteraturbanken.se\/ljudochbild\/wp-content\/uploads\/2021\/05\/aurell_brorlindh-768x1058.jpg 768w, https:\/\/litteraturbanken.se\/ljudochbild\/wp-content\/uploads\/2021\/05\/aurell_brorlindh-480x661.jpg 480w, https:\/\/litteraturbanken.se\/ljudochbild\/wp-content\/uploads\/2021\/05\/aurell_brorlindh.jpg 1000w\" sizes=\"auto, (max-width: 640px) 100vw, 640px\" \/><\/a> <a class=\"title\" href=\"https:\/\/litteraturbanken.se\/ljudochbild\/2021\/05\/12\/aurell-i-nattovning\/\">Aurell i Natt\u00f6vning<\/a><\/div><\/div>\r\n\r\n\n","protected":false},"excerpt":{"rendered":"<p>\u201dRUT HILLARP (1914\u20132003) skrev k\u00e4rlekslyrik, i sin tid erotiskt frispr\u00e5kig, och med sensualismen som understr\u00f6m genom dikter om frihet och frig\u00f6relse. Hon var inspirerad av samtida fransk poesi, tillbringade mycket tid i Paris och till\u00e4gnade sig ocks\u00e5 surrealismens [&hellip;]<\/p>\n","protected":false},"author":1,"featured_media":7996,"parent":7,"menu_order":0,"comment_status":"closed","ping_status":"closed","template":"","meta":{"footnotes":""},"class_list":["post-653","page","type-page","status-publish","has-post-thumbnail","hentry"],"yoast_head":"<!-- This site is optimized with the Yoast SEO plugin v27.1.1 - https:\/\/yoast.com\/product\/yoast-seo-wordpress\/ -->\n<title>Rut Hillarp (1914\u20132003) - Ljud &amp; Bild<\/title>\n<meta name=\"robots\" content=\"index, follow, max-snippet:-1, max-image-preview:large, max-video-preview:-1\" \/>\n<link rel=\"canonical\" href=\"https:\/\/litteraturbanken.se\/ljudochbild\/forfattare\/hillarpr\/\" \/>\n<meta property=\"og:locale\" content=\"sv_SE\" \/>\n<meta property=\"og:type\" content=\"article\" \/>\n<meta property=\"og:title\" content=\"Rut Hillarp (1914\u20132003) - Ljud &amp; Bild\" \/>\n<meta property=\"og:description\" content=\"\u201dRUT HILLARP (1914\u20132003) skrev k\u00e4rlekslyrik, i sin tid erotiskt frispr\u00e5kig, och med sensualismen som understr\u00f6m genom dikter om frihet och frig\u00f6relse. Hon var inspirerad av samtida fransk poesi, tillbringade mycket tid i Paris och till\u00e4gnade sig ocks\u00e5 surrealismens [&hellip;]\" \/>\n<meta property=\"og:url\" content=\"https:\/\/litteraturbanken.se\/ljudochbild\/forfattare\/hillarpr\/\" \/>\n<meta property=\"og:site_name\" content=\"Ljud &amp; Bild\" \/>\n<meta property=\"article:publisher\" content=\"https:\/\/www.facebook.com\/Litteraturbanken.se\" \/>\n<meta property=\"article:modified_time\" content=\"2024-09-17T07:14:18+00:00\" \/>\n<meta property=\"og:image\" content=\"https:\/\/litteraturbanken.se\/ljudochbild\/wp-content\/uploads\/2022\/11\/ruthillarp.jpg\" \/>\n\t<meta property=\"og:image:width\" content=\"1200\" \/>\n\t<meta property=\"og:image:height\" content=\"1657\" \/>\n\t<meta property=\"og:image:type\" content=\"image\/jpeg\" \/>\n<meta name=\"twitter:card\" content=\"summary_large_image\" \/>\n<meta name=\"twitter:site\" content=\"@litteraturbank\" \/>\n<meta name=\"twitter:label1\" content=\"Ber\u00e4knad l\u00e4stid\" \/>\n\t<meta name=\"twitter:data1\" content=\"2 minuter\" \/>\n<script type=\"application\/ld+json\" class=\"yoast-schema-graph\">{\"@context\":\"https:\/\/schema.org\",\"@graph\":[{\"@type\":\"WebPage\",\"@id\":\"https:\/\/litteraturbanken.se\/ljudochbild\/forfattare\/hillarpr\/\",\"url\":\"https:\/\/litteraturbanken.se\/ljudochbild\/forfattare\/hillarpr\/\",\"name\":\"Rut Hillarp (1914\u20132003) - Ljud &amp; Bild\",\"isPartOf\":{\"@id\":\"https:\/\/litteraturbanken.se\/ljudochbild\/#website\"},\"primaryImageOfPage\":{\"@id\":\"https:\/\/litteraturbanken.se\/ljudochbild\/forfattare\/hillarpr\/#primaryimage\"},\"image\":{\"@id\":\"https:\/\/litteraturbanken.se\/ljudochbild\/forfattare\/hillarpr\/#primaryimage\"},\"thumbnailUrl\":\"https:\/\/litteraturbanken.se\/ljudochbild\/wp-content\/uploads\/2022\/11\/ruthillarp.jpg\",\"datePublished\":\"2019-08-13T12:25:23+00:00\",\"dateModified\":\"2024-09-17T07:14:18+00:00\",\"breadcrumb\":{\"@id\":\"https:\/\/litteraturbanken.se\/ljudochbild\/forfattare\/hillarpr\/#breadcrumb\"},\"inLanguage\":\"sv-SE\",\"potentialAction\":[{\"@type\":\"ReadAction\",\"target\":[\"https:\/\/litteraturbanken.se\/ljudochbild\/forfattare\/hillarpr\/\"]}]},{\"@type\":\"ImageObject\",\"inLanguage\":\"sv-SE\",\"@id\":\"https:\/\/litteraturbanken.se\/ljudochbild\/forfattare\/hillarpr\/#primaryimage\",\"url\":\"https:\/\/litteraturbanken.se\/ljudochbild\/wp-content\/uploads\/2022\/11\/ruthillarp.jpg\",\"contentUrl\":\"https:\/\/litteraturbanken.se\/ljudochbild\/wp-content\/uploads\/2022\/11\/ruthillarp.jpg\",\"width\":1200,\"height\":1657,\"caption\":\"Rut Hillarp\"},{\"@type\":\"BreadcrumbList\",\"@id\":\"https:\/\/litteraturbanken.se\/ljudochbild\/forfattare\/hillarpr\/#breadcrumb\",\"itemListElement\":[{\"@type\":\"ListItem\",\"position\":1,\"name\":\"Hem\",\"item\":\"https:\/\/litteraturbanken.se\/ljudochbild\/\"},{\"@type\":\"ListItem\",\"position\":2,\"name\":\"F\u00f6rfattare\",\"item\":\"https:\/\/litteraturbanken.se\/ljudochbild\/forfattare\/\"},{\"@type\":\"ListItem\",\"position\":3,\"name\":\"Rut Hillarp (1914\u20132003)\"}]},{\"@type\":\"WebSite\",\"@id\":\"https:\/\/litteraturbanken.se\/ljudochbild\/#website\",\"url\":\"https:\/\/litteraturbanken.se\/ljudochbild\/\",\"name\":\"Ljud & Bild\",\"description\":\"Ur Litteraturbankens samlingar\",\"potentialAction\":[{\"@type\":\"SearchAction\",\"target\":{\"@type\":\"EntryPoint\",\"urlTemplate\":\"https:\/\/litteraturbanken.se\/ljudochbild\/?s={search_term_string}\"},\"query-input\":{\"@type\":\"PropertyValueSpecification\",\"valueRequired\":true,\"valueName\":\"search_term_string\"}}],\"inLanguage\":\"sv-SE\"}]}<\/script>\n<!-- \/ Yoast SEO plugin. -->","yoast_head_json":{"title":"Rut Hillarp (1914\u20132003) - Ljud &amp; Bild","robots":{"index":"index","follow":"follow","max-snippet":"max-snippet:-1","max-image-preview":"max-image-preview:large","max-video-preview":"max-video-preview:-1"},"canonical":"https:\/\/litteraturbanken.se\/ljudochbild\/forfattare\/hillarpr\/","og_locale":"sv_SE","og_type":"article","og_title":"Rut Hillarp (1914\u20132003) - Ljud &amp; Bild","og_description":"\u201dRUT HILLARP (1914\u20132003) skrev k\u00e4rlekslyrik, i sin tid erotiskt frispr\u00e5kig, och med sensualismen som understr\u00f6m genom dikter om frihet och frig\u00f6relse. Hon var inspirerad av samtida fransk poesi, tillbringade mycket tid i Paris och till\u00e4gnade sig ocks\u00e5 surrealismens [&hellip;]","og_url":"https:\/\/litteraturbanken.se\/ljudochbild\/forfattare\/hillarpr\/","og_site_name":"Ljud &amp; Bild","article_publisher":"https:\/\/www.facebook.com\/Litteraturbanken.se","article_modified_time":"2024-09-17T07:14:18+00:00","og_image":[{"width":1200,"height":1657,"url":"https:\/\/litteraturbanken.se\/ljudochbild\/wp-content\/uploads\/2022\/11\/ruthillarp.jpg","type":"image\/jpeg"}],"twitter_card":"summary_large_image","twitter_site":"@litteraturbank","twitter_misc":{"Ber\u00e4knad l\u00e4stid":"2 minuter"},"schema":{"@context":"https:\/\/schema.org","@graph":[{"@type":"WebPage","@id":"https:\/\/litteraturbanken.se\/ljudochbild\/forfattare\/hillarpr\/","url":"https:\/\/litteraturbanken.se\/ljudochbild\/forfattare\/hillarpr\/","name":"Rut Hillarp (1914\u20132003) - Ljud &amp; Bild","isPartOf":{"@id":"https:\/\/litteraturbanken.se\/ljudochbild\/#website"},"primaryImageOfPage":{"@id":"https:\/\/litteraturbanken.se\/ljudochbild\/forfattare\/hillarpr\/#primaryimage"},"image":{"@id":"https:\/\/litteraturbanken.se\/ljudochbild\/forfattare\/hillarpr\/#primaryimage"},"thumbnailUrl":"https:\/\/litteraturbanken.se\/ljudochbild\/wp-content\/uploads\/2022\/11\/ruthillarp.jpg","datePublished":"2019-08-13T12:25:23+00:00","dateModified":"2024-09-17T07:14:18+00:00","breadcrumb":{"@id":"https:\/\/litteraturbanken.se\/ljudochbild\/forfattare\/hillarpr\/#breadcrumb"},"inLanguage":"sv-SE","potentialAction":[{"@type":"ReadAction","target":["https:\/\/litteraturbanken.se\/ljudochbild\/forfattare\/hillarpr\/"]}]},{"@type":"ImageObject","inLanguage":"sv-SE","@id":"https:\/\/litteraturbanken.se\/ljudochbild\/forfattare\/hillarpr\/#primaryimage","url":"https:\/\/litteraturbanken.se\/ljudochbild\/wp-content\/uploads\/2022\/11\/ruthillarp.jpg","contentUrl":"https:\/\/litteraturbanken.se\/ljudochbild\/wp-content\/uploads\/2022\/11\/ruthillarp.jpg","width":1200,"height":1657,"caption":"Rut Hillarp"},{"@type":"BreadcrumbList","@id":"https:\/\/litteraturbanken.se\/ljudochbild\/forfattare\/hillarpr\/#breadcrumb","itemListElement":[{"@type":"ListItem","position":1,"name":"Hem","item":"https:\/\/litteraturbanken.se\/ljudochbild\/"},{"@type":"ListItem","position":2,"name":"F\u00f6rfattare","item":"https:\/\/litteraturbanken.se\/ljudochbild\/forfattare\/"},{"@type":"ListItem","position":3,"name":"Rut Hillarp (1914\u20132003)"}]},{"@type":"WebSite","@id":"https:\/\/litteraturbanken.se\/ljudochbild\/#website","url":"https:\/\/litteraturbanken.se\/ljudochbild\/","name":"Ljud & Bild","description":"Ur Litteraturbankens samlingar","potentialAction":[{"@type":"SearchAction","target":{"@type":"EntryPoint","urlTemplate":"https:\/\/litteraturbanken.se\/ljudochbild\/?s={search_term_string}"},"query-input":{"@type":"PropertyValueSpecification","valueRequired":true,"valueName":"search_term_string"}}],"inLanguage":"sv-SE"}]}},"_links":{"self":[{"href":"https:\/\/litteraturbanken.se\/ljudochbild\/wp-json\/wp\/v2\/pages\/653","targetHints":{"allow":["GET"]}}],"collection":[{"href":"https:\/\/litteraturbanken.se\/ljudochbild\/wp-json\/wp\/v2\/pages"}],"about":[{"href":"https:\/\/litteraturbanken.se\/ljudochbild\/wp-json\/wp\/v2\/types\/page"}],"author":[{"embeddable":true,"href":"https:\/\/litteraturbanken.se\/ljudochbild\/wp-json\/wp\/v2\/users\/1"}],"replies":[{"embeddable":true,"href":"https:\/\/litteraturbanken.se\/ljudochbild\/wp-json\/wp\/v2\/comments?post=653"}],"version-history":[{"count":8,"href":"https:\/\/litteraturbanken.se\/ljudochbild\/wp-json\/wp\/v2\/pages\/653\/revisions"}],"predecessor-version":[{"id":12114,"href":"https:\/\/litteraturbanken.se\/ljudochbild\/wp-json\/wp\/v2\/pages\/653\/revisions\/12114"}],"up":[{"embeddable":true,"href":"https:\/\/litteraturbanken.se\/ljudochbild\/wp-json\/wp\/v2\/pages\/7"}],"wp:featuredmedia":[{"embeddable":true,"href":"https:\/\/litteraturbanken.se\/ljudochbild\/wp-json\/wp\/v2\/media\/7996"}],"wp:attachment":[{"href":"https:\/\/litteraturbanken.se\/ljudochbild\/wp-json\/wp\/v2\/media?parent=653"}],"curies":[{"name":"wp","href":"https:\/\/api.w.org\/{rel}","templated":true}]}}