{"id":655,"date":"2019-08-13T15:51:42","date_gmt":"2019-08-13T13:51:42","guid":{"rendered":"http:\/\/ordfabriken.org\/ljud\/?page_id=655"},"modified":"2024-09-17T09:25:13","modified_gmt":"2024-09-17T07:25:13","slug":"holmstromi","status":"publish","type":"page","link":"https:\/\/litteraturbanken.se\/ljudochbild\/forfattare\/holmstromi\/","title":{"rendered":"Israel Holmstr\u00f6m (1661\u20131708)"},"content":{"rendered":"\n<p>\u201dISRAEL HOLMSTR\u00d6M (1661\u20131708) gjorde sig f\u00f6rst k\u00e4nd genom ett sorgetal \u00f6ver Ulrika Eleonora (1693). Fyra \u00e5r senare h\u00f6ll han \u00e4nnu en parentation, vid Karl XI:s d\u00f6d, samt en \u201dsolenn oration\u201d vid Karl XII:s kr\u00f6ning. Som f\u00f6rfattare av gravdikter var Holmstr\u00f6m en m\u00e4stare, men han skrev \u00e4ven uppsluppna s\u00e4llskapsdikter, burleskerier och elegisk k\u00e4rlekspoesi. Snart sagt ingen av tidens genrer var honom fr\u00e4mmande. Han var en av de f\u00f6rsta att efterbilda La Fontaines fabler p\u00e5 svenska, och han skrev \u00e4ven g\u00e5tor, parodier och lustiga epigram; mest k\u00e4nt bland de senare torde vara det om Karl XII:s hund Pompe.\u201d<\/p>\n\n\n\n<p>Stycket ovanf\u00f6r kommer ur Lotta Lotass introduktion av Israel Holmstr\u00f6m hos Litteraturbanken.<\/p>\n\n\n\n<div class=\"wp-block-buttons is-layout-flex wp-block-buttons-is-layout-flex\">\n<div class=\"wp-block-button has-custom-font-size read-more-button\" style=\"font-size:14px\"><a class=\"wp-block-button__link has-white-color has-text-color has-background wp-element-button\" href=\"https:\/\/litteraturbanken.se\/f%C3%B6rfattare\/Holmstr%C3%B6mI\" style=\"border-radius:0px;background-color:#cd2400\" target=\"_blank\" rel=\"noopener\"><strong>L\u00c4S MER OM ISRAEL HOLMSTR\u00d6M<\/strong><\/a><\/div>\n\n\n\n<div class=\"wp-block-button has-custom-font-size read-more-button\" style=\"font-size:14px\"><a class=\"wp-block-button__link has-white-color has-text-color has-background wp-element-button\" href=\"https:\/\/litteraturbanken.se\/f%C3%B6rfattare\/Holmstr%C3%B6mI\/titlar\" style=\"border-radius:0px;background-color:#cd2400\" target=\"_blank\" rel=\"noopener\"><strong>L\u00c4S ISRAEL HOLMSTR\u00d6MS VERK HOS LB.SE<\/strong><\/a><\/div>\n<\/div>\n\n\n\n<div style=\"height:20px\" aria-hidden=\"true\" class=\"wp-block-spacer\"><\/div>\n\n\n\n<div class=\"wp-playlist wp-audio-playlist wp-playlist-light\">\n\t\t\t<div class=\"wp-playlist-current-item\"><\/div>\n\t\t<audio controls=\"controls\" preload=\"none\" width=\"618\"\n\t\t\t><\/audio>\n\t<div class=\"wp-playlist-next\"><\/div>\n\t<div class=\"wp-playlist-prev\"><\/div>\n\t<noscript>\n\t<ol>\n\t\t<li><a href='https:\/\/litteraturbanken.se\/ljudochbild\/wp-content\/uploads\/2019\/09\/holmstrom_ensuputhzforswar_bagge.mp3'>En suputhz f\u00f6rswar<\/a><\/li><li><a href='https:\/\/litteraturbanken.se\/ljudochbild\/wp-content\/uploads\/2019\/09\/holmstrom_klippingshandskarjagerlovar_bagge.mp3'>Klippings hanskar har iag l\u00e5fwa<\/a><\/li>\t<\/ol>\n\t<\/noscript>\n\t<script type=\"application\/json\" class=\"wp-playlist-script\">{\"type\":\"audio\",\"tracklist\":true,\"tracknumbers\":true,\"images\":true,\"artists\":true,\"tracks\":[{\"src\":\"https:\/\/litteraturbanken.se\/ljudochbild\/wp-content\/uploads\/2019\/09\/holmstrom_ensuputhzforswar_bagge.mp3\",\"type\":\"audio\/mpeg\",\"title\":\"En suputhz f\\u00f6rswar\",\"caption\":\"\",\"description\":\"\\\"En suputhz f\\u00f6rswar\\\" fr\\u00e5n Martin Bagges musikaliska vandring (del 2 av 5) av Martin Bagge. Sp\\u00e5r 10 av 10.\",\"meta\":{\"artist\":\"Martin Bagge framf\\u00f6r Israel Holmstr\\u00f6m\",\"album\":\"Israel Holmstr\\u00f6m\",\"length_formatted\":\"0:44\"},\"image\":{\"src\":\"https:\/\/litteraturbanken.se\/ljudochbild\/wp-content\/plugins\/media-library-assistant\/images\/crystal\/audio.png\",\"width\":48,\"height\":64},\"thumb\":{\"src\":\"https:\/\/litteraturbanken.se\/ljudochbild\/wp-content\/plugins\/media-library-assistant\/images\/crystal\/audio.png\",\"width\":48,\"height\":64}},{\"src\":\"https:\/\/litteraturbanken.se\/ljudochbild\/wp-content\/uploads\/2019\/09\/holmstrom_klippingshandskarjagerlovar_bagge.mp3\",\"type\":\"audio\/mpeg\",\"title\":\"Klippings hanskar har iag l\\u00e5fwa\",\"caption\":\"\",\"description\":\"\\\"Klippings hanskar har iag l\\u00e5fwa\\\" fr\\u00e5n Martin Bagges musikaliska vandring (del 1 av 5). Sl\\u00e4ppt: 2017. Sp\\u00e5r 4 av 6. Genre: Vocal.\",\"meta\":{\"artist\":\"Martin Bagge framf\\u00f6r Israel Holmstr\\u00f6m\",\"album\":\"Israel Holmstr\\u00f6m\",\"genre\":\"Vocal\",\"year\":\"2017\",\"length_formatted\":\"4:41\"},\"image\":{\"src\":\"https:\/\/litteraturbanken.se\/ljudochbild\/wp-content\/plugins\/media-library-assistant\/images\/crystal\/audio.png\",\"width\":48,\"height\":64},\"thumb\":{\"src\":\"https:\/\/litteraturbanken.se\/ljudochbild\/wp-content\/plugins\/media-library-assistant\/images\/crystal\/audio.png\",\"width\":48,\"height\":64}}]}<\/script>\n<\/div>\n\t\n","protected":false},"excerpt":{"rendered":"<p>\u201dISRAEL HOLMSTR\u00d6M (1661\u20131708) gjorde sig f\u00f6rst k\u00e4nd genom ett sorgetal \u00f6ver Ulrika Eleonora (1693). Fyra \u00e5r senare h\u00f6ll han \u00e4nnu en parentation, vid Karl XI:s d\u00f6d, samt en \u201dsolenn oration\u201d vid Karl XII:s kr\u00f6ning. Som f\u00f6rfattare av gravdikter [&hellip;]<\/p>\n","protected":false},"author":1,"featured_media":0,"parent":7,"menu_order":0,"comment_status":"closed","ping_status":"closed","template":"","meta":{"footnotes":""},"class_list":["post-655","page","type-page","status-publish","hentry"],"yoast_head":"<!-- This site is optimized with the Yoast SEO plugin v27.1.1 - https:\/\/yoast.com\/product\/yoast-seo-wordpress\/ -->\n<title>Israel Holmstr\u00f6m (1661\u20131708) - Ljud &amp; Bild<\/title>\n<meta name=\"robots\" content=\"index, follow, max-snippet:-1, max-image-preview:large, max-video-preview:-1\" \/>\n<link rel=\"canonical\" href=\"https:\/\/litteraturbanken.se\/ljudochbild\/forfattare\/holmstromi\/\" \/>\n<meta property=\"og:locale\" content=\"sv_SE\" \/>\n<meta property=\"og:type\" content=\"article\" \/>\n<meta property=\"og:title\" content=\"Israel Holmstr\u00f6m (1661\u20131708) - Ljud &amp; Bild\" \/>\n<meta property=\"og:description\" content=\"\u201dISRAEL HOLMSTR\u00d6M (1661\u20131708) gjorde sig f\u00f6rst k\u00e4nd genom ett sorgetal \u00f6ver Ulrika Eleonora (1693). Fyra \u00e5r senare h\u00f6ll han \u00e4nnu en parentation, vid Karl XI:s d\u00f6d, samt en \u201dsolenn oration\u201d vid Karl XII:s kr\u00f6ning. Som f\u00f6rfattare av gravdikter [&hellip;]\" \/>\n<meta property=\"og:url\" content=\"https:\/\/litteraturbanken.se\/ljudochbild\/forfattare\/holmstromi\/\" \/>\n<meta property=\"og:site_name\" content=\"Ljud &amp; Bild\" \/>\n<meta property=\"article:publisher\" content=\"https:\/\/www.facebook.com\/Litteraturbanken.se\" \/>\n<meta property=\"article:modified_time\" content=\"2024-09-17T07:25:13+00:00\" \/>\n<meta name=\"twitter:card\" content=\"summary_large_image\" \/>\n<meta name=\"twitter:site\" content=\"@litteraturbank\" \/>\n<meta name=\"twitter:label1\" content=\"Ber\u00e4knad l\u00e4stid\" \/>\n\t<meta name=\"twitter:data1\" content=\"1 minut\" \/>\n<script type=\"application\/ld+json\" class=\"yoast-schema-graph\">{\"@context\":\"https:\/\/schema.org\",\"@graph\":[{\"@type\":\"WebPage\",\"@id\":\"https:\/\/litteraturbanken.se\/ljudochbild\/forfattare\/holmstromi\/\",\"url\":\"https:\/\/litteraturbanken.se\/ljudochbild\/forfattare\/holmstromi\/\",\"name\":\"Israel Holmstr\u00f6m (1661\u20131708) - Ljud &amp; Bild\",\"isPartOf\":{\"@id\":\"https:\/\/litteraturbanken.se\/ljudochbild\/#website\"},\"datePublished\":\"2019-08-13T13:51:42+00:00\",\"dateModified\":\"2024-09-17T07:25:13+00:00\",\"breadcrumb\":{\"@id\":\"https:\/\/litteraturbanken.se\/ljudochbild\/forfattare\/holmstromi\/#breadcrumb\"},\"inLanguage\":\"sv-SE\",\"potentialAction\":[{\"@type\":\"ReadAction\",\"target\":[\"https:\/\/litteraturbanken.se\/ljudochbild\/forfattare\/holmstromi\/\"]}]},{\"@type\":\"BreadcrumbList\",\"@id\":\"https:\/\/litteraturbanken.se\/ljudochbild\/forfattare\/holmstromi\/#breadcrumb\",\"itemListElement\":[{\"@type\":\"ListItem\",\"position\":1,\"name\":\"Hem\",\"item\":\"https:\/\/litteraturbanken.se\/ljudochbild\/\"},{\"@type\":\"ListItem\",\"position\":2,\"name\":\"F\u00f6rfattare\",\"item\":\"https:\/\/litteraturbanken.se\/ljudochbild\/forfattare\/\"},{\"@type\":\"ListItem\",\"position\":3,\"name\":\"Israel Holmstr\u00f6m (1661\u20131708)\"}]},{\"@type\":\"WebSite\",\"@id\":\"https:\/\/litteraturbanken.se\/ljudochbild\/#website\",\"url\":\"https:\/\/litteraturbanken.se\/ljudochbild\/\",\"name\":\"Ljud & Bild\",\"description\":\"Ur Litteraturbankens samlingar\",\"potentialAction\":[{\"@type\":\"SearchAction\",\"target\":{\"@type\":\"EntryPoint\",\"urlTemplate\":\"https:\/\/litteraturbanken.se\/ljudochbild\/?s={search_term_string}\"},\"query-input\":{\"@type\":\"PropertyValueSpecification\",\"valueRequired\":true,\"valueName\":\"search_term_string\"}}],\"inLanguage\":\"sv-SE\"}]}<\/script>\n<!-- \/ Yoast SEO plugin. -->","yoast_head_json":{"title":"Israel Holmstr\u00f6m (1661\u20131708) - Ljud &amp; Bild","robots":{"index":"index","follow":"follow","max-snippet":"max-snippet:-1","max-image-preview":"max-image-preview:large","max-video-preview":"max-video-preview:-1"},"canonical":"https:\/\/litteraturbanken.se\/ljudochbild\/forfattare\/holmstromi\/","og_locale":"sv_SE","og_type":"article","og_title":"Israel Holmstr\u00f6m (1661\u20131708) - Ljud &amp; Bild","og_description":"\u201dISRAEL HOLMSTR\u00d6M (1661\u20131708) gjorde sig f\u00f6rst k\u00e4nd genom ett sorgetal \u00f6ver Ulrika Eleonora (1693). Fyra \u00e5r senare h\u00f6ll han \u00e4nnu en parentation, vid Karl XI:s d\u00f6d, samt en \u201dsolenn oration\u201d vid Karl XII:s kr\u00f6ning. Som f\u00f6rfattare av gravdikter [&hellip;]","og_url":"https:\/\/litteraturbanken.se\/ljudochbild\/forfattare\/holmstromi\/","og_site_name":"Ljud &amp; Bild","article_publisher":"https:\/\/www.facebook.com\/Litteraturbanken.se","article_modified_time":"2024-09-17T07:25:13+00:00","twitter_card":"summary_large_image","twitter_site":"@litteraturbank","twitter_misc":{"Ber\u00e4knad l\u00e4stid":"1 minut"},"schema":{"@context":"https:\/\/schema.org","@graph":[{"@type":"WebPage","@id":"https:\/\/litteraturbanken.se\/ljudochbild\/forfattare\/holmstromi\/","url":"https:\/\/litteraturbanken.se\/ljudochbild\/forfattare\/holmstromi\/","name":"Israel Holmstr\u00f6m (1661\u20131708) - Ljud &amp; Bild","isPartOf":{"@id":"https:\/\/litteraturbanken.se\/ljudochbild\/#website"},"datePublished":"2019-08-13T13:51:42+00:00","dateModified":"2024-09-17T07:25:13+00:00","breadcrumb":{"@id":"https:\/\/litteraturbanken.se\/ljudochbild\/forfattare\/holmstromi\/#breadcrumb"},"inLanguage":"sv-SE","potentialAction":[{"@type":"ReadAction","target":["https:\/\/litteraturbanken.se\/ljudochbild\/forfattare\/holmstromi\/"]}]},{"@type":"BreadcrumbList","@id":"https:\/\/litteraturbanken.se\/ljudochbild\/forfattare\/holmstromi\/#breadcrumb","itemListElement":[{"@type":"ListItem","position":1,"name":"Hem","item":"https:\/\/litteraturbanken.se\/ljudochbild\/"},{"@type":"ListItem","position":2,"name":"F\u00f6rfattare","item":"https:\/\/litteraturbanken.se\/ljudochbild\/forfattare\/"},{"@type":"ListItem","position":3,"name":"Israel Holmstr\u00f6m (1661\u20131708)"}]},{"@type":"WebSite","@id":"https:\/\/litteraturbanken.se\/ljudochbild\/#website","url":"https:\/\/litteraturbanken.se\/ljudochbild\/","name":"Ljud & Bild","description":"Ur Litteraturbankens samlingar","potentialAction":[{"@type":"SearchAction","target":{"@type":"EntryPoint","urlTemplate":"https:\/\/litteraturbanken.se\/ljudochbild\/?s={search_term_string}"},"query-input":{"@type":"PropertyValueSpecification","valueRequired":true,"valueName":"search_term_string"}}],"inLanguage":"sv-SE"}]}},"_links":{"self":[{"href":"https:\/\/litteraturbanken.se\/ljudochbild\/wp-json\/wp\/v2\/pages\/655","targetHints":{"allow":["GET"]}}],"collection":[{"href":"https:\/\/litteraturbanken.se\/ljudochbild\/wp-json\/wp\/v2\/pages"}],"about":[{"href":"https:\/\/litteraturbanken.se\/ljudochbild\/wp-json\/wp\/v2\/types\/page"}],"author":[{"embeddable":true,"href":"https:\/\/litteraturbanken.se\/ljudochbild\/wp-json\/wp\/v2\/users\/1"}],"replies":[{"embeddable":true,"href":"https:\/\/litteraturbanken.se\/ljudochbild\/wp-json\/wp\/v2\/comments?post=655"}],"version-history":[{"count":4,"href":"https:\/\/litteraturbanken.se\/ljudochbild\/wp-json\/wp\/v2\/pages\/655\/revisions"}],"predecessor-version":[{"id":12118,"href":"https:\/\/litteraturbanken.se\/ljudochbild\/wp-json\/wp\/v2\/pages\/655\/revisions\/12118"}],"up":[{"embeddable":true,"href":"https:\/\/litteraturbanken.se\/ljudochbild\/wp-json\/wp\/v2\/pages\/7"}],"wp:attachment":[{"href":"https:\/\/litteraturbanken.se\/ljudochbild\/wp-json\/wp\/v2\/media?parent=655"}],"curies":[{"name":"wp","href":"https:\/\/api.w.org\/{rel}","templated":true}]}}