{"id":659,"date":"2019-08-13T15:53:29","date_gmt":"2019-08-13T13:53:29","guid":{"rendered":"http:\/\/ordfabriken.org\/ljud\/?page_id=659"},"modified":"2024-09-17T09:43:33","modified_gmt":"2024-09-17T07:43:33","slug":"kellgrenjh","status":"publish","type":"page","link":"https:\/\/litteraturbanken.se\/ljudochbild\/forfattare\/kellgrenjh\/","title":{"rendered":"Johan Henrik Kellgren (1751\u20131795)"},"content":{"rendered":"<div class=\"wp-block-image\">\n<figure class=\"alignright\"><img loading=\"lazy\" decoding=\"async\" width=\"222\" height=\"300\" src=\"https:\/\/litteraturbanken.se\/ljudochbild\/wp-content\/uploads\/2019\/09\/KellgrenJH_large-222x300.jpeg\" alt=\"\" class=\"wp-image-937\" srcset=\"https:\/\/litteraturbanken.se\/ljudochbild\/wp-content\/uploads\/2019\/09\/KellgrenJH_large-222x300.jpeg 222w, https:\/\/litteraturbanken.se\/ljudochbild\/wp-content\/uploads\/2019\/09\/KellgrenJH_large.jpeg 407w\" sizes=\"auto, (max-width: 222px) 100vw, 222px\" \/><\/figure>\n<\/div>\n\n\n<p>\u201dJOHAN HENRIC KELLGREN (1751\u201395) l\u00e4mnade vid ny\u00e5ret 1777 \u00c5bo akademi d\u00e4r han studerat och arbetat sedan 1768. Han tilltr\u00e4dde en tj\u00e4nst som informator i Stockholm och blev, inom loppet av ett par \u00e5r, den ledande gestalten i stadens litter\u00e4ra liv. Sitt publika genombrott fick han 1778 d\u00e5 hans dikter \u201dSinnenas f\u00f6rening\u201d och \u201dMina l\u00f6jen\u201d publicerades i\u00a0<a href=\"https:\/\/litteraturbanken.se\/forfattare\/GjorwellCC\">Gj\u00f6rwells<\/a>\u00a0tidskrift\u00a0<em>Samlaren<\/em>\u00a0respektive g\u00f6teborgstidskriften\u00a0<em>Hwad Nytt? Hwad Nytt?<\/em>. Tillsammans med v\u00e4nnen Carl Peter Lenngren startade Kellgren samma \u00e5r tidningen\u00a0<em>Stockholms-Posten<\/em>\u00a0och var fr\u00e5n f\u00f6rsta stund dess ledande kritiker. Han var ocks\u00e5, fr\u00e5n 1780, vitter direkt\u00f6r f\u00f6r s\u00e4llskapet Utile Dulci och redigerade den fj\u00e4rde volymen av dess antologi\u00a0<em>Vitterhets-N\u00f6jen<\/em>. Han etablerade d\u00e4rtill ett n\u00e4ra samarbete med Gustaf III \u2013 det mest ber\u00f6mda av deras gemensamma alster \u00e4r dramat\u00a0<em>Gustaf Wasa<\/em>\u2013 och kunde d\u00e4rigenom l\u00e4mna sin tj\u00e4nst som informator f\u00f6r att helt \u00e4gna sig \u00e5t litteratur. N\u00e4r\u00a0<a href=\"https:\/\/litteraturbanken.se\/presentationer\/specialomraden\/SvenskaAkademien.html\">Svenska Akademien<\/a>stiftades 1786 var Kellgren en av de tretton ledam\u00f6ter som kungen sj\u00e4lv uts\u00e5g. Kellgrens stora f\u00f6rebilder var Pope och Voltaire; liksom dem framh\u00f6ll han den klara tanken och det klara uttrycket.\u201d<\/p>\n\n\n\n<p>Stycket ovanf\u00f6r kommer ur Lotta Lotass introduktion av Johan Henrik Kellgren hos Litteraturbanken.<\/p>\n\n\n\n<div class=\"wp-block-buttons is-layout-flex wp-block-buttons-is-layout-flex\">\n<div class=\"wp-block-button has-custom-font-size read-more-button\" style=\"font-size:14px\"><a class=\"wp-block-button__link has-white-color has-text-color has-background wp-element-button\" href=\"https:\/\/litteraturbanken.se\/f%C3%B6rfattare\/KellgrenJH\" style=\"border-radius:0px;background-color:#cd2400\" target=\"_blank\" rel=\"noopener\"><strong>L\u00c4S MER OM JOHAN HENRIC KELLGREN<\/strong><\/a><\/div>\n\n\n\n<div class=\"wp-block-button has-custom-font-size read-more-button\" style=\"font-size:14px\"><a class=\"wp-block-button__link has-white-color has-text-color has-background wp-element-button\" href=\"https:\/\/litteraturbanken.se\/f%C3%B6rfattare\/KellgrenJH\/titlar\" style=\"border-radius:0px;background-color:#cd2400\" target=\"_blank\" rel=\"noopener\"><strong>L\u00c4S JOHAN HENRIC KELLGRENS VERK HOS LB.SE<\/strong><\/a><\/div>\n<\/div>\n\n\n\n<div style=\"height:20px\" aria-hidden=\"true\" class=\"wp-block-spacer\"><\/div>\n\n\n\n<div class=\"wp-playlist wp-audio-playlist wp-playlist-light\">\n\t\t\t<div class=\"wp-playlist-current-item\"><\/div>\n\t\t<audio controls=\"controls\" preload=\"none\" width=\"618\"\n\t\t\t><\/audio>\n\t<div class=\"wp-playlist-next\"><\/div>\n\t<div class=\"wp-playlist-prev\"><\/div>\n\t<noscript>\n\t<ol>\n\t\t<li><a href='https:\/\/litteraturbanken.se\/ljudochbild\/wp-content\/uploads\/2019\/09\/kellgren_dennyaskapelsen_engdahl.mp3'>Den nya skapelsen<\/a><\/li><li><a href='https:\/\/litteraturbanken.se\/ljudochbild\/wp-content\/uploads\/2024\/09\/kellgren_jagalskarochjaghatardig_rabaeus.mp3'>Jag \u00e4lskar och jag hatar dig<\/a><\/li>\t<\/ol>\n\t<\/noscript>\n\t<script type=\"application\/json\" class=\"wp-playlist-script\">{\"type\":\"audio\",\"tracklist\":true,\"tracknumbers\":true,\"images\":true,\"artists\":true,\"tracks\":[{\"src\":\"https:\/\/litteraturbanken.se\/ljudochbild\/wp-content\/uploads\/2019\/09\/kellgren_dennyaskapelsen_engdahl.mp3\",\"type\":\"audio\/mpeg\",\"title\":\"Den nya skapelsen\",\"caption\":\"\",\"description\":\"\\\"Den nya skapelsen\\\" fr\\u00e5n Den nya skapelsen av Kellgren, Johan Henric.\",\"meta\":{\"artist\":\"Horace Engdahl l\\u00e4ser Johan Henric Kellgren\",\"album\":\"Johan Henric Kellgren\",\"length_formatted\":\"4:48\"},\"image\":{\"src\":\"https:\/\/litteraturbanken.se\/ljudochbild\/wp-content\/uploads\/2019\/09\/lb_albumart-2.png\",\"width\":580,\"height\":612},\"thumb\":{\"src\":\"https:\/\/litteraturbanken.se\/ljudochbild\/wp-content\/uploads\/2019\/09\/lb_albumart-2-150x150.png\",\"width\":150,\"height\":150}},{\"src\":\"https:\/\/litteraturbanken.se\/ljudochbild\/wp-content\/uploads\/2024\/09\/kellgren_jagalskarochjaghatardig_rabaeus.mp3\",\"type\":\"audio\/mpeg\",\"title\":\"Jag \\u00e4lskar och jag hatar dig\",\"caption\":\"\",\"description\":\"\\u201dJag \\u00e4lskar och jag hatar dig\\u201d fr\\u00e5n Johan Henric Kellgren l\\u00e4st av Johan Rabaeus av Dikt 1593\\u20131939. Svensk och finlandssvensk lyrik i uppl\\u00e4sning av svenska och finlandssvenska sk\\u00e5despelare.\",\"meta\":{\"artist\":\"Johan Rabaeus l\\u00e4ser Johan Henric Kellgren. Dikt 1593\\u20131939\",\"album\":\"Johan Henric Kellgren\",\"length_formatted\":\"2:02\"},\"image\":{\"src\":\"https:\/\/litteraturbanken.se\/ljudochbild\/wp-content\/uploads\/2024\/09\/almqvist_denlyssnandemaria_lindh-mp3-image.jpg\",\"width\":1200,\"height\":1201},\"thumb\":{\"src\":\"https:\/\/litteraturbanken.se\/ljudochbild\/wp-content\/uploads\/2024\/09\/almqvist_denlyssnandemaria_lindh-mp3-image-150x150.jpg\",\"width\":150,\"height\":150}}]}<\/script>\n<\/div>\n\t\n\n\n\n<hr class=\"wp-block-separator has-alpha-channel-opacity\"\/>\n\n\n\n<p><em>Inspelningarna tillg\u00e4ngligg\u00f6rs h\u00e4r med tillst\u00e5nd fr\u00e5n inl\u00e4sarna.<\/em><\/p>\n\n\n<h3 class=\"wp-block-heading author-related-title\">L\u00e4s mer<\/h3>\r\n<div class=\"display-posts-listing grid\"><div class=\"listing-item\"><a class=\"image\" href=\"https:\/\/litteraturbanken.se\/ljudochbild\/2021\/10\/31\/tio-klassiska-dikter\/\"><img loading=\"lazy\" decoding=\"async\" width=\"640\" height=\"821\" src=\"https:\/\/litteraturbanken.se\/ljudochbild\/wp-content\/uploads\/2021\/10\/DP-15576-001-798x1024.jpg\" class=\"attachment-large size-large wp-post-image\" alt=\"\" srcset=\"https:\/\/litteraturbanken.se\/ljudochbild\/wp-content\/uploads\/2021\/10\/DP-15576-001-798x1024.jpg 798w, https:\/\/litteraturbanken.se\/ljudochbild\/wp-content\/uploads\/2021\/10\/DP-15576-001-234x300.jpg 234w, https:\/\/litteraturbanken.se\/ljudochbild\/wp-content\/uploads\/2021\/10\/DP-15576-001-768x985.jpg 768w, https:\/\/litteraturbanken.se\/ljudochbild\/wp-content\/uploads\/2021\/10\/DP-15576-001-1198x1536.jpg 1198w, https:\/\/litteraturbanken.se\/ljudochbild\/wp-content\/uploads\/2021\/10\/DP-15576-001-480x616.jpg 480w, https:\/\/litteraturbanken.se\/ljudochbild\/wp-content\/uploads\/2021\/10\/DP-15576-001.jpg 1200w\" sizes=\"auto, (max-width: 640px) 100vw, 640px\" \/><\/a> <a class=\"title\" href=\"https:\/\/litteraturbanken.se\/ljudochbild\/2021\/10\/31\/tio-klassiska-dikter\/\">Tio klassiska dikter<\/a><\/div><\/div>\r\n\r\n\n","protected":false},"excerpt":{"rendered":"<p>\u201dJOHAN HENRIC KELLGREN (1751\u201395) l\u00e4mnade vid ny\u00e5ret 1777 \u00c5bo akademi d\u00e4r han studerat och arbetat sedan 1768. Han tilltr\u00e4dde en tj\u00e4nst som informator i Stockholm och blev, inom loppet av ett par \u00e5r, den ledande gestalten i stadens [&hellip;]<\/p>\n","protected":false},"author":1,"featured_media":937,"parent":7,"menu_order":0,"comment_status":"closed","ping_status":"closed","template":"","meta":{"footnotes":""},"class_list":["post-659","page","type-page","status-publish","has-post-thumbnail","hentry"],"yoast_head":"<!-- This site is optimized with the Yoast SEO plugin v27.1.1 - https:\/\/yoast.com\/product\/yoast-seo-wordpress\/ -->\n<title>Johan Henrik Kellgren (1751\u20131795) - Ljud &amp; Bild<\/title>\n<meta name=\"robots\" content=\"index, follow, max-snippet:-1, max-image-preview:large, max-video-preview:-1\" \/>\n<link rel=\"canonical\" href=\"https:\/\/litteraturbanken.se\/ljudochbild\/forfattare\/kellgrenjh\/\" \/>\n<meta property=\"og:locale\" content=\"sv_SE\" \/>\n<meta property=\"og:type\" content=\"article\" \/>\n<meta property=\"og:title\" content=\"Johan Henrik Kellgren (1751\u20131795) - Ljud &amp; Bild\" \/>\n<meta property=\"og:description\" content=\"\u201dJOHAN HENRIC KELLGREN (1751\u201395) l\u00e4mnade vid ny\u00e5ret 1777 \u00c5bo akademi d\u00e4r han studerat och arbetat sedan 1768. Han tilltr\u00e4dde en tj\u00e4nst som informator i Stockholm och blev, inom loppet av ett par \u00e5r, den ledande gestalten i stadens [&hellip;]\" \/>\n<meta property=\"og:url\" content=\"https:\/\/litteraturbanken.se\/ljudochbild\/forfattare\/kellgrenjh\/\" \/>\n<meta property=\"og:site_name\" content=\"Ljud &amp; Bild\" \/>\n<meta property=\"article:publisher\" content=\"https:\/\/www.facebook.com\/Litteraturbanken.se\" \/>\n<meta property=\"article:modified_time\" content=\"2024-09-17T07:43:33+00:00\" \/>\n<meta property=\"og:image\" content=\"https:\/\/litteraturbanken.se\/ljudochbild\/wp-content\/uploads\/2019\/09\/KellgrenJH_large.jpeg\" \/>\n\t<meta property=\"og:image:width\" content=\"407\" \/>\n\t<meta property=\"og:image:height\" content=\"550\" \/>\n\t<meta property=\"og:image:type\" content=\"image\/jpeg\" \/>\n<meta name=\"twitter:card\" content=\"summary_large_image\" \/>\n<meta name=\"twitter:site\" content=\"@litteraturbank\" \/>\n<meta name=\"twitter:label1\" content=\"Ber\u00e4knad l\u00e4stid\" \/>\n\t<meta name=\"twitter:data1\" content=\"2 minuter\" \/>\n<script type=\"application\/ld+json\" class=\"yoast-schema-graph\">{\"@context\":\"https:\/\/schema.org\",\"@graph\":[{\"@type\":\"WebPage\",\"@id\":\"https:\/\/litteraturbanken.se\/ljudochbild\/forfattare\/kellgrenjh\/\",\"url\":\"https:\/\/litteraturbanken.se\/ljudochbild\/forfattare\/kellgrenjh\/\",\"name\":\"Johan Henrik Kellgren (1751\u20131795) - Ljud &amp; Bild\",\"isPartOf\":{\"@id\":\"https:\/\/litteraturbanken.se\/ljudochbild\/#website\"},\"primaryImageOfPage\":{\"@id\":\"https:\/\/litteraturbanken.se\/ljudochbild\/forfattare\/kellgrenjh\/#primaryimage\"},\"image\":{\"@id\":\"https:\/\/litteraturbanken.se\/ljudochbild\/forfattare\/kellgrenjh\/#primaryimage\"},\"thumbnailUrl\":\"https:\/\/litteraturbanken.se\/ljudochbild\/wp-content\/uploads\/2019\/09\/KellgrenJH_large.jpeg\",\"datePublished\":\"2019-08-13T13:53:29+00:00\",\"dateModified\":\"2024-09-17T07:43:33+00:00\",\"breadcrumb\":{\"@id\":\"https:\/\/litteraturbanken.se\/ljudochbild\/forfattare\/kellgrenjh\/#breadcrumb\"},\"inLanguage\":\"sv-SE\",\"potentialAction\":[{\"@type\":\"ReadAction\",\"target\":[\"https:\/\/litteraturbanken.se\/ljudochbild\/forfattare\/kellgrenjh\/\"]}]},{\"@type\":\"ImageObject\",\"inLanguage\":\"sv-SE\",\"@id\":\"https:\/\/litteraturbanken.se\/ljudochbild\/forfattare\/kellgrenjh\/#primaryimage\",\"url\":\"https:\/\/litteraturbanken.se\/ljudochbild\/wp-content\/uploads\/2019\/09\/KellgrenJH_large.jpeg\",\"contentUrl\":\"https:\/\/litteraturbanken.se\/ljudochbild\/wp-content\/uploads\/2019\/09\/KellgrenJH_large.jpeg\",\"width\":407,\"height\":550},{\"@type\":\"BreadcrumbList\",\"@id\":\"https:\/\/litteraturbanken.se\/ljudochbild\/forfattare\/kellgrenjh\/#breadcrumb\",\"itemListElement\":[{\"@type\":\"ListItem\",\"position\":1,\"name\":\"Hem\",\"item\":\"https:\/\/litteraturbanken.se\/ljudochbild\/\"},{\"@type\":\"ListItem\",\"position\":2,\"name\":\"F\u00f6rfattare\",\"item\":\"https:\/\/litteraturbanken.se\/ljudochbild\/forfattare\/\"},{\"@type\":\"ListItem\",\"position\":3,\"name\":\"Johan Henrik Kellgren (1751\u20131795)\"}]},{\"@type\":\"WebSite\",\"@id\":\"https:\/\/litteraturbanken.se\/ljudochbild\/#website\",\"url\":\"https:\/\/litteraturbanken.se\/ljudochbild\/\",\"name\":\"Ljud & Bild\",\"description\":\"Ur Litteraturbankens samlingar\",\"potentialAction\":[{\"@type\":\"SearchAction\",\"target\":{\"@type\":\"EntryPoint\",\"urlTemplate\":\"https:\/\/litteraturbanken.se\/ljudochbild\/?s={search_term_string}\"},\"query-input\":{\"@type\":\"PropertyValueSpecification\",\"valueRequired\":true,\"valueName\":\"search_term_string\"}}],\"inLanguage\":\"sv-SE\"}]}<\/script>\n<!-- \/ Yoast SEO plugin. -->","yoast_head_json":{"title":"Johan Henrik Kellgren (1751\u20131795) - Ljud &amp; Bild","robots":{"index":"index","follow":"follow","max-snippet":"max-snippet:-1","max-image-preview":"max-image-preview:large","max-video-preview":"max-video-preview:-1"},"canonical":"https:\/\/litteraturbanken.se\/ljudochbild\/forfattare\/kellgrenjh\/","og_locale":"sv_SE","og_type":"article","og_title":"Johan Henrik Kellgren (1751\u20131795) - Ljud &amp; Bild","og_description":"\u201dJOHAN HENRIC KELLGREN (1751\u201395) l\u00e4mnade vid ny\u00e5ret 1777 \u00c5bo akademi d\u00e4r han studerat och arbetat sedan 1768. Han tilltr\u00e4dde en tj\u00e4nst som informator i Stockholm och blev, inom loppet av ett par \u00e5r, den ledande gestalten i stadens [&hellip;]","og_url":"https:\/\/litteraturbanken.se\/ljudochbild\/forfattare\/kellgrenjh\/","og_site_name":"Ljud &amp; Bild","article_publisher":"https:\/\/www.facebook.com\/Litteraturbanken.se","article_modified_time":"2024-09-17T07:43:33+00:00","og_image":[{"width":407,"height":550,"url":"https:\/\/litteraturbanken.se\/ljudochbild\/wp-content\/uploads\/2019\/09\/KellgrenJH_large.jpeg","type":"image\/jpeg"}],"twitter_card":"summary_large_image","twitter_site":"@litteraturbank","twitter_misc":{"Ber\u00e4knad l\u00e4stid":"2 minuter"},"schema":{"@context":"https:\/\/schema.org","@graph":[{"@type":"WebPage","@id":"https:\/\/litteraturbanken.se\/ljudochbild\/forfattare\/kellgrenjh\/","url":"https:\/\/litteraturbanken.se\/ljudochbild\/forfattare\/kellgrenjh\/","name":"Johan Henrik Kellgren (1751\u20131795) - Ljud &amp; Bild","isPartOf":{"@id":"https:\/\/litteraturbanken.se\/ljudochbild\/#website"},"primaryImageOfPage":{"@id":"https:\/\/litteraturbanken.se\/ljudochbild\/forfattare\/kellgrenjh\/#primaryimage"},"image":{"@id":"https:\/\/litteraturbanken.se\/ljudochbild\/forfattare\/kellgrenjh\/#primaryimage"},"thumbnailUrl":"https:\/\/litteraturbanken.se\/ljudochbild\/wp-content\/uploads\/2019\/09\/KellgrenJH_large.jpeg","datePublished":"2019-08-13T13:53:29+00:00","dateModified":"2024-09-17T07:43:33+00:00","breadcrumb":{"@id":"https:\/\/litteraturbanken.se\/ljudochbild\/forfattare\/kellgrenjh\/#breadcrumb"},"inLanguage":"sv-SE","potentialAction":[{"@type":"ReadAction","target":["https:\/\/litteraturbanken.se\/ljudochbild\/forfattare\/kellgrenjh\/"]}]},{"@type":"ImageObject","inLanguage":"sv-SE","@id":"https:\/\/litteraturbanken.se\/ljudochbild\/forfattare\/kellgrenjh\/#primaryimage","url":"https:\/\/litteraturbanken.se\/ljudochbild\/wp-content\/uploads\/2019\/09\/KellgrenJH_large.jpeg","contentUrl":"https:\/\/litteraturbanken.se\/ljudochbild\/wp-content\/uploads\/2019\/09\/KellgrenJH_large.jpeg","width":407,"height":550},{"@type":"BreadcrumbList","@id":"https:\/\/litteraturbanken.se\/ljudochbild\/forfattare\/kellgrenjh\/#breadcrumb","itemListElement":[{"@type":"ListItem","position":1,"name":"Hem","item":"https:\/\/litteraturbanken.se\/ljudochbild\/"},{"@type":"ListItem","position":2,"name":"F\u00f6rfattare","item":"https:\/\/litteraturbanken.se\/ljudochbild\/forfattare\/"},{"@type":"ListItem","position":3,"name":"Johan Henrik Kellgren (1751\u20131795)"}]},{"@type":"WebSite","@id":"https:\/\/litteraturbanken.se\/ljudochbild\/#website","url":"https:\/\/litteraturbanken.se\/ljudochbild\/","name":"Ljud & Bild","description":"Ur Litteraturbankens samlingar","potentialAction":[{"@type":"SearchAction","target":{"@type":"EntryPoint","urlTemplate":"https:\/\/litteraturbanken.se\/ljudochbild\/?s={search_term_string}"},"query-input":{"@type":"PropertyValueSpecification","valueRequired":true,"valueName":"search_term_string"}}],"inLanguage":"sv-SE"}]}},"_links":{"self":[{"href":"https:\/\/litteraturbanken.se\/ljudochbild\/wp-json\/wp\/v2\/pages\/659","targetHints":{"allow":["GET"]}}],"collection":[{"href":"https:\/\/litteraturbanken.se\/ljudochbild\/wp-json\/wp\/v2\/pages"}],"about":[{"href":"https:\/\/litteraturbanken.se\/ljudochbild\/wp-json\/wp\/v2\/types\/page"}],"author":[{"embeddable":true,"href":"https:\/\/litteraturbanken.se\/ljudochbild\/wp-json\/wp\/v2\/users\/1"}],"replies":[{"embeddable":true,"href":"https:\/\/litteraturbanken.se\/ljudochbild\/wp-json\/wp\/v2\/comments?post=659"}],"version-history":[{"count":8,"href":"https:\/\/litteraturbanken.se\/ljudochbild\/wp-json\/wp\/v2\/pages\/659\/revisions"}],"predecessor-version":[{"id":12135,"href":"https:\/\/litteraturbanken.se\/ljudochbild\/wp-json\/wp\/v2\/pages\/659\/revisions\/12135"}],"up":[{"embeddable":true,"href":"https:\/\/litteraturbanken.se\/ljudochbild\/wp-json\/wp\/v2\/pages\/7"}],"wp:featuredmedia":[{"embeddable":true,"href":"https:\/\/litteraturbanken.se\/ljudochbild\/wp-json\/wp\/v2\/media\/937"}],"wp:attachment":[{"href":"https:\/\/litteraturbanken.se\/ljudochbild\/wp-json\/wp\/v2\/media?parent=659"}],"curies":[{"name":"wp","href":"https:\/\/api.w.org\/{rel}","templated":true}]}}