{"id":665,"date":"2019-08-13T15:55:37","date_gmt":"2019-08-13T13:55:37","guid":{"rendered":"http:\/\/ordfabriken.org\/ljud\/?page_id=665"},"modified":"2025-09-29T10:30:08","modified_gmt":"2025-09-29T08:30:08","slug":"lidnerb","status":"publish","type":"page","link":"https:\/\/litteraturbanken.se\/ljudochbild\/forfattare\/lidnerb\/","title":{"rendered":"Bengt Lidner (1757\u20131793)"},"content":{"rendered":"<div class=\"wp-block-image\">\n<figure class=\"alignright\"><img loading=\"lazy\" decoding=\"async\" width=\"241\" height=\"300\" src=\"https:\/\/litteraturbanken.se\/ljudochbild\/wp-content\/uploads\/2019\/09\/Bengt_Lidner_ur_Svenska_Familj-Journalen-241x300.png\" alt=\"\" class=\"wp-image-945\" srcset=\"https:\/\/litteraturbanken.se\/ljudochbild\/wp-content\/uploads\/2019\/09\/Bengt_Lidner_ur_Svenska_Familj-Journalen-241x300.png 241w, https:\/\/litteraturbanken.se\/ljudochbild\/wp-content\/uploads\/2019\/09\/Bengt_Lidner_ur_Svenska_Familj-Journalen.png 442w\" sizes=\"auto, (max-width: 241px) 100vw, 241px\" \/><\/figure>\n<\/div>\n\n\n<p>\u201dBENGT LIDNER (1757-1793) levde ett skiftesrikt liv, pr\u00e4glat av knappa omst\u00e4ndigheter. Sitt levebr\u00f6d s\u00f6kte han p\u00e5 de mest skilda v\u00e4gar; en tid som jungman ombord p\u00e5 ett av Ostindiska kompaniets skepp (varifr\u00e5n han rymde), en tid som sekreterare \u00e5t&nbsp;<a href=\"https:\/\/litteraturbanken.se\/forfattare\/CreutzGP\">Gustaf Philip Creutz<\/a>, Sveriges d\u00e5varande ambassad\u00f6r i Paris (varifr\u00e5n Lidner 1782 fick avsked efter att de b\u00e5da r\u00e5kat i delo). \u00c4ven Lidners litter\u00e4ra alster pr\u00e4glas av h\u00e4ftighet och kast mellan ljus och m\u00f6rker; trygg f\u00f6rtr\u00f6stan p\u00e5 Gud och hopp om f\u00f6rsoning v\u00e4xlar med stormande k\u00e4nslor och djupaste tragedi. I sin dramatik hade Lidner tagit starkt intryck av Shakespeares nattliga, skickelsedigra st\u00e4mningar, vilket blir inte minst tydligt i&nbsp;<em>Erik XIV<\/em>&nbsp;(skrivet under vistelsen i Paris), av&nbsp;<a href=\"https:\/\/litteraturbanken.se\/forfattare\/LevertinO\">Levertin<\/a>&nbsp;kallat Sveriges \u201df\u00f6rsta historiska tragedi\u201d, och i&nbsp;<em>Medea<\/em>&nbsp;(1784), ett av v\u00e5ldsam lidelse f\u00f6rt\u00e4tat operalibretto i tre akter d\u00e4r Lidner, som han sj\u00e4lv p\u00e5pekar, bryter mot de klassiska reglerna f\u00f6r vad som f\u00e5r visas p\u00e5 scenen. Pr\u00e4glat av starka lidelser \u00e4r ocks\u00e5 hans mest k\u00e4nda verk: dikten&nbsp;<em>Grefvinnan Spastaras d\u00f6d<\/em>&nbsp;(tv\u00e5 versioner, 1783 och 1786).\u201d<\/p>\n\n\n\n<p>Stycket ovanf\u00f6r kommer ur Lotta Lotass introduktion av Bengt Lidner hos Litteraturbanken.<\/p>\n\n\n\n<div class=\"wp-block-buttons is-layout-flex wp-block-buttons-is-layout-flex\">\n<div class=\"wp-block-button read-more-button\"><a class=\"wp-block-button__link has-white-color has-text-color has-background has-custom-font-size wp-element-button\" href=\"https:\/\/litteraturbanken.se\/f\u00f6rfattare\/LidnerB\" style=\"border-radius:0px;background-color:#cd2400;font-size:14px\" target=\"_blank\" rel=\"noopener noreferrer noopener\"><strong>L\u00c4S MER OM BENGT LIDNER<\/strong><\/a><\/div>\n\n\n\n<div class=\"wp-block-button read-more-button\"><a class=\"wp-block-button__link has-white-color has-text-color has-background has-custom-font-size wp-element-button\" href=\"https:\/\/litteraturbanken.se\/f\u00f6rfattare\/LidnerB\/titlar\" style=\"border-radius:0px;background-color:#cd2400;font-size:14px\" target=\"_blank\" rel=\"noopener noreferrer noopener\"><strong>L\u00c4S BENGT LIDNERS VERK HOS LB.SE<\/strong><\/a><\/div>\n<\/div>\n\n\n\n<div style=\"height:20px\" aria-hidden=\"true\" class=\"wp-block-spacer\"><\/div>\n\n\n\n<div class=\"wp-playlist wp-audio-playlist wp-playlist-light\">\n\t\t\t<div class=\"wp-playlist-current-item\"><\/div>\n\t\t<audio controls=\"controls\" preload=\"none\" width=\"618\"\n\t\t\t><\/audio>\n\t<div class=\"wp-playlist-next\"><\/div>\n\t<div class=\"wp-playlist-prev\"><\/div>\n\t<noscript>\n\t<ol>\n\t\t<li><a href='https:\/\/litteraturbanken.se\/ljudochbild\/wp-content\/uploads\/2019\/09\/lidner_nattviolen_pleijel.mp3'>Nattviolen<\/a><\/li><li><a href='https:\/\/litteraturbanken.se\/ljudochbild\/wp-content\/uploads\/2024\/09\/lidner_nattviolen_lindh.mp3'>Nattviolen<\/a><\/li><li><a href='https:\/\/litteraturbanken.se\/ljudochbild\/wp-content\/uploads\/2019\/09\/lidner_oynglingomduhjartahar_engdahl.mp3'>O yngling om du hj\u00e4rta har<\/a><\/li><li><a href='https:\/\/litteraturbanken.se\/ljudochbild\/wp-content\/uploads\/2024\/09\/lidner_urspatsarasdod_lindh.mp3'>Ur \u201dGrefvinnan Spastaras D\u00f6d\u201d<\/a><\/li>\t<\/ol>\n\t<\/noscript>\n\t<script type=\"application\/json\" class=\"wp-playlist-script\">{\"type\":\"audio\",\"tracklist\":true,\"tracknumbers\":true,\"images\":true,\"artists\":true,\"tracks\":[{\"src\":\"https:\/\/litteraturbanken.se\/ljudochbild\/wp-content\/uploads\/2019\/09\/lidner_nattviolen_pleijel.mp3\",\"type\":\"audio\/mpeg\",\"title\":\"Nattviolen\",\"caption\":\"\",\"description\":\"\\\"Nattviolen\\\" fr\\u00e5n Nattviolen av Lidner, Bengt.\",\"meta\":{\"artist\":\"Agneta Pleijel l\\u00e4ser Bengt Lidner\",\"album\":\"Bengt Lidner\"},\"image\":{\"src\":\"https:\/\/litteraturbanken.se\/ljudochbild\/wp-content\/uploads\/2019\/09\/wide_gub_wide-mp3-image.png\",\"width\":580,\"height\":612},\"thumb\":{\"src\":\"https:\/\/litteraturbanken.se\/ljudochbild\/wp-content\/uploads\/2019\/09\/wide_gub_wide-mp3-image-150x150.png\",\"width\":150,\"height\":150}},{\"src\":\"https:\/\/litteraturbanken.se\/ljudochbild\/wp-content\/uploads\/2024\/09\/lidner_nattviolen_lindh.mp3\",\"type\":\"audio\/mpeg\",\"title\":\"Nattviolen\",\"caption\":\"\",\"description\":\"\\u201dNattviolen\\u201d fr\\u00e5n Bengt Lidner l\\u00e4st av Ir\\u00e9ne Lindh av Dikt 1593\\u20131939. Svensk och finlandssvensk lyrik i uppl\\u00e4sning av svenska och finlandssvenska sk\\u00e5despelare.\",\"meta\":{\"artist\":\"Irene Lindh l\\u00e4ser Bengt Lidner. Dikt 1593\\u20131939\",\"album\":\"Bengt Lidner\",\"length_formatted\":\"1:32\"},\"image\":{\"src\":\"https:\/\/litteraturbanken.se\/ljudochbild\/wp-content\/uploads\/2024\/09\/almqvist_denlyssnandemaria_lindh-mp3-image.jpg\",\"width\":1200,\"height\":1201},\"thumb\":{\"src\":\"https:\/\/litteraturbanken.se\/ljudochbild\/wp-content\/uploads\/2024\/09\/almqvist_denlyssnandemaria_lindh-mp3-image-150x150.jpg\",\"width\":150,\"height\":150}},{\"src\":\"https:\/\/litteraturbanken.se\/ljudochbild\/wp-content\/uploads\/2019\/09\/lidner_oynglingomduhjartahar_engdahl.mp3\",\"type\":\"audio\/mpeg\",\"title\":\"O yngling om du hj\\u00e4rta har\",\"caption\":\"\",\"description\":\"\\\"O yngling om du hj\\u00e4rta har\\\" fr\\u00e5n O yngling om du hj\\u00e4rta har av Lidner, Bengt.\",\"meta\":{\"artist\":\"Horace Engdahl l\\u00e4ser Bengt Lidner\",\"album\":\"Bengt Lidner\",\"length_formatted\":\"0:56\"},\"image\":{\"src\":\"https:\/\/litteraturbanken.se\/ljudochbild\/wp-content\/plugins\/media-library-assistant\/images\/crystal\/audio.png\",\"width\":48,\"height\":64},\"thumb\":{\"src\":\"https:\/\/litteraturbanken.se\/ljudochbild\/wp-content\/plugins\/media-library-assistant\/images\/crystal\/audio.png\",\"width\":48,\"height\":64}},{\"src\":\"https:\/\/litteraturbanken.se\/ljudochbild\/wp-content\/uploads\/2024\/09\/lidner_urspatsarasdod_lindh.mp3\",\"type\":\"audio\/mpeg\",\"title\":\"Ur \\u201dGrefvinnan Spastaras D\\u00f6d\\u201d\",\"caption\":\"\",\"description\":\"\\u201dUr \\u201dGrefvinnan Spastaras D\\u00f6d\\u201d\\u201d fr\\u00e5n Bengt Lidner l\\u00e4st av Ir\\u00e9ne Lindh av Dikt 1593\\u20131939. Svensk och finlandssvensk lyrik i uppl\\u00e4sning av svenska och finlandssvenska sk\\u00e5despelare.\",\"meta\":{\"artist\":\"Irene Lindh l\\u00e4ser Bengt Lidner. Dikt 1593\\u20131939\",\"album\":\"Bengt Lidner\",\"length_formatted\":\"3:01\"},\"image\":{\"src\":\"https:\/\/litteraturbanken.se\/ljudochbild\/wp-content\/uploads\/2024\/09\/almqvist_denlyssnandemaria_lindh-mp3-image.jpg\",\"width\":1200,\"height\":1201},\"thumb\":{\"src\":\"https:\/\/litteraturbanken.se\/ljudochbild\/wp-content\/uploads\/2024\/09\/almqvist_denlyssnandemaria_lindh-mp3-image-150x150.jpg\",\"width\":150,\"height\":150}}]}<\/script>\n<\/div>\n\t\n\n\n\n<hr class=\"wp-block-separator has-alpha-channel-opacity\"\/>\n\n\n\n<p><em>Inspelningarna tillg\u00e4ngligg\u00f6rs h\u00e4r med tillst\u00e5nd fr\u00e5n inl\u00e4sarna.<\/em><\/p>\n","protected":false},"excerpt":{"rendered":"<p>\u201dBENGT LIDNER (1757-1793) levde ett skiftesrikt liv, pr\u00e4glat av knappa omst\u00e4ndigheter. Sitt levebr\u00f6d s\u00f6kte han p\u00e5 de mest skilda v\u00e4gar; en tid som jungman ombord p\u00e5 ett av Ostindiska kompaniets skepp (varifr\u00e5n han rymde), en tid som sekreterare [&hellip;]<\/p>\n","protected":false},"author":1,"featured_media":945,"parent":7,"menu_order":0,"comment_status":"closed","ping_status":"closed","template":"","meta":{"footnotes":""},"class_list":["post-665","page","type-page","status-publish","has-post-thumbnail","hentry"],"yoast_head":"<!-- This site is optimized with the Yoast SEO plugin v27.1.1 - https:\/\/yoast.com\/product\/yoast-seo-wordpress\/ -->\n<title>Bengt Lidner (1757\u20131793) - Ljud &amp; Bild<\/title>\n<meta name=\"robots\" content=\"index, follow, max-snippet:-1, max-image-preview:large, max-video-preview:-1\" \/>\n<link rel=\"canonical\" href=\"https:\/\/litteraturbanken.se\/ljudochbild\/forfattare\/lidnerb\/\" \/>\n<meta property=\"og:locale\" content=\"sv_SE\" \/>\n<meta property=\"og:type\" content=\"article\" \/>\n<meta property=\"og:title\" content=\"Bengt Lidner (1757\u20131793) - Ljud &amp; Bild\" \/>\n<meta property=\"og:description\" content=\"\u201dBENGT LIDNER (1757-1793) levde ett skiftesrikt liv, pr\u00e4glat av knappa omst\u00e4ndigheter. Sitt levebr\u00f6d s\u00f6kte han p\u00e5 de mest skilda v\u00e4gar; en tid som jungman ombord p\u00e5 ett av Ostindiska kompaniets skepp (varifr\u00e5n han rymde), en tid som sekreterare [&hellip;]\" \/>\n<meta property=\"og:url\" content=\"https:\/\/litteraturbanken.se\/ljudochbild\/forfattare\/lidnerb\/\" \/>\n<meta property=\"og:site_name\" content=\"Ljud &amp; Bild\" \/>\n<meta property=\"article:publisher\" content=\"https:\/\/www.facebook.com\/Litteraturbanken.se\" \/>\n<meta property=\"article:modified_time\" content=\"2025-09-29T08:30:08+00:00\" \/>\n<meta property=\"og:image\" content=\"https:\/\/litteraturbanken.se\/ljudochbild\/wp-content\/uploads\/2019\/09\/Bengt_Lidner_ur_Svenska_Familj-Journalen.png\" \/>\n\t<meta property=\"og:image:width\" content=\"442\" \/>\n\t<meta property=\"og:image:height\" content=\"550\" \/>\n\t<meta property=\"og:image:type\" content=\"image\/png\" \/>\n<meta name=\"twitter:card\" content=\"summary_large_image\" \/>\n<meta name=\"twitter:site\" content=\"@litteraturbank\" \/>\n<meta name=\"twitter:label1\" content=\"Ber\u00e4knad l\u00e4stid\" \/>\n\t<meta name=\"twitter:data1\" content=\"2 minuter\" \/>\n<script type=\"application\/ld+json\" class=\"yoast-schema-graph\">{\"@context\":\"https:\/\/schema.org\",\"@graph\":[{\"@type\":\"WebPage\",\"@id\":\"https:\/\/litteraturbanken.se\/ljudochbild\/forfattare\/lidnerb\/\",\"url\":\"https:\/\/litteraturbanken.se\/ljudochbild\/forfattare\/lidnerb\/\",\"name\":\"Bengt Lidner (1757\u20131793) - Ljud &amp; Bild\",\"isPartOf\":{\"@id\":\"https:\/\/litteraturbanken.se\/ljudochbild\/#website\"},\"primaryImageOfPage\":{\"@id\":\"https:\/\/litteraturbanken.se\/ljudochbild\/forfattare\/lidnerb\/#primaryimage\"},\"image\":{\"@id\":\"https:\/\/litteraturbanken.se\/ljudochbild\/forfattare\/lidnerb\/#primaryimage\"},\"thumbnailUrl\":\"https:\/\/litteraturbanken.se\/ljudochbild\/wp-content\/uploads\/2019\/09\/Bengt_Lidner_ur_Svenska_Familj-Journalen.png\",\"datePublished\":\"2019-08-13T13:55:37+00:00\",\"dateModified\":\"2025-09-29T08:30:08+00:00\",\"breadcrumb\":{\"@id\":\"https:\/\/litteraturbanken.se\/ljudochbild\/forfattare\/lidnerb\/#breadcrumb\"},\"inLanguage\":\"sv-SE\",\"potentialAction\":[{\"@type\":\"ReadAction\",\"target\":[\"https:\/\/litteraturbanken.se\/ljudochbild\/forfattare\/lidnerb\/\"]}]},{\"@type\":\"ImageObject\",\"inLanguage\":\"sv-SE\",\"@id\":\"https:\/\/litteraturbanken.se\/ljudochbild\/forfattare\/lidnerb\/#primaryimage\",\"url\":\"https:\/\/litteraturbanken.se\/ljudochbild\/wp-content\/uploads\/2019\/09\/Bengt_Lidner_ur_Svenska_Familj-Journalen.png\",\"contentUrl\":\"https:\/\/litteraturbanken.se\/ljudochbild\/wp-content\/uploads\/2019\/09\/Bengt_Lidner_ur_Svenska_Familj-Journalen.png\",\"width\":442,\"height\":550},{\"@type\":\"BreadcrumbList\",\"@id\":\"https:\/\/litteraturbanken.se\/ljudochbild\/forfattare\/lidnerb\/#breadcrumb\",\"itemListElement\":[{\"@type\":\"ListItem\",\"position\":1,\"name\":\"Hem\",\"item\":\"https:\/\/litteraturbanken.se\/ljudochbild\/\"},{\"@type\":\"ListItem\",\"position\":2,\"name\":\"F\u00f6rfattare\",\"item\":\"https:\/\/litteraturbanken.se\/ljudochbild\/forfattare\/\"},{\"@type\":\"ListItem\",\"position\":3,\"name\":\"Bengt Lidner (1757\u20131793)\"}]},{\"@type\":\"WebSite\",\"@id\":\"https:\/\/litteraturbanken.se\/ljudochbild\/#website\",\"url\":\"https:\/\/litteraturbanken.se\/ljudochbild\/\",\"name\":\"Ljud & Bild\",\"description\":\"Ur Litteraturbankens samlingar\",\"potentialAction\":[{\"@type\":\"SearchAction\",\"target\":{\"@type\":\"EntryPoint\",\"urlTemplate\":\"https:\/\/litteraturbanken.se\/ljudochbild\/?s={search_term_string}\"},\"query-input\":{\"@type\":\"PropertyValueSpecification\",\"valueRequired\":true,\"valueName\":\"search_term_string\"}}],\"inLanguage\":\"sv-SE\"}]}<\/script>\n<!-- \/ Yoast SEO plugin. -->","yoast_head_json":{"title":"Bengt Lidner (1757\u20131793) - Ljud &amp; Bild","robots":{"index":"index","follow":"follow","max-snippet":"max-snippet:-1","max-image-preview":"max-image-preview:large","max-video-preview":"max-video-preview:-1"},"canonical":"https:\/\/litteraturbanken.se\/ljudochbild\/forfattare\/lidnerb\/","og_locale":"sv_SE","og_type":"article","og_title":"Bengt Lidner (1757\u20131793) - Ljud &amp; Bild","og_description":"\u201dBENGT LIDNER (1757-1793) levde ett skiftesrikt liv, pr\u00e4glat av knappa omst\u00e4ndigheter. Sitt levebr\u00f6d s\u00f6kte han p\u00e5 de mest skilda v\u00e4gar; en tid som jungman ombord p\u00e5 ett av Ostindiska kompaniets skepp (varifr\u00e5n han rymde), en tid som sekreterare [&hellip;]","og_url":"https:\/\/litteraturbanken.se\/ljudochbild\/forfattare\/lidnerb\/","og_site_name":"Ljud &amp; Bild","article_publisher":"https:\/\/www.facebook.com\/Litteraturbanken.se","article_modified_time":"2025-09-29T08:30:08+00:00","og_image":[{"width":442,"height":550,"url":"https:\/\/litteraturbanken.se\/ljudochbild\/wp-content\/uploads\/2019\/09\/Bengt_Lidner_ur_Svenska_Familj-Journalen.png","type":"image\/png"}],"twitter_card":"summary_large_image","twitter_site":"@litteraturbank","twitter_misc":{"Ber\u00e4knad l\u00e4stid":"2 minuter"},"schema":{"@context":"https:\/\/schema.org","@graph":[{"@type":"WebPage","@id":"https:\/\/litteraturbanken.se\/ljudochbild\/forfattare\/lidnerb\/","url":"https:\/\/litteraturbanken.se\/ljudochbild\/forfattare\/lidnerb\/","name":"Bengt Lidner (1757\u20131793) - Ljud &amp; Bild","isPartOf":{"@id":"https:\/\/litteraturbanken.se\/ljudochbild\/#website"},"primaryImageOfPage":{"@id":"https:\/\/litteraturbanken.se\/ljudochbild\/forfattare\/lidnerb\/#primaryimage"},"image":{"@id":"https:\/\/litteraturbanken.se\/ljudochbild\/forfattare\/lidnerb\/#primaryimage"},"thumbnailUrl":"https:\/\/litteraturbanken.se\/ljudochbild\/wp-content\/uploads\/2019\/09\/Bengt_Lidner_ur_Svenska_Familj-Journalen.png","datePublished":"2019-08-13T13:55:37+00:00","dateModified":"2025-09-29T08:30:08+00:00","breadcrumb":{"@id":"https:\/\/litteraturbanken.se\/ljudochbild\/forfattare\/lidnerb\/#breadcrumb"},"inLanguage":"sv-SE","potentialAction":[{"@type":"ReadAction","target":["https:\/\/litteraturbanken.se\/ljudochbild\/forfattare\/lidnerb\/"]}]},{"@type":"ImageObject","inLanguage":"sv-SE","@id":"https:\/\/litteraturbanken.se\/ljudochbild\/forfattare\/lidnerb\/#primaryimage","url":"https:\/\/litteraturbanken.se\/ljudochbild\/wp-content\/uploads\/2019\/09\/Bengt_Lidner_ur_Svenska_Familj-Journalen.png","contentUrl":"https:\/\/litteraturbanken.se\/ljudochbild\/wp-content\/uploads\/2019\/09\/Bengt_Lidner_ur_Svenska_Familj-Journalen.png","width":442,"height":550},{"@type":"BreadcrumbList","@id":"https:\/\/litteraturbanken.se\/ljudochbild\/forfattare\/lidnerb\/#breadcrumb","itemListElement":[{"@type":"ListItem","position":1,"name":"Hem","item":"https:\/\/litteraturbanken.se\/ljudochbild\/"},{"@type":"ListItem","position":2,"name":"F\u00f6rfattare","item":"https:\/\/litteraturbanken.se\/ljudochbild\/forfattare\/"},{"@type":"ListItem","position":3,"name":"Bengt Lidner (1757\u20131793)"}]},{"@type":"WebSite","@id":"https:\/\/litteraturbanken.se\/ljudochbild\/#website","url":"https:\/\/litteraturbanken.se\/ljudochbild\/","name":"Ljud & Bild","description":"Ur Litteraturbankens samlingar","potentialAction":[{"@type":"SearchAction","target":{"@type":"EntryPoint","urlTemplate":"https:\/\/litteraturbanken.se\/ljudochbild\/?s={search_term_string}"},"query-input":{"@type":"PropertyValueSpecification","valueRequired":true,"valueName":"search_term_string"}}],"inLanguage":"sv-SE"}]}},"_links":{"self":[{"href":"https:\/\/litteraturbanken.se\/ljudochbild\/wp-json\/wp\/v2\/pages\/665","targetHints":{"allow":["GET"]}}],"collection":[{"href":"https:\/\/litteraturbanken.se\/ljudochbild\/wp-json\/wp\/v2\/pages"}],"about":[{"href":"https:\/\/litteraturbanken.se\/ljudochbild\/wp-json\/wp\/v2\/types\/page"}],"author":[{"embeddable":true,"href":"https:\/\/litteraturbanken.se\/ljudochbild\/wp-json\/wp\/v2\/users\/1"}],"replies":[{"embeddable":true,"href":"https:\/\/litteraturbanken.se\/ljudochbild\/wp-json\/wp\/v2\/comments?post=665"}],"version-history":[{"count":7,"href":"https:\/\/litteraturbanken.se\/ljudochbild\/wp-json\/wp\/v2\/pages\/665\/revisions"}],"predecessor-version":[{"id":13114,"href":"https:\/\/litteraturbanken.se\/ljudochbild\/wp-json\/wp\/v2\/pages\/665\/revisions\/13114"}],"up":[{"embeddable":true,"href":"https:\/\/litteraturbanken.se\/ljudochbild\/wp-json\/wp\/v2\/pages\/7"}],"wp:featuredmedia":[{"embeddable":true,"href":"https:\/\/litteraturbanken.se\/ljudochbild\/wp-json\/wp\/v2\/media\/945"}],"wp:attachment":[{"href":"https:\/\/litteraturbanken.se\/ljudochbild\/wp-json\/wp\/v2\/media?parent=665"}],"curies":[{"name":"wp","href":"https:\/\/api.w.org\/{rel}","templated":true}]}}