{"id":669,"date":"2019-08-13T15:57:15","date_gmt":"2019-08-13T13:57:15","guid":{"rendered":"http:\/\/ordfabriken.org\/ljud\/?page_id=669"},"modified":"2024-09-18T11:55:59","modified_gmt":"2024-09-18T09:55:59","slug":"lybeckm","status":"publish","type":"page","link":"https:\/\/litteraturbanken.se\/ljudochbild\/forfattare\/lybeckm\/","title":{"rendered":"Mikael Lybeck (1864\u20131925)"},"content":{"rendered":"<div class=\"wp-block-image\">\n<figure class=\"alignright size-large is-resized\"><img loading=\"lazy\" decoding=\"async\" width=\"777\" height=\"1024\" src=\"https:\/\/litteraturbanken.se\/ljudochbild\/wp-content\/uploads\/2024\/09\/mikaellybeck-777x1024.jpg\" alt=\"Mikael Lybeck\" class=\"wp-image-12333\" style=\"width:179px;height:auto\" srcset=\"https:\/\/litteraturbanken.se\/ljudochbild\/wp-content\/uploads\/2024\/09\/mikaellybeck-777x1024.jpg 777w, https:\/\/litteraturbanken.se\/ljudochbild\/wp-content\/uploads\/2024\/09\/mikaellybeck-228x300.jpg 228w, https:\/\/litteraturbanken.se\/ljudochbild\/wp-content\/uploads\/2024\/09\/mikaellybeck-768x1012.jpg 768w, https:\/\/litteraturbanken.se\/ljudochbild\/wp-content\/uploads\/2024\/09\/mikaellybeck-1166x1536.jpg 1166w, https:\/\/litteraturbanken.se\/ljudochbild\/wp-content\/uploads\/2024\/09\/mikaellybeck-480x632.jpg 480w, https:\/\/litteraturbanken.se\/ljudochbild\/wp-content\/uploads\/2024\/09\/mikaellybeck.jpg 1200w\" sizes=\"auto, (max-width: 777px) 100vw, 777px\" \/><\/figure>\n<\/div>\n\n\n<p>\u201dMIKAEL LYBECK (1864\u20131925), f\u00f6dd i Nykarleby, var systerson till Zacharias Topelius hustru. Efter studier i Helsingfors och en l\u00e4ngre resa i norra Europa debuterade han 1890 med samlingen&nbsp;<em>Dikter<\/em>; denna f\u00f6ljdes sedan av ytterligare tv\u00e5 samlingar med samma titel, utgivna 1895 och 1903. Hans mest l\u00e4sta lyriska verk torde vara&nbsp;<em>D\u00f6dsf\u00e5ngen<\/em> (1918), d\u00e4r Lybeck i starka, inlevelsefulla dikter \u00e5terger en s\u00e5rad soldats syner och tankar p\u00e5 d\u00f6dsb\u00e4dden. Sin st\u00f6rsta framg\u00e5ng n\u00e5dde Lybeck som prosaist. Genombrottet kom med&nbsp;<em>Den starkare<\/em>&nbsp;(1900, titeln senare \u00e4ndrad till&nbsp;<em>Den starkaste<\/em>), en skildring av konflikten mellan k\u00e4rleksl\u00e4ngtan och kristet grundad livsf\u00f6rnekelse.\u201d<\/p>\n\n\n\n<p>Stycket ovanf\u00f6r kommer ur Lotta Lotass introduktion av Mikael Lybeck hos Litteraturbanken.<\/p>\n\n\n\n<div class=\"wp-block-buttons is-layout-flex wp-block-buttons-is-layout-flex\">\n<div class=\"wp-block-button has-custom-font-size read-more-button\" style=\"font-size:14px\"><a class=\"wp-block-button__link has-white-color has-text-color has-background wp-element-button\" href=\"https:\/\/litteraturbanken.se\/f%C3%B6rfattare\/LybeckM\" style=\"border-radius:0px;background-color:#cd2400\" target=\"_blank\" rel=\"noopener\"><strong>L\u00c4S MER OM MIKAEL LYBECK<\/strong><\/a><\/div>\n\n\n\n<div class=\"wp-block-button has-custom-font-size read-more-button\" style=\"font-size:14px\"><a class=\"wp-block-button__link has-white-color has-text-color has-background wp-element-button\" href=\"https:\/\/litteraturbanken.se\/f%C3%B6rfattare\/LybeckM\/titlar\" style=\"border-radius:0px;background-color:#cd2400\" target=\"_blank\" rel=\"noopener\"><strong>L\u00c4S MIKAEL LYBECKS VERK HOS LB.SE<\/strong><\/a><\/div>\n<\/div>\n\n\n\n<div style=\"height:20px\" aria-hidden=\"true\" class=\"wp-block-spacer\"><\/div>\n\n\n\n<div class=\"wp-playlist wp-audio-playlist wp-playlist-light\">\n\t\t\t<div class=\"wp-playlist-current-item\"><\/div>\n\t\t<audio controls=\"controls\" preload=\"none\" width=\"618\"\n\t\t\t><\/audio>\n\t<div class=\"wp-playlist-next\"><\/div>\n\t<div class=\"wp-playlist-prev\"><\/div>\n\t<noscript>\n\t<ol>\n\t\t<li><a href='https:\/\/litteraturbanken.se\/ljudochbild\/wp-content\/uploads\/2019\/09\/lybeck_julmorgon_rook-1.mp3'>Julmorgon<\/a><\/li><li><a href='https:\/\/litteraturbanken.se\/ljudochbild\/wp-content\/uploads\/2024\/09\/lybeck_kvallsvindspelade_strang.mp3'>Kv\u00e4llsvind spelade<\/a><\/li><li><a href='https:\/\/litteraturbanken.se\/ljudochbild\/wp-content\/uploads\/2024\/09\/lybeck_smastadsvy_strang.mp3'>Sm\u00e5stadsvy<\/a><\/li><li><a href='https:\/\/litteraturbanken.se\/ljudochbild\/wp-content\/uploads\/2024\/09\/lybeck_trottatrad_strang.mp3'>Tr\u00f6tta tr\u00e4d<\/a><\/li>\t<\/ol>\n\t<\/noscript>\n\t<script type=\"application\/json\" class=\"wp-playlist-script\">{\"type\":\"audio\",\"tracklist\":true,\"tracknumbers\":true,\"images\":true,\"artists\":true,\"tracks\":[{\"src\":\"https:\/\/litteraturbanken.se\/ljudochbild\/wp-content\/uploads\/2019\/09\/lybeck_julmorgon_rook-1.mp3\",\"type\":\"audio\/mpeg\",\"title\":\"Julmorgon\",\"caption\":\"\",\"description\":\"\\\"Julmorgon\\\" fr\\u00e5n Julklappsboken av Lybeck, Mikael\",\"meta\":{\"artist\":\"Th\\u00e9r\\u00e8se Hagedorn-Oskarsson l\\u00e4ser Mikael Lybeck\",\"album\":\"Mikael Lybeck\",\"length_formatted\":\"2:09\"},\"image\":{\"src\":\"https:\/\/litteraturbanken.se\/ljudochbild\/wp-content\/uploads\/2019\/09\/wide_gub_wide-mp3-image.png\",\"width\":580,\"height\":612},\"thumb\":{\"src\":\"https:\/\/litteraturbanken.se\/ljudochbild\/wp-content\/uploads\/2019\/09\/wide_gub_wide-mp3-image-150x150.png\",\"width\":150,\"height\":150}},{\"src\":\"https:\/\/litteraturbanken.se\/ljudochbild\/wp-content\/uploads\/2024\/09\/lybeck_kvallsvindspelade_strang.mp3\",\"type\":\"audio\/mpeg\",\"title\":\"Kv\\u00e4llsvind spelade\",\"caption\":\"\",\"description\":\"\\u201dKv\\u00e4llsvind spelade\\u201d fr\\u00e5n Mikael Lybeck l\\u00e4st av Pekka Strang av Dikt 1593\\u20131939. Svensk och finlandssvensk lyrik i uppl\\u00e4sning av svenska och finlandssvenska sk\\u00e5despelare.\",\"meta\":{\"artist\":\"Pekka Strang l\\u00e4ser Mikael Lybeck. Dikt 1593\\u20131939\",\"album\":\"Mikael Lybeck\",\"length_formatted\":\"1:06\"},\"image\":{\"src\":\"https:\/\/litteraturbanken.se\/ljudochbild\/wp-content\/uploads\/2024\/09\/almqvist_denlyssnandemaria_lindh-mp3-image.jpg\",\"width\":1200,\"height\":1201},\"thumb\":{\"src\":\"https:\/\/litteraturbanken.se\/ljudochbild\/wp-content\/uploads\/2024\/09\/almqvist_denlyssnandemaria_lindh-mp3-image-150x150.jpg\",\"width\":150,\"height\":150}},{\"src\":\"https:\/\/litteraturbanken.se\/ljudochbild\/wp-content\/uploads\/2024\/09\/lybeck_smastadsvy_strang.mp3\",\"type\":\"audio\/mpeg\",\"title\":\"Sm\\u00e5stadsvy\",\"caption\":\"\",\"description\":\"\\u201dSm\\u00e5stadsvy\\u201d fr\\u00e5n Mikael Lybeck l\\u00e4st av Pekka Strang av Dikt 1593\\u20131939. Svensk och finlandssvensk lyrik i uppl\\u00e4sning av svenska och finlandssvenska sk\\u00e5despelare.\",\"meta\":{\"artist\":\"Pekka Strang l\\u00e4ser Mikael Lybeck. Dikt 1593\\u20131939\",\"album\":\"Mikael Lybeck\",\"length_formatted\":\"1:30\"},\"image\":{\"src\":\"https:\/\/litteraturbanken.se\/ljudochbild\/wp-content\/uploads\/2024\/09\/almqvist_denlyssnandemaria_lindh-mp3-image.jpg\",\"width\":1200,\"height\":1201},\"thumb\":{\"src\":\"https:\/\/litteraturbanken.se\/ljudochbild\/wp-content\/uploads\/2024\/09\/almqvist_denlyssnandemaria_lindh-mp3-image-150x150.jpg\",\"width\":150,\"height\":150}},{\"src\":\"https:\/\/litteraturbanken.se\/ljudochbild\/wp-content\/uploads\/2024\/09\/lybeck_trottatrad_strang.mp3\",\"type\":\"audio\/mpeg\",\"title\":\"Tr\\u00f6tta tr\\u00e4d\",\"caption\":\"\",\"description\":\"\\u201dTr\\u00f6tta tr\\u00e4d\\u201d fr\\u00e5n Mikael Lybeck l\\u00e4st av Pekka Strang av Dikt 1593\\u20131939. Svensk och finlandssvensk lyrik i uppl\\u00e4sning av svenska och finlandssvenska sk\\u00e5despelare.\",\"meta\":{\"artist\":\"Pekka Strang l\\u00e4ser Mikael Lybeck. Dikt 1593\\u20131939\",\"album\":\"Mikael Lybeck\",\"length_formatted\":\"1:20\"},\"image\":{\"src\":\"https:\/\/litteraturbanken.se\/ljudochbild\/wp-content\/uploads\/2024\/09\/almqvist_denlyssnandemaria_lindh-mp3-image.jpg\",\"width\":1200,\"height\":1201},\"thumb\":{\"src\":\"https:\/\/litteraturbanken.se\/ljudochbild\/wp-content\/uploads\/2024\/09\/almqvist_denlyssnandemaria_lindh-mp3-image-150x150.jpg\",\"width\":150,\"height\":150}}]}<\/script>\n<\/div>\n\t\n\n\n\n<hr class=\"wp-block-separator has-alpha-channel-opacity\"\/>\n\n\n\n<p><em>Inspelningarna tillg\u00e4ngligg\u00f6rs h\u00e4r med tillst\u00e5nd fr\u00e5n inl\u00e4sarna. \u2013 Fotografiet ovanf\u00f6r, som \u00e4r taget i Atelier Rembrandt, har vi l\u00e5nat fr\u00e5n <a href=\"https:\/\/finna.fi\/Record\/museovirasto.7C0442D8749B3FD487B964CEC1068840?lng=sv&amp;imgid=1\" target=\"_blank\" rel=\"noreferrer noopener\">Museiverket i Finland<\/a> (<a href=\"https:\/\/creativecommons.org\/licenses\/by\/4.0\/deed.sv\" target=\"_blank\" rel=\"noreferrer noopener\">CC BY<\/a>).<\/em><\/p>\n\n\n<h3 class=\"wp-block-heading author-related-title\">L\u00e4s mer<\/h3>\r\n<div class=\"display-posts-listing grid\"><div class=\"listing-item\"><a class=\"image\" href=\"https:\/\/litteraturbanken.se\/ljudochbild\/2019\/09\/22\/en-julklappsbok\/\"><img loading=\"lazy\" decoding=\"async\" width=\"450\" height=\"532\" src=\"https:\/\/litteraturbanken.se\/ljudochbild\/wp-content\/uploads\/2019\/09\/jul-e1567628161620.png\" class=\"attachment-large size-large wp-post-image\" alt=\"\" srcset=\"https:\/\/litteraturbanken.se\/ljudochbild\/wp-content\/uploads\/2019\/09\/jul-e1567628161620.png 450w, https:\/\/litteraturbanken.se\/ljudochbild\/wp-content\/uploads\/2019\/09\/jul-e1567628161620-254x300.png 254w\" sizes=\"auto, (max-width: 450px) 100vw, 450px\" \/><\/a> <a class=\"title\" href=\"https:\/\/litteraturbanken.se\/ljudochbild\/2019\/09\/22\/en-julklappsbok\/\">Julklappsboken<\/a><\/div><\/div>\r\n\r\n\n","protected":false},"excerpt":{"rendered":"<p>\u201dMIKAEL LYBECK (1864\u20131925), f\u00f6dd i Nykarleby, var systerson till Zacharias Topelius hustru. Efter studier i Helsingfors och en l\u00e4ngre resa i norra Europa debuterade han 1890 med samlingen&nbsp;Dikter; denna f\u00f6ljdes sedan av ytterligare tv\u00e5 samlingar med samma titel, [&hellip;]<\/p>\n","protected":false},"author":1,"featured_media":12333,"parent":7,"menu_order":0,"comment_status":"closed","ping_status":"closed","template":"","meta":{"footnotes":""},"class_list":["post-669","page","type-page","status-publish","has-post-thumbnail","hentry"],"yoast_head":"<!-- This site is optimized with the Yoast SEO plugin v27.1.1 - https:\/\/yoast.com\/product\/yoast-seo-wordpress\/ -->\n<title>Mikael Lybeck (1864\u20131925) - Ljud &amp; Bild<\/title>\n<meta name=\"robots\" content=\"index, follow, max-snippet:-1, max-image-preview:large, max-video-preview:-1\" \/>\n<link rel=\"canonical\" href=\"https:\/\/litteraturbanken.se\/ljudochbild\/forfattare\/lybeckm\/\" \/>\n<meta property=\"og:locale\" content=\"sv_SE\" \/>\n<meta property=\"og:type\" content=\"article\" \/>\n<meta property=\"og:title\" content=\"Mikael Lybeck (1864\u20131925) - Ljud &amp; Bild\" \/>\n<meta property=\"og:description\" content=\"\u201dMIKAEL LYBECK (1864\u20131925), f\u00f6dd i Nykarleby, var systerson till Zacharias Topelius hustru. Efter studier i Helsingfors och en l\u00e4ngre resa i norra Europa debuterade han 1890 med samlingen&nbsp;Dikter; denna f\u00f6ljdes sedan av ytterligare tv\u00e5 samlingar med samma titel, [&hellip;]\" \/>\n<meta property=\"og:url\" content=\"https:\/\/litteraturbanken.se\/ljudochbild\/forfattare\/lybeckm\/\" \/>\n<meta property=\"og:site_name\" content=\"Ljud &amp; Bild\" \/>\n<meta property=\"article:publisher\" content=\"https:\/\/www.facebook.com\/Litteraturbanken.se\" \/>\n<meta property=\"article:modified_time\" content=\"2024-09-18T09:55:59+00:00\" \/>\n<meta property=\"og:image\" content=\"https:\/\/litteraturbanken.se\/ljudochbild\/wp-content\/uploads\/2024\/09\/mikaellybeck.jpg\" \/>\n\t<meta property=\"og:image:width\" content=\"1200\" \/>\n\t<meta property=\"og:image:height\" content=\"1581\" \/>\n\t<meta property=\"og:image:type\" content=\"image\/jpeg\" \/>\n<meta name=\"twitter:card\" content=\"summary_large_image\" \/>\n<meta name=\"twitter:site\" content=\"@litteraturbank\" \/>\n<meta name=\"twitter:label1\" content=\"Ber\u00e4knad l\u00e4stid\" \/>\n\t<meta name=\"twitter:data1\" content=\"2 minuter\" \/>\n<script type=\"application\/ld+json\" class=\"yoast-schema-graph\">{\"@context\":\"https:\/\/schema.org\",\"@graph\":[{\"@type\":\"WebPage\",\"@id\":\"https:\/\/litteraturbanken.se\/ljudochbild\/forfattare\/lybeckm\/\",\"url\":\"https:\/\/litteraturbanken.se\/ljudochbild\/forfattare\/lybeckm\/\",\"name\":\"Mikael Lybeck (1864\u20131925) - Ljud &amp; Bild\",\"isPartOf\":{\"@id\":\"https:\/\/litteraturbanken.se\/ljudochbild\/#website\"},\"primaryImageOfPage\":{\"@id\":\"https:\/\/litteraturbanken.se\/ljudochbild\/forfattare\/lybeckm\/#primaryimage\"},\"image\":{\"@id\":\"https:\/\/litteraturbanken.se\/ljudochbild\/forfattare\/lybeckm\/#primaryimage\"},\"thumbnailUrl\":\"https:\/\/litteraturbanken.se\/ljudochbild\/wp-content\/uploads\/2024\/09\/mikaellybeck.jpg\",\"datePublished\":\"2019-08-13T13:57:15+00:00\",\"dateModified\":\"2024-09-18T09:55:59+00:00\",\"breadcrumb\":{\"@id\":\"https:\/\/litteraturbanken.se\/ljudochbild\/forfattare\/lybeckm\/#breadcrumb\"},\"inLanguage\":\"sv-SE\",\"potentialAction\":[{\"@type\":\"ReadAction\",\"target\":[\"https:\/\/litteraturbanken.se\/ljudochbild\/forfattare\/lybeckm\/\"]}]},{\"@type\":\"ImageObject\",\"inLanguage\":\"sv-SE\",\"@id\":\"https:\/\/litteraturbanken.se\/ljudochbild\/forfattare\/lybeckm\/#primaryimage\",\"url\":\"https:\/\/litteraturbanken.se\/ljudochbild\/wp-content\/uploads\/2024\/09\/mikaellybeck.jpg\",\"contentUrl\":\"https:\/\/litteraturbanken.se\/ljudochbild\/wp-content\/uploads\/2024\/09\/mikaellybeck.jpg\",\"width\":1200,\"height\":1581,\"caption\":\"Mikael Lybeck\"},{\"@type\":\"BreadcrumbList\",\"@id\":\"https:\/\/litteraturbanken.se\/ljudochbild\/forfattare\/lybeckm\/#breadcrumb\",\"itemListElement\":[{\"@type\":\"ListItem\",\"position\":1,\"name\":\"Hem\",\"item\":\"https:\/\/litteraturbanken.se\/ljudochbild\/\"},{\"@type\":\"ListItem\",\"position\":2,\"name\":\"F\u00f6rfattare\",\"item\":\"https:\/\/litteraturbanken.se\/ljudochbild\/forfattare\/\"},{\"@type\":\"ListItem\",\"position\":3,\"name\":\"Mikael Lybeck (1864\u20131925)\"}]},{\"@type\":\"WebSite\",\"@id\":\"https:\/\/litteraturbanken.se\/ljudochbild\/#website\",\"url\":\"https:\/\/litteraturbanken.se\/ljudochbild\/\",\"name\":\"Ljud & Bild\",\"description\":\"Ur Litteraturbankens samlingar\",\"potentialAction\":[{\"@type\":\"SearchAction\",\"target\":{\"@type\":\"EntryPoint\",\"urlTemplate\":\"https:\/\/litteraturbanken.se\/ljudochbild\/?s={search_term_string}\"},\"query-input\":{\"@type\":\"PropertyValueSpecification\",\"valueRequired\":true,\"valueName\":\"search_term_string\"}}],\"inLanguage\":\"sv-SE\"}]}<\/script>\n<!-- \/ Yoast SEO plugin. -->","yoast_head_json":{"title":"Mikael Lybeck (1864\u20131925) - Ljud &amp; Bild","robots":{"index":"index","follow":"follow","max-snippet":"max-snippet:-1","max-image-preview":"max-image-preview:large","max-video-preview":"max-video-preview:-1"},"canonical":"https:\/\/litteraturbanken.se\/ljudochbild\/forfattare\/lybeckm\/","og_locale":"sv_SE","og_type":"article","og_title":"Mikael Lybeck (1864\u20131925) - Ljud &amp; Bild","og_description":"\u201dMIKAEL LYBECK (1864\u20131925), f\u00f6dd i Nykarleby, var systerson till Zacharias Topelius hustru. Efter studier i Helsingfors och en l\u00e4ngre resa i norra Europa debuterade han 1890 med samlingen&nbsp;Dikter; denna f\u00f6ljdes sedan av ytterligare tv\u00e5 samlingar med samma titel, [&hellip;]","og_url":"https:\/\/litteraturbanken.se\/ljudochbild\/forfattare\/lybeckm\/","og_site_name":"Ljud &amp; Bild","article_publisher":"https:\/\/www.facebook.com\/Litteraturbanken.se","article_modified_time":"2024-09-18T09:55:59+00:00","og_image":[{"width":1200,"height":1581,"url":"https:\/\/litteraturbanken.se\/ljudochbild\/wp-content\/uploads\/2024\/09\/mikaellybeck.jpg","type":"image\/jpeg"}],"twitter_card":"summary_large_image","twitter_site":"@litteraturbank","twitter_misc":{"Ber\u00e4knad l\u00e4stid":"2 minuter"},"schema":{"@context":"https:\/\/schema.org","@graph":[{"@type":"WebPage","@id":"https:\/\/litteraturbanken.se\/ljudochbild\/forfattare\/lybeckm\/","url":"https:\/\/litteraturbanken.se\/ljudochbild\/forfattare\/lybeckm\/","name":"Mikael Lybeck (1864\u20131925) - Ljud &amp; Bild","isPartOf":{"@id":"https:\/\/litteraturbanken.se\/ljudochbild\/#website"},"primaryImageOfPage":{"@id":"https:\/\/litteraturbanken.se\/ljudochbild\/forfattare\/lybeckm\/#primaryimage"},"image":{"@id":"https:\/\/litteraturbanken.se\/ljudochbild\/forfattare\/lybeckm\/#primaryimage"},"thumbnailUrl":"https:\/\/litteraturbanken.se\/ljudochbild\/wp-content\/uploads\/2024\/09\/mikaellybeck.jpg","datePublished":"2019-08-13T13:57:15+00:00","dateModified":"2024-09-18T09:55:59+00:00","breadcrumb":{"@id":"https:\/\/litteraturbanken.se\/ljudochbild\/forfattare\/lybeckm\/#breadcrumb"},"inLanguage":"sv-SE","potentialAction":[{"@type":"ReadAction","target":["https:\/\/litteraturbanken.se\/ljudochbild\/forfattare\/lybeckm\/"]}]},{"@type":"ImageObject","inLanguage":"sv-SE","@id":"https:\/\/litteraturbanken.se\/ljudochbild\/forfattare\/lybeckm\/#primaryimage","url":"https:\/\/litteraturbanken.se\/ljudochbild\/wp-content\/uploads\/2024\/09\/mikaellybeck.jpg","contentUrl":"https:\/\/litteraturbanken.se\/ljudochbild\/wp-content\/uploads\/2024\/09\/mikaellybeck.jpg","width":1200,"height":1581,"caption":"Mikael Lybeck"},{"@type":"BreadcrumbList","@id":"https:\/\/litteraturbanken.se\/ljudochbild\/forfattare\/lybeckm\/#breadcrumb","itemListElement":[{"@type":"ListItem","position":1,"name":"Hem","item":"https:\/\/litteraturbanken.se\/ljudochbild\/"},{"@type":"ListItem","position":2,"name":"F\u00f6rfattare","item":"https:\/\/litteraturbanken.se\/ljudochbild\/forfattare\/"},{"@type":"ListItem","position":3,"name":"Mikael Lybeck (1864\u20131925)"}]},{"@type":"WebSite","@id":"https:\/\/litteraturbanken.se\/ljudochbild\/#website","url":"https:\/\/litteraturbanken.se\/ljudochbild\/","name":"Ljud & Bild","description":"Ur Litteraturbankens samlingar","potentialAction":[{"@type":"SearchAction","target":{"@type":"EntryPoint","urlTemplate":"https:\/\/litteraturbanken.se\/ljudochbild\/?s={search_term_string}"},"query-input":{"@type":"PropertyValueSpecification","valueRequired":true,"valueName":"search_term_string"}}],"inLanguage":"sv-SE"}]}},"_links":{"self":[{"href":"https:\/\/litteraturbanken.se\/ljudochbild\/wp-json\/wp\/v2\/pages\/669","targetHints":{"allow":["GET"]}}],"collection":[{"href":"https:\/\/litteraturbanken.se\/ljudochbild\/wp-json\/wp\/v2\/pages"}],"about":[{"href":"https:\/\/litteraturbanken.se\/ljudochbild\/wp-json\/wp\/v2\/types\/page"}],"author":[{"embeddable":true,"href":"https:\/\/litteraturbanken.se\/ljudochbild\/wp-json\/wp\/v2\/users\/1"}],"replies":[{"embeddable":true,"href":"https:\/\/litteraturbanken.se\/ljudochbild\/wp-json\/wp\/v2\/comments?post=669"}],"version-history":[{"count":10,"href":"https:\/\/litteraturbanken.se\/ljudochbild\/wp-json\/wp\/v2\/pages\/669\/revisions"}],"predecessor-version":[{"id":12335,"href":"https:\/\/litteraturbanken.se\/ljudochbild\/wp-json\/wp\/v2\/pages\/669\/revisions\/12335"}],"up":[{"embeddable":true,"href":"https:\/\/litteraturbanken.se\/ljudochbild\/wp-json\/wp\/v2\/pages\/7"}],"wp:featuredmedia":[{"embeddable":true,"href":"https:\/\/litteraturbanken.se\/ljudochbild\/wp-json\/wp\/v2\/media\/12333"}],"wp:attachment":[{"href":"https:\/\/litteraturbanken.se\/ljudochbild\/wp-json\/wp\/v2\/media?parent=669"}],"curies":[{"name":"wp","href":"https:\/\/api.w.org\/{rel}","templated":true}]}}