{"id":675,"date":"2019-08-13T15:59:33","date_gmt":"2019-08-13T13:59:33","guid":{"rendered":"http:\/\/ordfabriken.org\/ljud\/?page_id=675"},"modified":"2024-09-17T10:53:10","modified_gmt":"2024-09-17T08:53:10","slug":"neandere","status":"publish","type":"page","link":"https:\/\/litteraturbanken.se\/ljudochbild\/forfattare\/neandere\/","title":{"rendered":"Eva Neander (1921\u20131950)"},"content":{"rendered":"<div class=\"wp-block-image\">\n<figure class=\"alignright size-medium\"><img loading=\"lazy\" decoding=\"async\" width=\"238\" height=\"300\" src=\"https:\/\/litteraturbanken.se\/ljudochbild\/wp-content\/uploads\/2020\/03\/neander-238x300.jpg\" alt=\"\" class=\"wp-image-3436\" srcset=\"https:\/\/litteraturbanken.se\/ljudochbild\/wp-content\/uploads\/2020\/03\/neander-238x300.jpg 238w, https:\/\/litteraturbanken.se\/ljudochbild\/wp-content\/uploads\/2020\/03\/neander-480x606.jpg 480w, https:\/\/litteraturbanken.se\/ljudochbild\/wp-content\/uploads\/2020\/03\/neander.jpg 700w\" sizes=\"auto, (max-width: 238px) 100vw, 238px\" \/><\/figure>\n<\/div>\n\n\n<p>\u201dEVA NEANDER (1921\u20131950) b\u00f6rjade sin skribentbana p\u00e5\u00a0<em>V\u00e4stg\u00f6ta-Demokraten<\/em>\u00a0i Bor\u00e5s, d\u00e4r hon arbetade som korrekturl\u00e4sare, men \u00e4ven skrev k\u00e5serier, filmkritik och dikter. Med novellen \u201dVilse\u201d vann hon f\u00f6rlaget \u00c5hl\u00e9n &amp; \u00c5kerlunds novellt\u00e4vling 1945. Hon utvidgade ber\u00e4ttelsen till debutromanen\u00a0<em>Dimman<\/em>\u00a0(1946). Huvudperson \u00e4r d\u00e4r den unga Bitte som upplever sig vara skild fr\u00e5n v\u00e4rlden av en, p\u00e5 samma g\u00e5ng skr\u00e4mmande och skyddande, dimma. Genom denna dimma gestaltar Neander den stundtals motstridiga \u00f6nskan om att h\u00f6ra till en gemenskap, men \u00e4nd\u00e5 vara sin egen. Bitte k\u00e4nner f\u00f6rakt f\u00f6r sina medm\u00e4nniskor, men ocks\u00e5 k\u00e4rlek. Utanf\u00f6rskapet ger frihet, men leder ocks\u00e5 till ensamhet. Tematiken \u00e5terkommer i romanen\u00a0<em>Staden<\/em>\u00a0(1947), d\u00e4r flera kvinno\u00f6den skildras utifr\u00e5n frihetens och anpassningens dilemma. Kvinnans bundenhet vid hemmet och hemarbetet och frustationen \u00f6ver att inte sj\u00e4lv kunna p\u00e5verka sitt liv eller fullt ta del av livets alla m\u00f6jligheter kommer h\u00e4r till starkt uttryck i skildringar av k\u00e4rleksl\u00f6sa och fj\u00e4ttrande \u00e4ktenskap.\u201d<\/p>\n\n\n\n<p>Stycket ovanf\u00f6r kommer ur Lotta Lotass introduktion av Eva Neander hos Litteraturbanken.<\/p>\n\n\n\n<div class=\"wp-block-buttons is-layout-flex wp-block-buttons-is-layout-flex\">\n<div class=\"wp-block-button has-custom-font-size read-more-button\" style=\"font-size:14px\"><a class=\"wp-block-button__link has-white-color has-text-color has-background wp-element-button\" href=\"https:\/\/litteraturbanken.se\/f%C3%B6rfattare\/NeanderE\" style=\"border-radius:0px;background-color:#cd2400\" target=\"_blank\" rel=\"noopener\"><strong>L\u00c4S MER OM EVA NEANDER<\/strong><\/a><\/div>\n\n\n\n<div class=\"wp-block-button has-custom-font-size read-more-button\" style=\"font-size:14px\"><a class=\"wp-block-button__link has-white-color has-text-color has-background wp-element-button\" href=\"https:\/\/litteraturbanken.se\/f%C3%B6rfattare\/NeanderE\/titlar\" style=\"border-radius:0px;background-color:#cd2400\" target=\"_blank\" rel=\"noopener\"><strong>L\u00c4S EVA NEANDERS VERK HOS LB.SE<\/strong><\/a><\/div>\n<\/div>\n\n\n\n<div style=\"height:31px\" aria-hidden=\"true\" class=\"wp-block-spacer\"><\/div>\n\n\n\n<p>I den nedre spellistan finner du andras inl\u00e4sningar av Eva Neanders texter. I den \u00f6vre \u00e5terfinns s\u00e5vitt vi vet den enda inspelningen av Neanders r\u00f6st \u2013 fr\u00e5n ett radioprogram fr\u00e5n 1947, \u201dLitterat\u00f6rer i isolering\u201d.<\/p>\n\n\n\n<p><em>Inspelningen publiceras med tillst\u00e5nd fr\u00e5n Sveriges Radio.<\/em><\/p>\n\n\n\n<div class=\"wp-playlist wp-audio-playlist wp-playlist-light\">\n\t\t\t<div class=\"wp-playlist-current-item\"><\/div>\n\t\t<audio controls=\"controls\" preload=\"none\" width=\"618\"\n\t\t\t><\/audio>\n\t<div class=\"wp-playlist-next\"><\/div>\n\t<div class=\"wp-playlist-prev\"><\/div>\n\t<noscript>\n\t<ol>\n\t\t<li><a href='https:\/\/litteraturbanken.se\/ljudochbild\/wp-content\/uploads\/2020\/03\/neander_litteratorerisolering_1947.mp3'>Litterat\u00f6rer i isolering: \u201dD\u00f6d idyll\u201d<\/a><\/li>\t<\/ol>\n\t<\/noscript>\n\t<script type=\"application\/json\" class=\"wp-playlist-script\">{\"type\":\"audio\",\"tracklist\":true,\"tracknumbers\":true,\"images\":true,\"artists\":true,\"tracks\":[{\"src\":\"https:\/\/litteraturbanken.se\/ljudochbild\/wp-content\/uploads\/2020\/03\/neander_litteratorerisolering_1947.mp3\",\"type\":\"audio\/mpeg\",\"title\":\"Litterat\\u00f6rer i isolering: \\u201dD\\u00f6d idyll\\u201d\",\"caption\":\"\",\"description\":\"\\\"Litterat\\u00f6rer i isolering\\\" fr\\u00e5n Eva Neander i Litterat\\u00f6rer i isolering 1947 av Neander, Eva. Sl\\u00e4ppt: 1947.\",\"meta\":{\"artist\":\"Eva Neander i Litterat\\u00f6rer i isolering 1947\",\"album\":\"Eva Neander\"},\"image\":{\"src\":\"https:\/\/litteraturbanken.se\/ljudochbild\/wp-content\/uploads\/2019\/09\/lb_albumart-1.png\",\"width\":580,\"height\":612},\"thumb\":{\"src\":\"https:\/\/litteraturbanken.se\/ljudochbild\/wp-content\/uploads\/2019\/09\/lb_albumart-1-150x150.png\",\"width\":150,\"height\":150}}]}<\/script>\n<\/div>\n\t\n\n\n\n<div class=\"wp-playlist wp-audio-playlist wp-playlist-light\">\n\t\t\t<div class=\"wp-playlist-current-item\"><\/div>\n\t\t<audio controls=\"controls\" preload=\"none\" width=\"618\"\n\t\t\t><\/audio>\n\t<div class=\"wp-playlist-next\"><\/div>\n\t<div class=\"wp-playlist-prev\"><\/div>\n\t<noscript>\n\t<ol>\n\t\t<li><a href='https:\/\/litteraturbanken.se\/ljudochbild\/wp-content\/uploads\/2019\/09\/neander_densmutsigadansosen_mattson.mp3'>Den smutsiga dans\u00f6sen<\/a><\/li><li><a href='https:\/\/litteraturbanken.se\/ljudochbild\/wp-content\/uploads\/2023\/09\/neander_ejharjagdragitenringomdej_camillasundberg.mp3'>Ej har jag dragit en ring om dej<\/a><\/li><li><a href='https:\/\/litteraturbanken.se\/ljudochbild\/wp-content\/uploads\/2019\/09\/neander_inmysolitude_schiefauer.mp3'>In my solitude<\/a><\/li><li><a href='https:\/\/litteraturbanken.se\/ljudochbild\/wp-content\/uploads\/2020\/02\/neander_staden_elam.mp3'>Staden<\/a><\/li>\t<\/ol>\n\t<\/noscript>\n\t<script type=\"application\/json\" class=\"wp-playlist-script\">{\"type\":\"audio\",\"tracklist\":true,\"tracknumbers\":true,\"images\":true,\"artists\":true,\"tracks\":[{\"src\":\"https:\/\/litteraturbanken.se\/ljudochbild\/wp-content\/uploads\/2019\/09\/neander_densmutsigadansosen_mattson.mp3\",\"type\":\"audio\/mpeg\",\"title\":\"Den smutsiga dans\\u00f6sen\",\"caption\":\"\",\"description\":\"\\\"Den smutsiga dans\\u00f6sen\\\" fr\\u00e5n Ellen Mattson av Neander, Eva.\",\"meta\":{\"artist\":\"Ellen Mattson l\\u00e4ser Eva Neander\",\"album\":\"Eva Neander\",\"length_formatted\":\"3:12\"},\"image\":{\"src\":\"https:\/\/litteraturbanken.se\/ljudochbild\/wp-content\/plugins\/media-library-assistant\/images\/crystal\/audio.png\",\"width\":48,\"height\":64},\"thumb\":{\"src\":\"https:\/\/litteraturbanken.se\/ljudochbild\/wp-content\/plugins\/media-library-assistant\/images\/crystal\/audio.png\",\"width\":48,\"height\":64}},{\"src\":\"https:\/\/litteraturbanken.se\/ljudochbild\/wp-content\/uploads\/2023\/09\/neander_ejharjagdragitenringomdej_camillasundberg.mp3\",\"type\":\"audio\/mpeg\",\"title\":\"Ej har jag dragit en ring om dej\",\"caption\":\"\",\"description\":\"\\u201dEj har jag dragit en ring om dej\\u201d fr\\u00e5n Eva Neander av Camilla Sundberg l\\u00e4ser Eva Neander. Sl\\u00e4ppt: 2023.\",\"meta\":{\"artist\":\"Camilla Sundberg l\\u00e4ser Eva Neander\",\"album\":\"Eva Neander\",\"year\":\"2023\",\"length_formatted\":\"0:29\"},\"image\":{\"src\":\"https:\/\/litteraturbanken.se\/ljudochbild\/wp-content\/uploads\/2023\/09\/boye_irorelse_dantemunneojediran-mp3-image.png\",\"width\":580,\"height\":612},\"thumb\":{\"src\":\"https:\/\/litteraturbanken.se\/ljudochbild\/wp-content\/uploads\/2023\/09\/boye_irorelse_dantemunneojediran-mp3-image-150x150.png\",\"width\":150,\"height\":150}},{\"src\":\"https:\/\/litteraturbanken.se\/ljudochbild\/wp-content\/uploads\/2019\/09\/neander_inmysolitude_schiefauer.mp3\",\"type\":\"audio\/mpeg\",\"title\":\"In my solitude\",\"caption\":\"\",\"description\":\"\\\"In my solitude\\\" fr\\u00e5n Jessica Schiefauer l\\u00e4ser \\u201dIn my solitude\\u201d av Neander, Eva. Sl\\u00e4ppt: 2019. Sp\\u00e5r 2 av 10.\",\"meta\":{\"artist\":\"Jessica Schiefauer l\\u00e4ser Eva Neander\",\"album\":\"Eva Neander\",\"year\":\"2019\",\"length_formatted\":\"12:17\"},\"image\":{\"src\":\"https:\/\/litteraturbanken.se\/ljudochbild\/wp-content\/plugins\/media-library-assistant\/images\/crystal\/audio.png\",\"width\":48,\"height\":64},\"thumb\":{\"src\":\"https:\/\/litteraturbanken.se\/ljudochbild\/wp-content\/plugins\/media-library-assistant\/images\/crystal\/audio.png\",\"width\":48,\"height\":64}},{\"src\":\"https:\/\/litteraturbanken.se\/ljudochbild\/wp-content\/uploads\/2020\/02\/neander_staden_elam.mp3\",\"type\":\"audio\/mpeg\",\"title\":\"Staden\",\"caption\":\"\",\"description\":\"\\\"Staden\\\" fr\\u00e5n Ingrid Elam l\\u00e4ser svenska noveller av Neander, Eva. Sl\\u00e4ppt: 2020. Sp\\u00e5r 9.\",\"meta\":{\"artist\":\"Ingrid Elam l\\u00e4ser Eva Neander\",\"album\":\"Eva Neander\",\"year\":\"2020\",\"length_formatted\":\"8:53\"},\"image\":{\"src\":\"https:\/\/litteraturbanken.se\/ljudochbild\/wp-content\/uploads\/2019\/09\/wide_gub_wide-mp3-image.png\",\"width\":580,\"height\":612},\"thumb\":{\"src\":\"https:\/\/litteraturbanken.se\/ljudochbild\/wp-content\/uploads\/2019\/09\/wide_gub_wide-mp3-image-150x150.png\",\"width\":150,\"height\":150}}]}<\/script>\n<\/div>\n\t\n\n\n<h3 class=\"wp-block-heading author-related-title\">L\u00e4s mer<\/h3>\r\n<div class=\"display-posts-listing grid\"><div class=\"listing-item\"><a class=\"image\" href=\"https:\/\/litteraturbanken.se\/ljudochbild\/2020\/03\/17\/eva-neanders-rost\/\"><img loading=\"lazy\" decoding=\"async\" width=\"640\" height=\"808\" src=\"https:\/\/litteraturbanken.se\/ljudochbild\/wp-content\/uploads\/2020\/03\/neander.jpg\" class=\"attachment-large size-large wp-post-image\" alt=\"\" srcset=\"https:\/\/litteraturbanken.se\/ljudochbild\/wp-content\/uploads\/2020\/03\/neander.jpg 700w, https:\/\/litteraturbanken.se\/ljudochbild\/wp-content\/uploads\/2020\/03\/neander-238x300.jpg 238w, https:\/\/litteraturbanken.se\/ljudochbild\/wp-content\/uploads\/2020\/03\/neander-480x606.jpg 480w\" sizes=\"auto, (max-width: 640px) 100vw, 640px\" \/><\/a> <a class=\"title\" href=\"https:\/\/litteraturbanken.se\/ljudochbild\/2020\/03\/17\/eva-neanders-rost\/\">Eva Neanders r\u00f6st<\/a><\/div><div class=\"listing-item\"><a class=\"image\" href=\"https:\/\/litteraturbanken.se\/ljudochbild\/2019\/09\/22\/in-my-solitude\/\"><img loading=\"lazy\" decoding=\"async\" width=\"640\" height=\"721\" src=\"https:\/\/litteraturbanken.se\/ljudochbild\/wp-content\/uploads\/2019\/09\/54731070_10157027153919761_2322389121613430784_o-e1568812226118-909x1024.jpg\" class=\"attachment-large size-large wp-post-image\" alt=\"\" srcset=\"https:\/\/litteraturbanken.se\/ljudochbild\/wp-content\/uploads\/2019\/09\/54731070_10157027153919761_2322389121613430784_o-e1568812226118-909x1024.jpg 909w, https:\/\/litteraturbanken.se\/ljudochbild\/wp-content\/uploads\/2019\/09\/54731070_10157027153919761_2322389121613430784_o-e1568812226118-266x300.jpg 266w, https:\/\/litteraturbanken.se\/ljudochbild\/wp-content\/uploads\/2019\/09\/54731070_10157027153919761_2322389121613430784_o-e1568812226118-768x865.jpg 768w, https:\/\/litteraturbanken.se\/ljudochbild\/wp-content\/uploads\/2019\/09\/54731070_10157027153919761_2322389121613430784_o-e1568812226118-480x541.jpg 480w\" sizes=\"auto, (max-width: 640px) 100vw, 640px\" \/><\/a> <a class=\"title\" href=\"https:\/\/litteraturbanken.se\/ljudochbild\/2019\/09\/22\/in-my-solitude\/\">In my solitude<\/a><\/div><div class=\"listing-item\"><a class=\"image\" href=\"https:\/\/litteraturbanken.se\/ljudochbild\/2020\/09\/29\/laslovet-2020\/\"><img loading=\"lazy\" decoding=\"async\" width=\"640\" height=\"819\" src=\"https:\/\/litteraturbanken.se\/ljudochbild\/wp-content\/uploads\/2020\/09\/DP72078_cyan.jpg\" class=\"attachment-large size-large wp-post-image\" alt=\"\" srcset=\"https:\/\/litteraturbanken.se\/ljudochbild\/wp-content\/uploads\/2020\/09\/DP72078_cyan.jpg 700w, https:\/\/litteraturbanken.se\/ljudochbild\/wp-content\/uploads\/2020\/09\/DP72078_cyan-234x300.jpg 234w, https:\/\/litteraturbanken.se\/ljudochbild\/wp-content\/uploads\/2020\/09\/DP72078_cyan-480x614.jpg 480w\" sizes=\"auto, (max-width: 640px) 100vw, 640px\" \/><\/a> <a class=\"title\" href=\"https:\/\/litteraturbanken.se\/ljudochbild\/2020\/09\/29\/laslovet-2020\/\">L\u00e4slovet 2020<\/a><\/div><\/div>\r\n\r\n\n","protected":false},"excerpt":{"rendered":"<p>\u201dEVA NEANDER (1921\u20131950) b\u00f6rjade sin skribentbana p\u00e5\u00a0V\u00e4stg\u00f6ta-Demokraten\u00a0i Bor\u00e5s, d\u00e4r hon arbetade som korrekturl\u00e4sare, men \u00e4ven skrev k\u00e5serier, filmkritik och dikter. Med novellen \u201dVilse\u201d vann hon f\u00f6rlaget \u00c5hl\u00e9n &amp; \u00c5kerlunds novellt\u00e4vling 1945. Hon utvidgade ber\u00e4ttelsen till debutromanen\u00a0Dimman\u00a0(1946). Huvudperson \u00e4r [&hellip;]<\/p>\n","protected":false},"author":1,"featured_media":3436,"parent":7,"menu_order":0,"comment_status":"closed","ping_status":"closed","template":"","meta":{"footnotes":""},"class_list":["post-675","page","type-page","status-publish","has-post-thumbnail","hentry"],"yoast_head":"<!-- This site is optimized with the Yoast SEO plugin v27.1.1 - https:\/\/yoast.com\/product\/yoast-seo-wordpress\/ -->\n<title>Eva Neander (1921\u20131950) - Ljud &amp; Bild<\/title>\n<meta name=\"robots\" content=\"index, follow, max-snippet:-1, max-image-preview:large, max-video-preview:-1\" \/>\n<link rel=\"canonical\" href=\"https:\/\/litteraturbanken.se\/ljudochbild\/forfattare\/neandere\/\" \/>\n<meta property=\"og:locale\" content=\"sv_SE\" \/>\n<meta property=\"og:type\" content=\"article\" \/>\n<meta property=\"og:title\" content=\"Eva Neander (1921\u20131950) - Ljud &amp; Bild\" \/>\n<meta property=\"og:description\" content=\"\u201dEVA NEANDER (1921\u20131950) b\u00f6rjade sin skribentbana p\u00e5\u00a0V\u00e4stg\u00f6ta-Demokraten\u00a0i Bor\u00e5s, d\u00e4r hon arbetade som korrekturl\u00e4sare, men \u00e4ven skrev k\u00e5serier, filmkritik och dikter. Med novellen \u201dVilse\u201d vann hon f\u00f6rlaget \u00c5hl\u00e9n &amp; \u00c5kerlunds novellt\u00e4vling 1945. Hon utvidgade ber\u00e4ttelsen till debutromanen\u00a0Dimman\u00a0(1946). Huvudperson \u00e4r [&hellip;]\" \/>\n<meta property=\"og:url\" content=\"https:\/\/litteraturbanken.se\/ljudochbild\/forfattare\/neandere\/\" \/>\n<meta property=\"og:site_name\" content=\"Ljud &amp; Bild\" \/>\n<meta property=\"article:publisher\" content=\"https:\/\/www.facebook.com\/Litteraturbanken.se\" \/>\n<meta property=\"article:modified_time\" content=\"2024-09-17T08:53:10+00:00\" \/>\n<meta property=\"og:image\" content=\"https:\/\/litteraturbanken.se\/ljudochbild\/wp-content\/uploads\/2020\/03\/neander.jpg\" \/>\n\t<meta property=\"og:image:width\" content=\"700\" \/>\n\t<meta property=\"og:image:height\" content=\"884\" \/>\n\t<meta property=\"og:image:type\" content=\"image\/jpeg\" \/>\n<meta name=\"twitter:card\" content=\"summary_large_image\" \/>\n<meta name=\"twitter:site\" content=\"@litteraturbank\" \/>\n<meta name=\"twitter:label1\" content=\"Ber\u00e4knad l\u00e4stid\" \/>\n\t<meta name=\"twitter:data1\" content=\"2 minuter\" \/>\n<script type=\"application\/ld+json\" class=\"yoast-schema-graph\">{\"@context\":\"https:\/\/schema.org\",\"@graph\":[{\"@type\":\"WebPage\",\"@id\":\"https:\/\/litteraturbanken.se\/ljudochbild\/forfattare\/neandere\/\",\"url\":\"https:\/\/litteraturbanken.se\/ljudochbild\/forfattare\/neandere\/\",\"name\":\"Eva Neander (1921\u20131950) - Ljud &amp; Bild\",\"isPartOf\":{\"@id\":\"https:\/\/litteraturbanken.se\/ljudochbild\/#website\"},\"primaryImageOfPage\":{\"@id\":\"https:\/\/litteraturbanken.se\/ljudochbild\/forfattare\/neandere\/#primaryimage\"},\"image\":{\"@id\":\"https:\/\/litteraturbanken.se\/ljudochbild\/forfattare\/neandere\/#primaryimage\"},\"thumbnailUrl\":\"https:\/\/litteraturbanken.se\/ljudochbild\/wp-content\/uploads\/2020\/03\/neander.jpg\",\"datePublished\":\"2019-08-13T13:59:33+00:00\",\"dateModified\":\"2024-09-17T08:53:10+00:00\",\"breadcrumb\":{\"@id\":\"https:\/\/litteraturbanken.se\/ljudochbild\/forfattare\/neandere\/#breadcrumb\"},\"inLanguage\":\"sv-SE\",\"potentialAction\":[{\"@type\":\"ReadAction\",\"target\":[\"https:\/\/litteraturbanken.se\/ljudochbild\/forfattare\/neandere\/\"]}]},{\"@type\":\"ImageObject\",\"inLanguage\":\"sv-SE\",\"@id\":\"https:\/\/litteraturbanken.se\/ljudochbild\/forfattare\/neandere\/#primaryimage\",\"url\":\"https:\/\/litteraturbanken.se\/ljudochbild\/wp-content\/uploads\/2020\/03\/neander.jpg\",\"contentUrl\":\"https:\/\/litteraturbanken.se\/ljudochbild\/wp-content\/uploads\/2020\/03\/neander.jpg\",\"width\":700,\"height\":884},{\"@type\":\"BreadcrumbList\",\"@id\":\"https:\/\/litteraturbanken.se\/ljudochbild\/forfattare\/neandere\/#breadcrumb\",\"itemListElement\":[{\"@type\":\"ListItem\",\"position\":1,\"name\":\"Hem\",\"item\":\"https:\/\/litteraturbanken.se\/ljudochbild\/\"},{\"@type\":\"ListItem\",\"position\":2,\"name\":\"F\u00f6rfattare\",\"item\":\"https:\/\/litteraturbanken.se\/ljudochbild\/forfattare\/\"},{\"@type\":\"ListItem\",\"position\":3,\"name\":\"Eva Neander (1921\u20131950)\"}]},{\"@type\":\"WebSite\",\"@id\":\"https:\/\/litteraturbanken.se\/ljudochbild\/#website\",\"url\":\"https:\/\/litteraturbanken.se\/ljudochbild\/\",\"name\":\"Ljud & Bild\",\"description\":\"Ur Litteraturbankens samlingar\",\"potentialAction\":[{\"@type\":\"SearchAction\",\"target\":{\"@type\":\"EntryPoint\",\"urlTemplate\":\"https:\/\/litteraturbanken.se\/ljudochbild\/?s={search_term_string}\"},\"query-input\":{\"@type\":\"PropertyValueSpecification\",\"valueRequired\":true,\"valueName\":\"search_term_string\"}}],\"inLanguage\":\"sv-SE\"}]}<\/script>\n<!-- \/ Yoast SEO plugin. -->","yoast_head_json":{"title":"Eva Neander (1921\u20131950) - Ljud &amp; Bild","robots":{"index":"index","follow":"follow","max-snippet":"max-snippet:-1","max-image-preview":"max-image-preview:large","max-video-preview":"max-video-preview:-1"},"canonical":"https:\/\/litteraturbanken.se\/ljudochbild\/forfattare\/neandere\/","og_locale":"sv_SE","og_type":"article","og_title":"Eva Neander (1921\u20131950) - Ljud &amp; Bild","og_description":"\u201dEVA NEANDER (1921\u20131950) b\u00f6rjade sin skribentbana p\u00e5\u00a0V\u00e4stg\u00f6ta-Demokraten\u00a0i Bor\u00e5s, d\u00e4r hon arbetade som korrekturl\u00e4sare, men \u00e4ven skrev k\u00e5serier, filmkritik och dikter. Med novellen \u201dVilse\u201d vann hon f\u00f6rlaget \u00c5hl\u00e9n &amp; \u00c5kerlunds novellt\u00e4vling 1945. Hon utvidgade ber\u00e4ttelsen till debutromanen\u00a0Dimman\u00a0(1946). Huvudperson \u00e4r [&hellip;]","og_url":"https:\/\/litteraturbanken.se\/ljudochbild\/forfattare\/neandere\/","og_site_name":"Ljud &amp; Bild","article_publisher":"https:\/\/www.facebook.com\/Litteraturbanken.se","article_modified_time":"2024-09-17T08:53:10+00:00","og_image":[{"width":700,"height":884,"url":"https:\/\/litteraturbanken.se\/ljudochbild\/wp-content\/uploads\/2020\/03\/neander.jpg","type":"image\/jpeg"}],"twitter_card":"summary_large_image","twitter_site":"@litteraturbank","twitter_misc":{"Ber\u00e4knad l\u00e4stid":"2 minuter"},"schema":{"@context":"https:\/\/schema.org","@graph":[{"@type":"WebPage","@id":"https:\/\/litteraturbanken.se\/ljudochbild\/forfattare\/neandere\/","url":"https:\/\/litteraturbanken.se\/ljudochbild\/forfattare\/neandere\/","name":"Eva Neander (1921\u20131950) - Ljud &amp; Bild","isPartOf":{"@id":"https:\/\/litteraturbanken.se\/ljudochbild\/#website"},"primaryImageOfPage":{"@id":"https:\/\/litteraturbanken.se\/ljudochbild\/forfattare\/neandere\/#primaryimage"},"image":{"@id":"https:\/\/litteraturbanken.se\/ljudochbild\/forfattare\/neandere\/#primaryimage"},"thumbnailUrl":"https:\/\/litteraturbanken.se\/ljudochbild\/wp-content\/uploads\/2020\/03\/neander.jpg","datePublished":"2019-08-13T13:59:33+00:00","dateModified":"2024-09-17T08:53:10+00:00","breadcrumb":{"@id":"https:\/\/litteraturbanken.se\/ljudochbild\/forfattare\/neandere\/#breadcrumb"},"inLanguage":"sv-SE","potentialAction":[{"@type":"ReadAction","target":["https:\/\/litteraturbanken.se\/ljudochbild\/forfattare\/neandere\/"]}]},{"@type":"ImageObject","inLanguage":"sv-SE","@id":"https:\/\/litteraturbanken.se\/ljudochbild\/forfattare\/neandere\/#primaryimage","url":"https:\/\/litteraturbanken.se\/ljudochbild\/wp-content\/uploads\/2020\/03\/neander.jpg","contentUrl":"https:\/\/litteraturbanken.se\/ljudochbild\/wp-content\/uploads\/2020\/03\/neander.jpg","width":700,"height":884},{"@type":"BreadcrumbList","@id":"https:\/\/litteraturbanken.se\/ljudochbild\/forfattare\/neandere\/#breadcrumb","itemListElement":[{"@type":"ListItem","position":1,"name":"Hem","item":"https:\/\/litteraturbanken.se\/ljudochbild\/"},{"@type":"ListItem","position":2,"name":"F\u00f6rfattare","item":"https:\/\/litteraturbanken.se\/ljudochbild\/forfattare\/"},{"@type":"ListItem","position":3,"name":"Eva Neander (1921\u20131950)"}]},{"@type":"WebSite","@id":"https:\/\/litteraturbanken.se\/ljudochbild\/#website","url":"https:\/\/litteraturbanken.se\/ljudochbild\/","name":"Ljud & Bild","description":"Ur Litteraturbankens samlingar","potentialAction":[{"@type":"SearchAction","target":{"@type":"EntryPoint","urlTemplate":"https:\/\/litteraturbanken.se\/ljudochbild\/?s={search_term_string}"},"query-input":{"@type":"PropertyValueSpecification","valueRequired":true,"valueName":"search_term_string"}}],"inLanguage":"sv-SE"}]}},"_links":{"self":[{"href":"https:\/\/litteraturbanken.se\/ljudochbild\/wp-json\/wp\/v2\/pages\/675","targetHints":{"allow":["GET"]}}],"collection":[{"href":"https:\/\/litteraturbanken.se\/ljudochbild\/wp-json\/wp\/v2\/pages"}],"about":[{"href":"https:\/\/litteraturbanken.se\/ljudochbild\/wp-json\/wp\/v2\/types\/page"}],"author":[{"embeddable":true,"href":"https:\/\/litteraturbanken.se\/ljudochbild\/wp-json\/wp\/v2\/users\/1"}],"replies":[{"embeddable":true,"href":"https:\/\/litteraturbanken.se\/ljudochbild\/wp-json\/wp\/v2\/comments?post=675"}],"version-history":[{"count":12,"href":"https:\/\/litteraturbanken.se\/ljudochbild\/wp-json\/wp\/v2\/pages\/675\/revisions"}],"predecessor-version":[{"id":12201,"href":"https:\/\/litteraturbanken.se\/ljudochbild\/wp-json\/wp\/v2\/pages\/675\/revisions\/12201"}],"up":[{"embeddable":true,"href":"https:\/\/litteraturbanken.se\/ljudochbild\/wp-json\/wp\/v2\/pages\/7"}],"wp:featuredmedia":[{"embeddable":true,"href":"https:\/\/litteraturbanken.se\/ljudochbild\/wp-json\/wp\/v2\/media\/3436"}],"wp:attachment":[{"href":"https:\/\/litteraturbanken.se\/ljudochbild\/wp-json\/wp\/v2\/media?parent=675"}],"curies":[{"name":"wp","href":"https:\/\/api.w.org\/{rel}","templated":true}]}}