{"id":679,"date":"2019-08-13T16:01:19","date_gmt":"2019-08-13T14:01:19","guid":{"rendered":"http:\/\/ordfabriken.org\/ljud\/?page_id=679"},"modified":"2024-09-17T11:03:06","modified_gmt":"2024-09-17T09:03:06","slug":"nybergjc","status":"publish","type":"page","link":"https:\/\/litteraturbanken.se\/ljudochbild\/forfattare\/nybergjc\/","title":{"rendered":"Julia Christina Nyberg (1785\u20131854)"},"content":{"rendered":"<div class=\"wp-block-image\">\n<figure class=\"alignright\"><img loading=\"lazy\" decoding=\"async\" width=\"218\" height=\"300\" src=\"https:\/\/litteraturbanken.se\/ljudochbild\/wp-content\/uploads\/2019\/08\/NybergJC_large-218x300.jpeg\" alt=\"\" class=\"wp-image-878\" srcset=\"https:\/\/litteraturbanken.se\/ljudochbild\/wp-content\/uploads\/2019\/08\/NybergJC_large-218x300.jpeg 218w, https:\/\/litteraturbanken.se\/ljudochbild\/wp-content\/uploads\/2019\/08\/NybergJC_large.jpeg 399w\" sizes=\"auto, (max-width: 218px) 100vw, 218px\" \/><\/figure>\n<\/div>\n\n\n<p>\u201dJULIA CHRISTINA NYBERG (1785\u20131854) \u00e4r k\u00e4nd under sin pseudonym Euphrosyne, vilken gavs henne av\u00a0<a href=\"https:\/\/litteraturbanken.se\/forfattare\/AtterbomPDA\">Atterbom<\/a>\u00a0d\u00e5 han publicerade hennes f\u00f6rsta alster i\u00a0<em>Poetisk kalender<\/em>\u00a0(1817). Med detta h\u00e4lsade han henne, som han sade, v\u00e4lkommen i \u201dden Svenska Vitterhetens tempelg\u00e5rd\u201d. I Atterbom fann Nyberg en v\u00e4lg\u00f6rare och litter\u00e4r mentor som gav henne r\u00e5d s\u00e5v\u00e4l i det personliga livet som i hennes skrivande. Nyberg skrev oftast idyller, men var ocks\u00e5 f\u00f6reg\u00e5ngare inom den filantropiska balladen, en under 1800-talets b\u00f6rjan mycket popul\u00e4r genre. Dessa versber\u00e4ttelsers syfte var att v\u00e4cka l\u00e4sarens medlidande med s\u00e4mre best\u00e4llda; av Nybergs penna kan n\u00e4mnas \u201dTvillingarna\u201d och \u201dTiggargossen\u201d. Sm\u00e5ningom kom Nyberg att frig\u00f6ra sig fr\u00e5n Atterboms starka inflytande.\u201d<\/p>\n\n\n\n<p>Stycket kommer ur Lotta Lotass introduktion av Julia Christina Nyberg hos Litteraturbanken.<\/p>\n\n\n\n<div class=\"wp-block-buttons is-layout-flex wp-block-buttons-is-layout-flex\">\n<div class=\"wp-block-button has-custom-font-size read-more-button\" style=\"font-size:14px\"><a class=\"wp-block-button__link has-white-color has-text-color has-background wp-element-button\" href=\"https:\/\/litteraturbanken.se\/f%C3%B6rfattare\/NybergJC\" style=\"border-radius:0px;background-color:#cd2400\" target=\"_blank\" rel=\"noopener\"><strong>L\u00c4S MER OM JULIA CHRISTINA NYBERG<\/strong><\/a><\/div>\n\n\n\n<div class=\"wp-block-button has-custom-font-size read-more-button\" style=\"font-size:14px\"><a class=\"wp-block-button__link has-white-color has-text-color has-background wp-element-button\" href=\"https:\/\/litteraturbanken.se\/f%C3%B6rfattare\/NybergJC\/titlar\" style=\"border-radius:0px;background-color:#cd2400\" target=\"_blank\" rel=\"noopener\"><strong>L\u00c4S JULIA CHRISTINA NYBERGS VERK HOS LB.SE<\/strong><\/a><\/div>\n<\/div>\n\n\n\n<div style=\"height:20px\" aria-hidden=\"true\" class=\"wp-block-spacer\"><\/div>\n\n\n\n<div class=\"wp-playlist wp-audio-playlist wp-playlist-light\">\n\t\t\t<div class=\"wp-playlist-current-item\"><\/div>\n\t\t<audio controls=\"controls\" preload=\"none\" width=\"618\"\n\t\t\t><\/audio>\n\t<div class=\"wp-playlist-next\"><\/div>\n\t<div class=\"wp-playlist-prev\"><\/div>\n\t<noscript>\n\t<ol>\n\t\t<li><a href='https:\/\/litteraturbanken.se\/ljudochbild\/wp-content\/uploads\/2019\/09\/nyberg_allmanklokhet_pleijel.mp3'>Allm\u00e4n klokhet<\/a><\/li><li><a href='https:\/\/litteraturbanken.se\/ljudochbild\/wp-content\/uploads\/2024\/09\/euphrosyne_sommardagen_endre.mp3'>Sommardagen<\/a><\/li>\t<\/ol>\n\t<\/noscript>\n\t<script type=\"application\/json\" class=\"wp-playlist-script\">{\"type\":\"audio\",\"tracklist\":true,\"tracknumbers\":true,\"images\":true,\"artists\":true,\"tracks\":[{\"src\":\"https:\/\/litteraturbanken.se\/ljudochbild\/wp-content\/uploads\/2019\/09\/nyberg_allmanklokhet_pleijel.mp3\",\"type\":\"audio\/mpeg\",\"title\":\"Allm\\u00e4n klokhet\",\"caption\":\"\",\"description\":\"\\\"Allm\\u00e4n klokhet\\\" fr\\u00e5n Allm\\u00e4n klokhet av Nyberg, Julia.\",\"meta\":{\"artist\":\"Agneta Pleijel l\\u00e4ser Julia Nyberg\",\"album\":\"Julia Nyberg\",\"length_formatted\":\"1:11\"},\"image\":{\"src\":\"https:\/\/litteraturbanken.se\/ljudochbild\/wp-content\/uploads\/2019\/09\/lb_albumart-2.png\",\"width\":580,\"height\":612},\"thumb\":{\"src\":\"https:\/\/litteraturbanken.se\/ljudochbild\/wp-content\/uploads\/2019\/09\/lb_albumart-2-150x150.png\",\"width\":150,\"height\":150}},{\"src\":\"https:\/\/litteraturbanken.se\/ljudochbild\/wp-content\/uploads\/2024\/09\/euphrosyne_sommardagen_endre.mp3\",\"type\":\"audio\/mpeg\",\"title\":\"Sommardagen\",\"caption\":\"\",\"description\":\"\\u201dSommardagen\\u201d fr\\u00e5n Julia Christina Nyberg l\\u00e4st av Lena Endre av Dikt 1593\\u20131939. Svensk och finlandssvensk lyrik i uppl\\u00e4sning av svenska och finlandssvenska sk\\u00e5despelare.\",\"meta\":{\"artist\":\"Lena Endre l\\u00e4ser Julia Christina Nyberg. Dikt 1593\\u20131939\",\"album\":\"Julia Christina Nyberg\",\"length_formatted\":\"4:09\"},\"image\":{\"src\":\"https:\/\/litteraturbanken.se\/ljudochbild\/wp-content\/uploads\/2024\/09\/almqvist_denlyssnandemaria_lindh-mp3-image.jpg\",\"width\":1200,\"height\":1201},\"thumb\":{\"src\":\"https:\/\/litteraturbanken.se\/ljudochbild\/wp-content\/uploads\/2024\/09\/almqvist_denlyssnandemaria_lindh-mp3-image-150x150.jpg\",\"width\":150,\"height\":150}}]}<\/script>\n<\/div>\n\t\n\n\n\n<hr class=\"wp-block-separator has-alpha-channel-opacity\"\/>\n\n\n\n<p><em>Inspelningarna tillg\u00e4ngligg\u00f6rs h\u00e4r med tillst\u00e5nd fr\u00e5n inl\u00e4sarna.<\/em><\/p>\n\n\n<h3 class=\"wp-block-heading author-related-title\">L\u00e4s mer<\/h3>\r\n<div class=\"display-posts-listing grid\"><div class=\"listing-item\"><a class=\"image\" href=\"https:\/\/litteraturbanken.se\/ljudochbild\/2023\/12\/13\/litteraturbankens-julklappslada\/\"><img loading=\"lazy\" decoding=\"async\" width=\"640\" height=\"748\" src=\"https:\/\/litteraturbanken.se\/ljudochbild\/wp-content\/uploads\/2023\/12\/julklappslada-876x1024.jpg\" class=\"attachment-large size-large wp-post-image\" alt=\"Litteraturbankens julklappsl\u00e5da\" srcset=\"https:\/\/litteraturbanken.se\/ljudochbild\/wp-content\/uploads\/2023\/12\/julklappslada-876x1024.jpg 876w, https:\/\/litteraturbanken.se\/ljudochbild\/wp-content\/uploads\/2023\/12\/julklappslada-257x300.jpg 257w, https:\/\/litteraturbanken.se\/ljudochbild\/wp-content\/uploads\/2023\/12\/julklappslada-768x898.jpg 768w, https:\/\/litteraturbanken.se\/ljudochbild\/wp-content\/uploads\/2023\/12\/julklappslada-480x561.jpg 480w, https:\/\/litteraturbanken.se\/ljudochbild\/wp-content\/uploads\/2023\/12\/julklappslada.jpg 1200w\" sizes=\"auto, (max-width: 640px) 100vw, 640px\" \/><\/a> <a class=\"title\" href=\"https:\/\/litteraturbanken.se\/ljudochbild\/2023\/12\/13\/litteraturbankens-julklappslada\/\">Julklappsl\u00e5dan 2023<\/a><\/div><\/div>\r\n\r\n\n","protected":false},"excerpt":{"rendered":"<p>\u201dJULIA CHRISTINA NYBERG (1785\u20131854) \u00e4r k\u00e4nd under sin pseudonym Euphrosyne, vilken gavs henne av\u00a0Atterbom\u00a0d\u00e5 han publicerade hennes f\u00f6rsta alster i\u00a0Poetisk kalender\u00a0(1817). Med detta h\u00e4lsade han henne, som han sade, v\u00e4lkommen i \u201dden Svenska Vitterhetens tempelg\u00e5rd\u201d. I Atterbom fann [&hellip;]<\/p>\n","protected":false},"author":1,"featured_media":878,"parent":7,"menu_order":0,"comment_status":"closed","ping_status":"closed","template":"","meta":{"footnotes":""},"class_list":["post-679","page","type-page","status-publish","has-post-thumbnail","hentry"],"yoast_head":"<!-- This site is optimized with the Yoast SEO plugin v27.1.1 - https:\/\/yoast.com\/product\/yoast-seo-wordpress\/ -->\n<title>Julia Christina Nyberg (1785\u20131854) - Ljud &amp; Bild<\/title>\n<meta name=\"robots\" content=\"index, follow, max-snippet:-1, max-image-preview:large, max-video-preview:-1\" \/>\n<link rel=\"canonical\" href=\"https:\/\/litteraturbanken.se\/ljudochbild\/forfattare\/nybergjc\/\" \/>\n<meta property=\"og:locale\" content=\"sv_SE\" \/>\n<meta property=\"og:type\" content=\"article\" \/>\n<meta property=\"og:title\" content=\"Julia Christina Nyberg (1785\u20131854) - Ljud &amp; Bild\" \/>\n<meta property=\"og:description\" content=\"\u201dJULIA CHRISTINA NYBERG (1785\u20131854) \u00e4r k\u00e4nd under sin pseudonym Euphrosyne, vilken gavs henne av\u00a0Atterbom\u00a0d\u00e5 han publicerade hennes f\u00f6rsta alster i\u00a0Poetisk kalender\u00a0(1817). Med detta h\u00e4lsade han henne, som han sade, v\u00e4lkommen i \u201dden Svenska Vitterhetens tempelg\u00e5rd\u201d. I Atterbom fann [&hellip;]\" \/>\n<meta property=\"og:url\" content=\"https:\/\/litteraturbanken.se\/ljudochbild\/forfattare\/nybergjc\/\" \/>\n<meta property=\"og:site_name\" content=\"Ljud &amp; Bild\" \/>\n<meta property=\"article:publisher\" content=\"https:\/\/www.facebook.com\/Litteraturbanken.se\" \/>\n<meta property=\"article:modified_time\" content=\"2024-09-17T09:03:06+00:00\" \/>\n<meta property=\"og:image\" content=\"https:\/\/litteraturbanken.se\/ljudochbild\/wp-content\/uploads\/2019\/08\/NybergJC_large.jpeg\" \/>\n\t<meta property=\"og:image:width\" content=\"399\" \/>\n\t<meta property=\"og:image:height\" content=\"550\" \/>\n\t<meta property=\"og:image:type\" content=\"image\/jpeg\" \/>\n<meta name=\"twitter:card\" content=\"summary_large_image\" \/>\n<meta name=\"twitter:site\" content=\"@litteraturbank\" \/>\n<meta name=\"twitter:label1\" content=\"Ber\u00e4knad l\u00e4stid\" \/>\n\t<meta name=\"twitter:data1\" content=\"2 minuter\" \/>\n<script type=\"application\/ld+json\" class=\"yoast-schema-graph\">{\"@context\":\"https:\/\/schema.org\",\"@graph\":[{\"@type\":\"WebPage\",\"@id\":\"https:\/\/litteraturbanken.se\/ljudochbild\/forfattare\/nybergjc\/\",\"url\":\"https:\/\/litteraturbanken.se\/ljudochbild\/forfattare\/nybergjc\/\",\"name\":\"Julia Christina Nyberg (1785\u20131854) - Ljud &amp; Bild\",\"isPartOf\":{\"@id\":\"https:\/\/litteraturbanken.se\/ljudochbild\/#website\"},\"primaryImageOfPage\":{\"@id\":\"https:\/\/litteraturbanken.se\/ljudochbild\/forfattare\/nybergjc\/#primaryimage\"},\"image\":{\"@id\":\"https:\/\/litteraturbanken.se\/ljudochbild\/forfattare\/nybergjc\/#primaryimage\"},\"thumbnailUrl\":\"https:\/\/litteraturbanken.se\/ljudochbild\/wp-content\/uploads\/2019\/08\/NybergJC_large.jpeg\",\"datePublished\":\"2019-08-13T14:01:19+00:00\",\"dateModified\":\"2024-09-17T09:03:06+00:00\",\"breadcrumb\":{\"@id\":\"https:\/\/litteraturbanken.se\/ljudochbild\/forfattare\/nybergjc\/#breadcrumb\"},\"inLanguage\":\"sv-SE\",\"potentialAction\":[{\"@type\":\"ReadAction\",\"target\":[\"https:\/\/litteraturbanken.se\/ljudochbild\/forfattare\/nybergjc\/\"]}]},{\"@type\":\"ImageObject\",\"inLanguage\":\"sv-SE\",\"@id\":\"https:\/\/litteraturbanken.se\/ljudochbild\/forfattare\/nybergjc\/#primaryimage\",\"url\":\"https:\/\/litteraturbanken.se\/ljudochbild\/wp-content\/uploads\/2019\/08\/NybergJC_large.jpeg\",\"contentUrl\":\"https:\/\/litteraturbanken.se\/ljudochbild\/wp-content\/uploads\/2019\/08\/NybergJC_large.jpeg\",\"width\":399,\"height\":550},{\"@type\":\"BreadcrumbList\",\"@id\":\"https:\/\/litteraturbanken.se\/ljudochbild\/forfattare\/nybergjc\/#breadcrumb\",\"itemListElement\":[{\"@type\":\"ListItem\",\"position\":1,\"name\":\"Hem\",\"item\":\"https:\/\/litteraturbanken.se\/ljudochbild\/\"},{\"@type\":\"ListItem\",\"position\":2,\"name\":\"F\u00f6rfattare\",\"item\":\"https:\/\/litteraturbanken.se\/ljudochbild\/forfattare\/\"},{\"@type\":\"ListItem\",\"position\":3,\"name\":\"Julia Christina Nyberg (1785\u20131854)\"}]},{\"@type\":\"WebSite\",\"@id\":\"https:\/\/litteraturbanken.se\/ljudochbild\/#website\",\"url\":\"https:\/\/litteraturbanken.se\/ljudochbild\/\",\"name\":\"Ljud & Bild\",\"description\":\"Ur Litteraturbankens samlingar\",\"potentialAction\":[{\"@type\":\"SearchAction\",\"target\":{\"@type\":\"EntryPoint\",\"urlTemplate\":\"https:\/\/litteraturbanken.se\/ljudochbild\/?s={search_term_string}\"},\"query-input\":{\"@type\":\"PropertyValueSpecification\",\"valueRequired\":true,\"valueName\":\"search_term_string\"}}],\"inLanguage\":\"sv-SE\"}]}<\/script>\n<!-- \/ Yoast SEO plugin. -->","yoast_head_json":{"title":"Julia Christina Nyberg (1785\u20131854) - Ljud &amp; Bild","robots":{"index":"index","follow":"follow","max-snippet":"max-snippet:-1","max-image-preview":"max-image-preview:large","max-video-preview":"max-video-preview:-1"},"canonical":"https:\/\/litteraturbanken.se\/ljudochbild\/forfattare\/nybergjc\/","og_locale":"sv_SE","og_type":"article","og_title":"Julia Christina Nyberg (1785\u20131854) - Ljud &amp; Bild","og_description":"\u201dJULIA CHRISTINA NYBERG (1785\u20131854) \u00e4r k\u00e4nd under sin pseudonym Euphrosyne, vilken gavs henne av\u00a0Atterbom\u00a0d\u00e5 han publicerade hennes f\u00f6rsta alster i\u00a0Poetisk kalender\u00a0(1817). Med detta h\u00e4lsade han henne, som han sade, v\u00e4lkommen i \u201dden Svenska Vitterhetens tempelg\u00e5rd\u201d. I Atterbom fann [&hellip;]","og_url":"https:\/\/litteraturbanken.se\/ljudochbild\/forfattare\/nybergjc\/","og_site_name":"Ljud &amp; Bild","article_publisher":"https:\/\/www.facebook.com\/Litteraturbanken.se","article_modified_time":"2024-09-17T09:03:06+00:00","og_image":[{"width":399,"height":550,"url":"https:\/\/litteraturbanken.se\/ljudochbild\/wp-content\/uploads\/2019\/08\/NybergJC_large.jpeg","type":"image\/jpeg"}],"twitter_card":"summary_large_image","twitter_site":"@litteraturbank","twitter_misc":{"Ber\u00e4knad l\u00e4stid":"2 minuter"},"schema":{"@context":"https:\/\/schema.org","@graph":[{"@type":"WebPage","@id":"https:\/\/litteraturbanken.se\/ljudochbild\/forfattare\/nybergjc\/","url":"https:\/\/litteraturbanken.se\/ljudochbild\/forfattare\/nybergjc\/","name":"Julia Christina Nyberg (1785\u20131854) - Ljud &amp; Bild","isPartOf":{"@id":"https:\/\/litteraturbanken.se\/ljudochbild\/#website"},"primaryImageOfPage":{"@id":"https:\/\/litteraturbanken.se\/ljudochbild\/forfattare\/nybergjc\/#primaryimage"},"image":{"@id":"https:\/\/litteraturbanken.se\/ljudochbild\/forfattare\/nybergjc\/#primaryimage"},"thumbnailUrl":"https:\/\/litteraturbanken.se\/ljudochbild\/wp-content\/uploads\/2019\/08\/NybergJC_large.jpeg","datePublished":"2019-08-13T14:01:19+00:00","dateModified":"2024-09-17T09:03:06+00:00","breadcrumb":{"@id":"https:\/\/litteraturbanken.se\/ljudochbild\/forfattare\/nybergjc\/#breadcrumb"},"inLanguage":"sv-SE","potentialAction":[{"@type":"ReadAction","target":["https:\/\/litteraturbanken.se\/ljudochbild\/forfattare\/nybergjc\/"]}]},{"@type":"ImageObject","inLanguage":"sv-SE","@id":"https:\/\/litteraturbanken.se\/ljudochbild\/forfattare\/nybergjc\/#primaryimage","url":"https:\/\/litteraturbanken.se\/ljudochbild\/wp-content\/uploads\/2019\/08\/NybergJC_large.jpeg","contentUrl":"https:\/\/litteraturbanken.se\/ljudochbild\/wp-content\/uploads\/2019\/08\/NybergJC_large.jpeg","width":399,"height":550},{"@type":"BreadcrumbList","@id":"https:\/\/litteraturbanken.se\/ljudochbild\/forfattare\/nybergjc\/#breadcrumb","itemListElement":[{"@type":"ListItem","position":1,"name":"Hem","item":"https:\/\/litteraturbanken.se\/ljudochbild\/"},{"@type":"ListItem","position":2,"name":"F\u00f6rfattare","item":"https:\/\/litteraturbanken.se\/ljudochbild\/forfattare\/"},{"@type":"ListItem","position":3,"name":"Julia Christina Nyberg (1785\u20131854)"}]},{"@type":"WebSite","@id":"https:\/\/litteraturbanken.se\/ljudochbild\/#website","url":"https:\/\/litteraturbanken.se\/ljudochbild\/","name":"Ljud & Bild","description":"Ur Litteraturbankens samlingar","potentialAction":[{"@type":"SearchAction","target":{"@type":"EntryPoint","urlTemplate":"https:\/\/litteraturbanken.se\/ljudochbild\/?s={search_term_string}"},"query-input":{"@type":"PropertyValueSpecification","valueRequired":true,"valueName":"search_term_string"}}],"inLanguage":"sv-SE"}]}},"_links":{"self":[{"href":"https:\/\/litteraturbanken.se\/ljudochbild\/wp-json\/wp\/v2\/pages\/679","targetHints":{"allow":["GET"]}}],"collection":[{"href":"https:\/\/litteraturbanken.se\/ljudochbild\/wp-json\/wp\/v2\/pages"}],"about":[{"href":"https:\/\/litteraturbanken.se\/ljudochbild\/wp-json\/wp\/v2\/types\/page"}],"author":[{"embeddable":true,"href":"https:\/\/litteraturbanken.se\/ljudochbild\/wp-json\/wp\/v2\/users\/1"}],"replies":[{"embeddable":true,"href":"https:\/\/litteraturbanken.se\/ljudochbild\/wp-json\/wp\/v2\/comments?post=679"}],"version-history":[{"count":9,"href":"https:\/\/litteraturbanken.se\/ljudochbild\/wp-json\/wp\/v2\/pages\/679\/revisions"}],"predecessor-version":[{"id":12209,"href":"https:\/\/litteraturbanken.se\/ljudochbild\/wp-json\/wp\/v2\/pages\/679\/revisions\/12209"}],"up":[{"embeddable":true,"href":"https:\/\/litteraturbanken.se\/ljudochbild\/wp-json\/wp\/v2\/pages\/7"}],"wp:featuredmedia":[{"embeddable":true,"href":"https:\/\/litteraturbanken.se\/ljudochbild\/wp-json\/wp\/v2\/media\/878"}],"wp:attachment":[{"href":"https:\/\/litteraturbanken.se\/ljudochbild\/wp-json\/wp\/v2\/media?parent=679"}],"curies":[{"name":"wp","href":"https:\/\/api.w.org\/{rel}","templated":true}]}}