{"id":681,"date":"2019-08-13T16:02:10","date_gmt":"2019-08-13T14:02:10","guid":{"rendered":"http:\/\/ordfabriken.org\/ljud\/?page_id=681"},"modified":"2024-09-18T11:59:02","modified_gmt":"2024-09-18T09:59:02","slug":"odela","status":"publish","type":"page","link":"https:\/\/litteraturbanken.se\/ljudochbild\/forfattare\/odela\/","title":{"rendered":"Anders Odel (1718\u20131773)"},"content":{"rendered":"<div class=\"wp-block-image\">\n<figure class=\"alignright size-large is-resized\"><img loading=\"lazy\" decoding=\"async\" width=\"800\" height=\"1024\" src=\"https:\/\/litteraturbanken.se\/ljudochbild\/wp-content\/uploads\/2024\/09\/andersodel-800x1024.jpg\" alt=\"\" class=\"wp-image-12336\" style=\"width:197px;height:auto\" srcset=\"https:\/\/litteraturbanken.se\/ljudochbild\/wp-content\/uploads\/2024\/09\/andersodel-800x1024.jpg 800w, https:\/\/litteraturbanken.se\/ljudochbild\/wp-content\/uploads\/2024\/09\/andersodel-234x300.jpg 234w, https:\/\/litteraturbanken.se\/ljudochbild\/wp-content\/uploads\/2024\/09\/andersodel-768x983.jpg 768w, https:\/\/litteraturbanken.se\/ljudochbild\/wp-content\/uploads\/2024\/09\/andersodel-480x614.jpg 480w, https:\/\/litteraturbanken.se\/ljudochbild\/wp-content\/uploads\/2024\/09\/andersodel.jpg 1200w\" sizes=\"auto, (max-width: 800px) 100vw, 800px\" \/><\/figure>\n<\/div>\n\n\n<p>\u201dANDERS ODEL (1718\u20131773): \u2019vitterhetsidkare, statsekonom, f. 1718, blef 1738 student i Upsala samt 1751 appret\u00f6r vid manufaktur-kontoret i Stockholm och 1757 direkt\u00f6r i hall- och manufaktur-r\u00e4tten. D\u00f6d 1773. Anonymt utgaf O. en m\u00e4ngd statsekonomiska uppsatser, f\u00f6rfattade i en blomsterrik och svassande stil. Som vitterhetsidkare g\u00f6mde han sig ofta under pseudonymen&nbsp;<em>CelAdOn<\/em>. Ett m\u00e4rkligt af honom f\u00f6rfattadt qv\u00e4de \u00e4r den ryktbara, l\u00e4nge bland allmogen sjungna&nbsp;<em>Malcolm Sinclairs visa<\/em> (trol. 1739, en m\u00e4ngd upplagor), hvilken i viss m\u00e5n bidrog till utbrottet af kriget med Ryssland 1741. Bland hans andra vitterhetsarbeten m\u00e4rkas n\u00e5gra sagor och tal m.m. Hans efterl\u00e4mnade handskrifter finnas i kungl. biblioteket. Se skrifter af I. Fehr.\u2019\u201d<\/p>\n\n\n\n<p>Stycket ovanf\u00f6r \u00e4r h\u00e4mtat ur Bernhard Meijers&nbsp;<a href=\"https:\/\/litteraturbanken.se\/forfattare\/MeijerB\/titlar\/SvensktLiteraturlexikon\/sida\/319\/faksimil\"><em>Svenskt literatur-lexikon<\/em><\/a>&nbsp;(1886).<\/p>\n\n\n\n<div class=\"wp-block-buttons is-layout-flex wp-block-buttons-is-layout-flex\">\n<div class=\"wp-block-button has-custom-font-size read-more-button\" style=\"font-size:14px\"><a class=\"wp-block-button__link has-white-color has-text-color has-background wp-element-button\" href=\"https:\/\/litteraturbanken.se\/f%C3%B6rfattare\/OdelA\" style=\"border-radius:0px;background-color:#cd2400\" target=\"_blank\" rel=\"noopener\"><strong>L\u00c4S MER OM ANDERS ODEL<\/strong><\/a><\/div>\n\n\n\n<div class=\"wp-block-button has-custom-font-size read-more-button\" style=\"font-size:14px\"><a class=\"wp-block-button__link has-white-color has-text-color has-background wp-element-button\" href=\"https:\/\/litteraturbanken.se\/f%C3%B6rfattare\/OdelA\/titlar\" style=\"border-radius:0px;background-color:#cd2400\" target=\"_blank\" rel=\"noopener\"><strong>L\u00c4S ANDERS ODELS VERK HOS LB.SE<\/strong><\/a><\/div>\n<\/div>\n\n\n\n<div style=\"height:20px\" aria-hidden=\"true\" class=\"wp-block-spacer\"><\/div>\n\n\n\n<div class=\"wp-playlist wp-audio-playlist wp-playlist-light\">\n\t\t\t<div class=\"wp-playlist-current-item\"><\/div>\n\t\t<audio controls=\"controls\" preload=\"none\" width=\"618\"\n\t\t\t><\/audio>\n\t<div class=\"wp-playlist-next\"><\/div>\n\t<div class=\"wp-playlist-prev\"><\/div>\n\t<noscript>\n\t<ol>\n\t\t<li><a href='https:\/\/litteraturbanken.se\/ljudochbild\/wp-content\/uploads\/2019\/09\/odel_sinclairsvisan_bagge.mp3'>Sinclairsvisan<\/a><\/li>\t<\/ol>\n\t<\/noscript>\n\t<script type=\"application\/json\" class=\"wp-playlist-script\">{\"type\":\"audio\",\"tracklist\":true,\"tracknumbers\":true,\"images\":true,\"artists\":true,\"tracks\":[{\"src\":\"https:\/\/litteraturbanken.se\/ljudochbild\/wp-content\/uploads\/2019\/09\/odel_sinclairsvisan_bagge.mp3\",\"type\":\"audio\/mpeg\",\"title\":\"Sinclairsvisan\",\"caption\":\"\",\"description\":\"\\\"Sinclairsvisan\\\" fr\\u00e5n Martin Bagges musikaliska vandring (del 4 av 5) av Martin Bagge. Sl\\u00e4ppt: 2017. Sp\\u00e5r 6 av 8. Genre: Folk.\",\"meta\":{\"artist\":\"Martin Bagge framf\\u00f6r Anders Odel\",\"album\":\"Anders Odel\",\"genre\":\"Folk\",\"year\":\"2017\",\"length_formatted\":\"1:12\"},\"image\":{\"src\":\"https:\/\/litteraturbanken.se\/ljudochbild\/wp-content\/plugins\/media-library-assistant\/images\/crystal\/audio.png\",\"width\":48,\"height\":64},\"thumb\":{\"src\":\"https:\/\/litteraturbanken.se\/ljudochbild\/wp-content\/plugins\/media-library-assistant\/images\/crystal\/audio.png\",\"width\":48,\"height\":64}}]}<\/script>\n<\/div>\n\t\n\n\n\n<hr class=\"wp-block-separator has-alpha-channel-opacity\"\/>\n\n\n\n<p><em>Sj\u00e4lvportr\u00e4ttet ovanf\u00f6r har vi l\u00e5nat fr\u00e5n <a href=\"https:\/\/commons.wikimedia.org\/wiki\/File:Anders_Odel.jpg\" target=\"_blank\" rel=\"noreferrer noopener\">Wikimedia Commons<\/a>.<\/em><\/p>\n","protected":false},"excerpt":{"rendered":"<p>\u201dANDERS ODEL (1718\u20131773): \u2019vitterhetsidkare, statsekonom, f. 1718, blef 1738 student i Upsala samt 1751 appret\u00f6r vid manufaktur-kontoret i Stockholm och 1757 direkt\u00f6r i hall- och manufaktur-r\u00e4tten. D\u00f6d 1773. Anonymt utgaf O. en m\u00e4ngd statsekonomiska uppsatser, f\u00f6rfattade i en [&hellip;]<\/p>\n","protected":false},"author":1,"featured_media":12336,"parent":7,"menu_order":0,"comment_status":"closed","ping_status":"closed","template":"","meta":{"footnotes":""},"class_list":["post-681","page","type-page","status-publish","has-post-thumbnail","hentry"],"yoast_head":"<!-- This site is optimized with the Yoast SEO plugin v27.1.1 - https:\/\/yoast.com\/product\/yoast-seo-wordpress\/ -->\n<title>Anders Odel (1718\u20131773) - Ljud &amp; Bild<\/title>\n<meta name=\"robots\" content=\"index, follow, max-snippet:-1, max-image-preview:large, max-video-preview:-1\" \/>\n<link rel=\"canonical\" href=\"https:\/\/litteraturbanken.se\/ljudochbild\/forfattare\/odela\/\" \/>\n<meta property=\"og:locale\" content=\"sv_SE\" \/>\n<meta property=\"og:type\" content=\"article\" \/>\n<meta property=\"og:title\" content=\"Anders Odel (1718\u20131773) - Ljud &amp; Bild\" \/>\n<meta property=\"og:description\" content=\"\u201dANDERS ODEL (1718\u20131773): \u2019vitterhetsidkare, statsekonom, f. 1718, blef 1738 student i Upsala samt 1751 appret\u00f6r vid manufaktur-kontoret i Stockholm och 1757 direkt\u00f6r i hall- och manufaktur-r\u00e4tten. D\u00f6d 1773. Anonymt utgaf O. en m\u00e4ngd statsekonomiska uppsatser, f\u00f6rfattade i en [&hellip;]\" \/>\n<meta property=\"og:url\" content=\"https:\/\/litteraturbanken.se\/ljudochbild\/forfattare\/odela\/\" \/>\n<meta property=\"og:site_name\" content=\"Ljud &amp; Bild\" \/>\n<meta property=\"article:publisher\" content=\"https:\/\/www.facebook.com\/Litteraturbanken.se\" \/>\n<meta property=\"article:modified_time\" content=\"2024-09-18T09:59:02+00:00\" \/>\n<meta property=\"og:image\" content=\"https:\/\/litteraturbanken.se\/ljudochbild\/wp-content\/uploads\/2024\/09\/andersodel.jpg\" \/>\n\t<meta property=\"og:image:width\" content=\"1200\" \/>\n\t<meta property=\"og:image:height\" content=\"1536\" \/>\n\t<meta property=\"og:image:type\" content=\"image\/jpeg\" \/>\n<meta name=\"twitter:card\" content=\"summary_large_image\" \/>\n<meta name=\"twitter:site\" content=\"@litteraturbank\" \/>\n<meta name=\"twitter:label1\" content=\"Ber\u00e4knad l\u00e4stid\" \/>\n\t<meta name=\"twitter:data1\" content=\"2 minuter\" \/>\n<script type=\"application\/ld+json\" class=\"yoast-schema-graph\">{\"@context\":\"https:\/\/schema.org\",\"@graph\":[{\"@type\":\"WebPage\",\"@id\":\"https:\/\/litteraturbanken.se\/ljudochbild\/forfattare\/odela\/\",\"url\":\"https:\/\/litteraturbanken.se\/ljudochbild\/forfattare\/odela\/\",\"name\":\"Anders Odel (1718\u20131773) - Ljud &amp; Bild\",\"isPartOf\":{\"@id\":\"https:\/\/litteraturbanken.se\/ljudochbild\/#website\"},\"primaryImageOfPage\":{\"@id\":\"https:\/\/litteraturbanken.se\/ljudochbild\/forfattare\/odela\/#primaryimage\"},\"image\":{\"@id\":\"https:\/\/litteraturbanken.se\/ljudochbild\/forfattare\/odela\/#primaryimage\"},\"thumbnailUrl\":\"https:\/\/litteraturbanken.se\/ljudochbild\/wp-content\/uploads\/2024\/09\/andersodel.jpg\",\"datePublished\":\"2019-08-13T14:02:10+00:00\",\"dateModified\":\"2024-09-18T09:59:02+00:00\",\"breadcrumb\":{\"@id\":\"https:\/\/litteraturbanken.se\/ljudochbild\/forfattare\/odela\/#breadcrumb\"},\"inLanguage\":\"sv-SE\",\"potentialAction\":[{\"@type\":\"ReadAction\",\"target\":[\"https:\/\/litteraturbanken.se\/ljudochbild\/forfattare\/odela\/\"]}]},{\"@type\":\"ImageObject\",\"inLanguage\":\"sv-SE\",\"@id\":\"https:\/\/litteraturbanken.se\/ljudochbild\/forfattare\/odela\/#primaryimage\",\"url\":\"https:\/\/litteraturbanken.se\/ljudochbild\/wp-content\/uploads\/2024\/09\/andersodel.jpg\",\"contentUrl\":\"https:\/\/litteraturbanken.se\/ljudochbild\/wp-content\/uploads\/2024\/09\/andersodel.jpg\",\"width\":1200,\"height\":1536},{\"@type\":\"BreadcrumbList\",\"@id\":\"https:\/\/litteraturbanken.se\/ljudochbild\/forfattare\/odela\/#breadcrumb\",\"itemListElement\":[{\"@type\":\"ListItem\",\"position\":1,\"name\":\"Hem\",\"item\":\"https:\/\/litteraturbanken.se\/ljudochbild\/\"},{\"@type\":\"ListItem\",\"position\":2,\"name\":\"F\u00f6rfattare\",\"item\":\"https:\/\/litteraturbanken.se\/ljudochbild\/forfattare\/\"},{\"@type\":\"ListItem\",\"position\":3,\"name\":\"Anders Odel (1718\u20131773)\"}]},{\"@type\":\"WebSite\",\"@id\":\"https:\/\/litteraturbanken.se\/ljudochbild\/#website\",\"url\":\"https:\/\/litteraturbanken.se\/ljudochbild\/\",\"name\":\"Ljud & Bild\",\"description\":\"Ur Litteraturbankens samlingar\",\"potentialAction\":[{\"@type\":\"SearchAction\",\"target\":{\"@type\":\"EntryPoint\",\"urlTemplate\":\"https:\/\/litteraturbanken.se\/ljudochbild\/?s={search_term_string}\"},\"query-input\":{\"@type\":\"PropertyValueSpecification\",\"valueRequired\":true,\"valueName\":\"search_term_string\"}}],\"inLanguage\":\"sv-SE\"}]}<\/script>\n<!-- \/ Yoast SEO plugin. -->","yoast_head_json":{"title":"Anders Odel (1718\u20131773) - Ljud &amp; Bild","robots":{"index":"index","follow":"follow","max-snippet":"max-snippet:-1","max-image-preview":"max-image-preview:large","max-video-preview":"max-video-preview:-1"},"canonical":"https:\/\/litteraturbanken.se\/ljudochbild\/forfattare\/odela\/","og_locale":"sv_SE","og_type":"article","og_title":"Anders Odel (1718\u20131773) - Ljud &amp; Bild","og_description":"\u201dANDERS ODEL (1718\u20131773): \u2019vitterhetsidkare, statsekonom, f. 1718, blef 1738 student i Upsala samt 1751 appret\u00f6r vid manufaktur-kontoret i Stockholm och 1757 direkt\u00f6r i hall- och manufaktur-r\u00e4tten. D\u00f6d 1773. Anonymt utgaf O. en m\u00e4ngd statsekonomiska uppsatser, f\u00f6rfattade i en [&hellip;]","og_url":"https:\/\/litteraturbanken.se\/ljudochbild\/forfattare\/odela\/","og_site_name":"Ljud &amp; Bild","article_publisher":"https:\/\/www.facebook.com\/Litteraturbanken.se","article_modified_time":"2024-09-18T09:59:02+00:00","og_image":[{"width":1200,"height":1536,"url":"https:\/\/litteraturbanken.se\/ljudochbild\/wp-content\/uploads\/2024\/09\/andersodel.jpg","type":"image\/jpeg"}],"twitter_card":"summary_large_image","twitter_site":"@litteraturbank","twitter_misc":{"Ber\u00e4knad l\u00e4stid":"2 minuter"},"schema":{"@context":"https:\/\/schema.org","@graph":[{"@type":"WebPage","@id":"https:\/\/litteraturbanken.se\/ljudochbild\/forfattare\/odela\/","url":"https:\/\/litteraturbanken.se\/ljudochbild\/forfattare\/odela\/","name":"Anders Odel (1718\u20131773) - Ljud &amp; Bild","isPartOf":{"@id":"https:\/\/litteraturbanken.se\/ljudochbild\/#website"},"primaryImageOfPage":{"@id":"https:\/\/litteraturbanken.se\/ljudochbild\/forfattare\/odela\/#primaryimage"},"image":{"@id":"https:\/\/litteraturbanken.se\/ljudochbild\/forfattare\/odela\/#primaryimage"},"thumbnailUrl":"https:\/\/litteraturbanken.se\/ljudochbild\/wp-content\/uploads\/2024\/09\/andersodel.jpg","datePublished":"2019-08-13T14:02:10+00:00","dateModified":"2024-09-18T09:59:02+00:00","breadcrumb":{"@id":"https:\/\/litteraturbanken.se\/ljudochbild\/forfattare\/odela\/#breadcrumb"},"inLanguage":"sv-SE","potentialAction":[{"@type":"ReadAction","target":["https:\/\/litteraturbanken.se\/ljudochbild\/forfattare\/odela\/"]}]},{"@type":"ImageObject","inLanguage":"sv-SE","@id":"https:\/\/litteraturbanken.se\/ljudochbild\/forfattare\/odela\/#primaryimage","url":"https:\/\/litteraturbanken.se\/ljudochbild\/wp-content\/uploads\/2024\/09\/andersodel.jpg","contentUrl":"https:\/\/litteraturbanken.se\/ljudochbild\/wp-content\/uploads\/2024\/09\/andersodel.jpg","width":1200,"height":1536},{"@type":"BreadcrumbList","@id":"https:\/\/litteraturbanken.se\/ljudochbild\/forfattare\/odela\/#breadcrumb","itemListElement":[{"@type":"ListItem","position":1,"name":"Hem","item":"https:\/\/litteraturbanken.se\/ljudochbild\/"},{"@type":"ListItem","position":2,"name":"F\u00f6rfattare","item":"https:\/\/litteraturbanken.se\/ljudochbild\/forfattare\/"},{"@type":"ListItem","position":3,"name":"Anders Odel (1718\u20131773)"}]},{"@type":"WebSite","@id":"https:\/\/litteraturbanken.se\/ljudochbild\/#website","url":"https:\/\/litteraturbanken.se\/ljudochbild\/","name":"Ljud & Bild","description":"Ur Litteraturbankens samlingar","potentialAction":[{"@type":"SearchAction","target":{"@type":"EntryPoint","urlTemplate":"https:\/\/litteraturbanken.se\/ljudochbild\/?s={search_term_string}"},"query-input":{"@type":"PropertyValueSpecification","valueRequired":true,"valueName":"search_term_string"}}],"inLanguage":"sv-SE"}]}},"_links":{"self":[{"href":"https:\/\/litteraturbanken.se\/ljudochbild\/wp-json\/wp\/v2\/pages\/681","targetHints":{"allow":["GET"]}}],"collection":[{"href":"https:\/\/litteraturbanken.se\/ljudochbild\/wp-json\/wp\/v2\/pages"}],"about":[{"href":"https:\/\/litteraturbanken.se\/ljudochbild\/wp-json\/wp\/v2\/types\/page"}],"author":[{"embeddable":true,"href":"https:\/\/litteraturbanken.se\/ljudochbild\/wp-json\/wp\/v2\/users\/1"}],"replies":[{"embeddable":true,"href":"https:\/\/litteraturbanken.se\/ljudochbild\/wp-json\/wp\/v2\/comments?post=681"}],"version-history":[{"count":6,"href":"https:\/\/litteraturbanken.se\/ljudochbild\/wp-json\/wp\/v2\/pages\/681\/revisions"}],"predecessor-version":[{"id":12338,"href":"https:\/\/litteraturbanken.se\/ljudochbild\/wp-json\/wp\/v2\/pages\/681\/revisions\/12338"}],"up":[{"embeddable":true,"href":"https:\/\/litteraturbanken.se\/ljudochbild\/wp-json\/wp\/v2\/pages\/7"}],"wp:featuredmedia":[{"embeddable":true,"href":"https:\/\/litteraturbanken.se\/ljudochbild\/wp-json\/wp\/v2\/media\/12336"}],"wp:attachment":[{"href":"https:\/\/litteraturbanken.se\/ljudochbild\/wp-json\/wp\/v2\/media?parent=681"}],"curies":[{"name":"wp","href":"https:\/\/api.w.org\/{rel}","templated":true}]}}