{"id":683,"date":"2019-08-13T16:03:11","date_gmt":"2019-08-13T14:03:11","guid":{"rendered":"http:\/\/ordfabriken.org\/ljud\/?page_id=683"},"modified":"2024-09-17T11:10:57","modified_gmt":"2024-09-17T09:10:57","slug":"oxenstiernajg","status":"publish","type":"page","link":"https:\/\/litteraturbanken.se\/ljudochbild\/forfattare\/oxenstiernajg\/","title":{"rendered":"Johan Gabriel Oxenstierna (1750\u20131818)"},"content":{"rendered":"<div class=\"wp-block-image\">\n<figure class=\"alignright\"><img loading=\"lazy\" decoding=\"async\" width=\"225\" height=\"300\" src=\"https:\/\/litteraturbanken.se\/ljudochbild\/wp-content\/uploads\/2019\/08\/OxenstiernaJG_large-225x300.jpeg\" alt=\"\" class=\"wp-image-882\" srcset=\"https:\/\/litteraturbanken.se\/ljudochbild\/wp-content\/uploads\/2019\/08\/OxenstiernaJG_large-225x300.jpeg 225w, https:\/\/litteraturbanken.se\/ljudochbild\/wp-content\/uploads\/2019\/08\/OxenstiernaJG_large.jpeg 413w\" sizes=\"auto, (max-width: 225px) 100vw, 225px\" \/><\/figure>\n<\/div>\n\n\n<p>\u201dJOHAN GABRIEL OXENSTIERNA (1750\u20131818) v\u00e4xte upp p\u00e5 familjens herrg\u00e5rd Sken\u00e4s i Ving\u00e5ker. Hans barn\u2013 och ungdom kom att starkt pr\u00e4gla hans diktning; s\u00e5v\u00e4l vad g\u00e4ller landskapsskildringar, inspirerade av barndomshemmets vackra parker, som hans k\u00e4rlekslyrik, d\u00e4r ett ungdomssv\u00e4rmeri med en tj\u00e4nsteflicka, besjungen som Themir, \u00e5terkommer. Oxenstiernas morbror,\u00a0<a href=\"https:\/\/litteraturbanken.se\/forfattare\/GyllenborgGF\">G F Gyllenborg<\/a>, hade uppsikt \u00f6ver hans bildning och hans informator var poeten\u00a0<a href=\"https:\/\/litteraturbanken.se\/forfattare\/BergklintO\">Olof Bergklint<\/a>; b\u00e5da m\u00e4nnen spelade stor roll f\u00f6r den unge mannens skaldskap. Nitton \u00e5r gammal valdes Oxenstierna, d\u00e5 tj\u00e4nsteman i kanslikollegiet, in i s\u00e4llskapet Utile Dulci, och han kom att publicera ett flertal dikter i dess\u00a0<a href=\"https:\/\/litteraturbanken.se\/forfattare\/DulciU\/titlar\/VitterhetsNojen1\/sida\/I\/etext\"><em>Vitterhetsn\u00f6jen<\/em><\/a>. Bland Oxenstiernas mest k\u00e4nda dikter kan n\u00e4mnas landskapsdikten\u00a0<a href=\"https:\/\/litteraturbanken.se\/forfattare\/DulciU\/titlar\/VitterhetsNojen2\/sida\/59\/etext\">\u2019Natten\u2019<\/a>\u00a0och tankedikten \u2019Oskuldens religion\u2019, av Tegn\u00e9r kallad \u2019poesiens bergspredikan\u2019.\u201d<\/p>\n\n\n\n<p>Stycket ovanf\u00f6r kommer ur Lotta Lotass introduktion av Johan Gabriel Oxenstierna hos Litteraturbanken.<\/p>\n\n\n\n<div class=\"wp-block-buttons is-layout-flex wp-block-buttons-is-layout-flex\">\n<div class=\"wp-block-button has-custom-font-size read-more-button\" style=\"font-size:14px\"><a class=\"wp-block-button__link has-white-color has-text-color has-background wp-element-button\" href=\"https:\/\/litteraturbanken.se\/f%C3%B6rfattare\/OxenstiernaJG\" style=\"border-radius:0px;background-color:#cd2400\" target=\"_blank\" rel=\"noopener\"><strong>L\u00c4S MER OM JOHAN GABRIEL OXENSTIERNA<\/strong><\/a><\/div>\n\n\n\n<div class=\"wp-block-button has-custom-font-size read-more-button\" style=\"font-size:14px\"><a class=\"wp-block-button__link has-white-color has-text-color has-background wp-element-button\" href=\"https:\/\/litteraturbanken.se\/f%C3%B6rfattare\/OxenstiernaJG\/titlar\" style=\"border-radius:0px;background-color:#cd2400\" target=\"_blank\" rel=\"noopener\"><strong>L\u00c4S JOHAN GABRIEL OXENSTIERNAS VERK HOS LB.SE<\/strong><\/a><\/div>\n<\/div>\n\n\n\n<div style=\"height:20px\" aria-hidden=\"true\" class=\"wp-block-spacer\"><\/div>\n\n\n\n<div class=\"wp-playlist wp-audio-playlist wp-playlist-light\">\n\t\t\t<div class=\"wp-playlist-current-item\"><\/div>\n\t\t<audio controls=\"controls\" preload=\"none\" width=\"618\"\n\t\t\t><\/audio>\n\t<div class=\"wp-playlist-next\"><\/div>\n\t<div class=\"wp-playlist-prev\"><\/div>\n\t<noscript>\n\t<ol>\n\t\t<li><a href='https:\/\/litteraturbanken.se\/ljudochbild\/wp-content\/uploads\/2019\/09\/oxenstierna_skordarne2sangen_engdahl.mp3'>Sk\u00f6rdarne<\/a><\/li>\t<\/ol>\n\t<\/noscript>\n\t<script type=\"application\/json\" class=\"wp-playlist-script\">{\"type\":\"audio\",\"tracklist\":true,\"tracknumbers\":true,\"images\":true,\"artists\":true,\"tracks\":[{\"src\":\"https:\/\/litteraturbanken.se\/ljudochbild\/wp-content\/uploads\/2019\/09\/oxenstierna_skordarne2sangen_engdahl.mp3\",\"type\":\"audio\/mpeg\",\"title\":\"Sk\\u00f6rdarne\",\"caption\":\"\",\"description\":\"\\\"Sk\\u00f6rdarne\\\" fr\\u00e5n Sk\\u00f6rdarne av Oxenstierna, Johan Gabriel.\",\"meta\":{\"artist\":\"Horace Engdahl l\\u00e4ser Johan Gabriel Oxenstierna\",\"album\":\"Johan Gabriel Oxenstierna\",\"length_formatted\":\"23:52\"},\"image\":{\"src\":\"https:\/\/litteraturbanken.se\/ljudochbild\/wp-content\/plugins\/media-library-assistant\/images\/crystal\/audio.png\",\"width\":48,\"height\":64},\"thumb\":{\"src\":\"https:\/\/litteraturbanken.se\/ljudochbild\/wp-content\/plugins\/media-library-assistant\/images\/crystal\/audio.png\",\"width\":48,\"height\":64}}]}<\/script>\n<\/div>\n\t\n","protected":false},"excerpt":{"rendered":"<p>\u201dJOHAN GABRIEL OXENSTIERNA (1750\u20131818) v\u00e4xte upp p\u00e5 familjens herrg\u00e5rd Sken\u00e4s i Ving\u00e5ker. Hans barn\u2013 och ungdom kom att starkt pr\u00e4gla hans diktning; s\u00e5v\u00e4l vad g\u00e4ller landskapsskildringar, inspirerade av barndomshemmets vackra parker, som hans k\u00e4rlekslyrik, d\u00e4r ett ungdomssv\u00e4rmeri med [&hellip;]<\/p>\n","protected":false},"author":1,"featured_media":882,"parent":7,"menu_order":0,"comment_status":"closed","ping_status":"closed","template":"","meta":{"footnotes":""},"class_list":["post-683","page","type-page","status-publish","has-post-thumbnail","hentry"],"yoast_head":"<!-- This site is optimized with the Yoast SEO plugin v27.1.1 - https:\/\/yoast.com\/product\/yoast-seo-wordpress\/ -->\n<title>Johan Gabriel Oxenstierna (1750\u20131818) - Ljud &amp; Bild<\/title>\n<meta name=\"robots\" content=\"index, follow, max-snippet:-1, max-image-preview:large, max-video-preview:-1\" \/>\n<link rel=\"canonical\" href=\"https:\/\/litteraturbanken.se\/ljudochbild\/forfattare\/oxenstiernajg\/\" \/>\n<meta property=\"og:locale\" content=\"sv_SE\" \/>\n<meta property=\"og:type\" content=\"article\" \/>\n<meta property=\"og:title\" content=\"Johan Gabriel Oxenstierna (1750\u20131818) - Ljud &amp; Bild\" \/>\n<meta property=\"og:description\" content=\"\u201dJOHAN GABRIEL OXENSTIERNA (1750\u20131818) v\u00e4xte upp p\u00e5 familjens herrg\u00e5rd Sken\u00e4s i Ving\u00e5ker. Hans barn\u2013 och ungdom kom att starkt pr\u00e4gla hans diktning; s\u00e5v\u00e4l vad g\u00e4ller landskapsskildringar, inspirerade av barndomshemmets vackra parker, som hans k\u00e4rlekslyrik, d\u00e4r ett ungdomssv\u00e4rmeri med [&hellip;]\" \/>\n<meta property=\"og:url\" content=\"https:\/\/litteraturbanken.se\/ljudochbild\/forfattare\/oxenstiernajg\/\" \/>\n<meta property=\"og:site_name\" content=\"Ljud &amp; Bild\" \/>\n<meta property=\"article:publisher\" content=\"https:\/\/www.facebook.com\/Litteraturbanken.se\" \/>\n<meta property=\"article:modified_time\" content=\"2024-09-17T09:10:57+00:00\" \/>\n<meta property=\"og:image\" content=\"https:\/\/litteraturbanken.se\/ljudochbild\/wp-content\/uploads\/2019\/08\/OxenstiernaJG_large.jpeg\" \/>\n\t<meta property=\"og:image:width\" content=\"413\" \/>\n\t<meta property=\"og:image:height\" content=\"550\" \/>\n\t<meta property=\"og:image:type\" content=\"image\/jpeg\" \/>\n<meta name=\"twitter:card\" content=\"summary_large_image\" \/>\n<meta name=\"twitter:site\" content=\"@litteraturbank\" \/>\n<meta name=\"twitter:label1\" content=\"Ber\u00e4knad l\u00e4stid\" \/>\n\t<meta name=\"twitter:data1\" content=\"2 minuter\" \/>\n<script type=\"application\/ld+json\" class=\"yoast-schema-graph\">{\"@context\":\"https:\/\/schema.org\",\"@graph\":[{\"@type\":\"WebPage\",\"@id\":\"https:\/\/litteraturbanken.se\/ljudochbild\/forfattare\/oxenstiernajg\/\",\"url\":\"https:\/\/litteraturbanken.se\/ljudochbild\/forfattare\/oxenstiernajg\/\",\"name\":\"Johan Gabriel Oxenstierna (1750\u20131818) - Ljud &amp; Bild\",\"isPartOf\":{\"@id\":\"https:\/\/litteraturbanken.se\/ljudochbild\/#website\"},\"primaryImageOfPage\":{\"@id\":\"https:\/\/litteraturbanken.se\/ljudochbild\/forfattare\/oxenstiernajg\/#primaryimage\"},\"image\":{\"@id\":\"https:\/\/litteraturbanken.se\/ljudochbild\/forfattare\/oxenstiernajg\/#primaryimage\"},\"thumbnailUrl\":\"https:\/\/litteraturbanken.se\/ljudochbild\/wp-content\/uploads\/2019\/08\/OxenstiernaJG_large.jpeg\",\"datePublished\":\"2019-08-13T14:03:11+00:00\",\"dateModified\":\"2024-09-17T09:10:57+00:00\",\"breadcrumb\":{\"@id\":\"https:\/\/litteraturbanken.se\/ljudochbild\/forfattare\/oxenstiernajg\/#breadcrumb\"},\"inLanguage\":\"sv-SE\",\"potentialAction\":[{\"@type\":\"ReadAction\",\"target\":[\"https:\/\/litteraturbanken.se\/ljudochbild\/forfattare\/oxenstiernajg\/\"]}]},{\"@type\":\"ImageObject\",\"inLanguage\":\"sv-SE\",\"@id\":\"https:\/\/litteraturbanken.se\/ljudochbild\/forfattare\/oxenstiernajg\/#primaryimage\",\"url\":\"https:\/\/litteraturbanken.se\/ljudochbild\/wp-content\/uploads\/2019\/08\/OxenstiernaJG_large.jpeg\",\"contentUrl\":\"https:\/\/litteraturbanken.se\/ljudochbild\/wp-content\/uploads\/2019\/08\/OxenstiernaJG_large.jpeg\",\"width\":413,\"height\":550},{\"@type\":\"BreadcrumbList\",\"@id\":\"https:\/\/litteraturbanken.se\/ljudochbild\/forfattare\/oxenstiernajg\/#breadcrumb\",\"itemListElement\":[{\"@type\":\"ListItem\",\"position\":1,\"name\":\"Hem\",\"item\":\"https:\/\/litteraturbanken.se\/ljudochbild\/\"},{\"@type\":\"ListItem\",\"position\":2,\"name\":\"F\u00f6rfattare\",\"item\":\"https:\/\/litteraturbanken.se\/ljudochbild\/forfattare\/\"},{\"@type\":\"ListItem\",\"position\":3,\"name\":\"Johan Gabriel Oxenstierna (1750\u20131818)\"}]},{\"@type\":\"WebSite\",\"@id\":\"https:\/\/litteraturbanken.se\/ljudochbild\/#website\",\"url\":\"https:\/\/litteraturbanken.se\/ljudochbild\/\",\"name\":\"Ljud & Bild\",\"description\":\"Ur Litteraturbankens samlingar\",\"potentialAction\":[{\"@type\":\"SearchAction\",\"target\":{\"@type\":\"EntryPoint\",\"urlTemplate\":\"https:\/\/litteraturbanken.se\/ljudochbild\/?s={search_term_string}\"},\"query-input\":{\"@type\":\"PropertyValueSpecification\",\"valueRequired\":true,\"valueName\":\"search_term_string\"}}],\"inLanguage\":\"sv-SE\"}]}<\/script>\n<!-- \/ Yoast SEO plugin. -->","yoast_head_json":{"title":"Johan Gabriel Oxenstierna (1750\u20131818) - Ljud &amp; Bild","robots":{"index":"index","follow":"follow","max-snippet":"max-snippet:-1","max-image-preview":"max-image-preview:large","max-video-preview":"max-video-preview:-1"},"canonical":"https:\/\/litteraturbanken.se\/ljudochbild\/forfattare\/oxenstiernajg\/","og_locale":"sv_SE","og_type":"article","og_title":"Johan Gabriel Oxenstierna (1750\u20131818) - Ljud &amp; Bild","og_description":"\u201dJOHAN GABRIEL OXENSTIERNA (1750\u20131818) v\u00e4xte upp p\u00e5 familjens herrg\u00e5rd Sken\u00e4s i Ving\u00e5ker. Hans barn\u2013 och ungdom kom att starkt pr\u00e4gla hans diktning; s\u00e5v\u00e4l vad g\u00e4ller landskapsskildringar, inspirerade av barndomshemmets vackra parker, som hans k\u00e4rlekslyrik, d\u00e4r ett ungdomssv\u00e4rmeri med [&hellip;]","og_url":"https:\/\/litteraturbanken.se\/ljudochbild\/forfattare\/oxenstiernajg\/","og_site_name":"Ljud &amp; Bild","article_publisher":"https:\/\/www.facebook.com\/Litteraturbanken.se","article_modified_time":"2024-09-17T09:10:57+00:00","og_image":[{"width":413,"height":550,"url":"https:\/\/litteraturbanken.se\/ljudochbild\/wp-content\/uploads\/2019\/08\/OxenstiernaJG_large.jpeg","type":"image\/jpeg"}],"twitter_card":"summary_large_image","twitter_site":"@litteraturbank","twitter_misc":{"Ber\u00e4knad l\u00e4stid":"2 minuter"},"schema":{"@context":"https:\/\/schema.org","@graph":[{"@type":"WebPage","@id":"https:\/\/litteraturbanken.se\/ljudochbild\/forfattare\/oxenstiernajg\/","url":"https:\/\/litteraturbanken.se\/ljudochbild\/forfattare\/oxenstiernajg\/","name":"Johan Gabriel Oxenstierna (1750\u20131818) - Ljud &amp; Bild","isPartOf":{"@id":"https:\/\/litteraturbanken.se\/ljudochbild\/#website"},"primaryImageOfPage":{"@id":"https:\/\/litteraturbanken.se\/ljudochbild\/forfattare\/oxenstiernajg\/#primaryimage"},"image":{"@id":"https:\/\/litteraturbanken.se\/ljudochbild\/forfattare\/oxenstiernajg\/#primaryimage"},"thumbnailUrl":"https:\/\/litteraturbanken.se\/ljudochbild\/wp-content\/uploads\/2019\/08\/OxenstiernaJG_large.jpeg","datePublished":"2019-08-13T14:03:11+00:00","dateModified":"2024-09-17T09:10:57+00:00","breadcrumb":{"@id":"https:\/\/litteraturbanken.se\/ljudochbild\/forfattare\/oxenstiernajg\/#breadcrumb"},"inLanguage":"sv-SE","potentialAction":[{"@type":"ReadAction","target":["https:\/\/litteraturbanken.se\/ljudochbild\/forfattare\/oxenstiernajg\/"]}]},{"@type":"ImageObject","inLanguage":"sv-SE","@id":"https:\/\/litteraturbanken.se\/ljudochbild\/forfattare\/oxenstiernajg\/#primaryimage","url":"https:\/\/litteraturbanken.se\/ljudochbild\/wp-content\/uploads\/2019\/08\/OxenstiernaJG_large.jpeg","contentUrl":"https:\/\/litteraturbanken.se\/ljudochbild\/wp-content\/uploads\/2019\/08\/OxenstiernaJG_large.jpeg","width":413,"height":550},{"@type":"BreadcrumbList","@id":"https:\/\/litteraturbanken.se\/ljudochbild\/forfattare\/oxenstiernajg\/#breadcrumb","itemListElement":[{"@type":"ListItem","position":1,"name":"Hem","item":"https:\/\/litteraturbanken.se\/ljudochbild\/"},{"@type":"ListItem","position":2,"name":"F\u00f6rfattare","item":"https:\/\/litteraturbanken.se\/ljudochbild\/forfattare\/"},{"@type":"ListItem","position":3,"name":"Johan Gabriel Oxenstierna (1750\u20131818)"}]},{"@type":"WebSite","@id":"https:\/\/litteraturbanken.se\/ljudochbild\/#website","url":"https:\/\/litteraturbanken.se\/ljudochbild\/","name":"Ljud & Bild","description":"Ur Litteraturbankens samlingar","potentialAction":[{"@type":"SearchAction","target":{"@type":"EntryPoint","urlTemplate":"https:\/\/litteraturbanken.se\/ljudochbild\/?s={search_term_string}"},"query-input":{"@type":"PropertyValueSpecification","valueRequired":true,"valueName":"search_term_string"}}],"inLanguage":"sv-SE"}]}},"_links":{"self":[{"href":"https:\/\/litteraturbanken.se\/ljudochbild\/wp-json\/wp\/v2\/pages\/683","targetHints":{"allow":["GET"]}}],"collection":[{"href":"https:\/\/litteraturbanken.se\/ljudochbild\/wp-json\/wp\/v2\/pages"}],"about":[{"href":"https:\/\/litteraturbanken.se\/ljudochbild\/wp-json\/wp\/v2\/types\/page"}],"author":[{"embeddable":true,"href":"https:\/\/litteraturbanken.se\/ljudochbild\/wp-json\/wp\/v2\/users\/1"}],"replies":[{"embeddable":true,"href":"https:\/\/litteraturbanken.se\/ljudochbild\/wp-json\/wp\/v2\/comments?post=683"}],"version-history":[{"count":5,"href":"https:\/\/litteraturbanken.se\/ljudochbild\/wp-json\/wp\/v2\/pages\/683\/revisions"}],"predecessor-version":[{"id":12213,"href":"https:\/\/litteraturbanken.se\/ljudochbild\/wp-json\/wp\/v2\/pages\/683\/revisions\/12213"}],"up":[{"embeddable":true,"href":"https:\/\/litteraturbanken.se\/ljudochbild\/wp-json\/wp\/v2\/pages\/7"}],"wp:featuredmedia":[{"embeddable":true,"href":"https:\/\/litteraturbanken.se\/ljudochbild\/wp-json\/wp\/v2\/media\/882"}],"wp:attachment":[{"href":"https:\/\/litteraturbanken.se\/ljudochbild\/wp-json\/wp\/v2\/media?parent=683"}],"curies":[{"name":"wp","href":"https:\/\/api.w.org\/{rel}","templated":true}]}}