{"id":689,"date":"2019-08-13T16:05:54","date_gmt":"2019-08-13T14:05:54","guid":{"rendered":"http:\/\/ordfabriken.org\/ljud\/?page_id=689"},"modified":"2024-09-18T14:14:17","modified_gmt":"2024-09-18T12:14:17","slug":"runiusj","status":"publish","type":"page","link":"https:\/\/litteraturbanken.se\/ljudochbild\/forfattare\/runiusj\/","title":{"rendered":"Johan Runius (1679\u20131713)"},"content":{"rendered":"<div class=\"wp-block-image\">\n<figure class=\"alignright size-large is-resized\"><img loading=\"lazy\" decoding=\"async\" width=\"900\" height=\"1024\" src=\"https:\/\/litteraturbanken.se\/ljudochbild\/wp-content\/uploads\/2024\/09\/johanrunius-900x1024.jpg\" alt=\"Johan Runius\" class=\"wp-image-12339\" style=\"width:181px;height:auto\" srcset=\"https:\/\/litteraturbanken.se\/ljudochbild\/wp-content\/uploads\/2024\/09\/johanrunius-900x1024.jpg 900w, https:\/\/litteraturbanken.se\/ljudochbild\/wp-content\/uploads\/2024\/09\/johanrunius-264x300.jpg 264w, https:\/\/litteraturbanken.se\/ljudochbild\/wp-content\/uploads\/2024\/09\/johanrunius-768x874.jpg 768w, https:\/\/litteraturbanken.se\/ljudochbild\/wp-content\/uploads\/2024\/09\/johanrunius-480x546.jpg 480w, https:\/\/litteraturbanken.se\/ljudochbild\/wp-content\/uploads\/2024\/09\/johanrunius.jpg 1200w\" sizes=\"auto, (max-width: 900px) 100vw, 900px\" \/><\/figure>\n<\/div>\n\n\n<p>\u201dJOHAN RUNIUS (1679-1713) var, under sin korta levnad, en mycket ansedd tillf\u00e4llesdiktare vars i rytmen melodiska och i bildspr\u00e5ket konkreta rimkonst utmanade konventionen och gav honom en stor och uppskattande publik. Han f\u00f6rs\u00f6rjde sig som informator, men fick d\u00e4rtill viss f\u00f6rtj\u00e4nst som av borgerskapet anlitad festskald. Tidvis anst\u00e4llde han ocks\u00e5 lotterier p\u00e5 sina \u00e4godelar och annonserade d\u00e5 dessa med kung\u00f6relser p\u00e5 vers i ett slags tidig rokokostil.\u201d<\/p>\n\n\n\n<p>Stycket ovanf\u00f6r kommer ur Lotta Lotass introduktion av Johan Runius hos Litteraturbanken.<\/p>\n\n\n\n<div class=\"wp-block-buttons is-layout-flex wp-block-buttons-is-layout-flex\">\n<div class=\"wp-block-button has-custom-font-size read-more-button\" style=\"font-size:14px\"><a class=\"wp-block-button__link has-white-color has-text-color has-background wp-element-button\" href=\"https:\/\/litteraturbanken.se\/f%C3%B6rfattare\/RuniusJ\" style=\"border-radius:0px;background-color:#cd2400\" target=\"_blank\" rel=\"noopener\"><strong>L\u00c4S MER OM JOHAN RUNIUS<\/strong><\/a><\/div>\n\n\n\n<div class=\"wp-block-button has-custom-font-size read-more-button\" style=\"font-size:14px\"><a class=\"wp-block-button__link has-white-color has-text-color has-background wp-element-button\" href=\"https:\/\/litteraturbanken.se\/f%C3%B6rfattare\/RuniusJ\/titlar\" style=\"border-radius:0px;background-color:#cd2400\" target=\"_blank\" rel=\"noopener\"><strong>L\u00c4S JOHAN RUNIUS VERK HOS LB.SE<\/strong><\/a><\/div>\n<\/div>\n\n\n\n<div style=\"height:20px\" aria-hidden=\"true\" class=\"wp-block-spacer\"><\/div>\n\n\n\n<div class=\"wp-playlist wp-audio-playlist wp-playlist-light\">\n\t\t\t<div class=\"wp-playlist-current-item\"><\/div>\n\t\t<audio controls=\"controls\" preload=\"none\" width=\"618\"\n\t\t\t><\/audio>\n\t<div class=\"wp-playlist-next\"><\/div>\n\t<div class=\"wp-playlist-prev\"><\/div>\n\t<noscript>\n\t<ol>\n\t\t<li><a href='https:\/\/litteraturbanken.se\/ljudochbild\/wp-content\/uploads\/2019\/09\/runius_enblomsterdrom_bagge.mp3'>Blomster-Dr\u00f6m, fattad uti en Wijsa<\/a><\/li><li><a href='https:\/\/litteraturbanken.se\/ljudochbild\/wp-content\/uploads\/2019\/09\/runius_encavaillersresolutionomsinconqveronte_bagge.mp3'>En Cavaillers Resolution om sin Conqveronte<\/a><\/li><li><a href='https:\/\/litteraturbanken.se\/ljudochbild\/wp-content\/uploads\/2019\/09\/runius_friskensochruniiresa_bagge.mp3'>Friskens och Runii resa til Dalar\u00f6n<\/a><\/li><li><a href='https:\/\/litteraturbanken.se\/ljudochbild\/wp-content\/uploads\/2019\/09\/runius_hwartwilnuminresagalla_bagge.mp3'>Hwart wil nu min resa g\u00e4lla<\/a><\/li><li><a href='https:\/\/litteraturbanken.se\/ljudochbild\/wp-content\/uploads\/2019\/09\/runius_ofwerwerldenesfafangligheter_bagge.mp3'>\u00d6fwer Werldenes F\u00e5f\u00e4ngligheter<\/a><\/li><li><a href='https:\/\/litteraturbanken.se\/ljudochbild\/wp-content\/uploads\/2019\/09\/runius_rattwistutslagofverbaccibrorsochvenerispartisanstwist_bagge.mp3'>R\u00e4ttwist utslag \u00f6fwer Bacchi Brors, och Veneris Partisans twist<\/a><\/li><li><a href='https:\/\/litteraturbanken.se\/ljudochbild\/wp-content\/uploads\/2019\/09\/runius_skamfadensomlagetswiker_bagge.mp3'>Skam f\u00e5 den som laget swiker<\/a><\/li>\t<\/ol>\n\t<\/noscript>\n\t<script type=\"application\/json\" class=\"wp-playlist-script\">{\"type\":\"audio\",\"tracklist\":true,\"tracknumbers\":true,\"images\":true,\"artists\":true,\"tracks\":[{\"src\":\"https:\/\/litteraturbanken.se\/ljudochbild\/wp-content\/uploads\/2019\/09\/runius_enblomsterdrom_bagge.mp3\",\"type\":\"audio\/mpeg\",\"title\":\"Blomster-Dr\\u00f6m, fattad uti en Wijsa\",\"caption\":\"\",\"description\":\"\\\"Blomster-Dr\\u00f6m, fattad uti en Wijsa\\\" fr\\u00e5n Martin Bagges musikaliska vandring (del 4 av 5) av Martin Bagge. Sl\\u00e4ppt: 2017. Sp\\u00e5r 2 av 8. Genre: Folk.\",\"meta\":{\"artist\":\"Martin Bagge framf\\u00f6r Johan Runius\",\"album\":\"Johan Runius\",\"genre\":\"Folk\",\"year\":\"2017\",\"length_formatted\":\"6:29\"},\"image\":{\"src\":\"https:\/\/litteraturbanken.se\/ljudochbild\/wp-content\/plugins\/media-library-assistant\/images\/crystal\/audio.png\",\"width\":48,\"height\":64},\"thumb\":{\"src\":\"https:\/\/litteraturbanken.se\/ljudochbild\/wp-content\/plugins\/media-library-assistant\/images\/crystal\/audio.png\",\"width\":48,\"height\":64}},{\"src\":\"https:\/\/litteraturbanken.se\/ljudochbild\/wp-content\/uploads\/2019\/09\/runius_encavaillersresolutionomsinconqveronte_bagge.mp3\",\"type\":\"audio\/mpeg\",\"title\":\"En Cavaillers Resolution om sin Conqveronte\",\"caption\":\"\",\"description\":\"\\\"En Cavaillers Resolution om sin Conqveronte\\\" fr\\u00e5n Martin Bagges musikaliska vandring (del 4 av 5) av Martin Bagge. Sl\\u00e4ppt: 2017. Sp\\u00e5r 5 av 8. Genre: Folk.\",\"meta\":{\"artist\":\"Martin Bagge framf\\u00f6r Johan Runius\",\"album\":\"Johan Runius\",\"genre\":\"Folk\",\"year\":\"2017\",\"length_formatted\":\"2:50\"},\"image\":{\"src\":\"https:\/\/litteraturbanken.se\/ljudochbild\/wp-content\/plugins\/media-library-assistant\/images\/crystal\/audio.png\",\"width\":48,\"height\":64},\"thumb\":{\"src\":\"https:\/\/litteraturbanken.se\/ljudochbild\/wp-content\/plugins\/media-library-assistant\/images\/crystal\/audio.png\",\"width\":48,\"height\":64}},{\"src\":\"https:\/\/litteraturbanken.se\/ljudochbild\/wp-content\/uploads\/2019\/09\/runius_friskensochruniiresa_bagge.mp3\",\"type\":\"audio\/mpeg\",\"title\":\"Friskens och Runii resa til Dalar\\u00f6n\",\"caption\":\"\",\"description\":\"\\\"Friskens och Runii resa til Dalar\\u00f6n\\\" fr\\u00e5n Martin Bagges musikaliska vandring (del 2 av 5) av Martin Bagge. Sp\\u00e5r 7 av 10.\",\"meta\":{\"artist\":\"Martin Bagge framf\\u00f6r Johan Runius\",\"album\":\"Johan Runius\",\"length_formatted\":\"6:27\"},\"image\":{\"src\":\"https:\/\/litteraturbanken.se\/ljudochbild\/wp-content\/plugins\/media-library-assistant\/images\/crystal\/audio.png\",\"width\":48,\"height\":64},\"thumb\":{\"src\":\"https:\/\/litteraturbanken.se\/ljudochbild\/wp-content\/plugins\/media-library-assistant\/images\/crystal\/audio.png\",\"width\":48,\"height\":64}},{\"src\":\"https:\/\/litteraturbanken.se\/ljudochbild\/wp-content\/uploads\/2019\/09\/runius_hwartwilnuminresagalla_bagge.mp3\",\"type\":\"audio\/mpeg\",\"title\":\"Hwart wil nu min resa g\\u00e4lla\",\"caption\":\"\",\"description\":\"\\\"Hwart wil nu min resa g\\u00e4lla\\\" fr\\u00e5n Martin Bagges musikaliska vandring (del 4 av 5) av Martin Bagge. Sl\\u00e4ppt: 2017. Sp\\u00e5r 3 av 8. Genre: Folk.\",\"meta\":{\"artist\":\"Martin Bagge framf\\u00f6r Johan Runius\",\"album\":\"Johan Runius\",\"genre\":\"Folk\",\"year\":\"2017\",\"length_formatted\":\"5:12\"},\"image\":{\"src\":\"https:\/\/litteraturbanken.se\/ljudochbild\/wp-content\/plugins\/media-library-assistant\/images\/crystal\/audio.png\",\"width\":48,\"height\":64},\"thumb\":{\"src\":\"https:\/\/litteraturbanken.se\/ljudochbild\/wp-content\/plugins\/media-library-assistant\/images\/crystal\/audio.png\",\"width\":48,\"height\":64}},{\"src\":\"https:\/\/litteraturbanken.se\/ljudochbild\/wp-content\/uploads\/2019\/09\/runius_ofwerwerldenesfafangligheter_bagge.mp3\",\"type\":\"audio\/mpeg\",\"title\":\"\\u00d6fwer Werldenes F\\u00e5f\\u00e4ngligheter\",\"caption\":\"\",\"description\":\"\\\"\\u00d6fwer Werldenes F\\u00e5f\\u00e4ngligheter\\\" fr\\u00e5n Martin Bagges musikaliska vandring (del 2 av 5) av Martin Bagge. Sp\\u00e5r 8 av 10.\",\"meta\":{\"artist\":\"Martin Bagge framf\\u00f6r Johan Runius\",\"album\":\"Johan Runius\",\"length_formatted\":\"0:58\"},\"image\":{\"src\":\"https:\/\/litteraturbanken.se\/ljudochbild\/wp-content\/plugins\/media-library-assistant\/images\/crystal\/audio.png\",\"width\":48,\"height\":64},\"thumb\":{\"src\":\"https:\/\/litteraturbanken.se\/ljudochbild\/wp-content\/plugins\/media-library-assistant\/images\/crystal\/audio.png\",\"width\":48,\"height\":64}},{\"src\":\"https:\/\/litteraturbanken.se\/ljudochbild\/wp-content\/uploads\/2019\/09\/runius_rattwistutslagofverbaccibrorsochvenerispartisanstwist_bagge.mp3\",\"type\":\"audio\/mpeg\",\"title\":\"R\\u00e4ttwist utslag \\u00f6fwer Bacchi Brors, och Veneris Partisans twist\",\"caption\":\"\",\"description\":\"\\\"R\\u00e4ttwist utslag \\u00f6fwer Bacchi Brors, och Veneris Partisans twist\\\" fr\\u00e5n Martin Bagges musikaliska vandring (del 4 av 5) av Martin Bagge. Sl\\u00e4ppt: 2017. Sp\\u00e5r 4 av 8. Genre: Folk.\",\"meta\":{\"artist\":\"Martin Bagge framf\\u00f6r Johan Runius\",\"album\":\"Johan Runius\",\"genre\":\"Folk\",\"year\":\"2017\",\"length_formatted\":\"2:49\"},\"image\":{\"src\":\"https:\/\/litteraturbanken.se\/ljudochbild\/wp-content\/plugins\/media-library-assistant\/images\/crystal\/audio.png\",\"width\":48,\"height\":64},\"thumb\":{\"src\":\"https:\/\/litteraturbanken.se\/ljudochbild\/wp-content\/plugins\/media-library-assistant\/images\/crystal\/audio.png\",\"width\":48,\"height\":64}},{\"src\":\"https:\/\/litteraturbanken.se\/ljudochbild\/wp-content\/uploads\/2019\/09\/runius_skamfadensomlagetswiker_bagge.mp3\",\"type\":\"audio\/mpeg\",\"title\":\"Skam f\\u00e5 den som laget swiker\",\"caption\":\"\",\"description\":\"\\\"Skam f\\u00e5 den som laget swiker\\\" fr\\u00e5n Martin Bagges musikaliska vandring (del 2 av 5) av Martin Bagge. Sp\\u00e5r 6 av 10.\",\"meta\":{\"artist\":\"Martin Bagge framf\\u00f6r Johan Runius\",\"album\":\"Johan Runius\",\"length_formatted\":\"0:47\"},\"image\":{\"src\":\"https:\/\/litteraturbanken.se\/ljudochbild\/wp-content\/plugins\/media-library-assistant\/images\/crystal\/audio.png\",\"width\":48,\"height\":64},\"thumb\":{\"src\":\"https:\/\/litteraturbanken.se\/ljudochbild\/wp-content\/plugins\/media-library-assistant\/images\/crystal\/audio.png\",\"width\":48,\"height\":64}}]}<\/script>\n<\/div>\n\t\n","protected":false},"excerpt":{"rendered":"<p>\u201dJOHAN RUNIUS (1679-1713) var, under sin korta levnad, en mycket ansedd tillf\u00e4llesdiktare vars i rytmen melodiska och i bildspr\u00e5ket konkreta rimkonst utmanade konventionen och gav honom en stor och uppskattande publik. Han f\u00f6rs\u00f6rjde sig som informator, men fick [&hellip;]<\/p>\n","protected":false},"author":1,"featured_media":12339,"parent":7,"menu_order":0,"comment_status":"closed","ping_status":"closed","template":"","meta":{"footnotes":""},"class_list":["post-689","page","type-page","status-publish","has-post-thumbnail","hentry"],"yoast_head":"<!-- This site is optimized with the Yoast SEO plugin v27.1.1 - https:\/\/yoast.com\/product\/yoast-seo-wordpress\/ -->\n<title>Johan Runius (1679\u20131713) - Ljud &amp; Bild<\/title>\n<meta name=\"robots\" content=\"index, follow, max-snippet:-1, max-image-preview:large, max-video-preview:-1\" \/>\n<link rel=\"canonical\" href=\"https:\/\/litteraturbanken.se\/ljudochbild\/forfattare\/runiusj\/\" \/>\n<meta property=\"og:locale\" content=\"sv_SE\" \/>\n<meta property=\"og:type\" content=\"article\" \/>\n<meta property=\"og:title\" content=\"Johan Runius (1679\u20131713) - Ljud &amp; Bild\" \/>\n<meta property=\"og:description\" content=\"\u201dJOHAN RUNIUS (1679-1713) var, under sin korta levnad, en mycket ansedd tillf\u00e4llesdiktare vars i rytmen melodiska och i bildspr\u00e5ket konkreta rimkonst utmanade konventionen och gav honom en stor och uppskattande publik. Han f\u00f6rs\u00f6rjde sig som informator, men fick [&hellip;]\" \/>\n<meta property=\"og:url\" content=\"https:\/\/litteraturbanken.se\/ljudochbild\/forfattare\/runiusj\/\" \/>\n<meta property=\"og:site_name\" content=\"Ljud &amp; Bild\" \/>\n<meta property=\"article:publisher\" content=\"https:\/\/www.facebook.com\/Litteraturbanken.se\" \/>\n<meta property=\"article:modified_time\" content=\"2024-09-18T12:14:17+00:00\" \/>\n<meta property=\"og:image\" content=\"https:\/\/litteraturbanken.se\/ljudochbild\/wp-content\/uploads\/2024\/09\/johanrunius.jpg\" \/>\n\t<meta property=\"og:image:width\" content=\"1200\" \/>\n\t<meta property=\"og:image:height\" content=\"1366\" \/>\n\t<meta property=\"og:image:type\" content=\"image\/jpeg\" \/>\n<meta name=\"twitter:card\" content=\"summary_large_image\" \/>\n<meta name=\"twitter:site\" content=\"@litteraturbank\" \/>\n<meta name=\"twitter:label1\" content=\"Ber\u00e4knad l\u00e4stid\" \/>\n\t<meta name=\"twitter:data1\" content=\"1 minut\" \/>\n<script type=\"application\/ld+json\" class=\"yoast-schema-graph\">{\"@context\":\"https:\/\/schema.org\",\"@graph\":[{\"@type\":\"WebPage\",\"@id\":\"https:\/\/litteraturbanken.se\/ljudochbild\/forfattare\/runiusj\/\",\"url\":\"https:\/\/litteraturbanken.se\/ljudochbild\/forfattare\/runiusj\/\",\"name\":\"Johan Runius (1679\u20131713) - Ljud &amp; Bild\",\"isPartOf\":{\"@id\":\"https:\/\/litteraturbanken.se\/ljudochbild\/#website\"},\"primaryImageOfPage\":{\"@id\":\"https:\/\/litteraturbanken.se\/ljudochbild\/forfattare\/runiusj\/#primaryimage\"},\"image\":{\"@id\":\"https:\/\/litteraturbanken.se\/ljudochbild\/forfattare\/runiusj\/#primaryimage\"},\"thumbnailUrl\":\"https:\/\/litteraturbanken.se\/ljudochbild\/wp-content\/uploads\/2024\/09\/johanrunius.jpg\",\"datePublished\":\"2019-08-13T14:05:54+00:00\",\"dateModified\":\"2024-09-18T12:14:17+00:00\",\"breadcrumb\":{\"@id\":\"https:\/\/litteraturbanken.se\/ljudochbild\/forfattare\/runiusj\/#breadcrumb\"},\"inLanguage\":\"sv-SE\",\"potentialAction\":[{\"@type\":\"ReadAction\",\"target\":[\"https:\/\/litteraturbanken.se\/ljudochbild\/forfattare\/runiusj\/\"]}]},{\"@type\":\"ImageObject\",\"inLanguage\":\"sv-SE\",\"@id\":\"https:\/\/litteraturbanken.se\/ljudochbild\/forfattare\/runiusj\/#primaryimage\",\"url\":\"https:\/\/litteraturbanken.se\/ljudochbild\/wp-content\/uploads\/2024\/09\/johanrunius.jpg\",\"contentUrl\":\"https:\/\/litteraturbanken.se\/ljudochbild\/wp-content\/uploads\/2024\/09\/johanrunius.jpg\",\"width\":1200,\"height\":1366,\"caption\":\"Johan Runius\"},{\"@type\":\"BreadcrumbList\",\"@id\":\"https:\/\/litteraturbanken.se\/ljudochbild\/forfattare\/runiusj\/#breadcrumb\",\"itemListElement\":[{\"@type\":\"ListItem\",\"position\":1,\"name\":\"Hem\",\"item\":\"https:\/\/litteraturbanken.se\/ljudochbild\/\"},{\"@type\":\"ListItem\",\"position\":2,\"name\":\"F\u00f6rfattare\",\"item\":\"https:\/\/litteraturbanken.se\/ljudochbild\/forfattare\/\"},{\"@type\":\"ListItem\",\"position\":3,\"name\":\"Johan Runius (1679\u20131713)\"}]},{\"@type\":\"WebSite\",\"@id\":\"https:\/\/litteraturbanken.se\/ljudochbild\/#website\",\"url\":\"https:\/\/litteraturbanken.se\/ljudochbild\/\",\"name\":\"Ljud & Bild\",\"description\":\"Ur Litteraturbankens samlingar\",\"potentialAction\":[{\"@type\":\"SearchAction\",\"target\":{\"@type\":\"EntryPoint\",\"urlTemplate\":\"https:\/\/litteraturbanken.se\/ljudochbild\/?s={search_term_string}\"},\"query-input\":{\"@type\":\"PropertyValueSpecification\",\"valueRequired\":true,\"valueName\":\"search_term_string\"}}],\"inLanguage\":\"sv-SE\"}]}<\/script>\n<!-- \/ Yoast SEO plugin. -->","yoast_head_json":{"title":"Johan Runius (1679\u20131713) - Ljud &amp; Bild","robots":{"index":"index","follow":"follow","max-snippet":"max-snippet:-1","max-image-preview":"max-image-preview:large","max-video-preview":"max-video-preview:-1"},"canonical":"https:\/\/litteraturbanken.se\/ljudochbild\/forfattare\/runiusj\/","og_locale":"sv_SE","og_type":"article","og_title":"Johan Runius (1679\u20131713) - Ljud &amp; Bild","og_description":"\u201dJOHAN RUNIUS (1679-1713) var, under sin korta levnad, en mycket ansedd tillf\u00e4llesdiktare vars i rytmen melodiska och i bildspr\u00e5ket konkreta rimkonst utmanade konventionen och gav honom en stor och uppskattande publik. Han f\u00f6rs\u00f6rjde sig som informator, men fick [&hellip;]","og_url":"https:\/\/litteraturbanken.se\/ljudochbild\/forfattare\/runiusj\/","og_site_name":"Ljud &amp; Bild","article_publisher":"https:\/\/www.facebook.com\/Litteraturbanken.se","article_modified_time":"2024-09-18T12:14:17+00:00","og_image":[{"width":1200,"height":1366,"url":"https:\/\/litteraturbanken.se\/ljudochbild\/wp-content\/uploads\/2024\/09\/johanrunius.jpg","type":"image\/jpeg"}],"twitter_card":"summary_large_image","twitter_site":"@litteraturbank","twitter_misc":{"Ber\u00e4knad l\u00e4stid":"1 minut"},"schema":{"@context":"https:\/\/schema.org","@graph":[{"@type":"WebPage","@id":"https:\/\/litteraturbanken.se\/ljudochbild\/forfattare\/runiusj\/","url":"https:\/\/litteraturbanken.se\/ljudochbild\/forfattare\/runiusj\/","name":"Johan Runius (1679\u20131713) - Ljud &amp; Bild","isPartOf":{"@id":"https:\/\/litteraturbanken.se\/ljudochbild\/#website"},"primaryImageOfPage":{"@id":"https:\/\/litteraturbanken.se\/ljudochbild\/forfattare\/runiusj\/#primaryimage"},"image":{"@id":"https:\/\/litteraturbanken.se\/ljudochbild\/forfattare\/runiusj\/#primaryimage"},"thumbnailUrl":"https:\/\/litteraturbanken.se\/ljudochbild\/wp-content\/uploads\/2024\/09\/johanrunius.jpg","datePublished":"2019-08-13T14:05:54+00:00","dateModified":"2024-09-18T12:14:17+00:00","breadcrumb":{"@id":"https:\/\/litteraturbanken.se\/ljudochbild\/forfattare\/runiusj\/#breadcrumb"},"inLanguage":"sv-SE","potentialAction":[{"@type":"ReadAction","target":["https:\/\/litteraturbanken.se\/ljudochbild\/forfattare\/runiusj\/"]}]},{"@type":"ImageObject","inLanguage":"sv-SE","@id":"https:\/\/litteraturbanken.se\/ljudochbild\/forfattare\/runiusj\/#primaryimage","url":"https:\/\/litteraturbanken.se\/ljudochbild\/wp-content\/uploads\/2024\/09\/johanrunius.jpg","contentUrl":"https:\/\/litteraturbanken.se\/ljudochbild\/wp-content\/uploads\/2024\/09\/johanrunius.jpg","width":1200,"height":1366,"caption":"Johan Runius"},{"@type":"BreadcrumbList","@id":"https:\/\/litteraturbanken.se\/ljudochbild\/forfattare\/runiusj\/#breadcrumb","itemListElement":[{"@type":"ListItem","position":1,"name":"Hem","item":"https:\/\/litteraturbanken.se\/ljudochbild\/"},{"@type":"ListItem","position":2,"name":"F\u00f6rfattare","item":"https:\/\/litteraturbanken.se\/ljudochbild\/forfattare\/"},{"@type":"ListItem","position":3,"name":"Johan Runius (1679\u20131713)"}]},{"@type":"WebSite","@id":"https:\/\/litteraturbanken.se\/ljudochbild\/#website","url":"https:\/\/litteraturbanken.se\/ljudochbild\/","name":"Ljud & Bild","description":"Ur Litteraturbankens samlingar","potentialAction":[{"@type":"SearchAction","target":{"@type":"EntryPoint","urlTemplate":"https:\/\/litteraturbanken.se\/ljudochbild\/?s={search_term_string}"},"query-input":{"@type":"PropertyValueSpecification","valueRequired":true,"valueName":"search_term_string"}}],"inLanguage":"sv-SE"}]}},"_links":{"self":[{"href":"https:\/\/litteraturbanken.se\/ljudochbild\/wp-json\/wp\/v2\/pages\/689","targetHints":{"allow":["GET"]}}],"collection":[{"href":"https:\/\/litteraturbanken.se\/ljudochbild\/wp-json\/wp\/v2\/pages"}],"about":[{"href":"https:\/\/litteraturbanken.se\/ljudochbild\/wp-json\/wp\/v2\/types\/page"}],"author":[{"embeddable":true,"href":"https:\/\/litteraturbanken.se\/ljudochbild\/wp-json\/wp\/v2\/users\/1"}],"replies":[{"embeddable":true,"href":"https:\/\/litteraturbanken.se\/ljudochbild\/wp-json\/wp\/v2\/comments?post=689"}],"version-history":[{"count":11,"href":"https:\/\/litteraturbanken.se\/ljudochbild\/wp-json\/wp\/v2\/pages\/689\/revisions"}],"predecessor-version":[{"id":12341,"href":"https:\/\/litteraturbanken.se\/ljudochbild\/wp-json\/wp\/v2\/pages\/689\/revisions\/12341"}],"up":[{"embeddable":true,"href":"https:\/\/litteraturbanken.se\/ljudochbild\/wp-json\/wp\/v2\/pages\/7"}],"wp:featuredmedia":[{"embeddable":true,"href":"https:\/\/litteraturbanken.se\/ljudochbild\/wp-json\/wp\/v2\/media\/12339"}],"wp:attachment":[{"href":"https:\/\/litteraturbanken.se\/ljudochbild\/wp-json\/wp\/v2\/media?parent=689"}],"curies":[{"name":"wp","href":"https:\/\/api.w.org\/{rel}","templated":true}]}}