{"id":691,"date":"2019-08-13T16:07:06","date_gmt":"2019-08-13T14:07:06","guid":{"rendered":"http:\/\/ordfabriken.org\/ljud\/?page_id=691"},"modified":"2024-09-17T11:17:28","modified_gmt":"2024-09-17T09:17:28","slug":"rydbergr","status":"publish","type":"page","link":"https:\/\/litteraturbanken.se\/ljudochbild\/forfattare\/rydbergr\/","title":{"rendered":"Viktor Rydberg (1828\u20131895)"},"content":{"rendered":"<div class=\"wp-block-image\">\n<figure class=\"alignright\"><img loading=\"lazy\" decoding=\"async\" width=\"215\" height=\"300\" src=\"https:\/\/litteraturbanken.se\/ljudochbild\/wp-content\/uploads\/2019\/08\/RydbergV_large-215x300.jpeg\" alt=\"Fotografi av Viktor Rydberg\" class=\"wp-image-833\" srcset=\"https:\/\/litteraturbanken.se\/ljudochbild\/wp-content\/uploads\/2019\/08\/RydbergV_large-215x300.jpeg 215w, https:\/\/litteraturbanken.se\/ljudochbild\/wp-content\/uploads\/2019\/08\/RydbergV_large.jpeg 395w\" sizes=\"auto, (max-width: 215px) 100vw, 215px\" \/><\/figure>\n<\/div>\n\n\n<p>\u201dVIKTOR RYDBERG (1828\u201395), journalist, f\u00f6rfattare och forskare. Hans f\u00f6rfattarskap sp\u00e4nner \u00f6ver m\u00e5nga genrer, fr\u00e5n romaner och dikter till ess\u00e4er och avhandlingar i ett brett spektrum av \u00e4mnen. Allt pr\u00e4glat av ett starkt id\u00e9intresse, poetisk fantasi och klassisk klarhet i stilen. F\u00f6ljetongen\u00a0<a href=\"https:\/\/litteraturbanken.se\/forfattare\/RydbergV\/titlar\/Vampyren\/sida\/1\/etext\"><em>Vampyren<\/em><\/a>\u00a0(1848) tillh\u00f6rde de ungdomsverk han aldrig gav ut under eget namn; den \u2019riktiga\u2019 debuten blev ist\u00e4llet \u00e4ventyrsromanen\u00a0<em><a aria-label=\"Fribytaren p\u00e5 \u00d6stersj\u00f6n (\u00f6ppnas i en ny flik)\" href=\"https:\/\/litteraturbanken.se\/f%C3%B6rfattare\/RydbergV\/titlar\/FribytarenP%C3%A5%C3%96stersj%C3%B6n\/sida\/I\/etext\" target=\"_blank\" rel=\"noreferrer noopener\">Fribytaren p\u00e5 \u00d6stersj\u00f6n<\/a><\/em>\u00a0(1857). Id\u00e9romanen\u00a0<em><a aria-label=\"Den siste Athenaren (\u00f6ppnas i en ny flik)\" href=\"https:\/\/litteraturbanken.se\/f%C3%B6rfattare\/RydbergV\/titlar\/DenSisteAthenaren\/sida\/I\/etext\" target=\"_blank\" rel=\"noreferrer noopener\">Den siste Athenaren<\/a><\/em>\u00a0(1859), d\u00e4r kristet och hellenskt st\u00e4lls mot varandra, blev hans litter\u00e4ra genombrott och kom via sitt f\u00f6rord att forma bilden av honom som stridsman f\u00f6r tankens frihet. Men den stora ryktbarheten kom genom\u00a0<a href=\"https:\/\/litteraturbanken.se\/forfattare\/RydbergV\/titlar\/BibelnsLaraOmKristus\/sida\/I\/etext\"><em>Bibelns l\u00e4ra om Kristus<\/em><\/a>\u00a0(1862), en teologisk pamflett som tr\u00e4ffade nationen \u2019som en elektrisk st\u00f6t\u2019, skakade den svenska kyrkan och gjorde fundamentalismen om\u00f6jlig i bildade kretsar. Kyrkokritiken f\u00f6ljdes upp i\u00a0<a href=\"https:\/\/litteraturbanken.se\/forfattare\/RydbergV\/titlar\/MedeltidensMagi\/sida\/1\/etext\"><em>Medeltidens magi<\/em><\/a>\u00a0(1865), men d\u00e4refter f\u00f6ljde en omorientering, bort fr\u00e5n konfrontation och reformatorsroll.\u201d<\/p>\n\n\n\n<p>Stycket ovanf\u00f6r kommer ur Tore Lunds introduktion om Viktor Rydberg hos Litteraturbanken.<\/p>\n\n\n\n<div class=\"wp-block-buttons is-layout-flex wp-block-buttons-is-layout-flex\">\n<div class=\"wp-block-button has-custom-font-size read-more-button\" style=\"font-size:14px\"><a class=\"wp-block-button__link has-white-color has-text-color has-background wp-element-button\" href=\"https:\/\/litteraturbanken.se\/f%C3%B6rfattare\/RydbergV\" style=\"border-radius:0px;background-color:#cd2400\" target=\"_blank\" rel=\"noopener\"><strong>L\u00c4S MER OM VIKTOR RYDBERG<\/strong><\/a><\/div>\n\n\n\n<div class=\"wp-block-button has-custom-font-size read-more-button\" style=\"font-size:14px\"><a class=\"wp-block-button__link has-white-color has-text-color has-background wp-element-button\" href=\"https:\/\/litteraturbanken.se\/f%C3%B6rfattare\/RydbergV\/titlar\" style=\"border-radius:0px;background-color:#cd2400\" target=\"_blank\" rel=\"noopener\"><strong>L\u00c4S VIKTOR RYDBERGS VERK HOS LB.SE<\/strong><\/a><\/div>\n<\/div>\n\n\n\n<div style=\"height:20px\" aria-hidden=\"true\" class=\"wp-block-spacer\"><\/div>\n\n\n\n<div class=\"wp-playlist wp-audio-playlist wp-playlist-light\">\n\t\t\t<div class=\"wp-playlist-current-item\"><\/div>\n\t\t<audio controls=\"controls\" preload=\"none\" width=\"618\"\n\t\t\t><\/audio>\n\t<div class=\"wp-playlist-next\"><\/div>\n\t<div class=\"wp-playlist-prev\"><\/div>\n\t<noscript>\n\t<ol>\n\t\t<li><a href='https:\/\/litteraturbanken.se\/ljudochbild\/wp-content\/uploads\/2019\/06\/rydberg_kantat_holmberg.mp3'>Kantat<\/a><\/li><li><a href='https:\/\/litteraturbanken.se\/ljudochbild\/wp-content\/uploads\/2019\/09\/rydberg_tomten_engdahl.mp3'>Tomten<\/a><\/li>\t<\/ol>\n\t<\/noscript>\n\t<script type=\"application\/json\" class=\"wp-playlist-script\">{\"type\":\"audio\",\"tracklist\":true,\"tracknumbers\":true,\"images\":true,\"artists\":true,\"tracks\":[{\"src\":\"https:\/\/litteraturbanken.se\/ljudochbild\/wp-content\/uploads\/2019\/06\/rydberg_kantat_holmberg.mp3\",\"type\":\"audio\/mpeg\",\"title\":\"Kantat\",\"caption\":\"\",\"description\":\"\\\"Kantat\\\" fr\\u00e5n Henric Holmberg av Rydberg, Viktor.\",\"meta\":{\"artist\":\"Henric Holmberg l\\u00e4ser Viktor Rydberg\",\"album\":\"Viktor Rydberg\",\"length_formatted\":\"2:09\"},\"image\":{\"src\":\"https:\/\/litteraturbanken.se\/ljudochbild\/wp-content\/plugins\/media-library-assistant\/images\/crystal\/audio.png\",\"width\":48,\"height\":64},\"thumb\":{\"src\":\"https:\/\/litteraturbanken.se\/ljudochbild\/wp-content\/plugins\/media-library-assistant\/images\/crystal\/audio.png\",\"width\":48,\"height\":64}},{\"src\":\"https:\/\/litteraturbanken.se\/ljudochbild\/wp-content\/uploads\/2019\/09\/rydberg_tomten_engdahl.mp3\",\"type\":\"audio\/mpeg\",\"title\":\"Tomten\",\"caption\":\"\",\"description\":\"\\\"Tomten\\\" fr\\u00e5n Tomten av Rydberg, Viktor.\",\"meta\":{\"artist\":\"Horace Engdahl l\\u00e4ser Viktor Rydberg\",\"album\":\"Viktor Rydberg\",\"length_formatted\":\"4:01\"},\"image\":{\"src\":\"https:\/\/litteraturbanken.se\/ljudochbild\/wp-content\/uploads\/2019\/09\/lb_albumart.png\",\"width\":580,\"height\":612},\"thumb\":{\"src\":\"https:\/\/litteraturbanken.se\/ljudochbild\/wp-content\/uploads\/2019\/09\/lb_albumart-150x150.png\",\"width\":150,\"height\":150}}]}<\/script>\n<\/div>\n\t\n\n\n<h3 class=\"wp-block-heading author-related-title\">L\u00e4s mer<\/h3>\r\n<div class=\"display-posts-listing grid\"><div class=\"listing-item\"><a class=\"image\" href=\"https:\/\/litteraturbanken.se\/ljudochbild\/2023\/11\/14\/fotografen-jonason\/\"><img loading=\"lazy\" decoding=\"async\" width=\"628\" height=\"1024\" src=\"https:\/\/litteraturbanken.se\/ljudochbild\/wp-content\/uploads\/2023\/11\/aron_jonason-628x1024.jpg\" class=\"attachment-large size-large wp-post-image\" alt=\"Aron Jonason\" srcset=\"https:\/\/litteraturbanken.se\/ljudochbild\/wp-content\/uploads\/2023\/11\/aron_jonason-628x1024.jpg 628w, https:\/\/litteraturbanken.se\/ljudochbild\/wp-content\/uploads\/2023\/11\/aron_jonason-184x300.jpg 184w, https:\/\/litteraturbanken.se\/ljudochbild\/wp-content\/uploads\/2023\/11\/aron_jonason-768x1253.jpg 768w, https:\/\/litteraturbanken.se\/ljudochbild\/wp-content\/uploads\/2023\/11\/aron_jonason-941x1536.jpg 941w, https:\/\/litteraturbanken.se\/ljudochbild\/wp-content\/uploads\/2023\/11\/aron_jonason-480x783.jpg 480w, https:\/\/litteraturbanken.se\/ljudochbild\/wp-content\/uploads\/2023\/11\/aron_jonason.jpg 1200w\" sizes=\"auto, (max-width: 628px) 100vw, 628px\" \/><\/a> <a class=\"title\" href=\"https:\/\/litteraturbanken.se\/ljudochbild\/2023\/11\/14\/fotografen-jonason\/\">Fotografen Jonason<\/a><\/div><div class=\"listing-item\"><a class=\"image\" href=\"https:\/\/litteraturbanken.se\/ljudochbild\/2022\/12\/24\/verket-viktor-rydberg-tomten\/\"><img loading=\"lazy\" decoding=\"async\" width=\"640\" height=\"640\" src=\"https:\/\/litteraturbanken.se\/ljudochbild\/wp-content\/uploads\/2023\/01\/viktor-rydberg-tomten-1024x1024.jpg\" class=\"attachment-large size-large wp-post-image\" alt=\"Viktor Rydberg Tomten\" srcset=\"https:\/\/litteraturbanken.se\/ljudochbild\/wp-content\/uploads\/2023\/01\/viktor-rydberg-tomten-1024x1024.jpg 1024w, https:\/\/litteraturbanken.se\/ljudochbild\/wp-content\/uploads\/2023\/01\/viktor-rydberg-tomten-300x300.jpg 300w, https:\/\/litteraturbanken.se\/ljudochbild\/wp-content\/uploads\/2023\/01\/viktor-rydberg-tomten-150x150.jpg 150w, https:\/\/litteraturbanken.se\/ljudochbild\/wp-content\/uploads\/2023\/01\/viktor-rydberg-tomten-768x768.jpg 768w, https:\/\/litteraturbanken.se\/ljudochbild\/wp-content\/uploads\/2023\/01\/viktor-rydberg-tomten-1536x1536.jpg 1536w, https:\/\/litteraturbanken.se\/ljudochbild\/wp-content\/uploads\/2023\/01\/viktor-rydberg-tomten-480x480.jpg 480w, https:\/\/litteraturbanken.se\/ljudochbild\/wp-content\/uploads\/2023\/01\/viktor-rydberg-tomten.jpg 1612w\" sizes=\"auto, (max-width: 640px) 100vw, 640px\" \/><\/a> <a class=\"title\" href=\"https:\/\/litteraturbanken.se\/ljudochbild\/2022\/12\/24\/verket-viktor-rydberg-tomten\/\">Verket: Tomten<\/a><\/div><div class=\"listing-item\"><a class=\"image\" href=\"https:\/\/litteraturbanken.se\/ljudochbild\/2023\/09\/18\/las-in-en-klassiker\/\"><img loading=\"lazy\" decoding=\"async\" width=\"640\" height=\"960\" src=\"https:\/\/litteraturbanken.se\/ljudochbild\/wp-content\/uploads\/2023\/09\/bokmassan_inlasningar-683x1024.jpg\" class=\"attachment-large size-large wp-post-image\" alt=\"L\u00e4s in en klassiker. B\u00f6cker med mikrofon\" srcset=\"https:\/\/litteraturbanken.se\/ljudochbild\/wp-content\/uploads\/2023\/09\/bokmassan_inlasningar-683x1024.jpg 683w, https:\/\/litteraturbanken.se\/ljudochbild\/wp-content\/uploads\/2023\/09\/bokmassan_inlasningar-200x300.jpg 200w, https:\/\/litteraturbanken.se\/ljudochbild\/wp-content\/uploads\/2023\/09\/bokmassan_inlasningar-768x1152.jpg 768w, https:\/\/litteraturbanken.se\/ljudochbild\/wp-content\/uploads\/2023\/09\/bokmassan_inlasningar-1024x1536.jpg 1024w, https:\/\/litteraturbanken.se\/ljudochbild\/wp-content\/uploads\/2023\/09\/bokmassan_inlasningar-480x720.jpg 480w, https:\/\/litteraturbanken.se\/ljudochbild\/wp-content\/uploads\/2023\/09\/bokmassan_inlasningar.jpg 1200w\" sizes=\"auto, (max-width: 640px) 100vw, 640px\" \/><\/a> <a class=\"title\" href=\"https:\/\/litteraturbanken.se\/ljudochbild\/2023\/09\/18\/las-in-en-klassiker\/\">L\u00e4s in en klassiker<\/a><\/div><\/div>\r\n\r\n\n","protected":false},"excerpt":{"rendered":"<p>\u201dVIKTOR RYDBERG (1828\u201395), journalist, f\u00f6rfattare och forskare. Hans f\u00f6rfattarskap sp\u00e4nner \u00f6ver m\u00e5nga genrer, fr\u00e5n romaner och dikter till ess\u00e4er och avhandlingar i ett brett spektrum av \u00e4mnen. Allt pr\u00e4glat av ett starkt id\u00e9intresse, poetisk fantasi och klassisk klarhet [&hellip;]<\/p>\n","protected":false},"author":1,"featured_media":833,"parent":7,"menu_order":0,"comment_status":"closed","ping_status":"closed","template":"","meta":{"footnotes":""},"class_list":["post-691","page","type-page","status-publish","has-post-thumbnail","hentry"],"yoast_head":"<!-- This site is optimized with the Yoast SEO plugin v27.1.1 - https:\/\/yoast.com\/product\/yoast-seo-wordpress\/ -->\n<title>Viktor Rydberg (1828\u20131895) - Ljud &amp; Bild<\/title>\n<meta name=\"description\" content=\"Viktor Rydberg, journalist, f\u00f6rfattare och forskare. Hans f\u00f6rfattarskap sp\u00e4nner \u00f6ver m\u00e5nga genrer, fr\u00e5n romaner och dikter till ess\u00e4er och...\" \/>\n<meta name=\"robots\" content=\"index, follow, max-snippet:-1, max-image-preview:large, max-video-preview:-1\" \/>\n<link rel=\"canonical\" href=\"https:\/\/litteraturbanken.se\/ljudochbild\/forfattare\/rydbergr\/\" \/>\n<meta property=\"og:locale\" content=\"sv_SE\" \/>\n<meta property=\"og:type\" content=\"article\" \/>\n<meta property=\"og:title\" content=\"Viktor Rydberg (1828\u20131895) - Ljud &amp; Bild\" \/>\n<meta property=\"og:description\" content=\"Viktor Rydberg, journalist, f\u00f6rfattare och forskare. Hans f\u00f6rfattarskap sp\u00e4nner \u00f6ver m\u00e5nga genrer, fr\u00e5n romaner och dikter till ess\u00e4er och...\" \/>\n<meta property=\"og:url\" content=\"https:\/\/litteraturbanken.se\/ljudochbild\/forfattare\/rydbergr\/\" \/>\n<meta property=\"og:site_name\" content=\"Ljud &amp; Bild\" \/>\n<meta property=\"article:publisher\" content=\"https:\/\/www.facebook.com\/Litteraturbanken.se\" \/>\n<meta property=\"article:modified_time\" content=\"2024-09-17T09:17:28+00:00\" \/>\n<meta property=\"og:image\" content=\"https:\/\/litteraturbanken.se\/ljudochbild\/wp-content\/uploads\/2019\/08\/RydbergV_large.jpeg\" \/>\n\t<meta property=\"og:image:width\" content=\"395\" \/>\n\t<meta property=\"og:image:height\" content=\"550\" \/>\n\t<meta property=\"og:image:type\" content=\"image\/jpeg\" \/>\n<meta name=\"twitter:card\" content=\"summary_large_image\" \/>\n<meta name=\"twitter:site\" content=\"@litteraturbank\" \/>\n<meta name=\"twitter:label1\" content=\"Ber\u00e4knad l\u00e4stid\" \/>\n\t<meta name=\"twitter:data1\" content=\"2 minuter\" \/>\n<script type=\"application\/ld+json\" class=\"yoast-schema-graph\">{\"@context\":\"https:\/\/schema.org\",\"@graph\":[{\"@type\":\"WebPage\",\"@id\":\"https:\/\/litteraturbanken.se\/ljudochbild\/forfattare\/rydbergr\/\",\"url\":\"https:\/\/litteraturbanken.se\/ljudochbild\/forfattare\/rydbergr\/\",\"name\":\"Viktor Rydberg (1828\u20131895) - Ljud &amp; Bild\",\"isPartOf\":{\"@id\":\"https:\/\/litteraturbanken.se\/ljudochbild\/#website\"},\"primaryImageOfPage\":{\"@id\":\"https:\/\/litteraturbanken.se\/ljudochbild\/forfattare\/rydbergr\/#primaryimage\"},\"image\":{\"@id\":\"https:\/\/litteraturbanken.se\/ljudochbild\/forfattare\/rydbergr\/#primaryimage\"},\"thumbnailUrl\":\"https:\/\/litteraturbanken.se\/ljudochbild\/wp-content\/uploads\/2019\/08\/RydbergV_large.jpeg\",\"datePublished\":\"2019-08-13T14:07:06+00:00\",\"dateModified\":\"2024-09-17T09:17:28+00:00\",\"description\":\"Viktor Rydberg, journalist, f\u00f6rfattare och forskare. Hans f\u00f6rfattarskap sp\u00e4nner \u00f6ver m\u00e5nga genrer, fr\u00e5n romaner och dikter till ess\u00e4er och...\",\"breadcrumb\":{\"@id\":\"https:\/\/litteraturbanken.se\/ljudochbild\/forfattare\/rydbergr\/#breadcrumb\"},\"inLanguage\":\"sv-SE\",\"potentialAction\":[{\"@type\":\"ReadAction\",\"target\":[\"https:\/\/litteraturbanken.se\/ljudochbild\/forfattare\/rydbergr\/\"]}]},{\"@type\":\"ImageObject\",\"inLanguage\":\"sv-SE\",\"@id\":\"https:\/\/litteraturbanken.se\/ljudochbild\/forfattare\/rydbergr\/#primaryimage\",\"url\":\"https:\/\/litteraturbanken.se\/ljudochbild\/wp-content\/uploads\/2019\/08\/RydbergV_large.jpeg\",\"contentUrl\":\"https:\/\/litteraturbanken.se\/ljudochbild\/wp-content\/uploads\/2019\/08\/RydbergV_large.jpeg\",\"width\":395,\"height\":550},{\"@type\":\"BreadcrumbList\",\"@id\":\"https:\/\/litteraturbanken.se\/ljudochbild\/forfattare\/rydbergr\/#breadcrumb\",\"itemListElement\":[{\"@type\":\"ListItem\",\"position\":1,\"name\":\"Hem\",\"item\":\"https:\/\/litteraturbanken.se\/ljudochbild\/\"},{\"@type\":\"ListItem\",\"position\":2,\"name\":\"F\u00f6rfattare\",\"item\":\"https:\/\/litteraturbanken.se\/ljudochbild\/forfattare\/\"},{\"@type\":\"ListItem\",\"position\":3,\"name\":\"Viktor Rydberg (1828\u20131895)\"}]},{\"@type\":\"WebSite\",\"@id\":\"https:\/\/litteraturbanken.se\/ljudochbild\/#website\",\"url\":\"https:\/\/litteraturbanken.se\/ljudochbild\/\",\"name\":\"Ljud & Bild\",\"description\":\"Ur Litteraturbankens samlingar\",\"potentialAction\":[{\"@type\":\"SearchAction\",\"target\":{\"@type\":\"EntryPoint\",\"urlTemplate\":\"https:\/\/litteraturbanken.se\/ljudochbild\/?s={search_term_string}\"},\"query-input\":{\"@type\":\"PropertyValueSpecification\",\"valueRequired\":true,\"valueName\":\"search_term_string\"}}],\"inLanguage\":\"sv-SE\"}]}<\/script>\n<!-- \/ Yoast SEO plugin. -->","yoast_head_json":{"title":"Viktor Rydberg (1828\u20131895) - Ljud &amp; Bild","description":"Viktor Rydberg, journalist, f\u00f6rfattare och forskare. Hans f\u00f6rfattarskap sp\u00e4nner \u00f6ver m\u00e5nga genrer, fr\u00e5n romaner och dikter till ess\u00e4er och...","robots":{"index":"index","follow":"follow","max-snippet":"max-snippet:-1","max-image-preview":"max-image-preview:large","max-video-preview":"max-video-preview:-1"},"canonical":"https:\/\/litteraturbanken.se\/ljudochbild\/forfattare\/rydbergr\/","og_locale":"sv_SE","og_type":"article","og_title":"Viktor Rydberg (1828\u20131895) - Ljud &amp; Bild","og_description":"Viktor Rydberg, journalist, f\u00f6rfattare och forskare. Hans f\u00f6rfattarskap sp\u00e4nner \u00f6ver m\u00e5nga genrer, fr\u00e5n romaner och dikter till ess\u00e4er och...","og_url":"https:\/\/litteraturbanken.se\/ljudochbild\/forfattare\/rydbergr\/","og_site_name":"Ljud &amp; Bild","article_publisher":"https:\/\/www.facebook.com\/Litteraturbanken.se","article_modified_time":"2024-09-17T09:17:28+00:00","og_image":[{"width":395,"height":550,"url":"https:\/\/litteraturbanken.se\/ljudochbild\/wp-content\/uploads\/2019\/08\/RydbergV_large.jpeg","type":"image\/jpeg"}],"twitter_card":"summary_large_image","twitter_site":"@litteraturbank","twitter_misc":{"Ber\u00e4knad l\u00e4stid":"2 minuter"},"schema":{"@context":"https:\/\/schema.org","@graph":[{"@type":"WebPage","@id":"https:\/\/litteraturbanken.se\/ljudochbild\/forfattare\/rydbergr\/","url":"https:\/\/litteraturbanken.se\/ljudochbild\/forfattare\/rydbergr\/","name":"Viktor Rydberg (1828\u20131895) - Ljud &amp; Bild","isPartOf":{"@id":"https:\/\/litteraturbanken.se\/ljudochbild\/#website"},"primaryImageOfPage":{"@id":"https:\/\/litteraturbanken.se\/ljudochbild\/forfattare\/rydbergr\/#primaryimage"},"image":{"@id":"https:\/\/litteraturbanken.se\/ljudochbild\/forfattare\/rydbergr\/#primaryimage"},"thumbnailUrl":"https:\/\/litteraturbanken.se\/ljudochbild\/wp-content\/uploads\/2019\/08\/RydbergV_large.jpeg","datePublished":"2019-08-13T14:07:06+00:00","dateModified":"2024-09-17T09:17:28+00:00","description":"Viktor Rydberg, journalist, f\u00f6rfattare och forskare. Hans f\u00f6rfattarskap sp\u00e4nner \u00f6ver m\u00e5nga genrer, fr\u00e5n romaner och dikter till ess\u00e4er och...","breadcrumb":{"@id":"https:\/\/litteraturbanken.se\/ljudochbild\/forfattare\/rydbergr\/#breadcrumb"},"inLanguage":"sv-SE","potentialAction":[{"@type":"ReadAction","target":["https:\/\/litteraturbanken.se\/ljudochbild\/forfattare\/rydbergr\/"]}]},{"@type":"ImageObject","inLanguage":"sv-SE","@id":"https:\/\/litteraturbanken.se\/ljudochbild\/forfattare\/rydbergr\/#primaryimage","url":"https:\/\/litteraturbanken.se\/ljudochbild\/wp-content\/uploads\/2019\/08\/RydbergV_large.jpeg","contentUrl":"https:\/\/litteraturbanken.se\/ljudochbild\/wp-content\/uploads\/2019\/08\/RydbergV_large.jpeg","width":395,"height":550},{"@type":"BreadcrumbList","@id":"https:\/\/litteraturbanken.se\/ljudochbild\/forfattare\/rydbergr\/#breadcrumb","itemListElement":[{"@type":"ListItem","position":1,"name":"Hem","item":"https:\/\/litteraturbanken.se\/ljudochbild\/"},{"@type":"ListItem","position":2,"name":"F\u00f6rfattare","item":"https:\/\/litteraturbanken.se\/ljudochbild\/forfattare\/"},{"@type":"ListItem","position":3,"name":"Viktor Rydberg (1828\u20131895)"}]},{"@type":"WebSite","@id":"https:\/\/litteraturbanken.se\/ljudochbild\/#website","url":"https:\/\/litteraturbanken.se\/ljudochbild\/","name":"Ljud & Bild","description":"Ur Litteraturbankens samlingar","potentialAction":[{"@type":"SearchAction","target":{"@type":"EntryPoint","urlTemplate":"https:\/\/litteraturbanken.se\/ljudochbild\/?s={search_term_string}"},"query-input":{"@type":"PropertyValueSpecification","valueRequired":true,"valueName":"search_term_string"}}],"inLanguage":"sv-SE"}]}},"_links":{"self":[{"href":"https:\/\/litteraturbanken.se\/ljudochbild\/wp-json\/wp\/v2\/pages\/691","targetHints":{"allow":["GET"]}}],"collection":[{"href":"https:\/\/litteraturbanken.se\/ljudochbild\/wp-json\/wp\/v2\/pages"}],"about":[{"href":"https:\/\/litteraturbanken.se\/ljudochbild\/wp-json\/wp\/v2\/types\/page"}],"author":[{"embeddable":true,"href":"https:\/\/litteraturbanken.se\/ljudochbild\/wp-json\/wp\/v2\/users\/1"}],"replies":[{"embeddable":true,"href":"https:\/\/litteraturbanken.se\/ljudochbild\/wp-json\/wp\/v2\/comments?post=691"}],"version-history":[{"count":8,"href":"https:\/\/litteraturbanken.se\/ljudochbild\/wp-json\/wp\/v2\/pages\/691\/revisions"}],"predecessor-version":[{"id":12221,"href":"https:\/\/litteraturbanken.se\/ljudochbild\/wp-json\/wp\/v2\/pages\/691\/revisions\/12221"}],"up":[{"embeddable":true,"href":"https:\/\/litteraturbanken.se\/ljudochbild\/wp-json\/wp\/v2\/pages\/7"}],"wp:featuredmedia":[{"embeddable":true,"href":"https:\/\/litteraturbanken.se\/ljudochbild\/wp-json\/wp\/v2\/media\/833"}],"wp:attachment":[{"href":"https:\/\/litteraturbanken.se\/ljudochbild\/wp-json\/wp\/v2\/media?parent=691"}],"curies":[{"name":"wp","href":"https:\/\/api.w.org\/{rel}","templated":true}]}}