{"id":695,"date":"2019-08-13T16:08:49","date_gmt":"2019-08-13T14:08:49","guid":{"rendered":"http:\/\/ordfabriken.org\/ljud\/?page_id=695"},"modified":"2024-09-18T14:19:10","modified_gmt":"2024-09-18T12:19:10","slug":"sehlstedte","status":"publish","type":"page","link":"https:\/\/litteraturbanken.se\/ljudochbild\/forfattare\/sehlstedte\/","title":{"rendered":"Elias Sehlstedt (1808\u20131874)"},"content":{"rendered":"<div class=\"wp-block-image\">\n<figure class=\"alignright size-large is-resized\"><img loading=\"lazy\" decoding=\"async\" width=\"654\" height=\"1024\" src=\"https:\/\/litteraturbanken.se\/ljudochbild\/wp-content\/uploads\/2024\/09\/eliassehlste-654x1024.jpg\" alt=\"Elias Sehlstedt\" class=\"wp-image-12342\" style=\"width:158px;height:auto\" srcset=\"https:\/\/litteraturbanken.se\/ljudochbild\/wp-content\/uploads\/2024\/09\/eliassehlste-654x1024.jpg 654w, https:\/\/litteraturbanken.se\/ljudochbild\/wp-content\/uploads\/2024\/09\/eliassehlste-192x300.jpg 192w, https:\/\/litteraturbanken.se\/ljudochbild\/wp-content\/uploads\/2024\/09\/eliassehlste-768x1202.jpg 768w, https:\/\/litteraturbanken.se\/ljudochbild\/wp-content\/uploads\/2024\/09\/eliassehlste-981x1536.jpg 981w, https:\/\/litteraturbanken.se\/ljudochbild\/wp-content\/uploads\/2024\/09\/eliassehlste-480x751.jpg 480w, https:\/\/litteraturbanken.se\/ljudochbild\/wp-content\/uploads\/2024\/09\/eliassehlste.jpg 1200w\" sizes=\"auto, (max-width: 654px) 100vw, 654px\" \/><\/figure>\n<\/div>\n\n\n<p>\u201dTullinspekt\u00f6ren Elias Sehlstedt (1808\u20131874) har g\u00e5tt till efterv\u00e4rlden som f\u00f6rfattare till texten till visan \u201dLitet bo jag s\u00e4tta vill\u201d. S\u00e4llan har v\u00e4l den svenska idyllen skildrats lika full\u00f6digt. Men idyllen, vars v\u00e4sen Sehlstedt s\u00e5 skickligt frammanade (bland annat i de av l\u00e4tt ironi f\u00e4rgade samlingarna&nbsp;<a href=\"https:\/\/litteraturbanken.se\/forfattare\/SehlstedtE\/titlar\/Telegrafen\/etext\"><em>Telegrafen<\/em><\/a>och&nbsp;<a href=\"https:\/\/litteraturbanken.se\/forfattare\/SehlstedtE\/titlar\/Utkiken\/etext\"><em>Utkiken<\/em><\/a>), kunde framst\u00e5 som mycket avl\u00e4gsen i den h\u00e5rda vardagen som tullinspekt\u00f6r i Sandhamn. I skildringen av&nbsp;<em>denna<\/em>&nbsp;verklighet kom Sehlstedt n\u00e4rmare uppgivenhetens utmarker, och formen antog ocks\u00e5 nya, orimmade skepnader.\u201d<\/p>\n\n\n\n<p>Stycket ovanf\u00f6r kommer ur Dick Cla\u00e9ssons introduktion av Elias Sehlstedt hos Litteraturbanken.<\/p>\n\n\n\n<div class=\"wp-block-buttons is-layout-flex wp-block-buttons-is-layout-flex\">\n<div class=\"wp-block-button has-custom-font-size read-more-button\" style=\"font-size:14px\"><a class=\"wp-block-button__link has-white-color has-text-color has-background wp-element-button\" href=\"https:\/\/litteraturbanken.se\/f%C3%B6rfattare\/SehlstedtE\" style=\"border-radius:0px;background-color:#cd2400\" target=\"_blank\" rel=\"noopener\"><strong>L\u00c4S MER OM ELIAS SEHLSTEDT<\/strong><\/a><\/div>\n\n\n\n<div class=\"wp-block-button has-custom-font-size read-more-button\" style=\"font-size:14px\"><a class=\"wp-block-button__link has-white-color has-text-color has-background wp-element-button\" href=\"https:\/\/litteraturbanken.se\/f%C3%B6rfattare\/SehlstedtE\/titlar\" style=\"border-radius:0px;background-color:#cd2400\" target=\"_blank\" rel=\"noopener\"><strong>L\u00c4S ELIAS SEHLSTEDTS VERK HOS LB.SE<\/strong><\/a><\/div>\n<\/div>\n\n\n\n<div style=\"height:20px\" aria-hidden=\"true\" class=\"wp-block-spacer\"><\/div>\n\n\n\n<div class=\"wp-playlist wp-audio-playlist wp-playlist-light\">\n\t\t\t<div class=\"wp-playlist-current-item\"><\/div>\n\t\t<audio controls=\"controls\" preload=\"none\" width=\"618\"\n\t\t\t><\/audio>\n\t<div class=\"wp-playlist-next\"><\/div>\n\t<div class=\"wp-playlist-prev\"><\/div>\n\t<noscript>\n\t<ol>\n\t\t<li><a href='https:\/\/litteraturbanken.se\/ljudochbild\/wp-content\/uploads\/2019\/09\/sehlstedt_julensankomst_helgeson-1.mp3'>Julens ankomst<\/a><\/li>\t<\/ol>\n\t<\/noscript>\n\t<script type=\"application\/json\" class=\"wp-playlist-script\">{\"type\":\"audio\",\"tracklist\":true,\"tracknumbers\":true,\"images\":true,\"artists\":true,\"tracks\":[{\"src\":\"https:\/\/litteraturbanken.se\/ljudochbild\/wp-content\/uploads\/2019\/09\/sehlstedt_julensankomst_helgeson-1.mp3\",\"type\":\"audio\/mpeg\",\"title\":\"Julens ankomst\",\"caption\":\"\",\"description\":\"\\\"Julens ankomst\\\" fr\\u00e5n Julklappsboken av Sehlstedt, Elias.\",\"meta\":{\"artist\":\"Paulina Helgeson l\\u00e4ser Elias Sehlstedt\",\"album\":\"Elias Sehlstedt\",\"length_formatted\":\"2:39\"},\"image\":{\"src\":\"https:\/\/litteraturbanken.se\/ljudochbild\/wp-content\/uploads\/2019\/09\/wide_gub_wide-mp3-image.png\",\"width\":580,\"height\":612},\"thumb\":{\"src\":\"https:\/\/litteraturbanken.se\/ljudochbild\/wp-content\/uploads\/2019\/09\/wide_gub_wide-mp3-image-150x150.png\",\"width\":150,\"height\":150}}]}<\/script>\n<\/div>\n\t\n\n\n\n<hr class=\"wp-block-separator has-alpha-channel-opacity\"\/>\n\n\n\n<p><em>Fotografiet ovanf\u00f6r, taget av Jenny Roos, har vi l\u00e5nat fr\u00e5n <a href=\"https:\/\/libris.kb.se\/bib\/fwrn1622c7k0q22x\" target=\"_blank\" rel=\"noreferrer noopener\">Kungliga biblioteket<\/a>.<\/em><\/p>\n","protected":false},"excerpt":{"rendered":"<p>\u201dTullinspekt\u00f6ren Elias Sehlstedt (1808\u20131874) har g\u00e5tt till efterv\u00e4rlden som f\u00f6rfattare till texten till visan \u201dLitet bo jag s\u00e4tta vill\u201d. S\u00e4llan har v\u00e4l den svenska idyllen skildrats lika full\u00f6digt. Men idyllen, vars v\u00e4sen Sehlstedt s\u00e5 skickligt frammanade (bland annat [&hellip;]<\/p>\n","protected":false},"author":1,"featured_media":12342,"parent":7,"menu_order":0,"comment_status":"closed","ping_status":"closed","template":"","meta":{"footnotes":""},"class_list":["post-695","page","type-page","status-publish","has-post-thumbnail","hentry"],"yoast_head":"<!-- This site is optimized with the Yoast SEO plugin v27.1.1 - https:\/\/yoast.com\/product\/yoast-seo-wordpress\/ -->\n<title>Elias Sehlstedt (1808\u20131874) - Ljud &amp; Bild<\/title>\n<meta name=\"robots\" content=\"index, follow, max-snippet:-1, max-image-preview:large, max-video-preview:-1\" \/>\n<link rel=\"canonical\" href=\"https:\/\/litteraturbanken.se\/ljudochbild\/forfattare\/sehlstedte\/\" \/>\n<meta property=\"og:locale\" content=\"sv_SE\" \/>\n<meta property=\"og:type\" content=\"article\" \/>\n<meta property=\"og:title\" content=\"Elias Sehlstedt (1808\u20131874) - Ljud &amp; Bild\" \/>\n<meta property=\"og:description\" content=\"\u201dTullinspekt\u00f6ren Elias Sehlstedt (1808\u20131874) har g\u00e5tt till efterv\u00e4rlden som f\u00f6rfattare till texten till visan \u201dLitet bo jag s\u00e4tta vill\u201d. S\u00e4llan har v\u00e4l den svenska idyllen skildrats lika full\u00f6digt. Men idyllen, vars v\u00e4sen Sehlstedt s\u00e5 skickligt frammanade (bland annat [&hellip;]\" \/>\n<meta property=\"og:url\" content=\"https:\/\/litteraturbanken.se\/ljudochbild\/forfattare\/sehlstedte\/\" \/>\n<meta property=\"og:site_name\" content=\"Ljud &amp; Bild\" \/>\n<meta property=\"article:publisher\" content=\"https:\/\/www.facebook.com\/Litteraturbanken.se\" \/>\n<meta property=\"article:modified_time\" content=\"2024-09-18T12:19:10+00:00\" \/>\n<meta property=\"og:image\" content=\"https:\/\/litteraturbanken.se\/ljudochbild\/wp-content\/uploads\/2024\/09\/eliassehlste.jpg\" \/>\n\t<meta property=\"og:image:width\" content=\"1200\" \/>\n\t<meta property=\"og:image:height\" content=\"1878\" \/>\n\t<meta property=\"og:image:type\" content=\"image\/jpeg\" \/>\n<meta name=\"twitter:card\" content=\"summary_large_image\" \/>\n<meta name=\"twitter:site\" content=\"@litteraturbank\" \/>\n<meta name=\"twitter:label1\" content=\"Ber\u00e4knad l\u00e4stid\" \/>\n\t<meta name=\"twitter:data1\" content=\"1 minut\" \/>\n<script type=\"application\/ld+json\" class=\"yoast-schema-graph\">{\"@context\":\"https:\/\/schema.org\",\"@graph\":[{\"@type\":\"WebPage\",\"@id\":\"https:\/\/litteraturbanken.se\/ljudochbild\/forfattare\/sehlstedte\/\",\"url\":\"https:\/\/litteraturbanken.se\/ljudochbild\/forfattare\/sehlstedte\/\",\"name\":\"Elias Sehlstedt (1808\u20131874) - Ljud &amp; Bild\",\"isPartOf\":{\"@id\":\"https:\/\/litteraturbanken.se\/ljudochbild\/#website\"},\"primaryImageOfPage\":{\"@id\":\"https:\/\/litteraturbanken.se\/ljudochbild\/forfattare\/sehlstedte\/#primaryimage\"},\"image\":{\"@id\":\"https:\/\/litteraturbanken.se\/ljudochbild\/forfattare\/sehlstedte\/#primaryimage\"},\"thumbnailUrl\":\"https:\/\/litteraturbanken.se\/ljudochbild\/wp-content\/uploads\/2024\/09\/eliassehlste.jpg\",\"datePublished\":\"2019-08-13T14:08:49+00:00\",\"dateModified\":\"2024-09-18T12:19:10+00:00\",\"breadcrumb\":{\"@id\":\"https:\/\/litteraturbanken.se\/ljudochbild\/forfattare\/sehlstedte\/#breadcrumb\"},\"inLanguage\":\"sv-SE\",\"potentialAction\":[{\"@type\":\"ReadAction\",\"target\":[\"https:\/\/litteraturbanken.se\/ljudochbild\/forfattare\/sehlstedte\/\"]}]},{\"@type\":\"ImageObject\",\"inLanguage\":\"sv-SE\",\"@id\":\"https:\/\/litteraturbanken.se\/ljudochbild\/forfattare\/sehlstedte\/#primaryimage\",\"url\":\"https:\/\/litteraturbanken.se\/ljudochbild\/wp-content\/uploads\/2024\/09\/eliassehlste.jpg\",\"contentUrl\":\"https:\/\/litteraturbanken.se\/ljudochbild\/wp-content\/uploads\/2024\/09\/eliassehlste.jpg\",\"width\":1200,\"height\":1878,\"caption\":\"Elias Sehlstedt\"},{\"@type\":\"BreadcrumbList\",\"@id\":\"https:\/\/litteraturbanken.se\/ljudochbild\/forfattare\/sehlstedte\/#breadcrumb\",\"itemListElement\":[{\"@type\":\"ListItem\",\"position\":1,\"name\":\"Hem\",\"item\":\"https:\/\/litteraturbanken.se\/ljudochbild\/\"},{\"@type\":\"ListItem\",\"position\":2,\"name\":\"F\u00f6rfattare\",\"item\":\"https:\/\/litteraturbanken.se\/ljudochbild\/forfattare\/\"},{\"@type\":\"ListItem\",\"position\":3,\"name\":\"Elias Sehlstedt (1808\u20131874)\"}]},{\"@type\":\"WebSite\",\"@id\":\"https:\/\/litteraturbanken.se\/ljudochbild\/#website\",\"url\":\"https:\/\/litteraturbanken.se\/ljudochbild\/\",\"name\":\"Ljud & Bild\",\"description\":\"Ur Litteraturbankens samlingar\",\"potentialAction\":[{\"@type\":\"SearchAction\",\"target\":{\"@type\":\"EntryPoint\",\"urlTemplate\":\"https:\/\/litteraturbanken.se\/ljudochbild\/?s={search_term_string}\"},\"query-input\":{\"@type\":\"PropertyValueSpecification\",\"valueRequired\":true,\"valueName\":\"search_term_string\"}}],\"inLanguage\":\"sv-SE\"}]}<\/script>\n<!-- \/ Yoast SEO plugin. -->","yoast_head_json":{"title":"Elias Sehlstedt (1808\u20131874) - Ljud &amp; Bild","robots":{"index":"index","follow":"follow","max-snippet":"max-snippet:-1","max-image-preview":"max-image-preview:large","max-video-preview":"max-video-preview:-1"},"canonical":"https:\/\/litteraturbanken.se\/ljudochbild\/forfattare\/sehlstedte\/","og_locale":"sv_SE","og_type":"article","og_title":"Elias Sehlstedt (1808\u20131874) - Ljud &amp; Bild","og_description":"\u201dTullinspekt\u00f6ren Elias Sehlstedt (1808\u20131874) har g\u00e5tt till efterv\u00e4rlden som f\u00f6rfattare till texten till visan \u201dLitet bo jag s\u00e4tta vill\u201d. S\u00e4llan har v\u00e4l den svenska idyllen skildrats lika full\u00f6digt. Men idyllen, vars v\u00e4sen Sehlstedt s\u00e5 skickligt frammanade (bland annat [&hellip;]","og_url":"https:\/\/litteraturbanken.se\/ljudochbild\/forfattare\/sehlstedte\/","og_site_name":"Ljud &amp; Bild","article_publisher":"https:\/\/www.facebook.com\/Litteraturbanken.se","article_modified_time":"2024-09-18T12:19:10+00:00","og_image":[{"width":1200,"height":1878,"url":"https:\/\/litteraturbanken.se\/ljudochbild\/wp-content\/uploads\/2024\/09\/eliassehlste.jpg","type":"image\/jpeg"}],"twitter_card":"summary_large_image","twitter_site":"@litteraturbank","twitter_misc":{"Ber\u00e4knad l\u00e4stid":"1 minut"},"schema":{"@context":"https:\/\/schema.org","@graph":[{"@type":"WebPage","@id":"https:\/\/litteraturbanken.se\/ljudochbild\/forfattare\/sehlstedte\/","url":"https:\/\/litteraturbanken.se\/ljudochbild\/forfattare\/sehlstedte\/","name":"Elias Sehlstedt (1808\u20131874) - Ljud &amp; Bild","isPartOf":{"@id":"https:\/\/litteraturbanken.se\/ljudochbild\/#website"},"primaryImageOfPage":{"@id":"https:\/\/litteraturbanken.se\/ljudochbild\/forfattare\/sehlstedte\/#primaryimage"},"image":{"@id":"https:\/\/litteraturbanken.se\/ljudochbild\/forfattare\/sehlstedte\/#primaryimage"},"thumbnailUrl":"https:\/\/litteraturbanken.se\/ljudochbild\/wp-content\/uploads\/2024\/09\/eliassehlste.jpg","datePublished":"2019-08-13T14:08:49+00:00","dateModified":"2024-09-18T12:19:10+00:00","breadcrumb":{"@id":"https:\/\/litteraturbanken.se\/ljudochbild\/forfattare\/sehlstedte\/#breadcrumb"},"inLanguage":"sv-SE","potentialAction":[{"@type":"ReadAction","target":["https:\/\/litteraturbanken.se\/ljudochbild\/forfattare\/sehlstedte\/"]}]},{"@type":"ImageObject","inLanguage":"sv-SE","@id":"https:\/\/litteraturbanken.se\/ljudochbild\/forfattare\/sehlstedte\/#primaryimage","url":"https:\/\/litteraturbanken.se\/ljudochbild\/wp-content\/uploads\/2024\/09\/eliassehlste.jpg","contentUrl":"https:\/\/litteraturbanken.se\/ljudochbild\/wp-content\/uploads\/2024\/09\/eliassehlste.jpg","width":1200,"height":1878,"caption":"Elias Sehlstedt"},{"@type":"BreadcrumbList","@id":"https:\/\/litteraturbanken.se\/ljudochbild\/forfattare\/sehlstedte\/#breadcrumb","itemListElement":[{"@type":"ListItem","position":1,"name":"Hem","item":"https:\/\/litteraturbanken.se\/ljudochbild\/"},{"@type":"ListItem","position":2,"name":"F\u00f6rfattare","item":"https:\/\/litteraturbanken.se\/ljudochbild\/forfattare\/"},{"@type":"ListItem","position":3,"name":"Elias Sehlstedt (1808\u20131874)"}]},{"@type":"WebSite","@id":"https:\/\/litteraturbanken.se\/ljudochbild\/#website","url":"https:\/\/litteraturbanken.se\/ljudochbild\/","name":"Ljud & Bild","description":"Ur Litteraturbankens samlingar","potentialAction":[{"@type":"SearchAction","target":{"@type":"EntryPoint","urlTemplate":"https:\/\/litteraturbanken.se\/ljudochbild\/?s={search_term_string}"},"query-input":{"@type":"PropertyValueSpecification","valueRequired":true,"valueName":"search_term_string"}}],"inLanguage":"sv-SE"}]}},"_links":{"self":[{"href":"https:\/\/litteraturbanken.se\/ljudochbild\/wp-json\/wp\/v2\/pages\/695","targetHints":{"allow":["GET"]}}],"collection":[{"href":"https:\/\/litteraturbanken.se\/ljudochbild\/wp-json\/wp\/v2\/pages"}],"about":[{"href":"https:\/\/litteraturbanken.se\/ljudochbild\/wp-json\/wp\/v2\/types\/page"}],"author":[{"embeddable":true,"href":"https:\/\/litteraturbanken.se\/ljudochbild\/wp-json\/wp\/v2\/users\/1"}],"replies":[{"embeddable":true,"href":"https:\/\/litteraturbanken.se\/ljudochbild\/wp-json\/wp\/v2\/comments?post=695"}],"version-history":[{"count":5,"href":"https:\/\/litteraturbanken.se\/ljudochbild\/wp-json\/wp\/v2\/pages\/695\/revisions"}],"predecessor-version":[{"id":12344,"href":"https:\/\/litteraturbanken.se\/ljudochbild\/wp-json\/wp\/v2\/pages\/695\/revisions\/12344"}],"up":[{"embeddable":true,"href":"https:\/\/litteraturbanken.se\/ljudochbild\/wp-json\/wp\/v2\/pages\/7"}],"wp:featuredmedia":[{"embeddable":true,"href":"https:\/\/litteraturbanken.se\/ljudochbild\/wp-json\/wp\/v2\/media\/12342"}],"wp:attachment":[{"href":"https:\/\/litteraturbanken.se\/ljudochbild\/wp-json\/wp\/v2\/media?parent=695"}],"curies":[{"name":"wp","href":"https:\/\/api.w.org\/{rel}","templated":true}]}}