{"id":701,"date":"2019-08-13T16:24:10","date_gmt":"2019-08-13T14:24:10","guid":{"rendered":"http:\/\/ordfabriken.org\/ljud\/?page_id=701"},"modified":"2024-09-17T15:16:51","modified_gmt":"2024-09-17T13:16:51","slug":"bergbos","status":"publish","type":"page","link":"https:\/\/litteraturbanken.se\/ljudochbild\/forfattare\/bergbos\/","title":{"rendered":"Skogek\u00e4r Bergbo (1619\u20131684)"},"content":{"rendered":"\n<p>\u201dGUSTAF ROSENHANE (1619\u201384) st\u00e5r troligtvis bakom pseudonymen Skogek\u00e4r Bergbo. Rosenhane var jurist och hovjunkare, stod drottning Kristina n\u00e4ra och innehade under sitt liv ett flertal h\u00f6ga befattningar, bland annat var han vice president f\u00f6r Svea hovr\u00e4tt 1650\u201358 och ordf\u00f6rande i kommissionen i H\u00e4lsingland ang\u00e5ende trolldomsv\u00e4sendet 1672\u201373, d\u00e4r hans upplysta agerande bidrog till f\u00e4rre avr\u00e4ttningar. Rosenhane utpekades redan av sin samtid som pennan bakom den g\u00e4ckande Skogek\u00e4r Bergbo, f\u00f6rfattare till tre verk:\u00a0<em><a href=\"https:\/\/litteraturbanken.se\/forfattare\/BergboS\/titlar\/SwenskaSpraketzKlagemal\/faksimil\">Thet svenska spr\u00e5ketz klagem\u00e5l<\/a><\/em> (1658),\u00a0<em><a href=\"https:\/\/litteraturbanken.se\/forfattare\/BergboS\/titlar\/Wenerid\/sida\/7\/faksimil\">Wenerid<\/a><\/em>\u00a0(1680) samt\u00a0<em><a href=\"https:\/\/litteraturbanken.se\/forfattare\/BergboS\/titlar\/FyratijoSmaWijsor\/sida\/7\/faksimil\">Fyratio sm\u00e5 vijsor<\/a><\/em>\u00a0(1682). Det f\u00f6rstn\u00e4mnda verket \u00e4r en propagandaskrift f\u00f6r ett rent, svenskt spr\u00e5k; n\u00e5got som Rosenhane i sin egenskap av jurist verkat f\u00f6r. De tv\u00e5 senare verken \u00e4r k\u00e4nslofull k\u00e4rlekslyrik, pr\u00e4glad av melankoli och ensamhet.\u201d<\/p>\n\n\n\n<p>Stycket ovanf\u00f6r kommer fr\u00e5n Lotta Lotass introduktion av Skogek\u00e4r Bergbo hos Litteraturbanken.<\/p>\n\n\n\n<div class=\"wp-block-buttons is-layout-flex wp-block-buttons-is-layout-flex\">\n<div class=\"wp-block-button has-custom-font-size read-more-button\" style=\"font-size:14px\"><a class=\"wp-block-button__link has-white-color has-text-color has-background wp-element-button\" href=\"https:\/\/litteraturbanken.se\/f%C3%B6rfattare\/BergboS\" style=\"border-radius:0px;background-color:#cd2400\" target=\"_blank\" rel=\"noopener\"><strong>L\u00c4S MER OM SKOGEK\u00c4R BERGBO<\/strong><\/a><\/div>\n\n\n\n<div class=\"wp-block-button has-custom-font-size read-more-button\" style=\"font-size:14px\"><a class=\"wp-block-button__link has-white-color has-text-color has-background wp-element-button\" href=\"https:\/\/litteraturbanken.se\/f%C3%B6rfattare\/BergboS\/titlar\" style=\"border-radius:0px;background-color:#cd2400\" target=\"_blank\" rel=\"noopener\"><strong>L\u00c4S SKOGEK\u00c4R BERGBOS VERK HOS LB.SE<\/strong><\/a><\/div>\n<\/div>\n\n\n\n<div style=\"height:20px\" aria-hidden=\"true\" class=\"wp-block-spacer\"><\/div>\n\n\n\n<div class=\"wp-playlist wp-audio-playlist wp-playlist-light\">\n\t\t\t<div class=\"wp-playlist-current-item\"><\/div>\n\t\t<audio controls=\"controls\" preload=\"none\" width=\"618\"\n\t\t\t><\/audio>\n\t<div class=\"wp-playlist-next\"><\/div>\n\t<div class=\"wp-playlist-prev\"><\/div>\n\t<noscript>\n\t<ol>\n\t\t<li><a href='https:\/\/litteraturbanken.se\/ljudochbild\/wp-content\/uploads\/2019\/09\/skogekarbergbo_dulillaholmamin_urvenerid_engdahl.mp3'>Du lilla holma min (ur Venerid)<\/a><\/li>\t<\/ol>\n\t<\/noscript>\n\t<script type=\"application\/json\" class=\"wp-playlist-script\">{\"type\":\"audio\",\"tracklist\":true,\"tracknumbers\":true,\"images\":true,\"artists\":true,\"tracks\":[{\"src\":\"https:\/\/litteraturbanken.se\/ljudochbild\/wp-content\/uploads\/2019\/09\/skogekarbergbo_dulillaholmamin_urvenerid_engdahl.mp3\",\"type\":\"audio\/mpeg\",\"title\":\"Du lilla holma min (ur Venerid)\",\"caption\":\"\",\"description\":\"\\\"Du lilla holma min (ur Venerid)\\\" fr\\u00e5n Du lilla holma min (ur Venerid) av Skogek\\u00e4r Bergbo.\",\"meta\":{\"artist\":\"Horace Engdahl l\\u00e4ser Skogek\\u00e4r Bergbo\",\"album\":\"Skogek\\u00e4r Bergbo\",\"length_formatted\":\"1:04\"},\"image\":{\"src\":\"https:\/\/litteraturbanken.se\/ljudochbild\/wp-content\/plugins\/media-library-assistant\/images\/crystal\/audio.png\",\"width\":48,\"height\":64},\"thumb\":{\"src\":\"https:\/\/litteraturbanken.se\/ljudochbild\/wp-content\/plugins\/media-library-assistant\/images\/crystal\/audio.png\",\"width\":48,\"height\":64}}]}<\/script>\n<\/div>\n\t\n","protected":false},"excerpt":{"rendered":"<p>\u201dGUSTAF ROSENHANE (1619\u201384) st\u00e5r troligtvis bakom pseudonymen Skogek\u00e4r Bergbo. Rosenhane var jurist och hovjunkare, stod drottning Kristina n\u00e4ra och innehade under sitt liv ett flertal h\u00f6ga befattningar, bland annat var han vice president f\u00f6r Svea hovr\u00e4tt 1650\u201358 och [&hellip;]<\/p>\n","protected":false},"author":1,"featured_media":0,"parent":7,"menu_order":0,"comment_status":"closed","ping_status":"closed","template":"","meta":{"footnotes":""},"class_list":["post-701","page","type-page","status-publish","hentry"],"yoast_head":"<!-- This site is optimized with the Yoast SEO plugin v27.1.1 - https:\/\/yoast.com\/product\/yoast-seo-wordpress\/ -->\n<title>Skogek\u00e4r Bergbo (1619\u20131684) - Ljud &amp; Bild<\/title>\n<meta name=\"robots\" content=\"index, follow, max-snippet:-1, max-image-preview:large, max-video-preview:-1\" \/>\n<link rel=\"canonical\" href=\"https:\/\/litteraturbanken.se\/ljudochbild\/forfattare\/bergbos\/\" \/>\n<meta property=\"og:locale\" content=\"sv_SE\" \/>\n<meta property=\"og:type\" content=\"article\" \/>\n<meta property=\"og:title\" content=\"Skogek\u00e4r Bergbo (1619\u20131684) - Ljud &amp; Bild\" \/>\n<meta property=\"og:description\" content=\"\u201dGUSTAF ROSENHANE (1619\u201384) st\u00e5r troligtvis bakom pseudonymen Skogek\u00e4r Bergbo. Rosenhane var jurist och hovjunkare, stod drottning Kristina n\u00e4ra och innehade under sitt liv ett flertal h\u00f6ga befattningar, bland annat var han vice president f\u00f6r Svea hovr\u00e4tt 1650\u201358 och [&hellip;]\" \/>\n<meta property=\"og:url\" content=\"https:\/\/litteraturbanken.se\/ljudochbild\/forfattare\/bergbos\/\" \/>\n<meta property=\"og:site_name\" content=\"Ljud &amp; Bild\" \/>\n<meta property=\"article:publisher\" content=\"https:\/\/www.facebook.com\/Litteraturbanken.se\" \/>\n<meta property=\"article:modified_time\" content=\"2024-09-17T13:16:51+00:00\" \/>\n<meta name=\"twitter:card\" content=\"summary_large_image\" \/>\n<meta name=\"twitter:site\" content=\"@litteraturbank\" \/>\n<meta name=\"twitter:label1\" content=\"Ber\u00e4knad l\u00e4stid\" \/>\n\t<meta name=\"twitter:data1\" content=\"1 minut\" \/>\n<script type=\"application\/ld+json\" class=\"yoast-schema-graph\">{\"@context\":\"https:\/\/schema.org\",\"@graph\":[{\"@type\":\"WebPage\",\"@id\":\"https:\/\/litteraturbanken.se\/ljudochbild\/forfattare\/bergbos\/\",\"url\":\"https:\/\/litteraturbanken.se\/ljudochbild\/forfattare\/bergbos\/\",\"name\":\"Skogek\u00e4r Bergbo (1619\u20131684) - Ljud &amp; Bild\",\"isPartOf\":{\"@id\":\"https:\/\/litteraturbanken.se\/ljudochbild\/#website\"},\"datePublished\":\"2019-08-13T14:24:10+00:00\",\"dateModified\":\"2024-09-17T13:16:51+00:00\",\"breadcrumb\":{\"@id\":\"https:\/\/litteraturbanken.se\/ljudochbild\/forfattare\/bergbos\/#breadcrumb\"},\"inLanguage\":\"sv-SE\",\"potentialAction\":[{\"@type\":\"ReadAction\",\"target\":[\"https:\/\/litteraturbanken.se\/ljudochbild\/forfattare\/bergbos\/\"]}]},{\"@type\":\"BreadcrumbList\",\"@id\":\"https:\/\/litteraturbanken.se\/ljudochbild\/forfattare\/bergbos\/#breadcrumb\",\"itemListElement\":[{\"@type\":\"ListItem\",\"position\":1,\"name\":\"Hem\",\"item\":\"https:\/\/litteraturbanken.se\/ljudochbild\/\"},{\"@type\":\"ListItem\",\"position\":2,\"name\":\"F\u00f6rfattare\",\"item\":\"https:\/\/litteraturbanken.se\/ljudochbild\/forfattare\/\"},{\"@type\":\"ListItem\",\"position\":3,\"name\":\"Skogek\u00e4r Bergbo (1619\u20131684)\"}]},{\"@type\":\"WebSite\",\"@id\":\"https:\/\/litteraturbanken.se\/ljudochbild\/#website\",\"url\":\"https:\/\/litteraturbanken.se\/ljudochbild\/\",\"name\":\"Ljud & Bild\",\"description\":\"Ur Litteraturbankens samlingar\",\"potentialAction\":[{\"@type\":\"SearchAction\",\"target\":{\"@type\":\"EntryPoint\",\"urlTemplate\":\"https:\/\/litteraturbanken.se\/ljudochbild\/?s={search_term_string}\"},\"query-input\":{\"@type\":\"PropertyValueSpecification\",\"valueRequired\":true,\"valueName\":\"search_term_string\"}}],\"inLanguage\":\"sv-SE\"}]}<\/script>\n<!-- \/ Yoast SEO plugin. -->","yoast_head_json":{"title":"Skogek\u00e4r Bergbo (1619\u20131684) - Ljud &amp; Bild","robots":{"index":"index","follow":"follow","max-snippet":"max-snippet:-1","max-image-preview":"max-image-preview:large","max-video-preview":"max-video-preview:-1"},"canonical":"https:\/\/litteraturbanken.se\/ljudochbild\/forfattare\/bergbos\/","og_locale":"sv_SE","og_type":"article","og_title":"Skogek\u00e4r Bergbo (1619\u20131684) - Ljud &amp; Bild","og_description":"\u201dGUSTAF ROSENHANE (1619\u201384) st\u00e5r troligtvis bakom pseudonymen Skogek\u00e4r Bergbo. Rosenhane var jurist och hovjunkare, stod drottning Kristina n\u00e4ra och innehade under sitt liv ett flertal h\u00f6ga befattningar, bland annat var han vice president f\u00f6r Svea hovr\u00e4tt 1650\u201358 och [&hellip;]","og_url":"https:\/\/litteraturbanken.se\/ljudochbild\/forfattare\/bergbos\/","og_site_name":"Ljud &amp; Bild","article_publisher":"https:\/\/www.facebook.com\/Litteraturbanken.se","article_modified_time":"2024-09-17T13:16:51+00:00","twitter_card":"summary_large_image","twitter_site":"@litteraturbank","twitter_misc":{"Ber\u00e4knad l\u00e4stid":"1 minut"},"schema":{"@context":"https:\/\/schema.org","@graph":[{"@type":"WebPage","@id":"https:\/\/litteraturbanken.se\/ljudochbild\/forfattare\/bergbos\/","url":"https:\/\/litteraturbanken.se\/ljudochbild\/forfattare\/bergbos\/","name":"Skogek\u00e4r Bergbo (1619\u20131684) - Ljud &amp; Bild","isPartOf":{"@id":"https:\/\/litteraturbanken.se\/ljudochbild\/#website"},"datePublished":"2019-08-13T14:24:10+00:00","dateModified":"2024-09-17T13:16:51+00:00","breadcrumb":{"@id":"https:\/\/litteraturbanken.se\/ljudochbild\/forfattare\/bergbos\/#breadcrumb"},"inLanguage":"sv-SE","potentialAction":[{"@type":"ReadAction","target":["https:\/\/litteraturbanken.se\/ljudochbild\/forfattare\/bergbos\/"]}]},{"@type":"BreadcrumbList","@id":"https:\/\/litteraturbanken.se\/ljudochbild\/forfattare\/bergbos\/#breadcrumb","itemListElement":[{"@type":"ListItem","position":1,"name":"Hem","item":"https:\/\/litteraturbanken.se\/ljudochbild\/"},{"@type":"ListItem","position":2,"name":"F\u00f6rfattare","item":"https:\/\/litteraturbanken.se\/ljudochbild\/forfattare\/"},{"@type":"ListItem","position":3,"name":"Skogek\u00e4r Bergbo (1619\u20131684)"}]},{"@type":"WebSite","@id":"https:\/\/litteraturbanken.se\/ljudochbild\/#website","url":"https:\/\/litteraturbanken.se\/ljudochbild\/","name":"Ljud & Bild","description":"Ur Litteraturbankens samlingar","potentialAction":[{"@type":"SearchAction","target":{"@type":"EntryPoint","urlTemplate":"https:\/\/litteraturbanken.se\/ljudochbild\/?s={search_term_string}"},"query-input":{"@type":"PropertyValueSpecification","valueRequired":true,"valueName":"search_term_string"}}],"inLanguage":"sv-SE"}]}},"_links":{"self":[{"href":"https:\/\/litteraturbanken.se\/ljudochbild\/wp-json\/wp\/v2\/pages\/701","targetHints":{"allow":["GET"]}}],"collection":[{"href":"https:\/\/litteraturbanken.se\/ljudochbild\/wp-json\/wp\/v2\/pages"}],"about":[{"href":"https:\/\/litteraturbanken.se\/ljudochbild\/wp-json\/wp\/v2\/types\/page"}],"author":[{"embeddable":true,"href":"https:\/\/litteraturbanken.se\/ljudochbild\/wp-json\/wp\/v2\/users\/1"}],"replies":[{"embeddable":true,"href":"https:\/\/litteraturbanken.se\/ljudochbild\/wp-json\/wp\/v2\/comments?post=701"}],"version-history":[{"count":5,"href":"https:\/\/litteraturbanken.se\/ljudochbild\/wp-json\/wp\/v2\/pages\/701\/revisions"}],"predecessor-version":[{"id":12255,"href":"https:\/\/litteraturbanken.se\/ljudochbild\/wp-json\/wp\/v2\/pages\/701\/revisions\/12255"}],"up":[{"embeddable":true,"href":"https:\/\/litteraturbanken.se\/ljudochbild\/wp-json\/wp\/v2\/pages\/7"}],"wp:attachment":[{"href":"https:\/\/litteraturbanken.se\/ljudochbild\/wp-json\/wp\/v2\/media?parent=701"}],"curies":[{"name":"wp","href":"https:\/\/api.w.org\/{rel}","templated":true}]}}