{"id":705,"date":"2019-08-13T16:25:47","date_gmt":"2019-08-13T14:25:47","guid":{"rendered":"http:\/\/ordfabriken.org\/ljud\/?page_id=705"},"modified":"2024-09-17T15:20:44","modified_gmt":"2024-09-17T13:20:44","slug":"stiernhielmg","status":"publish","type":"page","link":"https:\/\/litteraturbanken.se\/ljudochbild\/forfattare\/stiernhielmg\/","title":{"rendered":"Georg Stiernhielm (1598\u20131672)"},"content":{"rendered":"<div class=\"wp-block-image\">\n<figure class=\"alignright\"><img loading=\"lazy\" decoding=\"async\" width=\"253\" height=\"300\" src=\"https:\/\/litteraturbanken.se\/ljudochbild\/wp-content\/uploads\/2019\/08\/StiernhielmG_large-253x300.jpeg\" alt=\"\" class=\"wp-image-847\" srcset=\"https:\/\/litteraturbanken.se\/ljudochbild\/wp-content\/uploads\/2019\/08\/StiernhielmG_large-253x300.jpeg 253w, https:\/\/litteraturbanken.se\/ljudochbild\/wp-content\/uploads\/2019\/08\/StiernhielmG_large.jpeg 463w\" sizes=\"auto, (max-width: 253px) 100vw, 253px\" \/><figcaption class=\"wp-element-caption\"><em>Kopparstick av J. B. Berndes.<\/em><\/figcaption><\/figure>\n<\/div>\n\n\n<p>\u201dGEORG STIERNHIELM (1598\u20131672) har, genom sin ambition att skapa stor, svensk dikt skriven p\u00e5 det svenska spr\u00e5ket, kommit att kallas \u201dden svenska skaldekonstens fader\u201d. I stormaktens Sverige, d\u00e4r han sj\u00e4lv innehade flera h\u00f6ga \u00e4mbeten, lj\u00f6d m\u00e5ngtaliga spr\u00e5k och Stiernhielms diktning syftade till att skapa vitterhet p\u00e5 svenska, i akt och mening att i patriotisk anda lyfta fram svenskan som i h\u00f6gsta grad aktningsv\u00e4rd och glorrik. Som tillh\u00f6rig en gammal bergsmannasl\u00e4kt kom Stiernhielm d\u00e4rvid, skriver\u00a0<a href=\"https:\/\/litteraturbanken.se\/forfattare\/GeijerEG\">E.G. Geijer<\/a>\u00a0i \u201d\u00c4reminne \u00f6fver Georg Stjernhjelm\u201d, att \u201dmed medf\u00f6dd bergsmanna-skicklighet liksom genom en egen sm\u00e4ltning\u201d driva \u201dut Svenskans rena, klingande metall ur de rostade \u00e4mnen, hvaraf denna k\u00e4rna omh\u00f6ljdes\u201d. Storverket\u00a0<em>Hercules<\/em>\u00a0(1658), d\u00e4r Fru Dygd och Fru Lusta t\u00e4vlar om hj\u00e4ltens gunst, \u00e4r p\u00e5 samma g\u00e5ng en sedel\u00e4rande dikt och ett f\u00f6r samtiden dj\u00e4rvt spr\u00e5kexperiment.\u201d<\/p>\n\n\n\n<p>Stycket ovanf\u00f6r kommer ur Lotta Lotass introduktion av Georg Stiernhielm hos Litteraturbanken.<\/p>\n\n\n\n<div class=\"wp-block-buttons is-layout-flex wp-block-buttons-is-layout-flex\">\n<div class=\"wp-block-button has-custom-font-size read-more-button\" style=\"font-size:14px\"><a class=\"wp-block-button__link has-white-color has-text-color has-background wp-element-button\" href=\"https:\/\/litteraturbanken.se\/f%C3%B6rfattare\/StiernhielmG\" style=\"border-radius:0px;background-color:#cd2400\" target=\"_blank\" rel=\"noopener\"><strong>L\u00c4S MER OM GEORG STIERNHIELM<\/strong><\/a><\/div>\n\n\n\n<div class=\"wp-block-button has-custom-font-size read-more-button\" style=\"font-size:14px\"><a class=\"wp-block-button__link has-white-color has-text-color has-background wp-element-button\" href=\"https:\/\/litteraturbanken.se\/f%C3%B6rfattare\/StiernhielmG\/titlar\" style=\"border-radius:0px;background-color:#cd2400\" target=\"_blank\" rel=\"noopener\"><strong>L\u00c4S GEORG STIERNHIELMS VERK HOS LB.SE<\/strong><\/a><\/div>\n<\/div>\n\n\n\n<div style=\"height:20px\" aria-hidden=\"true\" class=\"wp-block-spacer\"><\/div>\n\n\n\n<div class=\"wp-playlist wp-audio-playlist wp-playlist-light\">\n\t\t\t<div class=\"wp-playlist-current-item\"><\/div>\n\t\t<audio controls=\"controls\" preload=\"none\" width=\"618\"\n\t\t\t><\/audio>\n\t<div class=\"wp-playlist-next\"><\/div>\n\t<div class=\"wp-playlist-prev\"><\/div>\n\t<noscript>\n\t<ol>\n\t\t<li><a href='https:\/\/litteraturbanken.se\/ljudochbild\/wp-content\/uploads\/2019\/06\/stiernhielm_klingdicht_holmberg.mp3'>Kling-Dicht<\/a><\/li><li><a href='https:\/\/litteraturbanken.se\/ljudochbild\/wp-content\/uploads\/2020\/01\/stiernhielm_klingdicht_espmark.mp3'>Kling-Dicht: P\u00e5 Authoris Sinn-bel\u00e4te<\/a><\/li><li><a href='https:\/\/litteraturbanken.se\/ljudochbild\/wp-content\/uploads\/2020\/01\/stiernhielm_urhercules_espmark.mp3'>ur Hercules<\/a><\/li>\t<\/ol>\n\t<\/noscript>\n\t<script type=\"application\/json\" class=\"wp-playlist-script\">{\"type\":\"audio\",\"tracklist\":true,\"tracknumbers\":true,\"images\":true,\"artists\":true,\"tracks\":[{\"src\":\"https:\/\/litteraturbanken.se\/ljudochbild\/wp-content\/uploads\/2019\/06\/stiernhielm_klingdicht_holmberg.mp3\",\"type\":\"audio\/mpeg\",\"title\":\"Kling-Dicht\",\"caption\":\"\",\"description\":\"\\\"Kling-Dicht \\\" fr\\u00e5n Henric Holmberg av Stiernhielm, Georg.\",\"meta\":{\"artist\":\"Henric Holmberg l\\u00e4ser Georg Stiernhielm\",\"album\":\"Georg Stiernhielm\",\"length_formatted\":\"1:17\"},\"image\":{\"src\":\"https:\/\/litteraturbanken.se\/ljudochbild\/wp-content\/plugins\/media-library-assistant\/images\/crystal\/audio.png\",\"width\":48,\"height\":64},\"thumb\":{\"src\":\"https:\/\/litteraturbanken.se\/ljudochbild\/wp-content\/plugins\/media-library-assistant\/images\/crystal\/audio.png\",\"width\":48,\"height\":64}},{\"src\":\"https:\/\/litteraturbanken.se\/ljudochbild\/wp-content\/uploads\/2020\/01\/stiernhielm_klingdicht_espmark.mp3\",\"type\":\"audio\/mpeg\",\"title\":\"Kling-Dicht: P\\u00e5 Authoris Sinn-bel\\u00e4te\",\"caption\":\"\",\"description\":\"\\\"Kling-Dicht: P\\u00e5 Authoris Sinn-bel\\u00e4te\\\" fr\\u00e5n Kjell Espmark l\\u00e4ser svenska klassiker av Stiernhielm, Georg. Sl\\u00e4ppt: 2019. Sp\\u00e5r 17 av 22.\",\"meta\":{\"artist\":\"Kjell Espmark l\\u00e4ser Georg Stiernhielm\",\"album\":\"Georg Stiernhielm\",\"year\":\"2019\",\"length_formatted\":\"1:16\"},\"image\":{\"src\":\"https:\/\/litteraturbanken.se\/ljudochbild\/wp-content\/uploads\/2019\/09\/wide_gub_wide-mp3-image.png\",\"width\":580,\"height\":612},\"thumb\":{\"src\":\"https:\/\/litteraturbanken.se\/ljudochbild\/wp-content\/uploads\/2019\/09\/wide_gub_wide-mp3-image-150x150.png\",\"width\":150,\"height\":150}},{\"src\":\"https:\/\/litteraturbanken.se\/ljudochbild\/wp-content\/uploads\/2020\/01\/stiernhielm_urhercules_espmark.mp3\",\"type\":\"audio\/mpeg\",\"title\":\"ur Hercules\",\"caption\":\"\",\"description\":\"\\\"ur Hercules\\\" fr\\u00e5n Kjell Espmark l\\u00e4ser svenska klassiker av Stiernhielm, Georg. Sl\\u00e4ppt: 2019. Sp\\u00e5r 18 av 22.\",\"meta\":{\"artist\":\"Kjell Espmark l\\u00e4ser Georg Stiernhielm\",\"album\":\"Georg Stiernhielm\",\"year\":\"2019\",\"length_formatted\":\"6:42\"},\"image\":{\"src\":\"https:\/\/litteraturbanken.se\/ljudochbild\/wp-content\/uploads\/2019\/09\/wide_gub_wide-mp3-image.png\",\"width\":580,\"height\":612},\"thumb\":{\"src\":\"https:\/\/litteraturbanken.se\/ljudochbild\/wp-content\/uploads\/2019\/09\/wide_gub_wide-mp3-image-150x150.png\",\"width\":150,\"height\":150}}]}<\/script>\n<\/div>\n\t\n","protected":false},"excerpt":{"rendered":"<p>\u201dGEORG STIERNHIELM (1598\u20131672) har, genom sin ambition att skapa stor, svensk dikt skriven p\u00e5 det svenska spr\u00e5ket, kommit att kallas \u201dden svenska skaldekonstens fader\u201d. I stormaktens Sverige, d\u00e4r han sj\u00e4lv innehade flera h\u00f6ga \u00e4mbeten, lj\u00f6d m\u00e5ngtaliga spr\u00e5k och [&hellip;]<\/p>\n","protected":false},"author":1,"featured_media":847,"parent":7,"menu_order":0,"comment_status":"closed","ping_status":"closed","template":"","meta":{"footnotes":""},"class_list":["post-705","page","type-page","status-publish","has-post-thumbnail","hentry"],"yoast_head":"<!-- This site is optimized with the Yoast SEO plugin v27.1.1 - https:\/\/yoast.com\/product\/yoast-seo-wordpress\/ -->\n<title>Georg Stiernhielm (1598\u20131672) - Ljud &amp; Bild<\/title>\n<meta name=\"robots\" content=\"index, follow, max-snippet:-1, max-image-preview:large, max-video-preview:-1\" \/>\n<link rel=\"canonical\" href=\"https:\/\/litteraturbanken.se\/ljudochbild\/forfattare\/stiernhielmg\/\" \/>\n<meta property=\"og:locale\" content=\"sv_SE\" \/>\n<meta property=\"og:type\" content=\"article\" \/>\n<meta property=\"og:title\" content=\"Georg Stiernhielm (1598\u20131672) - Ljud &amp; Bild\" \/>\n<meta property=\"og:description\" content=\"\u201dGEORG STIERNHIELM (1598\u20131672) har, genom sin ambition att skapa stor, svensk dikt skriven p\u00e5 det svenska spr\u00e5ket, kommit att kallas \u201dden svenska skaldekonstens fader\u201d. I stormaktens Sverige, d\u00e4r han sj\u00e4lv innehade flera h\u00f6ga \u00e4mbeten, lj\u00f6d m\u00e5ngtaliga spr\u00e5k och [&hellip;]\" \/>\n<meta property=\"og:url\" content=\"https:\/\/litteraturbanken.se\/ljudochbild\/forfattare\/stiernhielmg\/\" \/>\n<meta property=\"og:site_name\" content=\"Ljud &amp; Bild\" \/>\n<meta property=\"article:publisher\" content=\"https:\/\/www.facebook.com\/Litteraturbanken.se\" \/>\n<meta property=\"article:modified_time\" content=\"2024-09-17T13:20:44+00:00\" \/>\n<meta property=\"og:image\" content=\"https:\/\/litteraturbanken.se\/ljudochbild\/wp-content\/uploads\/2019\/08\/StiernhielmG_large.jpeg\" \/>\n\t<meta property=\"og:image:width\" content=\"463\" \/>\n\t<meta property=\"og:image:height\" content=\"550\" \/>\n\t<meta property=\"og:image:type\" content=\"image\/jpeg\" \/>\n<meta name=\"twitter:card\" content=\"summary_large_image\" \/>\n<meta name=\"twitter:site\" content=\"@litteraturbank\" \/>\n<meta name=\"twitter:label1\" content=\"Ber\u00e4knad l\u00e4stid\" \/>\n\t<meta name=\"twitter:data1\" content=\"2 minuter\" \/>\n<script type=\"application\/ld+json\" class=\"yoast-schema-graph\">{\"@context\":\"https:\/\/schema.org\",\"@graph\":[{\"@type\":\"WebPage\",\"@id\":\"https:\/\/litteraturbanken.se\/ljudochbild\/forfattare\/stiernhielmg\/\",\"url\":\"https:\/\/litteraturbanken.se\/ljudochbild\/forfattare\/stiernhielmg\/\",\"name\":\"Georg Stiernhielm (1598\u20131672) - Ljud &amp; Bild\",\"isPartOf\":{\"@id\":\"https:\/\/litteraturbanken.se\/ljudochbild\/#website\"},\"primaryImageOfPage\":{\"@id\":\"https:\/\/litteraturbanken.se\/ljudochbild\/forfattare\/stiernhielmg\/#primaryimage\"},\"image\":{\"@id\":\"https:\/\/litteraturbanken.se\/ljudochbild\/forfattare\/stiernhielmg\/#primaryimage\"},\"thumbnailUrl\":\"https:\/\/litteraturbanken.se\/ljudochbild\/wp-content\/uploads\/2019\/08\/StiernhielmG_large.jpeg\",\"datePublished\":\"2019-08-13T14:25:47+00:00\",\"dateModified\":\"2024-09-17T13:20:44+00:00\",\"breadcrumb\":{\"@id\":\"https:\/\/litteraturbanken.se\/ljudochbild\/forfattare\/stiernhielmg\/#breadcrumb\"},\"inLanguage\":\"sv-SE\",\"potentialAction\":[{\"@type\":\"ReadAction\",\"target\":[\"https:\/\/litteraturbanken.se\/ljudochbild\/forfattare\/stiernhielmg\/\"]}]},{\"@type\":\"ImageObject\",\"inLanguage\":\"sv-SE\",\"@id\":\"https:\/\/litteraturbanken.se\/ljudochbild\/forfattare\/stiernhielmg\/#primaryimage\",\"url\":\"https:\/\/litteraturbanken.se\/ljudochbild\/wp-content\/uploads\/2019\/08\/StiernhielmG_large.jpeg\",\"contentUrl\":\"https:\/\/litteraturbanken.se\/ljudochbild\/wp-content\/uploads\/2019\/08\/StiernhielmG_large.jpeg\",\"width\":463,\"height\":550},{\"@type\":\"BreadcrumbList\",\"@id\":\"https:\/\/litteraturbanken.se\/ljudochbild\/forfattare\/stiernhielmg\/#breadcrumb\",\"itemListElement\":[{\"@type\":\"ListItem\",\"position\":1,\"name\":\"Hem\",\"item\":\"https:\/\/litteraturbanken.se\/ljudochbild\/\"},{\"@type\":\"ListItem\",\"position\":2,\"name\":\"F\u00f6rfattare\",\"item\":\"https:\/\/litteraturbanken.se\/ljudochbild\/forfattare\/\"},{\"@type\":\"ListItem\",\"position\":3,\"name\":\"Georg Stiernhielm (1598\u20131672)\"}]},{\"@type\":\"WebSite\",\"@id\":\"https:\/\/litteraturbanken.se\/ljudochbild\/#website\",\"url\":\"https:\/\/litteraturbanken.se\/ljudochbild\/\",\"name\":\"Ljud & Bild\",\"description\":\"Ur Litteraturbankens samlingar\",\"potentialAction\":[{\"@type\":\"SearchAction\",\"target\":{\"@type\":\"EntryPoint\",\"urlTemplate\":\"https:\/\/litteraturbanken.se\/ljudochbild\/?s={search_term_string}\"},\"query-input\":{\"@type\":\"PropertyValueSpecification\",\"valueRequired\":true,\"valueName\":\"search_term_string\"}}],\"inLanguage\":\"sv-SE\"}]}<\/script>\n<!-- \/ Yoast SEO plugin. -->","yoast_head_json":{"title":"Georg Stiernhielm (1598\u20131672) - Ljud &amp; Bild","robots":{"index":"index","follow":"follow","max-snippet":"max-snippet:-1","max-image-preview":"max-image-preview:large","max-video-preview":"max-video-preview:-1"},"canonical":"https:\/\/litteraturbanken.se\/ljudochbild\/forfattare\/stiernhielmg\/","og_locale":"sv_SE","og_type":"article","og_title":"Georg Stiernhielm (1598\u20131672) - Ljud &amp; Bild","og_description":"\u201dGEORG STIERNHIELM (1598\u20131672) har, genom sin ambition att skapa stor, svensk dikt skriven p\u00e5 det svenska spr\u00e5ket, kommit att kallas \u201dden svenska skaldekonstens fader\u201d. I stormaktens Sverige, d\u00e4r han sj\u00e4lv innehade flera h\u00f6ga \u00e4mbeten, lj\u00f6d m\u00e5ngtaliga spr\u00e5k och [&hellip;]","og_url":"https:\/\/litteraturbanken.se\/ljudochbild\/forfattare\/stiernhielmg\/","og_site_name":"Ljud &amp; Bild","article_publisher":"https:\/\/www.facebook.com\/Litteraturbanken.se","article_modified_time":"2024-09-17T13:20:44+00:00","og_image":[{"width":463,"height":550,"url":"https:\/\/litteraturbanken.se\/ljudochbild\/wp-content\/uploads\/2019\/08\/StiernhielmG_large.jpeg","type":"image\/jpeg"}],"twitter_card":"summary_large_image","twitter_site":"@litteraturbank","twitter_misc":{"Ber\u00e4knad l\u00e4stid":"2 minuter"},"schema":{"@context":"https:\/\/schema.org","@graph":[{"@type":"WebPage","@id":"https:\/\/litteraturbanken.se\/ljudochbild\/forfattare\/stiernhielmg\/","url":"https:\/\/litteraturbanken.se\/ljudochbild\/forfattare\/stiernhielmg\/","name":"Georg Stiernhielm (1598\u20131672) - Ljud &amp; Bild","isPartOf":{"@id":"https:\/\/litteraturbanken.se\/ljudochbild\/#website"},"primaryImageOfPage":{"@id":"https:\/\/litteraturbanken.se\/ljudochbild\/forfattare\/stiernhielmg\/#primaryimage"},"image":{"@id":"https:\/\/litteraturbanken.se\/ljudochbild\/forfattare\/stiernhielmg\/#primaryimage"},"thumbnailUrl":"https:\/\/litteraturbanken.se\/ljudochbild\/wp-content\/uploads\/2019\/08\/StiernhielmG_large.jpeg","datePublished":"2019-08-13T14:25:47+00:00","dateModified":"2024-09-17T13:20:44+00:00","breadcrumb":{"@id":"https:\/\/litteraturbanken.se\/ljudochbild\/forfattare\/stiernhielmg\/#breadcrumb"},"inLanguage":"sv-SE","potentialAction":[{"@type":"ReadAction","target":["https:\/\/litteraturbanken.se\/ljudochbild\/forfattare\/stiernhielmg\/"]}]},{"@type":"ImageObject","inLanguage":"sv-SE","@id":"https:\/\/litteraturbanken.se\/ljudochbild\/forfattare\/stiernhielmg\/#primaryimage","url":"https:\/\/litteraturbanken.se\/ljudochbild\/wp-content\/uploads\/2019\/08\/StiernhielmG_large.jpeg","contentUrl":"https:\/\/litteraturbanken.se\/ljudochbild\/wp-content\/uploads\/2019\/08\/StiernhielmG_large.jpeg","width":463,"height":550},{"@type":"BreadcrumbList","@id":"https:\/\/litteraturbanken.se\/ljudochbild\/forfattare\/stiernhielmg\/#breadcrumb","itemListElement":[{"@type":"ListItem","position":1,"name":"Hem","item":"https:\/\/litteraturbanken.se\/ljudochbild\/"},{"@type":"ListItem","position":2,"name":"F\u00f6rfattare","item":"https:\/\/litteraturbanken.se\/ljudochbild\/forfattare\/"},{"@type":"ListItem","position":3,"name":"Georg Stiernhielm (1598\u20131672)"}]},{"@type":"WebSite","@id":"https:\/\/litteraturbanken.se\/ljudochbild\/#website","url":"https:\/\/litteraturbanken.se\/ljudochbild\/","name":"Ljud & Bild","description":"Ur Litteraturbankens samlingar","potentialAction":[{"@type":"SearchAction","target":{"@type":"EntryPoint","urlTemplate":"https:\/\/litteraturbanken.se\/ljudochbild\/?s={search_term_string}"},"query-input":{"@type":"PropertyValueSpecification","valueRequired":true,"valueName":"search_term_string"}}],"inLanguage":"sv-SE"}]}},"_links":{"self":[{"href":"https:\/\/litteraturbanken.se\/ljudochbild\/wp-json\/wp\/v2\/pages\/705","targetHints":{"allow":["GET"]}}],"collection":[{"href":"https:\/\/litteraturbanken.se\/ljudochbild\/wp-json\/wp\/v2\/pages"}],"about":[{"href":"https:\/\/litteraturbanken.se\/ljudochbild\/wp-json\/wp\/v2\/types\/page"}],"author":[{"embeddable":true,"href":"https:\/\/litteraturbanken.se\/ljudochbild\/wp-json\/wp\/v2\/users\/1"}],"replies":[{"embeddable":true,"href":"https:\/\/litteraturbanken.se\/ljudochbild\/wp-json\/wp\/v2\/comments?post=705"}],"version-history":[{"count":9,"href":"https:\/\/litteraturbanken.se\/ljudochbild\/wp-json\/wp\/v2\/pages\/705\/revisions"}],"predecessor-version":[{"id":12261,"href":"https:\/\/litteraturbanken.se\/ljudochbild\/wp-json\/wp\/v2\/pages\/705\/revisions\/12261"}],"up":[{"embeddable":true,"href":"https:\/\/litteraturbanken.se\/ljudochbild\/wp-json\/wp\/v2\/pages\/7"}],"wp:featuredmedia":[{"embeddable":true,"href":"https:\/\/litteraturbanken.se\/ljudochbild\/wp-json\/wp\/v2\/media\/847"}],"wp:attachment":[{"href":"https:\/\/litteraturbanken.se\/ljudochbild\/wp-json\/wp\/v2\/media?parent=705"}],"curies":[{"name":"wp","href":"https:\/\/api.w.org\/{rel}","templated":true}]}}