{"id":7129,"date":"2022-06-27T08:26:57","date_gmt":"2022-06-27T06:26:57","guid":{"rendered":"https:\/\/litteraturbanken.se\/ljudochbild\/?page_id=7129"},"modified":"2024-09-17T10:37:31","modified_gmt":"2024-09-17T08:37:31","slug":"lindorme","status":"publish","type":"page","link":"https:\/\/litteraturbanken.se\/ljudochbild\/forfattare\/lindorme\/","title":{"rendered":"Erik Lindorm (1889\u20131941)"},"content":{"rendered":"<div class=\"wp-block-image is-resized\">\n<figure class=\"alignright size-full\"><img loading=\"lazy\" decoding=\"async\" width=\"436\" height=\"550\" src=\"https:\/\/litteraturbanken.se\/ljudochbild\/wp-content\/uploads\/2022\/05\/LindormE_large.jpeg\" alt=\"Erik Lindorm\" class=\"wp-image-7134\" style=\"width:199px;height:auto\" srcset=\"https:\/\/litteraturbanken.se\/ljudochbild\/wp-content\/uploads\/2022\/05\/LindormE_large.jpeg 436w, https:\/\/litteraturbanken.se\/ljudochbild\/wp-content\/uploads\/2022\/05\/LindormE_large-238x300.jpeg 238w\" sizes=\"auto, (max-width: 436px) 100vw, 436px\" \/><\/figure>\n<\/div>\n\n\n<p>\u201dAtt l\u00e4sa Erik Lindorms dikter \u00e4r som att komma ut p\u00e5 en stadsgata efter ett sommarregn, en gata med gr\u00f6na tr\u00e4d i l\u00e5nga raka all\u00e9er. Trottoarens granitstenar bl\u00e4nka, tr\u00e4dens gr\u00f6na blad bl\u00e4nka och husv\u00e4ggarna st\u00e5 i en mjukt fuktig ton. Det \u00e4r n\u00e5got lytt och spelande i luften, som stege en l\u00e4rka dallrande mitt inne \u00f6ver staden. [\u2026] Man har f\u00f6rebr\u00e5tt Lindorms diktning en alltf\u00f6r ringa kontakt med dagens liv, en viss f\u00f6rn\u00e4m slutenhet och brist p\u00e5 intresse f\u00f6r tidsproblemen. D\u00e4ri ligger nog en viss sanning, men \u00e5 andra sidan kan man s\u00e4ga, att Lindorm i h\u00f6g grad uttrycker tidens mentalitet. Han har den nyktra \u2013 alltf\u00f6r tidigt nyktra \u2013 blicken, han har ocks\u00e5 hj\u00e4rtats oro, om han ocks\u00e5 helst vill d\u00f6lja den.\u201d<\/p>\n\n\n\n<p>Stycket ovanf\u00f6r har vi l\u00e5nat fr\u00e5n <a href=\"https:\/\/litteraturbanken.se\/f%C3%B6rfattare\/J%C3%A4ndelR\" target=\"_blank\" rel=\"noreferrer noopener\">Ragnar J\u00e4ndels<\/a> kapitel om Erik Lindorm i boken <em>Jag och vi<\/em> (1928).<\/p>\n\n\n\n<div class=\"wp-block-buttons is-layout-flex wp-block-buttons-is-layout-flex\">\n<div class=\"wp-block-button has-custom-font-size read-more-button\" style=\"font-size:14px\"><a class=\"wp-block-button__link has-white-color has-text-color has-background wp-element-button\" href=\"https:\/\/litteraturbanken.se\/f%C3%B6rfattare\/J%C3%A4ndelR\/titlar\/JagOchVi\/sida\/83\/faksimil\" style=\"border-radius:0px;background-color:#cd2400\" target=\"_blank\" rel=\"noopener\"><strong>L\u00c4S MER OM ERIK LINDORM<\/strong><\/a><\/div>\n\n\n\n<div class=\"wp-block-button has-custom-font-size read-more-button\" style=\"font-size:14px\"><a class=\"wp-block-button__link has-white-color has-text-color has-background wp-element-button\" href=\"https:\/\/litteraturbanken.se\/f%C3%B6rfattare\/LindormE\/titlar\" style=\"border-radius:0px;background-color:#cd2400\" target=\"_blank\" rel=\"noopener\"><strong>L\u00c4S ERIK LINDORMS VERK HOS LB.SE<\/strong><\/a><\/div>\n<\/div>\n\n\n\n<div style=\"height:20px\" aria-hidden=\"true\" class=\"wp-block-spacer\"><\/div>\n\n\n\n<p>Lindorm medverkade inte s\u00e4rskilt ofta i radio, men \u00e5tminstone tv\u00e5 diktinl\u00e4sningar har bevarats f\u00f6r efterv\u00e4rlden. I mediespelaren nedanf\u00f6r h\u00f6r du honom l\u00e4sa <a href=\"https:\/\/litteraturbanken.se\/f%C3%B6rfattare\/LindormE\/titlar\/Dikter\/sida\/67\/faksimil\" target=\"_blank\" rel=\"noreferrer noopener\">\u201dEn d\u00f6d arbetarhustru\u201d<\/a> och <a href=\"https:\/\/litteraturbanken.se\/f%C3%B6rfattare\/LindormE\/titlar\/Dikter\/sida\/200\/faksimil\" target=\"_blank\" rel=\"noreferrer noopener\">\u201dJordskeppet\u201d<\/a>.<\/p>\n\n\n\n<div style=\"height:1px\" aria-hidden=\"true\" class=\"wp-block-spacer\"><\/div>\n\n\n\n<div class=\"wp-playlist wp-audio-playlist wp-playlist-light\">\n\t\t\t<div class=\"wp-playlist-current-item\"><\/div>\n\t\t<audio controls=\"controls\" preload=\"none\" width=\"618\"\n\t\t\t><\/audio>\n\t<div class=\"wp-playlist-next\"><\/div>\n\t<div class=\"wp-playlist-prev\"><\/div>\n\t<noscript>\n\t<ol>\n\t\t<li><a href='https:\/\/litteraturbanken.se\/ljudochbild\/wp-content\/uploads\/2022\/05\/lindorm_endodarbetarhustru_lindorm.mp3'>En d\u00f6d arbetarhustru<\/a><\/li><li><a href='https:\/\/litteraturbanken.se\/ljudochbild\/wp-content\/uploads\/2022\/05\/lindorm_jordskeppet_lindorm.mp3'>Jordskeppet<\/a><\/li>\t<\/ol>\n\t<\/noscript>\n\t<script type=\"application\/json\" class=\"wp-playlist-script\">{\"type\":\"audio\",\"tracklist\":true,\"tracknumbers\":true,\"images\":true,\"artists\":true,\"tracks\":[{\"src\":\"https:\/\/litteraturbanken.se\/ljudochbild\/wp-content\/uploads\/2022\/05\/lindorm_endodarbetarhustru_lindorm.mp3\",\"type\":\"audio\/mpeg\",\"title\":\"En d\\u00f6d arbetarhustru\",\"caption\":\"\",\"description\":\"\\u201dEn d\\u00f6d arbetarhustru\\u201d fr\\u00e5n Erik Lindorm av Erik Lindorm l\\u00e4ser egna dikter.\",\"meta\":{\"artist\":\"Erik Lindorm l\\u00e4ser egna dikter\",\"album\":\"Erik Lindorm\",\"length_formatted\":\"3:11\"},\"image\":{\"src\":\"https:\/\/litteraturbanken.se\/ljudochbild\/wp-content\/uploads\/2019\/09\/wide_gub_wide-mp3-image.png\",\"width\":580,\"height\":612},\"thumb\":{\"src\":\"https:\/\/litteraturbanken.se\/ljudochbild\/wp-content\/uploads\/2019\/09\/wide_gub_wide-mp3-image-150x150.png\",\"width\":150,\"height\":150}},{\"src\":\"https:\/\/litteraturbanken.se\/ljudochbild\/wp-content\/uploads\/2022\/05\/lindorm_jordskeppet_lindorm.mp3\",\"type\":\"audio\/mpeg\",\"title\":\"Jordskeppet\",\"caption\":\"\",\"description\":\"\\u201dJordskeppet\\u201d fr\\u00e5n Erik Lindorm av Erik Lindorm l\\u00e4ser egna dikter.\",\"meta\":{\"artist\":\"Erik Lindorm l\\u00e4ser egna dikter\",\"album\":\"Erik Lindorm\",\"length_formatted\":\"3:16\"},\"image\":{\"src\":\"https:\/\/litteraturbanken.se\/ljudochbild\/wp-content\/uploads\/2019\/09\/wide_gub_wide-mp3-image.png\",\"width\":580,\"height\":612},\"thumb\":{\"src\":\"https:\/\/litteraturbanken.se\/ljudochbild\/wp-content\/uploads\/2019\/09\/wide_gub_wide-mp3-image-150x150.png\",\"width\":150,\"height\":150}}]}<\/script>\n<\/div>\n\t\n\n\n\n<div style=\"height:30px\" aria-hidden=\"true\" class=\"wp-block-spacer\"><\/div>\n\n\n\n<p>V\u00e5ren 2022 bes\u00f6ktes Litteraturbanken av dramatikern och sk\u00e5despelaren <a href=\"https:\/\/litteraturbanken.se\/ljudochbild\/upplasare\/meidalh\/\" target=\"_blank\" rel=\"noreferrer noopener\">Hannes Meidal<\/a>. F\u00f6r Litteraturbankens r\u00e4kning l\u00e4ste han d\u00e5 in tre dikter av Lindorm: <a href=\"https:\/\/litteraturbanken.se\/f%C3%B6rfattare\/LindormE\/titlar\/Dikter\/sida\/119\/faksimil\" target=\"_blank\" rel=\"noreferrer noopener\">\u201dLyckans minut\u201d<\/a>, <a href=\"https:\/\/litteraturbanken.se\/f%C3%B6rfattare\/LindormE\/titlar\/Dikter\/sida\/74\/faksimil\" target=\"_blank\" rel=\"noreferrer noopener\">\u201dMor och son\u201d<\/a> samt <a href=\"https:\/\/litteraturbanken.se\/f%C3%B6rfattare\/LindormE\/titlar\/Dikter\/sida\/254\/faksimil\" target=\"_blank\" rel=\"noreferrer noopener\">\u201dM\u00f6tet\u201d<\/a>. Lyssna p\u00e5 inl\u00e4sningarna i spelaren nedanf\u00f6r.<\/p>\n\n\n\n<div class=\"wp-playlist wp-audio-playlist wp-playlist-light\">\n\t\t\t<div class=\"wp-playlist-current-item\"><\/div>\n\t\t<audio controls=\"controls\" preload=\"none\" width=\"618\"\n\t\t\t><\/audio>\n\t<div class=\"wp-playlist-next\"><\/div>\n\t<div class=\"wp-playlist-prev\"><\/div>\n\t<noscript>\n\t<ol>\n\t\t<li><a href='https:\/\/litteraturbanken.se\/ljudochbild\/wp-content\/uploads\/2022\/05\/lindorm_lyckansminut_meidal.mp3'>Lyckans minut<\/a><\/li><li><a href='https:\/\/litteraturbanken.se\/ljudochbild\/wp-content\/uploads\/2022\/05\/lindorm_morochson_meidal.mp3'>Mor och son<\/a><\/li><li><a href='https:\/\/litteraturbanken.se\/ljudochbild\/wp-content\/uploads\/2022\/05\/lindorm_motet_meidal.mp3'>M\u00f6tet<\/a><\/li>\t<\/ol>\n\t<\/noscript>\n\t<script type=\"application\/json\" class=\"wp-playlist-script\">{\"type\":\"audio\",\"tracklist\":true,\"tracknumbers\":true,\"images\":true,\"artists\":true,\"tracks\":[{\"src\":\"https:\/\/litteraturbanken.se\/ljudochbild\/wp-content\/uploads\/2022\/05\/lindorm_lyckansminut_meidal.mp3\",\"type\":\"audio\/mpeg\",\"title\":\"Lyckans minut\",\"caption\":\"\",\"description\":\"\\u201dLyckans minut\\u201d fr\\u00e5n Erik Lindorm av Hannes Meidal l\\u00e4ser Erik Lindorm. Sl\\u00e4ppt: 2022.\",\"meta\":{\"artist\":\"Hannes Meidal l\\u00e4ser Erik Lindorm\",\"album\":\"Erik Lindorm\",\"year\":\"2022\",\"length_formatted\":\"0:59\"},\"image\":{\"src\":\"https:\/\/litteraturbanken.se\/ljudochbild\/wp-content\/uploads\/2019\/09\/wide_gub_wide-mp3-image.png\",\"width\":580,\"height\":612},\"thumb\":{\"src\":\"https:\/\/litteraturbanken.se\/ljudochbild\/wp-content\/uploads\/2019\/09\/wide_gub_wide-mp3-image-150x150.png\",\"width\":150,\"height\":150}},{\"src\":\"https:\/\/litteraturbanken.se\/ljudochbild\/wp-content\/uploads\/2022\/05\/lindorm_morochson_meidal.mp3\",\"type\":\"audio\/mpeg\",\"title\":\"Mor och son\",\"caption\":\"\",\"description\":\"\\u201dMor och son\\u201d fr\\u00e5n Erik Lindorm av Hannes Meidal l\\u00e4ser Erik Lindorm. Sl\\u00e4ppt: 2022.\",\"meta\":{\"artist\":\"Hannes Meidal l\\u00e4ser Erik Lindorm\",\"album\":\"Erik Lindorm\",\"year\":\"2022\",\"length_formatted\":\"1:39\"},\"image\":{\"src\":\"https:\/\/litteraturbanken.se\/ljudochbild\/wp-content\/uploads\/2019\/09\/wide_gub_wide-mp3-image.png\",\"width\":580,\"height\":612},\"thumb\":{\"src\":\"https:\/\/litteraturbanken.se\/ljudochbild\/wp-content\/uploads\/2019\/09\/wide_gub_wide-mp3-image-150x150.png\",\"width\":150,\"height\":150}},{\"src\":\"https:\/\/litteraturbanken.se\/ljudochbild\/wp-content\/uploads\/2022\/05\/lindorm_motet_meidal.mp3\",\"type\":\"audio\/mpeg\",\"title\":\"M\\u00f6tet\",\"caption\":\"\",\"description\":\"\\u201dM\\u00f6tet\\u201d fr\\u00e5n Erik Lindorm av Hannes Meidal l\\u00e4ser Erik Lindorm. Sl\\u00e4ppt: 2022.\",\"meta\":{\"artist\":\"Hannes Meidal l\\u00e4ser Erik Lindorm\",\"album\":\"Erik Lindorm\",\"year\":\"2022\",\"length_formatted\":\"1:17\"},\"image\":{\"src\":\"https:\/\/litteraturbanken.se\/ljudochbild\/wp-content\/uploads\/2019\/09\/wide_gub_wide-mp3-image.png\",\"width\":580,\"height\":612},\"thumb\":{\"src\":\"https:\/\/litteraturbanken.se\/ljudochbild\/wp-content\/uploads\/2019\/09\/wide_gub_wide-mp3-image-150x150.png\",\"width\":150,\"height\":150}}]}<\/script>\n<\/div>\n\t\n\n\n\n<div style=\"height:14px\" aria-hidden=\"true\" class=\"wp-block-spacer\"><\/div>\n\n\n\n<hr>\n\n\n\n<p><em>Inspelningarna \u00e4r upphovsr\u00e4ttsskyddade, och Erik Lindorms egna inl\u00e4sningar tillg\u00e4ngligg\u00f6rs h\u00e4r med tillst\u00e5nd fr\u00e5n Naxos. \u2013 Bilden ovanf\u00f6r, tecknad av Nils Dardel, har vi h\u00e4mtat fr\u00e5n omslaget till Erik Lindorms <a href=\"https:\/\/litteraturbanken.se\/f%C3%B6rfattare\/LindormE\/titlar\/Dikter\/sida\/I\/faksimil\" target=\"_blank\" rel=\"noreferrer noopener\">Dikter<\/a> (1941).<\/em><\/p>\n\n\n<h3 class=\"wp-block-heading author-related-title\">L\u00e4s mer<\/h3>\r\n<div class=\"display-posts-listing grid\"><div class=\"listing-item\"><a class=\"image\" href=\"https:\/\/litteraturbanken.se\/ljudochbild\/2023\/03\/27\/filmen-i-litteraturen\/\"><img loading=\"lazy\" decoding=\"async\" width=\"640\" height=\"512\" src=\"https:\/\/litteraturbanken.se\/ljudochbild\/wp-content\/uploads\/2023\/03\/biograf_linkoping-1024x819.jpg\" class=\"attachment-large size-large wp-post-image\" alt=\"Biografsalong\" srcset=\"https:\/\/litteraturbanken.se\/ljudochbild\/wp-content\/uploads\/2023\/03\/biograf_linkoping-1024x819.jpg 1024w, https:\/\/litteraturbanken.se\/ljudochbild\/wp-content\/uploads\/2023\/03\/biograf_linkoping-300x240.jpg 300w, https:\/\/litteraturbanken.se\/ljudochbild\/wp-content\/uploads\/2023\/03\/biograf_linkoping-768x614.jpg 768w, https:\/\/litteraturbanken.se\/ljudochbild\/wp-content\/uploads\/2023\/03\/biograf_linkoping-480x384.jpg 480w, https:\/\/litteraturbanken.se\/ljudochbild\/wp-content\/uploads\/2023\/03\/biograf_linkoping.jpg 1200w\" sizes=\"auto, (max-width: 640px) 100vw, 640px\" \/><\/a> <a class=\"title\" href=\"https:\/\/litteraturbanken.se\/ljudochbild\/2023\/03\/27\/filmen-i-litteraturen\/\">Filmen i litteraturen<\/a><\/div><div class=\"listing-item\"><a class=\"image\" href=\"https:\/\/litteraturbanken.se\/ljudochbild\/2022\/06\/16\/aterstod-av-selma-lagerlof\/\"><img loading=\"lazy\" decoding=\"async\" width=\"640\" height=\"488\" src=\"https:\/\/litteraturbanken.se\/ljudochbild\/wp-content\/uploads\/2022\/05\/selma_radiotjanst3-1024x781.jpg\" class=\"attachment-large size-large wp-post-image\" alt=\"Selma Lagerl\u00f6f vid mikrofon\" srcset=\"https:\/\/litteraturbanken.se\/ljudochbild\/wp-content\/uploads\/2022\/05\/selma_radiotjanst3-1024x781.jpg 1024w, https:\/\/litteraturbanken.se\/ljudochbild\/wp-content\/uploads\/2022\/05\/selma_radiotjanst3-300x229.jpg 300w, https:\/\/litteraturbanken.se\/ljudochbild\/wp-content\/uploads\/2022\/05\/selma_radiotjanst3-768x586.jpg 768w, https:\/\/litteraturbanken.se\/ljudochbild\/wp-content\/uploads\/2022\/05\/selma_radiotjanst3-480x366.jpg 480w, https:\/\/litteraturbanken.se\/ljudochbild\/wp-content\/uploads\/2022\/05\/selma_radiotjanst3.jpg 1200w\" sizes=\"auto, (max-width: 640px) 100vw, 640px\" \/><\/a> <a class=\"title\" href=\"https:\/\/litteraturbanken.se\/ljudochbild\/2022\/06\/16\/aterstod-av-selma-lagerlof\/\">En \u00e5terstod av Lagerl\u00f6f<\/a><\/div><div class=\"listing-item\"><a class=\"image\" href=\"https:\/\/litteraturbanken.se\/ljudochbild\/2022\/06\/28\/erik-lindorm-laser-dikter\/\"><img loading=\"lazy\" decoding=\"async\" width=\"640\" height=\"938\" src=\"https:\/\/litteraturbanken.se\/ljudochbild\/wp-content\/uploads\/2022\/06\/lindorm_rod-699x1024.jpg\" class=\"attachment-large size-large wp-post-image\" alt=\"Erik Lindorm\" srcset=\"https:\/\/litteraturbanken.se\/ljudochbild\/wp-content\/uploads\/2022\/06\/lindorm_rod-699x1024.jpg 699w, https:\/\/litteraturbanken.se\/ljudochbild\/wp-content\/uploads\/2022\/06\/lindorm_rod-205x300.jpg 205w, https:\/\/litteraturbanken.se\/ljudochbild\/wp-content\/uploads\/2022\/06\/lindorm_rod-768x1126.jpg 768w, https:\/\/litteraturbanken.se\/ljudochbild\/wp-content\/uploads\/2022\/06\/lindorm_rod-1048x1536.jpg 1048w, https:\/\/litteraturbanken.se\/ljudochbild\/wp-content\/uploads\/2022\/06\/lindorm_rod-480x704.jpg 480w, https:\/\/litteraturbanken.se\/ljudochbild\/wp-content\/uploads\/2022\/06\/lindorm_rod.jpg 1200w\" sizes=\"auto, (max-width: 640px) 100vw, 640px\" \/><\/a> <a class=\"title\" href=\"https:\/\/litteraturbanken.se\/ljudochbild\/2022\/06\/28\/erik-lindorm-laser-dikter\/\">Fattigdomens psyke<\/a><\/div><\/div>\r\n\r\n\n","protected":false},"excerpt":{"rendered":"<p>\u201dAtt l\u00e4sa Erik Lindorms dikter \u00e4r som att komma ut p\u00e5 en stadsgata efter ett sommarregn, en gata med gr\u00f6na tr\u00e4d i l\u00e5nga raka all\u00e9er. Trottoarens granitstenar bl\u00e4nka, tr\u00e4dens gr\u00f6na blad bl\u00e4nka och husv\u00e4ggarna st\u00e5 i en mjukt [&hellip;]<\/p>\n","protected":false},"author":5,"featured_media":7134,"parent":7,"menu_order":0,"comment_status":"closed","ping_status":"closed","template":"","meta":{"footnotes":""},"class_list":["post-7129","page","type-page","status-publish","has-post-thumbnail","hentry"],"yoast_head":"<!-- This site is optimized with the Yoast SEO plugin v27.1.1 - https:\/\/yoast.com\/product\/yoast-seo-wordpress\/ -->\n<title>Erik Lindorm (1889\u20131941) - Ljud &amp; Bild<\/title>\n<meta name=\"description\" content=\"Att l\u00e4sa Erik Lindorms dikter \u00e4r som att komma ut p\u00e5 en stadsgata efter ett sommarregn, en gata med gr\u00f6na tr\u00e4d i l\u00e5nga raka all\u00e9er.\" \/>\n<meta name=\"robots\" content=\"index, follow, max-snippet:-1, max-image-preview:large, max-video-preview:-1\" \/>\n<link rel=\"canonical\" href=\"https:\/\/litteraturbanken.se\/ljudochbild\/forfattare\/lindorme\/\" \/>\n<meta property=\"og:locale\" content=\"sv_SE\" \/>\n<meta property=\"og:type\" content=\"article\" \/>\n<meta property=\"og:title\" content=\"Erik Lindorm (1889\u20131941) - Ljud &amp; Bild\" \/>\n<meta property=\"og:description\" content=\"Att l\u00e4sa Erik Lindorms dikter \u00e4r som att komma ut p\u00e5 en stadsgata efter ett sommarregn, en gata med gr\u00f6na tr\u00e4d i l\u00e5nga raka all\u00e9er.\" \/>\n<meta property=\"og:url\" content=\"https:\/\/litteraturbanken.se\/ljudochbild\/forfattare\/lindorme\/\" \/>\n<meta property=\"og:site_name\" content=\"Ljud &amp; Bild\" \/>\n<meta property=\"article:publisher\" content=\"https:\/\/www.facebook.com\/Litteraturbanken.se\" \/>\n<meta property=\"article:modified_time\" content=\"2024-09-17T08:37:31+00:00\" \/>\n<meta property=\"og:image\" content=\"https:\/\/litteraturbanken.se\/ljudochbild\/wp-content\/uploads\/2022\/05\/LindormE_large.jpeg\" \/>\n\t<meta property=\"og:image:width\" content=\"436\" \/>\n\t<meta property=\"og:image:height\" content=\"550\" \/>\n\t<meta property=\"og:image:type\" content=\"image\/jpeg\" \/>\n<meta name=\"twitter:card\" content=\"summary_large_image\" \/>\n<meta name=\"twitter:site\" content=\"@litteraturbank\" \/>\n<meta name=\"twitter:label1\" content=\"Ber\u00e4knad l\u00e4stid\" \/>\n\t<meta name=\"twitter:data1\" content=\"2 minuter\" \/>\n<script type=\"application\/ld+json\" class=\"yoast-schema-graph\">{\"@context\":\"https:\/\/schema.org\",\"@graph\":[{\"@type\":\"WebPage\",\"@id\":\"https:\/\/litteraturbanken.se\/ljudochbild\/forfattare\/lindorme\/\",\"url\":\"https:\/\/litteraturbanken.se\/ljudochbild\/forfattare\/lindorme\/\",\"name\":\"Erik Lindorm (1889\u20131941) - Ljud &amp; Bild\",\"isPartOf\":{\"@id\":\"https:\/\/litteraturbanken.se\/ljudochbild\/#website\"},\"primaryImageOfPage\":{\"@id\":\"https:\/\/litteraturbanken.se\/ljudochbild\/forfattare\/lindorme\/#primaryimage\"},\"image\":{\"@id\":\"https:\/\/litteraturbanken.se\/ljudochbild\/forfattare\/lindorme\/#primaryimage\"},\"thumbnailUrl\":\"https:\/\/litteraturbanken.se\/ljudochbild\/wp-content\/uploads\/2022\/05\/LindormE_large.jpeg\",\"datePublished\":\"2022-06-27T06:26:57+00:00\",\"dateModified\":\"2024-09-17T08:37:31+00:00\",\"description\":\"Att l\u00e4sa Erik Lindorms dikter \u00e4r som att komma ut p\u00e5 en stadsgata efter ett sommarregn, en gata med gr\u00f6na tr\u00e4d i l\u00e5nga raka all\u00e9er.\",\"breadcrumb\":{\"@id\":\"https:\/\/litteraturbanken.se\/ljudochbild\/forfattare\/lindorme\/#breadcrumb\"},\"inLanguage\":\"sv-SE\",\"potentialAction\":[{\"@type\":\"ReadAction\",\"target\":[\"https:\/\/litteraturbanken.se\/ljudochbild\/forfattare\/lindorme\/\"]}]},{\"@type\":\"ImageObject\",\"inLanguage\":\"sv-SE\",\"@id\":\"https:\/\/litteraturbanken.se\/ljudochbild\/forfattare\/lindorme\/#primaryimage\",\"url\":\"https:\/\/litteraturbanken.se\/ljudochbild\/wp-content\/uploads\/2022\/05\/LindormE_large.jpeg\",\"contentUrl\":\"https:\/\/litteraturbanken.se\/ljudochbild\/wp-content\/uploads\/2022\/05\/LindormE_large.jpeg\",\"width\":436,\"height\":550,\"caption\":\"Erik Lindorm\"},{\"@type\":\"BreadcrumbList\",\"@id\":\"https:\/\/litteraturbanken.se\/ljudochbild\/forfattare\/lindorme\/#breadcrumb\",\"itemListElement\":[{\"@type\":\"ListItem\",\"position\":1,\"name\":\"Hem\",\"item\":\"https:\/\/litteraturbanken.se\/ljudochbild\/\"},{\"@type\":\"ListItem\",\"position\":2,\"name\":\"F\u00f6rfattare\",\"item\":\"https:\/\/litteraturbanken.se\/ljudochbild\/forfattare\/\"},{\"@type\":\"ListItem\",\"position\":3,\"name\":\"Erik Lindorm (1889\u20131941)\"}]},{\"@type\":\"WebSite\",\"@id\":\"https:\/\/litteraturbanken.se\/ljudochbild\/#website\",\"url\":\"https:\/\/litteraturbanken.se\/ljudochbild\/\",\"name\":\"Ljud & Bild\",\"description\":\"Ur Litteraturbankens samlingar\",\"potentialAction\":[{\"@type\":\"SearchAction\",\"target\":{\"@type\":\"EntryPoint\",\"urlTemplate\":\"https:\/\/litteraturbanken.se\/ljudochbild\/?s={search_term_string}\"},\"query-input\":{\"@type\":\"PropertyValueSpecification\",\"valueRequired\":true,\"valueName\":\"search_term_string\"}}],\"inLanguage\":\"sv-SE\"}]}<\/script>\n<!-- \/ Yoast SEO plugin. -->","yoast_head_json":{"title":"Erik Lindorm (1889\u20131941) - Ljud &amp; Bild","description":"Att l\u00e4sa Erik Lindorms dikter \u00e4r som att komma ut p\u00e5 en stadsgata efter ett sommarregn, en gata med gr\u00f6na tr\u00e4d i l\u00e5nga raka all\u00e9er.","robots":{"index":"index","follow":"follow","max-snippet":"max-snippet:-1","max-image-preview":"max-image-preview:large","max-video-preview":"max-video-preview:-1"},"canonical":"https:\/\/litteraturbanken.se\/ljudochbild\/forfattare\/lindorme\/","og_locale":"sv_SE","og_type":"article","og_title":"Erik Lindorm (1889\u20131941) - Ljud &amp; Bild","og_description":"Att l\u00e4sa Erik Lindorms dikter \u00e4r som att komma ut p\u00e5 en stadsgata efter ett sommarregn, en gata med gr\u00f6na tr\u00e4d i l\u00e5nga raka all\u00e9er.","og_url":"https:\/\/litteraturbanken.se\/ljudochbild\/forfattare\/lindorme\/","og_site_name":"Ljud &amp; Bild","article_publisher":"https:\/\/www.facebook.com\/Litteraturbanken.se","article_modified_time":"2024-09-17T08:37:31+00:00","og_image":[{"width":436,"height":550,"url":"https:\/\/litteraturbanken.se\/ljudochbild\/wp-content\/uploads\/2022\/05\/LindormE_large.jpeg","type":"image\/jpeg"}],"twitter_card":"summary_large_image","twitter_site":"@litteraturbank","twitter_misc":{"Ber\u00e4knad l\u00e4stid":"2 minuter"},"schema":{"@context":"https:\/\/schema.org","@graph":[{"@type":"WebPage","@id":"https:\/\/litteraturbanken.se\/ljudochbild\/forfattare\/lindorme\/","url":"https:\/\/litteraturbanken.se\/ljudochbild\/forfattare\/lindorme\/","name":"Erik Lindorm (1889\u20131941) - Ljud &amp; Bild","isPartOf":{"@id":"https:\/\/litteraturbanken.se\/ljudochbild\/#website"},"primaryImageOfPage":{"@id":"https:\/\/litteraturbanken.se\/ljudochbild\/forfattare\/lindorme\/#primaryimage"},"image":{"@id":"https:\/\/litteraturbanken.se\/ljudochbild\/forfattare\/lindorme\/#primaryimage"},"thumbnailUrl":"https:\/\/litteraturbanken.se\/ljudochbild\/wp-content\/uploads\/2022\/05\/LindormE_large.jpeg","datePublished":"2022-06-27T06:26:57+00:00","dateModified":"2024-09-17T08:37:31+00:00","description":"Att l\u00e4sa Erik Lindorms dikter \u00e4r som att komma ut p\u00e5 en stadsgata efter ett sommarregn, en gata med gr\u00f6na tr\u00e4d i l\u00e5nga raka all\u00e9er.","breadcrumb":{"@id":"https:\/\/litteraturbanken.se\/ljudochbild\/forfattare\/lindorme\/#breadcrumb"},"inLanguage":"sv-SE","potentialAction":[{"@type":"ReadAction","target":["https:\/\/litteraturbanken.se\/ljudochbild\/forfattare\/lindorme\/"]}]},{"@type":"ImageObject","inLanguage":"sv-SE","@id":"https:\/\/litteraturbanken.se\/ljudochbild\/forfattare\/lindorme\/#primaryimage","url":"https:\/\/litteraturbanken.se\/ljudochbild\/wp-content\/uploads\/2022\/05\/LindormE_large.jpeg","contentUrl":"https:\/\/litteraturbanken.se\/ljudochbild\/wp-content\/uploads\/2022\/05\/LindormE_large.jpeg","width":436,"height":550,"caption":"Erik Lindorm"},{"@type":"BreadcrumbList","@id":"https:\/\/litteraturbanken.se\/ljudochbild\/forfattare\/lindorme\/#breadcrumb","itemListElement":[{"@type":"ListItem","position":1,"name":"Hem","item":"https:\/\/litteraturbanken.se\/ljudochbild\/"},{"@type":"ListItem","position":2,"name":"F\u00f6rfattare","item":"https:\/\/litteraturbanken.se\/ljudochbild\/forfattare\/"},{"@type":"ListItem","position":3,"name":"Erik Lindorm (1889\u20131941)"}]},{"@type":"WebSite","@id":"https:\/\/litteraturbanken.se\/ljudochbild\/#website","url":"https:\/\/litteraturbanken.se\/ljudochbild\/","name":"Ljud & Bild","description":"Ur Litteraturbankens samlingar","potentialAction":[{"@type":"SearchAction","target":{"@type":"EntryPoint","urlTemplate":"https:\/\/litteraturbanken.se\/ljudochbild\/?s={search_term_string}"},"query-input":{"@type":"PropertyValueSpecification","valueRequired":true,"valueName":"search_term_string"}}],"inLanguage":"sv-SE"}]}},"_links":{"self":[{"href":"https:\/\/litteraturbanken.se\/ljudochbild\/wp-json\/wp\/v2\/pages\/7129","targetHints":{"allow":["GET"]}}],"collection":[{"href":"https:\/\/litteraturbanken.se\/ljudochbild\/wp-json\/wp\/v2\/pages"}],"about":[{"href":"https:\/\/litteraturbanken.se\/ljudochbild\/wp-json\/wp\/v2\/types\/page"}],"author":[{"embeddable":true,"href":"https:\/\/litteraturbanken.se\/ljudochbild\/wp-json\/wp\/v2\/users\/5"}],"replies":[{"embeddable":true,"href":"https:\/\/litteraturbanken.se\/ljudochbild\/wp-json\/wp\/v2\/comments?post=7129"}],"version-history":[{"count":18,"href":"https:\/\/litteraturbanken.se\/ljudochbild\/wp-json\/wp\/v2\/pages\/7129\/revisions"}],"predecessor-version":[{"id":12182,"href":"https:\/\/litteraturbanken.se\/ljudochbild\/wp-json\/wp\/v2\/pages\/7129\/revisions\/12182"}],"up":[{"embeddable":true,"href":"https:\/\/litteraturbanken.se\/ljudochbild\/wp-json\/wp\/v2\/pages\/7"}],"wp:featuredmedia":[{"embeddable":true,"href":"https:\/\/litteraturbanken.se\/ljudochbild\/wp-json\/wp\/v2\/media\/7134"}],"wp:attachment":[{"href":"https:\/\/litteraturbanken.se\/ljudochbild\/wp-json\/wp\/v2\/media?parent=7129"}],"curies":[{"name":"wp","href":"https:\/\/api.w.org\/{rel}","templated":true}]}}