{"id":713,"date":"2019-08-13T16:29:04","date_gmt":"2019-08-13T14:29:04","guid":{"rendered":"http:\/\/ordfabriken.org\/ljud\/?page_id=713"},"modified":"2024-09-17T15:32:54","modified_gmt":"2024-09-17T13:32:54","slug":"tegnere","status":"publish","type":"page","link":"https:\/\/litteraturbanken.se\/ljudochbild\/forfattare\/tegnere\/","title":{"rendered":"Esaias Tegn\u00e9r (1782\u20131846)"},"content":{"rendered":"<div class=\"wp-block-image\">\n<figure class=\"alignright\"><img loading=\"lazy\" decoding=\"async\" width=\"212\" height=\"300\" src=\"https:\/\/litteraturbanken.se\/ljudochbild\/wp-content\/uploads\/2019\/08\/TegnerE_large-212x300.jpeg\" alt=\"\" class=\"wp-image-858\" srcset=\"https:\/\/litteraturbanken.se\/ljudochbild\/wp-content\/uploads\/2019\/08\/TegnerE_large-212x300.jpeg 212w, https:\/\/litteraturbanken.se\/ljudochbild\/wp-content\/uploads\/2019\/08\/TegnerE_large.jpeg 389w\" sizes=\"auto, (max-width: 212px) 100vw, 212px\" \/><\/figure>\n<\/div>\n\n\n<p>\u201dESAIAS TEGN\u00c9R (1782\u20131846), pr\u00e4stson, blev tidigt fadersl\u00f6s. F\u00f6r sl\u00e4kt och v\u00e4nner stod hans beg\u00e5vning klar fr\u00e5n b\u00f6rjan, och han fick f\u00f6rm\u00e5nen av spr\u00e5k- och litteraturstudier i privat regi. 1799 skrevs han in vid Lunds universitet d\u00e4r han gjorde en kometartad karri\u00e4r; en docentur i estetik uppn\u00e5ddes redan 1803. Men h\u00e5gen stod inte endast till vetenskapen. Parallellt med studierna hade Tegn\u00e9r redan tidigt \u00e4gnat sig \u00e5t diktning, och fr\u00e5n 1801 skickade han kontinuerligt in dikter till\u00a0<a href=\"https:\/\/litteraturbanken.se\/presentationer\/specialomraden\/SvenskaAkademien.html\">Svenska Akademiens<\/a>\u00a0prist\u00e4vlingar. N\u00e5gra hedersomn\u00e4mnanden bestods han med, men mer framg\u00e5ng r\u00f6nte dikterna i G\u00f6teborgs Vetenskaps och vitterhetssamh\u00e4lle d\u00e4r flera av poemen prisbel\u00f6nades. Tegn\u00e9rs utveckling var p\u00e5 flera s\u00e4tt typisk f\u00f6r samtiden. Efterhand kunde ett starkt tyskt inflytande sk\u00f6njas i hans skrivande: Kant, Schelling och Fichte var viktiga m\u00e4rkesnamn. I dikten \u2019Det eviga\u2019 (1810) l\u00e4t Tegn\u00e9r f\u00f6rena det filosofiskt inf\u00e4rgade materialet med det politiska. Och nu kom framg\u00e5ngarna i rask f\u00f6ljd.\u201d<\/p>\n\n\n\n<p>Stycket ovanf\u00f6r kommer ur Dick Cla\u00e9ssons introduktion av Esaias Tegn\u00e9r hos Litteraturbanken.<\/p>\n\n\n\n<div class=\"wp-block-buttons is-layout-flex wp-block-buttons-is-layout-flex\">\n<div class=\"wp-block-button has-custom-font-size read-more-button\" style=\"font-size:14px\"><a class=\"wp-block-button__link has-white-color has-text-color has-background wp-element-button\" href=\"https:\/\/litteraturbanken.se\/f%C3%B6rfattare\/Tegn%C3%A9rE\" style=\"border-radius:0px;background-color:#cd2400\" target=\"_blank\" rel=\"noopener\"><strong>L\u00c4S MER OM ESAIAS TEGN\u00c9R<\/strong><\/a><\/div>\n\n\n\n<div class=\"wp-block-button has-custom-font-size read-more-button\" style=\"font-size:14px\"><a class=\"wp-block-button__link has-white-color has-text-color has-background wp-element-button\" href=\"https:\/\/litteraturbanken.se\/f%C3%B6rfattare\/Tegn%C3%A9rE\/titlar\" style=\"border-radius:0px;background-color:#cd2400\" target=\"_blank\" rel=\"noopener\"><strong>L\u00c4S ESAIAS TEGN\u00c9RS VERK HOS LB.SE<\/strong><\/a><\/div>\n<\/div>\n\n\n\n<div style=\"height:20px\" aria-hidden=\"true\" class=\"wp-block-spacer\"><\/div>\n\n\n\n<div class=\"wp-playlist wp-audio-playlist wp-playlist-light\">\n\t\t\t<div class=\"wp-playlist-current-item\"><\/div>\n\t\t<audio controls=\"controls\" preload=\"none\" width=\"618\"\n\t\t\t><\/audio>\n\t<div class=\"wp-playlist-next\"><\/div>\n\t<div class=\"wp-playlist-prev\"><\/div>\n\t<noscript>\n\t<ol>\n\t\t<li><a href='https:\/\/litteraturbanken.se\/ljudochbild\/wp-content\/uploads\/2023\/11\/tegner_deteviga_alw.mp3'>Det eviga<\/a><\/li><li><a href='https:\/\/litteraturbanken.se\/ljudochbild\/wp-content\/uploads\/2019\/09\/tegner_deteviga_engdahl.mp3'>Det eviga<\/a><\/li><li><a href='https:\/\/litteraturbanken.se\/ljudochbild\/wp-content\/uploads\/2024\/09\/tegner_halkan_kyle.mp3'>Halkan<\/a><\/li><li><a href='https:\/\/litteraturbanken.se\/ljudochbild\/wp-content\/uploads\/2024\/09\/tegner_mjaltsjukan_gothe.mp3'>Mj\u00e4ltsjukan<\/a><\/li><li><a href='https:\/\/litteraturbanken.se\/ljudochbild\/wp-content\/uploads\/2019\/09\/tegner_mjaltsjukan_engdahl.mp3'>Mja\u0308ltsjukan<\/a><\/li><li><a href='https:\/\/litteraturbanken.se\/ljudochbild\/wp-content\/uploads\/2020\/08\/tegner_brev_1_tillkristofertegner12mars1832_claesson.mp3'>Brev til Cristopher Tegn\u00e9r 12 mars 1832<\/a><\/li><li><a href='https:\/\/litteraturbanken.se\/ljudochbild\/wp-content\/uploads\/2020\/08\/tegner_brev_2_tiltersmeden23april1836_claesson.mp3'>Brev till Hedvig Amalia Tersmeden 23 april 1836<\/a><\/li><li><a href='https:\/\/litteraturbanken.se\/ljudochbild\/wp-content\/uploads\/2020\/08\/tegner_brev_3_tillakerhielm10feb1837_claesson.mp3'>Brev till G. F. \u00c5kerhielm 10 februari 1837<\/a><\/li>\t<\/ol>\n\t<\/noscript>\n\t<script type=\"application\/json\" class=\"wp-playlist-script\">{\"type\":\"audio\",\"tracklist\":true,\"tracknumbers\":true,\"images\":true,\"artists\":true,\"tracks\":[{\"src\":\"https:\/\/litteraturbanken.se\/ljudochbild\/wp-content\/uploads\/2023\/11\/tegner_deteviga_alw.mp3\",\"type\":\"audio\/mpeg\",\"title\":\"Det eviga\",\"caption\":\"\",\"description\":\"\\u201dDet eviga\\u201d fr\\u00e5n Esaias Tegn\\u00e9r av Gabriel Alw l\\u00e4ser Esaias Tegn\\u00e9r.\",\"meta\":{\"artist\":\"Gabriel Alw l\\u00e4ser Esaias Tegn\\u00e9r\",\"album\":\"Esaias Tegn\\u00e9r\",\"length_formatted\":\"2:49\"},\"image\":{\"src\":\"https:\/\/litteraturbanken.se\/ljudochbild\/wp-content\/uploads\/2019\/09\/wide_gub_wide-mp3-image.png\",\"width\":580,\"height\":612},\"thumb\":{\"src\":\"https:\/\/litteraturbanken.se\/ljudochbild\/wp-content\/uploads\/2019\/09\/wide_gub_wide-mp3-image-150x150.png\",\"width\":150,\"height\":150}},{\"src\":\"https:\/\/litteraturbanken.se\/ljudochbild\/wp-content\/uploads\/2019\/09\/tegner_deteviga_engdahl.mp3\",\"type\":\"audio\/mpeg\",\"title\":\"Det eviga\",\"caption\":\"\",\"description\":\"\\\"Det eviga\\\" fr\\u00e5n Det eviga av Tegn\\u00e9r, Esaias.\",\"meta\":{\"artist\":\"Horace Engdahl l\\u00e4ser Esaias Tegn\\u00e9r\",\"album\":\"Esaias Tegn\\u00e9r\",\"length_formatted\":\"2:07\"},\"image\":{\"src\":\"https:\/\/litteraturbanken.se\/ljudochbild\/wp-content\/plugins\/media-library-assistant\/images\/crystal\/audio.png\",\"width\":48,\"height\":64},\"thumb\":{\"src\":\"https:\/\/litteraturbanken.se\/ljudochbild\/wp-content\/plugins\/media-library-assistant\/images\/crystal\/audio.png\",\"width\":48,\"height\":64}},{\"src\":\"https:\/\/litteraturbanken.se\/ljudochbild\/wp-content\/uploads\/2024\/09\/tegner_halkan_kyle.mp3\",\"type\":\"audio\/mpeg\",\"title\":\"Halkan\",\"caption\":\"\",\"description\":\"\\u201dHalkan\\u201d fr\\u00e5n Esaias Tegn\\u00e9r l\\u00e4st av Sissela Kyle av Dikt 1593\\u20131939. Svensk och finlandssvensk lyrik i uppl\\u00e4sning av svenska och finlandssvenska sk\\u00e5despelare.\",\"meta\":{\"artist\":\"Sissela Kyle l\\u00e4ser Esaias Tegn\\u00e9r. Dikt 1593\\u20131939\",\"album\":\"Esaias Tegn\\u00e9r\",\"length_formatted\":\"2:58\"},\"image\":{\"src\":\"https:\/\/litteraturbanken.se\/ljudochbild\/wp-content\/uploads\/2024\/09\/almqvist_denlyssnandemaria_lindh-mp3-image.jpg\",\"width\":1200,\"height\":1201},\"thumb\":{\"src\":\"https:\/\/litteraturbanken.se\/ljudochbild\/wp-content\/uploads\/2024\/09\/almqvist_denlyssnandemaria_lindh-mp3-image-150x150.jpg\",\"width\":150,\"height\":150}},{\"src\":\"https:\/\/litteraturbanken.se\/ljudochbild\/wp-content\/uploads\/2024\/09\/tegner_mjaltsjukan_gothe.mp3\",\"type\":\"audio\/mpeg\",\"title\":\"Mj\\u00e4ltsjukan\",\"caption\":\"\",\"description\":\"\\u201dMj\\u00e4ltsjukan\\u201d fr\\u00e5n Esaias Tegn\\u00e9r l\\u00e4st av Staffan G\\u00f6the av Dikt 1593\\u20131939. Svensk och finlandssvensk lyrik i uppl\\u00e4sning av svenska och finlandssvenska sk\\u00e5despelare.\",\"meta\":{\"artist\":\"Staffan G\\u00f6the l\\u00e4ser Esaias Tegn\\u00e9r. Dikt 1593\\u20131939\",\"album\":\"Esaias Tegn\\u00e9r\",\"length_formatted\":\"4:52\"},\"image\":{\"src\":\"https:\/\/litteraturbanken.se\/ljudochbild\/wp-content\/uploads\/2024\/09\/almqvist_denlyssnandemaria_lindh-mp3-image.jpg\",\"width\":1200,\"height\":1201},\"thumb\":{\"src\":\"https:\/\/litteraturbanken.se\/ljudochbild\/wp-content\/uploads\/2024\/09\/almqvist_denlyssnandemaria_lindh-mp3-image-150x150.jpg\",\"width\":150,\"height\":150}},{\"src\":\"https:\/\/litteraturbanken.se\/ljudochbild\/wp-content\/uploads\/2019\/09\/tegner_mjaltsjukan_engdahl.mp3\",\"type\":\"audio\/mpeg\",\"title\":\"Mja\\u0308ltsjukan\",\"caption\":\"\",\"description\":\"\\\"Mja\\u0308ltsjukan\\\" fr\\u00e5n Mja\\u0308ltsjukan av Tegn\\u00e9r, Esaias.\",\"meta\":{\"artist\":\"Horace Engdahl l\\u00e4ser Esaias Tegn\\u00e9r\",\"album\":\"Esaias Tegn\\u00e9r\",\"length_formatted\":\"3:35\"},\"image\":{\"src\":\"https:\/\/litteraturbanken.se\/ljudochbild\/wp-content\/plugins\/media-library-assistant\/images\/crystal\/audio.png\",\"width\":48,\"height\":64},\"thumb\":{\"src\":\"https:\/\/litteraturbanken.se\/ljudochbild\/wp-content\/plugins\/media-library-assistant\/images\/crystal\/audio.png\",\"width\":48,\"height\":64}},{\"src\":\"https:\/\/litteraturbanken.se\/ljudochbild\/wp-content\/uploads\/2020\/08\/tegner_brev_1_tillkristofertegner12mars1832_claesson.mp3\",\"type\":\"audio\/mpeg\",\"title\":\"Brev til Cristopher Tegn\\u00e9r 12 mars 1832\",\"caption\":\"\",\"description\":\"\\\"Brev til Cristopher Tegn\\u00e9r 12 mars 1832\\\" fr\\u00e5n ETT HJ\\u00c4RTA I RYMDEN. Brev och dagb\\u00f6cker ur Litteraturbankens samlingar av Tegn\\u00e9r, Esaias. Sl\\u00e4ppt: 2020. Sp\\u00e5r 24.\",\"meta\":{\"artist\":\"\\u201dEtt hj\\u00e4rta i rymden\\u201d. Brev och dagb\\u00f6cker ur Litteraturbankens samlingar\",\"album\":\"Esaias Tegn\\u00e9r l\\u00e4st av Dick Cla\\u00e9sson\",\"year\":\"2020\",\"length_formatted\":\"1:38\"},\"image\":{\"src\":\"https:\/\/litteraturbanken.se\/ljudochbild\/wp-content\/uploads\/2019\/09\/wide_gub_wide-mp3-image.png\",\"width\":580,\"height\":612},\"thumb\":{\"src\":\"https:\/\/litteraturbanken.se\/ljudochbild\/wp-content\/uploads\/2019\/09\/wide_gub_wide-mp3-image-150x150.png\",\"width\":150,\"height\":150}},{\"src\":\"https:\/\/litteraturbanken.se\/ljudochbild\/wp-content\/uploads\/2020\/08\/tegner_brev_2_tiltersmeden23april1836_claesson.mp3\",\"type\":\"audio\/mpeg\",\"title\":\"Brev till Hedvig Amalia Tersmeden 23 april 1836\",\"caption\":\"\",\"description\":\"\\\"Brev till Hedvig Amalia Tersmeden 23 april 1836\\\" fr\\u00e5n ETT HJ\\u00c4RTA I RYMDEN. Brev och dagb\\u00f6cker ur Litteraturbankens samlingar av Tegn\\u00e9r, Esaias. Sl\\u00e4ppt: 2020. Sp\\u00e5r 25.\",\"meta\":{\"artist\":\"\\u201dEtt hj\\u00e4rta i rymden\\u201d. Brev och dagb\\u00f6cker ur Litteraturbankens samlingar\",\"album\":\"Esaias Tegn\\u00e9r l\\u00e4st av Dick Cla\\u00e9sson\",\"year\":\"2020\",\"length_formatted\":\"1:08\"},\"image\":{\"src\":\"https:\/\/litteraturbanken.se\/ljudochbild\/wp-content\/uploads\/2019\/09\/wide_gub_wide-mp3-image.png\",\"width\":580,\"height\":612},\"thumb\":{\"src\":\"https:\/\/litteraturbanken.se\/ljudochbild\/wp-content\/uploads\/2019\/09\/wide_gub_wide-mp3-image-150x150.png\",\"width\":150,\"height\":150}},{\"src\":\"https:\/\/litteraturbanken.se\/ljudochbild\/wp-content\/uploads\/2020\/08\/tegner_brev_3_tillakerhielm10feb1837_claesson.mp3\",\"type\":\"audio\/mpeg\",\"title\":\"Brev till G. F. \\u00c5kerhielm 10 februari 1837\",\"caption\":\"\",\"description\":\"\\\"Brev till G. F. \\u00c5kerhielm 10 februari 1837\\\" fr\\u00e5n ETT HJ\\u00c4RTA I RYMDEN. Brev och dagb\\u00f6cker ur Litteraturbankens samlingar av Tegn\\u00e9r, Esaias. Sl\\u00e4ppt: 2020. Sp\\u00e5r 26.\",\"meta\":{\"artist\":\"\\u201dEtt hj\\u00e4rta i rymden\\u201d. Brev och dagb\\u00f6cker ur Litteraturbankens samlingar\",\"album\":\"Esaias Tegn\\u00e9r l\\u00e4st av Dick Cla\\u00e9sson\",\"year\":\"2020\",\"length_formatted\":\"2:29\"},\"image\":{\"src\":\"https:\/\/litteraturbanken.se\/ljudochbild\/wp-content\/uploads\/2019\/09\/wide_gub_wide-mp3-image.png\",\"width\":580,\"height\":612},\"thumb\":{\"src\":\"https:\/\/litteraturbanken.se\/ljudochbild\/wp-content\/uploads\/2019\/09\/wide_gub_wide-mp3-image-150x150.png\",\"width\":150,\"height\":150}}]}<\/script>\n<\/div>\n\t\n\n\n\n<hr class=\"wp-block-separator has-alpha-channel-opacity\"\/>\n\n\n\n<p><em>Inspelningarna tillg\u00e4ngligg\u00f6rs h\u00e4r med tillst\u00e5nd fr\u00e5n inl\u00e4sarna. \u2013 Portr\u00e4ttet ovanf\u00f6r \u00e4r ett litografi av Leonard Roos af Hjelms\u00e4ter.<\/em><\/p>\n\n\n<h3 class=\"wp-block-heading author-related-title\">L\u00e4s mer<\/h3>\r\n<div class=\"display-posts-listing grid\"><div class=\"listing-item\"><a class=\"image\" href=\"https:\/\/litteraturbanken.se\/ljudochbild\/2023\/09\/18\/las-in-en-klassiker\/\"><img loading=\"lazy\" decoding=\"async\" width=\"640\" height=\"960\" src=\"https:\/\/litteraturbanken.se\/ljudochbild\/wp-content\/uploads\/2023\/09\/bokmassan_inlasningar-683x1024.jpg\" class=\"attachment-large size-large wp-post-image\" alt=\"L\u00e4s in en klassiker. B\u00f6cker med mikrofon\" srcset=\"https:\/\/litteraturbanken.se\/ljudochbild\/wp-content\/uploads\/2023\/09\/bokmassan_inlasningar-683x1024.jpg 683w, https:\/\/litteraturbanken.se\/ljudochbild\/wp-content\/uploads\/2023\/09\/bokmassan_inlasningar-200x300.jpg 200w, https:\/\/litteraturbanken.se\/ljudochbild\/wp-content\/uploads\/2023\/09\/bokmassan_inlasningar-768x1152.jpg 768w, https:\/\/litteraturbanken.se\/ljudochbild\/wp-content\/uploads\/2023\/09\/bokmassan_inlasningar-1024x1536.jpg 1024w, https:\/\/litteraturbanken.se\/ljudochbild\/wp-content\/uploads\/2023\/09\/bokmassan_inlasningar-480x720.jpg 480w, https:\/\/litteraturbanken.se\/ljudochbild\/wp-content\/uploads\/2023\/09\/bokmassan_inlasningar.jpg 1200w\" sizes=\"auto, (max-width: 640px) 100vw, 640px\" \/><\/a> <a class=\"title\" href=\"https:\/\/litteraturbanken.se\/ljudochbild\/2023\/09\/18\/las-in-en-klassiker\/\">L\u00e4s in en klassiker<\/a><\/div><div class=\"listing-item\"><a class=\"image\" href=\"https:\/\/litteraturbanken.se\/ljudochbild\/2020\/08\/21\/ett-hjarta-i-rymden\/\"><img loading=\"lazy\" decoding=\"async\" width=\"640\" height=\"510\" src=\"https:\/\/litteraturbanken.se\/ljudochbild\/wp-content\/uploads\/2020\/08\/start_bkg_aug2020-1024x816.jpg\" class=\"attachment-large size-large wp-post-image\" alt=\"\" srcset=\"https:\/\/litteraturbanken.se\/ljudochbild\/wp-content\/uploads\/2020\/08\/start_bkg_aug2020-1024x816.jpg 1024w, https:\/\/litteraturbanken.se\/ljudochbild\/wp-content\/uploads\/2020\/08\/start_bkg_aug2020-300x239.jpg 300w, https:\/\/litteraturbanken.se\/ljudochbild\/wp-content\/uploads\/2020\/08\/start_bkg_aug2020-768x612.jpg 768w, https:\/\/litteraturbanken.se\/ljudochbild\/wp-content\/uploads\/2020\/08\/start_bkg_aug2020-1536x1223.jpg 1536w, https:\/\/litteraturbanken.se\/ljudochbild\/wp-content\/uploads\/2020\/08\/start_bkg_aug2020-480x382.jpg 480w, https:\/\/litteraturbanken.se\/ljudochbild\/wp-content\/uploads\/2020\/08\/start_bkg_aug2020.jpg 2000w\" sizes=\"auto, (max-width: 640px) 100vw, 640px\" \/><\/a> <a class=\"title\" href=\"https:\/\/litteraturbanken.se\/ljudochbild\/2020\/08\/21\/ett-hjarta-i-rymden\/\">Ett hj\u00e4rta i rymden<\/a><\/div><div class=\"listing-item\"><a class=\"image\" href=\"https:\/\/litteraturbanken.se\/ljudochbild\/2024\/05\/17\/deklamatoren-gabriel-alw\/\"><img loading=\"lazy\" decoding=\"async\" width=\"640\" height=\"851\" src=\"https:\/\/litteraturbanken.se\/ljudochbild\/wp-content\/uploads\/2024\/05\/alw_postimage-770x1024.jpg\" class=\"attachment-large size-large wp-post-image\" alt=\"\" srcset=\"https:\/\/litteraturbanken.se\/ljudochbild\/wp-content\/uploads\/2024\/05\/alw_postimage-770x1024.jpg 770w, https:\/\/litteraturbanken.se\/ljudochbild\/wp-content\/uploads\/2024\/05\/alw_postimage-226x300.jpg 226w, https:\/\/litteraturbanken.se\/ljudochbild\/wp-content\/uploads\/2024\/05\/alw_postimage-768x1021.jpg 768w, https:\/\/litteraturbanken.se\/ljudochbild\/wp-content\/uploads\/2024\/05\/alw_postimage-1155x1536.jpg 1155w, https:\/\/litteraturbanken.se\/ljudochbild\/wp-content\/uploads\/2024\/05\/alw_postimage-480x638.jpg 480w, https:\/\/litteraturbanken.se\/ljudochbild\/wp-content\/uploads\/2024\/05\/alw_postimage.jpg 1200w\" sizes=\"auto, (max-width: 640px) 100vw, 640px\" \/><\/a> <a class=\"title\" href=\"https:\/\/litteraturbanken.se\/ljudochbild\/2024\/05\/17\/deklamatoren-gabriel-alw\/\">Deklamat\u00f6ren Gabriel Alw<\/a><\/div><\/div>\r\n\r\n\n","protected":false},"excerpt":{"rendered":"<p>\u201dESAIAS TEGN\u00c9R (1782\u20131846), pr\u00e4stson, blev tidigt fadersl\u00f6s. F\u00f6r sl\u00e4kt och v\u00e4nner stod hans beg\u00e5vning klar fr\u00e5n b\u00f6rjan, och han fick f\u00f6rm\u00e5nen av spr\u00e5k- och litteraturstudier i privat regi. 1799 skrevs han in vid Lunds universitet d\u00e4r han gjorde [&hellip;]<\/p>\n","protected":false},"author":1,"featured_media":858,"parent":7,"menu_order":0,"comment_status":"closed","ping_status":"closed","template":"","meta":{"footnotes":""},"class_list":["post-713","page","type-page","status-publish","has-post-thumbnail","hentry"],"yoast_head":"<!-- This site is optimized with the Yoast SEO plugin v27.1.1 - https:\/\/yoast.com\/product\/yoast-seo-wordpress\/ -->\n<title>Esaias Tegn\u00e9r (1782\u20131846) - Ljud &amp; Bild<\/title>\n<meta name=\"robots\" content=\"index, follow, max-snippet:-1, max-image-preview:large, max-video-preview:-1\" \/>\n<link rel=\"canonical\" href=\"https:\/\/litteraturbanken.se\/ljudochbild\/forfattare\/tegnere\/\" \/>\n<meta property=\"og:locale\" content=\"sv_SE\" \/>\n<meta property=\"og:type\" content=\"article\" \/>\n<meta property=\"og:title\" content=\"Esaias Tegn\u00e9r (1782\u20131846) - Ljud &amp; Bild\" \/>\n<meta property=\"og:description\" content=\"\u201dESAIAS TEGN\u00c9R (1782\u20131846), pr\u00e4stson, blev tidigt fadersl\u00f6s. F\u00f6r sl\u00e4kt och v\u00e4nner stod hans beg\u00e5vning klar fr\u00e5n b\u00f6rjan, och han fick f\u00f6rm\u00e5nen av spr\u00e5k- och litteraturstudier i privat regi. 1799 skrevs han in vid Lunds universitet d\u00e4r han gjorde [&hellip;]\" \/>\n<meta property=\"og:url\" content=\"https:\/\/litteraturbanken.se\/ljudochbild\/forfattare\/tegnere\/\" \/>\n<meta property=\"og:site_name\" content=\"Ljud &amp; Bild\" \/>\n<meta property=\"article:publisher\" content=\"https:\/\/www.facebook.com\/Litteraturbanken.se\" \/>\n<meta property=\"article:modified_time\" content=\"2024-09-17T13:32:54+00:00\" \/>\n<meta property=\"og:image\" content=\"https:\/\/litteraturbanken.se\/ljudochbild\/wp-content\/uploads\/2019\/08\/TegnerE_large.jpeg\" \/>\n\t<meta property=\"og:image:width\" content=\"389\" \/>\n\t<meta property=\"og:image:height\" content=\"550\" \/>\n\t<meta property=\"og:image:type\" content=\"image\/jpeg\" \/>\n<meta name=\"twitter:card\" content=\"summary_large_image\" \/>\n<meta name=\"twitter:site\" content=\"@litteraturbank\" \/>\n<meta name=\"twitter:label1\" content=\"Ber\u00e4knad l\u00e4stid\" \/>\n\t<meta name=\"twitter:data1\" content=\"2 minuter\" \/>\n<script type=\"application\/ld+json\" class=\"yoast-schema-graph\">{\"@context\":\"https:\/\/schema.org\",\"@graph\":[{\"@type\":\"WebPage\",\"@id\":\"https:\/\/litteraturbanken.se\/ljudochbild\/forfattare\/tegnere\/\",\"url\":\"https:\/\/litteraturbanken.se\/ljudochbild\/forfattare\/tegnere\/\",\"name\":\"Esaias Tegn\u00e9r (1782\u20131846) - Ljud &amp; Bild\",\"isPartOf\":{\"@id\":\"https:\/\/litteraturbanken.se\/ljudochbild\/#website\"},\"primaryImageOfPage\":{\"@id\":\"https:\/\/litteraturbanken.se\/ljudochbild\/forfattare\/tegnere\/#primaryimage\"},\"image\":{\"@id\":\"https:\/\/litteraturbanken.se\/ljudochbild\/forfattare\/tegnere\/#primaryimage\"},\"thumbnailUrl\":\"https:\/\/litteraturbanken.se\/ljudochbild\/wp-content\/uploads\/2019\/08\/TegnerE_large.jpeg\",\"datePublished\":\"2019-08-13T14:29:04+00:00\",\"dateModified\":\"2024-09-17T13:32:54+00:00\",\"breadcrumb\":{\"@id\":\"https:\/\/litteraturbanken.se\/ljudochbild\/forfattare\/tegnere\/#breadcrumb\"},\"inLanguage\":\"sv-SE\",\"potentialAction\":[{\"@type\":\"ReadAction\",\"target\":[\"https:\/\/litteraturbanken.se\/ljudochbild\/forfattare\/tegnere\/\"]}]},{\"@type\":\"ImageObject\",\"inLanguage\":\"sv-SE\",\"@id\":\"https:\/\/litteraturbanken.se\/ljudochbild\/forfattare\/tegnere\/#primaryimage\",\"url\":\"https:\/\/litteraturbanken.se\/ljudochbild\/wp-content\/uploads\/2019\/08\/TegnerE_large.jpeg\",\"contentUrl\":\"https:\/\/litteraturbanken.se\/ljudochbild\/wp-content\/uploads\/2019\/08\/TegnerE_large.jpeg\",\"width\":389,\"height\":550},{\"@type\":\"BreadcrumbList\",\"@id\":\"https:\/\/litteraturbanken.se\/ljudochbild\/forfattare\/tegnere\/#breadcrumb\",\"itemListElement\":[{\"@type\":\"ListItem\",\"position\":1,\"name\":\"Hem\",\"item\":\"https:\/\/litteraturbanken.se\/ljudochbild\/\"},{\"@type\":\"ListItem\",\"position\":2,\"name\":\"F\u00f6rfattare\",\"item\":\"https:\/\/litteraturbanken.se\/ljudochbild\/forfattare\/\"},{\"@type\":\"ListItem\",\"position\":3,\"name\":\"Esaias Tegn\u00e9r (1782\u20131846)\"}]},{\"@type\":\"WebSite\",\"@id\":\"https:\/\/litteraturbanken.se\/ljudochbild\/#website\",\"url\":\"https:\/\/litteraturbanken.se\/ljudochbild\/\",\"name\":\"Ljud & Bild\",\"description\":\"Ur Litteraturbankens samlingar\",\"potentialAction\":[{\"@type\":\"SearchAction\",\"target\":{\"@type\":\"EntryPoint\",\"urlTemplate\":\"https:\/\/litteraturbanken.se\/ljudochbild\/?s={search_term_string}\"},\"query-input\":{\"@type\":\"PropertyValueSpecification\",\"valueRequired\":true,\"valueName\":\"search_term_string\"}}],\"inLanguage\":\"sv-SE\"}]}<\/script>\n<!-- \/ Yoast SEO plugin. -->","yoast_head_json":{"title":"Esaias Tegn\u00e9r (1782\u20131846) - Ljud &amp; Bild","robots":{"index":"index","follow":"follow","max-snippet":"max-snippet:-1","max-image-preview":"max-image-preview:large","max-video-preview":"max-video-preview:-1"},"canonical":"https:\/\/litteraturbanken.se\/ljudochbild\/forfattare\/tegnere\/","og_locale":"sv_SE","og_type":"article","og_title":"Esaias Tegn\u00e9r (1782\u20131846) - Ljud &amp; Bild","og_description":"\u201dESAIAS TEGN\u00c9R (1782\u20131846), pr\u00e4stson, blev tidigt fadersl\u00f6s. F\u00f6r sl\u00e4kt och v\u00e4nner stod hans beg\u00e5vning klar fr\u00e5n b\u00f6rjan, och han fick f\u00f6rm\u00e5nen av spr\u00e5k- och litteraturstudier i privat regi. 1799 skrevs han in vid Lunds universitet d\u00e4r han gjorde [&hellip;]","og_url":"https:\/\/litteraturbanken.se\/ljudochbild\/forfattare\/tegnere\/","og_site_name":"Ljud &amp; Bild","article_publisher":"https:\/\/www.facebook.com\/Litteraturbanken.se","article_modified_time":"2024-09-17T13:32:54+00:00","og_image":[{"width":389,"height":550,"url":"https:\/\/litteraturbanken.se\/ljudochbild\/wp-content\/uploads\/2019\/08\/TegnerE_large.jpeg","type":"image\/jpeg"}],"twitter_card":"summary_large_image","twitter_site":"@litteraturbank","twitter_misc":{"Ber\u00e4knad l\u00e4stid":"2 minuter"},"schema":{"@context":"https:\/\/schema.org","@graph":[{"@type":"WebPage","@id":"https:\/\/litteraturbanken.se\/ljudochbild\/forfattare\/tegnere\/","url":"https:\/\/litteraturbanken.se\/ljudochbild\/forfattare\/tegnere\/","name":"Esaias Tegn\u00e9r (1782\u20131846) - Ljud &amp; Bild","isPartOf":{"@id":"https:\/\/litteraturbanken.se\/ljudochbild\/#website"},"primaryImageOfPage":{"@id":"https:\/\/litteraturbanken.se\/ljudochbild\/forfattare\/tegnere\/#primaryimage"},"image":{"@id":"https:\/\/litteraturbanken.se\/ljudochbild\/forfattare\/tegnere\/#primaryimage"},"thumbnailUrl":"https:\/\/litteraturbanken.se\/ljudochbild\/wp-content\/uploads\/2019\/08\/TegnerE_large.jpeg","datePublished":"2019-08-13T14:29:04+00:00","dateModified":"2024-09-17T13:32:54+00:00","breadcrumb":{"@id":"https:\/\/litteraturbanken.se\/ljudochbild\/forfattare\/tegnere\/#breadcrumb"},"inLanguage":"sv-SE","potentialAction":[{"@type":"ReadAction","target":["https:\/\/litteraturbanken.se\/ljudochbild\/forfattare\/tegnere\/"]}]},{"@type":"ImageObject","inLanguage":"sv-SE","@id":"https:\/\/litteraturbanken.se\/ljudochbild\/forfattare\/tegnere\/#primaryimage","url":"https:\/\/litteraturbanken.se\/ljudochbild\/wp-content\/uploads\/2019\/08\/TegnerE_large.jpeg","contentUrl":"https:\/\/litteraturbanken.se\/ljudochbild\/wp-content\/uploads\/2019\/08\/TegnerE_large.jpeg","width":389,"height":550},{"@type":"BreadcrumbList","@id":"https:\/\/litteraturbanken.se\/ljudochbild\/forfattare\/tegnere\/#breadcrumb","itemListElement":[{"@type":"ListItem","position":1,"name":"Hem","item":"https:\/\/litteraturbanken.se\/ljudochbild\/"},{"@type":"ListItem","position":2,"name":"F\u00f6rfattare","item":"https:\/\/litteraturbanken.se\/ljudochbild\/forfattare\/"},{"@type":"ListItem","position":3,"name":"Esaias Tegn\u00e9r (1782\u20131846)"}]},{"@type":"WebSite","@id":"https:\/\/litteraturbanken.se\/ljudochbild\/#website","url":"https:\/\/litteraturbanken.se\/ljudochbild\/","name":"Ljud & Bild","description":"Ur Litteraturbankens samlingar","potentialAction":[{"@type":"SearchAction","target":{"@type":"EntryPoint","urlTemplate":"https:\/\/litteraturbanken.se\/ljudochbild\/?s={search_term_string}"},"query-input":{"@type":"PropertyValueSpecification","valueRequired":true,"valueName":"search_term_string"}}],"inLanguage":"sv-SE"}]}},"_links":{"self":[{"href":"https:\/\/litteraturbanken.se\/ljudochbild\/wp-json\/wp\/v2\/pages\/713","targetHints":{"allow":["GET"]}}],"collection":[{"href":"https:\/\/litteraturbanken.se\/ljudochbild\/wp-json\/wp\/v2\/pages"}],"about":[{"href":"https:\/\/litteraturbanken.se\/ljudochbild\/wp-json\/wp\/v2\/types\/page"}],"author":[{"embeddable":true,"href":"https:\/\/litteraturbanken.se\/ljudochbild\/wp-json\/wp\/v2\/users\/1"}],"replies":[{"embeddable":true,"href":"https:\/\/litteraturbanken.se\/ljudochbild\/wp-json\/wp\/v2\/comments?post=713"}],"version-history":[{"count":9,"href":"https:\/\/litteraturbanken.se\/ljudochbild\/wp-json\/wp\/v2\/pages\/713\/revisions"}],"predecessor-version":[{"id":12274,"href":"https:\/\/litteraturbanken.se\/ljudochbild\/wp-json\/wp\/v2\/pages\/713\/revisions\/12274"}],"up":[{"embeddable":true,"href":"https:\/\/litteraturbanken.se\/ljudochbild\/wp-json\/wp\/v2\/pages\/7"}],"wp:featuredmedia":[{"embeddable":true,"href":"https:\/\/litteraturbanken.se\/ljudochbild\/wp-json\/wp\/v2\/media\/858"}],"wp:attachment":[{"href":"https:\/\/litteraturbanken.se\/ljudochbild\/wp-json\/wp\/v2\/media?parent=713"}],"curies":[{"name":"wp","href":"https:\/\/api.w.org\/{rel}","templated":true}]}}