{"id":7142,"date":"2022-07-05T10:20:04","date_gmt":"2022-07-05T08:20:04","guid":{"rendered":"https:\/\/litteraturbanken.se\/ljudochbild\/?page_id=7142"},"modified":"2024-09-17T09:09:22","modified_gmt":"2024-09-17T07:09:22","slug":"hedbergt","status":"publish","type":"page","link":"https:\/\/litteraturbanken.se\/ljudochbild\/forfattare\/hedbergt\/","title":{"rendered":"Tor Hedberg\u00a0(1862\u20131931)"},"content":{"rendered":"<div class=\"wp-block-image is-style-default\">\n<figure class=\"alignright size-large is-resized\"><img loading=\"lazy\" decoding=\"async\" width=\"733\" height=\"1024\" src=\"https:\/\/litteraturbanken.se\/ljudochbild\/wp-content\/uploads\/2022\/07\/tor_hedberg-733x1024.jpg\" alt=\"Tor Hedberg\" class=\"wp-image-7432\" style=\"width:189px;height:263px\" srcset=\"https:\/\/litteraturbanken.se\/ljudochbild\/wp-content\/uploads\/2022\/07\/tor_hedberg-733x1024.jpg 733w, https:\/\/litteraturbanken.se\/ljudochbild\/wp-content\/uploads\/2022\/07\/tor_hedberg-215x300.jpg 215w, https:\/\/litteraturbanken.se\/ljudochbild\/wp-content\/uploads\/2022\/07\/tor_hedberg-768x1073.jpg 768w, https:\/\/litteraturbanken.se\/ljudochbild\/wp-content\/uploads\/2022\/07\/tor_hedberg-1099x1536.jpg 1099w, https:\/\/litteraturbanken.se\/ljudochbild\/wp-content\/uploads\/2022\/07\/tor_hedberg-480x671.jpg 480w, https:\/\/litteraturbanken.se\/ljudochbild\/wp-content\/uploads\/2022\/07\/tor_hedberg.jpg 1200w\" sizes=\"auto, (max-width: 733px) 100vw, 733px\" \/><\/figure>\n<\/div>\n\n\n<p>\u201dTOR HEDBERG (1862\u20131931) stod, i inledningen av sitt f\u00f6rfattarskap, i skiljev\u00e4gen mellan \u00e5ttiotalets naturalism, d\u00e4r Zola var en f\u00f6rebild, och nittiotalets rop p\u00e5 ljus och sk\u00f6nhet i dikten. Hans f\u00f6rsta romaner, skrivna under 1880-talet, var psykologiska karakt\u00e4rsstudier. Detsamma kunde ocks\u00e5 till dels s\u00e4gas om romanen\u00a0<a href=\"https:\/\/litteraturbanken.se\/forfattare\/HedbergT\/titlar\/Judas\/sida\/I\/pdf\" target=\"_blank\" rel=\"noreferrer noopener\"><em>Judas<\/em><\/a>\u00a0(1886), men med denna studie av den olycklige l\u00e4rjungens ensamhet, k\u00e4rlek och svek l\u00e4mnar Hedberg \u00e5ttiotalets realism och skriver in sig i en ny tidsstr\u00f6mning.\u201d<\/p>\n\n\n\n<p>Stycket ovanf\u00f6r kommer ur Lotta Lotass introduktion av Tor Hedberg hos Litteraturbanken.<\/p>\n\n\n\n<div class=\"wp-block-buttons is-layout-flex wp-block-buttons-is-layout-flex\">\n<div class=\"wp-block-button has-custom-font-size read-more-button\" style=\"font-size:14px\"><a class=\"wp-block-button__link has-white-color has-text-color has-background wp-element-button\" href=\"https:\/\/litteraturbanken.se\/f%C3%B6rfattare\/HedbergT\" style=\"border-radius:0px;background-color:#cd2400\" target=\"_blank\" rel=\"noopener\"><strong>L\u00c4S MER OM TOR HEDBERG<\/strong><\/a><\/div>\n\n\n\n<div class=\"wp-block-button has-custom-font-size read-more-button\" style=\"font-size:14px\"><a class=\"wp-block-button__link has-white-color has-text-color has-background wp-element-button\" href=\"https:\/\/litteraturbanken.se\/f%C3%B6rfattare\/HedbergT\/titlar\" style=\"border-radius:0px;background-color:#cd2400\" target=\"_blank\" rel=\"noopener\"><strong>L\u00c4S TOR HEDBERGS VERK HOS LB.SE<\/strong><\/a><\/div>\n<\/div>\n\n\n\n<div style=\"height:20px\" aria-hidden=\"true\" class=\"wp-block-spacer\"><\/div>\n\n\n\n<p>H\u00f6r Hedberg l\u00e4sa de tre dikterna \u201dDet susar i tr\u00e4den\u201d, \u201dSeptember\u201d och \u201dStockholm\u201d i mediespelaren nedanf\u00f6r. Inl\u00e4sningarna spelades troligen in omkring 1930. Inspelningarna tillg\u00e4ngligg\u00f6rs h\u00e4r med tillst\u00e5nd fr\u00e5n Naxos.<\/p>\n\n\n\n<div class=\"wp-playlist wp-audio-playlist wp-playlist-light\">\n\t\t\t<div class=\"wp-playlist-current-item\"><\/div>\n\t\t<audio controls=\"controls\" preload=\"none\" width=\"618\"\n\t\t\t><\/audio>\n\t<div class=\"wp-playlist-next\"><\/div>\n\t<div class=\"wp-playlist-prev\"><\/div>\n\t<noscript>\n\t<ol>\n\t\t<li><a href='https:\/\/litteraturbanken.se\/ljudochbild\/wp-content\/uploads\/2022\/05\/hedberg_detsusargenomtraden_hedberg.mp3'>Det susar genom tr\u00e4den<\/a><\/li><li><a href='https:\/\/litteraturbanken.se\/ljudochbild\/wp-content\/uploads\/2022\/05\/hedberg_september_hedberg.mp3'>September<\/a><\/li><li><a href='https:\/\/litteraturbanken.se\/ljudochbild\/wp-content\/uploads\/2022\/05\/hedberg_stockholm_stockholm.mp3'>Stockholm<\/a><\/li>\t<\/ol>\n\t<\/noscript>\n\t<script type=\"application\/json\" class=\"wp-playlist-script\">{\"type\":\"audio\",\"tracklist\":true,\"tracknumbers\":true,\"images\":true,\"artists\":true,\"tracks\":[{\"src\":\"https:\/\/litteraturbanken.se\/ljudochbild\/wp-content\/uploads\/2022\/05\/hedberg_detsusargenomtraden_hedberg.mp3\",\"type\":\"audio\/mpeg\",\"title\":\"Det susar genom tr\\u00e4den\",\"caption\":\"\",\"description\":\"\\u201dDet susar genom tr\\u00e4den\\u201d fr\\u00e5n Tor Hedberg l\\u00e4ser egna dikter av Tor Hedberg.\",\"meta\":{\"artist\":\"Tor Hedberg l\\u00e4ser egna dikter\",\"album\":\"Tor Hedberg\",\"length_formatted\":\"2:10\"},\"image\":{\"src\":\"https:\/\/litteraturbanken.se\/ljudochbild\/wp-content\/uploads\/2019\/09\/wide_gub_wide-mp3-image.png\",\"width\":580,\"height\":612},\"thumb\":{\"src\":\"https:\/\/litteraturbanken.se\/ljudochbild\/wp-content\/uploads\/2019\/09\/wide_gub_wide-mp3-image-150x150.png\",\"width\":150,\"height\":150}},{\"src\":\"https:\/\/litteraturbanken.se\/ljudochbild\/wp-content\/uploads\/2022\/05\/hedberg_september_hedberg.mp3\",\"type\":\"audio\/mpeg\",\"title\":\"September\",\"caption\":\"\",\"description\":\"\\u201dSeptember\\u201d fr\\u00e5n Tor Hedberg l\\u00e4ser egna dikter av Tor Hedberg.\",\"meta\":{\"artist\":\"Tor Hedberg l\\u00e4ser egna dikter\",\"album\":\"Tor Hedberg\",\"length_formatted\":\"0:56\"},\"image\":{\"src\":\"https:\/\/litteraturbanken.se\/ljudochbild\/wp-content\/uploads\/2019\/09\/wide_gub_wide-mp3-image.png\",\"width\":580,\"height\":612},\"thumb\":{\"src\":\"https:\/\/litteraturbanken.se\/ljudochbild\/wp-content\/uploads\/2019\/09\/wide_gub_wide-mp3-image-150x150.png\",\"width\":150,\"height\":150}},{\"src\":\"https:\/\/litteraturbanken.se\/ljudochbild\/wp-content\/uploads\/2022\/05\/hedberg_stockholm_stockholm.mp3\",\"type\":\"audio\/mpeg\",\"title\":\"Stockholm\",\"caption\":\"\",\"description\":\"\\u201dStockholm\\u201d fr\\u00e5n Tor Hedberg l\\u00e4ser egna dikter av Tor Hedberg.\",\"meta\":{\"artist\":\"Tor Hedberg l\\u00e4ser egna dikter\",\"album\":\"Tor Hedberg\",\"length_formatted\":\"2:54\"},\"image\":{\"src\":\"https:\/\/litteraturbanken.se\/ljudochbild\/wp-content\/uploads\/2019\/09\/wide_gub_wide-mp3-image.png\",\"width\":580,\"height\":612},\"thumb\":{\"src\":\"https:\/\/litteraturbanken.se\/ljudochbild\/wp-content\/uploads\/2019\/09\/wide_gub_wide-mp3-image-150x150.png\",\"width\":150,\"height\":150}}]}<\/script>\n<\/div>\n\t\n\n\n\n<div style=\"height:20px\" aria-hidden=\"true\" class=\"wp-block-spacer\"><\/div>\n\n\n\n<p>Och nederst i spellistan h\u00f6r du sk\u00e5despelaren Rebecka Hemse l\u00e4sa Hedbergs dikt \u201dVinternatt\u201d. Inspelningen tillg\u00e4ngligg\u00f6rs med tillst\u00e5nd fr\u00e5n inl\u00e4saren.<\/p>\n\n\n\n<div class=\"wp-playlist wp-audio-playlist wp-playlist-light\">\n\t\t\t<div class=\"wp-playlist-current-item\"><\/div>\n\t\t<audio controls=\"controls\" preload=\"none\" width=\"618\"\n\t\t\t><\/audio>\n\t<div class=\"wp-playlist-next\"><\/div>\n\t<div class=\"wp-playlist-prev\"><\/div>\n\t<noscript>\n\t<ol>\n\t\t<li><a href='https:\/\/litteraturbanken.se\/ljudochbild\/wp-content\/uploads\/2024\/09\/hedberg_vinternatt_hemse.mp3'>Vinternatt<\/a><\/li>\t<\/ol>\n\t<\/noscript>\n\t<script type=\"application\/json\" class=\"wp-playlist-script\">{\"type\":\"audio\",\"tracklist\":true,\"tracknumbers\":true,\"images\":true,\"artists\":true,\"tracks\":[{\"src\":\"https:\/\/litteraturbanken.se\/ljudochbild\/wp-content\/uploads\/2024\/09\/hedberg_vinternatt_hemse.mp3\",\"type\":\"audio\/mpeg\",\"title\":\"Vinternatt\",\"caption\":\"\",\"description\":\"\\u201dVinternatt\\u201d fr\\u00e5n Tor Hedberg l\\u00e4st av Rebecka Hemse av Dikt 1593\\u20131939. Svensk och finlandssvensk lyrik i uppl\\u00e4sning av svenska och finlandssvenska sk\\u00e5despelare.\",\"meta\":{\"artist\":\"Rebecka Hemse l\\u00e4ser Tor Hedberg. Dikt 1593\\u20131939\",\"album\":\"Tor Hedberg\",\"length_formatted\":\"1:30\"},\"image\":{\"src\":\"https:\/\/litteraturbanken.se\/ljudochbild\/wp-content\/uploads\/2024\/09\/almqvist_denlyssnandemaria_lindh-mp3-image.jpg\",\"width\":1200,\"height\":1201},\"thumb\":{\"src\":\"https:\/\/litteraturbanken.se\/ljudochbild\/wp-content\/uploads\/2024\/09\/almqvist_denlyssnandemaria_lindh-mp3-image-150x150.jpg\",\"width\":150,\"height\":150}}]}<\/script>\n<\/div>\n\t\n\n\n<h3 class=\"wp-block-heading author-related-title\">L\u00e4s mer<\/h3>\r\n<div class=\"display-posts-listing grid\"><div class=\"listing-item\"><a class=\"image\" href=\"https:\/\/litteraturbanken.se\/ljudochbild\/2024\/09\/19\/zetterstrom-om-hjalmar-soderberg\/\"><img loading=\"lazy\" decoding=\"async\" width=\"640\" height=\"801\" src=\"https:\/\/litteraturbanken.se\/ljudochbild\/wp-content\/uploads\/2024\/09\/soderberg_hog-818x1024.jpg\" class=\"attachment-large size-large wp-post-image\" alt=\"Hjalmar S\u00f6derberg\" srcset=\"https:\/\/litteraturbanken.se\/ljudochbild\/wp-content\/uploads\/2024\/09\/soderberg_hog-818x1024.jpg 818w, https:\/\/litteraturbanken.se\/ljudochbild\/wp-content\/uploads\/2024\/09\/soderberg_hog-240x300.jpg 240w, https:\/\/litteraturbanken.se\/ljudochbild\/wp-content\/uploads\/2024\/09\/soderberg_hog-768x961.jpg 768w, https:\/\/litteraturbanken.se\/ljudochbild\/wp-content\/uploads\/2024\/09\/soderberg_hog-480x601.jpg 480w, https:\/\/litteraturbanken.se\/ljudochbild\/wp-content\/uploads\/2024\/09\/soderberg_hog.jpg 1200w\" sizes=\"auto, (max-width: 640px) 100vw, 640px\" \/><\/a> <a class=\"title\" href=\"https:\/\/litteraturbanken.se\/ljudochbild\/2024\/09\/19\/zetterstrom-om-hjalmar-soderberg\/\">Hasse Z om S\u00f6derberg<\/a><\/div><div class=\"listing-item\"><a class=\"image\" href=\"https:\/\/litteraturbanken.se\/ljudochbild\/2022\/07\/04\/tor-hedberg-dikter\/\"><img loading=\"lazy\" decoding=\"async\" width=\"640\" height=\"856\" src=\"https:\/\/litteraturbanken.se\/ljudochbild\/wp-content\/uploads\/2022\/07\/torhedberg_portratt-766x1024.jpg\" class=\"attachment-large size-large wp-post-image\" alt=\"Tor Hedberg\" srcset=\"https:\/\/litteraturbanken.se\/ljudochbild\/wp-content\/uploads\/2022\/07\/torhedberg_portratt-766x1024.jpg 766w, https:\/\/litteraturbanken.se\/ljudochbild\/wp-content\/uploads\/2022\/07\/torhedberg_portratt-224x300.jpg 224w, https:\/\/litteraturbanken.se\/ljudochbild\/wp-content\/uploads\/2022\/07\/torhedberg_portratt-768x1027.jpg 768w, https:\/\/litteraturbanken.se\/ljudochbild\/wp-content\/uploads\/2022\/07\/torhedberg_portratt-1149x1536.jpg 1149w, https:\/\/litteraturbanken.se\/ljudochbild\/wp-content\/uploads\/2022\/07\/torhedberg_portratt-480x642.jpg 480w, https:\/\/litteraturbanken.se\/ljudochbild\/wp-content\/uploads\/2022\/07\/torhedberg_portratt.jpg 1200w\" sizes=\"auto, (max-width: 640px) 100vw, 640px\" \/><\/a> <a class=\"title\" href=\"https:\/\/litteraturbanken.se\/ljudochbild\/2022\/07\/04\/tor-hedberg-dikter\/\">Hedbergs s\u00e5nger<\/a><\/div><\/div>\r\n\r\n\n","protected":false},"excerpt":{"rendered":"<p>\u201dTOR HEDBERG (1862\u20131931) stod, i inledningen av sitt f\u00f6rfattarskap, i skiljev\u00e4gen mellan \u00e5ttiotalets naturalism, d\u00e4r Zola var en f\u00f6rebild, och nittiotalets rop p\u00e5 ljus och sk\u00f6nhet i dikten. Hans f\u00f6rsta romaner, skrivna under 1880-talet, var psykologiska karakt\u00e4rsstudier. Detsamma [&hellip;]<\/p>\n","protected":false},"author":5,"featured_media":7432,"parent":7,"menu_order":0,"comment_status":"closed","ping_status":"closed","template":"","meta":{"footnotes":""},"class_list":["post-7142","page","type-page","status-publish","has-post-thumbnail","hentry"],"yoast_head":"<!-- This site is optimized with the Yoast SEO plugin v27.1.1 - https:\/\/yoast.com\/product\/yoast-seo-wordpress\/ -->\n<title>Tor Hedberg\u00a0(1862\u20131931) - Ljud &amp; Bild<\/title>\n<meta name=\"robots\" content=\"index, follow, max-snippet:-1, max-image-preview:large, max-video-preview:-1\" \/>\n<link rel=\"canonical\" href=\"https:\/\/litteraturbanken.se\/ljudochbild\/forfattare\/hedbergt\/\" \/>\n<meta property=\"og:locale\" content=\"sv_SE\" \/>\n<meta property=\"og:type\" content=\"article\" \/>\n<meta property=\"og:title\" content=\"Tor Hedberg\u00a0(1862\u20131931) - Ljud &amp; Bild\" \/>\n<meta property=\"og:description\" content=\"\u201dTOR HEDBERG (1862\u20131931) stod, i inledningen av sitt f\u00f6rfattarskap, i skiljev\u00e4gen mellan \u00e5ttiotalets naturalism, d\u00e4r Zola var en f\u00f6rebild, och nittiotalets rop p\u00e5 ljus och sk\u00f6nhet i dikten. Hans f\u00f6rsta romaner, skrivna under 1880-talet, var psykologiska karakt\u00e4rsstudier. Detsamma [&hellip;]\" \/>\n<meta property=\"og:url\" content=\"https:\/\/litteraturbanken.se\/ljudochbild\/forfattare\/hedbergt\/\" \/>\n<meta property=\"og:site_name\" content=\"Ljud &amp; Bild\" \/>\n<meta property=\"article:publisher\" content=\"https:\/\/www.facebook.com\/Litteraturbanken.se\" \/>\n<meta property=\"article:modified_time\" content=\"2024-09-17T07:09:22+00:00\" \/>\n<meta property=\"og:image\" content=\"https:\/\/litteraturbanken.se\/ljudochbild\/wp-content\/uploads\/2022\/07\/tor_hedberg.jpg\" \/>\n\t<meta property=\"og:image:width\" content=\"1200\" \/>\n\t<meta property=\"og:image:height\" content=\"1677\" \/>\n\t<meta property=\"og:image:type\" content=\"image\/jpeg\" \/>\n<meta name=\"twitter:card\" content=\"summary_large_image\" \/>\n<meta name=\"twitter:site\" content=\"@litteraturbank\" \/>\n<meta name=\"twitter:label1\" content=\"Ber\u00e4knad l\u00e4stid\" \/>\n\t<meta name=\"twitter:data1\" content=\"2 minuter\" \/>\n<script type=\"application\/ld+json\" class=\"yoast-schema-graph\">{\"@context\":\"https:\/\/schema.org\",\"@graph\":[{\"@type\":\"WebPage\",\"@id\":\"https:\/\/litteraturbanken.se\/ljudochbild\/forfattare\/hedbergt\/\",\"url\":\"https:\/\/litteraturbanken.se\/ljudochbild\/forfattare\/hedbergt\/\",\"name\":\"Tor Hedberg\u00a0(1862\u20131931) - Ljud &amp; Bild\",\"isPartOf\":{\"@id\":\"https:\/\/litteraturbanken.se\/ljudochbild\/#website\"},\"primaryImageOfPage\":{\"@id\":\"https:\/\/litteraturbanken.se\/ljudochbild\/forfattare\/hedbergt\/#primaryimage\"},\"image\":{\"@id\":\"https:\/\/litteraturbanken.se\/ljudochbild\/forfattare\/hedbergt\/#primaryimage\"},\"thumbnailUrl\":\"https:\/\/litteraturbanken.se\/ljudochbild\/wp-content\/uploads\/2022\/07\/tor_hedberg.jpg\",\"datePublished\":\"2022-07-05T08:20:04+00:00\",\"dateModified\":\"2024-09-17T07:09:22+00:00\",\"breadcrumb\":{\"@id\":\"https:\/\/litteraturbanken.se\/ljudochbild\/forfattare\/hedbergt\/#breadcrumb\"},\"inLanguage\":\"sv-SE\",\"potentialAction\":[{\"@type\":\"ReadAction\",\"target\":[\"https:\/\/litteraturbanken.se\/ljudochbild\/forfattare\/hedbergt\/\"]}]},{\"@type\":\"ImageObject\",\"inLanguage\":\"sv-SE\",\"@id\":\"https:\/\/litteraturbanken.se\/ljudochbild\/forfattare\/hedbergt\/#primaryimage\",\"url\":\"https:\/\/litteraturbanken.se\/ljudochbild\/wp-content\/uploads\/2022\/07\/tor_hedberg.jpg\",\"contentUrl\":\"https:\/\/litteraturbanken.se\/ljudochbild\/wp-content\/uploads\/2022\/07\/tor_hedberg.jpg\",\"width\":1200,\"height\":1677,\"caption\":\"Tor Hedberg\"},{\"@type\":\"BreadcrumbList\",\"@id\":\"https:\/\/litteraturbanken.se\/ljudochbild\/forfattare\/hedbergt\/#breadcrumb\",\"itemListElement\":[{\"@type\":\"ListItem\",\"position\":1,\"name\":\"Hem\",\"item\":\"https:\/\/litteraturbanken.se\/ljudochbild\/\"},{\"@type\":\"ListItem\",\"position\":2,\"name\":\"F\u00f6rfattare\",\"item\":\"https:\/\/litteraturbanken.se\/ljudochbild\/forfattare\/\"},{\"@type\":\"ListItem\",\"position\":3,\"name\":\"Tor Hedberg\u00a0(1862\u20131931)\"}]},{\"@type\":\"WebSite\",\"@id\":\"https:\/\/litteraturbanken.se\/ljudochbild\/#website\",\"url\":\"https:\/\/litteraturbanken.se\/ljudochbild\/\",\"name\":\"Ljud & Bild\",\"description\":\"Ur Litteraturbankens samlingar\",\"potentialAction\":[{\"@type\":\"SearchAction\",\"target\":{\"@type\":\"EntryPoint\",\"urlTemplate\":\"https:\/\/litteraturbanken.se\/ljudochbild\/?s={search_term_string}\"},\"query-input\":{\"@type\":\"PropertyValueSpecification\",\"valueRequired\":true,\"valueName\":\"search_term_string\"}}],\"inLanguage\":\"sv-SE\"}]}<\/script>\n<!-- \/ Yoast SEO plugin. -->","yoast_head_json":{"title":"Tor Hedberg\u00a0(1862\u20131931) - Ljud &amp; Bild","robots":{"index":"index","follow":"follow","max-snippet":"max-snippet:-1","max-image-preview":"max-image-preview:large","max-video-preview":"max-video-preview:-1"},"canonical":"https:\/\/litteraturbanken.se\/ljudochbild\/forfattare\/hedbergt\/","og_locale":"sv_SE","og_type":"article","og_title":"Tor Hedberg\u00a0(1862\u20131931) - Ljud &amp; Bild","og_description":"\u201dTOR HEDBERG (1862\u20131931) stod, i inledningen av sitt f\u00f6rfattarskap, i skiljev\u00e4gen mellan \u00e5ttiotalets naturalism, d\u00e4r Zola var en f\u00f6rebild, och nittiotalets rop p\u00e5 ljus och sk\u00f6nhet i dikten. Hans f\u00f6rsta romaner, skrivna under 1880-talet, var psykologiska karakt\u00e4rsstudier. Detsamma [&hellip;]","og_url":"https:\/\/litteraturbanken.se\/ljudochbild\/forfattare\/hedbergt\/","og_site_name":"Ljud &amp; Bild","article_publisher":"https:\/\/www.facebook.com\/Litteraturbanken.se","article_modified_time":"2024-09-17T07:09:22+00:00","og_image":[{"width":1200,"height":1677,"url":"https:\/\/litteraturbanken.se\/ljudochbild\/wp-content\/uploads\/2022\/07\/tor_hedberg.jpg","type":"image\/jpeg"}],"twitter_card":"summary_large_image","twitter_site":"@litteraturbank","twitter_misc":{"Ber\u00e4knad l\u00e4stid":"2 minuter"},"schema":{"@context":"https:\/\/schema.org","@graph":[{"@type":"WebPage","@id":"https:\/\/litteraturbanken.se\/ljudochbild\/forfattare\/hedbergt\/","url":"https:\/\/litteraturbanken.se\/ljudochbild\/forfattare\/hedbergt\/","name":"Tor Hedberg\u00a0(1862\u20131931) - Ljud &amp; Bild","isPartOf":{"@id":"https:\/\/litteraturbanken.se\/ljudochbild\/#website"},"primaryImageOfPage":{"@id":"https:\/\/litteraturbanken.se\/ljudochbild\/forfattare\/hedbergt\/#primaryimage"},"image":{"@id":"https:\/\/litteraturbanken.se\/ljudochbild\/forfattare\/hedbergt\/#primaryimage"},"thumbnailUrl":"https:\/\/litteraturbanken.se\/ljudochbild\/wp-content\/uploads\/2022\/07\/tor_hedberg.jpg","datePublished":"2022-07-05T08:20:04+00:00","dateModified":"2024-09-17T07:09:22+00:00","breadcrumb":{"@id":"https:\/\/litteraturbanken.se\/ljudochbild\/forfattare\/hedbergt\/#breadcrumb"},"inLanguage":"sv-SE","potentialAction":[{"@type":"ReadAction","target":["https:\/\/litteraturbanken.se\/ljudochbild\/forfattare\/hedbergt\/"]}]},{"@type":"ImageObject","inLanguage":"sv-SE","@id":"https:\/\/litteraturbanken.se\/ljudochbild\/forfattare\/hedbergt\/#primaryimage","url":"https:\/\/litteraturbanken.se\/ljudochbild\/wp-content\/uploads\/2022\/07\/tor_hedberg.jpg","contentUrl":"https:\/\/litteraturbanken.se\/ljudochbild\/wp-content\/uploads\/2022\/07\/tor_hedberg.jpg","width":1200,"height":1677,"caption":"Tor Hedberg"},{"@type":"BreadcrumbList","@id":"https:\/\/litteraturbanken.se\/ljudochbild\/forfattare\/hedbergt\/#breadcrumb","itemListElement":[{"@type":"ListItem","position":1,"name":"Hem","item":"https:\/\/litteraturbanken.se\/ljudochbild\/"},{"@type":"ListItem","position":2,"name":"F\u00f6rfattare","item":"https:\/\/litteraturbanken.se\/ljudochbild\/forfattare\/"},{"@type":"ListItem","position":3,"name":"Tor Hedberg\u00a0(1862\u20131931)"}]},{"@type":"WebSite","@id":"https:\/\/litteraturbanken.se\/ljudochbild\/#website","url":"https:\/\/litteraturbanken.se\/ljudochbild\/","name":"Ljud & Bild","description":"Ur Litteraturbankens samlingar","potentialAction":[{"@type":"SearchAction","target":{"@type":"EntryPoint","urlTemplate":"https:\/\/litteraturbanken.se\/ljudochbild\/?s={search_term_string}"},"query-input":{"@type":"PropertyValueSpecification","valueRequired":true,"valueName":"search_term_string"}}],"inLanguage":"sv-SE"}]}},"_links":{"self":[{"href":"https:\/\/litteraturbanken.se\/ljudochbild\/wp-json\/wp\/v2\/pages\/7142","targetHints":{"allow":["GET"]}}],"collection":[{"href":"https:\/\/litteraturbanken.se\/ljudochbild\/wp-json\/wp\/v2\/pages"}],"about":[{"href":"https:\/\/litteraturbanken.se\/ljudochbild\/wp-json\/wp\/v2\/types\/page"}],"author":[{"embeddable":true,"href":"https:\/\/litteraturbanken.se\/ljudochbild\/wp-json\/wp\/v2\/users\/5"}],"replies":[{"embeddable":true,"href":"https:\/\/litteraturbanken.se\/ljudochbild\/wp-json\/wp\/v2\/comments?post=7142"}],"version-history":[{"count":18,"href":"https:\/\/litteraturbanken.se\/ljudochbild\/wp-json\/wp\/v2\/pages\/7142\/revisions"}],"predecessor-version":[{"id":12110,"href":"https:\/\/litteraturbanken.se\/ljudochbild\/wp-json\/wp\/v2\/pages\/7142\/revisions\/12110"}],"up":[{"embeddable":true,"href":"https:\/\/litteraturbanken.se\/ljudochbild\/wp-json\/wp\/v2\/pages\/7"}],"wp:featuredmedia":[{"embeddable":true,"href":"https:\/\/litteraturbanken.se\/ljudochbild\/wp-json\/wp\/v2\/media\/7432"}],"wp:attachment":[{"href":"https:\/\/litteraturbanken.se\/ljudochbild\/wp-json\/wp\/v2\/media?parent=7142"}],"curies":[{"name":"wp","href":"https:\/\/api.w.org\/{rel}","templated":true}]}}