{"id":715,"date":"2019-08-13T16:29:55","date_gmt":"2019-08-13T14:29:55","guid":{"rendered":"http:\/\/ordfabriken.org\/ljud\/?page_id=715"},"modified":"2024-09-18T14:27:05","modified_gmt":"2024-09-18T12:27:05","slug":"tessincg","status":"publish","type":"page","link":"https:\/\/litteraturbanken.se\/ljudochbild\/forfattare\/tessincg\/","title":{"rendered":"Carl Gustaf Tessin (1695\u20131770)"},"content":{"rendered":"<div class=\"wp-block-image\">\n<figure class=\"alignright size-large is-resized\"><img loading=\"lazy\" decoding=\"async\" width=\"780\" height=\"1024\" src=\"https:\/\/litteraturbanken.se\/ljudochbild\/wp-content\/uploads\/2024\/09\/cgtessin-780x1024.jpg\" alt=\"Carl Gustaf Tessin\" class=\"wp-image-12345\" style=\"width:198px;height:auto\" srcset=\"https:\/\/litteraturbanken.se\/ljudochbild\/wp-content\/uploads\/2024\/09\/cgtessin-780x1024.jpg 780w, https:\/\/litteraturbanken.se\/ljudochbild\/wp-content\/uploads\/2024\/09\/cgtessin-229x300.jpg 229w, https:\/\/litteraturbanken.se\/ljudochbild\/wp-content\/uploads\/2024\/09\/cgtessin-768x1008.jpg 768w, https:\/\/litteraturbanken.se\/ljudochbild\/wp-content\/uploads\/2024\/09\/cgtessin-1170x1536.jpg 1170w, https:\/\/litteraturbanken.se\/ljudochbild\/wp-content\/uploads\/2024\/09\/cgtessin-480x630.jpg 480w, https:\/\/litteraturbanken.se\/ljudochbild\/wp-content\/uploads\/2024\/09\/cgtessin.jpg 1200w\" sizes=\"auto, (max-width: 780px) 100vw, 780px\" \/><\/figure>\n<\/div>\n\n\n<p>\u201dCARL GUSTAF TESSIN (1695\u20131770) var en av sin tids mest framst\u00e5ende statsm\u00e4n; en av de ledande inom hattpartiet och drivande i att frig\u00f6ra Sverige fr\u00e5n Ryssland. Kr\u00f6net p\u00e5 hans politiska bana inf\u00f6ll 1747 d\u00e5 han utn\u00e4mndes till kanslipresident. Dock intr\u00e4ffade en brytning med hovet 1751 och Tessin l\u00e4mnade sin post. Han var \u00e4ven en stor fr\u00e4mjare av konst och kultur och har gjort betydande insatser f\u00f6r svenskt konstliv. Han \u00f6vers\u00e5g uppf\u00f6randet av Stockholms slott och lade d\u00e4rvid grunden till Akademien f\u00f6r de fria konsterna (d\u00e5 Ritarakademien). Hans stora konstsamling utg\u00f6r stommen i Nationalmuseums \u00e4ldre samlingar och hans naturaliekabinett \u00e4gnades en beskrivning av Linn\u00e9: \u2019Museum Tessinianum\u2019. Han l\u00e4r \u00e4ven ha st\u00e5tt f\u00f6rebild f\u00f6r den v\u00e4rldsman Goethe skildrar i \u2019En sk\u00f6n sj\u00e4ls bek\u00e4nnelse\u2019 i&nbsp;<em>Wilhelm Meister<\/em>.\u201d<\/p>\n\n\n\n<p>Stycket ovanf\u00f6r kommer ur Lotta Lotass introduktion av Carl Gustaf Tessin hos Litteraturbanken.<\/p>\n\n\n\n<div class=\"wp-block-buttons is-layout-flex wp-block-buttons-is-layout-flex\">\n<div class=\"wp-block-button has-custom-font-size read-more-button\" style=\"font-size:14px\"><a class=\"wp-block-button__link has-white-color has-text-color has-background wp-element-button\" href=\"https:\/\/litteraturbanken.se\/f%C3%B6rfattare\/TessinCG\" style=\"border-radius:0px;background-color:#cd2400\" target=\"_blank\" rel=\"noopener\"><strong>L\u00c4S MER OM CARL GUSTAF TESSIN<\/strong><\/a><\/div>\n\n\n\n<div class=\"wp-block-button has-custom-font-size read-more-button\" style=\"font-size:14px\"><a class=\"wp-block-button__link has-white-color has-text-color has-background wp-element-button\" href=\"https:\/\/litteraturbanken.se\/f%C3%B6rfattare\/TessinCG\/titlar\" style=\"border-radius:0px;background-color:#cd2400\" target=\"_blank\" rel=\"noopener\"><strong>L\u00c4S CARL GUSTAF TESSINS VERK HOS LB.SE<\/strong><\/a><\/div>\n<\/div>\n\n\n\n<div style=\"height:20px\" aria-hidden=\"true\" class=\"wp-block-spacer\"><\/div>\n\n\n\n<div class=\"wp-playlist wp-audio-playlist wp-playlist-light\">\n\t\t\t<div class=\"wp-playlist-current-item\"><\/div>\n\t\t<audio controls=\"controls\" preload=\"none\" width=\"618\"\n\t\t\t><\/audio>\n\t<div class=\"wp-playlist-next\"><\/div>\n\t<div class=\"wp-playlist-prev\"><\/div>\n\t<noscript>\n\t<ol>\n\t\t<li><a href='https:\/\/litteraturbanken.se\/ljudochbild\/wp-content\/uploads\/2019\/06\/tessin_tilllasaren_holmberg.mp3'>Till l\u00e4saren<\/a><\/li>\t<\/ol>\n\t<\/noscript>\n\t<script type=\"application\/json\" class=\"wp-playlist-script\">{\"type\":\"audio\",\"tracklist\":true,\"tracknumbers\":true,\"images\":true,\"artists\":true,\"tracks\":[{\"src\":\"https:\/\/litteraturbanken.se\/ljudochbild\/wp-content\/uploads\/2019\/06\/tessin_tilllasaren_holmberg.mp3\",\"type\":\"audio\/mpeg\",\"title\":\"Till l\\u00e4saren\",\"caption\":\"\",\"description\":\"\\\"Till l\\u00e4saren \\\" fr\\u00e5n Henric Holmberg av Tessin, C.G..\",\"meta\":{\"artist\":\"Henric Holmberg l\\u00e4ser C.G. Tessin\",\"album\":\"C.G. Tessin\",\"length_formatted\":\"1:04\"},\"image\":{\"src\":\"https:\/\/litteraturbanken.se\/ljudochbild\/wp-content\/plugins\/media-library-assistant\/images\/crystal\/audio.png\",\"width\":48,\"height\":64},\"thumb\":{\"src\":\"https:\/\/litteraturbanken.se\/ljudochbild\/wp-content\/plugins\/media-library-assistant\/images\/crystal\/audio.png\",\"width\":48,\"height\":64}}]}<\/script>\n<\/div>\n\t\n\n\n\n<hr class=\"wp-block-separator has-alpha-channel-opacity\"\/>\n\n\n\n<p><em>Portr\u00e4ttet ovanf\u00f6r, m\u00e5lat av Jacques-Andr\u00e9-Joseph Aved, har vi l\u00e5nat fr\u00e5n <a href=\"https:\/\/digitaltmuseum.se\/021046502774\/greve-carl-gustaf-tessin-1695-1770\">Nationalmuseum<\/a> (<a href=\"https:\/\/creativecommons.org\/licenses\/by-sa\/4.0\/deed.sv\" target=\"_blank\" rel=\"noreferrer noopener\">CC BY-SA<\/a>).<\/em><\/p>\n","protected":false},"excerpt":{"rendered":"<p>\u201dCARL GUSTAF TESSIN (1695\u20131770) var en av sin tids mest framst\u00e5ende statsm\u00e4n; en av de ledande inom hattpartiet och drivande i att frig\u00f6ra Sverige fr\u00e5n Ryssland. Kr\u00f6net p\u00e5 hans politiska bana inf\u00f6ll 1747 d\u00e5 han utn\u00e4mndes till kanslipresident. [&hellip;]<\/p>\n","protected":false},"author":1,"featured_media":12345,"parent":7,"menu_order":0,"comment_status":"closed","ping_status":"closed","template":"","meta":{"footnotes":""},"class_list":["post-715","page","type-page","status-publish","has-post-thumbnail","hentry"],"yoast_head":"<!-- This site is optimized with the Yoast SEO plugin v27.1.1 - https:\/\/yoast.com\/product\/yoast-seo-wordpress\/ -->\n<title>Carl Gustaf Tessin (1695\u20131770) - Ljud &amp; Bild<\/title>\n<meta name=\"robots\" content=\"index, follow, max-snippet:-1, max-image-preview:large, max-video-preview:-1\" \/>\n<link rel=\"canonical\" href=\"https:\/\/litteraturbanken.se\/ljudochbild\/forfattare\/tessincg\/\" \/>\n<meta property=\"og:locale\" content=\"sv_SE\" \/>\n<meta property=\"og:type\" content=\"article\" \/>\n<meta property=\"og:title\" content=\"Carl Gustaf Tessin (1695\u20131770) - Ljud &amp; Bild\" \/>\n<meta property=\"og:description\" content=\"\u201dCARL GUSTAF TESSIN (1695\u20131770) var en av sin tids mest framst\u00e5ende statsm\u00e4n; en av de ledande inom hattpartiet och drivande i att frig\u00f6ra Sverige fr\u00e5n Ryssland. Kr\u00f6net p\u00e5 hans politiska bana inf\u00f6ll 1747 d\u00e5 han utn\u00e4mndes till kanslipresident. [&hellip;]\" \/>\n<meta property=\"og:url\" content=\"https:\/\/litteraturbanken.se\/ljudochbild\/forfattare\/tessincg\/\" \/>\n<meta property=\"og:site_name\" content=\"Ljud &amp; Bild\" \/>\n<meta property=\"article:publisher\" content=\"https:\/\/www.facebook.com\/Litteraturbanken.se\" \/>\n<meta property=\"article:modified_time\" content=\"2024-09-18T12:27:05+00:00\" \/>\n<meta property=\"og:image\" content=\"https:\/\/litteraturbanken.se\/ljudochbild\/wp-content\/uploads\/2024\/09\/cgtessin.jpg\" \/>\n\t<meta property=\"og:image:width\" content=\"1200\" \/>\n\t<meta property=\"og:image:height\" content=\"1575\" \/>\n\t<meta property=\"og:image:type\" content=\"image\/jpeg\" \/>\n<meta name=\"twitter:card\" content=\"summary_large_image\" \/>\n<meta name=\"twitter:site\" content=\"@litteraturbank\" \/>\n<meta name=\"twitter:label1\" content=\"Ber\u00e4knad l\u00e4stid\" \/>\n\t<meta name=\"twitter:data1\" content=\"2 minuter\" \/>\n<script type=\"application\/ld+json\" class=\"yoast-schema-graph\">{\"@context\":\"https:\/\/schema.org\",\"@graph\":[{\"@type\":\"WebPage\",\"@id\":\"https:\/\/litteraturbanken.se\/ljudochbild\/forfattare\/tessincg\/\",\"url\":\"https:\/\/litteraturbanken.se\/ljudochbild\/forfattare\/tessincg\/\",\"name\":\"Carl Gustaf Tessin (1695\u20131770) - Ljud &amp; Bild\",\"isPartOf\":{\"@id\":\"https:\/\/litteraturbanken.se\/ljudochbild\/#website\"},\"primaryImageOfPage\":{\"@id\":\"https:\/\/litteraturbanken.se\/ljudochbild\/forfattare\/tessincg\/#primaryimage\"},\"image\":{\"@id\":\"https:\/\/litteraturbanken.se\/ljudochbild\/forfattare\/tessincg\/#primaryimage\"},\"thumbnailUrl\":\"https:\/\/litteraturbanken.se\/ljudochbild\/wp-content\/uploads\/2024\/09\/cgtessin.jpg\",\"datePublished\":\"2019-08-13T14:29:55+00:00\",\"dateModified\":\"2024-09-18T12:27:05+00:00\",\"breadcrumb\":{\"@id\":\"https:\/\/litteraturbanken.se\/ljudochbild\/forfattare\/tessincg\/#breadcrumb\"},\"inLanguage\":\"sv-SE\",\"potentialAction\":[{\"@type\":\"ReadAction\",\"target\":[\"https:\/\/litteraturbanken.se\/ljudochbild\/forfattare\/tessincg\/\"]}]},{\"@type\":\"ImageObject\",\"inLanguage\":\"sv-SE\",\"@id\":\"https:\/\/litteraturbanken.se\/ljudochbild\/forfattare\/tessincg\/#primaryimage\",\"url\":\"https:\/\/litteraturbanken.se\/ljudochbild\/wp-content\/uploads\/2024\/09\/cgtessin.jpg\",\"contentUrl\":\"https:\/\/litteraturbanken.se\/ljudochbild\/wp-content\/uploads\/2024\/09\/cgtessin.jpg\",\"width\":1200,\"height\":1575,\"caption\":\"Carl Gustaf Tessin\"},{\"@type\":\"BreadcrumbList\",\"@id\":\"https:\/\/litteraturbanken.se\/ljudochbild\/forfattare\/tessincg\/#breadcrumb\",\"itemListElement\":[{\"@type\":\"ListItem\",\"position\":1,\"name\":\"Hem\",\"item\":\"https:\/\/litteraturbanken.se\/ljudochbild\/\"},{\"@type\":\"ListItem\",\"position\":2,\"name\":\"F\u00f6rfattare\",\"item\":\"https:\/\/litteraturbanken.se\/ljudochbild\/forfattare\/\"},{\"@type\":\"ListItem\",\"position\":3,\"name\":\"Carl Gustaf Tessin (1695\u20131770)\"}]},{\"@type\":\"WebSite\",\"@id\":\"https:\/\/litteraturbanken.se\/ljudochbild\/#website\",\"url\":\"https:\/\/litteraturbanken.se\/ljudochbild\/\",\"name\":\"Ljud & Bild\",\"description\":\"Ur Litteraturbankens samlingar\",\"potentialAction\":[{\"@type\":\"SearchAction\",\"target\":{\"@type\":\"EntryPoint\",\"urlTemplate\":\"https:\/\/litteraturbanken.se\/ljudochbild\/?s={search_term_string}\"},\"query-input\":{\"@type\":\"PropertyValueSpecification\",\"valueRequired\":true,\"valueName\":\"search_term_string\"}}],\"inLanguage\":\"sv-SE\"}]}<\/script>\n<!-- \/ Yoast SEO plugin. -->","yoast_head_json":{"title":"Carl Gustaf Tessin (1695\u20131770) - Ljud &amp; Bild","robots":{"index":"index","follow":"follow","max-snippet":"max-snippet:-1","max-image-preview":"max-image-preview:large","max-video-preview":"max-video-preview:-1"},"canonical":"https:\/\/litteraturbanken.se\/ljudochbild\/forfattare\/tessincg\/","og_locale":"sv_SE","og_type":"article","og_title":"Carl Gustaf Tessin (1695\u20131770) - Ljud &amp; Bild","og_description":"\u201dCARL GUSTAF TESSIN (1695\u20131770) var en av sin tids mest framst\u00e5ende statsm\u00e4n; en av de ledande inom hattpartiet och drivande i att frig\u00f6ra Sverige fr\u00e5n Ryssland. Kr\u00f6net p\u00e5 hans politiska bana inf\u00f6ll 1747 d\u00e5 han utn\u00e4mndes till kanslipresident. [&hellip;]","og_url":"https:\/\/litteraturbanken.se\/ljudochbild\/forfattare\/tessincg\/","og_site_name":"Ljud &amp; Bild","article_publisher":"https:\/\/www.facebook.com\/Litteraturbanken.se","article_modified_time":"2024-09-18T12:27:05+00:00","og_image":[{"width":1200,"height":1575,"url":"https:\/\/litteraturbanken.se\/ljudochbild\/wp-content\/uploads\/2024\/09\/cgtessin.jpg","type":"image\/jpeg"}],"twitter_card":"summary_large_image","twitter_site":"@litteraturbank","twitter_misc":{"Ber\u00e4knad l\u00e4stid":"2 minuter"},"schema":{"@context":"https:\/\/schema.org","@graph":[{"@type":"WebPage","@id":"https:\/\/litteraturbanken.se\/ljudochbild\/forfattare\/tessincg\/","url":"https:\/\/litteraturbanken.se\/ljudochbild\/forfattare\/tessincg\/","name":"Carl Gustaf Tessin (1695\u20131770) - Ljud &amp; Bild","isPartOf":{"@id":"https:\/\/litteraturbanken.se\/ljudochbild\/#website"},"primaryImageOfPage":{"@id":"https:\/\/litteraturbanken.se\/ljudochbild\/forfattare\/tessincg\/#primaryimage"},"image":{"@id":"https:\/\/litteraturbanken.se\/ljudochbild\/forfattare\/tessincg\/#primaryimage"},"thumbnailUrl":"https:\/\/litteraturbanken.se\/ljudochbild\/wp-content\/uploads\/2024\/09\/cgtessin.jpg","datePublished":"2019-08-13T14:29:55+00:00","dateModified":"2024-09-18T12:27:05+00:00","breadcrumb":{"@id":"https:\/\/litteraturbanken.se\/ljudochbild\/forfattare\/tessincg\/#breadcrumb"},"inLanguage":"sv-SE","potentialAction":[{"@type":"ReadAction","target":["https:\/\/litteraturbanken.se\/ljudochbild\/forfattare\/tessincg\/"]}]},{"@type":"ImageObject","inLanguage":"sv-SE","@id":"https:\/\/litteraturbanken.se\/ljudochbild\/forfattare\/tessincg\/#primaryimage","url":"https:\/\/litteraturbanken.se\/ljudochbild\/wp-content\/uploads\/2024\/09\/cgtessin.jpg","contentUrl":"https:\/\/litteraturbanken.se\/ljudochbild\/wp-content\/uploads\/2024\/09\/cgtessin.jpg","width":1200,"height":1575,"caption":"Carl Gustaf Tessin"},{"@type":"BreadcrumbList","@id":"https:\/\/litteraturbanken.se\/ljudochbild\/forfattare\/tessincg\/#breadcrumb","itemListElement":[{"@type":"ListItem","position":1,"name":"Hem","item":"https:\/\/litteraturbanken.se\/ljudochbild\/"},{"@type":"ListItem","position":2,"name":"F\u00f6rfattare","item":"https:\/\/litteraturbanken.se\/ljudochbild\/forfattare\/"},{"@type":"ListItem","position":3,"name":"Carl Gustaf Tessin (1695\u20131770)"}]},{"@type":"WebSite","@id":"https:\/\/litteraturbanken.se\/ljudochbild\/#website","url":"https:\/\/litteraturbanken.se\/ljudochbild\/","name":"Ljud & Bild","description":"Ur Litteraturbankens samlingar","potentialAction":[{"@type":"SearchAction","target":{"@type":"EntryPoint","urlTemplate":"https:\/\/litteraturbanken.se\/ljudochbild\/?s={search_term_string}"},"query-input":{"@type":"PropertyValueSpecification","valueRequired":true,"valueName":"search_term_string"}}],"inLanguage":"sv-SE"}]}},"_links":{"self":[{"href":"https:\/\/litteraturbanken.se\/ljudochbild\/wp-json\/wp\/v2\/pages\/715","targetHints":{"allow":["GET"]}}],"collection":[{"href":"https:\/\/litteraturbanken.se\/ljudochbild\/wp-json\/wp\/v2\/pages"}],"about":[{"href":"https:\/\/litteraturbanken.se\/ljudochbild\/wp-json\/wp\/v2\/types\/page"}],"author":[{"embeddable":true,"href":"https:\/\/litteraturbanken.se\/ljudochbild\/wp-json\/wp\/v2\/users\/1"}],"replies":[{"embeddable":true,"href":"https:\/\/litteraturbanken.se\/ljudochbild\/wp-json\/wp\/v2\/comments?post=715"}],"version-history":[{"count":6,"href":"https:\/\/litteraturbanken.se\/ljudochbild\/wp-json\/wp\/v2\/pages\/715\/revisions"}],"predecessor-version":[{"id":12349,"href":"https:\/\/litteraturbanken.se\/ljudochbild\/wp-json\/wp\/v2\/pages\/715\/revisions\/12349"}],"up":[{"embeddable":true,"href":"https:\/\/litteraturbanken.se\/ljudochbild\/wp-json\/wp\/v2\/pages\/7"}],"wp:featuredmedia":[{"embeddable":true,"href":"https:\/\/litteraturbanken.se\/ljudochbild\/wp-json\/wp\/v2\/media\/12345"}],"wp:attachment":[{"href":"https:\/\/litteraturbanken.se\/ljudochbild\/wp-json\/wp\/v2\/media?parent=715"}],"curies":[{"name":"wp","href":"https:\/\/api.w.org\/{rel}","templated":true}]}}