{"id":717,"date":"2019-08-13T16:30:40","date_gmt":"2019-08-13T14:30:40","guid":{"rendered":"http:\/\/ordfabriken.org\/ljud\/?page_id=717"},"modified":"2024-09-17T15:36:15","modified_gmt":"2024-09-17T13:36:15","slug":"thorildt","status":"publish","type":"page","link":"https:\/\/litteraturbanken.se\/ljudochbild\/forfattare\/thorildt\/","title":{"rendered":"Thomas Thorild (1759\u20131808)"},"content":{"rendered":"<div class=\"wp-block-image\">\n<figure class=\"alignright\"><img loading=\"lazy\" decoding=\"async\" width=\"251\" height=\"300\" src=\"https:\/\/litteraturbanken.se\/ljudochbild\/wp-content\/uploads\/2019\/08\/ThorildT_large-251x300.jpeg\" alt=\"\" class=\"wp-image-861\" srcset=\"https:\/\/litteraturbanken.se\/ljudochbild\/wp-content\/uploads\/2019\/08\/ThorildT_large-251x300.jpeg 251w, https:\/\/litteraturbanken.se\/ljudochbild\/wp-content\/uploads\/2019\/08\/ThorildT_large.jpeg 461w\" sizes=\"auto, (max-width: 251px) 100vw, 251px\" \/><\/figure>\n<\/div>\n\n\n<p>\u201dTHOMAS THORILD (1759\u20131808) best\u00e4mde sig tidigt f\u00f6r att bli geni. Han efterstr\u00e4vade en alltigenom f\u00f6r\u00e4ndrad syn p\u00e5 litteraturen och f\u00f6rfattarrollen och kom h\u00e4rvid att kalla sig, inte f\u00f6r skald utan f\u00f6r \u201dAutor\u201d \u2013 \u201den pr\u00e4st i Naturens heliga sanning\u201d. Litteraturen var en alltf\u00f6r allvarig sak f\u00f6r att l\u00e4mnas \u00e5t rimsmeder och konversat\u00f6rer. Endast geniet \u2013 den stridande, kraftfulla sanningss\u00f6karen p\u00e5 det litter\u00e4ra f\u00e4ltet \u2013 kunde fullt ut vara dess tj\u00e4nare och hade d\u00e5 \u00e4ven r\u00e4tt att fritt s\u00f6ka sitt uttryck och sitt formspr\u00e5k. Den fattige, f\u00f6r\u00e4ldral\u00f6se Thorild, som helt p\u00e5 egen hand skaffat sig utbildning och plats p\u00e5 den kulturella arenan, adlade sitt utanf\u00f6rskap till storhet med en ny poesi i sak som i sin opolerade styrka, virila kraft och m\u00e4ktiga ordmusik fullst\u00e4ndigt br\u00f6t med tidens r\u00e5dande konventioner. Thorild blev h\u00e4r, tillsammans med v\u00e4nnen Bengt Lidner, en romantikens pionj\u00e4r i Sverige.\u201d<\/p>\n\n\n\n<p>Stycket ovanf\u00f6r kommer ur Lotta Lotass introduktion av Thomas Thorild hos Litteraturbanken.<\/p>\n\n\n\n<div class=\"wp-block-buttons is-layout-flex wp-block-buttons-is-layout-flex\">\n<div class=\"wp-block-button has-custom-font-size read-more-button\" style=\"font-size:14px\"><a class=\"wp-block-button__link has-white-color has-text-color has-background wp-element-button\" href=\"https:\/\/litteraturbanken.se\/f%C3%B6rfattare\/ThorildT\" style=\"border-radius:0px;background-color:#cd2400\" target=\"_blank\" rel=\"noopener\"><strong>L\u00c4S MER OM THOMAS THORILD<\/strong><\/a><\/div>\n\n\n\n<div class=\"wp-block-button has-custom-font-size read-more-button\" style=\"font-size:14px\"><a class=\"wp-block-button__link has-white-color has-text-color has-background wp-element-button\" href=\"https:\/\/litteraturbanken.se\/f%C3%B6rfattare\/ThorildT\/titlar\" style=\"border-radius:0px;background-color:#cd2400\" target=\"_blank\" rel=\"noopener\"><strong>L\u00c4S THOMAS THORILDS VERK HOS LB.SE<\/strong><\/a><\/div>\n<\/div>\n\n\n\n<div style=\"height:20px\" aria-hidden=\"true\" class=\"wp-block-spacer\"><\/div>\n\n\n\n<div class=\"wp-playlist wp-audio-playlist wp-playlist-light\">\n\t\t\t<div class=\"wp-playlist-current-item\"><\/div>\n\t\t<audio controls=\"controls\" preload=\"none\" width=\"618\"\n\t\t\t><\/audio>\n\t<div class=\"wp-playlist-next\"><\/div>\n\t<div class=\"wp-playlist-prev\"><\/div>\n\t<noscript>\n\t<ol>\n\t\t<li><a href='https:\/\/litteraturbanken.se\/ljudochbild\/wp-content\/uploads\/2024\/09\/thorild_dityramb_brandt.mp3'>Dityramb<\/a><\/li><li><a href='https:\/\/litteraturbanken.se\/ljudochbild\/wp-content\/uploads\/2019\/09\/thorild_manniskjansode_bagge.mp3'>M\u00e4nniskjans \u00d6de<\/a><\/li><li><a href='https:\/\/litteraturbanken.se\/ljudochbild\/wp-content\/uploads\/2019\/09\/thorild_minenslighet_bagge.mp3'>Min enslighet<\/a><\/li><li><a href='https:\/\/litteraturbanken.se\/ljudochbild\/wp-content\/uploads\/2024\/09\/thorild_thoraudtillfreidin_bonnevie.mp3'>Thoraud till Freidin<\/a><\/li><li><a href='https:\/\/litteraturbanken.se\/ljudochbild\/wp-content\/uploads\/2019\/09\/thorild_varmansratt_engdahl.mp3'>Var mans r\u00e4tt<\/a><\/li>\t<\/ol>\n\t<\/noscript>\n\t<script type=\"application\/json\" class=\"wp-playlist-script\">{\"type\":\"audio\",\"tracklist\":true,\"tracknumbers\":true,\"images\":true,\"artists\":true,\"tracks\":[{\"src\":\"https:\/\/litteraturbanken.se\/ljudochbild\/wp-content\/uploads\/2024\/09\/thorild_dityramb_brandt.mp3\",\"type\":\"audio\/mpeg\",\"title\":\"Dityramb\",\"caption\":\"\",\"description\":\"\\u201dDityramb\\u201d fr\\u00e5n Thomas Thorlid l\\u00e4st av Paula Brandt av Dikt 1593\\u20131939. Svensk och finlandssvensk lyrik i uppl\\u00e4sning av svenska och finlandssvenska sk\\u00e5despelare.\",\"meta\":{\"artist\":\"Paula Brandt l\\u00e4ser Thomas Thorild. Dikt 1593\\u20131939\",\"album\":\"Thomas Thorild\",\"length_formatted\":\"2:10\"},\"image\":{\"src\":\"https:\/\/litteraturbanken.se\/ljudochbild\/wp-content\/uploads\/2024\/09\/almqvist_denlyssnandemaria_lindh-mp3-image.jpg\",\"width\":1200,\"height\":1201},\"thumb\":{\"src\":\"https:\/\/litteraturbanken.se\/ljudochbild\/wp-content\/uploads\/2024\/09\/almqvist_denlyssnandemaria_lindh-mp3-image-150x150.jpg\",\"width\":150,\"height\":150}},{\"src\":\"https:\/\/litteraturbanken.se\/ljudochbild\/wp-content\/uploads\/2019\/09\/thorild_manniskjansode_bagge.mp3\",\"type\":\"audio\/mpeg\",\"title\":\"M\\u00e4nniskjans \\u00d6de\",\"caption\":\"\",\"description\":\"\\\"M\\u00e4nniskjans \\u00d6de\\\" fr\\u00e5n Martin Bagges musikaliska vandring (del 5 av 5) av Martin Bagge. Sl\\u00e4ppt: 2017. Sp\\u00e5r 8 av 8. Genre: Folk.\",\"meta\":{\"artist\":\"Martin Bagge framf\\u00f6r Thomas Thorild\",\"album\":\"Thomas Thorild\",\"genre\":\"Folk\",\"year\":\"2017\",\"length_formatted\":\"4:24\"},\"image\":{\"src\":\"https:\/\/litteraturbanken.se\/ljudochbild\/wp-content\/plugins\/media-library-assistant\/images\/crystal\/audio.png\",\"width\":48,\"height\":64},\"thumb\":{\"src\":\"https:\/\/litteraturbanken.se\/ljudochbild\/wp-content\/plugins\/media-library-assistant\/images\/crystal\/audio.png\",\"width\":48,\"height\":64}},{\"src\":\"https:\/\/litteraturbanken.se\/ljudochbild\/wp-content\/uploads\/2019\/09\/thorild_minenslighet_bagge.mp3\",\"type\":\"audio\/mpeg\",\"title\":\"Min enslighet\",\"caption\":\"\",\"description\":\"\\\"Min enslighet\\\" fr\\u00e5n Martin Bagges musikaliska vandring (del 5 av 5) av Martin Bagge. Sl\\u00e4ppt: 2017. Sp\\u00e5r 7 av 8. Genre: Folk.\",\"meta\":{\"artist\":\"Martin Bagge framf\\u00f6r Thomas Thorild\",\"album\":\"Thomas Thorild\",\"genre\":\"Folk\",\"year\":\"2017\",\"length_formatted\":\"2:19\"},\"image\":{\"src\":\"https:\/\/litteraturbanken.se\/ljudochbild\/wp-content\/plugins\/media-library-assistant\/images\/crystal\/audio.png\",\"width\":48,\"height\":64},\"thumb\":{\"src\":\"https:\/\/litteraturbanken.se\/ljudochbild\/wp-content\/plugins\/media-library-assistant\/images\/crystal\/audio.png\",\"width\":48,\"height\":64}},{\"src\":\"https:\/\/litteraturbanken.se\/ljudochbild\/wp-content\/uploads\/2024\/09\/thorild_thoraudtillfreidin_bonnevie.mp3\",\"type\":\"audio\/mpeg\",\"title\":\"Thoraud till Freidin\",\"caption\":\"\",\"description\":\"\\u201dThoraud till Freidin\\u201d fr\\u00e5n Thomas Thorlid l\\u00e4st av Maria Bonnevie av Dikt 1593\\u20131939. Svensk och finlandssvensk lyrik i uppl\\u00e4sning av svenska och finlandssvenska sk\\u00e5despelare.\",\"meta\":{\"artist\":\"Maria Bonnevie l\\u00e4ser Thomas Thorlid. Dikt 1593\\u20131939\",\"album\":\"Thomas Thorlid\",\"length_formatted\":\"0:27\"},\"image\":{\"src\":\"https:\/\/litteraturbanken.se\/ljudochbild\/wp-content\/uploads\/2024\/09\/almqvist_denlyssnandemaria_lindh-mp3-image.jpg\",\"width\":1200,\"height\":1201},\"thumb\":{\"src\":\"https:\/\/litteraturbanken.se\/ljudochbild\/wp-content\/uploads\/2024\/09\/almqvist_denlyssnandemaria_lindh-mp3-image-150x150.jpg\",\"width\":150,\"height\":150}},{\"src\":\"https:\/\/litteraturbanken.se\/ljudochbild\/wp-content\/uploads\/2019\/09\/thorild_varmansratt_engdahl.mp3\",\"type\":\"audio\/mpeg\",\"title\":\"Var mans r\\u00e4tt\",\"caption\":\"\",\"description\":\"\\\"Var mans r\\u00e4tt\\\" fr\\u00e5n Var mans r\\u00e4tt av Thorild, Thomas.\",\"meta\":{\"artist\":\"Horace Engdahl l\\u00e4ser Thomas Thorild\",\"album\":\"Thomas Thorild\",\"length_formatted\":\"3:24\"},\"image\":{\"src\":\"https:\/\/litteraturbanken.se\/ljudochbild\/wp-content\/plugins\/media-library-assistant\/images\/crystal\/audio.png\",\"width\":48,\"height\":64},\"thumb\":{\"src\":\"https:\/\/litteraturbanken.se\/ljudochbild\/wp-content\/plugins\/media-library-assistant\/images\/crystal\/audio.png\",\"width\":48,\"height\":64}}]}<\/script>\n<\/div>\n\t\n\n\n\n<hr class=\"wp-block-separator has-alpha-channel-opacity\"\/>\n\n\n\n<p><em>Inspelningarna tillg\u00e4ngligg\u00f6rs h\u00e4r med tillst\u00e5nd fr\u00e5n inl\u00e4sarna. \u2013 Kopparsticket ovanf\u00f6r \u00e4r utf\u00f6rt av Anton Ulrik Berndes<\/em>. <\/p>\n","protected":false},"excerpt":{"rendered":"<p>\u201dTHOMAS THORILD (1759\u20131808) best\u00e4mde sig tidigt f\u00f6r att bli geni. Han efterstr\u00e4vade en alltigenom f\u00f6r\u00e4ndrad syn p\u00e5 litteraturen och f\u00f6rfattarrollen och kom h\u00e4rvid att kalla sig, inte f\u00f6r skald utan f\u00f6r \u201dAutor\u201d \u2013 \u201den pr\u00e4st i Naturens heliga [&hellip;]<\/p>\n","protected":false},"author":1,"featured_media":861,"parent":7,"menu_order":0,"comment_status":"closed","ping_status":"closed","template":"","meta":{"footnotes":""},"class_list":["post-717","page","type-page","status-publish","has-post-thumbnail","hentry"],"yoast_head":"<!-- This site is optimized with the Yoast SEO plugin v27.1.1 - https:\/\/yoast.com\/product\/yoast-seo-wordpress\/ -->\n<title>Thomas Thorild (1759\u20131808) - Ljud &amp; Bild<\/title>\n<meta name=\"robots\" content=\"index, follow, max-snippet:-1, max-image-preview:large, max-video-preview:-1\" \/>\n<link rel=\"canonical\" href=\"https:\/\/litteraturbanken.se\/ljudochbild\/forfattare\/thorildt\/\" \/>\n<meta property=\"og:locale\" content=\"sv_SE\" \/>\n<meta property=\"og:type\" content=\"article\" \/>\n<meta property=\"og:title\" content=\"Thomas Thorild (1759\u20131808) - Ljud &amp; Bild\" \/>\n<meta property=\"og:description\" content=\"\u201dTHOMAS THORILD (1759\u20131808) best\u00e4mde sig tidigt f\u00f6r att bli geni. Han efterstr\u00e4vade en alltigenom f\u00f6r\u00e4ndrad syn p\u00e5 litteraturen och f\u00f6rfattarrollen och kom h\u00e4rvid att kalla sig, inte f\u00f6r skald utan f\u00f6r \u201dAutor\u201d \u2013 \u201den pr\u00e4st i Naturens heliga [&hellip;]\" \/>\n<meta property=\"og:url\" content=\"https:\/\/litteraturbanken.se\/ljudochbild\/forfattare\/thorildt\/\" \/>\n<meta property=\"og:site_name\" content=\"Ljud &amp; Bild\" \/>\n<meta property=\"article:publisher\" content=\"https:\/\/www.facebook.com\/Litteraturbanken.se\" \/>\n<meta property=\"article:modified_time\" content=\"2024-09-17T13:36:15+00:00\" \/>\n<meta property=\"og:image\" content=\"https:\/\/litteraturbanken.se\/ljudochbild\/wp-content\/uploads\/2019\/08\/ThorildT_large.jpeg\" \/>\n\t<meta property=\"og:image:width\" content=\"461\" \/>\n\t<meta property=\"og:image:height\" content=\"550\" \/>\n\t<meta property=\"og:image:type\" content=\"image\/jpeg\" \/>\n<meta name=\"twitter:card\" content=\"summary_large_image\" \/>\n<meta name=\"twitter:site\" content=\"@litteraturbank\" \/>\n<meta name=\"twitter:label1\" content=\"Ber\u00e4knad l\u00e4stid\" \/>\n\t<meta name=\"twitter:data1\" content=\"2 minuter\" \/>\n<script type=\"application\/ld+json\" class=\"yoast-schema-graph\">{\"@context\":\"https:\/\/schema.org\",\"@graph\":[{\"@type\":\"WebPage\",\"@id\":\"https:\/\/litteraturbanken.se\/ljudochbild\/forfattare\/thorildt\/\",\"url\":\"https:\/\/litteraturbanken.se\/ljudochbild\/forfattare\/thorildt\/\",\"name\":\"Thomas Thorild (1759\u20131808) - Ljud &amp; Bild\",\"isPartOf\":{\"@id\":\"https:\/\/litteraturbanken.se\/ljudochbild\/#website\"},\"primaryImageOfPage\":{\"@id\":\"https:\/\/litteraturbanken.se\/ljudochbild\/forfattare\/thorildt\/#primaryimage\"},\"image\":{\"@id\":\"https:\/\/litteraturbanken.se\/ljudochbild\/forfattare\/thorildt\/#primaryimage\"},\"thumbnailUrl\":\"https:\/\/litteraturbanken.se\/ljudochbild\/wp-content\/uploads\/2019\/08\/ThorildT_large.jpeg\",\"datePublished\":\"2019-08-13T14:30:40+00:00\",\"dateModified\":\"2024-09-17T13:36:15+00:00\",\"breadcrumb\":{\"@id\":\"https:\/\/litteraturbanken.se\/ljudochbild\/forfattare\/thorildt\/#breadcrumb\"},\"inLanguage\":\"sv-SE\",\"potentialAction\":[{\"@type\":\"ReadAction\",\"target\":[\"https:\/\/litteraturbanken.se\/ljudochbild\/forfattare\/thorildt\/\"]}]},{\"@type\":\"ImageObject\",\"inLanguage\":\"sv-SE\",\"@id\":\"https:\/\/litteraturbanken.se\/ljudochbild\/forfattare\/thorildt\/#primaryimage\",\"url\":\"https:\/\/litteraturbanken.se\/ljudochbild\/wp-content\/uploads\/2019\/08\/ThorildT_large.jpeg\",\"contentUrl\":\"https:\/\/litteraturbanken.se\/ljudochbild\/wp-content\/uploads\/2019\/08\/ThorildT_large.jpeg\",\"width\":461,\"height\":550},{\"@type\":\"BreadcrumbList\",\"@id\":\"https:\/\/litteraturbanken.se\/ljudochbild\/forfattare\/thorildt\/#breadcrumb\",\"itemListElement\":[{\"@type\":\"ListItem\",\"position\":1,\"name\":\"Hem\",\"item\":\"https:\/\/litteraturbanken.se\/ljudochbild\/\"},{\"@type\":\"ListItem\",\"position\":2,\"name\":\"F\u00f6rfattare\",\"item\":\"https:\/\/litteraturbanken.se\/ljudochbild\/forfattare\/\"},{\"@type\":\"ListItem\",\"position\":3,\"name\":\"Thomas Thorild (1759\u20131808)\"}]},{\"@type\":\"WebSite\",\"@id\":\"https:\/\/litteraturbanken.se\/ljudochbild\/#website\",\"url\":\"https:\/\/litteraturbanken.se\/ljudochbild\/\",\"name\":\"Ljud & Bild\",\"description\":\"Ur Litteraturbankens samlingar\",\"potentialAction\":[{\"@type\":\"SearchAction\",\"target\":{\"@type\":\"EntryPoint\",\"urlTemplate\":\"https:\/\/litteraturbanken.se\/ljudochbild\/?s={search_term_string}\"},\"query-input\":{\"@type\":\"PropertyValueSpecification\",\"valueRequired\":true,\"valueName\":\"search_term_string\"}}],\"inLanguage\":\"sv-SE\"}]}<\/script>\n<!-- \/ Yoast SEO plugin. -->","yoast_head_json":{"title":"Thomas Thorild (1759\u20131808) - Ljud &amp; Bild","robots":{"index":"index","follow":"follow","max-snippet":"max-snippet:-1","max-image-preview":"max-image-preview:large","max-video-preview":"max-video-preview:-1"},"canonical":"https:\/\/litteraturbanken.se\/ljudochbild\/forfattare\/thorildt\/","og_locale":"sv_SE","og_type":"article","og_title":"Thomas Thorild (1759\u20131808) - Ljud &amp; Bild","og_description":"\u201dTHOMAS THORILD (1759\u20131808) best\u00e4mde sig tidigt f\u00f6r att bli geni. Han efterstr\u00e4vade en alltigenom f\u00f6r\u00e4ndrad syn p\u00e5 litteraturen och f\u00f6rfattarrollen och kom h\u00e4rvid att kalla sig, inte f\u00f6r skald utan f\u00f6r \u201dAutor\u201d \u2013 \u201den pr\u00e4st i Naturens heliga [&hellip;]","og_url":"https:\/\/litteraturbanken.se\/ljudochbild\/forfattare\/thorildt\/","og_site_name":"Ljud &amp; Bild","article_publisher":"https:\/\/www.facebook.com\/Litteraturbanken.se","article_modified_time":"2024-09-17T13:36:15+00:00","og_image":[{"width":461,"height":550,"url":"https:\/\/litteraturbanken.se\/ljudochbild\/wp-content\/uploads\/2019\/08\/ThorildT_large.jpeg","type":"image\/jpeg"}],"twitter_card":"summary_large_image","twitter_site":"@litteraturbank","twitter_misc":{"Ber\u00e4knad l\u00e4stid":"2 minuter"},"schema":{"@context":"https:\/\/schema.org","@graph":[{"@type":"WebPage","@id":"https:\/\/litteraturbanken.se\/ljudochbild\/forfattare\/thorildt\/","url":"https:\/\/litteraturbanken.se\/ljudochbild\/forfattare\/thorildt\/","name":"Thomas Thorild (1759\u20131808) - Ljud &amp; Bild","isPartOf":{"@id":"https:\/\/litteraturbanken.se\/ljudochbild\/#website"},"primaryImageOfPage":{"@id":"https:\/\/litteraturbanken.se\/ljudochbild\/forfattare\/thorildt\/#primaryimage"},"image":{"@id":"https:\/\/litteraturbanken.se\/ljudochbild\/forfattare\/thorildt\/#primaryimage"},"thumbnailUrl":"https:\/\/litteraturbanken.se\/ljudochbild\/wp-content\/uploads\/2019\/08\/ThorildT_large.jpeg","datePublished":"2019-08-13T14:30:40+00:00","dateModified":"2024-09-17T13:36:15+00:00","breadcrumb":{"@id":"https:\/\/litteraturbanken.se\/ljudochbild\/forfattare\/thorildt\/#breadcrumb"},"inLanguage":"sv-SE","potentialAction":[{"@type":"ReadAction","target":["https:\/\/litteraturbanken.se\/ljudochbild\/forfattare\/thorildt\/"]}]},{"@type":"ImageObject","inLanguage":"sv-SE","@id":"https:\/\/litteraturbanken.se\/ljudochbild\/forfattare\/thorildt\/#primaryimage","url":"https:\/\/litteraturbanken.se\/ljudochbild\/wp-content\/uploads\/2019\/08\/ThorildT_large.jpeg","contentUrl":"https:\/\/litteraturbanken.se\/ljudochbild\/wp-content\/uploads\/2019\/08\/ThorildT_large.jpeg","width":461,"height":550},{"@type":"BreadcrumbList","@id":"https:\/\/litteraturbanken.se\/ljudochbild\/forfattare\/thorildt\/#breadcrumb","itemListElement":[{"@type":"ListItem","position":1,"name":"Hem","item":"https:\/\/litteraturbanken.se\/ljudochbild\/"},{"@type":"ListItem","position":2,"name":"F\u00f6rfattare","item":"https:\/\/litteraturbanken.se\/ljudochbild\/forfattare\/"},{"@type":"ListItem","position":3,"name":"Thomas Thorild (1759\u20131808)"}]},{"@type":"WebSite","@id":"https:\/\/litteraturbanken.se\/ljudochbild\/#website","url":"https:\/\/litteraturbanken.se\/ljudochbild\/","name":"Ljud & Bild","description":"Ur Litteraturbankens samlingar","potentialAction":[{"@type":"SearchAction","target":{"@type":"EntryPoint","urlTemplate":"https:\/\/litteraturbanken.se\/ljudochbild\/?s={search_term_string}"},"query-input":{"@type":"PropertyValueSpecification","valueRequired":true,"valueName":"search_term_string"}}],"inLanguage":"sv-SE"}]}},"_links":{"self":[{"href":"https:\/\/litteraturbanken.se\/ljudochbild\/wp-json\/wp\/v2\/pages\/717","targetHints":{"allow":["GET"]}}],"collection":[{"href":"https:\/\/litteraturbanken.se\/ljudochbild\/wp-json\/wp\/v2\/pages"}],"about":[{"href":"https:\/\/litteraturbanken.se\/ljudochbild\/wp-json\/wp\/v2\/types\/page"}],"author":[{"embeddable":true,"href":"https:\/\/litteraturbanken.se\/ljudochbild\/wp-json\/wp\/v2\/users\/1"}],"replies":[{"embeddable":true,"href":"https:\/\/litteraturbanken.se\/ljudochbild\/wp-json\/wp\/v2\/comments?post=717"}],"version-history":[{"count":6,"href":"https:\/\/litteraturbanken.se\/ljudochbild\/wp-json\/wp\/v2\/pages\/717\/revisions"}],"predecessor-version":[{"id":12278,"href":"https:\/\/litteraturbanken.se\/ljudochbild\/wp-json\/wp\/v2\/pages\/717\/revisions\/12278"}],"up":[{"embeddable":true,"href":"https:\/\/litteraturbanken.se\/ljudochbild\/wp-json\/wp\/v2\/pages\/7"}],"wp:featuredmedia":[{"embeddable":true,"href":"https:\/\/litteraturbanken.se\/ljudochbild\/wp-json\/wp\/v2\/media\/861"}],"wp:attachment":[{"href":"https:\/\/litteraturbanken.se\/ljudochbild\/wp-json\/wp\/v2\/media?parent=717"}],"curies":[{"name":"wp","href":"https:\/\/api.w.org\/{rel}","templated":true}]}}