{"id":719,"date":"2019-08-13T16:31:23","date_gmt":"2019-08-13T14:31:23","guid":{"rendered":"http:\/\/ordfabriken.org\/ljud\/?page_id=719"},"modified":"2024-09-17T15:38:35","modified_gmt":"2024-09-17T13:38:35","slug":"topeliusz","status":"publish","type":"page","link":"https:\/\/litteraturbanken.se\/ljudochbild\/forfattare\/topeliusz\/","title":{"rendered":"Zacharias Topelius (1818\u20131898)"},"content":{"rendered":"<div class=\"wp-block-image\">\n<figure class=\"alignright\"><img loading=\"lazy\" decoding=\"async\" width=\"180\" height=\"300\" src=\"https:\/\/litteraturbanken.se\/ljudochbild\/wp-content\/uploads\/2019\/08\/TopeliusZ_large-180x300.jpeg\" alt=\"\" class=\"wp-image-863\" srcset=\"https:\/\/litteraturbanken.se\/ljudochbild\/wp-content\/uploads\/2019\/08\/TopeliusZ_large-180x300.jpeg 180w, https:\/\/litteraturbanken.se\/ljudochbild\/wp-content\/uploads\/2019\/08\/TopeliusZ_large-768x1282.jpeg 768w, https:\/\/litteraturbanken.se\/ljudochbild\/wp-content\/uploads\/2019\/08\/TopeliusZ_large-613x1024.jpeg 613w, https:\/\/litteraturbanken.se\/ljudochbild\/wp-content\/uploads\/2019\/08\/TopeliusZ_large-480x801.jpeg 480w, https:\/\/litteraturbanken.se\/ljudochbild\/wp-content\/uploads\/2019\/08\/TopeliusZ_large.jpeg 786w\" sizes=\"auto, (max-width: 180px) 100vw, 180px\" \/><\/figure>\n<\/div>\n\n\n<p>\u201dZACHARIAS TOPELIUS (1818\u20131898) f\u00f6ddes som son till stadsl\u00e4karen i Nykarleby. Han undervisades av fadern och av informatorer, gick i skola i Ule\u00e5borg och tog studenten vid femton \u00e5rs \u00e5lder. Inf\u00f6r universitetsstudierna undervisades han i Helsingfors av\u00a0<a href=\"https:\/\/litteraturbanken.se\/forfattare\/RunebergJL\">Runeberg<\/a>. Hans bel\u00e4senhet var redan i ton\u00e5ren imponerande och han var br\u00e5dmogen som f\u00f6rfattare. Den finskspr\u00e5kiga litteraturen fanns tidigt i n\u00e4rheten som en inspirationsk\u00e4lla, eftersom fadern samlade och nedtecknade finsk folkpoesi.<\/p>\n\n\n\n<p>Topelius hade m\u00e5nga roller under sitt l\u00e5nga liv: journalist, prosaf\u00f6rfattare, historieprofessor, sagodiktare. Hans litter\u00e4ra produktion \u00e4r \u00f6verv\u00e4ldigande stor, oj\u00e4mn och skiftande; \u00e4ven om mycket numer har glidit in i gl\u00f6mskan finns tillr\u00e4ckligt mycket kvar som levande litteratur.\u201d<\/p>\n\n\n\n<p>Stycket ovanf\u00f6r kommer ur Tom Hedlunds introduktion av Zacharias Topelius hos Litteraturbanken.<\/p>\n\n\n\n<div class=\"wp-block-buttons is-layout-flex wp-block-buttons-is-layout-flex\">\n<div class=\"wp-block-button has-custom-font-size read-more-button\" style=\"font-size:14px\"><a class=\"wp-block-button__link has-white-color has-text-color has-background wp-element-button\" href=\"https:\/\/litteraturbanken.se\/f%C3%B6rfattare\/TopeliusZ\" style=\"border-radius:0px;background-color:#cd2400\" target=\"_blank\" rel=\"noopener\"><strong>L\u00c4S MER OM ZACHARIAS TOPELIUS<\/strong><\/a><\/div>\n\n\n\n<div class=\"wp-block-button has-custom-font-size read-more-button\" style=\"font-size:14px\"><a class=\"wp-block-button__link has-white-color has-text-color has-background wp-element-button\" href=\"https:\/\/litteraturbanken.se\/f%C3%B6rfattare\/TopeliusZ\/titlar\" style=\"border-radius:0px;background-color:#cd2400\" target=\"_blank\" rel=\"noopener\"><strong>L\u00c4S ZACHARIAS TOPELIUS VERK HOS LB.SE<\/strong><\/a><\/div>\n<\/div>\n\n\n\n<div style=\"height:20px\" aria-hidden=\"true\" class=\"wp-block-spacer\"><\/div>\n\n\n\n<div class=\"wp-playlist wp-audio-playlist wp-playlist-light\">\n\t\t\t<div class=\"wp-playlist-current-item\"><\/div>\n\t\t<audio controls=\"controls\" preload=\"none\" width=\"618\"\n\t\t\t><\/audio>\n\t<div class=\"wp-playlist-next\"><\/div>\n\t<div class=\"wp-playlist-prev\"><\/div>\n\t<noscript>\n\t<ol>\n\t\t<li><a href='https:\/\/litteraturbanken.se\/ljudochbild\/wp-content\/uploads\/2024\/09\/topelius_denblarandenpahavet_hulden.mp3'>Den bl\u00e5 randen p\u00e5 hafvet<\/a><\/li><li><a href='https:\/\/litteraturbanken.se\/ljudochbild\/wp-content\/uploads\/2024\/09\/topelius_fiskarensjunger_lundberg.mp3'>Fiskaren sjunger i sin b\u00e5t om qv\u00e4llen p\u00e5 hafvet<\/a><\/li><li><a href='https:\/\/litteraturbanken.se\/ljudochbild\/wp-content\/uploads\/2024\/09\/topelius_julnatten_bertell.mp3'>Julnatten<\/a><\/li><li><a href='https:\/\/litteraturbanken.se\/ljudochbild\/wp-content\/uploads\/2024\/09\/topelius_langmatt_idman.mp3'>Lang Matt<\/a><\/li><li><a href='https:\/\/litteraturbanken.se\/ljudochbild\/wp-content\/uploads\/2024\/09\/topelius_paroinesstrand_ekblad.mp3'>P\u00e5 Roines strand<\/a><\/li><li><a href='https:\/\/litteraturbanken.se\/ljudochbild\/wp-content\/uploads\/2024\/09\/topelius_vintergatan_ekblad.mp3'>Vintergatan<\/a><\/li><li><a href='https:\/\/litteraturbanken.se\/ljudochbild\/wp-content\/uploads\/2019\/09\/topelius_vintergatan_engdahl.mp3'>Vintergatan<\/a><\/li>\t<\/ol>\n\t<\/noscript>\n\t<script type=\"application\/json\" class=\"wp-playlist-script\">{\"type\":\"audio\",\"tracklist\":true,\"tracknumbers\":true,\"images\":true,\"artists\":true,\"tracks\":[{\"src\":\"https:\/\/litteraturbanken.se\/ljudochbild\/wp-content\/uploads\/2024\/09\/topelius_denblarandenpahavet_hulden.mp3\",\"type\":\"audio\/mpeg\",\"title\":\"Den bl\\u00e5 randen p\\u00e5 hafvet\",\"caption\":\"\",\"description\":\"\\u201dDen bl\\u00e5 randen p\\u00e5 hafvet\\u201d fr\\u00e5n Zacharias Topelius l\\u00e4st av Marjorita Huld\\u00e9n av Dikt 1593\\u20131939. Svensk och finlandssvensk lyrik i uppl\\u00e4sning av svenska och finlandssvenska sk\\u00e5despelare.\",\"meta\":{\"artist\":\"Marjorita Huld\\u00e9n l\\u00e4ser Zacharias Topelius. Dikt 1593\\u20131939\",\"album\":\"Zacharias Topelius\",\"length_formatted\":\"3:30\"},\"image\":{\"src\":\"https:\/\/litteraturbanken.se\/ljudochbild\/wp-content\/uploads\/2024\/09\/almqvist_denlyssnandemaria_lindh-mp3-image.jpg\",\"width\":1200,\"height\":1201},\"thumb\":{\"src\":\"https:\/\/litteraturbanken.se\/ljudochbild\/wp-content\/uploads\/2024\/09\/almqvist_denlyssnandemaria_lindh-mp3-image-150x150.jpg\",\"width\":150,\"height\":150}},{\"src\":\"https:\/\/litteraturbanken.se\/ljudochbild\/wp-content\/uploads\/2024\/09\/topelius_fiskarensjunger_lundberg.mp3\",\"type\":\"audio\/mpeg\",\"title\":\"Fiskaren sjunger i sin b\\u00e5t om qv\\u00e4llen p\\u00e5 hafvet\",\"caption\":\"\",\"description\":\"\\u201dFiskaren sjunger i sin b\\u00e5t om qv\\u00e4llen p\\u00e5 hafvet\\u201d fr\\u00e5n Zacharias Topelius l\\u00e4st av Sixten Lundberg av Dikt 1593\\u20131939. Svensk och finlandssvensk lyrik i uppl\\u00e4sning av svenska och finlandssvenska sk\\u00e5despelare.\",\"meta\":{\"artist\":\"Sixten Lundberg l\\u00e4ser Zacharias Topelius. Dikt 1593\\u20131939\",\"album\":\"Zacharias Topelius\",\"length_formatted\":\"2:34\"},\"image\":{\"src\":\"https:\/\/litteraturbanken.se\/ljudochbild\/wp-content\/uploads\/2024\/09\/almqvist_denlyssnandemaria_lindh-mp3-image.jpg\",\"width\":1200,\"height\":1201},\"thumb\":{\"src\":\"https:\/\/litteraturbanken.se\/ljudochbild\/wp-content\/uploads\/2024\/09\/almqvist_denlyssnandemaria_lindh-mp3-image-150x150.jpg\",\"width\":150,\"height\":150}},{\"src\":\"https:\/\/litteraturbanken.se\/ljudochbild\/wp-content\/uploads\/2024\/09\/topelius_julnatten_bertell.mp3\",\"type\":\"audio\/mpeg\",\"title\":\"Julnatten\",\"caption\":\"\",\"description\":\"\\u201dJulnatten\\u201d fr\\u00e5n Zacharias Topelius l\\u00e4st av Ann-Luise Bertell av Dikt 1593\\u20131939. Svensk och finlandssvensk lyrik i uppl\\u00e4sning av svenska och finlandssvenska sk\\u00e5despelare.\",\"meta\":{\"artist\":\"Ann-Luise Bertell l\\u00e4ser Zacharias Topelius. Dikt 1593\\u20131939\",\"album\":\"Zacharias Topelius\",\"length_formatted\":\"2:21\"},\"image\":{\"src\":\"https:\/\/litteraturbanken.se\/ljudochbild\/wp-content\/uploads\/2024\/09\/almqvist_denlyssnandemaria_lindh-mp3-image.jpg\",\"width\":1200,\"height\":1201},\"thumb\":{\"src\":\"https:\/\/litteraturbanken.se\/ljudochbild\/wp-content\/uploads\/2024\/09\/almqvist_denlyssnandemaria_lindh-mp3-image-150x150.jpg\",\"width\":150,\"height\":150}},{\"src\":\"https:\/\/litteraturbanken.se\/ljudochbild\/wp-content\/uploads\/2024\/09\/topelius_langmatt_idman.mp3\",\"type\":\"audio\/mpeg\",\"title\":\"Lang Matt\",\"caption\":\"\",\"description\":\"\\u201dLang Matt\\u201d fr\\u00e5n Zacharias Topelius l\\u00e4st av Dick Idman av Dikt 1593\\u20131939. Svensk och finlandssvensk lyrik i uppl\\u00e4sning av svenska och finlandssvenska sk\\u00e5despelare.\",\"meta\":{\"artist\":\"Dick Idman l\\u00e4ser Zacharias Topelius. Dikt 1593\\u20131939\",\"album\":\"Zacharias Topelius\",\"length_formatted\":\"3:43\"},\"image\":{\"src\":\"https:\/\/litteraturbanken.se\/ljudochbild\/wp-content\/uploads\/2024\/09\/almqvist_denlyssnandemaria_lindh-mp3-image.jpg\",\"width\":1200,\"height\":1201},\"thumb\":{\"src\":\"https:\/\/litteraturbanken.se\/ljudochbild\/wp-content\/uploads\/2024\/09\/almqvist_denlyssnandemaria_lindh-mp3-image-150x150.jpg\",\"width\":150,\"height\":150}},{\"src\":\"https:\/\/litteraturbanken.se\/ljudochbild\/wp-content\/uploads\/2024\/09\/topelius_paroinesstrand_ekblad.mp3\",\"type\":\"audio\/mpeg\",\"title\":\"P\\u00e5 Roines strand\",\"caption\":\"\",\"description\":\"\\u201dP\\u00e5 Roines strand\\u201d fr\\u00e5n Zacharias Topelius l\\u00e4st av Ylva Ekblad av Dikt 1593\\u20131939. Svensk och finlandssvensk lyrik i uppl\\u00e4sning av svenska och finlandssvenska sk\\u00e5despelare.\",\"meta\":{\"artist\":\"Ylva Ekblad l\\u00e4ser Zacharias Topelius. Dikt 1593\\u20131939\",\"album\":\"Zacharias Topelius\",\"length_formatted\":\"1:54\"},\"image\":{\"src\":\"https:\/\/litteraturbanken.se\/ljudochbild\/wp-content\/uploads\/2024\/09\/almqvist_denlyssnandemaria_lindh-mp3-image.jpg\",\"width\":1200,\"height\":1201},\"thumb\":{\"src\":\"https:\/\/litteraturbanken.se\/ljudochbild\/wp-content\/uploads\/2024\/09\/almqvist_denlyssnandemaria_lindh-mp3-image-150x150.jpg\",\"width\":150,\"height\":150}},{\"src\":\"https:\/\/litteraturbanken.se\/ljudochbild\/wp-content\/uploads\/2024\/09\/topelius_vintergatan_ekblad.mp3\",\"type\":\"audio\/mpeg\",\"title\":\"Vintergatan\",\"caption\":\"\",\"description\":\"\\u201dVintergatan\\u201d fr\\u00e5n Zacharias Topelius l\\u00e4st av Stina Ekblad av Dikt 1593\\u20131939. Svensk och finlandssvensk lyrik i uppl\\u00e4sning av svenska och finlandssvenska sk\\u00e5despelare.\",\"meta\":{\"artist\":\"Stina Ekblad l\\u00e4ser Zacharias Topelius. Dikt 1593\\u20131939\",\"album\":\"Zacharias Topelius\",\"length_formatted\":\"4:53\"},\"image\":{\"src\":\"https:\/\/litteraturbanken.se\/ljudochbild\/wp-content\/uploads\/2024\/09\/almqvist_denlyssnandemaria_lindh-mp3-image.jpg\",\"width\":1200,\"height\":1201},\"thumb\":{\"src\":\"https:\/\/litteraturbanken.se\/ljudochbild\/wp-content\/uploads\/2024\/09\/almqvist_denlyssnandemaria_lindh-mp3-image-150x150.jpg\",\"width\":150,\"height\":150}},{\"src\":\"https:\/\/litteraturbanken.se\/ljudochbild\/wp-content\/uploads\/2019\/09\/topelius_vintergatan_engdahl.mp3\",\"type\":\"audio\/mpeg\",\"title\":\"Vintergatan\",\"caption\":\"\",\"description\":\"\\\"Vintergatan\\\" fr\\u00e5n Vintergatan av Topelius, Zacharias.\",\"meta\":{\"artist\":\"Horace Engdahl l\\u00e4ser Zacharias Topelius\",\"album\":\"Zacharias Topelius\",\"length_formatted\":\"3:13\"},\"image\":{\"src\":\"https:\/\/litteraturbanken.se\/ljudochbild\/wp-content\/plugins\/media-library-assistant\/images\/crystal\/audio.png\",\"width\":48,\"height\":64},\"thumb\":{\"src\":\"https:\/\/litteraturbanken.se\/ljudochbild\/wp-content\/plugins\/media-library-assistant\/images\/crystal\/audio.png\",\"width\":48,\"height\":64}}]}<\/script>\n<\/div>\n\t\n\n\n\n<hr class=\"wp-block-separator has-alpha-channel-opacity\"\/>\n\n\n\n<p><em>Inspelningarna tillg\u00e4ngligg\u00f6rs h\u00e4r med tillst\u00e5nd fr\u00e5n inl\u00e4sarna. \u2013 <em>Fotografiet ovanf\u00f6r \u00e4r taget av Daniel Nyblin.<\/em><\/em><\/p>\n\n\n<h3 class=\"wp-block-heading author-related-title\">L\u00e4s mer<\/h3>\r\n<div class=\"display-posts-listing grid\"><div class=\"listing-item\"><a class=\"image\" href=\"https:\/\/litteraturbanken.se\/ljudochbild\/2024\/08\/16\/ljungblommornas-skald\/\"><img loading=\"lazy\" decoding=\"async\" width=\"640\" height=\"786\" src=\"https:\/\/litteraturbanken.se\/ljudochbild\/wp-content\/uploads\/2024\/06\/topelius_etsning-834x1024.jpg\" class=\"attachment-large size-large wp-post-image\" alt=\"Zacharias Topelius\" srcset=\"https:\/\/litteraturbanken.se\/ljudochbild\/wp-content\/uploads\/2024\/06\/topelius_etsning-834x1024.jpg 834w, https:\/\/litteraturbanken.se\/ljudochbild\/wp-content\/uploads\/2024\/06\/topelius_etsning-244x300.jpg 244w, https:\/\/litteraturbanken.se\/ljudochbild\/wp-content\/uploads\/2024\/06\/topelius_etsning-768x943.jpg 768w, https:\/\/litteraturbanken.se\/ljudochbild\/wp-content\/uploads\/2024\/06\/topelius_etsning-480x590.jpg 480w, https:\/\/litteraturbanken.se\/ljudochbild\/wp-content\/uploads\/2024\/06\/topelius_etsning.jpg 1200w\" sizes=\"auto, (max-width: 640px) 100vw, 640px\" \/><\/a> <a class=\"title\" href=\"https:\/\/litteraturbanken.se\/ljudochbild\/2024\/08\/16\/ljungblommornas-skald\/\">Ljungblommornas skald<\/a><\/div><div class=\"listing-item\"><a class=\"image\" href=\"https:\/\/litteraturbanken.se\/ljudochbild\/2024\/06\/25\/roster-i-oster\/\"><img loading=\"lazy\" decoding=\"async\" width=\"640\" height=\"471\" src=\"https:\/\/litteraturbanken.se\/ljudochbild\/wp-content\/uploads\/2024\/06\/rosterioster-1024x753.jpg\" class=\"attachment-large size-large wp-post-image\" alt=\"R\u00f6ster i \u00f6ster\" srcset=\"https:\/\/litteraturbanken.se\/ljudochbild\/wp-content\/uploads\/2024\/06\/rosterioster-1024x753.jpg 1024w, https:\/\/litteraturbanken.se\/ljudochbild\/wp-content\/uploads\/2024\/06\/rosterioster-300x221.jpg 300w, https:\/\/litteraturbanken.se\/ljudochbild\/wp-content\/uploads\/2024\/06\/rosterioster-768x564.jpg 768w, https:\/\/litteraturbanken.se\/ljudochbild\/wp-content\/uploads\/2024\/06\/rosterioster-480x353.jpg 480w, https:\/\/litteraturbanken.se\/ljudochbild\/wp-content\/uploads\/2024\/06\/rosterioster.jpg 1200w\" sizes=\"auto, (max-width: 640px) 100vw, 640px\" \/><\/a> <a class=\"title\" href=\"https:\/\/litteraturbanken.se\/ljudochbild\/2024\/06\/25\/roster-i-oster\/\">R\u00f6ster i \u00f6ster<\/a><\/div><div class=\"listing-item\"><a class=\"image\" href=\"https:\/\/litteraturbanken.se\/ljudochbild\/2026\/02\/05\/vinterns-litteratur\/\"><img loading=\"lazy\" decoding=\"async\" width=\"640\" height=\"823\" src=\"https:\/\/litteraturbanken.se\/ljudochbild\/wp-content\/uploads\/2026\/02\/norrsken.jpg\" class=\"attachment-large size-large wp-post-image\" alt=\"\" srcset=\"https:\/\/litteraturbanken.se\/ljudochbild\/wp-content\/uploads\/2026\/02\/norrsken.jpg 778w, https:\/\/litteraturbanken.se\/ljudochbild\/wp-content\/uploads\/2026\/02\/norrsken-233x300.jpg 233w, https:\/\/litteraturbanken.se\/ljudochbild\/wp-content\/uploads\/2026\/02\/norrsken-768x987.jpg 768w, https:\/\/litteraturbanken.se\/ljudochbild\/wp-content\/uploads\/2026\/02\/norrsken-480x617.jpg 480w\" sizes=\"auto, (max-width: 640px) 100vw, 640px\" \/><\/a> <a class=\"title\" href=\"https:\/\/litteraturbanken.se\/ljudochbild\/2026\/02\/05\/vinterns-litteratur\/\">Vinterns litteratur<\/a><\/div><\/div>\r\n\r\n\n","protected":false},"excerpt":{"rendered":"<p>\u201dZACHARIAS TOPELIUS (1818\u20131898) f\u00f6ddes som son till stadsl\u00e4karen i Nykarleby. Han undervisades av fadern och av informatorer, gick i skola i Ule\u00e5borg och tog studenten vid femton \u00e5rs \u00e5lder. Inf\u00f6r universitetsstudierna undervisades han i Helsingfors av\u00a0Runeberg. Hans bel\u00e4senhet [&hellip;]<\/p>\n","protected":false},"author":1,"featured_media":863,"parent":7,"menu_order":0,"comment_status":"closed","ping_status":"closed","template":"","meta":{"footnotes":""},"class_list":["post-719","page","type-page","status-publish","has-post-thumbnail","hentry"],"yoast_head":"<!-- This site is optimized with the Yoast SEO plugin v27.1.1 - https:\/\/yoast.com\/product\/yoast-seo-wordpress\/ -->\n<title>Zacharias Topelius (1818\u20131898) - Ljud &amp; Bild<\/title>\n<meta name=\"robots\" content=\"index, follow, max-snippet:-1, max-image-preview:large, max-video-preview:-1\" \/>\n<link rel=\"canonical\" href=\"https:\/\/litteraturbanken.se\/ljudochbild\/forfattare\/topeliusz\/\" \/>\n<meta property=\"og:locale\" content=\"sv_SE\" \/>\n<meta property=\"og:type\" content=\"article\" \/>\n<meta property=\"og:title\" content=\"Zacharias Topelius (1818\u20131898) - Ljud &amp; Bild\" \/>\n<meta property=\"og:description\" content=\"\u201dZACHARIAS TOPELIUS (1818\u20131898) f\u00f6ddes som son till stadsl\u00e4karen i Nykarleby. Han undervisades av fadern och av informatorer, gick i skola i Ule\u00e5borg och tog studenten vid femton \u00e5rs \u00e5lder. Inf\u00f6r universitetsstudierna undervisades han i Helsingfors av\u00a0Runeberg. Hans bel\u00e4senhet [&hellip;]\" \/>\n<meta property=\"og:url\" content=\"https:\/\/litteraturbanken.se\/ljudochbild\/forfattare\/topeliusz\/\" \/>\n<meta property=\"og:site_name\" content=\"Ljud &amp; Bild\" \/>\n<meta property=\"article:publisher\" content=\"https:\/\/www.facebook.com\/Litteraturbanken.se\" \/>\n<meta property=\"article:modified_time\" content=\"2024-09-17T13:38:35+00:00\" \/>\n<meta property=\"og:image\" content=\"https:\/\/litteraturbanken.se\/ljudochbild\/wp-content\/uploads\/2019\/08\/TopeliusZ_large.jpeg\" \/>\n\t<meta property=\"og:image:width\" content=\"786\" \/>\n\t<meta property=\"og:image:height\" content=\"1312\" \/>\n\t<meta property=\"og:image:type\" content=\"image\/jpeg\" \/>\n<meta name=\"twitter:card\" content=\"summary_large_image\" \/>\n<meta name=\"twitter:site\" content=\"@litteraturbank\" \/>\n<meta name=\"twitter:label1\" content=\"Ber\u00e4knad l\u00e4stid\" \/>\n\t<meta name=\"twitter:data1\" content=\"2 minuter\" \/>\n<script type=\"application\/ld+json\" class=\"yoast-schema-graph\">{\"@context\":\"https:\/\/schema.org\",\"@graph\":[{\"@type\":\"WebPage\",\"@id\":\"https:\/\/litteraturbanken.se\/ljudochbild\/forfattare\/topeliusz\/\",\"url\":\"https:\/\/litteraturbanken.se\/ljudochbild\/forfattare\/topeliusz\/\",\"name\":\"Zacharias Topelius (1818\u20131898) - Ljud &amp; Bild\",\"isPartOf\":{\"@id\":\"https:\/\/litteraturbanken.se\/ljudochbild\/#website\"},\"primaryImageOfPage\":{\"@id\":\"https:\/\/litteraturbanken.se\/ljudochbild\/forfattare\/topeliusz\/#primaryimage\"},\"image\":{\"@id\":\"https:\/\/litteraturbanken.se\/ljudochbild\/forfattare\/topeliusz\/#primaryimage\"},\"thumbnailUrl\":\"https:\/\/litteraturbanken.se\/ljudochbild\/wp-content\/uploads\/2019\/08\/TopeliusZ_large.jpeg\",\"datePublished\":\"2019-08-13T14:31:23+00:00\",\"dateModified\":\"2024-09-17T13:38:35+00:00\",\"breadcrumb\":{\"@id\":\"https:\/\/litteraturbanken.se\/ljudochbild\/forfattare\/topeliusz\/#breadcrumb\"},\"inLanguage\":\"sv-SE\",\"potentialAction\":[{\"@type\":\"ReadAction\",\"target\":[\"https:\/\/litteraturbanken.se\/ljudochbild\/forfattare\/topeliusz\/\"]}]},{\"@type\":\"ImageObject\",\"inLanguage\":\"sv-SE\",\"@id\":\"https:\/\/litteraturbanken.se\/ljudochbild\/forfattare\/topeliusz\/#primaryimage\",\"url\":\"https:\/\/litteraturbanken.se\/ljudochbild\/wp-content\/uploads\/2019\/08\/TopeliusZ_large.jpeg\",\"contentUrl\":\"https:\/\/litteraturbanken.se\/ljudochbild\/wp-content\/uploads\/2019\/08\/TopeliusZ_large.jpeg\",\"width\":786,\"height\":1312},{\"@type\":\"BreadcrumbList\",\"@id\":\"https:\/\/litteraturbanken.se\/ljudochbild\/forfattare\/topeliusz\/#breadcrumb\",\"itemListElement\":[{\"@type\":\"ListItem\",\"position\":1,\"name\":\"Hem\",\"item\":\"https:\/\/litteraturbanken.se\/ljudochbild\/\"},{\"@type\":\"ListItem\",\"position\":2,\"name\":\"F\u00f6rfattare\",\"item\":\"https:\/\/litteraturbanken.se\/ljudochbild\/forfattare\/\"},{\"@type\":\"ListItem\",\"position\":3,\"name\":\"Zacharias Topelius (1818\u20131898)\"}]},{\"@type\":\"WebSite\",\"@id\":\"https:\/\/litteraturbanken.se\/ljudochbild\/#website\",\"url\":\"https:\/\/litteraturbanken.se\/ljudochbild\/\",\"name\":\"Ljud & Bild\",\"description\":\"Ur Litteraturbankens samlingar\",\"potentialAction\":[{\"@type\":\"SearchAction\",\"target\":{\"@type\":\"EntryPoint\",\"urlTemplate\":\"https:\/\/litteraturbanken.se\/ljudochbild\/?s={search_term_string}\"},\"query-input\":{\"@type\":\"PropertyValueSpecification\",\"valueRequired\":true,\"valueName\":\"search_term_string\"}}],\"inLanguage\":\"sv-SE\"}]}<\/script>\n<!-- \/ Yoast SEO plugin. -->","yoast_head_json":{"title":"Zacharias Topelius (1818\u20131898) - Ljud &amp; Bild","robots":{"index":"index","follow":"follow","max-snippet":"max-snippet:-1","max-image-preview":"max-image-preview:large","max-video-preview":"max-video-preview:-1"},"canonical":"https:\/\/litteraturbanken.se\/ljudochbild\/forfattare\/topeliusz\/","og_locale":"sv_SE","og_type":"article","og_title":"Zacharias Topelius (1818\u20131898) - Ljud &amp; Bild","og_description":"\u201dZACHARIAS TOPELIUS (1818\u20131898) f\u00f6ddes som son till stadsl\u00e4karen i Nykarleby. Han undervisades av fadern och av informatorer, gick i skola i Ule\u00e5borg och tog studenten vid femton \u00e5rs \u00e5lder. Inf\u00f6r universitetsstudierna undervisades han i Helsingfors av\u00a0Runeberg. Hans bel\u00e4senhet [&hellip;]","og_url":"https:\/\/litteraturbanken.se\/ljudochbild\/forfattare\/topeliusz\/","og_site_name":"Ljud &amp; Bild","article_publisher":"https:\/\/www.facebook.com\/Litteraturbanken.se","article_modified_time":"2024-09-17T13:38:35+00:00","og_image":[{"width":786,"height":1312,"url":"https:\/\/litteraturbanken.se\/ljudochbild\/wp-content\/uploads\/2019\/08\/TopeliusZ_large.jpeg","type":"image\/jpeg"}],"twitter_card":"summary_large_image","twitter_site":"@litteraturbank","twitter_misc":{"Ber\u00e4knad l\u00e4stid":"2 minuter"},"schema":{"@context":"https:\/\/schema.org","@graph":[{"@type":"WebPage","@id":"https:\/\/litteraturbanken.se\/ljudochbild\/forfattare\/topeliusz\/","url":"https:\/\/litteraturbanken.se\/ljudochbild\/forfattare\/topeliusz\/","name":"Zacharias Topelius (1818\u20131898) - Ljud &amp; Bild","isPartOf":{"@id":"https:\/\/litteraturbanken.se\/ljudochbild\/#website"},"primaryImageOfPage":{"@id":"https:\/\/litteraturbanken.se\/ljudochbild\/forfattare\/topeliusz\/#primaryimage"},"image":{"@id":"https:\/\/litteraturbanken.se\/ljudochbild\/forfattare\/topeliusz\/#primaryimage"},"thumbnailUrl":"https:\/\/litteraturbanken.se\/ljudochbild\/wp-content\/uploads\/2019\/08\/TopeliusZ_large.jpeg","datePublished":"2019-08-13T14:31:23+00:00","dateModified":"2024-09-17T13:38:35+00:00","breadcrumb":{"@id":"https:\/\/litteraturbanken.se\/ljudochbild\/forfattare\/topeliusz\/#breadcrumb"},"inLanguage":"sv-SE","potentialAction":[{"@type":"ReadAction","target":["https:\/\/litteraturbanken.se\/ljudochbild\/forfattare\/topeliusz\/"]}]},{"@type":"ImageObject","inLanguage":"sv-SE","@id":"https:\/\/litteraturbanken.se\/ljudochbild\/forfattare\/topeliusz\/#primaryimage","url":"https:\/\/litteraturbanken.se\/ljudochbild\/wp-content\/uploads\/2019\/08\/TopeliusZ_large.jpeg","contentUrl":"https:\/\/litteraturbanken.se\/ljudochbild\/wp-content\/uploads\/2019\/08\/TopeliusZ_large.jpeg","width":786,"height":1312},{"@type":"BreadcrumbList","@id":"https:\/\/litteraturbanken.se\/ljudochbild\/forfattare\/topeliusz\/#breadcrumb","itemListElement":[{"@type":"ListItem","position":1,"name":"Hem","item":"https:\/\/litteraturbanken.se\/ljudochbild\/"},{"@type":"ListItem","position":2,"name":"F\u00f6rfattare","item":"https:\/\/litteraturbanken.se\/ljudochbild\/forfattare\/"},{"@type":"ListItem","position":3,"name":"Zacharias Topelius (1818\u20131898)"}]},{"@type":"WebSite","@id":"https:\/\/litteraturbanken.se\/ljudochbild\/#website","url":"https:\/\/litteraturbanken.se\/ljudochbild\/","name":"Ljud & Bild","description":"Ur Litteraturbankens samlingar","potentialAction":[{"@type":"SearchAction","target":{"@type":"EntryPoint","urlTemplate":"https:\/\/litteraturbanken.se\/ljudochbild\/?s={search_term_string}"},"query-input":{"@type":"PropertyValueSpecification","valueRequired":true,"valueName":"search_term_string"}}],"inLanguage":"sv-SE"}]}},"_links":{"self":[{"href":"https:\/\/litteraturbanken.se\/ljudochbild\/wp-json\/wp\/v2\/pages\/719","targetHints":{"allow":["GET"]}}],"collection":[{"href":"https:\/\/litteraturbanken.se\/ljudochbild\/wp-json\/wp\/v2\/pages"}],"about":[{"href":"https:\/\/litteraturbanken.se\/ljudochbild\/wp-json\/wp\/v2\/types\/page"}],"author":[{"embeddable":true,"href":"https:\/\/litteraturbanken.se\/ljudochbild\/wp-json\/wp\/v2\/users\/1"}],"replies":[{"embeddable":true,"href":"https:\/\/litteraturbanken.se\/ljudochbild\/wp-json\/wp\/v2\/comments?post=719"}],"version-history":[{"count":7,"href":"https:\/\/litteraturbanken.se\/ljudochbild\/wp-json\/wp\/v2\/pages\/719\/revisions"}],"predecessor-version":[{"id":12280,"href":"https:\/\/litteraturbanken.se\/ljudochbild\/wp-json\/wp\/v2\/pages\/719\/revisions\/12280"}],"up":[{"embeddable":true,"href":"https:\/\/litteraturbanken.se\/ljudochbild\/wp-json\/wp\/v2\/pages\/7"}],"wp:featuredmedia":[{"embeddable":true,"href":"https:\/\/litteraturbanken.se\/ljudochbild\/wp-json\/wp\/v2\/media\/863"}],"wp:attachment":[{"href":"https:\/\/litteraturbanken.se\/ljudochbild\/wp-json\/wp\/v2\/media?parent=719"}],"curies":[{"name":"wp","href":"https:\/\/api.w.org\/{rel}","templated":true}]}}