{"id":721,"date":"2019-08-13T16:32:06","date_gmt":"2019-08-13T14:32:06","guid":{"rendered":"http:\/\/ordfabriken.org\/ljud\/?page_id=721"},"modified":"2024-09-17T10:34:55","modified_gmt":"2024-09-17T08:34:55","slug":"lindhew","status":"publish","type":"page","link":"https:\/\/litteraturbanken.se\/ljudochbild\/forfattare\/lindhew\/","title":{"rendered":"Wilma Lindh\u00e9 (1838\u20131922)"},"content":{"rendered":"<div class=\"wp-block-image is-resized\">\n<figure class=\"alignright size-large\"><img loading=\"lazy\" decoding=\"async\" width=\"666\" height=\"1024\" src=\"https:\/\/litteraturbanken.se\/ljudochbild\/wp-content\/uploads\/2021\/11\/lindhewilma-666x1024.jpg\" alt=\"Wilma Lindh\u00e9\" class=\"wp-image-5746\" style=\"width:166px;height:auto\" srcset=\"https:\/\/litteraturbanken.se\/ljudochbild\/wp-content\/uploads\/2021\/11\/lindhewilma-666x1024.jpg 666w, https:\/\/litteraturbanken.se\/ljudochbild\/wp-content\/uploads\/2021\/11\/lindhewilma-195x300.jpg 195w, https:\/\/litteraturbanken.se\/ljudochbild\/wp-content\/uploads\/2021\/11\/lindhewilma-768x1181.jpg 768w, https:\/\/litteraturbanken.se\/ljudochbild\/wp-content\/uploads\/2021\/11\/lindhewilma-999x1536.jpg 999w, https:\/\/litteraturbanken.se\/ljudochbild\/wp-content\/uploads\/2021\/11\/lindhewilma-480x738.jpg 480w, https:\/\/litteraturbanken.se\/ljudochbild\/wp-content\/uploads\/2021\/11\/lindhewilma.jpg 1191w\" sizes=\"auto, (max-width: 666px) 100vw, 666px\" \/><\/figure>\n<\/div>\n\n\n<p>\u201dWILHELMINA (WILMA) LINDH\u00c9 (1838\u20131922) skrev noveller, romaner och sk\u00e5despel. Som dramatiker debuterade hon med&nbsp;<em><a href=\"https:\/\/litteraturbanken.se\/f%C3%B6rfattare\/Lindh%C3%A9W\/titlar\/M%C3%B6drar\/sida\/I\/faksimil\" target=\"_blank\" rel=\"noreferrer noopener\">M\u00f6drar<\/a><\/em>&nbsp;p\u00e5 G\u00f6teborgs Stora scen 1887. Sk\u00e5despelet som var en succ\u00e9 betraktades som ett genm\u00e4le mot tidens krassa realism. Wilma Lindh\u00e9 f\u00f6ljde upp den lyckade debuten med&nbsp;<em>V\u00e5ra str\u00e4ngaste domare<\/em>&nbsp;(1888) och&nbsp;<em>En ny roll<\/em>&nbsp;(1891). Det som utm\u00e4rker hennes dramatik \u00e4r f\u00f6reningen mellan m\u00e5ttlig realism och moraliserande idealism.\u201d <\/p>\n\n\n\n<p>Stycket ovanf\u00f6r kommer ur Ulrika Lindgrens introduktion av Wilma Lindh\u00e9 hos Litteraturbanken.<\/p>\n\n\n\n<div class=\"wp-block-buttons is-layout-flex wp-block-buttons-is-layout-flex\">\n<div class=\"wp-block-button has-custom-font-size read-more-button\" style=\"font-size:14px\"><a class=\"wp-block-button__link has-white-color has-text-color has-background wp-element-button\" href=\"https:\/\/litteraturbanken.se\/f%C3%B6rfattare\/Lindh%C3%A9W\/dramawebben\" style=\"border-radius:0px;background-color:#cd2400\" target=\"_blank\" rel=\"noopener\"><strong>L\u00c4S MER OM WILMA LINDH\u00c9<\/strong><\/a><\/div>\n\n\n\n<div class=\"wp-block-button has-custom-font-size read-more-button\" style=\"font-size:14px\"><a class=\"wp-block-button__link has-white-color has-text-color has-background wp-element-button\" href=\"https:\/\/litteraturbanken.se\/f%C3%B6rfattare\/Lindh%C3%A9W\/titlar\" style=\"border-radius:0px;background-color:#cd2400\" target=\"_blank\" rel=\"noopener\"><strong>L\u00c4S WILMA LINDH\u00c9S VERK HOS LB.SE<\/strong><\/a><\/div>\n<\/div>\n\n\n\n<div style=\"height:20px\" aria-hidden=\"true\" class=\"wp-block-spacer\"><\/div>\n\n\n\n<div class=\"wp-playlist wp-audio-playlist wp-playlist-light\">\n\t\t\t<div class=\"wp-playlist-current-item\"><\/div>\n\t\t<audio controls=\"controls\" preload=\"none\" width=\"618\"\n\t\t\t><\/audio>\n\t<div class=\"wp-playlist-next\"><\/div>\n\t<div class=\"wp-playlist-prev\"><\/div>\n\t<noscript>\n\t<ol>\n\t\t<li><a href='https:\/\/litteraturbanken.se\/ljudochbild\/wp-content\/uploads\/2021\/04\/lindhe_intetattgiva_strandberg.mp3'>Intet att giva<\/a><\/li>\t<\/ol>\n\t<\/noscript>\n\t<script type=\"application\/json\" class=\"wp-playlist-script\">{\"type\":\"audio\",\"tracklist\":true,\"tracknumbers\":true,\"images\":true,\"artists\":true,\"tracks\":[{\"src\":\"https:\/\/litteraturbanken.se\/ljudochbild\/wp-content\/uploads\/2021\/04\/lindhe_intetattgiva_strandberg.mp3\",\"type\":\"audio\/mpeg\",\"title\":\"Intet att giva\",\"caption\":\"\",\"description\":\"\\\"Intet att giva\\\" fr\\u00e5n Emilie Strandberg l\\u00e4ser \\u201dSynd. Noveller av det moderna genombrottets kvinnor\\u201d av Vilma Lindh\\u00e9. Sl\\u00e4ppt: 2021.\",\"meta\":{\"artist\":\"Emilie Strandberg l\\u00e4ser Synd. Noveller av det moderna genombrottets kvinnor\",\"album\":\"Wilma Lindh\\u00e9\",\"year\":\"2021\",\"length_formatted\":\"14:44\"},\"image\":{\"src\":\"https:\/\/litteraturbanken.se\/ljudochbild\/wp-content\/uploads\/2021\/02\/lb_albumart.png\",\"width\":580,\"height\":612},\"thumb\":{\"src\":\"https:\/\/litteraturbanken.se\/ljudochbild\/wp-content\/uploads\/2021\/02\/lb_albumart-150x150.png\",\"width\":150,\"height\":150}}]}<\/script>\n<\/div>\n\t\n\n\n\n<hr class=\"wp-block-separator has-css-opacity\"\/>\n\n\n\n<div style=\"height:9px\" aria-hidden=\"true\" class=\"wp-block-spacer\"><\/div>\n\n\n\n<p><em>Fotografiet, taget av en ok\u00e4nd fotograf, har vi l\u00e5nat fr\u00e5n <a href=\"https:\/\/digitaltmuseum.se\/021016044961\/wilma-lindhe-stinsfru\" target=\"_blank\" rel=\"noreferrer noopener\">Falbygdens museum<\/a>.<\/em><\/p>\n\n\n<h3 class=\"wp-block-heading author-related-title\">L\u00e4s mer<\/h3>\r\n<div class=\"display-posts-listing grid\"><div class=\"listing-item\"><a class=\"image\" href=\"https:\/\/litteraturbanken.se\/ljudochbild\/2021\/12\/16\/wilma-lindhe-tvenne-julsagor\/\"><img loading=\"lazy\" decoding=\"async\" width=\"613\" height=\"1024\" src=\"https:\/\/litteraturbanken.se\/ljudochbild\/wp-content\/uploads\/2021\/12\/lindhe_wilma-613x1024.jpg\" class=\"attachment-large size-large wp-post-image\" alt=\"Wilma Lindh\u00e9\" srcset=\"https:\/\/litteraturbanken.se\/ljudochbild\/wp-content\/uploads\/2021\/12\/lindhe_wilma-613x1024.jpg 613w, https:\/\/litteraturbanken.se\/ljudochbild\/wp-content\/uploads\/2021\/12\/lindhe_wilma-180x300.jpg 180w, https:\/\/litteraturbanken.se\/ljudochbild\/wp-content\/uploads\/2021\/12\/lindhe_wilma-768x1282.jpg 768w, https:\/\/litteraturbanken.se\/ljudochbild\/wp-content\/uploads\/2021\/12\/lindhe_wilma-480x801.jpg 480w, https:\/\/litteraturbanken.se\/ljudochbild\/wp-content\/uploads\/2021\/12\/lindhe_wilma.jpg 786w\" sizes=\"auto, (max-width: 613px) 100vw, 613px\" \/><\/a> <a class=\"title\" href=\"https:\/\/litteraturbanken.se\/ljudochbild\/2021\/12\/16\/wilma-lindhe-tvenne-julsagor\/\">Tvenne julsagor<\/a><\/div><div class=\"listing-item\"><a class=\"image\" href=\"https:\/\/litteraturbanken.se\/ljudochbild\/2023\/11\/14\/fotografen-jonason\/\"><img loading=\"lazy\" decoding=\"async\" width=\"628\" height=\"1024\" src=\"https:\/\/litteraturbanken.se\/ljudochbild\/wp-content\/uploads\/2023\/11\/aron_jonason-628x1024.jpg\" class=\"attachment-large size-large wp-post-image\" alt=\"Aron Jonason\" srcset=\"https:\/\/litteraturbanken.se\/ljudochbild\/wp-content\/uploads\/2023\/11\/aron_jonason-628x1024.jpg 628w, https:\/\/litteraturbanken.se\/ljudochbild\/wp-content\/uploads\/2023\/11\/aron_jonason-184x300.jpg 184w, https:\/\/litteraturbanken.se\/ljudochbild\/wp-content\/uploads\/2023\/11\/aron_jonason-768x1253.jpg 768w, https:\/\/litteraturbanken.se\/ljudochbild\/wp-content\/uploads\/2023\/11\/aron_jonason-941x1536.jpg 941w, https:\/\/litteraturbanken.se\/ljudochbild\/wp-content\/uploads\/2023\/11\/aron_jonason-480x783.jpg 480w, https:\/\/litteraturbanken.se\/ljudochbild\/wp-content\/uploads\/2023\/11\/aron_jonason.jpg 1200w\" sizes=\"auto, (max-width: 628px) 100vw, 628px\" \/><\/a> <a class=\"title\" href=\"https:\/\/litteraturbanken.se\/ljudochbild\/2023\/11\/14\/fotografen-jonason\/\">Fotografen Jonason<\/a><\/div><\/div>\r\n\r\n\n","protected":false},"excerpt":{"rendered":"<p>\u201dWILHELMINA (WILMA) LINDH\u00c9 (1838\u20131922) skrev noveller, romaner och sk\u00e5despel. Som dramatiker debuterade hon med&nbsp;M\u00f6drar&nbsp;p\u00e5 G\u00f6teborgs Stora scen 1887. Sk\u00e5despelet som var en succ\u00e9 betraktades som ett genm\u00e4le mot tidens krassa realism. Wilma Lindh\u00e9 f\u00f6ljde upp den lyckade debuten [&hellip;]<\/p>\n","protected":false},"author":1,"featured_media":5746,"parent":7,"menu_order":0,"comment_status":"closed","ping_status":"closed","template":"","meta":{"footnotes":""},"class_list":["post-721","page","type-page","status-publish","has-post-thumbnail","hentry"],"yoast_head":"<!-- This site is optimized with the Yoast SEO plugin v27.1.1 - https:\/\/yoast.com\/product\/yoast-seo-wordpress\/ -->\n<title>Wilma Lindh\u00e9 (1838\u20131922) - Ljud &amp; Bild<\/title>\n<meta name=\"description\" content=\"Wilma Lindh\u00e9 skrev noveller, romaner och sk\u00e5despel. Som dramatiker debuterade hon med\u00a0M\u00f6drar\u00a0p\u00e5 G\u00f6teborgs Stora scen 1887.\" \/>\n<meta name=\"robots\" content=\"index, follow, max-snippet:-1, max-image-preview:large, max-video-preview:-1\" \/>\n<link rel=\"canonical\" href=\"https:\/\/litteraturbanken.se\/ljudochbild\/forfattare\/lindhew\/\" \/>\n<meta property=\"og:locale\" content=\"sv_SE\" \/>\n<meta property=\"og:type\" content=\"article\" \/>\n<meta property=\"og:title\" content=\"Wilma Lindh\u00e9 (1838\u20131922) - Ljud &amp; Bild\" \/>\n<meta property=\"og:description\" content=\"Wilma Lindh\u00e9 skrev noveller, romaner och sk\u00e5despel. Som dramatiker debuterade hon med\u00a0M\u00f6drar\u00a0p\u00e5 G\u00f6teborgs Stora scen 1887.\" \/>\n<meta property=\"og:url\" content=\"https:\/\/litteraturbanken.se\/ljudochbild\/forfattare\/lindhew\/\" \/>\n<meta property=\"og:site_name\" content=\"Ljud &amp; Bild\" \/>\n<meta property=\"article:publisher\" content=\"https:\/\/www.facebook.com\/Litteraturbanken.se\" \/>\n<meta property=\"article:modified_time\" content=\"2024-09-17T08:34:55+00:00\" \/>\n<meta property=\"og:image\" content=\"https:\/\/litteraturbanken.se\/ljudochbild\/wp-content\/uploads\/2021\/11\/lindhewilma.jpg\" \/>\n\t<meta property=\"og:image:width\" content=\"1191\" \/>\n\t<meta property=\"og:image:height\" content=\"1832\" \/>\n\t<meta property=\"og:image:type\" content=\"image\/jpeg\" \/>\n<meta name=\"twitter:card\" content=\"summary_large_image\" \/>\n<meta name=\"twitter:site\" content=\"@litteraturbank\" \/>\n<meta name=\"twitter:label1\" content=\"Ber\u00e4knad l\u00e4stid\" \/>\n\t<meta name=\"twitter:data1\" content=\"1 minut\" \/>\n<script type=\"application\/ld+json\" class=\"yoast-schema-graph\">{\"@context\":\"https:\/\/schema.org\",\"@graph\":[{\"@type\":\"WebPage\",\"@id\":\"https:\/\/litteraturbanken.se\/ljudochbild\/forfattare\/lindhew\/\",\"url\":\"https:\/\/litteraturbanken.se\/ljudochbild\/forfattare\/lindhew\/\",\"name\":\"Wilma Lindh\u00e9 (1838\u20131922) - Ljud &amp; Bild\",\"isPartOf\":{\"@id\":\"https:\/\/litteraturbanken.se\/ljudochbild\/#website\"},\"primaryImageOfPage\":{\"@id\":\"https:\/\/litteraturbanken.se\/ljudochbild\/forfattare\/lindhew\/#primaryimage\"},\"image\":{\"@id\":\"https:\/\/litteraturbanken.se\/ljudochbild\/forfattare\/lindhew\/#primaryimage\"},\"thumbnailUrl\":\"https:\/\/litteraturbanken.se\/ljudochbild\/wp-content\/uploads\/2021\/11\/lindhewilma.jpg\",\"datePublished\":\"2019-08-13T14:32:06+00:00\",\"dateModified\":\"2024-09-17T08:34:55+00:00\",\"description\":\"Wilma Lindh\u00e9 skrev noveller, romaner och sk\u00e5despel. Som dramatiker debuterade hon med\u00a0M\u00f6drar\u00a0p\u00e5 G\u00f6teborgs Stora scen 1887.\",\"breadcrumb\":{\"@id\":\"https:\/\/litteraturbanken.se\/ljudochbild\/forfattare\/lindhew\/#breadcrumb\"},\"inLanguage\":\"sv-SE\",\"potentialAction\":[{\"@type\":\"ReadAction\",\"target\":[\"https:\/\/litteraturbanken.se\/ljudochbild\/forfattare\/lindhew\/\"]}]},{\"@type\":\"ImageObject\",\"inLanguage\":\"sv-SE\",\"@id\":\"https:\/\/litteraturbanken.se\/ljudochbild\/forfattare\/lindhew\/#primaryimage\",\"url\":\"https:\/\/litteraturbanken.se\/ljudochbild\/wp-content\/uploads\/2021\/11\/lindhewilma.jpg\",\"contentUrl\":\"https:\/\/litteraturbanken.se\/ljudochbild\/wp-content\/uploads\/2021\/11\/lindhewilma.jpg\",\"width\":1191,\"height\":1832,\"caption\":\"Wilma Lindh\u00e9\"},{\"@type\":\"BreadcrumbList\",\"@id\":\"https:\/\/litteraturbanken.se\/ljudochbild\/forfattare\/lindhew\/#breadcrumb\",\"itemListElement\":[{\"@type\":\"ListItem\",\"position\":1,\"name\":\"Hem\",\"item\":\"https:\/\/litteraturbanken.se\/ljudochbild\/\"},{\"@type\":\"ListItem\",\"position\":2,\"name\":\"F\u00f6rfattare\",\"item\":\"https:\/\/litteraturbanken.se\/ljudochbild\/forfattare\/\"},{\"@type\":\"ListItem\",\"position\":3,\"name\":\"Wilma Lindh\u00e9 (1838\u20131922)\"}]},{\"@type\":\"WebSite\",\"@id\":\"https:\/\/litteraturbanken.se\/ljudochbild\/#website\",\"url\":\"https:\/\/litteraturbanken.se\/ljudochbild\/\",\"name\":\"Ljud & Bild\",\"description\":\"Ur Litteraturbankens samlingar\",\"potentialAction\":[{\"@type\":\"SearchAction\",\"target\":{\"@type\":\"EntryPoint\",\"urlTemplate\":\"https:\/\/litteraturbanken.se\/ljudochbild\/?s={search_term_string}\"},\"query-input\":{\"@type\":\"PropertyValueSpecification\",\"valueRequired\":true,\"valueName\":\"search_term_string\"}}],\"inLanguage\":\"sv-SE\"}]}<\/script>\n<!-- \/ Yoast SEO plugin. -->","yoast_head_json":{"title":"Wilma Lindh\u00e9 (1838\u20131922) - Ljud &amp; Bild","description":"Wilma Lindh\u00e9 skrev noveller, romaner och sk\u00e5despel. Som dramatiker debuterade hon med\u00a0M\u00f6drar\u00a0p\u00e5 G\u00f6teborgs Stora scen 1887.","robots":{"index":"index","follow":"follow","max-snippet":"max-snippet:-1","max-image-preview":"max-image-preview:large","max-video-preview":"max-video-preview:-1"},"canonical":"https:\/\/litteraturbanken.se\/ljudochbild\/forfattare\/lindhew\/","og_locale":"sv_SE","og_type":"article","og_title":"Wilma Lindh\u00e9 (1838\u20131922) - Ljud &amp; Bild","og_description":"Wilma Lindh\u00e9 skrev noveller, romaner och sk\u00e5despel. Som dramatiker debuterade hon med\u00a0M\u00f6drar\u00a0p\u00e5 G\u00f6teborgs Stora scen 1887.","og_url":"https:\/\/litteraturbanken.se\/ljudochbild\/forfattare\/lindhew\/","og_site_name":"Ljud &amp; Bild","article_publisher":"https:\/\/www.facebook.com\/Litteraturbanken.se","article_modified_time":"2024-09-17T08:34:55+00:00","og_image":[{"width":1191,"height":1832,"url":"https:\/\/litteraturbanken.se\/ljudochbild\/wp-content\/uploads\/2021\/11\/lindhewilma.jpg","type":"image\/jpeg"}],"twitter_card":"summary_large_image","twitter_site":"@litteraturbank","twitter_misc":{"Ber\u00e4knad l\u00e4stid":"1 minut"},"schema":{"@context":"https:\/\/schema.org","@graph":[{"@type":"WebPage","@id":"https:\/\/litteraturbanken.se\/ljudochbild\/forfattare\/lindhew\/","url":"https:\/\/litteraturbanken.se\/ljudochbild\/forfattare\/lindhew\/","name":"Wilma Lindh\u00e9 (1838\u20131922) - Ljud &amp; Bild","isPartOf":{"@id":"https:\/\/litteraturbanken.se\/ljudochbild\/#website"},"primaryImageOfPage":{"@id":"https:\/\/litteraturbanken.se\/ljudochbild\/forfattare\/lindhew\/#primaryimage"},"image":{"@id":"https:\/\/litteraturbanken.se\/ljudochbild\/forfattare\/lindhew\/#primaryimage"},"thumbnailUrl":"https:\/\/litteraturbanken.se\/ljudochbild\/wp-content\/uploads\/2021\/11\/lindhewilma.jpg","datePublished":"2019-08-13T14:32:06+00:00","dateModified":"2024-09-17T08:34:55+00:00","description":"Wilma Lindh\u00e9 skrev noveller, romaner och sk\u00e5despel. Som dramatiker debuterade hon med\u00a0M\u00f6drar\u00a0p\u00e5 G\u00f6teborgs Stora scen 1887.","breadcrumb":{"@id":"https:\/\/litteraturbanken.se\/ljudochbild\/forfattare\/lindhew\/#breadcrumb"},"inLanguage":"sv-SE","potentialAction":[{"@type":"ReadAction","target":["https:\/\/litteraturbanken.se\/ljudochbild\/forfattare\/lindhew\/"]}]},{"@type":"ImageObject","inLanguage":"sv-SE","@id":"https:\/\/litteraturbanken.se\/ljudochbild\/forfattare\/lindhew\/#primaryimage","url":"https:\/\/litteraturbanken.se\/ljudochbild\/wp-content\/uploads\/2021\/11\/lindhewilma.jpg","contentUrl":"https:\/\/litteraturbanken.se\/ljudochbild\/wp-content\/uploads\/2021\/11\/lindhewilma.jpg","width":1191,"height":1832,"caption":"Wilma Lindh\u00e9"},{"@type":"BreadcrumbList","@id":"https:\/\/litteraturbanken.se\/ljudochbild\/forfattare\/lindhew\/#breadcrumb","itemListElement":[{"@type":"ListItem","position":1,"name":"Hem","item":"https:\/\/litteraturbanken.se\/ljudochbild\/"},{"@type":"ListItem","position":2,"name":"F\u00f6rfattare","item":"https:\/\/litteraturbanken.se\/ljudochbild\/forfattare\/"},{"@type":"ListItem","position":3,"name":"Wilma Lindh\u00e9 (1838\u20131922)"}]},{"@type":"WebSite","@id":"https:\/\/litteraturbanken.se\/ljudochbild\/#website","url":"https:\/\/litteraturbanken.se\/ljudochbild\/","name":"Ljud & Bild","description":"Ur Litteraturbankens samlingar","potentialAction":[{"@type":"SearchAction","target":{"@type":"EntryPoint","urlTemplate":"https:\/\/litteraturbanken.se\/ljudochbild\/?s={search_term_string}"},"query-input":{"@type":"PropertyValueSpecification","valueRequired":true,"valueName":"search_term_string"}}],"inLanguage":"sv-SE"}]}},"_links":{"self":[{"href":"https:\/\/litteraturbanken.se\/ljudochbild\/wp-json\/wp\/v2\/pages\/721","targetHints":{"allow":["GET"]}}],"collection":[{"href":"https:\/\/litteraturbanken.se\/ljudochbild\/wp-json\/wp\/v2\/pages"}],"about":[{"href":"https:\/\/litteraturbanken.se\/ljudochbild\/wp-json\/wp\/v2\/types\/page"}],"author":[{"embeddable":true,"href":"https:\/\/litteraturbanken.se\/ljudochbild\/wp-json\/wp\/v2\/users\/1"}],"replies":[{"embeddable":true,"href":"https:\/\/litteraturbanken.se\/ljudochbild\/wp-json\/wp\/v2\/comments?post=721"}],"version-history":[{"count":12,"href":"https:\/\/litteraturbanken.se\/ljudochbild\/wp-json\/wp\/v2\/pages\/721\/revisions"}],"predecessor-version":[{"id":12180,"href":"https:\/\/litteraturbanken.se\/ljudochbild\/wp-json\/wp\/v2\/pages\/721\/revisions\/12180"}],"up":[{"embeddable":true,"href":"https:\/\/litteraturbanken.se\/ljudochbild\/wp-json\/wp\/v2\/pages\/7"}],"wp:featuredmedia":[{"embeddable":true,"href":"https:\/\/litteraturbanken.se\/ljudochbild\/wp-json\/wp\/v2\/media\/5746"}],"wp:attachment":[{"href":"https:\/\/litteraturbanken.se\/ljudochbild\/wp-json\/wp\/v2\/media?parent=721"}],"curies":[{"name":"wp","href":"https:\/\/api.w.org\/{rel}","templated":true}]}}