{"id":723,"date":"2019-08-13T16:32:47","date_gmt":"2019-08-13T14:32:47","guid":{"rendered":"http:\/\/ordfabriken.org\/ljud\/?page_id=723"},"modified":"2024-09-17T15:42:31","modified_gmt":"2024-09-17T13:42:31","slug":"wallinjo","status":"publish","type":"page","link":"https:\/\/litteraturbanken.se\/ljudochbild\/forfattare\/wallinjo\/","title":{"rendered":"Johan Olof Wallin (1779\u20131839)"},"content":{"rendered":"<div class=\"wp-block-image\">\n<figure class=\"alignright\"><img loading=\"lazy\" decoding=\"async\" width=\"224\" height=\"300\" src=\"https:\/\/litteraturbanken.se\/ljudochbild\/wp-content\/uploads\/2019\/08\/WallinJO_large-224x300.jpeg\" alt=\"\" class=\"wp-image-807\" srcset=\"https:\/\/litteraturbanken.se\/ljudochbild\/wp-content\/uploads\/2019\/08\/WallinJO_large-224x300.jpeg 224w, https:\/\/litteraturbanken.se\/ljudochbild\/wp-content\/uploads\/2019\/08\/WallinJO_large.jpeg 410w\" sizes=\"auto, (max-width: 224px) 100vw, 224px\" \/><figcaption class=\"wp-element-caption\">Johan Olof Wallin. Efter en teckning av L. H. Roos.<\/figcaption><\/figure>\n<\/div>\n\n\n<p>\u201dJOHAN OLOF WALLIN (1779\u20131839) fick under 1800-talets f\u00f6rsta \u00e5r flera pris av\u00a0<a href=\"https:\/\/litteraturbanken.se\/presentationer\/specialomraden\/SvenskaAkademien.html\">Svenska Akademien<\/a>\u00a0f\u00f6r sina \u00f6vers\u00e4ttningar av Horatius och Vergilius, och \u00e4ven f\u00f6r sin egen skaldekonst. Omtalad, och mycket kritiserad f\u00f6r kvinnosynen, blev hans \u201dUppfostraren\u201d som prisbel\u00f6nades 1805. Wallin skrev \u00e4ven gravs\u00e5nger, s\u00e4llskapsvisor och tillf\u00e4llesdikter, bland de senare kan n\u00e4mnas \u201dDithyramb \u00f6fver den 24de Januari 1808\u201d i vilken Wallin i ord tolkar Sergels staty av Gustaf III till vars avt\u00e4ckande dikten skrevs. Wallin pr\u00e4stvigdes 1806 och blev sedermera \u00e4rkebiskop 1837. Hans k\u00e4nsla f\u00f6r f\u00f6rsamlingarnas behov och f\u00f6r det religi\u00f6sa spr\u00e5ket gjorde honom till en m\u00e4sterlig psalmdiktare. Han var ledamot av 1811 \u00e5rs psalmkommitt\u00e9, men tog avst\u00e5nd fr\u00e5n det f\u00f6rslag kommitt\u00e9n kom att framl\u00e4gga. Wallin arbetade i st\u00e4llet fram ett eget f\u00f6rslag till ny psalmbok, och detta antogs och stadf\u00e4stes 1819.\u201d<\/p>\n\n\n\n<p>Stycket ovanf\u00f6r kommer ur Lotta Lotass introduktion av Johan Olof Wallin hos Litteraturbanken.<\/p>\n\n\n\n<div class=\"wp-block-buttons is-layout-flex wp-block-buttons-is-layout-flex\">\n<div class=\"wp-block-button has-custom-font-size read-more-button\" style=\"font-size:14px\"><a class=\"wp-block-button__link has-white-color has-text-color has-background wp-element-button\" href=\"https:\/\/litteraturbanken.se\/f%C3%B6rfattare\/WallinJO\" style=\"border-radius:0px;background-color:#cd2400\" target=\"_blank\" rel=\"noopener\"><strong>L\u00c4S MER OM JOHAN OLOF WALLIN<\/strong><\/a><\/div>\n\n\n\n<div class=\"wp-block-button has-custom-font-size read-more-button\" style=\"font-size:14px\"><a class=\"wp-block-button__link has-white-color has-text-color has-background wp-element-button\" href=\"https:\/\/litteraturbanken.se\/f%C3%B6rfattare\/WallinJO\/titlar\" style=\"border-radius:0px;background-color:#cd2400\" target=\"_blank\" rel=\"noopener\"><strong>L\u00c4S JOHAN OLOF WALLINS VERK HOS LB.SE<\/strong><\/a><\/div>\n<\/div>\n\n\n\n<div style=\"height:20px\" aria-hidden=\"true\" class=\"wp-block-spacer\"><\/div>\n\n\n\n<div class=\"wp-playlist wp-audio-playlist wp-playlist-light\">\n\t\t\t<div class=\"wp-playlist-current-item\"><\/div>\n\t\t<audio controls=\"controls\" preload=\"none\" width=\"618\"\n\t\t\t><\/audio>\n\t<div class=\"wp-playlist-next\"><\/div>\n\t<div class=\"wp-playlist-prev\"><\/div>\n\t<noscript>\n\t<ol>\n\t\t<li><a href='https:\/\/litteraturbanken.se\/ljudochbild\/wp-content\/uploads\/2019\/09\/wallin_varardenvansomoveralltjagsoker_engdahl.mp3'>Hwar \u00e4r den W\u00e4n, som \u00f6fver allt jag s\u00f6ker?<\/a><\/li>\t<\/ol>\n\t<\/noscript>\n\t<script type=\"application\/json\" class=\"wp-playlist-script\">{\"type\":\"audio\",\"tracklist\":true,\"tracknumbers\":true,\"images\":true,\"artists\":true,\"tracks\":[{\"src\":\"https:\/\/litteraturbanken.se\/ljudochbild\/wp-content\/uploads\/2019\/09\/wallin_varardenvansomoveralltjagsoker_engdahl.mp3\",\"type\":\"audio\/mpeg\",\"title\":\"Hwar \\u00e4r den W\\u00e4n, som \\u00f6fver allt jag s\\u00f6ker?\",\"caption\":\"\",\"description\":\"\\\"Hwar \\u00e4r den W\\u00e4n, som \\u00f6fver allt jag s\\u00f6ker?\\\" fr\\u00e5n Hwar \\u00e4r den W\\u00e4n, som \\u00f6fver allt jag s\\u00f6ker? av Wallin, Johan Olof.\",\"meta\":{\"artist\":\"Horace Engdahl l\\u00e4ser Johan Olof Wallin\",\"album\":\"Johan Olof Wallin\",\"length_formatted\":\"1:56\"},\"image\":{\"src\":\"https:\/\/litteraturbanken.se\/ljudochbild\/wp-content\/plugins\/media-library-assistant\/images\/crystal\/audio.png\",\"width\":48,\"height\":64},\"thumb\":{\"src\":\"https:\/\/litteraturbanken.se\/ljudochbild\/wp-content\/plugins\/media-library-assistant\/images\/crystal\/audio.png\",\"width\":48,\"height\":64}}]}<\/script>\n<\/div>\n\t\n\n\n<h3 class=\"wp-block-heading author-related-title\">L\u00e4s mer<\/h3>\r\n<div class=\"display-posts-listing grid\"><div class=\"listing-item\"><a class=\"image\" href=\"https:\/\/litteraturbanken.se\/ljudochbild\/2023\/03\/27\/intima-teatern-jubilerar\/\"><img loading=\"lazy\" decoding=\"async\" width=\"640\" height=\"390\" src=\"https:\/\/litteraturbanken.se\/ljudochbild\/wp-content\/uploads\/2023\/03\/intimateatern-1024x624.jpg\" class=\"attachment-large size-large wp-post-image\" alt=\"Intima teatern\" srcset=\"https:\/\/litteraturbanken.se\/ljudochbild\/wp-content\/uploads\/2023\/03\/intimateatern-1024x624.jpg 1024w, https:\/\/litteraturbanken.se\/ljudochbild\/wp-content\/uploads\/2023\/03\/intimateatern-300x183.jpg 300w, https:\/\/litteraturbanken.se\/ljudochbild\/wp-content\/uploads\/2023\/03\/intimateatern-768x468.jpg 768w, https:\/\/litteraturbanken.se\/ljudochbild\/wp-content\/uploads\/2023\/03\/intimateatern-480x292.jpg 480w, https:\/\/litteraturbanken.se\/ljudochbild\/wp-content\/uploads\/2023\/03\/intimateatern.jpg 1200w\" sizes=\"auto, (max-width: 640px) 100vw, 640px\" \/><\/a> <a class=\"title\" href=\"https:\/\/litteraturbanken.se\/ljudochbild\/2023\/03\/27\/intima-teatern-jubilerar\/\">Intiman jubilerar<\/a><\/div><div class=\"listing-item\"><a class=\"image\" href=\"https:\/\/litteraturbanken.se\/ljudochbild\/2025\/06\/12\/verket-var-ar-den-van\/\"><img loading=\"lazy\" decoding=\"async\" width=\"640\" height=\"640\" src=\"https:\/\/litteraturbanken.se\/ljudochbild\/wp-content\/uploads\/2025\/06\/artworks-1tl0HepK9yamRmfR-mO7FLw-t1080x1080-1024x1024.jpg\" class=\"attachment-large size-large wp-post-image\" alt=\"Johan Olof Wallin\" srcset=\"https:\/\/litteraturbanken.se\/ljudochbild\/wp-content\/uploads\/2025\/06\/artworks-1tl0HepK9yamRmfR-mO7FLw-t1080x1080-1024x1024.jpg 1024w, https:\/\/litteraturbanken.se\/ljudochbild\/wp-content\/uploads\/2025\/06\/artworks-1tl0HepK9yamRmfR-mO7FLw-t1080x1080-300x300.jpg 300w, https:\/\/litteraturbanken.se\/ljudochbild\/wp-content\/uploads\/2025\/06\/artworks-1tl0HepK9yamRmfR-mO7FLw-t1080x1080-150x150.jpg 150w, https:\/\/litteraturbanken.se\/ljudochbild\/wp-content\/uploads\/2025\/06\/artworks-1tl0HepK9yamRmfR-mO7FLw-t1080x1080-768x768.jpg 768w, https:\/\/litteraturbanken.se\/ljudochbild\/wp-content\/uploads\/2025\/06\/artworks-1tl0HepK9yamRmfR-mO7FLw-t1080x1080-480x480.jpg 480w, https:\/\/litteraturbanken.se\/ljudochbild\/wp-content\/uploads\/2025\/06\/artworks-1tl0HepK9yamRmfR-mO7FLw-t1080x1080.jpg 1080w\" sizes=\"auto, (max-width: 640px) 100vw, 640px\" \/><\/a> <a class=\"title\" href=\"https:\/\/litteraturbanken.se\/ljudochbild\/2025\/06\/12\/verket-var-ar-den-van\/\">Verket: Var \u00e4r den V\u00e4n<\/a><\/div><\/div>\r\n\r\n\n","protected":false},"excerpt":{"rendered":"<p>\u201dJOHAN OLOF WALLIN (1779\u20131839) fick under 1800-talets f\u00f6rsta \u00e5r flera pris av\u00a0Svenska Akademien\u00a0f\u00f6r sina \u00f6vers\u00e4ttningar av Horatius och Vergilius, och \u00e4ven f\u00f6r sin egen skaldekonst. Omtalad, och mycket kritiserad f\u00f6r kvinnosynen, blev hans \u201dUppfostraren\u201d som prisbel\u00f6nades 1805. Wallin [&hellip;]<\/p>\n","protected":false},"author":1,"featured_media":807,"parent":7,"menu_order":0,"comment_status":"closed","ping_status":"closed","template":"","meta":{"footnotes":""},"class_list":["post-723","page","type-page","status-publish","has-post-thumbnail","hentry"],"yoast_head":"<!-- This site is optimized with the Yoast SEO plugin v27.1.1 - https:\/\/yoast.com\/product\/yoast-seo-wordpress\/ -->\n<title>Johan Olof Wallin (1779\u20131839) - Ljud &amp; Bild<\/title>\n<meta name=\"robots\" content=\"index, follow, max-snippet:-1, max-image-preview:large, max-video-preview:-1\" \/>\n<link rel=\"canonical\" href=\"https:\/\/litteraturbanken.se\/ljudochbild\/forfattare\/wallinjo\/\" \/>\n<meta property=\"og:locale\" content=\"sv_SE\" \/>\n<meta property=\"og:type\" content=\"article\" \/>\n<meta property=\"og:title\" content=\"Johan Olof Wallin (1779\u20131839) - Ljud &amp; Bild\" \/>\n<meta property=\"og:description\" content=\"\u201dJOHAN OLOF WALLIN (1779\u20131839) fick under 1800-talets f\u00f6rsta \u00e5r flera pris av\u00a0Svenska Akademien\u00a0f\u00f6r sina \u00f6vers\u00e4ttningar av Horatius och Vergilius, och \u00e4ven f\u00f6r sin egen skaldekonst. Omtalad, och mycket kritiserad f\u00f6r kvinnosynen, blev hans \u201dUppfostraren\u201d som prisbel\u00f6nades 1805. Wallin [&hellip;]\" \/>\n<meta property=\"og:url\" content=\"https:\/\/litteraturbanken.se\/ljudochbild\/forfattare\/wallinjo\/\" \/>\n<meta property=\"og:site_name\" content=\"Ljud &amp; Bild\" \/>\n<meta property=\"article:publisher\" content=\"https:\/\/www.facebook.com\/Litteraturbanken.se\" \/>\n<meta property=\"article:modified_time\" content=\"2024-09-17T13:42:31+00:00\" \/>\n<meta property=\"og:image\" content=\"https:\/\/litteraturbanken.se\/ljudochbild\/wp-content\/uploads\/2019\/08\/WallinJO_large.jpeg\" \/>\n\t<meta property=\"og:image:width\" content=\"410\" \/>\n\t<meta property=\"og:image:height\" content=\"550\" \/>\n\t<meta property=\"og:image:type\" content=\"image\/jpeg\" \/>\n<meta name=\"twitter:card\" content=\"summary_large_image\" \/>\n<meta name=\"twitter:site\" content=\"@litteraturbank\" \/>\n<meta name=\"twitter:label1\" content=\"Ber\u00e4knad l\u00e4stid\" \/>\n\t<meta name=\"twitter:data1\" content=\"2 minuter\" \/>\n<script type=\"application\/ld+json\" class=\"yoast-schema-graph\">{\"@context\":\"https:\/\/schema.org\",\"@graph\":[{\"@type\":\"WebPage\",\"@id\":\"https:\/\/litteraturbanken.se\/ljudochbild\/forfattare\/wallinjo\/\",\"url\":\"https:\/\/litteraturbanken.se\/ljudochbild\/forfattare\/wallinjo\/\",\"name\":\"Johan Olof Wallin (1779\u20131839) - Ljud &amp; Bild\",\"isPartOf\":{\"@id\":\"https:\/\/litteraturbanken.se\/ljudochbild\/#website\"},\"primaryImageOfPage\":{\"@id\":\"https:\/\/litteraturbanken.se\/ljudochbild\/forfattare\/wallinjo\/#primaryimage\"},\"image\":{\"@id\":\"https:\/\/litteraturbanken.se\/ljudochbild\/forfattare\/wallinjo\/#primaryimage\"},\"thumbnailUrl\":\"https:\/\/litteraturbanken.se\/ljudochbild\/wp-content\/uploads\/2019\/08\/WallinJO_large.jpeg\",\"datePublished\":\"2019-08-13T14:32:47+00:00\",\"dateModified\":\"2024-09-17T13:42:31+00:00\",\"breadcrumb\":{\"@id\":\"https:\/\/litteraturbanken.se\/ljudochbild\/forfattare\/wallinjo\/#breadcrumb\"},\"inLanguage\":\"sv-SE\",\"potentialAction\":[{\"@type\":\"ReadAction\",\"target\":[\"https:\/\/litteraturbanken.se\/ljudochbild\/forfattare\/wallinjo\/\"]}]},{\"@type\":\"ImageObject\",\"inLanguage\":\"sv-SE\",\"@id\":\"https:\/\/litteraturbanken.se\/ljudochbild\/forfattare\/wallinjo\/#primaryimage\",\"url\":\"https:\/\/litteraturbanken.se\/ljudochbild\/wp-content\/uploads\/2019\/08\/WallinJO_large.jpeg\",\"contentUrl\":\"https:\/\/litteraturbanken.se\/ljudochbild\/wp-content\/uploads\/2019\/08\/WallinJO_large.jpeg\",\"width\":410,\"height\":550},{\"@type\":\"BreadcrumbList\",\"@id\":\"https:\/\/litteraturbanken.se\/ljudochbild\/forfattare\/wallinjo\/#breadcrumb\",\"itemListElement\":[{\"@type\":\"ListItem\",\"position\":1,\"name\":\"Hem\",\"item\":\"https:\/\/litteraturbanken.se\/ljudochbild\/\"},{\"@type\":\"ListItem\",\"position\":2,\"name\":\"F\u00f6rfattare\",\"item\":\"https:\/\/litteraturbanken.se\/ljudochbild\/forfattare\/\"},{\"@type\":\"ListItem\",\"position\":3,\"name\":\"Johan Olof Wallin (1779\u20131839)\"}]},{\"@type\":\"WebSite\",\"@id\":\"https:\/\/litteraturbanken.se\/ljudochbild\/#website\",\"url\":\"https:\/\/litteraturbanken.se\/ljudochbild\/\",\"name\":\"Ljud & Bild\",\"description\":\"Ur Litteraturbankens samlingar\",\"potentialAction\":[{\"@type\":\"SearchAction\",\"target\":{\"@type\":\"EntryPoint\",\"urlTemplate\":\"https:\/\/litteraturbanken.se\/ljudochbild\/?s={search_term_string}\"},\"query-input\":{\"@type\":\"PropertyValueSpecification\",\"valueRequired\":true,\"valueName\":\"search_term_string\"}}],\"inLanguage\":\"sv-SE\"}]}<\/script>\n<!-- \/ Yoast SEO plugin. -->","yoast_head_json":{"title":"Johan Olof Wallin (1779\u20131839) - Ljud &amp; Bild","robots":{"index":"index","follow":"follow","max-snippet":"max-snippet:-1","max-image-preview":"max-image-preview:large","max-video-preview":"max-video-preview:-1"},"canonical":"https:\/\/litteraturbanken.se\/ljudochbild\/forfattare\/wallinjo\/","og_locale":"sv_SE","og_type":"article","og_title":"Johan Olof Wallin (1779\u20131839) - Ljud &amp; Bild","og_description":"\u201dJOHAN OLOF WALLIN (1779\u20131839) fick under 1800-talets f\u00f6rsta \u00e5r flera pris av\u00a0Svenska Akademien\u00a0f\u00f6r sina \u00f6vers\u00e4ttningar av Horatius och Vergilius, och \u00e4ven f\u00f6r sin egen skaldekonst. Omtalad, och mycket kritiserad f\u00f6r kvinnosynen, blev hans \u201dUppfostraren\u201d som prisbel\u00f6nades 1805. Wallin [&hellip;]","og_url":"https:\/\/litteraturbanken.se\/ljudochbild\/forfattare\/wallinjo\/","og_site_name":"Ljud &amp; Bild","article_publisher":"https:\/\/www.facebook.com\/Litteraturbanken.se","article_modified_time":"2024-09-17T13:42:31+00:00","og_image":[{"width":410,"height":550,"url":"https:\/\/litteraturbanken.se\/ljudochbild\/wp-content\/uploads\/2019\/08\/WallinJO_large.jpeg","type":"image\/jpeg"}],"twitter_card":"summary_large_image","twitter_site":"@litteraturbank","twitter_misc":{"Ber\u00e4knad l\u00e4stid":"2 minuter"},"schema":{"@context":"https:\/\/schema.org","@graph":[{"@type":"WebPage","@id":"https:\/\/litteraturbanken.se\/ljudochbild\/forfattare\/wallinjo\/","url":"https:\/\/litteraturbanken.se\/ljudochbild\/forfattare\/wallinjo\/","name":"Johan Olof Wallin (1779\u20131839) - Ljud &amp; Bild","isPartOf":{"@id":"https:\/\/litteraturbanken.se\/ljudochbild\/#website"},"primaryImageOfPage":{"@id":"https:\/\/litteraturbanken.se\/ljudochbild\/forfattare\/wallinjo\/#primaryimage"},"image":{"@id":"https:\/\/litteraturbanken.se\/ljudochbild\/forfattare\/wallinjo\/#primaryimage"},"thumbnailUrl":"https:\/\/litteraturbanken.se\/ljudochbild\/wp-content\/uploads\/2019\/08\/WallinJO_large.jpeg","datePublished":"2019-08-13T14:32:47+00:00","dateModified":"2024-09-17T13:42:31+00:00","breadcrumb":{"@id":"https:\/\/litteraturbanken.se\/ljudochbild\/forfattare\/wallinjo\/#breadcrumb"},"inLanguage":"sv-SE","potentialAction":[{"@type":"ReadAction","target":["https:\/\/litteraturbanken.se\/ljudochbild\/forfattare\/wallinjo\/"]}]},{"@type":"ImageObject","inLanguage":"sv-SE","@id":"https:\/\/litteraturbanken.se\/ljudochbild\/forfattare\/wallinjo\/#primaryimage","url":"https:\/\/litteraturbanken.se\/ljudochbild\/wp-content\/uploads\/2019\/08\/WallinJO_large.jpeg","contentUrl":"https:\/\/litteraturbanken.se\/ljudochbild\/wp-content\/uploads\/2019\/08\/WallinJO_large.jpeg","width":410,"height":550},{"@type":"BreadcrumbList","@id":"https:\/\/litteraturbanken.se\/ljudochbild\/forfattare\/wallinjo\/#breadcrumb","itemListElement":[{"@type":"ListItem","position":1,"name":"Hem","item":"https:\/\/litteraturbanken.se\/ljudochbild\/"},{"@type":"ListItem","position":2,"name":"F\u00f6rfattare","item":"https:\/\/litteraturbanken.se\/ljudochbild\/forfattare\/"},{"@type":"ListItem","position":3,"name":"Johan Olof Wallin (1779\u20131839)"}]},{"@type":"WebSite","@id":"https:\/\/litteraturbanken.se\/ljudochbild\/#website","url":"https:\/\/litteraturbanken.se\/ljudochbild\/","name":"Ljud & Bild","description":"Ur Litteraturbankens samlingar","potentialAction":[{"@type":"SearchAction","target":{"@type":"EntryPoint","urlTemplate":"https:\/\/litteraturbanken.se\/ljudochbild\/?s={search_term_string}"},"query-input":{"@type":"PropertyValueSpecification","valueRequired":true,"valueName":"search_term_string"}}],"inLanguage":"sv-SE"}]}},"_links":{"self":[{"href":"https:\/\/litteraturbanken.se\/ljudochbild\/wp-json\/wp\/v2\/pages\/723","targetHints":{"allow":["GET"]}}],"collection":[{"href":"https:\/\/litteraturbanken.se\/ljudochbild\/wp-json\/wp\/v2\/pages"}],"about":[{"href":"https:\/\/litteraturbanken.se\/ljudochbild\/wp-json\/wp\/v2\/types\/page"}],"author":[{"embeddable":true,"href":"https:\/\/litteraturbanken.se\/ljudochbild\/wp-json\/wp\/v2\/users\/1"}],"replies":[{"embeddable":true,"href":"https:\/\/litteraturbanken.se\/ljudochbild\/wp-json\/wp\/v2\/comments?post=723"}],"version-history":[{"count":6,"href":"https:\/\/litteraturbanken.se\/ljudochbild\/wp-json\/wp\/v2\/pages\/723\/revisions"}],"predecessor-version":[{"id":12284,"href":"https:\/\/litteraturbanken.se\/ljudochbild\/wp-json\/wp\/v2\/pages\/723\/revisions\/12284"}],"up":[{"embeddable":true,"href":"https:\/\/litteraturbanken.se\/ljudochbild\/wp-json\/wp\/v2\/pages\/7"}],"wp:featuredmedia":[{"embeddable":true,"href":"https:\/\/litteraturbanken.se\/ljudochbild\/wp-json\/wp\/v2\/media\/807"}],"wp:attachment":[{"href":"https:\/\/litteraturbanken.se\/ljudochbild\/wp-json\/wp\/v2\/media?parent=723"}],"curies":[{"name":"wp","href":"https:\/\/api.w.org\/{rel}","templated":true}]}}