{"id":7240,"date":"2022-06-27T08:28:33","date_gmt":"2022-06-27T06:28:33","guid":{"rendered":"https:\/\/litteraturbanken.se\/ljudochbild\/?page_id=7240"},"modified":"2024-09-17T09:45:50","modified_gmt":"2024-09-17T07:45:50","slug":"krusenstjernaa","status":"publish","type":"page","link":"https:\/\/litteraturbanken.se\/ljudochbild\/forfattare\/krusenstjernaa\/","title":{"rendered":"Agnes von Krusenstjerna (1894\u20131940)"},"content":{"rendered":"<div class=\"wp-block-image\">\n<figure class=\"alignright size-large is-resized\"><img loading=\"lazy\" decoding=\"async\" width=\"704\" height=\"1024\" src=\"https:\/\/litteraturbanken.se\/ljudochbild\/wp-content\/uploads\/2022\/06\/krusenstjernaa-704x1024.jpg\" alt=\"Agnes von Krusenstjerna\" class=\"wp-image-7245\" style=\"width:178px;height:260px\" srcset=\"https:\/\/litteraturbanken.se\/ljudochbild\/wp-content\/uploads\/2022\/06\/krusenstjernaa-704x1024.jpg 704w, https:\/\/litteraturbanken.se\/ljudochbild\/wp-content\/uploads\/2022\/06\/krusenstjernaa-206x300.jpg 206w, https:\/\/litteraturbanken.se\/ljudochbild\/wp-content\/uploads\/2022\/06\/krusenstjernaa-768x1117.jpg 768w, https:\/\/litteraturbanken.se\/ljudochbild\/wp-content\/uploads\/2022\/06\/krusenstjernaa-1056x1536.jpg 1056w, https:\/\/litteraturbanken.se\/ljudochbild\/wp-content\/uploads\/2022\/06\/krusenstjernaa-480x698.jpg 480w, https:\/\/litteraturbanken.se\/ljudochbild\/wp-content\/uploads\/2022\/06\/krusenstjernaa.jpg 1200w\" sizes=\"auto, (max-width: 704px) 100vw, 704px\" \/><\/figure>\n<\/div>\n\n\n<p>\u201dAgnes von Krusenstjerna var en av den svenska mellankrigstidens mest uppm\u00e4rksammade f\u00f6rfattare. Hennes romaner om kvinnors livsdr\u00f6mmar, relationer, sexualitet och kringskurna villkor v\u00e4ckte b\u00e5de motst\u00e5nd och beundran och gav henne en obestridlig plats i 1900-talets litter\u00e4ra kanon.\u201d<\/p>\n\n\n\n<p>Stycket kommer ur Anna Williams artikel om Agnes von Krusenstjerna i\u00a0<em><a href=\"https:\/\/skbl.se\/sv\/artikel\/AgnesvonKrusenstjerna\" target=\"_blank\" rel=\"noreferrer noopener\">Svenskt kvinnobiografiskt lexikon<\/a><\/em>.<\/p>\n\n\n\n<div class=\"wp-block-buttons is-layout-flex wp-block-buttons-is-layout-flex\">\n<div class=\"wp-block-button has-custom-font-size read-more-button\" style=\"font-size:14px\"><a class=\"wp-block-button__link has-white-color has-text-color has-background wp-element-button\" href=\"https:\/\/skbl.se\/sv\/artikel\/AgnesvonKrusenstjerna\" style=\"border-radius:0px;background-color:#cd2400\" target=\"_blank\" rel=\"noopener\"><strong>L\u00c4S MER OM AGNES VON KRUSENSTJERNA<\/strong><\/a><\/div>\n\n\n\n<div class=\"wp-block-button has-custom-font-size read-more-button\" style=\"font-size:14px\"><a class=\"wp-block-button__link has-white-color has-text-color has-background wp-element-button\" href=\"https:\/\/litteraturbanken.se\/f%C3%B6rfattare\/KrusenstjernaA\/titlar\" style=\"border-radius:0px;background-color:#cd2400\" target=\"_blank\" rel=\"noopener\"><strong>L\u00c4S <strong>AGNES VON KRUSENSTJERNA<\/strong>S VERK HOS LB.SE<\/strong><\/a><\/div>\n<\/div>\n\n\n\n<div style=\"height:30px\" aria-hidden=\"true\" class=\"wp-block-spacer\"><\/div>\n\n\n\n<p>V\u00e5ren 2022 bes\u00f6ktes Litteraturbanken av dramatikern och sk\u00e5despelaren <a href=\"https:\/\/litteraturbanken.se\/ljudochbild\/upplasare\/meidalh\/\" target=\"_blank\" rel=\"noreferrer noopener\">Hannes Meidal<\/a>. F\u00f6r Litteraturbankens r\u00e4kning l\u00e4ste han d\u00e5 in tv\u00e5 noveller av Krusenstjerna: <a href=\"https:\/\/litteraturbanken.se\/f%C3%B6rfattare\/KrusenstjernaA\/titlar\/EnDagdriverskasAnteckningar\/sida\/129\/etext\" target=\"_blank\" rel=\"noreferrer noopener\">\u201dDen stumme skalden\u201d<\/a> och <a href=\"https:\/\/litteraturbanken.se\/f%C3%B6rfattare\/KrusenstjernaA\/titlar\/EnDagdriverskasAnteckningar\/sida\/136\/etext\" target=\"_blank\" rel=\"noreferrer noopener\">\u201dKonstn\u00e4rsl\u00e4ngtan\u201d<\/a>. Lyssna p\u00e5 inl\u00e4sningarna i spelaren nedanf\u00f6r, eller l\u00e4s texterna i v\u00e5rt bibliotek.<\/p>\n\n\n\n<div style=\"height:5px\" aria-hidden=\"true\" class=\"wp-block-spacer\"><\/div>\n\n\n\n<div class=\"wp-playlist wp-audio-playlist wp-playlist-light\">\n\t\t\t<div class=\"wp-playlist-current-item\"><\/div>\n\t\t<audio controls=\"controls\" preload=\"none\" width=\"618\"\n\t\t\t><\/audio>\n\t<div class=\"wp-playlist-next\"><\/div>\n\t<div class=\"wp-playlist-prev\"><\/div>\n\t<noscript>\n\t<ol>\n\t\t<li><a href='https:\/\/litteraturbanken.se\/ljudochbild\/wp-content\/uploads\/2022\/05\/krusenstjerna_denstummeskalden_meidal.mp3'>Den stumme skalden<\/a><\/li><li><a href='https:\/\/litteraturbanken.se\/ljudochbild\/wp-content\/uploads\/2022\/05\/krusenstjerna_konstnarslangtan_meidal.mp3'>Konstn\u00e4rsl\u00e4ngtan<\/a><\/li>\t<\/ol>\n\t<\/noscript>\n\t<script type=\"application\/json\" class=\"wp-playlist-script\">{\"type\":\"audio\",\"tracklist\":true,\"tracknumbers\":true,\"images\":true,\"artists\":true,\"tracks\":[{\"src\":\"https:\/\/litteraturbanken.se\/ljudochbild\/wp-content\/uploads\/2022\/05\/krusenstjerna_denstummeskalden_meidal.mp3\",\"type\":\"audio\/mpeg\",\"title\":\"Den stumme skalden\",\"caption\":\"\",\"description\":\"\\u201dDen stumme skalden\\u201d fr\\u00e5n Agnes von Krusenstjerna av Hannes Meidal l\\u00e4ser Agnes von Krusenstjerna. Sl\\u00e4ppt: 2022.\",\"meta\":{\"artist\":\"Hannes Meidal l\\u00e4ser Agnes von Krusenstjerna\",\"album\":\"Agnes von Krusenstjerna\",\"year\":\"2022\",\"length_formatted\":\"12:01\"},\"image\":{\"src\":\"https:\/\/litteraturbanken.se\/ljudochbild\/wp-content\/uploads\/2019\/09\/wide_gub_wide-mp3-image.png\",\"width\":580,\"height\":612},\"thumb\":{\"src\":\"https:\/\/litteraturbanken.se\/ljudochbild\/wp-content\/uploads\/2019\/09\/wide_gub_wide-mp3-image-150x150.png\",\"width\":150,\"height\":150}},{\"src\":\"https:\/\/litteraturbanken.se\/ljudochbild\/wp-content\/uploads\/2022\/05\/krusenstjerna_konstnarslangtan_meidal.mp3\",\"type\":\"audio\/mpeg\",\"title\":\"Konstn\\u00e4rsl\\u00e4ngtan\",\"caption\":\"\",\"description\":\"\\u201dKonstn\\u00e4rsl\\u00e4ngtan\\u201d fr\\u00e5n Agnes von Krusenstjerna av Hannes Meidal l\\u00e4ser Agnes von Krusenstjerna. Sl\\u00e4ppt: 2022.\",\"meta\":{\"artist\":\"Hannes Meidal l\\u00e4ser Agnes von Krusenstjerna\",\"album\":\"Agnes von Krusenstjerna\",\"year\":\"2022\",\"length_formatted\":\"15:12\"},\"image\":{\"src\":\"https:\/\/litteraturbanken.se\/ljudochbild\/wp-content\/uploads\/2019\/09\/wide_gub_wide-mp3-image.png\",\"width\":580,\"height\":612},\"thumb\":{\"src\":\"https:\/\/litteraturbanken.se\/ljudochbild\/wp-content\/uploads\/2019\/09\/wide_gub_wide-mp3-image-150x150.png\",\"width\":150,\"height\":150}}]}<\/script>\n<\/div>\n\t\n\n\n\n<div style=\"height:10px\" aria-hidden=\"true\" class=\"wp-block-spacer\"><\/div>\n\n\n\n<hr>\n\n\n\n<p><em>Inspelningarna \u00e4r upphovsr\u00e4ttsskyddade. \u2013 Fotografiet av Krusenstjerna, taget av en ok\u00e4nd fotograf, har vi l\u00e5nat av <a href=\"https:\/\/commons.wikimedia.org\/wiki\/Category:Agnes_von_Krusenstjerna#\/media\/File:Agnes_von_Krusenstjerna.jpg\" target=\"_blank\" rel=\"noreferrer noopener\">Wikimedia<\/a>.<\/em><\/p>\n\n\n<h3 class=\"wp-block-heading author-related-title\">L\u00e4s mer<\/h3>\r\n<div class=\"display-posts-listing grid\"><div class=\"listing-item\"><a class=\"image\" href=\"https:\/\/litteraturbanken.se\/ljudochbild\/2022\/02\/27\/boye-saljer-bocker\/\"><img loading=\"lazy\" decoding=\"async\" width=\"600\" height=\"637\" src=\"https:\/\/litteraturbanken.se\/ljudochbild\/wp-content\/uploads\/2022\/02\/boye_narbild_1933.jpg\" class=\"attachment-large size-large wp-post-image\" alt=\"\" srcset=\"https:\/\/litteraturbanken.se\/ljudochbild\/wp-content\/uploads\/2022\/02\/boye_narbild_1933.jpg 600w, https:\/\/litteraturbanken.se\/ljudochbild\/wp-content\/uploads\/2022\/02\/boye_narbild_1933-283x300.jpg 283w, https:\/\/litteraturbanken.se\/ljudochbild\/wp-content\/uploads\/2022\/02\/boye_narbild_1933-480x510.jpg 480w\" sizes=\"auto, (max-width: 600px) 100vw, 600px\" \/><\/a> <a class=\"title\" href=\"https:\/\/litteraturbanken.se\/ljudochbild\/2022\/02\/27\/boye-saljer-bocker\/\">Boye s\u00e4ljer b\u00f6cker<\/a><\/div><div class=\"listing-item\"><a class=\"image\" href=\"https:\/\/litteraturbanken.se\/ljudochbild\/2019\/09\/22\/agnes-von-k\/\"><img loading=\"lazy\" decoding=\"async\" width=\"640\" height=\"657\" src=\"https:\/\/litteraturbanken.se\/ljudochbild\/wp-content\/uploads\/2019\/09\/66071181_10157279893404761_5888300485214994432_o-997x1024.jpg\" class=\"attachment-large size-large wp-post-image\" alt=\"\" srcset=\"https:\/\/litteraturbanken.se\/ljudochbild\/wp-content\/uploads\/2019\/09\/66071181_10157279893404761_5888300485214994432_o-997x1024.jpg 997w, https:\/\/litteraturbanken.se\/ljudochbild\/wp-content\/uploads\/2019\/09\/66071181_10157279893404761_5888300485214994432_o-292x300.jpg 292w, https:\/\/litteraturbanken.se\/ljudochbild\/wp-content\/uploads\/2019\/09\/66071181_10157279893404761_5888300485214994432_o-768x789.jpg 768w, https:\/\/litteraturbanken.se\/ljudochbild\/wp-content\/uploads\/2019\/09\/66071181_10157279893404761_5888300485214994432_o-480x493.jpg 480w, https:\/\/litteraturbanken.se\/ljudochbild\/wp-content\/uploads\/2019\/09\/66071181_10157279893404761_5888300485214994432_o-e1568813270537.jpg 600w\" sizes=\"auto, (max-width: 640px) 100vw, 640px\" \/><\/a> <a class=\"title\" href=\"https:\/\/litteraturbanken.se\/ljudochbild\/2019\/09\/22\/agnes-von-k\/\">Agnes von K.<\/a><\/div><div class=\"listing-item\"><a class=\"image\" href=\"https:\/\/litteraturbanken.se\/ljudochbild\/2022\/09\/26\/verket-porten-vid-johannes\/\"><img loading=\"lazy\" decoding=\"async\" width=\"640\" height=\"640\" src=\"https:\/\/litteraturbanken.se\/ljudochbild\/wp-content\/uploads\/2022\/09\/artworks-Kh8t5tx5hTvU4jiC-RkKGbg-original-1024x1024.jpg\" class=\"attachment-large size-large wp-post-image\" alt=\"Porten vid Johannes\" srcset=\"https:\/\/litteraturbanken.se\/ljudochbild\/wp-content\/uploads\/2022\/09\/artworks-Kh8t5tx5hTvU4jiC-RkKGbg-original-1024x1024.jpg 1024w, https:\/\/litteraturbanken.se\/ljudochbild\/wp-content\/uploads\/2022\/09\/artworks-Kh8t5tx5hTvU4jiC-RkKGbg-original-300x300.jpg 300w, https:\/\/litteraturbanken.se\/ljudochbild\/wp-content\/uploads\/2022\/09\/artworks-Kh8t5tx5hTvU4jiC-RkKGbg-original-150x150.jpg 150w, https:\/\/litteraturbanken.se\/ljudochbild\/wp-content\/uploads\/2022\/09\/artworks-Kh8t5tx5hTvU4jiC-RkKGbg-original-768x768.jpg 768w, https:\/\/litteraturbanken.se\/ljudochbild\/wp-content\/uploads\/2022\/09\/artworks-Kh8t5tx5hTvU4jiC-RkKGbg-original-1536x1536.jpg 1536w, https:\/\/litteraturbanken.se\/ljudochbild\/wp-content\/uploads\/2022\/09\/artworks-Kh8t5tx5hTvU4jiC-RkKGbg-original-480x480.jpg 480w, https:\/\/litteraturbanken.se\/ljudochbild\/wp-content\/uploads\/2022\/09\/artworks-Kh8t5tx5hTvU4jiC-RkKGbg-original.jpg 1618w\" sizes=\"auto, (max-width: 640px) 100vw, 640px\" \/><\/a> <a class=\"title\" href=\"https:\/\/litteraturbanken.se\/ljudochbild\/2022\/09\/26\/verket-porten-vid-johannes\/\">Verket: Porten vid Johannes<\/a><\/div><\/div>\r\n\r\n\n","protected":false},"excerpt":{"rendered":"<p>\u201dAgnes von Krusenstjerna var en av den svenska mellankrigstidens mest uppm\u00e4rksammade f\u00f6rfattare. Hennes romaner om kvinnors livsdr\u00f6mmar, relationer, sexualitet och kringskurna villkor v\u00e4ckte b\u00e5de motst\u00e5nd och beundran och gav henne en obestridlig plats i 1900-talets litter\u00e4ra kanon.\u201d Stycket [&hellip;]<\/p>\n","protected":false},"author":5,"featured_media":7245,"parent":7,"menu_order":0,"comment_status":"closed","ping_status":"closed","template":"","meta":{"footnotes":""},"class_list":["post-7240","page","type-page","status-publish","has-post-thumbnail","hentry"],"yoast_head":"<!-- This site is optimized with the Yoast SEO plugin v27.1.1 - https:\/\/yoast.com\/product\/yoast-seo-wordpress\/ -->\n<title>Agnes von Krusenstjerna (1894\u20131940) - Ljud &amp; Bild<\/title>\n<meta name=\"description\" content=\"Agnes von Krusenstjerna var en av den svenska mellankrigstidens mest uppm\u00e4rksammade f\u00f6rfattare. Hennes romaner om kvinnors livsdr\u00f6mmar ...\" \/>\n<meta name=\"robots\" content=\"index, follow, max-snippet:-1, max-image-preview:large, max-video-preview:-1\" \/>\n<link rel=\"canonical\" href=\"https:\/\/litteraturbanken.se\/ljudochbild\/forfattare\/krusenstjernaa\/\" \/>\n<meta property=\"og:locale\" content=\"sv_SE\" \/>\n<meta property=\"og:type\" content=\"article\" \/>\n<meta property=\"og:title\" content=\"Agnes von Krusenstjerna (1894\u20131940) - Ljud &amp; Bild\" \/>\n<meta property=\"og:description\" content=\"Agnes von Krusenstjerna var en av den svenska mellankrigstidens mest uppm\u00e4rksammade f\u00f6rfattare. Hennes romaner om kvinnors livsdr\u00f6mmar ...\" \/>\n<meta property=\"og:url\" content=\"https:\/\/litteraturbanken.se\/ljudochbild\/forfattare\/krusenstjernaa\/\" \/>\n<meta property=\"og:site_name\" content=\"Ljud &amp; Bild\" \/>\n<meta property=\"article:publisher\" content=\"https:\/\/www.facebook.com\/Litteraturbanken.se\" \/>\n<meta property=\"article:modified_time\" content=\"2024-09-17T07:45:50+00:00\" \/>\n<meta property=\"og:image\" content=\"https:\/\/litteraturbanken.se\/ljudochbild\/wp-content\/uploads\/2022\/06\/krusenstjernaa.jpg\" \/>\n\t<meta property=\"og:image:width\" content=\"1200\" \/>\n\t<meta property=\"og:image:height\" content=\"1745\" \/>\n\t<meta property=\"og:image:type\" content=\"image\/jpeg\" \/>\n<meta name=\"twitter:card\" content=\"summary_large_image\" \/>\n<meta name=\"twitter:site\" content=\"@litteraturbank\" \/>\n<meta name=\"twitter:label1\" content=\"Ber\u00e4knad l\u00e4stid\" \/>\n\t<meta name=\"twitter:data1\" content=\"2 minuter\" \/>\n<script type=\"application\/ld+json\" class=\"yoast-schema-graph\">{\"@context\":\"https:\/\/schema.org\",\"@graph\":[{\"@type\":\"WebPage\",\"@id\":\"https:\/\/litteraturbanken.se\/ljudochbild\/forfattare\/krusenstjernaa\/\",\"url\":\"https:\/\/litteraturbanken.se\/ljudochbild\/forfattare\/krusenstjernaa\/\",\"name\":\"Agnes von Krusenstjerna (1894\u20131940) - Ljud &amp; Bild\",\"isPartOf\":{\"@id\":\"https:\/\/litteraturbanken.se\/ljudochbild\/#website\"},\"primaryImageOfPage\":{\"@id\":\"https:\/\/litteraturbanken.se\/ljudochbild\/forfattare\/krusenstjernaa\/#primaryimage\"},\"image\":{\"@id\":\"https:\/\/litteraturbanken.se\/ljudochbild\/forfattare\/krusenstjernaa\/#primaryimage\"},\"thumbnailUrl\":\"https:\/\/litteraturbanken.se\/ljudochbild\/wp-content\/uploads\/2022\/06\/krusenstjernaa.jpg\",\"datePublished\":\"2022-06-27T06:28:33+00:00\",\"dateModified\":\"2024-09-17T07:45:50+00:00\",\"description\":\"Agnes von Krusenstjerna var en av den svenska mellankrigstidens mest uppm\u00e4rksammade f\u00f6rfattare. Hennes romaner om kvinnors livsdr\u00f6mmar ...\",\"breadcrumb\":{\"@id\":\"https:\/\/litteraturbanken.se\/ljudochbild\/forfattare\/krusenstjernaa\/#breadcrumb\"},\"inLanguage\":\"sv-SE\",\"potentialAction\":[{\"@type\":\"ReadAction\",\"target\":[\"https:\/\/litteraturbanken.se\/ljudochbild\/forfattare\/krusenstjernaa\/\"]}]},{\"@type\":\"ImageObject\",\"inLanguage\":\"sv-SE\",\"@id\":\"https:\/\/litteraturbanken.se\/ljudochbild\/forfattare\/krusenstjernaa\/#primaryimage\",\"url\":\"https:\/\/litteraturbanken.se\/ljudochbild\/wp-content\/uploads\/2022\/06\/krusenstjernaa.jpg\",\"contentUrl\":\"https:\/\/litteraturbanken.se\/ljudochbild\/wp-content\/uploads\/2022\/06\/krusenstjernaa.jpg\",\"width\":1200,\"height\":1745,\"caption\":\"Agnes von Krusenstjerna\"},{\"@type\":\"BreadcrumbList\",\"@id\":\"https:\/\/litteraturbanken.se\/ljudochbild\/forfattare\/krusenstjernaa\/#breadcrumb\",\"itemListElement\":[{\"@type\":\"ListItem\",\"position\":1,\"name\":\"Hem\",\"item\":\"https:\/\/litteraturbanken.se\/ljudochbild\/\"},{\"@type\":\"ListItem\",\"position\":2,\"name\":\"F\u00f6rfattare\",\"item\":\"https:\/\/litteraturbanken.se\/ljudochbild\/forfattare\/\"},{\"@type\":\"ListItem\",\"position\":3,\"name\":\"Agnes von Krusenstjerna (1894\u20131940)\"}]},{\"@type\":\"WebSite\",\"@id\":\"https:\/\/litteraturbanken.se\/ljudochbild\/#website\",\"url\":\"https:\/\/litteraturbanken.se\/ljudochbild\/\",\"name\":\"Ljud & Bild\",\"description\":\"Ur Litteraturbankens samlingar\",\"potentialAction\":[{\"@type\":\"SearchAction\",\"target\":{\"@type\":\"EntryPoint\",\"urlTemplate\":\"https:\/\/litteraturbanken.se\/ljudochbild\/?s={search_term_string}\"},\"query-input\":{\"@type\":\"PropertyValueSpecification\",\"valueRequired\":true,\"valueName\":\"search_term_string\"}}],\"inLanguage\":\"sv-SE\"}]}<\/script>\n<!-- \/ Yoast SEO plugin. -->","yoast_head_json":{"title":"Agnes von Krusenstjerna (1894\u20131940) - Ljud &amp; Bild","description":"Agnes von Krusenstjerna var en av den svenska mellankrigstidens mest uppm\u00e4rksammade f\u00f6rfattare. Hennes romaner om kvinnors livsdr\u00f6mmar ...","robots":{"index":"index","follow":"follow","max-snippet":"max-snippet:-1","max-image-preview":"max-image-preview:large","max-video-preview":"max-video-preview:-1"},"canonical":"https:\/\/litteraturbanken.se\/ljudochbild\/forfattare\/krusenstjernaa\/","og_locale":"sv_SE","og_type":"article","og_title":"Agnes von Krusenstjerna (1894\u20131940) - Ljud &amp; Bild","og_description":"Agnes von Krusenstjerna var en av den svenska mellankrigstidens mest uppm\u00e4rksammade f\u00f6rfattare. Hennes romaner om kvinnors livsdr\u00f6mmar ...","og_url":"https:\/\/litteraturbanken.se\/ljudochbild\/forfattare\/krusenstjernaa\/","og_site_name":"Ljud &amp; Bild","article_publisher":"https:\/\/www.facebook.com\/Litteraturbanken.se","article_modified_time":"2024-09-17T07:45:50+00:00","og_image":[{"width":1200,"height":1745,"url":"https:\/\/litteraturbanken.se\/ljudochbild\/wp-content\/uploads\/2022\/06\/krusenstjernaa.jpg","type":"image\/jpeg"}],"twitter_card":"summary_large_image","twitter_site":"@litteraturbank","twitter_misc":{"Ber\u00e4knad l\u00e4stid":"2 minuter"},"schema":{"@context":"https:\/\/schema.org","@graph":[{"@type":"WebPage","@id":"https:\/\/litteraturbanken.se\/ljudochbild\/forfattare\/krusenstjernaa\/","url":"https:\/\/litteraturbanken.se\/ljudochbild\/forfattare\/krusenstjernaa\/","name":"Agnes von Krusenstjerna (1894\u20131940) - Ljud &amp; Bild","isPartOf":{"@id":"https:\/\/litteraturbanken.se\/ljudochbild\/#website"},"primaryImageOfPage":{"@id":"https:\/\/litteraturbanken.se\/ljudochbild\/forfattare\/krusenstjernaa\/#primaryimage"},"image":{"@id":"https:\/\/litteraturbanken.se\/ljudochbild\/forfattare\/krusenstjernaa\/#primaryimage"},"thumbnailUrl":"https:\/\/litteraturbanken.se\/ljudochbild\/wp-content\/uploads\/2022\/06\/krusenstjernaa.jpg","datePublished":"2022-06-27T06:28:33+00:00","dateModified":"2024-09-17T07:45:50+00:00","description":"Agnes von Krusenstjerna var en av den svenska mellankrigstidens mest uppm\u00e4rksammade f\u00f6rfattare. Hennes romaner om kvinnors livsdr\u00f6mmar ...","breadcrumb":{"@id":"https:\/\/litteraturbanken.se\/ljudochbild\/forfattare\/krusenstjernaa\/#breadcrumb"},"inLanguage":"sv-SE","potentialAction":[{"@type":"ReadAction","target":["https:\/\/litteraturbanken.se\/ljudochbild\/forfattare\/krusenstjernaa\/"]}]},{"@type":"ImageObject","inLanguage":"sv-SE","@id":"https:\/\/litteraturbanken.se\/ljudochbild\/forfattare\/krusenstjernaa\/#primaryimage","url":"https:\/\/litteraturbanken.se\/ljudochbild\/wp-content\/uploads\/2022\/06\/krusenstjernaa.jpg","contentUrl":"https:\/\/litteraturbanken.se\/ljudochbild\/wp-content\/uploads\/2022\/06\/krusenstjernaa.jpg","width":1200,"height":1745,"caption":"Agnes von Krusenstjerna"},{"@type":"BreadcrumbList","@id":"https:\/\/litteraturbanken.se\/ljudochbild\/forfattare\/krusenstjernaa\/#breadcrumb","itemListElement":[{"@type":"ListItem","position":1,"name":"Hem","item":"https:\/\/litteraturbanken.se\/ljudochbild\/"},{"@type":"ListItem","position":2,"name":"F\u00f6rfattare","item":"https:\/\/litteraturbanken.se\/ljudochbild\/forfattare\/"},{"@type":"ListItem","position":3,"name":"Agnes von Krusenstjerna (1894\u20131940)"}]},{"@type":"WebSite","@id":"https:\/\/litteraturbanken.se\/ljudochbild\/#website","url":"https:\/\/litteraturbanken.se\/ljudochbild\/","name":"Ljud & Bild","description":"Ur Litteraturbankens samlingar","potentialAction":[{"@type":"SearchAction","target":{"@type":"EntryPoint","urlTemplate":"https:\/\/litteraturbanken.se\/ljudochbild\/?s={search_term_string}"},"query-input":{"@type":"PropertyValueSpecification","valueRequired":true,"valueName":"search_term_string"}}],"inLanguage":"sv-SE"}]}},"_links":{"self":[{"href":"https:\/\/litteraturbanken.se\/ljudochbild\/wp-json\/wp\/v2\/pages\/7240","targetHints":{"allow":["GET"]}}],"collection":[{"href":"https:\/\/litteraturbanken.se\/ljudochbild\/wp-json\/wp\/v2\/pages"}],"about":[{"href":"https:\/\/litteraturbanken.se\/ljudochbild\/wp-json\/wp\/v2\/types\/page"}],"author":[{"embeddable":true,"href":"https:\/\/litteraturbanken.se\/ljudochbild\/wp-json\/wp\/v2\/users\/5"}],"replies":[{"embeddable":true,"href":"https:\/\/litteraturbanken.se\/ljudochbild\/wp-json\/wp\/v2\/comments?post=7240"}],"version-history":[{"count":19,"href":"https:\/\/litteraturbanken.se\/ljudochbild\/wp-json\/wp\/v2\/pages\/7240\/revisions"}],"predecessor-version":[{"id":12137,"href":"https:\/\/litteraturbanken.se\/ljudochbild\/wp-json\/wp\/v2\/pages\/7240\/revisions\/12137"}],"up":[{"embeddable":true,"href":"https:\/\/litteraturbanken.se\/ljudochbild\/wp-json\/wp\/v2\/pages\/7"}],"wp:featuredmedia":[{"embeddable":true,"href":"https:\/\/litteraturbanken.se\/ljudochbild\/wp-json\/wp\/v2\/media\/7245"}],"wp:attachment":[{"href":"https:\/\/litteraturbanken.se\/ljudochbild\/wp-json\/wp\/v2\/media?parent=7240"}],"curies":[{"name":"wp","href":"https:\/\/api.w.org\/{rel}","templated":true}]}}